{"id":5400,"date":"2025-03-15T06:42:30","date_gmt":"2025-03-15T06:42:30","guid":{"rendered":"https:\/\/vapingnet.de\/?post_type=product&#038;p=5400"},"modified":"2026-04-14T06:41:05","modified_gmt":"2026-04-14T06:41:05","slug":"die-zukunft-des-dampfens-nexa-ultra-50k-mit-3d-display","status":"publish","type":"product","link":"https:\/\/vapingnet.de\/pl\/vape\/die-zukunft-des-dampfens-nexa-ultra-50k-mit-3d-display\/","title":{"rendered":"Przysz\u0142o\u015b\u0107 parowania NEXA Ultra 50K z 3D-Dis..."},"content":{"rendered":"<h2 data-start=\"0\" data-end=\"42\">NEXA Ultra 50K Puff Jednorazowa E-papieros<\/h2>\n<p data-start=\"85\" data-end=\"427\">NEXA Ultra 50K Puff <a href=\"https:\/\/vapingnet.de\/pl\/k\/einweg-e-zigarette\/\" target=\"_blank\" rel=\"noopener\"><strong>Jednorazowa e-papieros<\/strong><\/a> oferuje imponuj\u0105c\u0105 wydajno\u015b\u0107 z 50 000 poci\u0105gni\u0119ciami i przezroczystym zbiornikiem na p\u0142yn o pojemno\u015bci 20 ml. Wyposa\u017cona jest w akumulator o pojemno\u015bci 800 mAh, kt\u00f3ry mo\u017cna szybko na\u0142adowa\u0107 przez USB-C, i obs\u0142uguje tryb normalny oraz turbo, aby sprosta\u0107 r\u00f3\u017cnym potrzebom.<\/p>\n<h4 data-start=\"429\" data-end=\"452\">Najwa\u017cniejsze cechy produktu:<\/h4>\n<ul data-start=\"454\" data-end=\"985\">\n<li data-start=\"454\" data-end=\"514\">50 000 poci\u0105gni\u0119\u0107: ciesz si\u0119 czystym smakiem przez d\u0142ugi czas.<\/li>\n<li data-start=\"515\" data-end=\"631\">Podw\u00f3jny wyb\u00f3r trybu: tryb normalny z 50 tys. poci\u0105gni\u0119\u0107, tryb turbo z 30 tys. poci\u0105gni\u0119\u0107 \u2013 dla r\u00f3\u017cnych wymaga\u0144.<\/li>\n<li data-start=\"632\" data-end=\"731\">Szybkie \u0142adowanie: port USB-C do szybkiego \u0142adowania i lepszego do\u015bwiadczenia u\u017cytkownika.<\/li>\n<li data-start=\"732\" data-end=\"882\">Przezroczysty zbiornik na p\u0142yn: pojemno\u015b\u0107 20 ml, przezroczysty design, umo\u017cliwiaj\u0105cy sta\u0142e sprawdzanie poziomu p\u0142ynu.<\/li>\n<li data-start=\"883\" data-end=\"985\">15 smak\u00f3w: 15 r\u00f3\u017cnych aromat\u00f3w, obejmuj\u0105cych szeroki zakres preferencji.<\/li>\n<\/ul>\n<h3 data-start=\"987\" data-end=\"1006\">Szczeg\u00f3\u0142y produktu:<\/h3>\n<div class=\"overflow-x-auto contain-inline-size\">\n<table data-start=\"1008\" data-end=\"1726\">\n<thead data-start=\"1008\" data-end=\"1079\">\n<tr data-start=\"1008\" data-end=\"1079\">\n<th data-start=\"1008\" data-end=\"1031\">W\u0142a\u015bciwo\u015b\u0107<\/th>\n<th data-start=\"1031\" data-end=\"1079\">Szczeg\u00f3\u0142y<\/th>\n<\/tr>\n<\/thead>\n<tbody data-start=\"1151\" data-end=\"1726\">\n<tr data-start=\"1151\" data-end=\"1222\">\n<td>Zawarto\u015b\u0107 nikotyny<\/td>\n<td>5%<\/td>\n<\/tr>\n<tr data-start=\"1223\" data-end=\"1294\">\n<td>Pojemno\u015b\u0107 liquidu<\/td>\n<td>20 ml (przezroczysty design)<\/td>\n<\/tr>\n<tr data-start=\"1295\" data-end=\"1366\">\n<td>Pojemno\u015b\u0107 baterii<\/td>\n<td>800 mAh<\/td>\n<\/tr>\n<tr data-start=\"1367\" data-end=\"1438\">\n<td>Gniazdo \u0142adowania<\/td>\n<td>USB-C (szybkie \u0142adowanie)<\/td>\n<\/tr>\n<tr data-start=\"1439\" data-end=\"1510\">\n<td>Tryby pracy<\/td>\n<td>Tryb normalny 50K, tryb turbo 30K<\/td>\n<\/tr>\n<tr data-start=\"1511\" data-end=\"1582\">\n<td>Wy\u015bwietlacz<\/td>\n<td>Wy\u015bwietlacz 3D zakrzywiony<\/td>\n<\/tr>\n<tr data-start=\"1583\" data-end=\"1654\">\n<td>Aktywacja<\/td>\n<td>Aktywacja poci\u0105gni\u0119ciem<\/td>\n<\/tr>\n<tr data-start=\"1655\" data-end=\"1726\">\n<td>Jednostka pakowania<\/td>\n<td>5 sztuk \/ opakowanie<\/td>\n<\/tr>\n<\/tbody>\n<\/table>\n<\/div>\n<h4 data-start=\"1728\" data-end=\"1768\">15 wybranych smak\u00f3w:<\/h4>\n<ol data-start=\"1770\" data-end=\"2056\">\n<li data-start=\"1770\" data-end=\"1780\">B-Pop<\/li>\n<li data-start=\"1781\" data-end=\"1798\">Jagodowe lody<\/li>\n<li data-start=\"1799\" data-end=\"1825\">Jagodowa arbuz<\/li>\n<li data-start=\"1826\" data-end=\"1842\">Cherry Bomb<\/li>\n<li data-start=\"1843\" data-end=\"1857\">Ch\u0142odna Mi\u0119ta<\/li>\n<li data-start=\"1858\" data-end=\"1874\">Fcuking Fab<\/li>\n<li data-start=\"1875\" data-end=\"1897\">Georgia Peach Ice<\/li>\n<li data-start=\"1898\" data-end=\"1914\">Mango Oasis<\/li>\n<li data-start=\"1915\" data-end=\"1930\">Miami Mint<\/li>\n<li data-start=\"1931\" data-end=\"1951\">Sour Apple Ice<\/li>\n<li data-start=\"1952\" data-end=\"1975\">Truskawka Banan<\/li>\n<li data-start=\"1976\" data-end=\"1996\">Truskawkowy L\u00f3d<\/li>\n<li data-start=\"1997\" data-end=\"2015\">Triple Berry<\/li>\n<li data-start=\"2016\" data-end=\"2036\">Watermelon Ice<\/li>\n<li data-start=\"2037\" data-end=\"2056\">White Gummy Ice<\/li>\n<\/ol>\n<h4 data-start=\"2058\" data-end=\"2078\">Zalety produktu:<\/h4>\n<ul data-start=\"2080\" data-end=\"2271\">\n<li data-start=\"2080\" data-end=\"2158\">Brak op\u0142aty celnej: przy zakupie nie naliczaj\u0105 si\u0119 dodatkowe op\u0142aty celne.<\/li>\n<li data-start=\"2159\" data-end=\"2271\">Szybka wysy\u0142ka: dostawa w ci\u0105gu 7-15 dni roboczych, aby\u015b m\u00f3g\u0142 szybko cieszy\u0107 si\u0119 produktem.<\/li>\n<\/ul>\n<h4 data-start=\"2273\" data-end=\"2290\">Kup teraz:<\/h4>\n<p data-start=\"2292\" data-end=\"2627\" data-is-last-node=\"\" data-is-only-node=\"\">NEXA Ultra 50K Puff Jednorazowa E-papieros oferuje mocne osi\u0105gi i szeroki wyb\u00f3r smak\u00f3w, kt\u00f3re zaspokoj\u0105 r\u00f3\u017cne potrzeby u\u017cytkownik\u00f3w. Odwied\u017a <a href=\"https:\/\/vapingnet.de\/pl\/\" target=\"_blank\" rel=\"noopener\"><strong>vapingnet.de<\/strong><\/a> dla szybkiej dostawy, bezc\u0142owych zakup\u00f3w i natychmiastowego korzystania z d\u0142ugiej \u017cywotno\u015bci i praktycznych funkcji.<\/p>","protected":false},"excerpt":{"rendered":"<p>NEXA Ultra 50K Puff Einweg E-Zigarette Die NEXA Ultra 50K Puff Einweg E-Zigarette bietet mit 50.000 Z\u00fcgen und einem 20 ml gro\u00dfen transparenten Liquid-Tank eine&#8230;<\/p>","protected":false},"featured_media":5431,"template":"","meta":[],"etheme_brands":[],"product_brand":[],"product_cat":[67,49,61],"product_tag":[],"class_list":{"0":"post-5400","1":"product","2":"type-product","3":"status-publish","4":"has-post-thumbnail","6":"product_cat-50k-vape","7":"product_cat-einweg-e-zigarette","8":"product_cat-f","10":"first","11":"outofstock","12":"shipping-taxable","13":"purchasable","14":"product-type-variable"},"yoast_head":"<!-- This site is optimized with the Yoast SEO plugin v26.5 - https:\/\/yoast.com\/wordpress\/plugins\/seo\/ -->\n<title>Die Zukunft des Dampfens NEXA Ultra 50K mit 3D-Display | Vapingnet.de<\/title>\n<meta name=\"description\" content=\"Wir verkaufen Die Zukunft des Dampfens NEXA Ultra 50K mit 3D-Display , \u2713 Hohe Puffs-Zahl \u2713 Einfach zu verwenden \u2713 Vielseitige Aromen \u2713\u27a4 Jetzt kaufen!\" \/>\n<meta name=\"robots\" content=\"index, follow, max-snippet:-1, max-image-preview:large, max-video-preview:-1\" \/>\n<link rel=\"canonical\" href=\"https:\/\/vapingnet.de\/pl\/vape\/die-zukunft-des-dampfens-nexa-ultra-50k-mit-3d-display\/\" \/>\n<meta property=\"og:locale\" content=\"pl_PL\" \/>\n<meta property=\"og:type\" content=\"article\" \/>\n<meta property=\"og:title\" content=\"Die Zukunft des Dampfens NEXA Ultra 50K mit 3D-Display | Vapingnet.de\" \/>\n<meta property=\"og:description\" content=\"Wir verkaufen Die Zukunft des Dampfens NEXA Ultra 50K mit 3D-Display , \u2713 Hohe Puffs-Zahl \u2713 Einfach zu verwenden \u2713 Vielseitige Aromen \u2713\u27a4 Jetzt kaufen!\" \/>\n<meta property=\"og:url\" content=\"https:\/\/vapingnet.de\/pl\/vape\/die-zukunft-des-dampfens-nexa-ultra-50k-mit-3d-display\/\" \/>\n<meta property=\"og:site_name\" content=\"Vapingnet.de\" \/>\n<meta property=\"article:publisher\" content=\"https:\/\/www.facebook.com\/vapingnetde\/\" \/>\n<meta property=\"article:modified_time\" content=\"2026-04-14T06:41:05+00:00\" \/>\n<meta property=\"og:image\" content=\"https:\/\/vapingnet.de\/wp-content\/uploads\/2025\/03\/NEXA50K.png\" \/>\n\t<meta property=\"og:image:width\" content=\"1000\" \/>\n\t<meta property=\"og:image:height\" content=\"1000\" \/>\n\t<meta property=\"og:image:type\" content=\"image\/png\" \/>\n<meta name=\"twitter:card\" content=\"summary_large_image\" \/>\n<meta name=\"twitter:label1\" content=\"Est. reading time\" \/>\n\t<meta name=\"twitter:data1\" content=\"2 minutes\" \/>\n<script type=\"application\/ld+json\" class=\"yoast-schema-graph\">{\"@context\":\"https:\/\/schema.org\",\"@graph\":[{\"@type\":\"WebPage\",\"@id\":\"https:\/\/vapingnet.de\/vape\/die-zukunft-des-dampfens-nexa-ultra-50k-mit-3d-display\/\",\"url\":\"https:\/\/vapingnet.de\/vape\/die-zukunft-des-dampfens-nexa-ultra-50k-mit-3d-display\/\",\"name\":\"Die Zukunft des Dampfens NEXA Ultra 50K mit 3D-Display | Vapingnet.de\",\"isPartOf\":{\"@id\":\"https:\/\/vapingnet.de\/#website\"},\"primaryImageOfPage\":{\"@id\":\"https:\/\/vapingnet.de\/vape\/die-zukunft-des-dampfens-nexa-ultra-50k-mit-3d-display\/#primaryimage\"},\"image\":{\"@id\":\"https:\/\/vapingnet.de\/vape\/die-zukunft-des-dampfens-nexa-ultra-50k-mit-3d-display\/#primaryimage\"},\"thumbnailUrl\":\"https:\/\/vapingnet.de\/wp-content\/uploads\/2025\/03\/NEXA50K.png\",\"datePublished\":\"2025-03-15T06:42:30+00:00\",\"dateModified\":\"2026-04-14T06:41:05+00:00\",\"description\":\"Wir verkaufen Die Zukunft des Dampfens NEXA Ultra 50K mit 3D-Display , \u2713 Hohe Puffs-Zahl \u2713 Einfach zu verwenden \u2713 Vielseitige Aromen \u2713\u27a4 Jetzt kaufen!\",\"breadcrumb\":{\"@id\":\"https:\/\/vapingnet.de\/vape\/die-zukunft-des-dampfens-nexa-ultra-50k-mit-3d-display\/#breadcrumb\"},\"inLanguage\":\"pl-PL\",\"potentialAction\":[{\"@type\":\"ReadAction\",\"target\":[\"https:\/\/vapingnet.de\/vape\/die-zukunft-des-dampfens-nexa-ultra-50k-mit-3d-display\/\"]}]},{\"@type\":\"ImageObject\",\"inLanguage\":\"pl-PL\",\"@id\":\"https:\/\/vapingnet.de\/vape\/die-zukunft-des-dampfens-nexa-ultra-50k-mit-3d-display\/#primaryimage\",\"url\":\"https:\/\/vapingnet.de\/wp-content\/uploads\/2025\/03\/NEXA50K.png\",\"contentUrl\":\"https:\/\/vapingnet.de\/wp-content\/uploads\/2025\/03\/NEXA50K.png\",\"width\":1000,\"height\":1000,\"caption\":\"NEXA50K\"},{\"@type\":\"BreadcrumbList\",\"@id\":\"https:\/\/vapingnet.de\/vape\/die-zukunft-des-dampfens-nexa-ultra-50k-mit-3d-display\/#breadcrumb\",\"itemListElement\":[{\"@type\":\"ListItem\",\"position\":1,\"name\":\"Home\",\"item\":\"https:\/\/vapingnet.de\/\"},{\"@type\":\"ListItem\",\"position\":2,\"name\":\"Shop\",\"item\":\"https:\/\/vapingnet.de\/vape\/\"},{\"@type\":\"ListItem\",\"position\":3,\"name\":\"Die Zukunft des Dampfens NEXA Ultra 50K mit 3D-Display\"}]},{\"@type\":\"WebSite\",\"@id\":\"https:\/\/vapingnet.de\/#website\",\"url\":\"https:\/\/vapingnet.de\/\",\"name\":\"Vapingnet.de\",\"description\":\"\",\"publisher\":{\"@id\":\"https:\/\/vapingnet.de\/#organization\"},\"potentialAction\":[{\"@type\":\"SearchAction\",\"target\":{\"@type\":\"EntryPoint\",\"urlTemplate\":\"https:\/\/vapingnet.de\/?s={search_term_string}\"},\"query-input\":{\"@type\":\"PropertyValueSpecification\",\"valueRequired\":true,\"valueName\":\"search_term_string\"}}],\"inLanguage\":\"pl-PL\"},{\"@type\":\"Organization\",\"@id\":\"https:\/\/vapingnet.de\/#organization\",\"name\":\"Vapingnet.de\",\"url\":\"https:\/\/vapingnet.de\/\",\"logo\":{\"@type\":\"ImageObject\",\"inLanguage\":\"pl-PL\",\"@id\":\"https:\/\/vapingnet.de\/#\/schema\/logo\/image\/\",\"url\":\"https:\/\/vapingnet.de\/wp-content\/uploads\/2025\/03\/cropped-vapingnet.de_.jpg\",\"contentUrl\":\"https:\/\/vapingnet.de\/wp-content\/uploads\/2025\/03\/cropped-vapingnet.de_.jpg\",\"width\":512,\"height\":512,\"caption\":\"Vapingnet.de\"},\"image\":{\"@id\":\"https:\/\/vapingnet.de\/#\/schema\/logo\/image\/\"},\"sameAs\":[\"https:\/\/www.facebook.com\/vapingnetde\/\"]}]}<\/script>\n<!-- \/ Yoast SEO plugin. -->","yoast_head_json":{"title":"Die Zukunft des Dampfens NEXA Ultra 50K mit 3D-Display | Vapingnet.de","description":"Wir verkaufen Die Zukunft des Dampfens NEXA Ultra 50K mit 3D-Display , \u2713 Hohe Puffs-Zahl \u2713 Einfach zu verwenden \u2713 Vielseitige Aromen \u2713\u27a4 Jetzt kaufen!","robots":{"index":"index","follow":"follow","max-snippet":"max-snippet:-1","max-image-preview":"max-image-preview:large","max-video-preview":"max-video-preview:-1"},"canonical":"https:\/\/vapingnet.de\/pl\/vape\/die-zukunft-des-dampfens-nexa-ultra-50k-mit-3d-display\/","og_locale":"pl_PL","og_type":"article","og_title":"Die Zukunft des Dampfens NEXA Ultra 50K mit 3D-Display | Vapingnet.de","og_description":"Wir verkaufen Die Zukunft des Dampfens NEXA Ultra 50K mit 3D-Display , \u2713 Hohe Puffs-Zahl \u2713 Einfach zu verwenden \u2713 Vielseitige Aromen \u2713\u27a4 Jetzt kaufen!","og_url":"https:\/\/vapingnet.de\/pl\/vape\/die-zukunft-des-dampfens-nexa-ultra-50k-mit-3d-display\/","og_site_name":"Vapingnet.de","article_publisher":"https:\/\/www.facebook.com\/vapingnetde\/","article_modified_time":"2026-04-14T06:41:05+00:00","og_image":[{"width":1000,"height":1000,"url":"https:\/\/vapingnet.de\/wp-content\/uploads\/2025\/03\/NEXA50K.png","type":"image\/png"}],"twitter_card":"summary_large_image","twitter_misc":{"Est. reading time":"2 minutes"},"schema":{"@context":"https:\/\/schema.org","@graph":[{"@type":"WebPage","@id":"https:\/\/vapingnet.de\/vape\/die-zukunft-des-dampfens-nexa-ultra-50k-mit-3d-display\/","url":"https:\/\/vapingnet.de\/vape\/die-zukunft-des-dampfens-nexa-ultra-50k-mit-3d-display\/","name":"Die Zukunft des Dampfens NEXA Ultra 50K mit 3D-Display | Vapingnet.de","isPartOf":{"@id":"https:\/\/vapingnet.de\/#website"},"primaryImageOfPage":{"@id":"https:\/\/vapingnet.de\/vape\/die-zukunft-des-dampfens-nexa-ultra-50k-mit-3d-display\/#primaryimage"},"image":{"@id":"https:\/\/vapingnet.de\/vape\/die-zukunft-des-dampfens-nexa-ultra-50k-mit-3d-display\/#primaryimage"},"thumbnailUrl":"https:\/\/vapingnet.de\/wp-content\/uploads\/2025\/03\/NEXA50K.png","datePublished":"2025-03-15T06:42:30+00:00","dateModified":"2026-04-14T06:41:05+00:00","description":"Wir verkaufen Die Zukunft des Dampfens NEXA Ultra 50K mit 3D-Display , \u2713 Hohe Puffs-Zahl \u2713 Einfach zu verwenden \u2713 Vielseitige Aromen \u2713\u27a4 Jetzt kaufen!","breadcrumb":{"@id":"https:\/\/vapingnet.de\/vape\/die-zukunft-des-dampfens-nexa-ultra-50k-mit-3d-display\/#breadcrumb"},"inLanguage":"pl-PL","potentialAction":[{"@type":"ReadAction","target":["https:\/\/vapingnet.de\/vape\/die-zukunft-des-dampfens-nexa-ultra-50k-mit-3d-display\/"]}]},{"@type":"ImageObject","inLanguage":"pl-PL","@id":"https:\/\/vapingnet.de\/vape\/die-zukunft-des-dampfens-nexa-ultra-50k-mit-3d-display\/#primaryimage","url":"https:\/\/vapingnet.de\/wp-content\/uploads\/2025\/03\/NEXA50K.png","contentUrl":"https:\/\/vapingnet.de\/wp-content\/uploads\/2025\/03\/NEXA50K.png","width":1000,"height":1000,"caption":"NEXA50K"},{"@type":"BreadcrumbList","@id":"https:\/\/vapingnet.de\/vape\/die-zukunft-des-dampfens-nexa-ultra-50k-mit-3d-display\/#breadcrumb","itemListElement":[{"@type":"ListItem","position":1,"name":"Home","item":"https:\/\/vapingnet.de\/"},{"@type":"ListItem","position":2,"name":"Shop","item":"https:\/\/vapingnet.de\/vape\/"},{"@type":"ListItem","position":3,"name":"Die Zukunft des Dampfens NEXA Ultra 50K mit 3D-Display"}]},{"@type":"WebSite","@id":"https:\/\/vapingnet.de\/#website","url":"https:\/\/vapingnet.de\/","name":"Vapingnet.de","description":"","publisher":{"@id":"https:\/\/vapingnet.de\/#organization"},"potentialAction":[{"@type":"SearchAction","target":{"@type":"EntryPoint","urlTemplate":"https:\/\/vapingnet.de\/?s={search_term_string}"},"query-input":{"@type":"PropertyValueSpecification","valueRequired":true,"valueName":"search_term_string"}}],"inLanguage":"pl-PL"},{"@type":"Organization","@id":"https:\/\/vapingnet.de\/#organization","name":"Vapingnet.de","url":"https:\/\/vapingnet.de\/","logo":{"@type":"ImageObject","inLanguage":"pl-PL","@id":"https:\/\/vapingnet.de\/#\/schema\/logo\/image\/","url":"https:\/\/vapingnet.de\/wp-content\/uploads\/2025\/03\/cropped-vapingnet.de_.jpg","contentUrl":"https:\/\/vapingnet.de\/wp-content\/uploads\/2025\/03\/cropped-vapingnet.de_.jpg","width":512,"height":512,"caption":"Vapingnet.de"},"image":{"@id":"https:\/\/vapingnet.de\/#\/schema\/logo\/image\/"},"sameAs":["https:\/\/www.facebook.com\/vapingnetde\/"]}]}},"tiered_pricing_type":"fixed","tiered_pricing_fixed_rules":[],"tiered_pricing_product_settings":{"layout":"default","base_unit_name":{"singular":null,"plural":null},"default_variation":null},"tiered_pricing_minimum_quantity":null,"tiered_pricing_roles_data":[],"tiered_pricing_percentage_rules":[],"_links":{"self":[{"href":"https:\/\/vapingnet.de\/pl\/wp-json\/wp\/v2\/product\/5400","targetHints":{"allow":["GET"]}}],"collection":[{"href":"https:\/\/vapingnet.de\/pl\/wp-json\/wp\/v2\/product"}],"about":[{"href":"https:\/\/vapingnet.de\/pl\/wp-json\/wp\/v2\/types\/product"}],"version-history":[{"count":1,"href":"https:\/\/vapingnet.de\/pl\/wp-json\/wp\/v2\/product\/5400\/revisions"}],"predecessor-version":[{"id":5432,"href":"https:\/\/vapingnet.de\/pl\/wp-json\/wp\/v2\/product\/5400\/revisions\/5432"}],"wp:featuredmedia":[{"embeddable":true,"href":"https:\/\/vapingnet.de\/pl\/wp-json\/wp\/v2\/media\/5431"}],"wp:attachment":[{"href":"https:\/\/vapingnet.de\/pl\/wp-json\/wp\/v2\/media?parent=5400"}],"wp:term":[{"taxonomy":"brand","embeddable":true,"href":"https:\/\/vapingnet.de\/pl\/wp-json\/wp\/v2\/etheme_brands?post=5400"},{"taxonomy":"product_brand","embeddable":true,"href":"https:\/\/vapingnet.de\/pl\/wp-json\/wp\/v2\/product_brand?post=5400"},{"taxonomy":"product_cat","embeddable":true,"href":"https:\/\/vapingnet.de\/pl\/wp-json\/wp\/v2\/product_cat?post=5400"},{"taxonomy":"product_tag","embeddable":true,"href":"https:\/\/vapingnet.de\/pl\/wp-json\/wp\/v2\/product_tag?post=5400"}],"curies":[{"name":"wp","href":"https:\/\/api.w.org\/{rel}","templated":true}]}}