{"id":5450,"date":"2025-03-15T08:38:28","date_gmt":"2025-03-15T08:38:28","guid":{"rendered":"https:\/\/vapingnet.de\/?post_type=product&#038;p=5450"},"modified":"2025-06-19T03:40:52","modified_gmt":"2025-06-19T03:40:52","slug":"fruchtiger-genuss-bang-20000puff-strawberry-kiwi-direkt-ab-werk","status":"publish","type":"product","link":"https:\/\/vapingnet.de\/pl\/vape\/fruchtiger-genuss-bang-20000puff-strawberry-kiwi-direkt-ab-werk\/","title":{"rendered":"Owocowa przyjemno\u015b\u0107 Bang 20000Puff Strawberry Kiwi prosto z fabryki"},"content":{"rendered":"<h2 data-start=\"0\" data-end=\"117\">Bang 20000Puff Dual Mesh E-Papieros Smak Truskawka Kiwi, ciesz si\u0119 ka\u017cdym s\u0142odkim i orze\u017awiaj\u0105cym papierosem<\/h2>\n<ul data-start=\"144\" data-end=\"1668\">\n<li data-start=\"144\" data-end=\"464\">\n<p data-start=\"146\" data-end=\"464\"><strong data-start=\"146\" data-end=\"177\">Ekstremalnie d\u0142ugi czas u\u017cytkowania:<\/strong><br data-start=\"177\" data-end=\"180\" \/>Bang 20000Puff Dual Mesh E-Papieros jest wyposa\u017cony w du\u017c\u0105 28 ml e-liquid, kt\u00f3ry umo\u017cliwia do 20 000 poci\u0105gni\u0119\u0107. Ka\u017cde poci\u0105gni\u0119cie oferuje intensywny smak idealnej mieszanki truskawki i kiwi \u2013 doskona\u0142y do codziennego u\u017cytku i d\u0142ugotrwa\u0142ego do\u015bwiadczenia parowania.<\/p>\n<\/li>\n<li data-start=\"466\" data-end=\"763\">\n<p data-start=\"468\" data-end=\"763\"><strong data-start=\"468\" data-end=\"498\">Technologia podw\u00f3jnego grza\u0142ki Mesh:<\/strong><br data-start=\"498\" data-end=\"501\" \/>Wyposa\u017cony w zaawansowan\u0105 1,1 Ohm podw\u00f3jn\u0105 spiral\u0119 Mesh, poprawia wydajno\u015b\u0107 grzania, a dym jest bardziej delikatny i pe\u0142ny smaku. Niezale\u017cnie od tego, czy preferujesz mocny, czy \u0142agodny smak, Bang E-Papieros spe\u0142ni Twoje oczekiwania.<\/p>\n<\/li>\n<li data-start=\"765\" data-end=\"1073\">\n<p data-start=\"767\" data-end=\"1073\"><strong data-start=\"767\" data-end=\"812\">R\u00f3\u017cne st\u0119\u017cenia nikotynowego soli:<\/strong><br data-start=\"812\" data-end=\"815\" \/>Bang 20000Puff Dual Mesh oferuje cztery st\u0119\u017cenia nikotynowej soli: 0%, 2%, 3% i 5%, dzi\u0119ki czemu mo\u017cesz wybra\u0107 odpowiedni\u0105 zawarto\u015b\u0107 nikotyny w zale\u017cno\u015bci od preferencji. Niezale\u017cnie od tego, czy chcesz zmniejszy\u0107 zawarto\u015b\u0107 nikotyny, czy szukasz intensywniejszego do\u015bwiadczenia, masz wyb\u00f3r.<\/p>\n<\/li>\n<li data-start=\"1075\" data-end=\"1354\">\n<p data-start=\"1077\" data-end=\"1354\"><strong data-start=\"1077\" data-end=\"1122\">Szybkie \u0142adowanie i d\u0142ugotrwa\u0142e u\u017cytkowanie:<\/strong><br data-start=\"1122\" data-end=\"1125\" \/>Wyposa\u017cony w wydajn\u0105 bateri\u0119 650mAh i szybkie z\u0142\u0105cze Type-C, ten e-papieros zapewnia d\u0142ugie u\u017cytkowanie i szybkie \u0142adowanie. Nawet podczas d\u0142u\u017cszych wycieczek bateria pozostaje wystarczaj\u0105co mocna.<\/p>\n<\/li>\n<li data-start=\"1356\" data-end=\"1668\">\n<p data-start=\"1358\" data-end=\"1668\"><strong data-start=\"1358\" data-end=\"1401\">Nowoczesny design i wygoda obs\u0142ugi:<\/strong><br data-start=\"1401\" data-end=\"1404\" \/>O wadze zaledwie 90 g, ten e-papieros jest szczeg\u00f3lnie por\u0119czny i idealny na wycieczki. Stylowy design i wy\u015bwietlacz LED, pokazuj\u0105cy stan na\u0142adowania, pozwalaj\u0105 na bie\u017c\u0105co sprawdza\u0107 poziom na\u0142adowania i optymalizowa\u0107 korzystanie.<\/p>\n<\/li>\n<\/ul>\n<h3 data-start=\"1670\" data-end=\"1728\">Dlaczego warto wybra\u0107 Bang 20000Puff Dual Mesh?<\/h3>\n<ul data-start=\"1730\" data-end=\"2122\">\n<li data-start=\"1730\" data-end=\"1917\">\n<p data-start=\"1732\" data-end=\"1917\"><strong data-start=\"1732\" data-end=\"1745\">Bez c\u0142a:<\/strong><br data-start=\"1745\" data-end=\"1748\" \/>Kupuj\u0105c na naszej stronie, korzystasz z <a href=\"https:\/\/vapingnet.de\/pl\/k\/f\/\" target=\"_blank\" rel=\"noopener\"><strong>bezc\u0142owych<\/strong><\/a> zam\u00f3wie\u0144 i oszcz\u0119dzasz dodatkowe koszty. Gwarantujemy bezstresowe zakupy.<\/p>\n<\/li>\n<li data-start=\"1919\" data-end=\"2122\">\n<p data-start=\"1921\" data-end=\"2122\"><strong data-start=\"1921\" data-end=\"1947\">Szybka wysy\u0142ka lotnicza:<\/strong><br data-start=\"1947\" data-end=\"1950\" \/>Oferujemy szybk\u0105 wysy\u0142k\u0119 lotnicz\u0105 w ci\u0105gu 7-15 dni roboczych, dzi\u0119ki czemu szybko otrzymasz sw\u00f3j e-papieros i b\u0119dziesz m\u00f3g\u0142 od razu cieszy\u0107 si\u0119 nim, bez d\u0142ugiego oczekiwania.<\/p>\n<\/li>\n<\/ul>\n<h4 data-start=\"2124\" data-end=\"2504\">Truskawka i kiwi w doskona\u0142ej harmonii \u2013 orze\u017awiaj\u0105cy<\/h4>\n<p data-start=\"2124\" data-end=\"2504\"><strong data-start=\"2124\" data-end=\"2206\">Do\u015bwiadczenie smakowe<\/strong><br data-start=\"2206\" data-end=\"2209\" \/>Bang 20000Puff Dual Mesh E-Papieros zapewnia zupe\u0142nie nowe doznania smakowe. S\u0142odka truskawka po\u0142\u0105czona z \u015bwie\u017cym kiwi tworzy owocow\u0105 rozkosz, przypominaj\u0105c\u0105 letni ogr\u00f3d owocowy. Ka\u017cde poci\u0105gni\u0119cie to jak orze\u017awienie, kt\u00f3re pozwala cieszy\u0107 si\u0119 chwil\u0105.<\/p>\n<p data-start=\"2506\" data-end=\"2763\" data-is-last-node=\"\" data-is-only-node=\"\"><strong data-start=\"2506\" data-end=\"2554\">Kup teraz i do\u015bwiadcz niesko\u0144czonej przyjemno\u015bci!<\/strong><br data-start=\"2554\" data-end=\"2557\" \/>Odwied\u017a teraz vapingnet.de, aby kupi\u0107 e-papieros Bang 20000Puff Dual Mesh i rozpocz\u0105\u0107 nowe do\u015bwiadczenie vapowania. Ciesz si\u0119 unikalnym smakiem truskawki z kiwi!<\/p>","protected":false},"excerpt":{"rendered":"<p>Bang 20000Puff Dual Mesh E-papieros o smaku truskawka-kiwi, ciesz si\u0119 ka\u017cdym s\u0142odkim i orze\u017awiaj\u0105cym zaci\u0105gni\u0119ciem. Ekstremalnie d\u0142ugi czas u\u017cytkowania: Bang 20000Puff Dual Mesh E-papieros jest wyposa\u017cony w...<\/p>","protected":false},"featured_media":5451,"template":"","meta":[],"etheme_brands":[],"product_brand":[101],"product_cat":[54,49,61],"product_tag":[],"class_list":{"0":"post-5450","1":"product","2":"type-product","3":"status-publish","4":"has-post-thumbnail","6":"product_brand-bang-king-vape","7":"product_cat-vape-20000-zuege","8":"product_cat-einweg-e-zigarette","9":"product_cat-f","11":"first","12":"instock","13":"shipping-taxable","14":"purchasable","15":"product-type-simple"},"yoast_head":"<!-- This site is optimized with the Yoast SEO plugin v26.5 - https:\/\/yoast.com\/wordpress\/plugins\/seo\/ -->\n<title>Fruchtiger Genuss Bang 20000Puff Strawberry Kiwi direkt ab Werk | Vapingnet.de<\/title>\n<meta name=\"description\" content=\"Wir verkaufen Fruchtiger Genuss Bang 20000Puff Strawberry Kiwi direkt ab Werk , \u2713 Hohe Puffs-Zahl \u2713 Einfach zu verwenden \u2713 Vielseitige Aromen \u2713\u27a4 Jetzt kaufen!\" \/>\n<meta name=\"robots\" content=\"index, follow, max-snippet:-1, max-image-preview:large, max-video-preview:-1\" \/>\n<link rel=\"canonical\" href=\"https:\/\/vapingnet.de\/pl\/vape\/fruchtiger-genuss-bang-20000puff-strawberry-kiwi-direkt-ab-werk\/\" \/>\n<meta property=\"og:locale\" content=\"pl_PL\" \/>\n<meta property=\"og:type\" content=\"article\" \/>\n<meta property=\"og:title\" content=\"Fruchtiger Genuss Bang 20000Puff Strawberry Kiwi direkt ab Werk | Vapingnet.de\" \/>\n<meta property=\"og:description\" content=\"Wir verkaufen Fruchtiger Genuss Bang 20000Puff Strawberry Kiwi direkt ab Werk , \u2713 Hohe Puffs-Zahl \u2713 Einfach zu verwenden \u2713 Vielseitige Aromen \u2713\u27a4 Jetzt kaufen!\" \/>\n<meta property=\"og:url\" content=\"https:\/\/vapingnet.de\/pl\/vape\/fruchtiger-genuss-bang-20000puff-strawberry-kiwi-direkt-ab-werk\/\" \/>\n<meta property=\"og:site_name\" content=\"Vapingnet.de\" \/>\n<meta property=\"article:publisher\" content=\"https:\/\/www.facebook.com\/vapingnetde\/\" \/>\n<meta property=\"article:modified_time\" content=\"2025-06-19T03:40:52+00:00\" \/>\n<meta property=\"og:image\" content=\"https:\/\/vapingnet.de\/wp-content\/uploads\/2025\/03\/Strawberry-Kiwi-3.png\" \/>\n\t<meta property=\"og:image:width\" content=\"1000\" \/>\n\t<meta property=\"og:image:height\" content=\"1000\" \/>\n\t<meta property=\"og:image:type\" content=\"image\/png\" \/>\n<meta name=\"twitter:card\" content=\"summary_large_image\" \/>\n<meta name=\"twitter:label1\" content=\"Est. reading time\" \/>\n\t<meta name=\"twitter:data1\" content=\"3 minutes\" \/>\n<script type=\"application\/ld+json\" class=\"yoast-schema-graph\">{\"@context\":\"https:\/\/schema.org\",\"@graph\":[{\"@type\":\"WebPage\",\"@id\":\"https:\/\/vapingnet.de\/vape\/fruchtiger-genuss-bang-20000puff-strawberry-kiwi-direkt-ab-werk\/\",\"url\":\"https:\/\/vapingnet.de\/vape\/fruchtiger-genuss-bang-20000puff-strawberry-kiwi-direkt-ab-werk\/\",\"name\":\"Fruchtiger Genuss Bang 20000Puff Strawberry Kiwi direkt ab Werk | Vapingnet.de\",\"isPartOf\":{\"@id\":\"https:\/\/vapingnet.de\/#website\"},\"primaryImageOfPage\":{\"@id\":\"https:\/\/vapingnet.de\/vape\/fruchtiger-genuss-bang-20000puff-strawberry-kiwi-direkt-ab-werk\/#primaryimage\"},\"image\":{\"@id\":\"https:\/\/vapingnet.de\/vape\/fruchtiger-genuss-bang-20000puff-strawberry-kiwi-direkt-ab-werk\/#primaryimage\"},\"thumbnailUrl\":\"https:\/\/vapingnet.de\/wp-content\/uploads\/2025\/03\/Strawberry-Kiwi-3.png\",\"datePublished\":\"2025-03-15T08:38:28+00:00\",\"dateModified\":\"2025-06-19T03:40:52+00:00\",\"description\":\"Wir verkaufen Fruchtiger Genuss Bang 20000Puff Strawberry Kiwi direkt ab Werk , \u2713 Hohe Puffs-Zahl \u2713 Einfach zu verwenden \u2713 Vielseitige Aromen \u2713\u27a4 Jetzt kaufen!\",\"breadcrumb\":{\"@id\":\"https:\/\/vapingnet.de\/vape\/fruchtiger-genuss-bang-20000puff-strawberry-kiwi-direkt-ab-werk\/#breadcrumb\"},\"inLanguage\":\"pl-PL\",\"potentialAction\":[{\"@type\":\"ReadAction\",\"target\":[\"https:\/\/vapingnet.de\/vape\/fruchtiger-genuss-bang-20000puff-strawberry-kiwi-direkt-ab-werk\/\"]}]},{\"@type\":\"ImageObject\",\"inLanguage\":\"pl-PL\",\"@id\":\"https:\/\/vapingnet.de\/vape\/fruchtiger-genuss-bang-20000puff-strawberry-kiwi-direkt-ab-werk\/#primaryimage\",\"url\":\"https:\/\/vapingnet.de\/wp-content\/uploads\/2025\/03\/Strawberry-Kiwi-3.png\",\"contentUrl\":\"https:\/\/vapingnet.de\/wp-content\/uploads\/2025\/03\/Strawberry-Kiwi-3.png\",\"width\":1000,\"height\":1000,\"caption\":\"Strawberry Kiwi\"},{\"@type\":\"BreadcrumbList\",\"@id\":\"https:\/\/vapingnet.de\/vape\/fruchtiger-genuss-bang-20000puff-strawberry-kiwi-direkt-ab-werk\/#breadcrumb\",\"itemListElement\":[{\"@type\":\"ListItem\",\"position\":1,\"name\":\"Home\",\"item\":\"https:\/\/vapingnet.de\/\"},{\"@type\":\"ListItem\",\"position\":2,\"name\":\"Shop\",\"item\":\"https:\/\/vapingnet.de\/vape\/\"},{\"@type\":\"ListItem\",\"position\":3,\"name\":\"Fruchtiger Genuss Bang 20000Puff Strawberry Kiwi direkt ab Werk\"}]},{\"@type\":\"WebSite\",\"@id\":\"https:\/\/vapingnet.de\/#website\",\"url\":\"https:\/\/vapingnet.de\/\",\"name\":\"Vapingnet.de\",\"description\":\"\",\"publisher\":{\"@id\":\"https:\/\/vapingnet.de\/#organization\"},\"potentialAction\":[{\"@type\":\"SearchAction\",\"target\":{\"@type\":\"EntryPoint\",\"urlTemplate\":\"https:\/\/vapingnet.de\/?s={search_term_string}\"},\"query-input\":{\"@type\":\"PropertyValueSpecification\",\"valueRequired\":true,\"valueName\":\"search_term_string\"}}],\"inLanguage\":\"pl-PL\"},{\"@type\":\"Organization\",\"@id\":\"https:\/\/vapingnet.de\/#organization\",\"name\":\"Vapingnet.de\",\"url\":\"https:\/\/vapingnet.de\/\",\"logo\":{\"@type\":\"ImageObject\",\"inLanguage\":\"pl-PL\",\"@id\":\"https:\/\/vapingnet.de\/#\/schema\/logo\/image\/\",\"url\":\"https:\/\/vapingnet.de\/wp-content\/uploads\/2025\/03\/cropped-vapingnet.de_.jpg\",\"contentUrl\":\"https:\/\/vapingnet.de\/wp-content\/uploads\/2025\/03\/cropped-vapingnet.de_.jpg\",\"width\":512,\"height\":512,\"caption\":\"Vapingnet.de\"},\"image\":{\"@id\":\"https:\/\/vapingnet.de\/#\/schema\/logo\/image\/\"},\"sameAs\":[\"https:\/\/www.facebook.com\/vapingnetde\/\"]}]}<\/script>\n<!-- \/ Yoast SEO plugin. -->","yoast_head_json":{"title":"Fruchtiger Genuss Bang 20000Puff Strawberry Kiwi direkt ab Werk | Vapingnet.de","description":"Wir verkaufen Fruchtiger Genuss Bang 20000Puff Strawberry Kiwi direkt ab Werk , \u2713 Hohe Puffs-Zahl \u2713 Einfach zu verwenden \u2713 Vielseitige Aromen \u2713\u27a4 Jetzt kaufen!","robots":{"index":"index","follow":"follow","max-snippet":"max-snippet:-1","max-image-preview":"max-image-preview:large","max-video-preview":"max-video-preview:-1"},"canonical":"https:\/\/vapingnet.de\/pl\/vape\/fruchtiger-genuss-bang-20000puff-strawberry-kiwi-direkt-ab-werk\/","og_locale":"pl_PL","og_type":"article","og_title":"Fruchtiger Genuss Bang 20000Puff Strawberry Kiwi direkt ab Werk | Vapingnet.de","og_description":"Wir verkaufen Fruchtiger Genuss Bang 20000Puff Strawberry Kiwi direkt ab Werk , \u2713 Hohe Puffs-Zahl \u2713 Einfach zu verwenden \u2713 Vielseitige Aromen \u2713\u27a4 Jetzt kaufen!","og_url":"https:\/\/vapingnet.de\/pl\/vape\/fruchtiger-genuss-bang-20000puff-strawberry-kiwi-direkt-ab-werk\/","og_site_name":"Vapingnet.de","article_publisher":"https:\/\/www.facebook.com\/vapingnetde\/","article_modified_time":"2025-06-19T03:40:52+00:00","og_image":[{"width":1000,"height":1000,"url":"https:\/\/vapingnet.de\/wp-content\/uploads\/2025\/03\/Strawberry-Kiwi-3.png","type":"image\/png"}],"twitter_card":"summary_large_image","twitter_misc":{"Est. reading time":"3 minutes"},"schema":{"@context":"https:\/\/schema.org","@graph":[{"@type":"WebPage","@id":"https:\/\/vapingnet.de\/vape\/fruchtiger-genuss-bang-20000puff-strawberry-kiwi-direkt-ab-werk\/","url":"https:\/\/vapingnet.de\/vape\/fruchtiger-genuss-bang-20000puff-strawberry-kiwi-direkt-ab-werk\/","name":"Fruchtiger Genuss Bang 20000Puff Strawberry Kiwi direkt ab Werk | Vapingnet.de","isPartOf":{"@id":"https:\/\/vapingnet.de\/#website"},"primaryImageOfPage":{"@id":"https:\/\/vapingnet.de\/vape\/fruchtiger-genuss-bang-20000puff-strawberry-kiwi-direkt-ab-werk\/#primaryimage"},"image":{"@id":"https:\/\/vapingnet.de\/vape\/fruchtiger-genuss-bang-20000puff-strawberry-kiwi-direkt-ab-werk\/#primaryimage"},"thumbnailUrl":"https:\/\/vapingnet.de\/wp-content\/uploads\/2025\/03\/Strawberry-Kiwi-3.png","datePublished":"2025-03-15T08:38:28+00:00","dateModified":"2025-06-19T03:40:52+00:00","description":"Wir verkaufen Fruchtiger Genuss Bang 20000Puff Strawberry Kiwi direkt ab Werk , \u2713 Hohe Puffs-Zahl \u2713 Einfach zu verwenden \u2713 Vielseitige Aromen \u2713\u27a4 Jetzt kaufen!","breadcrumb":{"@id":"https:\/\/vapingnet.de\/vape\/fruchtiger-genuss-bang-20000puff-strawberry-kiwi-direkt-ab-werk\/#breadcrumb"},"inLanguage":"pl-PL","potentialAction":[{"@type":"ReadAction","target":["https:\/\/vapingnet.de\/vape\/fruchtiger-genuss-bang-20000puff-strawberry-kiwi-direkt-ab-werk\/"]}]},{"@type":"ImageObject","inLanguage":"pl-PL","@id":"https:\/\/vapingnet.de\/vape\/fruchtiger-genuss-bang-20000puff-strawberry-kiwi-direkt-ab-werk\/#primaryimage","url":"https:\/\/vapingnet.de\/wp-content\/uploads\/2025\/03\/Strawberry-Kiwi-3.png","contentUrl":"https:\/\/vapingnet.de\/wp-content\/uploads\/2025\/03\/Strawberry-Kiwi-3.png","width":1000,"height":1000,"caption":"Strawberry Kiwi"},{"@type":"BreadcrumbList","@id":"https:\/\/vapingnet.de\/vape\/fruchtiger-genuss-bang-20000puff-strawberry-kiwi-direkt-ab-werk\/#breadcrumb","itemListElement":[{"@type":"ListItem","position":1,"name":"Home","item":"https:\/\/vapingnet.de\/"},{"@type":"ListItem","position":2,"name":"Shop","item":"https:\/\/vapingnet.de\/vape\/"},{"@type":"ListItem","position":3,"name":"Fruchtiger Genuss Bang 20000Puff Strawberry Kiwi direkt ab Werk"}]},{"@type":"WebSite","@id":"https:\/\/vapingnet.de\/#website","url":"https:\/\/vapingnet.de\/","name":"Vapingnet.de","description":"","publisher":{"@id":"https:\/\/vapingnet.de\/#organization"},"potentialAction":[{"@type":"SearchAction","target":{"@type":"EntryPoint","urlTemplate":"https:\/\/vapingnet.de\/?s={search_term_string}"},"query-input":{"@type":"PropertyValueSpecification","valueRequired":true,"valueName":"search_term_string"}}],"inLanguage":"pl-PL"},{"@type":"Organization","@id":"https:\/\/vapingnet.de\/#organization","name":"Vapingnet.de","url":"https:\/\/vapingnet.de\/","logo":{"@type":"ImageObject","inLanguage":"pl-PL","@id":"https:\/\/vapingnet.de\/#\/schema\/logo\/image\/","url":"https:\/\/vapingnet.de\/wp-content\/uploads\/2025\/03\/cropped-vapingnet.de_.jpg","contentUrl":"https:\/\/vapingnet.de\/wp-content\/uploads\/2025\/03\/cropped-vapingnet.de_.jpg","width":512,"height":512,"caption":"Vapingnet.de"},"image":{"@id":"https:\/\/vapingnet.de\/#\/schema\/logo\/image\/"},"sameAs":["https:\/\/www.facebook.com\/vapingnetde\/"]}]}},"tiered_pricing_type":"fixed","tiered_pricing_fixed_rules":{"10":"8.92","60":"8.03","110":"7.14","200":"6.24"},"tiered_pricing_product_settings":{"layout":"default","base_unit_name":{"singular":null,"plural":null},"default_variation":null},"tiered_pricing_minimum_quantity":null,"tiered_pricing_roles_data":[],"tiered_pricing_percentage_rules":[],"_links":{"self":[{"href":"https:\/\/vapingnet.de\/pl\/wp-json\/wp\/v2\/product\/5450","targetHints":{"allow":["GET"]}}],"collection":[{"href":"https:\/\/vapingnet.de\/pl\/wp-json\/wp\/v2\/product"}],"about":[{"href":"https:\/\/vapingnet.de\/pl\/wp-json\/wp\/v2\/types\/product"}],"version-history":[{"count":1,"href":"https:\/\/vapingnet.de\/pl\/wp-json\/wp\/v2\/product\/5450\/revisions"}],"predecessor-version":[{"id":5452,"href":"https:\/\/vapingnet.de\/pl\/wp-json\/wp\/v2\/product\/5450\/revisions\/5452"}],"wp:featuredmedia":[{"embeddable":true,"href":"https:\/\/vapingnet.de\/pl\/wp-json\/wp\/v2\/media\/5451"}],"wp:attachment":[{"href":"https:\/\/vapingnet.de\/pl\/wp-json\/wp\/v2\/media?parent=5450"}],"wp:term":[{"taxonomy":"brand","embeddable":true,"href":"https:\/\/vapingnet.de\/pl\/wp-json\/wp\/v2\/etheme_brands?post=5450"},{"taxonomy":"product_brand","embeddable":true,"href":"https:\/\/vapingnet.de\/pl\/wp-json\/wp\/v2\/product_brand?post=5450"},{"taxonomy":"product_cat","embeddable":true,"href":"https:\/\/vapingnet.de\/pl\/wp-json\/wp\/v2\/product_cat?post=5450"},{"taxonomy":"product_tag","embeddable":true,"href":"https:\/\/vapingnet.de\/pl\/wp-json\/wp\/v2\/product_tag?post=5450"}],"curies":[{"name":"wp","href":"https:\/\/api.w.org\/{rel}","templated":true}]}}