{"id":5453,"date":"2025-03-15T08:42:36","date_gmt":"2025-03-15T08:42:36","guid":{"rendered":"https:\/\/vapingnet.de\/?post_type=product&#038;p=5453"},"modified":"2025-06-19T03:40:51","modified_gmt":"2025-06-19T03:40:51","slug":"bang-20000puff-blueberry-watermelon-top-qualitaet-fuer-langanhaltenden-genuss","status":"publish","type":"product","link":"https:\/\/vapingnet.de\/pl\/vape\/bang-20000puff-blueberry-watermelon-top-qualitaet-fuer-langanhaltenden-genuss\/","title":{"rendered":"Bang 20000Puff Blueberry Watermelon Najwy\u017csza jako\u015b\u0107 dla d\u0142ugotrwa\u0142ej przyjemno\u015bci"},"content":{"rendered":"<p data-start=\"0\" data-end=\"122\"><strong data-start=\"0\" data-end=\"122\">Bang 20000Puff Dual Mesh E-Papieros \u2013 smak jagody i arbuz, idealne po\u0142\u0105czenie \u015bwie\u017co\u015bci i s\u0142odyczy<\/strong><\/p>\n<p data-start=\"124\" data-end=\"534\">Chcesz do\u015bwiadczy\u0107 e-papierosa o ekstremalnie d\u0142ugiej \u017cywotno\u015bci? Bang 20000Puff Dual Mesh E-Papieros oferuje niezr\u00f3wnane doznania vapowania! Dzi\u0119ki klasycznemu po\u0142\u0105czeniu jagody i arbuz, ka\u017cdy zaci\u0105g zapewnia \u015bwie\u017cy i s\u0142odki smak, kt\u00f3ry pokochasz. Niezale\u017cnie od tego, czy jeste\u015b pocz\u0105tkuj\u0105cy, czy do\u015bwiadczonym vaporem, ten e-papieros spe\u0142ni wszystkie Twoje potrzeby.<\/p>\n<h3 data-start=\"536\" data-end=\"564\"><strong data-start=\"540\" data-end=\"564\">Cechy produktu<\/strong><\/h3>\n<ul data-start=\"566\" data-end=\"2182\">\n<li data-start=\"566\" data-end=\"946\">\n<p data-start=\"568\" data-end=\"946\"><strong data-start=\"568\" data-end=\"624\">Ekstremalnie d\u0142uga \u017cywotno\u015b\u0107 \u2013 20 000 zaci\u0105gni\u0119\u0107 pe\u0142nych przyjemno\u015bci<\/strong><br data-start=\"624\" data-end=\"627\" \/>Bang 20000Puff Dual Mesh E-Papieros wyposa\u017cony jest w du\u017c\u0105 butelk\u0119 e-liquid o pojemno\u015bci 28 ml, co pozwala na a\u017c do 20 000 zaci\u0105gni\u0119\u0107. To zmniejsza konieczno\u015b\u0107 cz\u0119stego uzupe\u0142niania. Ka\u017cdy zaci\u0105gni\u0119cie oferuje \u015bwie\u017cy, owocowy smak jagody i arbuz, idealny do codziennego u\u017cytku i d\u0142ugotrwa\u0142ej przyjemno\u015bci.<\/p>\n<\/li>\n<li data-start=\"948\" data-end=\"1262\">\n<p data-start=\"950\" data-end=\"1262\"><strong data-start=\"950\" data-end=\"977\">Dual-Mesh grza\u0142ka 1,1 Ohm<\/strong><br data-start=\"977\" data-end=\"980\" \/>Zaawansowana dual-mesh grza\u0142ka 1,1 Ohm efektywnie podgrzewa liquid, a para jest bardziej delikatna i g\u0119sta. Ta technologia zapewnia intensywniejsze doznania smakowe, co sprawia, \u017ce Twoje vapowanie jest jeszcze lepsze. Ka\u017cde zaci\u0105gni\u0119cie jest pe\u0142ne smaku i satysfakcji.<\/p>\n<\/li>\n<li data-start=\"1264\" data-end=\"1596\">\n<p data-start=\"1266\" data-end=\"1596\"><strong data-start=\"1266\" data-end=\"1310\">R\u00f3\u017cne st\u0119\u017cenia nikotynowych soli<\/strong><br data-start=\"1310\" data-end=\"1313\" \/>Bang 20000Puff Dual Mesh E-Papieros oferuje cztery st\u0119\u017cenia nikotynowego: 0%, 2%, 3% i 5%. Dzi\u0119ki temu mo\u017cesz wybra\u0107 odpowiedni\u0105 ilo\u015b\u0107 nikotyny w zale\u017cno\u015bci od preferencji. Niezale\u017cnie od tego, czy chcesz zmniejszy\u0107 zawarto\u015b\u0107 nikotyny, czy szukasz intensywniejszego vapowania, tutaj znajdziesz odpowiedni wyb\u00f3r.<\/p>\n<\/li>\n<li data-start=\"1598\" data-end=\"1896\">\n<p data-start=\"1600\" data-end=\"1896\"><strong data-start=\"1600\" data-end=\"1641\">Silny akumulator i szybkie \u0142adowanie Type-C<\/strong><br data-start=\"1641\" data-end=\"1644\" \/>Dzi\u0119ki akumulatorowi 650 mAh i portowi szybkiego \u0142adowania Type-C, ten e-papieros zapewnia d\u0142ugi czas u\u017cytkowania i szybkie na\u0142adowanie. Nawet przy d\u0142u\u017cszym u\u017cytkowaniu nie musisz si\u0119 martwi\u0107 o bateri\u0119, poniewa\u017c szybko si\u0119 na\u0142aduje.<\/p>\n<\/li>\n<li data-start=\"1898\" data-end=\"2182\">\n<p data-start=\"1900\" data-end=\"2182\"><strong data-start=\"1900\" data-end=\"1933\">Kompaktowy i stylowy design<\/strong><br data-start=\"1933\" data-end=\"1936\" \/>Z wag\u0105 zaledwie 90 g, ten e-papieros jest wyj\u0105tkowo por\u0119czny i \u015bwietnie sprawdza si\u0119 w podr\u00f3\u017cy. Nowoczesny design i wy\u015bwietlacz LED pozwalaj\u0105 na sta\u0142e monitorowanie stanu baterii, dzi\u0119ki czemu nigdy nie zostaniesz bez energii.<\/p>\n<\/li>\n<\/ul>\n<h3 data-start=\"2184\" data-end=\"2246\"><strong data-start=\"2188\" data-end=\"2246\">Dlaczego wybra\u0107 Bang 20000Puff Dual Mesh E-papieros?<\/strong><\/h3>\n<ul data-start=\"2248\" data-end=\"2719\">\n<li data-start=\"2248\" data-end=\"2493\">\n<p data-start=\"2250\" data-end=\"2493\"><strong data-start=\"2250\" data-end=\"2286\">Bez c\u0142a, bezstresowe zakupy<\/strong><br data-start=\"2286\" data-end=\"2289\" \/>Kupuj\u0105c Bang 20000Puff Dual Mesh E-Papieros na naszej stronie, korzystasz z bezc\u0142owych zam\u00f3wie\u0144 i oszcz\u0119dzasz dodatkowe koszty. Gwarantujemy bezproblemowe zakupy.<\/p>\n<\/li>\n<li data-start=\"2495\" data-end=\"2719\">\n<p data-start=\"2497\" data-end=\"2719\"><strong data-start=\"2497\" data-end=\"2544\">Szybka wysy\u0142ka lotnicza, terminowa dostawa<\/strong><br data-start=\"2544\" data-end=\"2547\" \/>Oferujemy szybk\u0105 wysy\u0142k\u0119 lotnicz\u0105 w ci\u0105gu 7-15 dni roboczych, dzi\u0119ki czemu szybko otrzymasz sw\u00f3j e-papieros i b\u0119dziesz m\u00f3g\u0142 od razu cieszy\u0107 si\u0119 nim, bez d\u0142ugiego oczekiwania.<\/p>\n<\/li>\n<\/ul>\n<h3 data-start=\"2721\" data-end=\"2813\"><strong data-start=\"2725\" data-end=\"2811\">Idealne po\u0142\u0105czenie jagody i arbuz, orze\u017awiaj\u0105ce i pyszne<\/strong><\/h3>\n<p data-start=\"2814\" data-end=\"3106\">Bang 20000Puff Dual Mesh E-Papieros oferuje zupe\u0142nie nowe doznania smakowe. S\u0142odki smak jagody po\u0142\u0105czony z orze\u017awieniem arbuz, tworzy owocowe i od\u015bwie\u017caj\u0105ce vapowanie, kt\u00f3re przeniesie Ci\u0119 do lata. Ka\u017cde zaci\u0105gni\u0119cie to orze\u017awiaj\u0105ca przyjemno\u015b\u0107.<\/p>\n<h3 data-start=\"3108\" data-end=\"3180\"><strong data-start=\"3112\" data-end=\"3178\">Kup teraz i do\u015bwiadcz smaku jagody z arbuzem!<\/strong><\/h3>\n<p data-start=\"3181\" data-end=\"3435\" data-is-last-node=\"\" data-is-only-node=\"\">Odwied\u017a teraz <a href=\"https:\/\/vapingnet.de\/pl\/\" target=\"_blank\" rel=\"noopener\" data-start=\"3200\" data-end=\"3235\">vapingnet.de<\/a> i kup Bang 20000Puff Dual Mesh E-Papieros, aby rozpocz\u0105\u0107 swoj\u0105 podr\u00f3\u017c vapowania! Ciesz si\u0119 unikalnym smakiem jagody z arbuzem i do\u015bwiadcz niezr\u00f3wnanych dozna\u0144 vapowania!<\/p>","protected":false},"excerpt":{"rendered":"<p>Bang 20000Puff Dual Mesh E-papieros \u2013 Smak bor\u00f3wki i arbuz, idealne po\u0142\u0105czenie \u015bwie\u017co\u015bci i s\u0142odyczy Chcesz do\u015bwiadczy\u0107 e-papierosa z ekstremalnie d\u0142ug\u0105 \u017cywotno\u015bci\u0105? Ten...<\/p>","protected":false},"featured_media":5454,"template":"","meta":[],"etheme_brands":[],"product_brand":[101],"product_cat":[54,49,61],"product_tag":[],"class_list":{"0":"post-5453","1":"product","2":"type-product","3":"status-publish","4":"has-post-thumbnail","6":"product_brand-bang-king-vape","7":"product_cat-vape-20000-zuege","8":"product_cat-einweg-e-zigarette","9":"product_cat-f","11":"first","12":"instock","13":"shipping-taxable","14":"purchasable","15":"product-type-simple"},"yoast_head":"<!-- This site is optimized with the Yoast SEO plugin v26.5 - https:\/\/yoast.com\/wordpress\/plugins\/seo\/ -->\n<title>Bang 20000Puff Blueberry Watermelon Geschmack vapingnet.de<\/title>\n<meta name=\"description\" content=\"Erlebe den intensiven Geschmack des Bang 20000Puff mit Blueberry Watermelon. Perfekte Wahl f\u00fcr langanhaltenden Genuss! Jetzt auf vapingnet.de.\" \/>\n<meta name=\"robots\" content=\"index, follow, max-snippet:-1, max-image-preview:large, max-video-preview:-1\" \/>\n<link rel=\"canonical\" href=\"https:\/\/vapingnet.de\/pl\/vape\/bang-20000puff-blueberry-watermelon-top-qualitaet-fuer-langanhaltenden-genuss\/\" \/>\n<meta property=\"og:locale\" content=\"pl_PL\" \/>\n<meta property=\"og:type\" content=\"article\" \/>\n<meta property=\"og:title\" content=\"Bang 20000Puff Blueberry Watermelon Geschmack vapingnet.de\" \/>\n<meta property=\"og:description\" content=\"Erlebe den intensiven Geschmack des Bang 20000Puff mit Blueberry Watermelon. Perfekte Wahl f\u00fcr langanhaltenden Genuss! Jetzt auf vapingnet.de.\" \/>\n<meta property=\"og:url\" content=\"https:\/\/vapingnet.de\/pl\/vape\/bang-20000puff-blueberry-watermelon-top-qualitaet-fuer-langanhaltenden-genuss\/\" \/>\n<meta property=\"og:site_name\" content=\"Vapingnet.de\" \/>\n<meta property=\"article:publisher\" content=\"https:\/\/www.facebook.com\/vapingnetde\/\" \/>\n<meta property=\"article:modified_time\" content=\"2025-06-19T03:40:51+00:00\" \/>\n<meta property=\"og:image\" content=\"https:\/\/vapingnet.de\/wp-content\/uploads\/2025\/03\/Blueberry-Watermelon.png\" \/>\n\t<meta property=\"og:image:width\" content=\"1000\" \/>\n\t<meta property=\"og:image:height\" content=\"1000\" \/>\n\t<meta property=\"og:image:type\" content=\"image\/png\" \/>\n<meta name=\"twitter:card\" content=\"summary_large_image\" \/>\n<meta name=\"twitter:label1\" content=\"Est. reading time\" \/>\n\t<meta name=\"twitter:data1\" content=\"3 minutes\" \/>\n<script type=\"application\/ld+json\" class=\"yoast-schema-graph\">{\"@context\":\"https:\/\/schema.org\",\"@graph\":[{\"@type\":\"WebPage\",\"@id\":\"https:\/\/vapingnet.de\/vape\/bang-20000puff-blueberry-watermelon-top-qualitaet-fuer-langanhaltenden-genuss\/\",\"url\":\"https:\/\/vapingnet.de\/vape\/bang-20000puff-blueberry-watermelon-top-qualitaet-fuer-langanhaltenden-genuss\/\",\"name\":\"Bang 20000Puff Blueberry Watermelon Geschmack vapingnet.de\",\"isPartOf\":{\"@id\":\"https:\/\/vapingnet.de\/#website\"},\"primaryImageOfPage\":{\"@id\":\"https:\/\/vapingnet.de\/vape\/bang-20000puff-blueberry-watermelon-top-qualitaet-fuer-langanhaltenden-genuss\/#primaryimage\"},\"image\":{\"@id\":\"https:\/\/vapingnet.de\/vape\/bang-20000puff-blueberry-watermelon-top-qualitaet-fuer-langanhaltenden-genuss\/#primaryimage\"},\"thumbnailUrl\":\"https:\/\/vapingnet.de\/wp-content\/uploads\/2025\/03\/Blueberry-Watermelon.png\",\"datePublished\":\"2025-03-15T08:42:36+00:00\",\"dateModified\":\"2025-06-19T03:40:51+00:00\",\"description\":\"Erlebe den intensiven Geschmack des Bang 20000Puff mit Blueberry Watermelon. Perfekte Wahl f\u00fcr langanhaltenden Genuss! Jetzt auf vapingnet.de.\",\"breadcrumb\":{\"@id\":\"https:\/\/vapingnet.de\/vape\/bang-20000puff-blueberry-watermelon-top-qualitaet-fuer-langanhaltenden-genuss\/#breadcrumb\"},\"inLanguage\":\"pl-PL\",\"potentialAction\":[{\"@type\":\"ReadAction\",\"target\":[\"https:\/\/vapingnet.de\/vape\/bang-20000puff-blueberry-watermelon-top-qualitaet-fuer-langanhaltenden-genuss\/\"]}]},{\"@type\":\"ImageObject\",\"inLanguage\":\"pl-PL\",\"@id\":\"https:\/\/vapingnet.de\/vape\/bang-20000puff-blueberry-watermelon-top-qualitaet-fuer-langanhaltenden-genuss\/#primaryimage\",\"url\":\"https:\/\/vapingnet.de\/wp-content\/uploads\/2025\/03\/Blueberry-Watermelon.png\",\"contentUrl\":\"https:\/\/vapingnet.de\/wp-content\/uploads\/2025\/03\/Blueberry-Watermelon.png\",\"width\":1000,\"height\":1000,\"caption\":\"Blueberry Watermelon\"},{\"@type\":\"BreadcrumbList\",\"@id\":\"https:\/\/vapingnet.de\/vape\/bang-20000puff-blueberry-watermelon-top-qualitaet-fuer-langanhaltenden-genuss\/#breadcrumb\",\"itemListElement\":[{\"@type\":\"ListItem\",\"position\":1,\"name\":\"Home\",\"item\":\"https:\/\/vapingnet.de\/\"},{\"@type\":\"ListItem\",\"position\":2,\"name\":\"Shop\",\"item\":\"https:\/\/vapingnet.de\/vape\/\"},{\"@type\":\"ListItem\",\"position\":3,\"name\":\"Bang 20000Puff Blueberry Watermelon Top-Qualit\u00e4t f\u00fcr langanhaltenden Genuss\"}]},{\"@type\":\"WebSite\",\"@id\":\"https:\/\/vapingnet.de\/#website\",\"url\":\"https:\/\/vapingnet.de\/\",\"name\":\"Vapingnet.de\",\"description\":\"\",\"publisher\":{\"@id\":\"https:\/\/vapingnet.de\/#organization\"},\"potentialAction\":[{\"@type\":\"SearchAction\",\"target\":{\"@type\":\"EntryPoint\",\"urlTemplate\":\"https:\/\/vapingnet.de\/?s={search_term_string}\"},\"query-input\":{\"@type\":\"PropertyValueSpecification\",\"valueRequired\":true,\"valueName\":\"search_term_string\"}}],\"inLanguage\":\"pl-PL\"},{\"@type\":\"Organization\",\"@id\":\"https:\/\/vapingnet.de\/#organization\",\"name\":\"Vapingnet.de\",\"url\":\"https:\/\/vapingnet.de\/\",\"logo\":{\"@type\":\"ImageObject\",\"inLanguage\":\"pl-PL\",\"@id\":\"https:\/\/vapingnet.de\/#\/schema\/logo\/image\/\",\"url\":\"https:\/\/vapingnet.de\/wp-content\/uploads\/2025\/03\/cropped-vapingnet.de_.jpg\",\"contentUrl\":\"https:\/\/vapingnet.de\/wp-content\/uploads\/2025\/03\/cropped-vapingnet.de_.jpg\",\"width\":512,\"height\":512,\"caption\":\"Vapingnet.de\"},\"image\":{\"@id\":\"https:\/\/vapingnet.de\/#\/schema\/logo\/image\/\"},\"sameAs\":[\"https:\/\/www.facebook.com\/vapingnetde\/\"]}]}<\/script>\n<!-- \/ Yoast SEO plugin. -->","yoast_head_json":{"title":"Bang 20000Puff Blueberry Watermelon Geschmack vapingnet.de","description":"Erlebe den intensiven Geschmack des Bang 20000Puff mit Blueberry Watermelon. Perfekte Wahl f\u00fcr langanhaltenden Genuss! Jetzt auf vapingnet.de.","robots":{"index":"index","follow":"follow","max-snippet":"max-snippet:-1","max-image-preview":"max-image-preview:large","max-video-preview":"max-video-preview:-1"},"canonical":"https:\/\/vapingnet.de\/pl\/vape\/bang-20000puff-blueberry-watermelon-top-qualitaet-fuer-langanhaltenden-genuss\/","og_locale":"pl_PL","og_type":"article","og_title":"Bang 20000Puff Blueberry Watermelon Geschmack vapingnet.de","og_description":"Erlebe den intensiven Geschmack des Bang 20000Puff mit Blueberry Watermelon. Perfekte Wahl f\u00fcr langanhaltenden Genuss! Jetzt auf vapingnet.de.","og_url":"https:\/\/vapingnet.de\/pl\/vape\/bang-20000puff-blueberry-watermelon-top-qualitaet-fuer-langanhaltenden-genuss\/","og_site_name":"Vapingnet.de","article_publisher":"https:\/\/www.facebook.com\/vapingnetde\/","article_modified_time":"2025-06-19T03:40:51+00:00","og_image":[{"width":1000,"height":1000,"url":"https:\/\/vapingnet.de\/wp-content\/uploads\/2025\/03\/Blueberry-Watermelon.png","type":"image\/png"}],"twitter_card":"summary_large_image","twitter_misc":{"Est. reading time":"3 minutes"},"schema":{"@context":"https:\/\/schema.org","@graph":[{"@type":"WebPage","@id":"https:\/\/vapingnet.de\/vape\/bang-20000puff-blueberry-watermelon-top-qualitaet-fuer-langanhaltenden-genuss\/","url":"https:\/\/vapingnet.de\/vape\/bang-20000puff-blueberry-watermelon-top-qualitaet-fuer-langanhaltenden-genuss\/","name":"Bang 20000Puff Blueberry Watermelon Geschmack vapingnet.de","isPartOf":{"@id":"https:\/\/vapingnet.de\/#website"},"primaryImageOfPage":{"@id":"https:\/\/vapingnet.de\/vape\/bang-20000puff-blueberry-watermelon-top-qualitaet-fuer-langanhaltenden-genuss\/#primaryimage"},"image":{"@id":"https:\/\/vapingnet.de\/vape\/bang-20000puff-blueberry-watermelon-top-qualitaet-fuer-langanhaltenden-genuss\/#primaryimage"},"thumbnailUrl":"https:\/\/vapingnet.de\/wp-content\/uploads\/2025\/03\/Blueberry-Watermelon.png","datePublished":"2025-03-15T08:42:36+00:00","dateModified":"2025-06-19T03:40:51+00:00","description":"Erlebe den intensiven Geschmack des Bang 20000Puff mit Blueberry Watermelon. Perfekte Wahl f\u00fcr langanhaltenden Genuss! Jetzt auf vapingnet.de.","breadcrumb":{"@id":"https:\/\/vapingnet.de\/vape\/bang-20000puff-blueberry-watermelon-top-qualitaet-fuer-langanhaltenden-genuss\/#breadcrumb"},"inLanguage":"pl-PL","potentialAction":[{"@type":"ReadAction","target":["https:\/\/vapingnet.de\/vape\/bang-20000puff-blueberry-watermelon-top-qualitaet-fuer-langanhaltenden-genuss\/"]}]},{"@type":"ImageObject","inLanguage":"pl-PL","@id":"https:\/\/vapingnet.de\/vape\/bang-20000puff-blueberry-watermelon-top-qualitaet-fuer-langanhaltenden-genuss\/#primaryimage","url":"https:\/\/vapingnet.de\/wp-content\/uploads\/2025\/03\/Blueberry-Watermelon.png","contentUrl":"https:\/\/vapingnet.de\/wp-content\/uploads\/2025\/03\/Blueberry-Watermelon.png","width":1000,"height":1000,"caption":"Blueberry Watermelon"},{"@type":"BreadcrumbList","@id":"https:\/\/vapingnet.de\/vape\/bang-20000puff-blueberry-watermelon-top-qualitaet-fuer-langanhaltenden-genuss\/#breadcrumb","itemListElement":[{"@type":"ListItem","position":1,"name":"Home","item":"https:\/\/vapingnet.de\/"},{"@type":"ListItem","position":2,"name":"Shop","item":"https:\/\/vapingnet.de\/vape\/"},{"@type":"ListItem","position":3,"name":"Bang 20000Puff Blueberry Watermelon Top-Qualit\u00e4t f\u00fcr langanhaltenden Genuss"}]},{"@type":"WebSite","@id":"https:\/\/vapingnet.de\/#website","url":"https:\/\/vapingnet.de\/","name":"Vapingnet.de","description":"","publisher":{"@id":"https:\/\/vapingnet.de\/#organization"},"potentialAction":[{"@type":"SearchAction","target":{"@type":"EntryPoint","urlTemplate":"https:\/\/vapingnet.de\/?s={search_term_string}"},"query-input":{"@type":"PropertyValueSpecification","valueRequired":true,"valueName":"search_term_string"}}],"inLanguage":"pl-PL"},{"@type":"Organization","@id":"https:\/\/vapingnet.de\/#organization","name":"Vapingnet.de","url":"https:\/\/vapingnet.de\/","logo":{"@type":"ImageObject","inLanguage":"pl-PL","@id":"https:\/\/vapingnet.de\/#\/schema\/logo\/image\/","url":"https:\/\/vapingnet.de\/wp-content\/uploads\/2025\/03\/cropped-vapingnet.de_.jpg","contentUrl":"https:\/\/vapingnet.de\/wp-content\/uploads\/2025\/03\/cropped-vapingnet.de_.jpg","width":512,"height":512,"caption":"Vapingnet.de"},"image":{"@id":"https:\/\/vapingnet.de\/#\/schema\/logo\/image\/"},"sameAs":["https:\/\/www.facebook.com\/vapingnetde\/"]}]}},"tiered_pricing_type":"fixed","tiered_pricing_fixed_rules":{"10":"8.92","60":"8.03","110":"7.14","200":"6.24"},"tiered_pricing_product_settings":{"layout":"default","base_unit_name":{"singular":null,"plural":null},"default_variation":null},"tiered_pricing_minimum_quantity":null,"tiered_pricing_roles_data":[],"tiered_pricing_percentage_rules":[],"_links":{"self":[{"href":"https:\/\/vapingnet.de\/pl\/wp-json\/wp\/v2\/product\/5453","targetHints":{"allow":["GET"]}}],"collection":[{"href":"https:\/\/vapingnet.de\/pl\/wp-json\/wp\/v2\/product"}],"about":[{"href":"https:\/\/vapingnet.de\/pl\/wp-json\/wp\/v2\/types\/product"}],"version-history":[{"count":1,"href":"https:\/\/vapingnet.de\/pl\/wp-json\/wp\/v2\/product\/5453\/revisions"}],"predecessor-version":[{"id":5455,"href":"https:\/\/vapingnet.de\/pl\/wp-json\/wp\/v2\/product\/5453\/revisions\/5455"}],"wp:featuredmedia":[{"embeddable":true,"href":"https:\/\/vapingnet.de\/pl\/wp-json\/wp\/v2\/media\/5454"}],"wp:attachment":[{"href":"https:\/\/vapingnet.de\/pl\/wp-json\/wp\/v2\/media?parent=5453"}],"wp:term":[{"taxonomy":"brand","embeddable":true,"href":"https:\/\/vapingnet.de\/pl\/wp-json\/wp\/v2\/etheme_brands?post=5453"},{"taxonomy":"product_brand","embeddable":true,"href":"https:\/\/vapingnet.de\/pl\/wp-json\/wp\/v2\/product_brand?post=5453"},{"taxonomy":"product_cat","embeddable":true,"href":"https:\/\/vapingnet.de\/pl\/wp-json\/wp\/v2\/product_cat?post=5453"},{"taxonomy":"product_tag","embeddable":true,"href":"https:\/\/vapingnet.de\/pl\/wp-json\/wp\/v2\/product_tag?post=5453"}],"curies":[{"name":"wp","href":"https:\/\/api.w.org\/{rel}","templated":true}]}}