{"id":5456,"date":"2025-03-15T08:54:07","date_gmt":"2025-03-15T08:54:07","guid":{"rendered":"https:\/\/vapingnet.de\/?post_type=product&#038;p=5456"},"modified":"2025-06-19T03:40:51","modified_gmt":"2025-06-19T03:40:51","slug":"bang-20000puff-peach-ice-jetzt-steuerfrei-sichern-und-top-qualitaet-geniessen","status":"publish","type":"product","link":"https:\/\/vapingnet.de\/pl\/vape\/bang-20000puff-peach-ice-jetzt-steuerfrei-sichern-und-top-qualitaet-geniessen\/","title":{"rendered":"Bang 20000Puff Peach Ice Teraz bez podatku i ciesz si\u0119 najwy\u017csz\u0105 jako\u015bci\u0105"},"content":{"rendered":"<h2 data-start=\"0\" data-end=\"106\">Bang 20000Puff Dual Mesh E-Papieros \u2013 Smak Peach Ice, ciesz si\u0119 orze\u017awiaj\u0105cym doznaniem<\/h2>\n<p data-start=\"108\" data-end=\"491\">The <a href=\"https:\/\/vapingnet.de\/pl\/bang-20000-puff-dual-mesh\/\" target=\"_blank\" rel=\"noopener\"><strong>Bang 20000Puff Dual Mesh<\/strong><\/a> E-papieros \u0142\u0105czy zaawansowan\u0105 technologi\u0119 podw\u00f3jnego grza\u0142ki Mesh z d\u0142ugotrwa\u0142ym u\u017cytkowaniem, zapewniaj\u0105c ka\u017cdemu zaci\u0105gni\u0119ciu idealne po\u0142\u0105czenie smaku brzoskwini i Ice. To stylowe i \u0142atwe w obs\u0142udze urz\u0105dzenie jest idealne dla nowoczesnego stylu \u017cycia i doskonale sprawdzi si\u0119 na co dzie\u0144 lub w podr\u00f3\u017cy.<\/p>\n<h4 data-start=\"493\" data-end=\"512\">G\u0142\u00f3wne cechy<\/h4>\n<ul data-start=\"513\" data-end=\"1539\">\n<li data-start=\"513\" data-end=\"681\"><strong data-start=\"515\" data-end=\"543\">Ekstremalnie d\u0142uga \u017cywotno\u015b\u0107<\/strong>: Z 28 ml liquidu, e-papieros oferuje do 20 000 zaci\u0105gni\u0119\u0107, przy ka\u017cdym zaci\u0105gni\u0119ciu mo\u017cesz cieszy\u0107 si\u0119 \u015bwie\u017cym smakiem brzoskwini i Ice.<\/li>\n<li data-start=\"682\" data-end=\"861\"><strong data-start=\"684\" data-end=\"708\">Podw\u00f3jny system grzewczy Mesh<\/strong>: Grza\u0142ka Dual-Mesh o oporno\u015bci 1,1 Ohma zapewnia delikatniejsz\u0105 par\u0119 i intensywniejszy smak. Perfekcyjne po\u0142\u0105czenie brzoskwini i Ice jest natychmiast uwalniane.<\/li>\n<li data-start=\"862\" data-end=\"1111\"><strong data-start=\"864\" data-end=\"904\">R\u00f3\u017cne st\u0119\u017cenia nikotyny<\/strong>: Wybierz spo\u015br\u00f3d nikotynowego soli 0%, 2%, 3% i 5%, aby dopasowa\u0107 do swoich indywidualnych potrzeb. Niezale\u017cnie od tego, czy preferujesz \u0142agodny, czy mocny smak, znajdziesz odpowiedni\u0105 opcj\u0119.<\/li>\n<li data-start=\"1112\" data-end=\"1306\"><strong data-start=\"1114\" data-end=\"1151\">Akumulator 650mAh, szybkie \u0142adowanie Type-C<\/strong>: Akumulator 650mAh zapewnia d\u0142ugie u\u017cytkowanie, a szybkie \u0142adowanie Type-C gwarantuje szybkie na\u0142adowanie, aby\u015b by\u0142 zawsze gotowy do u\u017cycia.<\/li>\n<li data-start=\"1307\" data-end=\"1539\"><strong data-start=\"1309\" data-end=\"1351\">Kompaktowy i przeno\u015bny, stylowy design<\/strong>: Wa\u017c\u0105cy tylko 90 g, e-papieros jest lekki i por\u0119czny, idealny na podr\u00f3\u017c. Wy\u015bwietlacz LED pokazuje poziom na\u0142adowania akumulatora, dzi\u0119ki czemu zawsze wiesz, kiedy na\u0142adowa\u0107 urz\u0105dzenie.<\/li>\n<\/ul>\n<h4 data-start=\"1541\" data-end=\"1921\">Peach Ice \u2013 Orze\u017awiaj\u0105ca przyjemno\u015b\u0107<\/h4>\n<p data-start=\"1541\" data-end=\"1921\">Smak Peach Ice w Bang 20000Puff Dual Mesh E-papieros to idealny wyb\u00f3r na gor\u0105ce dni. S\u0142odki smak brzoskwini po\u0142\u0105czony z ch\u0142odnym uczuciem Ice zapewnia orze\u017awiaj\u0105ce doznanie, kt\u00f3re mo\u017cna cieszy\u0107 si\u0119 przy ka\u017cdym zaci\u0105gni\u0119ciu. Niezale\u017cnie od tego, czy jeste\u015b w domu, czy w podr\u00f3\u017cy, to urz\u0105dzenie zawsze zapewni Ci najlepsz\u0105 przyjemno\u015b\u0107.<\/p>\n<h3 data-start=\"1923\" data-end=\"1983\"><strong data-start=\"1923\" data-end=\"1981\">Dlaczego wybra\u0107 Bang 20000Puff Dual Mesh E-papieros?<\/strong><\/h3>\n<ol data-start=\"1984\" data-end=\"2379\">\n<li data-start=\"1984\" data-end=\"2160\"><strong data-start=\"1987\" data-end=\"1999\">Bez c\u0142a<\/strong>: Kupuj\u0105c w vapingnet.de, nie musisz si\u0119 martwi\u0107 o <a href=\"https:\/\/vapingnet.de\/pl\/k\/f\/\" target=\"_blank\" rel=\"noopener\"><strong>op\u0142aty celne<\/strong> <\/a>co oszcz\u0119dza Ci dodatkowych koszt\u00f3w i upraszcza proces zakup\u00f3w.<\/li>\n<li data-start=\"2161\" data-end=\"2379\"><strong data-start=\"2164\" data-end=\"2211\">Szybka wysy\u0142ka lotnicza, terminowa dostawa<\/strong>Oferujemy szybk\u0105 wysy\u0142k\u0119 lotnicz\u0105 w ci\u0105gu 7-15 dni roboczych, dzi\u0119ki czemu szybko otrzymasz swoje zam\u00f3wienie i od razu b\u0119dziesz m\u00f3g\u0142 cieszy\u0107 si\u0119 orze\u017awiaj\u0105cym do\u015bwiadczeniem.<\/li>\n<\/ol>\n<p data-start=\"2381\" data-end=\"2682\" data-is-last-node=\"\" data-is-only-node=\"\">Chcesz do\u015bwiadczy\u0107 idealnego po\u0142\u0105czenia \u015bwie\u017co\u015bci i s\u0142odyczy przy ka\u017cdym zaci\u0105gni\u0119ciu? Odwied\u017a teraz vapingnet.de i kup Bang 20000Puff Dual Mesh E-Papieros, aby cieszy\u0107 si\u0119 unikalnym smakiem Peach Ice i zapewni\u0107 sobie najlepsze wra\u017cenia z palenia.<\/p>","protected":false},"excerpt":{"rendered":"<p>Bang 20000Puff Dual Mesh E-papieros \u2013 Smak Peach Ice, ciesz si\u0119 orze\u017awiaj\u0105cym do\u015bwiadczeniem Bang 20000Puff Dual Mesh E-papieros \u0142\u0105czy zaawansowan\u0105 technologi\u0119 podw\u00f3jnego grza\u0142ki z...<\/p>","protected":false},"featured_media":5457,"template":"","meta":[],"etheme_brands":[],"product_brand":[101],"product_cat":[54,49,61],"product_tag":[],"class_list":{"0":"post-5456","1":"product","2":"type-product","3":"status-publish","4":"has-post-thumbnail","6":"product_brand-bang-king-vape","7":"product_cat-vape-20000-zuege","8":"product_cat-einweg-e-zigarette","9":"product_cat-f","11":"first","12":"instock","13":"shipping-taxable","14":"purchasable","15":"product-type-simple"},"yoast_head":"<!-- This site is optimized with the Yoast SEO plugin v26.5 - https:\/\/yoast.com\/wordpress\/plugins\/seo\/ -->\n<title>Peach Ice Bang 20000Puff Frischer Genuss auf vapingnet.de<\/title>\n<meta name=\"description\" content=\"Genie\u00dfe den erfrischenden Peach Ice Geschmack mit dem Bang 20000Puff. Langanhaltender Genuss, jetzt auf vapingnet.de entdecken!\" \/>\n<meta name=\"robots\" content=\"index, follow, max-snippet:-1, max-image-preview:large, max-video-preview:-1\" \/>\n<link rel=\"canonical\" href=\"https:\/\/vapingnet.de\/pl\/vape\/bang-20000puff-peach-ice-jetzt-steuerfrei-sichern-und-top-qualitaet-geniessen\/\" \/>\n<meta property=\"og:locale\" content=\"pl_PL\" \/>\n<meta property=\"og:type\" content=\"article\" \/>\n<meta property=\"og:title\" content=\"Peach Ice Bang 20000Puff Frischer Genuss auf vapingnet.de\" \/>\n<meta property=\"og:description\" content=\"Genie\u00dfe den erfrischenden Peach Ice Geschmack mit dem Bang 20000Puff. Langanhaltender Genuss, jetzt auf vapingnet.de entdecken!\" \/>\n<meta property=\"og:url\" content=\"https:\/\/vapingnet.de\/pl\/vape\/bang-20000puff-peach-ice-jetzt-steuerfrei-sichern-und-top-qualitaet-geniessen\/\" \/>\n<meta property=\"og:site_name\" content=\"Vapingnet.de\" \/>\n<meta property=\"article:publisher\" content=\"https:\/\/www.facebook.com\/vapingnetde\/\" \/>\n<meta property=\"article:modified_time\" content=\"2025-06-19T03:40:51+00:00\" \/>\n<meta property=\"og:image\" content=\"https:\/\/vapingnet.de\/wp-content\/uploads\/2025\/03\/Peach-Ice-1.png\" \/>\n\t<meta property=\"og:image:width\" content=\"1000\" \/>\n\t<meta property=\"og:image:height\" content=\"1000\" \/>\n\t<meta property=\"og:image:type\" content=\"image\/png\" \/>\n<meta name=\"twitter:card\" content=\"summary_large_image\" \/>\n<meta name=\"twitter:label1\" content=\"Est. reading time\" \/>\n\t<meta name=\"twitter:data1\" content=\"3 minutes\" \/>\n<script type=\"application\/ld+json\" class=\"yoast-schema-graph\">{\"@context\":\"https:\/\/schema.org\",\"@graph\":[{\"@type\":\"WebPage\",\"@id\":\"https:\/\/vapingnet.de\/vape\/bang-20000puff-peach-ice-jetzt-steuerfrei-sichern-und-top-qualitaet-geniessen\/\",\"url\":\"https:\/\/vapingnet.de\/vape\/bang-20000puff-peach-ice-jetzt-steuerfrei-sichern-und-top-qualitaet-geniessen\/\",\"name\":\"Peach Ice Bang 20000Puff Frischer Genuss auf vapingnet.de\",\"isPartOf\":{\"@id\":\"https:\/\/vapingnet.de\/#website\"},\"primaryImageOfPage\":{\"@id\":\"https:\/\/vapingnet.de\/vape\/bang-20000puff-peach-ice-jetzt-steuerfrei-sichern-und-top-qualitaet-geniessen\/#primaryimage\"},\"image\":{\"@id\":\"https:\/\/vapingnet.de\/vape\/bang-20000puff-peach-ice-jetzt-steuerfrei-sichern-und-top-qualitaet-geniessen\/#primaryimage\"},\"thumbnailUrl\":\"https:\/\/vapingnet.de\/wp-content\/uploads\/2025\/03\/Peach-Ice-1.png\",\"datePublished\":\"2025-03-15T08:54:07+00:00\",\"dateModified\":\"2025-06-19T03:40:51+00:00\",\"description\":\"Genie\u00dfe den erfrischenden Peach Ice Geschmack mit dem Bang 20000Puff. Langanhaltender Genuss, jetzt auf vapingnet.de entdecken!\",\"breadcrumb\":{\"@id\":\"https:\/\/vapingnet.de\/vape\/bang-20000puff-peach-ice-jetzt-steuerfrei-sichern-und-top-qualitaet-geniessen\/#breadcrumb\"},\"inLanguage\":\"pl-PL\",\"potentialAction\":[{\"@type\":\"ReadAction\",\"target\":[\"https:\/\/vapingnet.de\/vape\/bang-20000puff-peach-ice-jetzt-steuerfrei-sichern-und-top-qualitaet-geniessen\/\"]}]},{\"@type\":\"ImageObject\",\"inLanguage\":\"pl-PL\",\"@id\":\"https:\/\/vapingnet.de\/vape\/bang-20000puff-peach-ice-jetzt-steuerfrei-sichern-und-top-qualitaet-geniessen\/#primaryimage\",\"url\":\"https:\/\/vapingnet.de\/wp-content\/uploads\/2025\/03\/Peach-Ice-1.png\",\"contentUrl\":\"https:\/\/vapingnet.de\/wp-content\/uploads\/2025\/03\/Peach-Ice-1.png\",\"width\":1000,\"height\":1000,\"caption\":\"Peach Ice\"},{\"@type\":\"BreadcrumbList\",\"@id\":\"https:\/\/vapingnet.de\/vape\/bang-20000puff-peach-ice-jetzt-steuerfrei-sichern-und-top-qualitaet-geniessen\/#breadcrumb\",\"itemListElement\":[{\"@type\":\"ListItem\",\"position\":1,\"name\":\"Home\",\"item\":\"https:\/\/vapingnet.de\/\"},{\"@type\":\"ListItem\",\"position\":2,\"name\":\"Shop\",\"item\":\"https:\/\/vapingnet.de\/vape\/\"},{\"@type\":\"ListItem\",\"position\":3,\"name\":\"Bang 20000Puff Peach Ice Jetzt steuerfrei sichern und Top-Qualit\u00e4t genie\u00dfen\"}]},{\"@type\":\"WebSite\",\"@id\":\"https:\/\/vapingnet.de\/#website\",\"url\":\"https:\/\/vapingnet.de\/\",\"name\":\"Vapingnet.de\",\"description\":\"\",\"publisher\":{\"@id\":\"https:\/\/vapingnet.de\/#organization\"},\"potentialAction\":[{\"@type\":\"SearchAction\",\"target\":{\"@type\":\"EntryPoint\",\"urlTemplate\":\"https:\/\/vapingnet.de\/?s={search_term_string}\"},\"query-input\":{\"@type\":\"PropertyValueSpecification\",\"valueRequired\":true,\"valueName\":\"search_term_string\"}}],\"inLanguage\":\"pl-PL\"},{\"@type\":\"Organization\",\"@id\":\"https:\/\/vapingnet.de\/#organization\",\"name\":\"Vapingnet.de\",\"url\":\"https:\/\/vapingnet.de\/\",\"logo\":{\"@type\":\"ImageObject\",\"inLanguage\":\"pl-PL\",\"@id\":\"https:\/\/vapingnet.de\/#\/schema\/logo\/image\/\",\"url\":\"https:\/\/vapingnet.de\/wp-content\/uploads\/2025\/03\/cropped-vapingnet.de_.jpg\",\"contentUrl\":\"https:\/\/vapingnet.de\/wp-content\/uploads\/2025\/03\/cropped-vapingnet.de_.jpg\",\"width\":512,\"height\":512,\"caption\":\"Vapingnet.de\"},\"image\":{\"@id\":\"https:\/\/vapingnet.de\/#\/schema\/logo\/image\/\"},\"sameAs\":[\"https:\/\/www.facebook.com\/vapingnetde\/\"]}]}<\/script>\n<!-- \/ Yoast SEO plugin. -->","yoast_head_json":{"title":"Peach Ice Bang 20000Puff Frischer Genuss auf vapingnet.de","description":"Genie\u00dfe den erfrischenden Peach Ice Geschmack mit dem Bang 20000Puff. Langanhaltender Genuss, jetzt auf vapingnet.de entdecken!","robots":{"index":"index","follow":"follow","max-snippet":"max-snippet:-1","max-image-preview":"max-image-preview:large","max-video-preview":"max-video-preview:-1"},"canonical":"https:\/\/vapingnet.de\/pl\/vape\/bang-20000puff-peach-ice-jetzt-steuerfrei-sichern-und-top-qualitaet-geniessen\/","og_locale":"pl_PL","og_type":"article","og_title":"Peach Ice Bang 20000Puff Frischer Genuss auf vapingnet.de","og_description":"Genie\u00dfe den erfrischenden Peach Ice Geschmack mit dem Bang 20000Puff. Langanhaltender Genuss, jetzt auf vapingnet.de entdecken!","og_url":"https:\/\/vapingnet.de\/pl\/vape\/bang-20000puff-peach-ice-jetzt-steuerfrei-sichern-und-top-qualitaet-geniessen\/","og_site_name":"Vapingnet.de","article_publisher":"https:\/\/www.facebook.com\/vapingnetde\/","article_modified_time":"2025-06-19T03:40:51+00:00","og_image":[{"width":1000,"height":1000,"url":"https:\/\/vapingnet.de\/wp-content\/uploads\/2025\/03\/Peach-Ice-1.png","type":"image\/png"}],"twitter_card":"summary_large_image","twitter_misc":{"Est. reading time":"3 minutes"},"schema":{"@context":"https:\/\/schema.org","@graph":[{"@type":"WebPage","@id":"https:\/\/vapingnet.de\/vape\/bang-20000puff-peach-ice-jetzt-steuerfrei-sichern-und-top-qualitaet-geniessen\/","url":"https:\/\/vapingnet.de\/vape\/bang-20000puff-peach-ice-jetzt-steuerfrei-sichern-und-top-qualitaet-geniessen\/","name":"Peach Ice Bang 20000Puff Frischer Genuss auf vapingnet.de","isPartOf":{"@id":"https:\/\/vapingnet.de\/#website"},"primaryImageOfPage":{"@id":"https:\/\/vapingnet.de\/vape\/bang-20000puff-peach-ice-jetzt-steuerfrei-sichern-und-top-qualitaet-geniessen\/#primaryimage"},"image":{"@id":"https:\/\/vapingnet.de\/vape\/bang-20000puff-peach-ice-jetzt-steuerfrei-sichern-und-top-qualitaet-geniessen\/#primaryimage"},"thumbnailUrl":"https:\/\/vapingnet.de\/wp-content\/uploads\/2025\/03\/Peach-Ice-1.png","datePublished":"2025-03-15T08:54:07+00:00","dateModified":"2025-06-19T03:40:51+00:00","description":"Genie\u00dfe den erfrischenden Peach Ice Geschmack mit dem Bang 20000Puff. Langanhaltender Genuss, jetzt auf vapingnet.de entdecken!","breadcrumb":{"@id":"https:\/\/vapingnet.de\/vape\/bang-20000puff-peach-ice-jetzt-steuerfrei-sichern-und-top-qualitaet-geniessen\/#breadcrumb"},"inLanguage":"pl-PL","potentialAction":[{"@type":"ReadAction","target":["https:\/\/vapingnet.de\/vape\/bang-20000puff-peach-ice-jetzt-steuerfrei-sichern-und-top-qualitaet-geniessen\/"]}]},{"@type":"ImageObject","inLanguage":"pl-PL","@id":"https:\/\/vapingnet.de\/vape\/bang-20000puff-peach-ice-jetzt-steuerfrei-sichern-und-top-qualitaet-geniessen\/#primaryimage","url":"https:\/\/vapingnet.de\/wp-content\/uploads\/2025\/03\/Peach-Ice-1.png","contentUrl":"https:\/\/vapingnet.de\/wp-content\/uploads\/2025\/03\/Peach-Ice-1.png","width":1000,"height":1000,"caption":"Peach Ice"},{"@type":"BreadcrumbList","@id":"https:\/\/vapingnet.de\/vape\/bang-20000puff-peach-ice-jetzt-steuerfrei-sichern-und-top-qualitaet-geniessen\/#breadcrumb","itemListElement":[{"@type":"ListItem","position":1,"name":"Home","item":"https:\/\/vapingnet.de\/"},{"@type":"ListItem","position":2,"name":"Shop","item":"https:\/\/vapingnet.de\/vape\/"},{"@type":"ListItem","position":3,"name":"Bang 20000Puff Peach Ice Jetzt steuerfrei sichern und Top-Qualit\u00e4t genie\u00dfen"}]},{"@type":"WebSite","@id":"https:\/\/vapingnet.de\/#website","url":"https:\/\/vapingnet.de\/","name":"Vapingnet.de","description":"","publisher":{"@id":"https:\/\/vapingnet.de\/#organization"},"potentialAction":[{"@type":"SearchAction","target":{"@type":"EntryPoint","urlTemplate":"https:\/\/vapingnet.de\/?s={search_term_string}"},"query-input":{"@type":"PropertyValueSpecification","valueRequired":true,"valueName":"search_term_string"}}],"inLanguage":"pl-PL"},{"@type":"Organization","@id":"https:\/\/vapingnet.de\/#organization","name":"Vapingnet.de","url":"https:\/\/vapingnet.de\/","logo":{"@type":"ImageObject","inLanguage":"pl-PL","@id":"https:\/\/vapingnet.de\/#\/schema\/logo\/image\/","url":"https:\/\/vapingnet.de\/wp-content\/uploads\/2025\/03\/cropped-vapingnet.de_.jpg","contentUrl":"https:\/\/vapingnet.de\/wp-content\/uploads\/2025\/03\/cropped-vapingnet.de_.jpg","width":512,"height":512,"caption":"Vapingnet.de"},"image":{"@id":"https:\/\/vapingnet.de\/#\/schema\/logo\/image\/"},"sameAs":["https:\/\/www.facebook.com\/vapingnetde\/"]}]}},"tiered_pricing_type":"fixed","tiered_pricing_fixed_rules":{"10":"8.92","60":"8.03","110":"7.14","200":"6.24"},"tiered_pricing_product_settings":{"layout":"default","base_unit_name":{"singular":null,"plural":null},"default_variation":null},"tiered_pricing_minimum_quantity":null,"tiered_pricing_roles_data":[],"tiered_pricing_percentage_rules":[],"_links":{"self":[{"href":"https:\/\/vapingnet.de\/pl\/wp-json\/wp\/v2\/product\/5456","targetHints":{"allow":["GET"]}}],"collection":[{"href":"https:\/\/vapingnet.de\/pl\/wp-json\/wp\/v2\/product"}],"about":[{"href":"https:\/\/vapingnet.de\/pl\/wp-json\/wp\/v2\/types\/product"}],"version-history":[{"count":1,"href":"https:\/\/vapingnet.de\/pl\/wp-json\/wp\/v2\/product\/5456\/revisions"}],"predecessor-version":[{"id":5458,"href":"https:\/\/vapingnet.de\/pl\/wp-json\/wp\/v2\/product\/5456\/revisions\/5458"}],"wp:featuredmedia":[{"embeddable":true,"href":"https:\/\/vapingnet.de\/pl\/wp-json\/wp\/v2\/media\/5457"}],"wp:attachment":[{"href":"https:\/\/vapingnet.de\/pl\/wp-json\/wp\/v2\/media?parent=5456"}],"wp:term":[{"taxonomy":"brand","embeddable":true,"href":"https:\/\/vapingnet.de\/pl\/wp-json\/wp\/v2\/etheme_brands?post=5456"},{"taxonomy":"product_brand","embeddable":true,"href":"https:\/\/vapingnet.de\/pl\/wp-json\/wp\/v2\/product_brand?post=5456"},{"taxonomy":"product_cat","embeddable":true,"href":"https:\/\/vapingnet.de\/pl\/wp-json\/wp\/v2\/product_cat?post=5456"},{"taxonomy":"product_tag","embeddable":true,"href":"https:\/\/vapingnet.de\/pl\/wp-json\/wp\/v2\/product_tag?post=5456"}],"curies":[{"name":"wp","href":"https:\/\/api.w.org\/{rel}","templated":true}]}}