{"id":5462,"date":"2025-03-15T09:11:03","date_gmt":"2025-03-15T09:11:03","guid":{"rendered":"https:\/\/vapingnet.de\/?post_type=product&#038;p=5462"},"modified":"2025-06-19T03:40:50","modified_gmt":"2025-06-19T03:40:50","slug":"red-bull-bang-20000puff-langanhaltender-genuss-premium-qualitaet-garantiert","status":"publish","type":"product","link":"https:\/\/vapingnet.de\/pl\/vape\/red-bull-bang-20000puff-langanhaltender-genuss-premium-qualitaet-garantiert\/","title":{"rendered":"Red Bull Bang 20000Puff D\u0142ugotrwa\u0142a przyjemno\u015b\u0107 Gwarantowana jako\u015b\u0107 Premium"},"content":{"rendered":"<h2 data-start=\"0\" data-end=\"106\">Bang 20000Puff Dual Mesh E-Papieros \u2013 Smak Red Bull, ciesz si\u0119 energetycznym do\u015bwiadczeniem<\/h2>\n<p data-start=\"108\" data-end=\"480\">Bang 20000Puff Dual Mesh E-Papieros z wyj\u0105tkowym designem i ekscytuj\u0105cym smakiem Red Bull zapewnia unikalne doznania podczas vapowania. Je\u015bli szukasz d\u0142ugotrwa\u0142ego i intensywnego do\u015bwiadczenia, ten e-papieros jest dla Ciebie. Od designu po ka\u017cdy zaci\u0105gni\u0119cie, oferuje ca\u0142kowicie nowe i ekscytuj\u0105ce doznania vapowania.<\/p>\n<h4 data-start=\"482\" data-end=\"505\">Cechy produktu<\/h4>\n<p data-start=\"507\" data-end=\"861\"><strong data-start=\"507\" data-end=\"551\">D\u0142ugotrwa\u0142e vapowanie, do 20000 zaci\u0105gni\u0119\u0107<\/strong><br data-start=\"551\" data-end=\"554\" \/>Dzi\u0119ki pojemno\u015bci e-liquid 28 ml, Bang 20000Puff Dual Mesh E-Papieros zapewnia do <a href=\"https:\/\/vapingnet.de\/pl\/k\/vape-20000-zuege\/\" target=\"_blank\" rel=\"noopener\"><strong>20000 zaci\u0105gni\u0119\u0107<\/strong><\/a>. Nie musisz si\u0119 martwi\u0107 o cz\u0119ste nape\u0142nianie lub wymian\u0119 urz\u0105dze\u0144. Gwarantowana d\u0142ugotrwa\u0142a przyjemno\u015b\u0107, dzi\u0119ki czemu mo\u017cesz w pe\u0142ni korzysta\u0107 z ka\u017cdego sekundy swojego vapowania.<\/p>\n<p data-start=\"863\" data-end=\"1283\"><strong data-start=\"863\" data-end=\"926\">Innowacyjny system grzewczy Dual-Mesh dla intensywniejszego smaku<\/strong><br data-start=\"926\" data-end=\"929\" \/>Z systemem grzewczym Dual-Mesh o oporno\u015bci 1,1 Ohma, ten e-papieros zapewnia szybkie i r\u00f3wnomierne podgrzewanie liquidu. To prowadzi do delikatnego, finezyjnego dymu z intensywnym i smakowitym aromatem Red Bull przy ka\u017cdym zaci\u0105gni\u0119ciu. Technologia grzewcza podkre\u015bla smak i zapewnia sta\u0142e, wysokiej jako\u015bci doznania vapowania.<\/p>\n<p data-start=\"1285\" data-end=\"1568\"><strong data-start=\"1285\" data-end=\"1325\">Cztery poziomy nikotyny dla ka\u017cdego potrzebuj\u0105cego<\/strong><br data-start=\"1325\" data-end=\"1328\" \/>Bang 20000Puff Dual Mesh E-Papieros oferuje cztery r\u00f3\u017cne poziomy nikotyny: 0%, 2%, 3% i 5%. Niezale\u017cnie od tego, czy chcesz delikatniejsze, czy mocniejsze do\u015bwiadczenie, mo\u017cesz wybra\u0107 poziom nikotyny wed\u0142ug w\u0142asnych preferencji.<\/p>\n<p data-start=\"1570\" data-end=\"1827\"><strong data-start=\"1570\" data-end=\"1614\">Bateria 650mAh z szybkim \u0142adowaniem Type-C<\/strong><br data-start=\"1614\" data-end=\"1617\" \/>Bateria 650mAh zapewnia d\u0142ugie u\u017cytkowanie i umo\u017cliwia szybkie \u0142adowanie dzi\u0119ki interfejsowi Type-C. Dzi\u0119ki temu mo\u017cesz w ka\u017cdej chwili szybko kontynuowa\u0107 vapowanie, nie trac\u0105c czasu na d\u0142ugie \u0142adowanie.<\/p>\n<p data-start=\"1829\" data-end=\"2050\"><strong data-start=\"1829\" data-end=\"1851\">Lekki i przeno\u015bny<\/strong><br data-start=\"1851\" data-end=\"1854\" \/>Z wag\u0105 zaledwie 90g na sztuk\u0119, ten e-papieros jest niesamowicie lekki i \u0142atwy do przenoszenia. Zar\u00f3wno w domu, jak i w podr\u00f3\u017cy \u2013 mo\u017cna go bez problemu schowa\u0107 do torby i korzysta\u0107 z niego w dowolnym momencie.<\/p>\n<h4 data-start=\"2052\" data-end=\"2078\">Zalety przy zakupie<\/h4>\n<ul data-start=\"2080\" data-end=\"2439\">\n<li data-start=\"2080\" data-end=\"2230\"><strong data-start=\"2082\" data-end=\"2094\">Bez c\u0142a<\/strong>: Przy zakupie na vapingnet.de nie nalicza si\u0119<a href=\"https:\/\/vapingnet.de\/pl\/k\/f\/\" target=\"_blank\" rel=\"noopener\"><strong> op\u0142aty celne<\/strong><\/a> \u017cadnych op\u0142at, co czyni proces zakupu prostym i przejrzystym.<\/li>\n<li data-start=\"2231\" data-end=\"2439\"><strong data-start=\"2233\" data-end=\"2285\">Szybka wysy\u0142ka lotnicza, dostawa w 7-15 dni roboczych<\/strong>: Gwarantujemy szybk\u0105 dostaw\u0119 w ci\u0105gu 7-15 dni roboczych, aby\u015b m\u00f3g\u0142 szybko otrzyma\u0107 produkt i od razu zacz\u0105\u0107 vapowa\u0107.<\/li>\n<\/ul>\n<h3>Smak Red Bull dla energii i \u015bwie\u017co\u015bci<\/h3>\n<p data-start=\"2494\" data-end=\"2849\">Smak Red Bull w Bang 20000Puff Dual Mesh E-Papieros zapewnia orze\u017awiaj\u0105ce, energetyzuj\u0105ce doznania vapowania. Smak przypomina znany, pobudzaj\u0105cy nap\u00f3j i oferuje Ci ostateczne uczucie \u015bwie\u017co\u015bci i witalno\u015bci. Ka\u017cde wci\u0105gni\u0119cie przenosi Ci\u0119 na najwy\u017csze obroty i pozwala do\u015bwiadczy\u0107 pe\u0142nej energii smaku Red Bull.<\/p>\n<h4 data-start=\"2851\" data-end=\"2894\">Kup teraz i do\u015bwiadcz Red Bull<\/h4>\n<p data-start=\"2895\" data-end=\"3131\" data-is-last-node=\"\" data-is-only-node=\"\">Odwied\u017a <a href=\"https:\/\/vapingnet.de\/pl\/\" target=\"_new\" rel=\"noopener\" data-start=\"2908\" data-end=\"2944\">vapingnet.de<\/a>, aby kupi\u0107 Bang 20000Puff Dual Mesh E-Papieros i cieszy\u0107 si\u0119 orze\u017awiaj\u0105cym smakiem Red Bull. Zdobywaj swojego e-papierosa ju\u017c dzi\u015b i do\u015bwiadcz pe\u0142nej energii!<\/p>","protected":false},"excerpt":{"rendered":"<p>Bang 20000Puff Dual Mesh E-papieros \u2013 Smak Red Bulla, do\u015bwiadcz energetyzuj\u0105cej przyjemno\u015bci E-papieros Bang 20000Puff Dual Mesh z wyj\u0105tkowym designem i...<\/p>","protected":false},"featured_media":5463,"template":"","meta":[],"etheme_brands":[],"product_brand":[101],"product_cat":[54,49,61],"product_tag":[],"class_list":{"0":"post-5462","1":"product","2":"type-product","3":"status-publish","4":"has-post-thumbnail","6":"product_brand-bang-king-vape","7":"product_cat-vape-20000-zuege","8":"product_cat-einweg-e-zigarette","9":"product_cat-f","11":"first","12":"instock","13":"shipping-taxable","14":"purchasable","15":"product-type-simple"},"yoast_head":"<!-- This site is optimized with the Yoast SEO plugin v26.5 - https:\/\/yoast.com\/wordpress\/plugins\/seo\/ -->\n<title>Entdecke Bang 20000Puff Red Bull Geschmack auf vapingnet.de<\/title>\n<meta name=\"description\" content=\"Erlebe den erfrischenden Red Bull Geschmack des Bang 20000Puff. Langanhaltender Genuss, jetzt auf vapingnet.de erh\u00e4ltlich!\" \/>\n<meta name=\"robots\" content=\"index, follow, max-snippet:-1, max-image-preview:large, max-video-preview:-1\" \/>\n<link rel=\"canonical\" href=\"https:\/\/vapingnet.de\/pl\/vape\/red-bull-bang-20000puff-langanhaltender-genuss-premium-qualitaet-garantiert\/\" \/>\n<meta property=\"og:locale\" content=\"pl_PL\" \/>\n<meta property=\"og:type\" content=\"article\" \/>\n<meta property=\"og:title\" content=\"Entdecke Bang 20000Puff Red Bull Geschmack auf vapingnet.de\" \/>\n<meta property=\"og:description\" content=\"Erlebe den erfrischenden Red Bull Geschmack des Bang 20000Puff. Langanhaltender Genuss, jetzt auf vapingnet.de erh\u00e4ltlich!\" \/>\n<meta property=\"og:url\" content=\"https:\/\/vapingnet.de\/pl\/vape\/red-bull-bang-20000puff-langanhaltender-genuss-premium-qualitaet-garantiert\/\" \/>\n<meta property=\"og:site_name\" content=\"Vapingnet.de\" \/>\n<meta property=\"article:publisher\" content=\"https:\/\/www.facebook.com\/vapingnetde\/\" \/>\n<meta property=\"article:modified_time\" content=\"2025-06-19T03:40:50+00:00\" \/>\n<meta property=\"og:image\" content=\"https:\/\/vapingnet.de\/wp-content\/uploads\/2025\/03\/Red-Bull.png\" \/>\n\t<meta property=\"og:image:width\" content=\"1000\" \/>\n\t<meta property=\"og:image:height\" content=\"1000\" \/>\n\t<meta property=\"og:image:type\" content=\"image\/png\" \/>\n<meta name=\"twitter:card\" content=\"summary_large_image\" \/>\n<meta name=\"twitter:label1\" content=\"Est. reading time\" \/>\n\t<meta name=\"twitter:data1\" content=\"3 minutes\" \/>\n<script type=\"application\/ld+json\" class=\"yoast-schema-graph\">{\"@context\":\"https:\/\/schema.org\",\"@graph\":[{\"@type\":\"WebPage\",\"@id\":\"https:\/\/vapingnet.de\/vape\/red-bull-bang-20000puff-langanhaltender-genuss-premium-qualitaet-garantiert\/\",\"url\":\"https:\/\/vapingnet.de\/vape\/red-bull-bang-20000puff-langanhaltender-genuss-premium-qualitaet-garantiert\/\",\"name\":\"Entdecke Bang 20000Puff Red Bull Geschmack auf vapingnet.de\",\"isPartOf\":{\"@id\":\"https:\/\/vapingnet.de\/#website\"},\"primaryImageOfPage\":{\"@id\":\"https:\/\/vapingnet.de\/vape\/red-bull-bang-20000puff-langanhaltender-genuss-premium-qualitaet-garantiert\/#primaryimage\"},\"image\":{\"@id\":\"https:\/\/vapingnet.de\/vape\/red-bull-bang-20000puff-langanhaltender-genuss-premium-qualitaet-garantiert\/#primaryimage\"},\"thumbnailUrl\":\"https:\/\/vapingnet.de\/wp-content\/uploads\/2025\/03\/Red-Bull.png\",\"datePublished\":\"2025-03-15T09:11:03+00:00\",\"dateModified\":\"2025-06-19T03:40:50+00:00\",\"description\":\"Erlebe den erfrischenden Red Bull Geschmack des Bang 20000Puff. Langanhaltender Genuss, jetzt auf vapingnet.de erh\u00e4ltlich!\",\"breadcrumb\":{\"@id\":\"https:\/\/vapingnet.de\/vape\/red-bull-bang-20000puff-langanhaltender-genuss-premium-qualitaet-garantiert\/#breadcrumb\"},\"inLanguage\":\"pl-PL\",\"potentialAction\":[{\"@type\":\"ReadAction\",\"target\":[\"https:\/\/vapingnet.de\/vape\/red-bull-bang-20000puff-langanhaltender-genuss-premium-qualitaet-garantiert\/\"]}]},{\"@type\":\"ImageObject\",\"inLanguage\":\"pl-PL\",\"@id\":\"https:\/\/vapingnet.de\/vape\/red-bull-bang-20000puff-langanhaltender-genuss-premium-qualitaet-garantiert\/#primaryimage\",\"url\":\"https:\/\/vapingnet.de\/wp-content\/uploads\/2025\/03\/Red-Bull.png\",\"contentUrl\":\"https:\/\/vapingnet.de\/wp-content\/uploads\/2025\/03\/Red-Bull.png\",\"width\":1000,\"height\":1000,\"caption\":\"Red Bull\"},{\"@type\":\"BreadcrumbList\",\"@id\":\"https:\/\/vapingnet.de\/vape\/red-bull-bang-20000puff-langanhaltender-genuss-premium-qualitaet-garantiert\/#breadcrumb\",\"itemListElement\":[{\"@type\":\"ListItem\",\"position\":1,\"name\":\"Home\",\"item\":\"https:\/\/vapingnet.de\/\"},{\"@type\":\"ListItem\",\"position\":2,\"name\":\"Shop\",\"item\":\"https:\/\/vapingnet.de\/vape\/\"},{\"@type\":\"ListItem\",\"position\":3,\"name\":\"Red Bull Bang 20000Puff Langanhaltender Genuss Premium Qualit\u00e4t garantiert\"}]},{\"@type\":\"WebSite\",\"@id\":\"https:\/\/vapingnet.de\/#website\",\"url\":\"https:\/\/vapingnet.de\/\",\"name\":\"Vapingnet.de\",\"description\":\"\",\"publisher\":{\"@id\":\"https:\/\/vapingnet.de\/#organization\"},\"potentialAction\":[{\"@type\":\"SearchAction\",\"target\":{\"@type\":\"EntryPoint\",\"urlTemplate\":\"https:\/\/vapingnet.de\/?s={search_term_string}\"},\"query-input\":{\"@type\":\"PropertyValueSpecification\",\"valueRequired\":true,\"valueName\":\"search_term_string\"}}],\"inLanguage\":\"pl-PL\"},{\"@type\":\"Organization\",\"@id\":\"https:\/\/vapingnet.de\/#organization\",\"name\":\"Vapingnet.de\",\"url\":\"https:\/\/vapingnet.de\/\",\"logo\":{\"@type\":\"ImageObject\",\"inLanguage\":\"pl-PL\",\"@id\":\"https:\/\/vapingnet.de\/#\/schema\/logo\/image\/\",\"url\":\"https:\/\/vapingnet.de\/wp-content\/uploads\/2025\/03\/cropped-vapingnet.de_.jpg\",\"contentUrl\":\"https:\/\/vapingnet.de\/wp-content\/uploads\/2025\/03\/cropped-vapingnet.de_.jpg\",\"width\":512,\"height\":512,\"caption\":\"Vapingnet.de\"},\"image\":{\"@id\":\"https:\/\/vapingnet.de\/#\/schema\/logo\/image\/\"},\"sameAs\":[\"https:\/\/www.facebook.com\/vapingnetde\/\"]}]}<\/script>\n<!-- \/ Yoast SEO plugin. -->","yoast_head_json":{"title":"Entdecke Bang 20000Puff Red Bull Geschmack auf vapingnet.de","description":"Erlebe den erfrischenden Red Bull Geschmack des Bang 20000Puff. Langanhaltender Genuss, jetzt auf vapingnet.de erh\u00e4ltlich!","robots":{"index":"index","follow":"follow","max-snippet":"max-snippet:-1","max-image-preview":"max-image-preview:large","max-video-preview":"max-video-preview:-1"},"canonical":"https:\/\/vapingnet.de\/pl\/vape\/red-bull-bang-20000puff-langanhaltender-genuss-premium-qualitaet-garantiert\/","og_locale":"pl_PL","og_type":"article","og_title":"Entdecke Bang 20000Puff Red Bull Geschmack auf vapingnet.de","og_description":"Erlebe den erfrischenden Red Bull Geschmack des Bang 20000Puff. Langanhaltender Genuss, jetzt auf vapingnet.de erh\u00e4ltlich!","og_url":"https:\/\/vapingnet.de\/pl\/vape\/red-bull-bang-20000puff-langanhaltender-genuss-premium-qualitaet-garantiert\/","og_site_name":"Vapingnet.de","article_publisher":"https:\/\/www.facebook.com\/vapingnetde\/","article_modified_time":"2025-06-19T03:40:50+00:00","og_image":[{"width":1000,"height":1000,"url":"https:\/\/vapingnet.de\/wp-content\/uploads\/2025\/03\/Red-Bull.png","type":"image\/png"}],"twitter_card":"summary_large_image","twitter_misc":{"Est. reading time":"3 minutes"},"schema":{"@context":"https:\/\/schema.org","@graph":[{"@type":"WebPage","@id":"https:\/\/vapingnet.de\/vape\/red-bull-bang-20000puff-langanhaltender-genuss-premium-qualitaet-garantiert\/","url":"https:\/\/vapingnet.de\/vape\/red-bull-bang-20000puff-langanhaltender-genuss-premium-qualitaet-garantiert\/","name":"Entdecke Bang 20000Puff Red Bull Geschmack auf vapingnet.de","isPartOf":{"@id":"https:\/\/vapingnet.de\/#website"},"primaryImageOfPage":{"@id":"https:\/\/vapingnet.de\/vape\/red-bull-bang-20000puff-langanhaltender-genuss-premium-qualitaet-garantiert\/#primaryimage"},"image":{"@id":"https:\/\/vapingnet.de\/vape\/red-bull-bang-20000puff-langanhaltender-genuss-premium-qualitaet-garantiert\/#primaryimage"},"thumbnailUrl":"https:\/\/vapingnet.de\/wp-content\/uploads\/2025\/03\/Red-Bull.png","datePublished":"2025-03-15T09:11:03+00:00","dateModified":"2025-06-19T03:40:50+00:00","description":"Erlebe den erfrischenden Red Bull Geschmack des Bang 20000Puff. Langanhaltender Genuss, jetzt auf vapingnet.de erh\u00e4ltlich!","breadcrumb":{"@id":"https:\/\/vapingnet.de\/vape\/red-bull-bang-20000puff-langanhaltender-genuss-premium-qualitaet-garantiert\/#breadcrumb"},"inLanguage":"pl-PL","potentialAction":[{"@type":"ReadAction","target":["https:\/\/vapingnet.de\/vape\/red-bull-bang-20000puff-langanhaltender-genuss-premium-qualitaet-garantiert\/"]}]},{"@type":"ImageObject","inLanguage":"pl-PL","@id":"https:\/\/vapingnet.de\/vape\/red-bull-bang-20000puff-langanhaltender-genuss-premium-qualitaet-garantiert\/#primaryimage","url":"https:\/\/vapingnet.de\/wp-content\/uploads\/2025\/03\/Red-Bull.png","contentUrl":"https:\/\/vapingnet.de\/wp-content\/uploads\/2025\/03\/Red-Bull.png","width":1000,"height":1000,"caption":"Red Bull"},{"@type":"BreadcrumbList","@id":"https:\/\/vapingnet.de\/vape\/red-bull-bang-20000puff-langanhaltender-genuss-premium-qualitaet-garantiert\/#breadcrumb","itemListElement":[{"@type":"ListItem","position":1,"name":"Home","item":"https:\/\/vapingnet.de\/"},{"@type":"ListItem","position":2,"name":"Shop","item":"https:\/\/vapingnet.de\/vape\/"},{"@type":"ListItem","position":3,"name":"Red Bull Bang 20000Puff Langanhaltender Genuss Premium Qualit\u00e4t garantiert"}]},{"@type":"WebSite","@id":"https:\/\/vapingnet.de\/#website","url":"https:\/\/vapingnet.de\/","name":"Vapingnet.de","description":"","publisher":{"@id":"https:\/\/vapingnet.de\/#organization"},"potentialAction":[{"@type":"SearchAction","target":{"@type":"EntryPoint","urlTemplate":"https:\/\/vapingnet.de\/?s={search_term_string}"},"query-input":{"@type":"PropertyValueSpecification","valueRequired":true,"valueName":"search_term_string"}}],"inLanguage":"pl-PL"},{"@type":"Organization","@id":"https:\/\/vapingnet.de\/#organization","name":"Vapingnet.de","url":"https:\/\/vapingnet.de\/","logo":{"@type":"ImageObject","inLanguage":"pl-PL","@id":"https:\/\/vapingnet.de\/#\/schema\/logo\/image\/","url":"https:\/\/vapingnet.de\/wp-content\/uploads\/2025\/03\/cropped-vapingnet.de_.jpg","contentUrl":"https:\/\/vapingnet.de\/wp-content\/uploads\/2025\/03\/cropped-vapingnet.de_.jpg","width":512,"height":512,"caption":"Vapingnet.de"},"image":{"@id":"https:\/\/vapingnet.de\/#\/schema\/logo\/image\/"},"sameAs":["https:\/\/www.facebook.com\/vapingnetde\/"]}]}},"tiered_pricing_type":"fixed","tiered_pricing_fixed_rules":{"10":"8.92","60":"8.03","110":"7.14","200":"6.24"},"tiered_pricing_product_settings":{"layout":"default","base_unit_name":{"singular":null,"plural":null},"default_variation":null},"tiered_pricing_minimum_quantity":null,"tiered_pricing_roles_data":[],"tiered_pricing_percentage_rules":[],"_links":{"self":[{"href":"https:\/\/vapingnet.de\/pl\/wp-json\/wp\/v2\/product\/5462","targetHints":{"allow":["GET"]}}],"collection":[{"href":"https:\/\/vapingnet.de\/pl\/wp-json\/wp\/v2\/product"}],"about":[{"href":"https:\/\/vapingnet.de\/pl\/wp-json\/wp\/v2\/types\/product"}],"version-history":[{"count":1,"href":"https:\/\/vapingnet.de\/pl\/wp-json\/wp\/v2\/product\/5462\/revisions"}],"predecessor-version":[{"id":5464,"href":"https:\/\/vapingnet.de\/pl\/wp-json\/wp\/v2\/product\/5462\/revisions\/5464"}],"wp:featuredmedia":[{"embeddable":true,"href":"https:\/\/vapingnet.de\/pl\/wp-json\/wp\/v2\/media\/5463"}],"wp:attachment":[{"href":"https:\/\/vapingnet.de\/pl\/wp-json\/wp\/v2\/media?parent=5462"}],"wp:term":[{"taxonomy":"brand","embeddable":true,"href":"https:\/\/vapingnet.de\/pl\/wp-json\/wp\/v2\/etheme_brands?post=5462"},{"taxonomy":"product_brand","embeddable":true,"href":"https:\/\/vapingnet.de\/pl\/wp-json\/wp\/v2\/product_brand?post=5462"},{"taxonomy":"product_cat","embeddable":true,"href":"https:\/\/vapingnet.de\/pl\/wp-json\/wp\/v2\/product_cat?post=5462"},{"taxonomy":"product_tag","embeddable":true,"href":"https:\/\/vapingnet.de\/pl\/wp-json\/wp\/v2\/product_tag?post=5462"}],"curies":[{"name":"wp","href":"https:\/\/api.w.org\/{rel}","templated":true}]}}