{"id":5468,"date":"2025-03-15T09:27:14","date_gmt":"2025-03-15T09:27:14","guid":{"rendered":"https:\/\/vapingnet.de\/?post_type=product&#038;p=5468"},"modified":"2025-06-19T03:40:50","modified_gmt":"2025-06-19T03:40:50","slug":"bang-20000puff-grape-ice-erfrischender-genuss-jetzt-werksrabatt-sichern","status":"publish","type":"product","link":"https:\/\/vapingnet.de\/pl\/vape\/bang-20000puff-grape-ice-erfrischender-genuss-jetzt-werksrabatt-sichern\/","title":{"rendered":"Bang 20000Puff Grape Ice Orze\u017awiaj\u0105ca przyjemno\u015b\u0107, teraz z rabatem fabrycznym"},"content":{"rendered":"<h2 data-start=\"0\" data-end=\"83\"><\/h2>\n<h2 data-start=\"90\" data-end=\"137\">Bang 20000Puff Dual Mesh Jednorazowa E-papieros<\/h2>\n<p data-start=\"139\" data-end=\"191\"><strong data-start=\"139\" data-end=\"191\">Do\u015bwiadcz d\u0142ugotrwa\u0142ej przyjemno\u015bci i smaku<\/strong><\/p>\n<p data-start=\"193\" data-end=\"543\">Bang 20000Puff Dual Mesh<a href=\"https:\/\/vapingnet.de\/pl\/k\/einweg-e-zigarette\/\" target=\"_blank\" rel=\"noopener\"><strong> Jednorazowa e-papieros<\/strong><\/a> zosta\u0142 zaprojektowany dla u\u017cytkownik\u00f3w poszukuj\u0105cych d\u0142ugotrwa\u0142ej wydajno\u015bci i doskona\u0142ej jako\u015bci. Ten e-papieros oferuje nie tylko podstawowe funkcje, ale ka\u017cdy szczeg\u00f3\u0142 zosta\u0142 starannie opracowany, aby zapewni\u0107 Ci ka\u017cd\u0105 inhalacj\u0119 z perfekcyjnym dymem i smakiem.<\/p>\n<h4 data-start=\"545\" data-end=\"569\">Najwa\u017cniejsze cechy produktu<\/h4>\n<ol data-start=\"570\" data-end=\"2027\">\n<li data-start=\"570\" data-end=\"778\">\n<p data-start=\"573\" data-end=\"778\"><strong data-start=\"573\" data-end=\"597\">Ekstremalnie d\u0142ugie u\u017cytkowanie<\/strong><br data-start=\"597\" data-end=\"600\" \/>Bang 20000Puff oferuje 20000 poci\u0105gni\u0119\u0107, dzi\u0119ki czemu nie musisz si\u0119 martwi\u0107 o cz\u0119st\u0105 wymian\u0119. Mo\u017cesz cieszy\u0107 si\u0119 nim d\u0142u\u017cej \u2013 idealny dla d\u0142ugoterminowych u\u017cytkownik\u00f3w.<\/p>\n<\/li>\n<li data-start=\"780\" data-end=\"1046\">\n<p data-start=\"783\" data-end=\"1046\"><strong data-start=\"783\" data-end=\"831\">Innowacyjna technologia podw\u00f3jnego mesh do tworzenia pary<\/strong><br data-start=\"831\" data-end=\"834\" \/>Dual-Mesh Coil o oporno\u015bci 1,1\u03a9 zapewnia bogaty i aromatyczny dym. Przy ka\u017cdym poci\u0105gni\u0119ciu do\u015bwiadczysz delikatnej i r\u00f3wnomiernej produkcji pary, co czyni inhalacj\u0119 wyj\u0105tkowym prze\u017cyciem.<\/p>\n<\/li>\n<li data-start=\"1048\" data-end=\"1286\">\n<p data-start=\"1051\" data-end=\"1286\"><strong data-start=\"1051\" data-end=\"1079\">Du\u017ca pojemno\u015b\u0107 e-liquid<\/strong><br data-start=\"1079\" data-end=\"1082\" \/>Z pojemno\u015bci\u0105 28 ml mo\u017cesz cieszy\u0107 si\u0119 e-papierosem przez d\u0142ugi czas bez konieczno\u015bci uzupe\u0142niania. Bang 20000Puff \u0142\u0105czy d\u0142ugotrwa\u0142e u\u017cytkowanie z wygod\u0105.<\/p>\n<\/li>\n<li data-start=\"1288\" data-end=\"1537\">\n<p data-start=\"1291\" data-end=\"1537\"><strong data-start=\"1291\" data-end=\"1322\">R\u00f3\u017cne st\u0119\u017cenia nikotyny<\/strong><br data-start=\"1322\" data-end=\"1325\" \/>Bang 20000Puff oferuje cztery poziomy nikotyny: 0%, 2%, 3% i 5%. Niezale\u017cnie od tego, czy wolisz beznikotynowy, orze\u017awiaj\u0105cy smak, czy mocniejsz\u0105 dawk\u0119 nikotyny \u2013 ten e-papieros spe\u0142ni Twoje oczekiwania.<\/p>\n<\/li>\n<li data-start=\"1539\" data-end=\"1791\">\n<p data-start=\"1542\" data-end=\"1791\"><strong data-start=\"1542\" data-end=\"1580\">Wydajny akumulator i szybkie \u0142adowanie<\/strong><br data-start=\"1580\" data-end=\"1583\" \/>Z akumulatorem 650mAh Bang 20000Puff zapewnia d\u0142ugie u\u017cytkowanie. Port Type-C umo\u017cliwia szybkie i wygodne \u0142adowanie, dzi\u0119ki czemu zawsze mo\u017cesz szybko wr\u00f3ci\u0107 do inhalacji.<\/p>\n<\/li>\n<li data-start=\"1793\" data-end=\"2027\">\n<p data-start=\"1796\" data-end=\"2027\"><strong data-start=\"1796\" data-end=\"1832\">Wygodny i lekki design<\/strong><br data-start=\"1832\" data-end=\"1835\" \/>Z wag\u0105 zaledwie 90 g Bang 20000Puff jest lekki i \u0142atwy do przenoszenia. Mo\u017cesz go bez problemu schowa\u0107 do torby lub kieszeni i cieszy\u0107 si\u0119 pe\u0142nym dymem w ka\u017cdej chwili.<\/p>\n<\/li>\n<\/ol>\n<h4 data-start=\"2029\" data-end=\"2081\">Zalecany smak: Grape Ice<\/h4>\n<p data-start=\"2083\" data-end=\"2353\">Smak Grape Ice \u0142\u0105czy s\u0142odycz winogron z orze\u017awiaj\u0105cym ch\u0142odz\u0105cym akcentem lodu. Ka\u017cde poci\u0105gni\u0119cie przynosi od\u015bwie\u017caj\u0105ce, letnie uczucie. Bez wzgl\u0119du na por\u0119 roku, ten smak zapewnia przyjemne ch\u0142odzenie i \u015bwie\u017ce doznania podczas inhalacji.<\/p>\n<h3 data-start=\"2355\" data-end=\"2387\">Dlaczego wybra\u0107 Bang 20000Puff?<\/h3>\n<ul data-start=\"2389\" data-end=\"2780\">\n<li data-start=\"2389\" data-end=\"2501\"><strong data-start=\"2391\" data-end=\"2403\">Bez c\u0142a<\/strong>: Wszystkie zam\u00f3wienia korzystaj\u0105 z bezc\u0142owej dostawy, dzi\u0119ki czemu mo\u017cesz robi\u0107 zakupy bez obaw.<\/li>\n<li data-start=\"2502\" data-end=\"2624\"><strong data-start=\"2504\" data-end=\"2526\">Szybka dostawa<\/strong>: Dzi\u0119ki lotniczej wysy\u0142ce Twoje zam\u00f3wienie zostanie dostarczone w ci\u0105gu 7-15 dni roboczych, szybko i bezpiecznie.<\/li>\n<li data-start=\"2625\" data-end=\"2780\"><strong data-start=\"2627\" data-end=\"2651\">Wysoka jako\u015b\u0107<\/strong>: Oferujemy wy\u0142\u0105cznie produkty najwy\u017cszej jako\u015bci, dzi\u0119ki czemu ka\u017cdy zaci\u0105g Bang 20000Puff stanie si\u0119 wyj\u0105tkowym prze\u017cyciem.<\/li>\n<\/ul>\n<p data-start=\"2782\" data-end=\"3123\"><strong data-start=\"2782\" data-end=\"2846\">Kup teraz i ciesz si\u0119 niezr\u00f3wnanym do\u015bwiadczeniem z e-papierosem<\/strong><br data-start=\"2846\" data-end=\"2849\" \/>Odwied\u017a vapingnet.de i kup dzi\u015b jednorazowego e-papierosa Bang 20000Puff Dual Mesh. Skorzystaj z bezc\u0142owych zakup\u00f3w i szybkiej dostawy. Niezale\u017cnie od tego, czy u\u017cywasz go na co dzie\u0144, czy do relaksu \u2013 Bang 20000Puff spe\u0142ni wszystkie Twoje oczekiwania dotycz\u0105ce vapowania.<\/p>\n<p data-start=\"3130\" data-end=\"3245\" data-is-last-node=\"\" data-is-only-node=\"\">Mam nadziej\u0119, \u017ce to t\u0142umaczenie spe\u0142nia Twoje oczekiwania. Daj mi zna\u0107, je\u015bli chcesz co\u015b dostosowa\u0107!<\/p>","protected":false},"excerpt":{"rendered":"<p>Bang 20000Puff Dual Mesh Jednorazowy e-papieros \u2013 Do\u015bwiadcz d\u0142ugotrwa\u0142ej przyjemno\u015bci i smaku Bang 20000Puff Dual Mesh Jednorazowy e-papieros zosta\u0142 zaprojektowany dla u\u017cytkownik\u00f3w, kt\u00f3rzy ceni\u0105 sobie...<\/p>","protected":false},"featured_media":5469,"template":"","meta":[],"etheme_brands":[],"product_brand":[101],"product_cat":[54,49,61],"product_tag":[],"class_list":{"0":"post-5468","1":"product","2":"type-product","3":"status-publish","4":"has-post-thumbnail","6":"product_brand-bang-king-vape","7":"product_cat-vape-20000-zuege","8":"product_cat-einweg-e-zigarette","9":"product_cat-f","11":"first","12":"instock","13":"shipping-taxable","14":"purchasable","15":"product-type-simple"},"yoast_head":"<!-- This site is optimized with the Yoast SEO plugin v26.5 - https:\/\/yoast.com\/wordpress\/plugins\/seo\/ -->\n<title>Bang 20000Puff Grape Ice Erfrischender Genuss auf vapingnet.de<\/title>\n<meta name=\"description\" content=\"Erlebe den k\u00fchlen Grape Ice Geschmack des Bang 20000Puff. Langanhaltender Genuss, jetzt auf vapingnet.de erh\u00e4ltlich!\" \/>\n<meta name=\"robots\" content=\"index, follow, max-snippet:-1, max-image-preview:large, max-video-preview:-1\" \/>\n<link rel=\"canonical\" href=\"https:\/\/vapingnet.de\/pl\/vape\/bang-20000puff-grape-ice-erfrischender-genuss-jetzt-werksrabatt-sichern\/\" \/>\n<meta property=\"og:locale\" content=\"pl_PL\" \/>\n<meta property=\"og:type\" content=\"article\" \/>\n<meta property=\"og:title\" content=\"Bang 20000Puff Grape Ice Erfrischender Genuss auf vapingnet.de\" \/>\n<meta property=\"og:description\" content=\"Erlebe den k\u00fchlen Grape Ice Geschmack des Bang 20000Puff. Langanhaltender Genuss, jetzt auf vapingnet.de erh\u00e4ltlich!\" \/>\n<meta property=\"og:url\" content=\"https:\/\/vapingnet.de\/pl\/vape\/bang-20000puff-grape-ice-erfrischender-genuss-jetzt-werksrabatt-sichern\/\" \/>\n<meta property=\"og:site_name\" content=\"Vapingnet.de\" \/>\n<meta property=\"article:publisher\" content=\"https:\/\/www.facebook.com\/vapingnetde\/\" \/>\n<meta property=\"article:modified_time\" content=\"2025-06-19T03:40:50+00:00\" \/>\n<meta property=\"og:image\" content=\"https:\/\/vapingnet.de\/wp-content\/uploads\/2025\/03\/Grape-Ice-1.png\" \/>\n\t<meta property=\"og:image:width\" content=\"1000\" \/>\n\t<meta property=\"og:image:height\" content=\"1000\" \/>\n\t<meta property=\"og:image:type\" content=\"image\/png\" \/>\n<meta name=\"twitter:card\" content=\"summary_large_image\" \/>\n<meta name=\"twitter:label1\" content=\"Est. reading time\" \/>\n\t<meta name=\"twitter:data1\" content=\"3 minutes\" \/>\n<script type=\"application\/ld+json\" class=\"yoast-schema-graph\">{\"@context\":\"https:\/\/schema.org\",\"@graph\":[{\"@type\":\"WebPage\",\"@id\":\"https:\/\/vapingnet.de\/vape\/bang-20000puff-grape-ice-erfrischender-genuss-jetzt-werksrabatt-sichern\/\",\"url\":\"https:\/\/vapingnet.de\/vape\/bang-20000puff-grape-ice-erfrischender-genuss-jetzt-werksrabatt-sichern\/\",\"name\":\"Bang 20000Puff Grape Ice Erfrischender Genuss auf vapingnet.de\",\"isPartOf\":{\"@id\":\"https:\/\/vapingnet.de\/#website\"},\"primaryImageOfPage\":{\"@id\":\"https:\/\/vapingnet.de\/vape\/bang-20000puff-grape-ice-erfrischender-genuss-jetzt-werksrabatt-sichern\/#primaryimage\"},\"image\":{\"@id\":\"https:\/\/vapingnet.de\/vape\/bang-20000puff-grape-ice-erfrischender-genuss-jetzt-werksrabatt-sichern\/#primaryimage\"},\"thumbnailUrl\":\"https:\/\/vapingnet.de\/wp-content\/uploads\/2025\/03\/Grape-Ice-1.png\",\"datePublished\":\"2025-03-15T09:27:14+00:00\",\"dateModified\":\"2025-06-19T03:40:50+00:00\",\"description\":\"Erlebe den k\u00fchlen Grape Ice Geschmack des Bang 20000Puff. Langanhaltender Genuss, jetzt auf vapingnet.de erh\u00e4ltlich!\",\"breadcrumb\":{\"@id\":\"https:\/\/vapingnet.de\/vape\/bang-20000puff-grape-ice-erfrischender-genuss-jetzt-werksrabatt-sichern\/#breadcrumb\"},\"inLanguage\":\"pl-PL\",\"potentialAction\":[{\"@type\":\"ReadAction\",\"target\":[\"https:\/\/vapingnet.de\/vape\/bang-20000puff-grape-ice-erfrischender-genuss-jetzt-werksrabatt-sichern\/\"]}]},{\"@type\":\"ImageObject\",\"inLanguage\":\"pl-PL\",\"@id\":\"https:\/\/vapingnet.de\/vape\/bang-20000puff-grape-ice-erfrischender-genuss-jetzt-werksrabatt-sichern\/#primaryimage\",\"url\":\"https:\/\/vapingnet.de\/wp-content\/uploads\/2025\/03\/Grape-Ice-1.png\",\"contentUrl\":\"https:\/\/vapingnet.de\/wp-content\/uploads\/2025\/03\/Grape-Ice-1.png\",\"width\":1000,\"height\":1000,\"caption\":\"Grape Ice\"},{\"@type\":\"BreadcrumbList\",\"@id\":\"https:\/\/vapingnet.de\/vape\/bang-20000puff-grape-ice-erfrischender-genuss-jetzt-werksrabatt-sichern\/#breadcrumb\",\"itemListElement\":[{\"@type\":\"ListItem\",\"position\":1,\"name\":\"Home\",\"item\":\"https:\/\/vapingnet.de\/\"},{\"@type\":\"ListItem\",\"position\":2,\"name\":\"Shop\",\"item\":\"https:\/\/vapingnet.de\/vape\/\"},{\"@type\":\"ListItem\",\"position\":3,\"name\":\"Bang 20000Puff Grape Ice Erfrischender Genuss jetzt Werksrabatt sichern\"}]},{\"@type\":\"WebSite\",\"@id\":\"https:\/\/vapingnet.de\/#website\",\"url\":\"https:\/\/vapingnet.de\/\",\"name\":\"Vapingnet.de\",\"description\":\"\",\"publisher\":{\"@id\":\"https:\/\/vapingnet.de\/#organization\"},\"potentialAction\":[{\"@type\":\"SearchAction\",\"target\":{\"@type\":\"EntryPoint\",\"urlTemplate\":\"https:\/\/vapingnet.de\/?s={search_term_string}\"},\"query-input\":{\"@type\":\"PropertyValueSpecification\",\"valueRequired\":true,\"valueName\":\"search_term_string\"}}],\"inLanguage\":\"pl-PL\"},{\"@type\":\"Organization\",\"@id\":\"https:\/\/vapingnet.de\/#organization\",\"name\":\"Vapingnet.de\",\"url\":\"https:\/\/vapingnet.de\/\",\"logo\":{\"@type\":\"ImageObject\",\"inLanguage\":\"pl-PL\",\"@id\":\"https:\/\/vapingnet.de\/#\/schema\/logo\/image\/\",\"url\":\"https:\/\/vapingnet.de\/wp-content\/uploads\/2025\/03\/cropped-vapingnet.de_.jpg\",\"contentUrl\":\"https:\/\/vapingnet.de\/wp-content\/uploads\/2025\/03\/cropped-vapingnet.de_.jpg\",\"width\":512,\"height\":512,\"caption\":\"Vapingnet.de\"},\"image\":{\"@id\":\"https:\/\/vapingnet.de\/#\/schema\/logo\/image\/\"},\"sameAs\":[\"https:\/\/www.facebook.com\/vapingnetde\/\"]}]}<\/script>\n<!-- \/ Yoast SEO plugin. -->","yoast_head_json":{"title":"Bang 20000Puff Grape Ice Erfrischender Genuss auf vapingnet.de","description":"Erlebe den k\u00fchlen Grape Ice Geschmack des Bang 20000Puff. Langanhaltender Genuss, jetzt auf vapingnet.de erh\u00e4ltlich!","robots":{"index":"index","follow":"follow","max-snippet":"max-snippet:-1","max-image-preview":"max-image-preview:large","max-video-preview":"max-video-preview:-1"},"canonical":"https:\/\/vapingnet.de\/pl\/vape\/bang-20000puff-grape-ice-erfrischender-genuss-jetzt-werksrabatt-sichern\/","og_locale":"pl_PL","og_type":"article","og_title":"Bang 20000Puff Grape Ice Erfrischender Genuss auf vapingnet.de","og_description":"Erlebe den k\u00fchlen Grape Ice Geschmack des Bang 20000Puff. Langanhaltender Genuss, jetzt auf vapingnet.de erh\u00e4ltlich!","og_url":"https:\/\/vapingnet.de\/pl\/vape\/bang-20000puff-grape-ice-erfrischender-genuss-jetzt-werksrabatt-sichern\/","og_site_name":"Vapingnet.de","article_publisher":"https:\/\/www.facebook.com\/vapingnetde\/","article_modified_time":"2025-06-19T03:40:50+00:00","og_image":[{"width":1000,"height":1000,"url":"https:\/\/vapingnet.de\/wp-content\/uploads\/2025\/03\/Grape-Ice-1.png","type":"image\/png"}],"twitter_card":"summary_large_image","twitter_misc":{"Est. reading time":"3 minutes"},"schema":{"@context":"https:\/\/schema.org","@graph":[{"@type":"WebPage","@id":"https:\/\/vapingnet.de\/vape\/bang-20000puff-grape-ice-erfrischender-genuss-jetzt-werksrabatt-sichern\/","url":"https:\/\/vapingnet.de\/vape\/bang-20000puff-grape-ice-erfrischender-genuss-jetzt-werksrabatt-sichern\/","name":"Bang 20000Puff Grape Ice Erfrischender Genuss auf vapingnet.de","isPartOf":{"@id":"https:\/\/vapingnet.de\/#website"},"primaryImageOfPage":{"@id":"https:\/\/vapingnet.de\/vape\/bang-20000puff-grape-ice-erfrischender-genuss-jetzt-werksrabatt-sichern\/#primaryimage"},"image":{"@id":"https:\/\/vapingnet.de\/vape\/bang-20000puff-grape-ice-erfrischender-genuss-jetzt-werksrabatt-sichern\/#primaryimage"},"thumbnailUrl":"https:\/\/vapingnet.de\/wp-content\/uploads\/2025\/03\/Grape-Ice-1.png","datePublished":"2025-03-15T09:27:14+00:00","dateModified":"2025-06-19T03:40:50+00:00","description":"Erlebe den k\u00fchlen Grape Ice Geschmack des Bang 20000Puff. Langanhaltender Genuss, jetzt auf vapingnet.de erh\u00e4ltlich!","breadcrumb":{"@id":"https:\/\/vapingnet.de\/vape\/bang-20000puff-grape-ice-erfrischender-genuss-jetzt-werksrabatt-sichern\/#breadcrumb"},"inLanguage":"pl-PL","potentialAction":[{"@type":"ReadAction","target":["https:\/\/vapingnet.de\/vape\/bang-20000puff-grape-ice-erfrischender-genuss-jetzt-werksrabatt-sichern\/"]}]},{"@type":"ImageObject","inLanguage":"pl-PL","@id":"https:\/\/vapingnet.de\/vape\/bang-20000puff-grape-ice-erfrischender-genuss-jetzt-werksrabatt-sichern\/#primaryimage","url":"https:\/\/vapingnet.de\/wp-content\/uploads\/2025\/03\/Grape-Ice-1.png","contentUrl":"https:\/\/vapingnet.de\/wp-content\/uploads\/2025\/03\/Grape-Ice-1.png","width":1000,"height":1000,"caption":"Grape Ice"},{"@type":"BreadcrumbList","@id":"https:\/\/vapingnet.de\/vape\/bang-20000puff-grape-ice-erfrischender-genuss-jetzt-werksrabatt-sichern\/#breadcrumb","itemListElement":[{"@type":"ListItem","position":1,"name":"Home","item":"https:\/\/vapingnet.de\/"},{"@type":"ListItem","position":2,"name":"Shop","item":"https:\/\/vapingnet.de\/vape\/"},{"@type":"ListItem","position":3,"name":"Bang 20000Puff Grape Ice Erfrischender Genuss jetzt Werksrabatt sichern"}]},{"@type":"WebSite","@id":"https:\/\/vapingnet.de\/#website","url":"https:\/\/vapingnet.de\/","name":"Vapingnet.de","description":"","publisher":{"@id":"https:\/\/vapingnet.de\/#organization"},"potentialAction":[{"@type":"SearchAction","target":{"@type":"EntryPoint","urlTemplate":"https:\/\/vapingnet.de\/?s={search_term_string}"},"query-input":{"@type":"PropertyValueSpecification","valueRequired":true,"valueName":"search_term_string"}}],"inLanguage":"pl-PL"},{"@type":"Organization","@id":"https:\/\/vapingnet.de\/#organization","name":"Vapingnet.de","url":"https:\/\/vapingnet.de\/","logo":{"@type":"ImageObject","inLanguage":"pl-PL","@id":"https:\/\/vapingnet.de\/#\/schema\/logo\/image\/","url":"https:\/\/vapingnet.de\/wp-content\/uploads\/2025\/03\/cropped-vapingnet.de_.jpg","contentUrl":"https:\/\/vapingnet.de\/wp-content\/uploads\/2025\/03\/cropped-vapingnet.de_.jpg","width":512,"height":512,"caption":"Vapingnet.de"},"image":{"@id":"https:\/\/vapingnet.de\/#\/schema\/logo\/image\/"},"sameAs":["https:\/\/www.facebook.com\/vapingnetde\/"]}]}},"tiered_pricing_type":"fixed","tiered_pricing_fixed_rules":{"10":"8.92","60":"8.03","110":"7.14","200":"6.24"},"tiered_pricing_product_settings":{"layout":"default","base_unit_name":{"singular":null,"plural":null},"default_variation":null},"tiered_pricing_minimum_quantity":null,"tiered_pricing_roles_data":[],"tiered_pricing_percentage_rules":[],"_links":{"self":[{"href":"https:\/\/vapingnet.de\/pl\/wp-json\/wp\/v2\/product\/5468","targetHints":{"allow":["GET"]}}],"collection":[{"href":"https:\/\/vapingnet.de\/pl\/wp-json\/wp\/v2\/product"}],"about":[{"href":"https:\/\/vapingnet.de\/pl\/wp-json\/wp\/v2\/types\/product"}],"version-history":[{"count":1,"href":"https:\/\/vapingnet.de\/pl\/wp-json\/wp\/v2\/product\/5468\/revisions"}],"predecessor-version":[{"id":5470,"href":"https:\/\/vapingnet.de\/pl\/wp-json\/wp\/v2\/product\/5468\/revisions\/5470"}],"wp:featuredmedia":[{"embeddable":true,"href":"https:\/\/vapingnet.de\/pl\/wp-json\/wp\/v2\/media\/5469"}],"wp:attachment":[{"href":"https:\/\/vapingnet.de\/pl\/wp-json\/wp\/v2\/media?parent=5468"}],"wp:term":[{"taxonomy":"brand","embeddable":true,"href":"https:\/\/vapingnet.de\/pl\/wp-json\/wp\/v2\/etheme_brands?post=5468"},{"taxonomy":"product_brand","embeddable":true,"href":"https:\/\/vapingnet.de\/pl\/wp-json\/wp\/v2\/product_brand?post=5468"},{"taxonomy":"product_cat","embeddable":true,"href":"https:\/\/vapingnet.de\/pl\/wp-json\/wp\/v2\/product_cat?post=5468"},{"taxonomy":"product_tag","embeddable":true,"href":"https:\/\/vapingnet.de\/pl\/wp-json\/wp\/v2\/product_tag?post=5468"}],"curies":[{"name":"wp","href":"https:\/\/api.w.org\/{rel}","templated":true}]}}