{"id":5480,"date":"2025-03-15T09:54:43","date_gmt":"2025-03-15T09:54:43","guid":{"rendered":"https:\/\/vapingnet.de\/?post_type=product&#038;p=5480"},"modified":"2025-06-19T03:40:48","modified_gmt":"2025-06-19T03:40:48","slug":"bang-20000puff-zu-unschlagbaren-grosshandelspreisen-jetzt-zugreifen","status":"publish","type":"product","link":"https:\/\/vapingnet.de\/pl\/vape\/bang-20000puff-zu-unschlagbaren-grosshandelspreisen-jetzt-zugreifen\/","title":{"rendered":"Bang 20000Puff w niezr\u00f3wnanych cenach hurtowych Teraz skorzystaj"},"content":{"rendered":"<h2 data-start=\"0\" data-end=\"108\">Bang 20000Puff Jednorazowa E-papieros z podw\u00f3jn\u0105 siatk\u0105 \u2013 Ciesz si\u0119 d\u0142ugotrwa\u0142ym smakiem i obfitym dymem<\/h2>\n<p data-start=\"110\" data-end=\"578\">Bang 20000Puff Dual Mesh <a href=\"https:\/\/vapingnet.de\/pl\/k\/einweg-e-zigarette\/\" target=\"_blank\" rel=\"noopener\"><strong>Jednorazowa e-papieros<\/strong><\/a> jest to wydajne i trwa\u0142e urz\u0105dzenie, specjalnie zaprojektowane dla u\u017cytkownik\u00f3w ceni\u0105cych jako\u015b\u0107 i wygod\u0119. Dzi\u0119ki innowacyjnej technologii podw\u00f3jnej siatki grza\u0142ki oraz du\u017cej pojemno\u015bci e-liquid, zapewnia wyj\u0105tkowo d\u0142ugi czas u\u017cytkowania i niezr\u00f3wnane doznania podczas palenia. Niezale\u017cnie od tego, czy u\u017cywasz na co dzie\u0144, czy w podr\u00f3\u017cy, Bang 20000Puff spe\u0142ni wszystkie Twoje potrzeby.<\/p>\n<p data-start=\"580\" data-end=\"599\"><strong data-start=\"580\" data-end=\"599\">Cechy produktu<\/strong><\/p>\n<div class=\"overflow-x-auto contain-inline-size\">\n<table style=\"height: 321px;\" width=\"639\" data-start=\"601\" data-end=\"1107\">\n<thead data-start=\"601\" data-end=\"650\">\n<tr data-start=\"601\" data-end=\"650\">\n<th data-start=\"601\" data-end=\"622\"><strong data-start=\"603\" data-end=\"616\">Parametry<\/strong><\/th>\n<th data-start=\"622\" data-end=\"650\"><strong data-start=\"624\" data-end=\"640\">Opis<\/strong><\/th>\n<\/tr>\n<\/thead>\n<tbody data-start=\"701\" data-end=\"1107\">\n<tr data-start=\"701\" data-end=\"750\">\n<td><strong data-start=\"703\" data-end=\"711\">Poci\u0105gni\u0119cia<\/strong><\/td>\n<td>20.000 poci\u0105gni\u0119\u0107<\/td>\n<\/tr>\n<tr data-start=\"751\" data-end=\"800\">\n<td><strong data-start=\"753\" data-end=\"766\">Mesh Coil<\/strong><\/td>\n<td>1,1\u03a9 Podw\u00f3jna siatka grza\u0142ki<\/td>\n<\/tr>\n<tr data-start=\"801\" data-end=\"851\">\n<td><strong data-start=\"803\" data-end=\"825\">Pojemno\u015b\u0107 e-liquid<\/strong><\/td>\n<td>28ml<\/td>\n<\/tr>\n<tr data-start=\"852\" data-end=\"902\">\n<td><strong data-start=\"854\" data-end=\"871\">Zawarto\u015b\u0107 nikotyny<\/strong><\/td>\n<td>0%, 2%, 3%, 5%<\/td>\n<\/tr>\n<tr data-start=\"903\" data-end=\"954\">\n<td><strong data-start=\"905\" data-end=\"926\">Pojemno\u015b\u0107 baterii<\/strong><\/td>\n<td>650mAh<\/td>\n<\/tr>\n<tr data-start=\"955\" data-end=\"1005\">\n<td><strong data-start=\"957\" data-end=\"974\">Gniazdo \u0142adowania<\/strong><\/td>\n<td>Type-C<\/td>\n<\/tr>\n<tr data-start=\"1006\" data-end=\"1056\">\n<td><strong data-start=\"1008\" data-end=\"1019\">Waga<\/strong><\/td>\n<td>90g\/sztuka<\/td>\n<\/tr>\n<tr data-start=\"1057\" data-end=\"1107\">\n<td><strong data-start=\"1059\" data-end=\"1070\">Wy\u015bwietlacz<\/strong><\/td>\n<td>Wy\u015bwietlacz LED<\/td>\n<\/tr>\n<\/tbody>\n<\/table>\n<\/div>\n<p data-start=\"1109\" data-end=\"1433\"><strong data-start=\"1109\" data-end=\"1126\">Trwa\u0142o\u015b\u0107<\/strong><br data-start=\"1126\" data-end=\"1129\" \/>Ka\u017cdy jednorazowy e-papieros Bang 20000Puff jest nape\u0142niony 28 ml e-liquid i zapewnia czas u\u017cytkowania do <a href=\"https:\/\/vapingnet.de\/pl\/k\/vape-20000-zuege\/\" target=\"_blank\" rel=\"noopener\"><strong>20 000 poci\u0105gni\u0119ciami<\/strong><\/a>. Oznacza to, \u017ce nie musisz si\u0119 martwi\u0107 o cz\u0119ste uzupe\u0142nianie lub wymian\u0119 urz\u0105dzenia \u2013 idealne na d\u0142u\u017csze u\u017cytkowanie, podczas podr\u00f3\u017cy lub na co dzie\u0144.<\/p>\n<p data-start=\"1435\" data-end=\"1750\"><strong data-start=\"1435\" data-end=\"1476\">Innowacyjna technologia podw\u00f3jnej siatki grza\u0142ki<\/strong><br data-start=\"1476\" data-end=\"1479\" \/>Bang 20000Puff wykorzystuje technologi\u0119 podw\u00f3jnej siatki grza\u0142ki 1,1\u03a9, kt\u00f3ra zapewnia r\u00f3wnomierne podgrzewanie. To prowadzi do g\u0119stszego dymu i bardziej g\u0142adkiego, intensywnego smaku przy ka\u017cdym zaci\u0105gni\u0119ciu. Ka\u017cde inhalowanie to pe\u0142ne smaku i przyjemne do\u015bwiadczenie.<\/p>\n<p data-start=\"1752\" data-end=\"2109\"><strong data-start=\"1752\" data-end=\"1793\">Polecany smak \u2013 Double Apple<\/strong><br data-start=\"1793\" data-end=\"1796\" \/>Smak \u201eDouble Apple\u201d Bang 20000Puff to harmonijne po\u0142\u0105czenie zielonego i czerwonego jab\u0142ka. \u015awie\u017cy, s\u0142odko-kwa\u015bny smak jab\u0142ek oferuje orze\u017awiaj\u0105ce doznania podczas palenia, kt\u00f3re mo\u017cna cieszy\u0107 si\u0119 przez ca\u0142y dzie\u0144. Ka\u017cde zaci\u0105gni\u0119cie przypomina smak \u015bwie\u017cego jab\u0142ka.<\/p>\n<p data-start=\"2111\" data-end=\"2432\"><strong data-start=\"2111\" data-end=\"2141\">Funkcja szybkiego \u0142adowania Type-C<\/strong><br data-start=\"2141\" data-end=\"2144\" \/>Wyposa\u017cony w bateri\u0119 650mAh, Bang 20000Puff obs\u0142uguje szybkie \u0142adowanie Type-C. Oznacza to, \u017ce w kr\u00f3tkim czasie na\u0142adujesz urz\u0105dzenie do pe\u0142na i mo\u017cesz kontynuowa\u0107 palenie. Koniec z d\u0142ugim oczekiwaniem \u2013 Bang 20000Puff jest zawsze gotowy do u\u017cycia.<\/p>\n<p data-start=\"2434\" data-end=\"2718\"><strong data-start=\"2434\" data-end=\"2469\">Bez c\u0142a i szybka dostawa<\/strong><br data-start=\"2469\" data-end=\"2472\" \/>Przy zakupie powy\u017cej vapingnet.de korzystasz z bezc\u0142owych zam\u00f3wie\u0144, co pozwala unikn\u0105\u0107 dodatkowych koszt\u00f3w. Dodatkowo oferujemy szybk\u0105 dostaw\u0119 w ci\u0105gu 7-15 dni roboczych, dzi\u0119ki czemu Tw\u00f3j produkt szybko trafi do Ciebie.<\/p>\n<h3 data-start=\"2720\" data-end=\"2764\">Dlaczego wybra\u0107 Bang 20000Puff Dual Mesh?<\/h3>\n<ul data-start=\"2765\" data-end=\"3354\">\n<li data-start=\"2765\" data-end=\"2908\"><strong data-start=\"2767\" data-end=\"2794\">D\u0142ugotrwa\u0142e u\u017cytkowanie<\/strong>: Zapewnia 20 000 zaci\u0105gni\u0119\u0107, dzi\u0119ki czemu mo\u017cesz korzysta\u0107 z e-papierosa przez d\u0142u\u017cszy czas bez konieczno\u015bci cz\u0119stej wymiany.<\/li>\n<li data-start=\"2909\" data-end=\"3044\"><strong data-start=\"2911\" data-end=\"2937\">Innowacyjna technologia<\/strong>: Podw\u00f3jne siatki grza\u0142ki zapewniaj\u0105 r\u00f3wnomierne podgrzewanie i intensywny dym o najdelikatniejszym smaku.<\/li>\n<li data-start=\"3045\" data-end=\"3157\"><strong data-start=\"3047\" data-end=\"3073\">Wszechstronny smak<\/strong>: Smak \u201eDouble Apple\u201d oferuje orze\u017awiaj\u0105ce, s\u0142odko-kwa\u015bne doznania podczas palenia.<\/li>\n<li data-start=\"3158\" data-end=\"3243\"><strong data-start=\"3160\" data-end=\"3179\">Szybkie \u0142adowanie<\/strong>: Obs\u0142uguje szybkie \u0142adowanie Type-C, zapewniaj\u0105c kr\u00f3tkie czasy \u0142adowania.<\/li>\n<li data-start=\"3244\" data-end=\"3354\"><strong data-start=\"3246\" data-end=\"3269\">Dostawa bezc\u0142owa<\/strong>Ciesz si\u0119 bezc\u0142owymi zam\u00f3wieniami i szybk\u0105 dostaw\u0105 bez dodatkowych koszt\u00f3w.<\/li>\n<\/ul>\n<p data-start=\"3356\" data-end=\"3487\" data-is-last-node=\"\" data-is-only-node=\"\">Odwied\u017a teraz vapingnet.de i do\u015bwiadcz zupe\u0142nie nowego wra\u017cenia z vapowania z Bang 20000Puff Dual Mesh Jednorazow\u0105 E-papierosem!<\/p>","protected":false},"excerpt":{"rendered":"<p>Bang 20000Puff Dual Mesh Jednorazowy e-papieros \u2013 Ciesz si\u0119 d\u0142ugotrwa\u0142ym smakiem i bogatym dymem Bang 20000Puff Dual Mesh Jednorazowy e-papieros to wydajny i...<\/p>","protected":false},"featured_media":5481,"template":"","meta":[],"etheme_brands":[],"product_brand":[101],"product_cat":[54,49,61],"product_tag":[],"class_list":{"0":"post-5480","1":"product","2":"type-product","3":"status-publish","4":"has-post-thumbnail","6":"product_brand-bang-king-vape","7":"product_cat-vape-20000-zuege","8":"product_cat-einweg-e-zigarette","9":"product_cat-f","11":"first","12":"instock","13":"shipping-taxable","14":"purchasable","15":"product-type-simple"},"yoast_head":"<!-- This site is optimized with the Yoast SEO plugin v26.5 - https:\/\/yoast.com\/wordpress\/plugins\/seo\/ -->\n<title>Bang 20000Puff Double Apple \u2013 E-Zigarette auf vapingnet.de<\/title>\n<meta name=\"description\" content=\"Entdecken Sie die Bang 20000Puff Double Apple E-Zigarette auf vapingnet.de \u2013 Erleben Sie den einzigartigen Apfelgeschmack mit langer Haltbarkeit!\" \/>\n<meta name=\"robots\" content=\"index, follow, max-snippet:-1, max-image-preview:large, max-video-preview:-1\" \/>\n<link rel=\"canonical\" href=\"https:\/\/vapingnet.de\/pl\/vape\/bang-20000puff-zu-unschlagbaren-grosshandelspreisen-jetzt-zugreifen\/\" \/>\n<meta property=\"og:locale\" content=\"pl_PL\" \/>\n<meta property=\"og:type\" content=\"article\" \/>\n<meta property=\"og:title\" content=\"Bang 20000Puff Double Apple \u2013 E-Zigarette auf vapingnet.de\" \/>\n<meta property=\"og:description\" content=\"Entdecken Sie die Bang 20000Puff Double Apple E-Zigarette auf vapingnet.de \u2013 Erleben Sie den einzigartigen Apfelgeschmack mit langer Haltbarkeit!\" \/>\n<meta property=\"og:url\" content=\"https:\/\/vapingnet.de\/pl\/vape\/bang-20000puff-zu-unschlagbaren-grosshandelspreisen-jetzt-zugreifen\/\" \/>\n<meta property=\"og:site_name\" content=\"Vapingnet.de\" \/>\n<meta property=\"article:publisher\" content=\"https:\/\/www.facebook.com\/vapingnetde\/\" \/>\n<meta property=\"article:modified_time\" content=\"2025-06-19T03:40:48+00:00\" \/>\n<meta property=\"og:image\" content=\"https:\/\/vapingnet.de\/wp-content\/uploads\/2025\/03\/Double-Apple-2.png\" \/>\n\t<meta property=\"og:image:width\" content=\"1000\" \/>\n\t<meta property=\"og:image:height\" content=\"1000\" \/>\n\t<meta property=\"og:image:type\" content=\"image\/png\" \/>\n<meta name=\"twitter:card\" content=\"summary_large_image\" \/>\n<meta name=\"twitter:label1\" content=\"Est. reading time\" \/>\n\t<meta name=\"twitter:data1\" content=\"3 minutes\" \/>\n<script type=\"application\/ld+json\" class=\"yoast-schema-graph\">{\"@context\":\"https:\/\/schema.org\",\"@graph\":[{\"@type\":\"WebPage\",\"@id\":\"https:\/\/vapingnet.de\/vape\/bang-20000puff-zu-unschlagbaren-grosshandelspreisen-jetzt-zugreifen\/\",\"url\":\"https:\/\/vapingnet.de\/vape\/bang-20000puff-zu-unschlagbaren-grosshandelspreisen-jetzt-zugreifen\/\",\"name\":\"Bang 20000Puff Double Apple \u2013 E-Zigarette auf vapingnet.de\",\"isPartOf\":{\"@id\":\"https:\/\/vapingnet.de\/#website\"},\"primaryImageOfPage\":{\"@id\":\"https:\/\/vapingnet.de\/vape\/bang-20000puff-zu-unschlagbaren-grosshandelspreisen-jetzt-zugreifen\/#primaryimage\"},\"image\":{\"@id\":\"https:\/\/vapingnet.de\/vape\/bang-20000puff-zu-unschlagbaren-grosshandelspreisen-jetzt-zugreifen\/#primaryimage\"},\"thumbnailUrl\":\"https:\/\/vapingnet.de\/wp-content\/uploads\/2025\/03\/Double-Apple-2.png\",\"datePublished\":\"2025-03-15T09:54:43+00:00\",\"dateModified\":\"2025-06-19T03:40:48+00:00\",\"description\":\"Entdecken Sie die Bang 20000Puff Double Apple E-Zigarette auf vapingnet.de \u2013 Erleben Sie den einzigartigen Apfelgeschmack mit langer Haltbarkeit!\",\"breadcrumb\":{\"@id\":\"https:\/\/vapingnet.de\/vape\/bang-20000puff-zu-unschlagbaren-grosshandelspreisen-jetzt-zugreifen\/#breadcrumb\"},\"inLanguage\":\"pl-PL\",\"potentialAction\":[{\"@type\":\"ReadAction\",\"target\":[\"https:\/\/vapingnet.de\/vape\/bang-20000puff-zu-unschlagbaren-grosshandelspreisen-jetzt-zugreifen\/\"]}]},{\"@type\":\"ImageObject\",\"inLanguage\":\"pl-PL\",\"@id\":\"https:\/\/vapingnet.de\/vape\/bang-20000puff-zu-unschlagbaren-grosshandelspreisen-jetzt-zugreifen\/#primaryimage\",\"url\":\"https:\/\/vapingnet.de\/wp-content\/uploads\/2025\/03\/Double-Apple-2.png\",\"contentUrl\":\"https:\/\/vapingnet.de\/wp-content\/uploads\/2025\/03\/Double-Apple-2.png\",\"width\":1000,\"height\":1000,\"caption\":\"Double Apple\"},{\"@type\":\"BreadcrumbList\",\"@id\":\"https:\/\/vapingnet.de\/vape\/bang-20000puff-zu-unschlagbaren-grosshandelspreisen-jetzt-zugreifen\/#breadcrumb\",\"itemListElement\":[{\"@type\":\"ListItem\",\"position\":1,\"name\":\"Home\",\"item\":\"https:\/\/vapingnet.de\/\"},{\"@type\":\"ListItem\",\"position\":2,\"name\":\"Shop\",\"item\":\"https:\/\/vapingnet.de\/vape\/\"},{\"@type\":\"ListItem\",\"position\":3,\"name\":\"Bang 20000Puff zu unschlagbaren Gro\u00dfhandelspreisen Jetzt zugreifen\"}]},{\"@type\":\"WebSite\",\"@id\":\"https:\/\/vapingnet.de\/#website\",\"url\":\"https:\/\/vapingnet.de\/\",\"name\":\"Vapingnet.de\",\"description\":\"\",\"publisher\":{\"@id\":\"https:\/\/vapingnet.de\/#organization\"},\"potentialAction\":[{\"@type\":\"SearchAction\",\"target\":{\"@type\":\"EntryPoint\",\"urlTemplate\":\"https:\/\/vapingnet.de\/?s={search_term_string}\"},\"query-input\":{\"@type\":\"PropertyValueSpecification\",\"valueRequired\":true,\"valueName\":\"search_term_string\"}}],\"inLanguage\":\"pl-PL\"},{\"@type\":\"Organization\",\"@id\":\"https:\/\/vapingnet.de\/#organization\",\"name\":\"Vapingnet.de\",\"url\":\"https:\/\/vapingnet.de\/\",\"logo\":{\"@type\":\"ImageObject\",\"inLanguage\":\"pl-PL\",\"@id\":\"https:\/\/vapingnet.de\/#\/schema\/logo\/image\/\",\"url\":\"https:\/\/vapingnet.de\/wp-content\/uploads\/2025\/03\/cropped-vapingnet.de_.jpg\",\"contentUrl\":\"https:\/\/vapingnet.de\/wp-content\/uploads\/2025\/03\/cropped-vapingnet.de_.jpg\",\"width\":512,\"height\":512,\"caption\":\"Vapingnet.de\"},\"image\":{\"@id\":\"https:\/\/vapingnet.de\/#\/schema\/logo\/image\/\"},\"sameAs\":[\"https:\/\/www.facebook.com\/vapingnetde\/\"]}]}<\/script>\n<!-- \/ Yoast SEO plugin. -->","yoast_head_json":{"title":"Bang 20000Puff Double Apple \u2013 E-Zigarette auf vapingnet.de","description":"Entdecken Sie die Bang 20000Puff Double Apple E-Zigarette auf vapingnet.de \u2013 Erleben Sie den einzigartigen Apfelgeschmack mit langer Haltbarkeit!","robots":{"index":"index","follow":"follow","max-snippet":"max-snippet:-1","max-image-preview":"max-image-preview:large","max-video-preview":"max-video-preview:-1"},"canonical":"https:\/\/vapingnet.de\/pl\/vape\/bang-20000puff-zu-unschlagbaren-grosshandelspreisen-jetzt-zugreifen\/","og_locale":"pl_PL","og_type":"article","og_title":"Bang 20000Puff Double Apple \u2013 E-Zigarette auf vapingnet.de","og_description":"Entdecken Sie die Bang 20000Puff Double Apple E-Zigarette auf vapingnet.de \u2013 Erleben Sie den einzigartigen Apfelgeschmack mit langer Haltbarkeit!","og_url":"https:\/\/vapingnet.de\/pl\/vape\/bang-20000puff-zu-unschlagbaren-grosshandelspreisen-jetzt-zugreifen\/","og_site_name":"Vapingnet.de","article_publisher":"https:\/\/www.facebook.com\/vapingnetde\/","article_modified_time":"2025-06-19T03:40:48+00:00","og_image":[{"width":1000,"height":1000,"url":"https:\/\/vapingnet.de\/wp-content\/uploads\/2025\/03\/Double-Apple-2.png","type":"image\/png"}],"twitter_card":"summary_large_image","twitter_misc":{"Est. reading time":"3 minutes"},"schema":{"@context":"https:\/\/schema.org","@graph":[{"@type":"WebPage","@id":"https:\/\/vapingnet.de\/vape\/bang-20000puff-zu-unschlagbaren-grosshandelspreisen-jetzt-zugreifen\/","url":"https:\/\/vapingnet.de\/vape\/bang-20000puff-zu-unschlagbaren-grosshandelspreisen-jetzt-zugreifen\/","name":"Bang 20000Puff Double Apple \u2013 E-Zigarette auf vapingnet.de","isPartOf":{"@id":"https:\/\/vapingnet.de\/#website"},"primaryImageOfPage":{"@id":"https:\/\/vapingnet.de\/vape\/bang-20000puff-zu-unschlagbaren-grosshandelspreisen-jetzt-zugreifen\/#primaryimage"},"image":{"@id":"https:\/\/vapingnet.de\/vape\/bang-20000puff-zu-unschlagbaren-grosshandelspreisen-jetzt-zugreifen\/#primaryimage"},"thumbnailUrl":"https:\/\/vapingnet.de\/wp-content\/uploads\/2025\/03\/Double-Apple-2.png","datePublished":"2025-03-15T09:54:43+00:00","dateModified":"2025-06-19T03:40:48+00:00","description":"Entdecken Sie die Bang 20000Puff Double Apple E-Zigarette auf vapingnet.de \u2013 Erleben Sie den einzigartigen Apfelgeschmack mit langer Haltbarkeit!","breadcrumb":{"@id":"https:\/\/vapingnet.de\/vape\/bang-20000puff-zu-unschlagbaren-grosshandelspreisen-jetzt-zugreifen\/#breadcrumb"},"inLanguage":"pl-PL","potentialAction":[{"@type":"ReadAction","target":["https:\/\/vapingnet.de\/vape\/bang-20000puff-zu-unschlagbaren-grosshandelspreisen-jetzt-zugreifen\/"]}]},{"@type":"ImageObject","inLanguage":"pl-PL","@id":"https:\/\/vapingnet.de\/vape\/bang-20000puff-zu-unschlagbaren-grosshandelspreisen-jetzt-zugreifen\/#primaryimage","url":"https:\/\/vapingnet.de\/wp-content\/uploads\/2025\/03\/Double-Apple-2.png","contentUrl":"https:\/\/vapingnet.de\/wp-content\/uploads\/2025\/03\/Double-Apple-2.png","width":1000,"height":1000,"caption":"Double Apple"},{"@type":"BreadcrumbList","@id":"https:\/\/vapingnet.de\/vape\/bang-20000puff-zu-unschlagbaren-grosshandelspreisen-jetzt-zugreifen\/#breadcrumb","itemListElement":[{"@type":"ListItem","position":1,"name":"Home","item":"https:\/\/vapingnet.de\/"},{"@type":"ListItem","position":2,"name":"Shop","item":"https:\/\/vapingnet.de\/vape\/"},{"@type":"ListItem","position":3,"name":"Bang 20000Puff zu unschlagbaren Gro\u00dfhandelspreisen Jetzt zugreifen"}]},{"@type":"WebSite","@id":"https:\/\/vapingnet.de\/#website","url":"https:\/\/vapingnet.de\/","name":"Vapingnet.de","description":"","publisher":{"@id":"https:\/\/vapingnet.de\/#organization"},"potentialAction":[{"@type":"SearchAction","target":{"@type":"EntryPoint","urlTemplate":"https:\/\/vapingnet.de\/?s={search_term_string}"},"query-input":{"@type":"PropertyValueSpecification","valueRequired":true,"valueName":"search_term_string"}}],"inLanguage":"pl-PL"},{"@type":"Organization","@id":"https:\/\/vapingnet.de\/#organization","name":"Vapingnet.de","url":"https:\/\/vapingnet.de\/","logo":{"@type":"ImageObject","inLanguage":"pl-PL","@id":"https:\/\/vapingnet.de\/#\/schema\/logo\/image\/","url":"https:\/\/vapingnet.de\/wp-content\/uploads\/2025\/03\/cropped-vapingnet.de_.jpg","contentUrl":"https:\/\/vapingnet.de\/wp-content\/uploads\/2025\/03\/cropped-vapingnet.de_.jpg","width":512,"height":512,"caption":"Vapingnet.de"},"image":{"@id":"https:\/\/vapingnet.de\/#\/schema\/logo\/image\/"},"sameAs":["https:\/\/www.facebook.com\/vapingnetde\/"]}]}},"tiered_pricing_type":"fixed","tiered_pricing_fixed_rules":{"10":"8.92","60":"8.03","110":"7.14","200":"6.24"},"tiered_pricing_product_settings":{"layout":"default","base_unit_name":{"singular":null,"plural":null},"default_variation":null},"tiered_pricing_minimum_quantity":null,"tiered_pricing_roles_data":[],"tiered_pricing_percentage_rules":[],"_links":{"self":[{"href":"https:\/\/vapingnet.de\/pl\/wp-json\/wp\/v2\/product\/5480","targetHints":{"allow":["GET"]}}],"collection":[{"href":"https:\/\/vapingnet.de\/pl\/wp-json\/wp\/v2\/product"}],"about":[{"href":"https:\/\/vapingnet.de\/pl\/wp-json\/wp\/v2\/types\/product"}],"version-history":[{"count":2,"href":"https:\/\/vapingnet.de\/pl\/wp-json\/wp\/v2\/product\/5480\/revisions"}],"predecessor-version":[{"id":5483,"href":"https:\/\/vapingnet.de\/pl\/wp-json\/wp\/v2\/product\/5480\/revisions\/5483"}],"wp:featuredmedia":[{"embeddable":true,"href":"https:\/\/vapingnet.de\/pl\/wp-json\/wp\/v2\/media\/5481"}],"wp:attachment":[{"href":"https:\/\/vapingnet.de\/pl\/wp-json\/wp\/v2\/media?parent=5480"}],"wp:term":[{"taxonomy":"brand","embeddable":true,"href":"https:\/\/vapingnet.de\/pl\/wp-json\/wp\/v2\/etheme_brands?post=5480"},{"taxonomy":"product_brand","embeddable":true,"href":"https:\/\/vapingnet.de\/pl\/wp-json\/wp\/v2\/product_brand?post=5480"},{"taxonomy":"product_cat","embeddable":true,"href":"https:\/\/vapingnet.de\/pl\/wp-json\/wp\/v2\/product_cat?post=5480"},{"taxonomy":"product_tag","embeddable":true,"href":"https:\/\/vapingnet.de\/pl\/wp-json\/wp\/v2\/product_tag?post=5480"}],"curies":[{"name":"wp","href":"https:\/\/api.w.org\/{rel}","templated":true}]}}