{"id":5484,"date":"2025-03-15T09:59:04","date_gmt":"2025-03-15T09:59:04","guid":{"rendered":"https:\/\/vapingnet.de\/?post_type=product&#038;p=5484"},"modified":"2025-06-19T03:40:48","modified_gmt":"2025-06-19T03:40:48","slug":"raspberry-watermelon-bang-20000puff-e-zigarette-jetzt-im-angebot-ohne-steuer","status":"publish","type":"product","link":"https:\/\/vapingnet.de\/pl\/vape\/raspberry-watermelon-bang-20000puff-e-zigarette-jetzt-im-angebot-ohne-steuer\/","title":{"rendered":"Raspberry Watermelon Bang 20000Puff E-papieros Teraz w ofercie bez podatku"},"content":{"rendered":"<h2 data-start=\"0\" data-end=\"96\">Bang 20000Puff Dual Mesh Jednorazowa E-papieros \u2013 Ciesz si\u0119 nieko\u0144cz\u0105cym si\u0119 dymem i \u015bwie\u017cym smakiem<\/h2>\n<p data-start=\"98\" data-end=\"494\">Bang 20000Puff Dual Mesh Jednorazowy E-papieros to wysokiej jako\u015bci e-papieros, kt\u00f3ry \u0142\u0105czy zaawansowan\u0105 technologi\u0119 z wyj\u0105tkow\u0105 wydajno\u015bci\u0105. Oferuje nie tylko d\u0142ugi czas u\u017cytkowania, ale tak\u017ce unikalne doznania dymne dzi\u0119ki technologii Dual Mesh Coil. Ka\u017cde zaci\u0105gni\u0119cie to przyjemno\u015b\u0107 z \u015bwie\u017cym smakiem owoc\u00f3w, co czyni palenie wyj\u0105tkowym prze\u017cyciem.<\/p>\n<h4 data-start=\"496\" data-end=\"515\">Cechy produktu<\/h4>\n<ul data-start=\"517\" data-end=\"1699\">\n<li data-start=\"517\" data-end=\"765\"><strong data-start=\"519\" data-end=\"542\">D\u0142ugi czas u\u017cytkowania<\/strong>: Bang 20000Puff Jednorazowy E-papieros ma du\u017c\u0105 pojemno\u015b\u0107 e-liquid 28ml, co wystarcza na <a href=\"https:\/\/vapingnet.de\/pl\/k\/vape-20000-zuege\/\" target=\"_blank\" rel=\"noopener\"><strong>20.000 poci\u0105gni\u0119\u0107<\/strong> <\/a>nie musisz si\u0119 ju\u017c martwi\u0107 o cz\u0119ste wymiany \u2013 idealny do d\u0142ugotrwa\u0142ego u\u017cytku.<\/li>\n<li data-start=\"766\" data-end=\"954\"><strong data-start=\"768\" data-end=\"798\">Technologia Dual Mesh Coil<\/strong>: Wyposa\u017cony w 1,1\u03a9 Dual Mesh Coil, ten e-papieros zapewnia r\u00f3wnomierne podgrzewanie i bogaty dym z intensywnym smakiem.<\/li>\n<li data-start=\"955\" data-end=\"1153\"><strong data-start=\"957\" data-end=\"985\">Du\u017ca pojemno\u015b\u0107 e-liquid<\/strong>: Z 28ml e-liquid, ka\u017cdy e-papieros ma wystarczaj\u0105c\u0105 ilo\u015b\u0107 p\u0142ynu na d\u0142ugi czas u\u017cytkowania, dzi\u0119ki czemu nie musisz si\u0119 martwi\u0107 o cz\u0119ste uzupe\u0142nianie.<\/li>\n<li data-start=\"1154\" data-end=\"1313\"><strong data-start=\"1156\" data-end=\"1186\">R\u00f3\u017cne poziomy nikotyny<\/strong>: Dost\u0119pny w poziomach nikotyny 0%, 2%, 3% i 5%, aby\u015b m\u00f3g\u0142 wybra\u0107 odpowiedni poziom w zale\u017cno\u015bci od potrzeb i preferencji.<\/li>\n<li data-start=\"1314\" data-end=\"1533\"><strong data-start=\"1316\" data-end=\"1340\">Szybkie \u0142adowanie Type-C<\/strong>: Bang 20000Puff jest wyposa\u017cony w bateri\u0119 650mAh i obs\u0142uguje szybkie \u0142adowanie Type-C, dzi\u0119ki czemu zawsze mo\u017cesz by\u0107 gotowy do u\u017cycia bez d\u0142ugiego czasu \u0142adowania.<\/li>\n<li data-start=\"1534\" data-end=\"1699\"><strong data-start=\"1536\" data-end=\"1551\">Wy\u015bwietlacz LED<\/strong>: Dzi\u0119ki wbudowanemu wy\u015bwietlaczowi LED zawsze masz kontrol\u0119 nad stanem baterii, wiedz\u0105c, kiedy na\u0142adowa\u0107 e-papieros.<\/li>\n<\/ul>\n<h4 data-start=\"1701\" data-end=\"1748\">Rekomendacja smaku \u2013 Raspberry Watermelon<\/h4>\n<p data-start=\"1750\" data-end=\"2078\">Smak \u201eRaspberry Watermelon\u201d Bang 20000Puff \u0142\u0105czy s\u0142odycz arbuza i owocow\u0105 \u015bwie\u017co\u015b\u0107 maliny. Smak jest orze\u017awiaj\u0105cy i idealnie wywa\u017cony \u2013 ka\u017cde zaci\u0105gni\u0119cie przynosi \u015bwie\u017c\u0105, s\u0142odk\u0105 owocow\u0105 nut\u0119 lata. Idealny dla tych, kt\u00f3rzy kochaj\u0105 owocowe i lekkie aromaty.<\/p>\n<h3 data-start=\"2080\" data-end=\"2104\">Zalety i wysy\u0142ka<\/h3>\n<ul data-start=\"2106\" data-end=\"2542\">\n<li data-start=\"2106\" data-end=\"2251\"><strong data-start=\"2108\" data-end=\"2120\">Bez c\u0142a<\/strong>: Przy zakupie powy\u017cej vapingnet.de korzystasz z bezc\u0142owych zam\u00f3wie\u0144, co oznacza brak dodatkowych op\u0142at.<\/li>\n<li data-start=\"2252\" data-end=\"2406\"><strong data-start=\"2254\" data-end=\"2285\">Szybka wysy\u0142ka lotnicza<\/strong>: Oferujemy szybk\u0105 wysy\u0142k\u0119 w ci\u0105gu 7-15 dni roboczych, aby Twoje zam\u00f3wienie dotar\u0142o do Ciebie szybko i bezpiecznie.<\/li>\n<li data-start=\"2407\" data-end=\"2542\"><strong data-start=\"2409\" data-end=\"2438\">Wygodne zakupy<\/strong>Po prostu odwied\u017a vapingnet.de, aby wybra\u0107 swoj\u0105 ulubion\u0105 e-papierosa i wygodnie z\u0142o\u017cy\u0107 zam\u00f3wienie.<\/li>\n<\/ul>\n<p data-start=\"2555\" data-end=\"3010\" data-is-last-node=\"\" data-is-only-node=\"\">Bang 20000Puff Dual Mesh Jednorazowa e-papieroska jest doskona\u0142ym wyborem dla palaczy o r\u00f3\u017cnym do\u015bwiadczeniu, dzi\u0119ki d\u0142ugiej \u017cywotno\u015bci, intensywnym aromatom i innowacyjnej technologii. Niezale\u017cnie od tego, czy jeste\u015b pocz\u0105tkuj\u0105cym, czy do\u015bwiadczonym palaczem, ta e-papieroska przekona Ci\u0119 swoim \u015bwie\u017cym smakiem i prostot\u0105 obs\u0142ugi. Odwied\u017a teraz <a href=\"https:\/\/vapingnet.de\/pl\/\" target=\"_new\" rel=\"noopener\" data-start=\"2921\" data-end=\"2958\">vapingnet.de<\/a> i do\u015bwiadcz niezwyk\u0142ego do\u015bwiadczenia palenia!<\/p>","protected":false},"excerpt":{"rendered":"<p>Bang 20000Puff Dual Mesh Jednorazowy e-papieros \u2013 Ciesz si\u0119 nieko\u0144cz\u0105cym si\u0119 dymem i \u015bwie\u017cym smakiem Bang 20000Puff Dual Mesh to wysokiej jako\u015bci e-papieros,...<\/p>","protected":false},"featured_media":5485,"template":"","meta":[],"etheme_brands":[],"product_brand":[101],"product_cat":[54,49,61],"product_tag":[],"class_list":{"0":"post-5484","1":"product","2":"type-product","3":"status-publish","4":"has-post-thumbnail","6":"product_brand-bang-king-vape","7":"product_cat-vape-20000-zuege","8":"product_cat-einweg-e-zigarette","9":"product_cat-f","11":"first","12":"instock","13":"shipping-taxable","14":"purchasable","15":"product-type-simple"},"yoast_head":"<!-- This site is optimized with the Yoast SEO plugin v26.5 - https:\/\/yoast.com\/wordpress\/plugins\/seo\/ -->\n<title>Bang 20000Puff Raspberry Watermelon E-Zigarette auf vapingnet.de<\/title>\n<meta name=\"description\" content=\"Genie\u00dfen Sie die Bang 20000Puff Raspberry Watermelon E-Zigarette bei vapingnet.de \u2013 Fruchtig, frisch und ideal f\u00fcr langanhaltenden Genuss!\" \/>\n<meta name=\"robots\" content=\"index, follow, max-snippet:-1, max-image-preview:large, max-video-preview:-1\" \/>\n<link rel=\"canonical\" href=\"https:\/\/vapingnet.de\/pl\/vape\/raspberry-watermelon-bang-20000puff-e-zigarette-jetzt-im-angebot-ohne-steuer\/\" \/>\n<meta property=\"og:locale\" content=\"pl_PL\" \/>\n<meta property=\"og:type\" content=\"article\" \/>\n<meta property=\"og:title\" content=\"Bang 20000Puff Raspberry Watermelon E-Zigarette auf vapingnet.de\" \/>\n<meta property=\"og:description\" content=\"Genie\u00dfen Sie die Bang 20000Puff Raspberry Watermelon E-Zigarette bei vapingnet.de \u2013 Fruchtig, frisch und ideal f\u00fcr langanhaltenden Genuss!\" \/>\n<meta property=\"og:url\" content=\"https:\/\/vapingnet.de\/pl\/vape\/raspberry-watermelon-bang-20000puff-e-zigarette-jetzt-im-angebot-ohne-steuer\/\" \/>\n<meta property=\"og:site_name\" content=\"Vapingnet.de\" \/>\n<meta property=\"article:publisher\" content=\"https:\/\/www.facebook.com\/vapingnetde\/\" \/>\n<meta property=\"article:modified_time\" content=\"2025-06-19T03:40:48+00:00\" \/>\n<meta property=\"og:image\" content=\"https:\/\/vapingnet.de\/wp-content\/uploads\/2025\/03\/Raspberry-Watermelon.png\" \/>\n\t<meta property=\"og:image:width\" content=\"1000\" \/>\n\t<meta property=\"og:image:height\" content=\"1000\" \/>\n\t<meta property=\"og:image:type\" content=\"image\/png\" \/>\n<meta name=\"twitter:card\" content=\"summary_large_image\" \/>\n<meta name=\"twitter:label1\" content=\"Est. reading time\" \/>\n\t<meta name=\"twitter:data1\" content=\"3 minutes\" \/>\n<script type=\"application\/ld+json\" class=\"yoast-schema-graph\">{\"@context\":\"https:\/\/schema.org\",\"@graph\":[{\"@type\":\"WebPage\",\"@id\":\"https:\/\/vapingnet.de\/vape\/raspberry-watermelon-bang-20000puff-e-zigarette-jetzt-im-angebot-ohne-steuer\/\",\"url\":\"https:\/\/vapingnet.de\/vape\/raspberry-watermelon-bang-20000puff-e-zigarette-jetzt-im-angebot-ohne-steuer\/\",\"name\":\"Bang 20000Puff Raspberry Watermelon E-Zigarette auf vapingnet.de\",\"isPartOf\":{\"@id\":\"https:\/\/vapingnet.de\/#website\"},\"primaryImageOfPage\":{\"@id\":\"https:\/\/vapingnet.de\/vape\/raspberry-watermelon-bang-20000puff-e-zigarette-jetzt-im-angebot-ohne-steuer\/#primaryimage\"},\"image\":{\"@id\":\"https:\/\/vapingnet.de\/vape\/raspberry-watermelon-bang-20000puff-e-zigarette-jetzt-im-angebot-ohne-steuer\/#primaryimage\"},\"thumbnailUrl\":\"https:\/\/vapingnet.de\/wp-content\/uploads\/2025\/03\/Raspberry-Watermelon.png\",\"datePublished\":\"2025-03-15T09:59:04+00:00\",\"dateModified\":\"2025-06-19T03:40:48+00:00\",\"description\":\"Genie\u00dfen Sie die Bang 20000Puff Raspberry Watermelon E-Zigarette bei vapingnet.de \u2013 Fruchtig, frisch und ideal f\u00fcr langanhaltenden Genuss!\",\"breadcrumb\":{\"@id\":\"https:\/\/vapingnet.de\/vape\/raspberry-watermelon-bang-20000puff-e-zigarette-jetzt-im-angebot-ohne-steuer\/#breadcrumb\"},\"inLanguage\":\"pl-PL\",\"potentialAction\":[{\"@type\":\"ReadAction\",\"target\":[\"https:\/\/vapingnet.de\/vape\/raspberry-watermelon-bang-20000puff-e-zigarette-jetzt-im-angebot-ohne-steuer\/\"]}]},{\"@type\":\"ImageObject\",\"inLanguage\":\"pl-PL\",\"@id\":\"https:\/\/vapingnet.de\/vape\/raspberry-watermelon-bang-20000puff-e-zigarette-jetzt-im-angebot-ohne-steuer\/#primaryimage\",\"url\":\"https:\/\/vapingnet.de\/wp-content\/uploads\/2025\/03\/Raspberry-Watermelon.png\",\"contentUrl\":\"https:\/\/vapingnet.de\/wp-content\/uploads\/2025\/03\/Raspberry-Watermelon.png\",\"width\":1000,\"height\":1000,\"caption\":\"Raspberry Watermelon\"},{\"@type\":\"BreadcrumbList\",\"@id\":\"https:\/\/vapingnet.de\/vape\/raspberry-watermelon-bang-20000puff-e-zigarette-jetzt-im-angebot-ohne-steuer\/#breadcrumb\",\"itemListElement\":[{\"@type\":\"ListItem\",\"position\":1,\"name\":\"Home\",\"item\":\"https:\/\/vapingnet.de\/\"},{\"@type\":\"ListItem\",\"position\":2,\"name\":\"Shop\",\"item\":\"https:\/\/vapingnet.de\/vape\/\"},{\"@type\":\"ListItem\",\"position\":3,\"name\":\"Raspberry Watermelon Bang 20000Puff E-Zigarette Jetzt im Angebot ohne Steuer\"}]},{\"@type\":\"WebSite\",\"@id\":\"https:\/\/vapingnet.de\/#website\",\"url\":\"https:\/\/vapingnet.de\/\",\"name\":\"Vapingnet.de\",\"description\":\"\",\"publisher\":{\"@id\":\"https:\/\/vapingnet.de\/#organization\"},\"potentialAction\":[{\"@type\":\"SearchAction\",\"target\":{\"@type\":\"EntryPoint\",\"urlTemplate\":\"https:\/\/vapingnet.de\/?s={search_term_string}\"},\"query-input\":{\"@type\":\"PropertyValueSpecification\",\"valueRequired\":true,\"valueName\":\"search_term_string\"}}],\"inLanguage\":\"pl-PL\"},{\"@type\":\"Organization\",\"@id\":\"https:\/\/vapingnet.de\/#organization\",\"name\":\"Vapingnet.de\",\"url\":\"https:\/\/vapingnet.de\/\",\"logo\":{\"@type\":\"ImageObject\",\"inLanguage\":\"pl-PL\",\"@id\":\"https:\/\/vapingnet.de\/#\/schema\/logo\/image\/\",\"url\":\"https:\/\/vapingnet.de\/wp-content\/uploads\/2025\/03\/cropped-vapingnet.de_.jpg\",\"contentUrl\":\"https:\/\/vapingnet.de\/wp-content\/uploads\/2025\/03\/cropped-vapingnet.de_.jpg\",\"width\":512,\"height\":512,\"caption\":\"Vapingnet.de\"},\"image\":{\"@id\":\"https:\/\/vapingnet.de\/#\/schema\/logo\/image\/\"},\"sameAs\":[\"https:\/\/www.facebook.com\/vapingnetde\/\"]}]}<\/script>\n<!-- \/ Yoast SEO plugin. -->","yoast_head_json":{"title":"Bang 20000Puff Raspberry Watermelon E-Zigarette auf vapingnet.de","description":"Genie\u00dfen Sie die Bang 20000Puff Raspberry Watermelon E-Zigarette bei vapingnet.de \u2013 Fruchtig, frisch und ideal f\u00fcr langanhaltenden Genuss!","robots":{"index":"index","follow":"follow","max-snippet":"max-snippet:-1","max-image-preview":"max-image-preview:large","max-video-preview":"max-video-preview:-1"},"canonical":"https:\/\/vapingnet.de\/pl\/vape\/raspberry-watermelon-bang-20000puff-e-zigarette-jetzt-im-angebot-ohne-steuer\/","og_locale":"pl_PL","og_type":"article","og_title":"Bang 20000Puff Raspberry Watermelon E-Zigarette auf vapingnet.de","og_description":"Genie\u00dfen Sie die Bang 20000Puff Raspberry Watermelon E-Zigarette bei vapingnet.de \u2013 Fruchtig, frisch und ideal f\u00fcr langanhaltenden Genuss!","og_url":"https:\/\/vapingnet.de\/pl\/vape\/raspberry-watermelon-bang-20000puff-e-zigarette-jetzt-im-angebot-ohne-steuer\/","og_site_name":"Vapingnet.de","article_publisher":"https:\/\/www.facebook.com\/vapingnetde\/","article_modified_time":"2025-06-19T03:40:48+00:00","og_image":[{"width":1000,"height":1000,"url":"https:\/\/vapingnet.de\/wp-content\/uploads\/2025\/03\/Raspberry-Watermelon.png","type":"image\/png"}],"twitter_card":"summary_large_image","twitter_misc":{"Est. reading time":"3 minutes"},"schema":{"@context":"https:\/\/schema.org","@graph":[{"@type":"WebPage","@id":"https:\/\/vapingnet.de\/vape\/raspberry-watermelon-bang-20000puff-e-zigarette-jetzt-im-angebot-ohne-steuer\/","url":"https:\/\/vapingnet.de\/vape\/raspberry-watermelon-bang-20000puff-e-zigarette-jetzt-im-angebot-ohne-steuer\/","name":"Bang 20000Puff Raspberry Watermelon E-Zigarette auf vapingnet.de","isPartOf":{"@id":"https:\/\/vapingnet.de\/#website"},"primaryImageOfPage":{"@id":"https:\/\/vapingnet.de\/vape\/raspberry-watermelon-bang-20000puff-e-zigarette-jetzt-im-angebot-ohne-steuer\/#primaryimage"},"image":{"@id":"https:\/\/vapingnet.de\/vape\/raspberry-watermelon-bang-20000puff-e-zigarette-jetzt-im-angebot-ohne-steuer\/#primaryimage"},"thumbnailUrl":"https:\/\/vapingnet.de\/wp-content\/uploads\/2025\/03\/Raspberry-Watermelon.png","datePublished":"2025-03-15T09:59:04+00:00","dateModified":"2025-06-19T03:40:48+00:00","description":"Genie\u00dfen Sie die Bang 20000Puff Raspberry Watermelon E-Zigarette bei vapingnet.de \u2013 Fruchtig, frisch und ideal f\u00fcr langanhaltenden Genuss!","breadcrumb":{"@id":"https:\/\/vapingnet.de\/vape\/raspberry-watermelon-bang-20000puff-e-zigarette-jetzt-im-angebot-ohne-steuer\/#breadcrumb"},"inLanguage":"pl-PL","potentialAction":[{"@type":"ReadAction","target":["https:\/\/vapingnet.de\/vape\/raspberry-watermelon-bang-20000puff-e-zigarette-jetzt-im-angebot-ohne-steuer\/"]}]},{"@type":"ImageObject","inLanguage":"pl-PL","@id":"https:\/\/vapingnet.de\/vape\/raspberry-watermelon-bang-20000puff-e-zigarette-jetzt-im-angebot-ohne-steuer\/#primaryimage","url":"https:\/\/vapingnet.de\/wp-content\/uploads\/2025\/03\/Raspberry-Watermelon.png","contentUrl":"https:\/\/vapingnet.de\/wp-content\/uploads\/2025\/03\/Raspberry-Watermelon.png","width":1000,"height":1000,"caption":"Raspberry Watermelon"},{"@type":"BreadcrumbList","@id":"https:\/\/vapingnet.de\/vape\/raspberry-watermelon-bang-20000puff-e-zigarette-jetzt-im-angebot-ohne-steuer\/#breadcrumb","itemListElement":[{"@type":"ListItem","position":1,"name":"Home","item":"https:\/\/vapingnet.de\/"},{"@type":"ListItem","position":2,"name":"Shop","item":"https:\/\/vapingnet.de\/vape\/"},{"@type":"ListItem","position":3,"name":"Raspberry Watermelon Bang 20000Puff E-Zigarette Jetzt im Angebot ohne Steuer"}]},{"@type":"WebSite","@id":"https:\/\/vapingnet.de\/#website","url":"https:\/\/vapingnet.de\/","name":"Vapingnet.de","description":"","publisher":{"@id":"https:\/\/vapingnet.de\/#organization"},"potentialAction":[{"@type":"SearchAction","target":{"@type":"EntryPoint","urlTemplate":"https:\/\/vapingnet.de\/?s={search_term_string}"},"query-input":{"@type":"PropertyValueSpecification","valueRequired":true,"valueName":"search_term_string"}}],"inLanguage":"pl-PL"},{"@type":"Organization","@id":"https:\/\/vapingnet.de\/#organization","name":"Vapingnet.de","url":"https:\/\/vapingnet.de\/","logo":{"@type":"ImageObject","inLanguage":"pl-PL","@id":"https:\/\/vapingnet.de\/#\/schema\/logo\/image\/","url":"https:\/\/vapingnet.de\/wp-content\/uploads\/2025\/03\/cropped-vapingnet.de_.jpg","contentUrl":"https:\/\/vapingnet.de\/wp-content\/uploads\/2025\/03\/cropped-vapingnet.de_.jpg","width":512,"height":512,"caption":"Vapingnet.de"},"image":{"@id":"https:\/\/vapingnet.de\/#\/schema\/logo\/image\/"},"sameAs":["https:\/\/www.facebook.com\/vapingnetde\/"]}]}},"tiered_pricing_type":"fixed","tiered_pricing_fixed_rules":{"10":"8.92","60":"8.03","110":"7.14","200":"6.24"},"tiered_pricing_product_settings":{"layout":"default","base_unit_name":{"singular":null,"plural":null},"default_variation":null},"tiered_pricing_minimum_quantity":null,"tiered_pricing_roles_data":[],"tiered_pricing_percentage_rules":[],"_links":{"self":[{"href":"https:\/\/vapingnet.de\/pl\/wp-json\/wp\/v2\/product\/5484","targetHints":{"allow":["GET"]}}],"collection":[{"href":"https:\/\/vapingnet.de\/pl\/wp-json\/wp\/v2\/product"}],"about":[{"href":"https:\/\/vapingnet.de\/pl\/wp-json\/wp\/v2\/types\/product"}],"version-history":[{"count":1,"href":"https:\/\/vapingnet.de\/pl\/wp-json\/wp\/v2\/product\/5484\/revisions"}],"predecessor-version":[{"id":5486,"href":"https:\/\/vapingnet.de\/pl\/wp-json\/wp\/v2\/product\/5484\/revisions\/5486"}],"wp:featuredmedia":[{"embeddable":true,"href":"https:\/\/vapingnet.de\/pl\/wp-json\/wp\/v2\/media\/5485"}],"wp:attachment":[{"href":"https:\/\/vapingnet.de\/pl\/wp-json\/wp\/v2\/media?parent=5484"}],"wp:term":[{"taxonomy":"brand","embeddable":true,"href":"https:\/\/vapingnet.de\/pl\/wp-json\/wp\/v2\/etheme_brands?post=5484"},{"taxonomy":"product_brand","embeddable":true,"href":"https:\/\/vapingnet.de\/pl\/wp-json\/wp\/v2\/product_brand?post=5484"},{"taxonomy":"product_cat","embeddable":true,"href":"https:\/\/vapingnet.de\/pl\/wp-json\/wp\/v2\/product_cat?post=5484"},{"taxonomy":"product_tag","embeddable":true,"href":"https:\/\/vapingnet.de\/pl\/wp-json\/wp\/v2\/product_tag?post=5484"}],"curies":[{"name":"wp","href":"https:\/\/api.w.org\/{rel}","templated":true}]}}