{"id":5524,"date":"2025-03-17T09:25:52","date_gmt":"2025-03-17T09:25:52","guid":{"rendered":"https:\/\/vapingnet.de\/?post_type=product&#038;p=5524"},"modified":"2025-06-19T03:40:47","modified_gmt":"2025-06-19T03:40:47","slug":"erlebe-den-sommer-bang-blaze-20000-puffs-watermelon","status":"publish","type":"product","link":"https:\/\/vapingnet.de\/pl\/vape\/erlebe-den-sommer-bang-blaze-20000-puffs-watermelon\/","title":{"rendered":"Prze\u017cyj lato Bang Blaze 20000 Puffs Watermelon"},"content":{"rendered":"<h2 data-start=\"0\" data-end=\"70\">Bang Blaze 20000 Puffs \u2013 Ostateczna przyjemno\u015b\u0107, odkryj teraz!<\/h2>\n<h4 data-start=\"72\" data-end=\"119\">\ud83d\udd25 Najwa\u017cniejsze cechy produktu w skr\u00f3cie<\/h4>\n<p data-start=\"120\" data-end=\"833\">\u2705 20 000 Puffs \u2013 Ogromna pojemno\u015b\u0107 na d\u0142ugotrwa\u0142e vapowanie<br data-start=\"186\" data-end=\"189\" \/>\u2705 Dul Mesh 1.0\u03a9 Coil, dla intensywnego i r\u00f3wnomiernego do\u015bwiadczenia vapowania<br data-start=\"265\" data-end=\"268\" \/>\u2705 1000mAh akumulator wielokrotnego \u0142adowania, z portem Type-C do szybkiego \u0142adowania<br data-start=\"353\" data-end=\"356\" \/>\u2705 26ml ogromna pojemno\u015b\u0107 e-liquid, na d\u0142u\u017csze przyjemno\u015bci z vapowania<br data-start=\"419\" data-end=\"422\" \/>\u2705 Inteligentny wy\u015bwietlacz ekranowy, pokazuj\u0105cy stan akumulatora i poziom nape\u0142nienia liquidu<br data-start=\"512\" data-end=\"515\" \/>\u2705 Opcje zawarto\u015bci nikotyny: 0% \/ 2% \/ 3% \/ 5% (0% i 3% dost\u0119pne tylko przy du\u017cych zam\u00f3wieniach)<br data-start=\"608\" data-end=\"611\" \/>\u2705 Lekki i przeno\u015bny, tylko 85g, wygodny w podr\u00f3\u017cy<br data-start=\"666\" data-end=\"669\" \/>\u2705 Smak arbuzowy (Watermelon), orze\u017awiaj\u0105cy smak owoc\u00f3w przy ka\u017cdym wdechu<br data-start=\"763\" data-end=\"766\" \/>\u2705 Bez c\u0142a, dostawa w 7-15 dni roboczych, bezstresowe zakupy<\/p>\n<h3 data-start=\"840\" data-end=\"889\">\ud83d\udca8 Dlaczego wybra\u0107 Bang Blaze 20000 Puffs?<\/h3>\n<p data-start=\"890\" data-end=\"1826\">\ud83d\udd39 Ogromna pojemno\u015b\u0107, d\u0142ugie u\u017cytkowanie: W por\u00f3wnaniu do innych <a href=\"https:\/\/vapingnet.de\/pl\/k\/einweg-e-zigarette\/\" target=\"_blank\" rel=\"noopener\"><strong>Jednorazowe e-papierosy<\/strong> <\/a>oferuje Bang Blaze 20000 Puffs znacznie d\u0142u\u017cszy czas u\u017cytkowania, dzi\u0119ki czemu nie musisz ci\u0105gle szuka\u0107 nowych urz\u0105dze\u0144.<br data-start=\"1100\" data-end=\"1103\" \/>\ud83d\udd39 Dul Mesh Coil, ulepszone vapowanie: Mesh-Coil 1.0\u03a9 zapewnia r\u00f3wnomierne, mi\u0119kkie parowanie i intensywniejszy smak.<br data-start=\"1249\" data-end=\"1252\" \/>\ud83d\udd39 Inteligentny wy\u015bwietlacz, \u0142atwy w obs\u0142udze: Ekran pokazuje zawsze stan akumulatora i poziom nape\u0142nienia liquidu, dzi\u0119ki czemu nie musisz si\u0119 martwi\u0107 o niespodziewane wyczerpanie akumulatora lub liquidu.<br data-start=\"1485\" data-end=\"1488\" \/>\ud83d\udd39 Szybkie \u0142adowanie, nieprzerwane przyjemno\u015bci: Dzi\u0119ki portowi Type-C mo\u017cesz szybko na\u0142adowa\u0107 swoje urz\u0105dzenie i by\u0107 gotowym na kolejny wdech.<br data-start=\"1647\" data-end=\"1650\" \/>\ud83d\udd39 R\u00f3\u017cne st\u0119\u017cenia nikotyny, dla ka\u017cdego gustu: Bez nikotyny lub wy\u017csza zawarto\u015b\u0107 nikotyny dla wi\u0119kszego kopa \u2013 znajdziesz idealny wyb\u00f3r dla siebie.<\/p>\n<h4 data-start=\"1833\" data-end=\"1862\">\ud83d\uded2 Zam\u00f3w teraz!<\/h4>\n<p data-start=\"1863\" data-end=\"2090\" data-is-last-node=\"\" data-is-only-node=\"\">\ud83d\udcbb Bezpo\u015brednio na stronie: <a href=\"https:\/\/vapingnet.de\/pl\/\" target=\"_new\" rel=\"noopener\" data-start=\"1892\" data-end=\"1928\">vapingnet.de<\/a><br data-start=\"1930\" data-end=\"1933\" \/>\ud83d\ude9a Bez c\u0142a, dostawa w ci\u0105gu 7-15 dni roboczych, bezstresowe zakupy<br data-start=\"2001\" data-end=\"2004\" \/>\ud83c\udfaf Do\u015bwiadcz najwy\u017cszego smaku i ciesz si\u0119 vapowaniem w najlepszej formie!<\/p>","protected":false},"excerpt":{"rendered":"<p>Bang Blaze 20000 Puffs \u2013 Ostateczna przyjemno\u015b\u0107, odkryj teraz! \ud83d\udd25 Najwa\u017cniejsze cechy produktu w skr\u00f3cie \u2705 20 000 zaci\u0105gni\u0119\u0107 \u2013 ogromna pojemno\u015b\u0107 na d\u0142ugie palenie \u2705 Dul...<\/p>","protected":false},"featured_media":6849,"template":"","meta":[],"etheme_brands":[],"product_brand":[101],"product_cat":[54,49,61],"product_tag":[],"class_list":{"0":"post-5524","1":"product","2":"type-product","3":"status-publish","4":"has-post-thumbnail","6":"product_brand-bang-king-vape","7":"product_cat-vape-20000-zuege","8":"product_cat-einweg-e-zigarette","9":"product_cat-f","11":"first","12":"instock","13":"shipping-taxable","14":"purchasable","15":"product-type-simple"},"yoast_head":"<!-- This site is optimized with the Yoast SEO plugin v26.5 - https:\/\/yoast.com\/wordpress\/plugins\/seo\/ -->\n<title>Erlebe den Sommer Bang Blaze 20000 Puffs Watermelon | Vapingnet.de<\/title>\n<meta name=\"description\" content=\"Entdecke Erlebe den Sommer Bang Blaze 20000 Puffs Watermelon bei vapingnet.de, \u25ba Gro\u00dfe Auswahl an Geschmacksrichtungen &amp; super g\u00fcnstig!\" \/>\n<meta name=\"robots\" content=\"index, follow, max-snippet:-1, max-image-preview:large, max-video-preview:-1\" \/>\n<link rel=\"canonical\" href=\"https:\/\/vapingnet.de\/pl\/vape\/erlebe-den-sommer-bang-blaze-20000-puffs-watermelon\/\" \/>\n<meta property=\"og:locale\" content=\"pl_PL\" \/>\n<meta property=\"og:type\" content=\"article\" \/>\n<meta property=\"og:title\" content=\"Erlebe den Sommer Bang Blaze 20000 Puffs Watermelon | Vapingnet.de\" \/>\n<meta property=\"og:description\" content=\"Entdecke Erlebe den Sommer Bang Blaze 20000 Puffs Watermelon bei vapingnet.de, \u25ba Gro\u00dfe Auswahl an Geschmacksrichtungen &amp; super g\u00fcnstig!\" \/>\n<meta property=\"og:url\" content=\"https:\/\/vapingnet.de\/pl\/vape\/erlebe-den-sommer-bang-blaze-20000-puffs-watermelon\/\" \/>\n<meta property=\"og:site_name\" content=\"Vapingnet.de\" \/>\n<meta property=\"article:publisher\" content=\"https:\/\/www.facebook.com\/vapingnetde\/\" \/>\n<meta property=\"article:modified_time\" content=\"2025-06-19T03:40:47+00:00\" \/>\n<meta property=\"og:image\" content=\"https:\/\/vapingnet.de\/wp-content\/uploads\/2025\/03\/bang-watermelon.png\" \/>\n\t<meta property=\"og:image:width\" content=\"1000\" \/>\n\t<meta property=\"og:image:height\" content=\"1000\" \/>\n\t<meta property=\"og:image:type\" content=\"image\/png\" \/>\n<meta name=\"twitter:card\" content=\"summary_large_image\" \/>\n<meta name=\"twitter:label1\" content=\"Est. reading time\" \/>\n\t<meta name=\"twitter:data1\" content=\"2 minutes\" \/>\n<script type=\"application\/ld+json\" class=\"yoast-schema-graph\">{\"@context\":\"https:\/\/schema.org\",\"@graph\":[{\"@type\":\"WebPage\",\"@id\":\"https:\/\/vapingnet.de\/vape\/erlebe-den-sommer-bang-blaze-20000-puffs-watermelon\/\",\"url\":\"https:\/\/vapingnet.de\/vape\/erlebe-den-sommer-bang-blaze-20000-puffs-watermelon\/\",\"name\":\"Erlebe den Sommer Bang Blaze 20000 Puffs Watermelon | Vapingnet.de\",\"isPartOf\":{\"@id\":\"https:\/\/vapingnet.de\/#website\"},\"primaryImageOfPage\":{\"@id\":\"https:\/\/vapingnet.de\/vape\/erlebe-den-sommer-bang-blaze-20000-puffs-watermelon\/#primaryimage\"},\"image\":{\"@id\":\"https:\/\/vapingnet.de\/vape\/erlebe-den-sommer-bang-blaze-20000-puffs-watermelon\/#primaryimage\"},\"thumbnailUrl\":\"https:\/\/vapingnet.de\/wp-content\/uploads\/2025\/03\/bang-watermelon.png\",\"datePublished\":\"2025-03-17T09:25:52+00:00\",\"dateModified\":\"2025-06-19T03:40:47+00:00\",\"description\":\"Entdecke Erlebe den Sommer Bang Blaze 20000 Puffs Watermelon bei vapingnet.de, \u25ba Gro\u00dfe Auswahl an Geschmacksrichtungen & super g\u00fcnstig!\",\"breadcrumb\":{\"@id\":\"https:\/\/vapingnet.de\/vape\/erlebe-den-sommer-bang-blaze-20000-puffs-watermelon\/#breadcrumb\"},\"inLanguage\":\"pl-PL\",\"potentialAction\":[{\"@type\":\"ReadAction\",\"target\":[\"https:\/\/vapingnet.de\/vape\/erlebe-den-sommer-bang-blaze-20000-puffs-watermelon\/\"]}]},{\"@type\":\"ImageObject\",\"inLanguage\":\"pl-PL\",\"@id\":\"https:\/\/vapingnet.de\/vape\/erlebe-den-sommer-bang-blaze-20000-puffs-watermelon\/#primaryimage\",\"url\":\"https:\/\/vapingnet.de\/wp-content\/uploads\/2025\/03\/bang-watermelon.png\",\"contentUrl\":\"https:\/\/vapingnet.de\/wp-content\/uploads\/2025\/03\/bang-watermelon.png\",\"width\":1000,\"height\":1000},{\"@type\":\"BreadcrumbList\",\"@id\":\"https:\/\/vapingnet.de\/vape\/erlebe-den-sommer-bang-blaze-20000-puffs-watermelon\/#breadcrumb\",\"itemListElement\":[{\"@type\":\"ListItem\",\"position\":1,\"name\":\"Home\",\"item\":\"https:\/\/vapingnet.de\/\"},{\"@type\":\"ListItem\",\"position\":2,\"name\":\"Shop\",\"item\":\"https:\/\/vapingnet.de\/vape\/\"},{\"@type\":\"ListItem\",\"position\":3,\"name\":\"Erlebe den Sommer Bang Blaze 20000 Puffs Watermelon\"}]},{\"@type\":\"WebSite\",\"@id\":\"https:\/\/vapingnet.de\/#website\",\"url\":\"https:\/\/vapingnet.de\/\",\"name\":\"Vapingnet.de\",\"description\":\"\",\"publisher\":{\"@id\":\"https:\/\/vapingnet.de\/#organization\"},\"potentialAction\":[{\"@type\":\"SearchAction\",\"target\":{\"@type\":\"EntryPoint\",\"urlTemplate\":\"https:\/\/vapingnet.de\/?s={search_term_string}\"},\"query-input\":{\"@type\":\"PropertyValueSpecification\",\"valueRequired\":true,\"valueName\":\"search_term_string\"}}],\"inLanguage\":\"pl-PL\"},{\"@type\":\"Organization\",\"@id\":\"https:\/\/vapingnet.de\/#organization\",\"name\":\"Vapingnet.de\",\"url\":\"https:\/\/vapingnet.de\/\",\"logo\":{\"@type\":\"ImageObject\",\"inLanguage\":\"pl-PL\",\"@id\":\"https:\/\/vapingnet.de\/#\/schema\/logo\/image\/\",\"url\":\"https:\/\/vapingnet.de\/wp-content\/uploads\/2025\/03\/cropped-vapingnet.de_.jpg\",\"contentUrl\":\"https:\/\/vapingnet.de\/wp-content\/uploads\/2025\/03\/cropped-vapingnet.de_.jpg\",\"width\":512,\"height\":512,\"caption\":\"Vapingnet.de\"},\"image\":{\"@id\":\"https:\/\/vapingnet.de\/#\/schema\/logo\/image\/\"},\"sameAs\":[\"https:\/\/www.facebook.com\/vapingnetde\/\"]}]}<\/script>\n<!-- \/ Yoast SEO plugin. -->","yoast_head_json":{"title":"Erlebe den Sommer Bang Blaze 20000 Puffs Watermelon | Vapingnet.de","description":"Entdecke Erlebe den Sommer Bang Blaze 20000 Puffs Watermelon bei vapingnet.de, \u25ba Gro\u00dfe Auswahl an Geschmacksrichtungen & super g\u00fcnstig!","robots":{"index":"index","follow":"follow","max-snippet":"max-snippet:-1","max-image-preview":"max-image-preview:large","max-video-preview":"max-video-preview:-1"},"canonical":"https:\/\/vapingnet.de\/pl\/vape\/erlebe-den-sommer-bang-blaze-20000-puffs-watermelon\/","og_locale":"pl_PL","og_type":"article","og_title":"Erlebe den Sommer Bang Blaze 20000 Puffs Watermelon | Vapingnet.de","og_description":"Entdecke Erlebe den Sommer Bang Blaze 20000 Puffs Watermelon bei vapingnet.de, \u25ba Gro\u00dfe Auswahl an Geschmacksrichtungen & super g\u00fcnstig!","og_url":"https:\/\/vapingnet.de\/pl\/vape\/erlebe-den-sommer-bang-blaze-20000-puffs-watermelon\/","og_site_name":"Vapingnet.de","article_publisher":"https:\/\/www.facebook.com\/vapingnetde\/","article_modified_time":"2025-06-19T03:40:47+00:00","og_image":[{"width":1000,"height":1000,"url":"https:\/\/vapingnet.de\/wp-content\/uploads\/2025\/03\/bang-watermelon.png","type":"image\/png"}],"twitter_card":"summary_large_image","twitter_misc":{"Est. reading time":"2 minutes"},"schema":{"@context":"https:\/\/schema.org","@graph":[{"@type":"WebPage","@id":"https:\/\/vapingnet.de\/vape\/erlebe-den-sommer-bang-blaze-20000-puffs-watermelon\/","url":"https:\/\/vapingnet.de\/vape\/erlebe-den-sommer-bang-blaze-20000-puffs-watermelon\/","name":"Erlebe den Sommer Bang Blaze 20000 Puffs Watermelon | Vapingnet.de","isPartOf":{"@id":"https:\/\/vapingnet.de\/#website"},"primaryImageOfPage":{"@id":"https:\/\/vapingnet.de\/vape\/erlebe-den-sommer-bang-blaze-20000-puffs-watermelon\/#primaryimage"},"image":{"@id":"https:\/\/vapingnet.de\/vape\/erlebe-den-sommer-bang-blaze-20000-puffs-watermelon\/#primaryimage"},"thumbnailUrl":"https:\/\/vapingnet.de\/wp-content\/uploads\/2025\/03\/bang-watermelon.png","datePublished":"2025-03-17T09:25:52+00:00","dateModified":"2025-06-19T03:40:47+00:00","description":"Entdecke Erlebe den Sommer Bang Blaze 20000 Puffs Watermelon bei vapingnet.de, \u25ba Gro\u00dfe Auswahl an Geschmacksrichtungen & super g\u00fcnstig!","breadcrumb":{"@id":"https:\/\/vapingnet.de\/vape\/erlebe-den-sommer-bang-blaze-20000-puffs-watermelon\/#breadcrumb"},"inLanguage":"pl-PL","potentialAction":[{"@type":"ReadAction","target":["https:\/\/vapingnet.de\/vape\/erlebe-den-sommer-bang-blaze-20000-puffs-watermelon\/"]}]},{"@type":"ImageObject","inLanguage":"pl-PL","@id":"https:\/\/vapingnet.de\/vape\/erlebe-den-sommer-bang-blaze-20000-puffs-watermelon\/#primaryimage","url":"https:\/\/vapingnet.de\/wp-content\/uploads\/2025\/03\/bang-watermelon.png","contentUrl":"https:\/\/vapingnet.de\/wp-content\/uploads\/2025\/03\/bang-watermelon.png","width":1000,"height":1000},{"@type":"BreadcrumbList","@id":"https:\/\/vapingnet.de\/vape\/erlebe-den-sommer-bang-blaze-20000-puffs-watermelon\/#breadcrumb","itemListElement":[{"@type":"ListItem","position":1,"name":"Home","item":"https:\/\/vapingnet.de\/"},{"@type":"ListItem","position":2,"name":"Shop","item":"https:\/\/vapingnet.de\/vape\/"},{"@type":"ListItem","position":3,"name":"Erlebe den Sommer Bang Blaze 20000 Puffs Watermelon"}]},{"@type":"WebSite","@id":"https:\/\/vapingnet.de\/#website","url":"https:\/\/vapingnet.de\/","name":"Vapingnet.de","description":"","publisher":{"@id":"https:\/\/vapingnet.de\/#organization"},"potentialAction":[{"@type":"SearchAction","target":{"@type":"EntryPoint","urlTemplate":"https:\/\/vapingnet.de\/?s={search_term_string}"},"query-input":{"@type":"PropertyValueSpecification","valueRequired":true,"valueName":"search_term_string"}}],"inLanguage":"pl-PL"},{"@type":"Organization","@id":"https:\/\/vapingnet.de\/#organization","name":"Vapingnet.de","url":"https:\/\/vapingnet.de\/","logo":{"@type":"ImageObject","inLanguage":"pl-PL","@id":"https:\/\/vapingnet.de\/#\/schema\/logo\/image\/","url":"https:\/\/vapingnet.de\/wp-content\/uploads\/2025\/03\/cropped-vapingnet.de_.jpg","contentUrl":"https:\/\/vapingnet.de\/wp-content\/uploads\/2025\/03\/cropped-vapingnet.de_.jpg","width":512,"height":512,"caption":"Vapingnet.de"},"image":{"@id":"https:\/\/vapingnet.de\/#\/schema\/logo\/image\/"},"sameAs":["https:\/\/www.facebook.com\/vapingnetde\/"]}]}},"tiered_pricing_type":"fixed","tiered_pricing_fixed_rules":{"10":"7.59","60":"6.83","110":"6.07","200":"5.31"},"tiered_pricing_product_settings":{"layout":"default","base_unit_name":{"singular":null,"plural":null},"default_variation":null},"tiered_pricing_minimum_quantity":null,"tiered_pricing_roles_data":[],"tiered_pricing_percentage_rules":[],"_links":{"self":[{"href":"https:\/\/vapingnet.de\/pl\/wp-json\/wp\/v2\/product\/5524","targetHints":{"allow":["GET"]}}],"collection":[{"href":"https:\/\/vapingnet.de\/pl\/wp-json\/wp\/v2\/product"}],"about":[{"href":"https:\/\/vapingnet.de\/pl\/wp-json\/wp\/v2\/types\/product"}],"version-history":[{"count":3,"href":"https:\/\/vapingnet.de\/pl\/wp-json\/wp\/v2\/product\/5524\/revisions"}],"predecessor-version":[{"id":6848,"href":"https:\/\/vapingnet.de\/pl\/wp-json\/wp\/v2\/product\/5524\/revisions\/6848"}],"wp:featuredmedia":[{"embeddable":true,"href":"https:\/\/vapingnet.de\/pl\/wp-json\/wp\/v2\/media\/6849"}],"wp:attachment":[{"href":"https:\/\/vapingnet.de\/pl\/wp-json\/wp\/v2\/media?parent=5524"}],"wp:term":[{"taxonomy":"brand","embeddable":true,"href":"https:\/\/vapingnet.de\/pl\/wp-json\/wp\/v2\/etheme_brands?post=5524"},{"taxonomy":"product_brand","embeddable":true,"href":"https:\/\/vapingnet.de\/pl\/wp-json\/wp\/v2\/product_brand?post=5524"},{"taxonomy":"product_cat","embeddable":true,"href":"https:\/\/vapingnet.de\/pl\/wp-json\/wp\/v2\/product_cat?post=5524"},{"taxonomy":"product_tag","embeddable":true,"href":"https:\/\/vapingnet.de\/pl\/wp-json\/wp\/v2\/product_tag?post=5524"}],"curies":[{"name":"wp","href":"https:\/\/api.w.org\/{rel}","templated":true}]}}