{"id":5528,"date":"2025-12-13T09:38:40","date_gmt":"2025-12-13T09:38:40","guid":{"rendered":"https:\/\/vapingnet.de\/?post_type=product&#038;p=5528"},"modified":"2026-01-28T08:35:31","modified_gmt":"2026-01-28T08:35:31","slug":"fruchtig-und-suess-bang-blaze-20000-puffs-strawberry-watermelon","status":"publish","type":"product","link":"https:\/\/vapingnet.de\/pl\/vape\/fruchtig-und-suess-bang-blaze-20000-puffs-strawberry-watermelon\/","title":{"rendered":"Owocowy i s\u0142odki Bang Blaze 20000 Puffs Strawberry Watermelon"},"content":{"rendered":"<h2 data-start=\"0\" data-end=\"68\">Bang Blaze 20000 Puffs \u2013 Ostateczne do\u015bwiadczenie, d\u0142ugotrwa\u0142a wydajno\u015b\u0107!<\/h2>\n<p data-start=\"70\" data-end=\"358\">Bang Blaze 20000 Puffs oferuje niezr\u00f3wnane doznania podczas vapowania! Z <a href=\"https:\/\/vapingnet.de\/pl\/k\/vape-20000-zuege\/\" target=\"_blank\" rel=\"noopener\"><strong>20 000 Puffs<\/strong><\/a> ogromn\u0105 pojemno\u015bci\u0105 i cewk\u0105 Dul Mesh 1.0\u03a9, ka\u017cdy wdech zapewnia mi\u0119kki i intensywny smak. Ta e-papieros jest idealny dla tych, kt\u00f3rzy szukaj\u0105 d\u0142ugotrwa\u0142ych dozna\u0144 vapowania.<\/p>\n<h4 data-start=\"365\" data-end=\"395\">Cechy produktu<\/h4>\n<ul data-start=\"397\" data-end=\"1252\">\n<li data-start=\"397\" data-end=\"524\">Ekstremalnie d\u0142ugi czas u\u017cytkowania: 20 000 Puffs, znacznie wi\u0119cej ni\u017c zwyk\u0142e e-papierosy \u2013 idealny na codzienne potrzeby.<\/li>\n<li data-start=\"525\" data-end=\"612\">Silny akumulator: 1000mAh akumulator wielokrotnego \u0142adowania, brak konieczno\u015bci cz\u0119stego \u0142adowania.<\/li>\n<li data-start=\"613\" data-end=\"705\">Szybkie \u0142adowanie: port Type-C do szybkiego \u0142adowania i efektywnego u\u017cytkowania.<\/li>\n<li data-start=\"706\" data-end=\"820\">Du\u017ca pojemno\u015b\u0107 liquidu: 26ml, zapewniaj\u0105ca d\u0142ugotrwa\u0142e korzystanie z pary bez cz\u0119stego uzupe\u0142niania.<\/li>\n<li data-start=\"821\" data-end=\"912\">Wyb\u00f3r zawarto\u015bci nikotyny: 0%, 2%, 3%, 5% \u2013 dla r\u00f3\u017cnych gust\u00f3w i potrzeb.<\/li>\n<li data-start=\"913\" data-end=\"1051\">Inteligentny wy\u015bwietlacz: pokazuje poziom na\u0142adowania baterii i poziom liquidu, dla jeszcze wi\u0119kszego komfortu vapowania.<\/li>\n<li data-start=\"1052\" data-end=\"1150\">Smak truskawki z arbuzem: orze\u017awiaj\u0105cy, owocowy smak, unikalne doznanie przy ka\u017cdym wdechu.<\/li>\n<li data-start=\"1151\" data-end=\"1252\">Lekki i przeno\u015bny: wa\u017cy tylko 85g, jest bardzo por\u0119czny i idealny na podr\u00f3\u017c.<\/li>\n<\/ul>\n<h4 data-start=\"1259\" data-end=\"1282\">Zalety produktu<\/h4>\n<ol data-start=\"1284\" data-end=\"2087\">\n<li data-start=\"1284\" data-end=\"1490\">D\u0142ugotrwa\u0142a wydajno\u015b\u0107, korzystaj zawsze: z 20 000 Puffs jeste\u015b dobrze przygotowany, niezale\u017cnie od codziennych potrzeb czy podr\u00f3\u017cy. Ta e-papieros towarzyszy Ci przez d\u0142ugi czas bez konieczno\u015bci uzupe\u0142niania lub \u0142adowania.<\/li>\n<li data-start=\"1491\" data-end=\"1664\">\u015awie\u017cy smak, niezapomniany: smak truskawki z arbuzem zapewnia orze\u017awiaj\u0105ce, s\u0142odkie doznania, kt\u00f3re b\u0119d\u0105 Ci\u0119 zachwyca\u0107 na nowo.<\/li>\n<li data-start=\"1665\" data-end=\"1869\">Wszechstronne poziomy nikotyny, dla ka\u017cdego: niezale\u017cnie od tego, czy chcesz vapowa\u0107 bez nikotyny, czy uzyska\u0107 silniejszy efekt z wy\u017csz\u0105 zawarto\u015bci\u0105 nikotyny, <a href=\"https:\/\/vapingnet.de\/fr\/Brands\/bang-king-vape\/\" target=\"_blank\" rel=\"noopener\"><strong>Bang King<\/strong><\/a> oferuje Ci idealny wyb\u00f3r.<\/li>\n<li data-start=\"1870\" data-end=\"2087\">Lekki design i bezc\u0142owa dostawa: wa\u017cy tylko 85g, jest bardzo lekki i \u0142atwy do przenoszenia. Dodatkowo oferujemy bezc\u0142ow\u0105 wysy\u0142k\u0119, aby\u015b nie musia\u0142 si\u0119 martwi\u0107 o dodatkowe koszty.<\/li>\n<\/ol>\n<h3>Kup teraz i do\u015bwiadcz niezapomnianego vapowania<\/h3>\n<p data-start=\"2149\" data-end=\"2331\" data-is-last-node=\"\" data-is-only-node=\"\">Odwied\u017a teraz <a href=\"https:\/\/vapingnet.de\/pl\/\" target=\"_new\" rel=\"noopener\" data-start=\"2165\" data-end=\"2201\">vapingnet.de<\/a>, zam\u00f3w swojego Bang Blaze 20000 Puffs i do\u015bwiadcz niezr\u00f3wnanej przyjemno\u015bci z d\u0142ugotrwa\u0142ym dzia\u0142aniem i orze\u017awiaj\u0105cym smakiem!<\/p>","protected":false},"excerpt":{"rendered":"<p>Bang Blaze 20000 Puffs \u2013 Ostateczne do\u015bwiadczenie, d\u0142ugotrwa\u0142a wydajno\u015b\u0107! Bang Blaze 20000 Puffs oferuje niezr\u00f3wnane doznania palenia! Z pojemno\u015bci\u0105 20 000 zaci\u0105gni\u0119\u0107 i...<\/p>","protected":false},"featured_media":6844,"template":"","meta":[],"etheme_brands":[],"product_brand":[101],"product_cat":[54,49,61],"product_tag":[],"class_list":{"0":"post-5528","1":"product","2":"type-product","3":"status-publish","4":"has-post-thumbnail","6":"product_brand-bang-king-vape","7":"product_cat-vape-20000-zuege","8":"product_cat-einweg-e-zigarette","9":"product_cat-f","11":"first","12":"instock","13":"shipping-taxable","14":"purchasable","15":"product-type-simple"},"yoast_head":"<!-- This site is optimized with the Yoast SEO plugin v26.5 - https:\/\/yoast.com\/wordpress\/plugins\/seo\/ -->\n<title>Fruchtig und s\u00fc\u00df Bang Blaze 20000 Puffs Strawberry Watermelon | Vapingnet.de<\/title>\n<meta name=\"description\" content=\"Entdecke Fruchtig und s\u00fc\u00df Bang Blaze 20000 Puffs Strawberry Watermelon bei vapingnet.de, \u25ba Gro\u00dfe Auswahl an Geschmacksrichtungen &amp; super g\u00fcnstig!\" \/>\n<meta name=\"robots\" content=\"index, follow, max-snippet:-1, max-image-preview:large, max-video-preview:-1\" \/>\n<link rel=\"canonical\" href=\"https:\/\/vapingnet.de\/pl\/vape\/fruchtig-und-suess-bang-blaze-20000-puffs-strawberry-watermelon\/\" \/>\n<meta property=\"og:locale\" content=\"pl_PL\" \/>\n<meta property=\"og:type\" content=\"article\" \/>\n<meta property=\"og:title\" content=\"Fruchtig und s\u00fc\u00df Bang Blaze 20000 Puffs Strawberry Watermelon | Vapingnet.de\" \/>\n<meta property=\"og:description\" content=\"Entdecke Fruchtig und s\u00fc\u00df Bang Blaze 20000 Puffs Strawberry Watermelon bei vapingnet.de, \u25ba Gro\u00dfe Auswahl an Geschmacksrichtungen &amp; super g\u00fcnstig!\" \/>\n<meta property=\"og:url\" content=\"https:\/\/vapingnet.de\/pl\/vape\/fruchtig-und-suess-bang-blaze-20000-puffs-strawberry-watermelon\/\" \/>\n<meta property=\"og:site_name\" content=\"Vapingnet.de\" \/>\n<meta property=\"article:publisher\" content=\"https:\/\/www.facebook.com\/vapingnetde\/\" \/>\n<meta property=\"article:modified_time\" content=\"2026-01-28T08:35:31+00:00\" \/>\n<meta property=\"og:image\" content=\"https:\/\/vapingnet.de\/wp-content\/uploads\/2025\/03\/bang-blaze.jpg\" \/>\n\t<meta property=\"og:image:width\" content=\"1000\" \/>\n\t<meta property=\"og:image:height\" content=\"1000\" \/>\n\t<meta property=\"og:image:type\" content=\"image\/jpeg\" \/>\n<meta name=\"twitter:card\" content=\"summary_large_image\" \/>\n<meta name=\"twitter:label1\" content=\"Est. reading time\" \/>\n\t<meta name=\"twitter:data1\" content=\"2 minutes\" \/>\n<script type=\"application\/ld+json\" class=\"yoast-schema-graph\">{\"@context\":\"https:\/\/schema.org\",\"@graph\":[{\"@type\":\"WebPage\",\"@id\":\"https:\/\/vapingnet.de\/vape\/fruchtig-und-suess-bang-blaze-20000-puffs-strawberry-watermelon\/\",\"url\":\"https:\/\/vapingnet.de\/vape\/fruchtig-und-suess-bang-blaze-20000-puffs-strawberry-watermelon\/\",\"name\":\"Fruchtig und s\u00fc\u00df Bang Blaze 20000 Puffs Strawberry Watermelon | Vapingnet.de\",\"isPartOf\":{\"@id\":\"https:\/\/vapingnet.de\/#website\"},\"primaryImageOfPage\":{\"@id\":\"https:\/\/vapingnet.de\/vape\/fruchtig-und-suess-bang-blaze-20000-puffs-strawberry-watermelon\/#primaryimage\"},\"image\":{\"@id\":\"https:\/\/vapingnet.de\/vape\/fruchtig-und-suess-bang-blaze-20000-puffs-strawberry-watermelon\/#primaryimage\"},\"thumbnailUrl\":\"https:\/\/vapingnet.de\/wp-content\/uploads\/2025\/03\/bang-blaze.jpg\",\"datePublished\":\"2025-12-13T09:38:40+00:00\",\"dateModified\":\"2026-01-28T08:35:31+00:00\",\"description\":\"Entdecke Fruchtig und s\u00fc\u00df Bang Blaze 20000 Puffs Strawberry Watermelon bei vapingnet.de, \u25ba Gro\u00dfe Auswahl an Geschmacksrichtungen & super g\u00fcnstig!\",\"breadcrumb\":{\"@id\":\"https:\/\/vapingnet.de\/vape\/fruchtig-und-suess-bang-blaze-20000-puffs-strawberry-watermelon\/#breadcrumb\"},\"inLanguage\":\"pl-PL\",\"potentialAction\":[{\"@type\":\"ReadAction\",\"target\":[\"https:\/\/vapingnet.de\/vape\/fruchtig-und-suess-bang-blaze-20000-puffs-strawberry-watermelon\/\"]}]},{\"@type\":\"ImageObject\",\"inLanguage\":\"pl-PL\",\"@id\":\"https:\/\/vapingnet.de\/vape\/fruchtig-und-suess-bang-blaze-20000-puffs-strawberry-watermelon\/#primaryimage\",\"url\":\"https:\/\/vapingnet.de\/wp-content\/uploads\/2025\/03\/bang-blaze.jpg\",\"contentUrl\":\"https:\/\/vapingnet.de\/wp-content\/uploads\/2025\/03\/bang-blaze.jpg\",\"width\":1000,\"height\":1000},{\"@type\":\"BreadcrumbList\",\"@id\":\"https:\/\/vapingnet.de\/vape\/fruchtig-und-suess-bang-blaze-20000-puffs-strawberry-watermelon\/#breadcrumb\",\"itemListElement\":[{\"@type\":\"ListItem\",\"position\":1,\"name\":\"Home\",\"item\":\"https:\/\/vapingnet.de\/\"},{\"@type\":\"ListItem\",\"position\":2,\"name\":\"Shop\",\"item\":\"https:\/\/vapingnet.de\/vape\/\"},{\"@type\":\"ListItem\",\"position\":3,\"name\":\"Fruchtig und s\u00fc\u00df Bang Blaze 20000 Puffs Strawberry Watermelon\"}]},{\"@type\":\"WebSite\",\"@id\":\"https:\/\/vapingnet.de\/#website\",\"url\":\"https:\/\/vapingnet.de\/\",\"name\":\"Vapingnet.de\",\"description\":\"\",\"publisher\":{\"@id\":\"https:\/\/vapingnet.de\/#organization\"},\"potentialAction\":[{\"@type\":\"SearchAction\",\"target\":{\"@type\":\"EntryPoint\",\"urlTemplate\":\"https:\/\/vapingnet.de\/?s={search_term_string}\"},\"query-input\":{\"@type\":\"PropertyValueSpecification\",\"valueRequired\":true,\"valueName\":\"search_term_string\"}}],\"inLanguage\":\"pl-PL\"},{\"@type\":\"Organization\",\"@id\":\"https:\/\/vapingnet.de\/#organization\",\"name\":\"Vapingnet.de\",\"url\":\"https:\/\/vapingnet.de\/\",\"logo\":{\"@type\":\"ImageObject\",\"inLanguage\":\"pl-PL\",\"@id\":\"https:\/\/vapingnet.de\/#\/schema\/logo\/image\/\",\"url\":\"https:\/\/vapingnet.de\/wp-content\/uploads\/2025\/03\/cropped-vapingnet.de_.jpg\",\"contentUrl\":\"https:\/\/vapingnet.de\/wp-content\/uploads\/2025\/03\/cropped-vapingnet.de_.jpg\",\"width\":512,\"height\":512,\"caption\":\"Vapingnet.de\"},\"image\":{\"@id\":\"https:\/\/vapingnet.de\/#\/schema\/logo\/image\/\"},\"sameAs\":[\"https:\/\/www.facebook.com\/vapingnetde\/\"]}]}<\/script>\n<!-- \/ Yoast SEO plugin. -->","yoast_head_json":{"title":"Fruchtig und s\u00fc\u00df Bang Blaze 20000 Puffs Strawberry Watermelon | Vapingnet.de","description":"Entdecke Fruchtig und s\u00fc\u00df Bang Blaze 20000 Puffs Strawberry Watermelon bei vapingnet.de, \u25ba Gro\u00dfe Auswahl an Geschmacksrichtungen & super g\u00fcnstig!","robots":{"index":"index","follow":"follow","max-snippet":"max-snippet:-1","max-image-preview":"max-image-preview:large","max-video-preview":"max-video-preview:-1"},"canonical":"https:\/\/vapingnet.de\/pl\/vape\/fruchtig-und-suess-bang-blaze-20000-puffs-strawberry-watermelon\/","og_locale":"pl_PL","og_type":"article","og_title":"Fruchtig und s\u00fc\u00df Bang Blaze 20000 Puffs Strawberry Watermelon | Vapingnet.de","og_description":"Entdecke Fruchtig und s\u00fc\u00df Bang Blaze 20000 Puffs Strawberry Watermelon bei vapingnet.de, \u25ba Gro\u00dfe Auswahl an Geschmacksrichtungen & super g\u00fcnstig!","og_url":"https:\/\/vapingnet.de\/pl\/vape\/fruchtig-und-suess-bang-blaze-20000-puffs-strawberry-watermelon\/","og_site_name":"Vapingnet.de","article_publisher":"https:\/\/www.facebook.com\/vapingnetde\/","article_modified_time":"2026-01-28T08:35:31+00:00","og_image":[{"width":1000,"height":1000,"url":"https:\/\/vapingnet.de\/wp-content\/uploads\/2025\/03\/bang-blaze.jpg","type":"image\/jpeg"}],"twitter_card":"summary_large_image","twitter_misc":{"Est. reading time":"2 minutes"},"schema":{"@context":"https:\/\/schema.org","@graph":[{"@type":"WebPage","@id":"https:\/\/vapingnet.de\/vape\/fruchtig-und-suess-bang-blaze-20000-puffs-strawberry-watermelon\/","url":"https:\/\/vapingnet.de\/vape\/fruchtig-und-suess-bang-blaze-20000-puffs-strawberry-watermelon\/","name":"Fruchtig und s\u00fc\u00df Bang Blaze 20000 Puffs Strawberry Watermelon | Vapingnet.de","isPartOf":{"@id":"https:\/\/vapingnet.de\/#website"},"primaryImageOfPage":{"@id":"https:\/\/vapingnet.de\/vape\/fruchtig-und-suess-bang-blaze-20000-puffs-strawberry-watermelon\/#primaryimage"},"image":{"@id":"https:\/\/vapingnet.de\/vape\/fruchtig-und-suess-bang-blaze-20000-puffs-strawberry-watermelon\/#primaryimage"},"thumbnailUrl":"https:\/\/vapingnet.de\/wp-content\/uploads\/2025\/03\/bang-blaze.jpg","datePublished":"2025-12-13T09:38:40+00:00","dateModified":"2026-01-28T08:35:31+00:00","description":"Entdecke Fruchtig und s\u00fc\u00df Bang Blaze 20000 Puffs Strawberry Watermelon bei vapingnet.de, \u25ba Gro\u00dfe Auswahl an Geschmacksrichtungen & super g\u00fcnstig!","breadcrumb":{"@id":"https:\/\/vapingnet.de\/vape\/fruchtig-und-suess-bang-blaze-20000-puffs-strawberry-watermelon\/#breadcrumb"},"inLanguage":"pl-PL","potentialAction":[{"@type":"ReadAction","target":["https:\/\/vapingnet.de\/vape\/fruchtig-und-suess-bang-blaze-20000-puffs-strawberry-watermelon\/"]}]},{"@type":"ImageObject","inLanguage":"pl-PL","@id":"https:\/\/vapingnet.de\/vape\/fruchtig-und-suess-bang-blaze-20000-puffs-strawberry-watermelon\/#primaryimage","url":"https:\/\/vapingnet.de\/wp-content\/uploads\/2025\/03\/bang-blaze.jpg","contentUrl":"https:\/\/vapingnet.de\/wp-content\/uploads\/2025\/03\/bang-blaze.jpg","width":1000,"height":1000},{"@type":"BreadcrumbList","@id":"https:\/\/vapingnet.de\/vape\/fruchtig-und-suess-bang-blaze-20000-puffs-strawberry-watermelon\/#breadcrumb","itemListElement":[{"@type":"ListItem","position":1,"name":"Home","item":"https:\/\/vapingnet.de\/"},{"@type":"ListItem","position":2,"name":"Shop","item":"https:\/\/vapingnet.de\/vape\/"},{"@type":"ListItem","position":3,"name":"Fruchtig und s\u00fc\u00df Bang Blaze 20000 Puffs Strawberry Watermelon"}]},{"@type":"WebSite","@id":"https:\/\/vapingnet.de\/#website","url":"https:\/\/vapingnet.de\/","name":"Vapingnet.de","description":"","publisher":{"@id":"https:\/\/vapingnet.de\/#organization"},"potentialAction":[{"@type":"SearchAction","target":{"@type":"EntryPoint","urlTemplate":"https:\/\/vapingnet.de\/?s={search_term_string}"},"query-input":{"@type":"PropertyValueSpecification","valueRequired":true,"valueName":"search_term_string"}}],"inLanguage":"pl-PL"},{"@type":"Organization","@id":"https:\/\/vapingnet.de\/#organization","name":"Vapingnet.de","url":"https:\/\/vapingnet.de\/","logo":{"@type":"ImageObject","inLanguage":"pl-PL","@id":"https:\/\/vapingnet.de\/#\/schema\/logo\/image\/","url":"https:\/\/vapingnet.de\/wp-content\/uploads\/2025\/03\/cropped-vapingnet.de_.jpg","contentUrl":"https:\/\/vapingnet.de\/wp-content\/uploads\/2025\/03\/cropped-vapingnet.de_.jpg","width":512,"height":512,"caption":"Vapingnet.de"},"image":{"@id":"https:\/\/vapingnet.de\/#\/schema\/logo\/image\/"},"sameAs":["https:\/\/www.facebook.com\/vapingnetde\/"]}]}},"tiered_pricing_type":"fixed","tiered_pricing_fixed_rules":{"60":"6.83","110":"6.07","200":"5.31"},"tiered_pricing_product_settings":{"layout":"default","base_unit_name":{"singular":null,"plural":null},"default_variation":null},"tiered_pricing_minimum_quantity":null,"tiered_pricing_roles_data":[],"tiered_pricing_percentage_rules":[],"_links":{"self":[{"href":"https:\/\/vapingnet.de\/pl\/wp-json\/wp\/v2\/product\/5528","targetHints":{"allow":["GET"]}}],"collection":[{"href":"https:\/\/vapingnet.de\/pl\/wp-json\/wp\/v2\/product"}],"about":[{"href":"https:\/\/vapingnet.de\/pl\/wp-json\/wp\/v2\/types\/product"}],"version-history":[{"count":4,"href":"https:\/\/vapingnet.de\/pl\/wp-json\/wp\/v2\/product\/5528\/revisions"}],"predecessor-version":[{"id":7308,"href":"https:\/\/vapingnet.de\/pl\/wp-json\/wp\/v2\/product\/5528\/revisions\/7308"}],"wp:featuredmedia":[{"embeddable":true,"href":"https:\/\/vapingnet.de\/pl\/wp-json\/wp\/v2\/media\/6844"}],"wp:attachment":[{"href":"https:\/\/vapingnet.de\/pl\/wp-json\/wp\/v2\/media?parent=5528"}],"wp:term":[{"taxonomy":"brand","embeddable":true,"href":"https:\/\/vapingnet.de\/pl\/wp-json\/wp\/v2\/etheme_brands?post=5528"},{"taxonomy":"product_brand","embeddable":true,"href":"https:\/\/vapingnet.de\/pl\/wp-json\/wp\/v2\/product_brand?post=5528"},{"taxonomy":"product_cat","embeddable":true,"href":"https:\/\/vapingnet.de\/pl\/wp-json\/wp\/v2\/product_cat?post=5528"},{"taxonomy":"product_tag","embeddable":true,"href":"https:\/\/vapingnet.de\/pl\/wp-json\/wp\/v2\/product_tag?post=5528"}],"curies":[{"name":"wp","href":"https:\/\/api.w.org\/{rel}","templated":true}]}}