{"id":5532,"date":"2025-03-17T09:43:57","date_gmt":"2025-03-17T09:43:57","guid":{"rendered":"https:\/\/vapingnet.de\/?post_type=product&#038;p=5532"},"modified":"2025-06-19T03:40:46","modified_gmt":"2025-06-19T03:40:46","slug":"erfrischend-und-fruchtig-bang-blaze-20000-puffs-blueberry-ice","status":"publish","type":"product","link":"https:\/\/vapingnet.de\/pl\/vape\/erfrischend-und-fruchtig-bang-blaze-20000-puffs-blueberry-ice\/","title":{"rendered":"Orze\u017awiaj\u0105cy i owocowy Bang Blaze 20000 Puffs Blueberry Ice"},"content":{"rendered":"<h2 data-start=\"0\" data-end=\"82\">Bang Blaze 20000 Puffs \u2013 Ka\u017cdy zaci\u0105g orze\u017awiaj\u0105co ch\u0142odny, d\u0142ugotrwa\u0142a przyjemno\u015b\u0107!<\/h2>\n<p data-start=\"84\" data-end=\"482\">Do\u015bwiadcz ostatecznego orze\u017awienia z <a href=\"https:\/\/vapingnet.de\/pl\/bang-blaze-20000-puffs\/\" target=\"_blank\" rel=\"noopener\"><strong>Bang Blaze 20000 Pali<\/strong><\/a>! Niezale\u017cnie od tego, czy to d\u0142ugotrwa\u0142a przyjemno\u015b\u0107, czy w podr\u00f3\u017cy \u2013 to urz\u0105dzenie spe\u0142ni wszystkie Twoje \u017cyczenia. Z cewk\u0105 Dul Mesh 1.0\u03a9 i \u015bwie\u017cym smakiem Blueberry Ice b\u0119dziesz cieszy\u0107 si\u0119 niezr\u00f3wnanym do\u015bwiadczeniem vapowania. Zdobywaj teraz \u015bwie\u017cy smak bor\u00f3wki na zim\u0119 i daj si\u0119 oczarowa\u0107 lodowemu orze\u017awieniu!<\/p>\n<h4 data-start=\"489\" data-end=\"518\">Najwa\u017cniejsze cechy produktu:<\/h4>\n<ul data-start=\"520\" data-end=\"1528\">\n<li data-start=\"520\" data-end=\"664\">Ogromna pojemno\u015b\u0107, d\u0142ugotrwa\u0142a przyjemno\u015b\u0107: 20 000 zaci\u0105gni\u0119\u0107 pozwala na d\u0142ugie u\u017cytkowanie urz\u0105dzenia bez konieczno\u015bci cz\u0119stej wymiany.<\/li>\n<li data-start=\"665\" data-end=\"862\">Wydajna bateria, szybkie \u0142adowanie: Wyposa\u017cone w 1000mAh akumulator wielokrotnego \u0142adowania i port Type-C do szybkiego \u0142adowania \u2013 zawsze gotowe na Tw\u00f3j kolejny zaci\u0105gni\u0119cie.<\/li>\n<li data-start=\"863\" data-end=\"976\">Du\u017ca pojemno\u015b\u0107 liquidu, mniej uzupe\u0142nie\u0144: 26ml e-liquidu na d\u0142u\u017cszy czas korzystania bez konieczno\u015bci cz\u0119stego uzupe\u0142niania.<\/li>\n<li data-start=\"977\" data-end=\"1108\">Orze\u017awiaj\u0105cy smak Blueberry Ice: Po\u0142\u0105czenie s\u0142odkich bor\u00f3wek i orze\u017awiaj\u0105cego lodu \u2013 ka\u017cde zaci\u0105gni\u0119cie to rozkosz.<\/li>\n<li data-start=\"1109\" data-end=\"1254\">Inteligentny wy\u015bwietlacz: Pokazuje Ci na bie\u017c\u0105co poziom na\u0142adowania baterii i ilo\u015b\u0107 pozosta\u0142ego liquidu, dzi\u0119ki czemu zawsze jeste\u015b dobrze poinformowany.<\/li>\n<li data-start=\"1255\" data-end=\"1415\">R\u00f3\u017cne poziomy nikotyny: 0%, 2%, 3%, 5% \u2013 dla ka\u017cdego gustu (prosimy zauwa\u017cy\u0107, \u017ce 0% i 3% s\u0105 dost\u0119pne tylko przy du\u017cych zam\u00f3wieniach).<\/li>\n<li data-start=\"1416\" data-end=\"1528\">Lekki i przeno\u015bny: Z wag\u0105 zaledwie 85g, to urz\u0105dzenie jest idealne na podr\u00f3\u017c \u2013 ma\u0142e, por\u0119czne i zawsze pod r\u0119k\u0105.<\/li>\n<\/ul>\n<h3>Dlaczego warto wybra\u0107 Bang Blaze 20000 Puffs?<\/h3>\n<ol data-start=\"1593\" data-end=\"2387\">\n<li data-start=\"1593\" data-end=\"1773\">D\u0142uga wytrzyma\u0142o\u015b\u0107: Z 20 000 zaci\u0105gni\u0119ciami mo\u017cesz cieszy\u0107 si\u0119 d\u0142u\u017cej, nie musz\u0105c cz\u0119sto wymienia\u0107 lub uzupe\u0142nia\u0107 urz\u0105dzenia. Idealne do codziennego u\u017cytku lub w podr\u00f3\u017cy.<\/li>\n<li data-start=\"1774\" data-end=\"1979\">Orze\u017awiaj\u0105cy smak Blueberry Ice: Smak Blueberry Ice zapewnia idealn\u0105 r\u00f3wnowag\u0119 mi\u0119dzy s\u0142odkimi bor\u00f3wkami a orze\u017awiaj\u0105cym lodem \u2013 dla jasnej g\u0142owy i d\u0142ugotrwa\u0142ej \u015bwie\u017co\u015bci.<\/li>\n<li data-start=\"1980\" data-end=\"2190\">Szybkie \u0142adowanie i inteligentny wy\u015bwietlacz: Dzi\u0119ki portowi Type-C \u0142adowanie jest szybkie, a inteligentny ekran na bie\u017c\u0105co pokazuje poziom na\u0142adowania baterii i ilo\u015b\u0107 liquidu.<\/li>\n<li data-start=\"2191\" data-end=\"2387\">Lekki i \u0142atwy do przenoszenia: Z wag\u0105 zaledwie 85g jest bardzo por\u0119czny. Dodatkowo oferujemy bezc\u0142ow\u0105 dostaw\u0119, wi\u0119c nie musisz si\u0119 martwi\u0107 o dodatkowe koszty.<\/li>\n<\/ol>\n<h4 data-start=\"2394\" data-end=\"2439\">Kup teraz i ciesz si\u0119 ka\u017cdym zaci\u0105gni\u0119ciem<\/h4>\n<p data-start=\"2440\" data-end=\"2767\" data-is-last-node=\"\" data-is-only-node=\"\">Odwied\u017a <a href=\"https:\/\/vapingnet.de\/pl\/\" target=\"_new\" rel=\"noopener\" data-start=\"2450\" data-end=\"2486\">vapingnet.de<\/a> i zam\u00f3w ju\u017c dzi\u015b swoje Bang Blaze 20000 Puffs. Do\u015bwiadcz orze\u017awiaj\u0105cego smaku Blueberry Ice i ciesz si\u0119 d\u0142ugotrwa\u0142ym vaporowaniem. Zam\u00f3w teraz i skorzystaj z bezc\u0142owej dostawy oraz szybkiej wysy\u0142ki w ci\u0105gu 7-15 dni roboczych!<\/p>","protected":false},"excerpt":{"rendered":"<p>Bang Blaze 20000 Puffs \u2013 Ka\u017cde zaci\u0105gni\u0119cie orze\u017awiaj\u0105co ch\u0142odne, d\u0142ugotrwa\u0142a przyjemno\u015b\u0107! Do\u015bwiadcz niesamowitego orze\u017awienia z Bang Blaze 20000 Puffs! Niezale\u017cnie od tego, czy chcesz d\u0142ugotrwa\u0142ej przyjemno\u015bci, czy...<\/p>","protected":false},"featured_media":6846,"template":"","meta":[],"etheme_brands":[],"product_brand":[101],"product_cat":[54,49,61],"product_tag":[],"class_list":{"0":"post-5532","1":"product","2":"type-product","3":"status-publish","4":"has-post-thumbnail","6":"product_brand-bang-king-vape","7":"product_cat-vape-20000-zuege","8":"product_cat-einweg-e-zigarette","9":"product_cat-f","11":"first","12":"instock","13":"shipping-taxable","14":"purchasable","15":"product-type-simple"},"yoast_head":"<!-- This site is optimized with the Yoast SEO plugin v26.5 - https:\/\/yoast.com\/wordpress\/plugins\/seo\/ -->\n<title>Erfrischend und fruchtig Bang Blaze 20000 Puffs Blueberry Ice | Vapingnet.de<\/title>\n<meta name=\"description\" content=\"Entdecke Erfrischend und fruchtig Bang Blaze 20000 Puffs Blueberry Ice bei vapingnet.de, \u25ba Gro\u00dfe Auswahl an Geschmacksrichtungen &amp; super g\u00fcnstig!\" \/>\n<meta name=\"robots\" content=\"index, follow, max-snippet:-1, max-image-preview:large, max-video-preview:-1\" \/>\n<link rel=\"canonical\" href=\"https:\/\/vapingnet.de\/pl\/vape\/erfrischend-und-fruchtig-bang-blaze-20000-puffs-blueberry-ice\/\" \/>\n<meta property=\"og:locale\" content=\"pl_PL\" \/>\n<meta property=\"og:type\" content=\"article\" \/>\n<meta property=\"og:title\" content=\"Erfrischend und fruchtig Bang Blaze 20000 Puffs Blueberry Ice | Vapingnet.de\" \/>\n<meta property=\"og:description\" content=\"Entdecke Erfrischend und fruchtig Bang Blaze 20000 Puffs Blueberry Ice bei vapingnet.de, \u25ba Gro\u00dfe Auswahl an Geschmacksrichtungen &amp; super g\u00fcnstig!\" \/>\n<meta property=\"og:url\" content=\"https:\/\/vapingnet.de\/pl\/vape\/erfrischend-und-fruchtig-bang-blaze-20000-puffs-blueberry-ice\/\" \/>\n<meta property=\"og:site_name\" content=\"Vapingnet.de\" \/>\n<meta property=\"article:publisher\" content=\"https:\/\/www.facebook.com\/vapingnetde\/\" \/>\n<meta property=\"article:modified_time\" content=\"2025-06-19T03:40:46+00:00\" \/>\n<meta property=\"og:image\" content=\"https:\/\/vapingnet.de\/wp-content\/uploads\/2025\/03\/bang-blueberry-ice.png\" \/>\n\t<meta property=\"og:image:width\" content=\"1000\" \/>\n\t<meta property=\"og:image:height\" content=\"1000\" \/>\n\t<meta property=\"og:image:type\" content=\"image\/png\" \/>\n<meta name=\"twitter:card\" content=\"summary_large_image\" \/>\n<meta name=\"twitter:label1\" content=\"Est. reading time\" \/>\n\t<meta name=\"twitter:data1\" content=\"3 minutes\" \/>\n<script type=\"application\/ld+json\" class=\"yoast-schema-graph\">{\"@context\":\"https:\/\/schema.org\",\"@graph\":[{\"@type\":\"WebPage\",\"@id\":\"https:\/\/vapingnet.de\/vape\/erfrischend-und-fruchtig-bang-blaze-20000-puffs-blueberry-ice\/\",\"url\":\"https:\/\/vapingnet.de\/vape\/erfrischend-und-fruchtig-bang-blaze-20000-puffs-blueberry-ice\/\",\"name\":\"Erfrischend und fruchtig Bang Blaze 20000 Puffs Blueberry Ice | Vapingnet.de\",\"isPartOf\":{\"@id\":\"https:\/\/vapingnet.de\/#website\"},\"primaryImageOfPage\":{\"@id\":\"https:\/\/vapingnet.de\/vape\/erfrischend-und-fruchtig-bang-blaze-20000-puffs-blueberry-ice\/#primaryimage\"},\"image\":{\"@id\":\"https:\/\/vapingnet.de\/vape\/erfrischend-und-fruchtig-bang-blaze-20000-puffs-blueberry-ice\/#primaryimage\"},\"thumbnailUrl\":\"https:\/\/vapingnet.de\/wp-content\/uploads\/2025\/03\/bang-blueberry-ice.png\",\"datePublished\":\"2025-03-17T09:43:57+00:00\",\"dateModified\":\"2025-06-19T03:40:46+00:00\",\"description\":\"Entdecke Erfrischend und fruchtig Bang Blaze 20000 Puffs Blueberry Ice bei vapingnet.de, \u25ba Gro\u00dfe Auswahl an Geschmacksrichtungen & super g\u00fcnstig!\",\"breadcrumb\":{\"@id\":\"https:\/\/vapingnet.de\/vape\/erfrischend-und-fruchtig-bang-blaze-20000-puffs-blueberry-ice\/#breadcrumb\"},\"inLanguage\":\"pl-PL\",\"potentialAction\":[{\"@type\":\"ReadAction\",\"target\":[\"https:\/\/vapingnet.de\/vape\/erfrischend-und-fruchtig-bang-blaze-20000-puffs-blueberry-ice\/\"]}]},{\"@type\":\"ImageObject\",\"inLanguage\":\"pl-PL\",\"@id\":\"https:\/\/vapingnet.de\/vape\/erfrischend-und-fruchtig-bang-blaze-20000-puffs-blueberry-ice\/#primaryimage\",\"url\":\"https:\/\/vapingnet.de\/wp-content\/uploads\/2025\/03\/bang-blueberry-ice.png\",\"contentUrl\":\"https:\/\/vapingnet.de\/wp-content\/uploads\/2025\/03\/bang-blueberry-ice.png\",\"width\":1000,\"height\":1000},{\"@type\":\"BreadcrumbList\",\"@id\":\"https:\/\/vapingnet.de\/vape\/erfrischend-und-fruchtig-bang-blaze-20000-puffs-blueberry-ice\/#breadcrumb\",\"itemListElement\":[{\"@type\":\"ListItem\",\"position\":1,\"name\":\"Home\",\"item\":\"https:\/\/vapingnet.de\/\"},{\"@type\":\"ListItem\",\"position\":2,\"name\":\"Shop\",\"item\":\"https:\/\/vapingnet.de\/vape\/\"},{\"@type\":\"ListItem\",\"position\":3,\"name\":\"Erfrischend und fruchtig Bang Blaze 20000 Puffs Blueberry Ice\"}]},{\"@type\":\"WebSite\",\"@id\":\"https:\/\/vapingnet.de\/#website\",\"url\":\"https:\/\/vapingnet.de\/\",\"name\":\"Vapingnet.de\",\"description\":\"\",\"publisher\":{\"@id\":\"https:\/\/vapingnet.de\/#organization\"},\"potentialAction\":[{\"@type\":\"SearchAction\",\"target\":{\"@type\":\"EntryPoint\",\"urlTemplate\":\"https:\/\/vapingnet.de\/?s={search_term_string}\"},\"query-input\":{\"@type\":\"PropertyValueSpecification\",\"valueRequired\":true,\"valueName\":\"search_term_string\"}}],\"inLanguage\":\"pl-PL\"},{\"@type\":\"Organization\",\"@id\":\"https:\/\/vapingnet.de\/#organization\",\"name\":\"Vapingnet.de\",\"url\":\"https:\/\/vapingnet.de\/\",\"logo\":{\"@type\":\"ImageObject\",\"inLanguage\":\"pl-PL\",\"@id\":\"https:\/\/vapingnet.de\/#\/schema\/logo\/image\/\",\"url\":\"https:\/\/vapingnet.de\/wp-content\/uploads\/2025\/03\/cropped-vapingnet.de_.jpg\",\"contentUrl\":\"https:\/\/vapingnet.de\/wp-content\/uploads\/2025\/03\/cropped-vapingnet.de_.jpg\",\"width\":512,\"height\":512,\"caption\":\"Vapingnet.de\"},\"image\":{\"@id\":\"https:\/\/vapingnet.de\/#\/schema\/logo\/image\/\"},\"sameAs\":[\"https:\/\/www.facebook.com\/vapingnetde\/\"]}]}<\/script>\n<!-- \/ Yoast SEO plugin. -->","yoast_head_json":{"title":"Erfrischend und fruchtig Bang Blaze 20000 Puffs Blueberry Ice | Vapingnet.de","description":"Entdecke Erfrischend und fruchtig Bang Blaze 20000 Puffs Blueberry Ice bei vapingnet.de, \u25ba Gro\u00dfe Auswahl an Geschmacksrichtungen & super g\u00fcnstig!","robots":{"index":"index","follow":"follow","max-snippet":"max-snippet:-1","max-image-preview":"max-image-preview:large","max-video-preview":"max-video-preview:-1"},"canonical":"https:\/\/vapingnet.de\/pl\/vape\/erfrischend-und-fruchtig-bang-blaze-20000-puffs-blueberry-ice\/","og_locale":"pl_PL","og_type":"article","og_title":"Erfrischend und fruchtig Bang Blaze 20000 Puffs Blueberry Ice | Vapingnet.de","og_description":"Entdecke Erfrischend und fruchtig Bang Blaze 20000 Puffs Blueberry Ice bei vapingnet.de, \u25ba Gro\u00dfe Auswahl an Geschmacksrichtungen & super g\u00fcnstig!","og_url":"https:\/\/vapingnet.de\/pl\/vape\/erfrischend-und-fruchtig-bang-blaze-20000-puffs-blueberry-ice\/","og_site_name":"Vapingnet.de","article_publisher":"https:\/\/www.facebook.com\/vapingnetde\/","article_modified_time":"2025-06-19T03:40:46+00:00","og_image":[{"width":1000,"height":1000,"url":"https:\/\/vapingnet.de\/wp-content\/uploads\/2025\/03\/bang-blueberry-ice.png","type":"image\/png"}],"twitter_card":"summary_large_image","twitter_misc":{"Est. reading time":"3 minutes"},"schema":{"@context":"https:\/\/schema.org","@graph":[{"@type":"WebPage","@id":"https:\/\/vapingnet.de\/vape\/erfrischend-und-fruchtig-bang-blaze-20000-puffs-blueberry-ice\/","url":"https:\/\/vapingnet.de\/vape\/erfrischend-und-fruchtig-bang-blaze-20000-puffs-blueberry-ice\/","name":"Erfrischend und fruchtig Bang Blaze 20000 Puffs Blueberry Ice | Vapingnet.de","isPartOf":{"@id":"https:\/\/vapingnet.de\/#website"},"primaryImageOfPage":{"@id":"https:\/\/vapingnet.de\/vape\/erfrischend-und-fruchtig-bang-blaze-20000-puffs-blueberry-ice\/#primaryimage"},"image":{"@id":"https:\/\/vapingnet.de\/vape\/erfrischend-und-fruchtig-bang-blaze-20000-puffs-blueberry-ice\/#primaryimage"},"thumbnailUrl":"https:\/\/vapingnet.de\/wp-content\/uploads\/2025\/03\/bang-blueberry-ice.png","datePublished":"2025-03-17T09:43:57+00:00","dateModified":"2025-06-19T03:40:46+00:00","description":"Entdecke Erfrischend und fruchtig Bang Blaze 20000 Puffs Blueberry Ice bei vapingnet.de, \u25ba Gro\u00dfe Auswahl an Geschmacksrichtungen & super g\u00fcnstig!","breadcrumb":{"@id":"https:\/\/vapingnet.de\/vape\/erfrischend-und-fruchtig-bang-blaze-20000-puffs-blueberry-ice\/#breadcrumb"},"inLanguage":"pl-PL","potentialAction":[{"@type":"ReadAction","target":["https:\/\/vapingnet.de\/vape\/erfrischend-und-fruchtig-bang-blaze-20000-puffs-blueberry-ice\/"]}]},{"@type":"ImageObject","inLanguage":"pl-PL","@id":"https:\/\/vapingnet.de\/vape\/erfrischend-und-fruchtig-bang-blaze-20000-puffs-blueberry-ice\/#primaryimage","url":"https:\/\/vapingnet.de\/wp-content\/uploads\/2025\/03\/bang-blueberry-ice.png","contentUrl":"https:\/\/vapingnet.de\/wp-content\/uploads\/2025\/03\/bang-blueberry-ice.png","width":1000,"height":1000},{"@type":"BreadcrumbList","@id":"https:\/\/vapingnet.de\/vape\/erfrischend-und-fruchtig-bang-blaze-20000-puffs-blueberry-ice\/#breadcrumb","itemListElement":[{"@type":"ListItem","position":1,"name":"Home","item":"https:\/\/vapingnet.de\/"},{"@type":"ListItem","position":2,"name":"Shop","item":"https:\/\/vapingnet.de\/vape\/"},{"@type":"ListItem","position":3,"name":"Erfrischend und fruchtig Bang Blaze 20000 Puffs Blueberry Ice"}]},{"@type":"WebSite","@id":"https:\/\/vapingnet.de\/#website","url":"https:\/\/vapingnet.de\/","name":"Vapingnet.de","description":"","publisher":{"@id":"https:\/\/vapingnet.de\/#organization"},"potentialAction":[{"@type":"SearchAction","target":{"@type":"EntryPoint","urlTemplate":"https:\/\/vapingnet.de\/?s={search_term_string}"},"query-input":{"@type":"PropertyValueSpecification","valueRequired":true,"valueName":"search_term_string"}}],"inLanguage":"pl-PL"},{"@type":"Organization","@id":"https:\/\/vapingnet.de\/#organization","name":"Vapingnet.de","url":"https:\/\/vapingnet.de\/","logo":{"@type":"ImageObject","inLanguage":"pl-PL","@id":"https:\/\/vapingnet.de\/#\/schema\/logo\/image\/","url":"https:\/\/vapingnet.de\/wp-content\/uploads\/2025\/03\/cropped-vapingnet.de_.jpg","contentUrl":"https:\/\/vapingnet.de\/wp-content\/uploads\/2025\/03\/cropped-vapingnet.de_.jpg","width":512,"height":512,"caption":"Vapingnet.de"},"image":{"@id":"https:\/\/vapingnet.de\/#\/schema\/logo\/image\/"},"sameAs":["https:\/\/www.facebook.com\/vapingnetde\/"]}]}},"tiered_pricing_type":"fixed","tiered_pricing_fixed_rules":{"10":"7.59","60":"6.83","110":"6.07","200":"5.31"},"tiered_pricing_product_settings":{"layout":"default","base_unit_name":{"singular":null,"plural":null},"default_variation":null},"tiered_pricing_minimum_quantity":null,"tiered_pricing_roles_data":[],"tiered_pricing_percentage_rules":[],"_links":{"self":[{"href":"https:\/\/vapingnet.de\/pl\/wp-json\/wp\/v2\/product\/5532","targetHints":{"allow":["GET"]}}],"collection":[{"href":"https:\/\/vapingnet.de\/pl\/wp-json\/wp\/v2\/product"}],"about":[{"href":"https:\/\/vapingnet.de\/pl\/wp-json\/wp\/v2\/types\/product"}],"version-history":[{"count":1,"href":"https:\/\/vapingnet.de\/pl\/wp-json\/wp\/v2\/product\/5532\/revisions"}],"predecessor-version":[{"id":5534,"href":"https:\/\/vapingnet.de\/pl\/wp-json\/wp\/v2\/product\/5532\/revisions\/5534"}],"wp:featuredmedia":[{"embeddable":true,"href":"https:\/\/vapingnet.de\/pl\/wp-json\/wp\/v2\/media\/6846"}],"wp:attachment":[{"href":"https:\/\/vapingnet.de\/pl\/wp-json\/wp\/v2\/media?parent=5532"}],"wp:term":[{"taxonomy":"brand","embeddable":true,"href":"https:\/\/vapingnet.de\/pl\/wp-json\/wp\/v2\/etheme_brands?post=5532"},{"taxonomy":"product_brand","embeddable":true,"href":"https:\/\/vapingnet.de\/pl\/wp-json\/wp\/v2\/product_brand?post=5532"},{"taxonomy":"product_cat","embeddable":true,"href":"https:\/\/vapingnet.de\/pl\/wp-json\/wp\/v2\/product_cat?post=5532"},{"taxonomy":"product_tag","embeddable":true,"href":"https:\/\/vapingnet.de\/pl\/wp-json\/wp\/v2\/product_tag?post=5532"}],"curies":[{"name":"wp","href":"https:\/\/api.w.org\/{rel}","templated":true}]}}