{"id":5535,"date":"2025-03-17T09:48:14","date_gmt":"2025-03-17T09:48:14","guid":{"rendered":"https:\/\/vapingnet.de\/?post_type=product&#038;p=5535"},"modified":"2025-06-19T03:40:46","modified_gmt":"2025-06-19T03:40:46","slug":"bang-blaze-20000-puffs-strawberry-ice-genuss-in-einem","status":"publish","type":"product","link":"https:\/\/vapingnet.de\/pl\/vape\/bang-blaze-20000-puffs-strawberry-ice-genuss-in-einem\/","title":{"rendered":"Bang Blaze 20000 Puffs Strawberry Ice \u2013 rozkosz w jednym"},"content":{"rendered":"<h2 data-start=\"0\" data-end=\"80\">Bang Blaze 20000 Puffs \u2013 Ka\u017cdy zaci\u0105g pe\u0142en orze\u017awiaj\u0105cego smaku truskawkowego!<\/h2>\n<p data-start=\"82\" data-end=\"428\">Ten <a href=\"https:\/\/vapingnet.de\/pl\/bang-blaze-20000-puffs\/\" target=\"_blank\" rel=\"noopener\"><strong>Bang Blaze 20000 Pali<\/strong><\/a> jest idealnym wyborem na Twoje ostateczne do\u015bwiadczenie z vapowaniem! Dzi\u0119ki po\u0142\u0105czeniu wyj\u0105tkowo d\u0142ugiego u\u017cytkowania i mocnej wydajno\u015bci, a tak\u017ce orze\u017awiaj\u0105cemu smakowi Strawberry Ice, oferuje niezapomniane vapowanie. Ka\u017cdy zaci\u0105g przypomina ch\u0142odne napoje Strawberry Ice.<\/p>\n<h4 data-start=\"435\" data-end=\"467\">Specyfikacje produktu:<\/h4>\n<ul data-start=\"469\" data-end=\"1017\">\n<li data-start=\"469\" data-end=\"507\">Model: Bang Blaze 20000 Puffs<\/li>\n<li data-start=\"508\" data-end=\"535\">Cewka: Dul Mesh 1.0\u03a9<\/li>\n<li data-start=\"536\" data-end=\"588\">Pojemno\u015b\u0107 baterii: 1000mAh (wymienna)<\/li>\n<li data-start=\"589\" data-end=\"635\">Po\u0142\u0105czenie: Type-C (szybkie \u0142adowanie)<\/li>\n<li data-start=\"636\" data-end=\"675\">Czas u\u017cytkowania: 20 000 zaci\u0105gni\u0119\u0107<\/li>\n<li data-start=\"676\" data-end=\"723\">Smak: Strawberry Ice<\/li>\n<li data-start=\"724\" data-end=\"753\">Pojemno\u015b\u0107 liquidu: 26ml<\/li>\n<li data-start=\"754\" data-end=\"844\">St\u0119\u017cenie nikotyny: 0%, 2%, 3%, 5% (0% i 3% nale\u017cy zamawia\u0107 w du\u017cych ilo\u015bciach)<\/li>\n<li data-start=\"845\" data-end=\"865\">Waga: 85g<\/li>\n<li data-start=\"866\" data-end=\"926\">Wysy\u0142ka: bezc\u0142owa, czas dostawy od 7 do 15 dni roboczych<\/li>\n<li data-start=\"927\" data-end=\"965\">Typ produktu:<a href=\"https:\/\/vapingnet.de\/pl\/k\/einweg-e-zigarette\/\" target=\"_blank\" rel=\"noopener\"><strong> Jednorazowa e-papieros<\/strong><\/a><\/li>\n<\/ul>\n<h3 data-start=\"1024\" data-end=\"1069\">Dlaczego wybra\u0107 Bang Blaze 20000 Puffs?<\/h3>\n<ol data-start=\"1071\" data-end=\"2119\">\n<li data-start=\"1071\" data-end=\"1244\">\n<p data-start=\"1074\" data-end=\"1244\">Ekstremalnie d\u0142ugotrwa\u0142y: Z 20 000 zaci\u0105gni\u0119\u0107 mo\u017cesz cieszy\u0107 si\u0119 vapowaniem bez konieczno\u015bci cz\u0119stej wymiany urz\u0105dzenia \u2013 dla d\u0142ugotrwa\u0142ej przyjemno\u015bci bez przerw.<\/p>\n<\/li>\n<li data-start=\"1246\" data-end=\"1447\">\n<p data-start=\"1249\" data-end=\"1447\">Orze\u017awiaj\u0105cy smak: Smak Strawberry Ice \u0142\u0105czy s\u0142odycz truskawek z ch\u0142odn\u0105 \u015bwie\u017co\u015bci\u0105, co czyni ka\u017cdy zaci\u0105g przyjemnym do\u015bwiadczeniem. Zar\u00f3wno \u015bwie\u017cy, jak i orze\u017awiaj\u0105cy!<\/p>\n<\/li>\n<li data-start=\"1449\" data-end=\"1651\">\n<p data-start=\"1452\" data-end=\"1651\">Wydajna bateria, szybkie \u0142adowanie: Bateria 1000mAh zapewnia d\u0142ugie u\u017cytkowanie, a port Type-C umo\u017cliwia szybkie \u0142adowanie, aby\u015b m\u00f3g\u0142 kontynuowa\u0107 vapowanie bez przerw.<\/p>\n<\/li>\n<li data-start=\"1653\" data-end=\"1776\">\n<p data-start=\"1656\" data-end=\"1776\">Du\u017ca pojemno\u015b\u0107 liquidu: Z 26ml e-liquidu nie b\u0119dziesz musia\u0142 cz\u0119sto uzupe\u0142nia\u0107 \u2013 idealne na d\u0142u\u017csze sesje vapowania.<\/p>\n<\/li>\n<li data-start=\"1778\" data-end=\"1982\">\n<p data-start=\"1781\" data-end=\"1982\">Inteligentny wy\u015bwietlacz: Urz\u0105dzenie posiada ekran, kt\u00f3ry na bie\u017c\u0105co pokazuje poziom baterii i liquidu, dzi\u0119ki czemu zawsze jeste\u015b poinformowany i mo\u017cesz cieszy\u0107 si\u0119 najlepszym do\u015bwiadczeniem vapowania.<\/p>\n<\/li>\n<li data-start=\"1984\" data-end=\"2119\">\n<p data-start=\"1987\" data-end=\"2119\">Lekka i przeno\u015bna: Z wag\u0105 zaledwie 85g e-papieros jest lekki i kompaktowy, wi\u0119c mo\u017cesz cieszy\u0107 si\u0119 nim zawsze i wsz\u0119dzie.<\/p>\n<\/li>\n<\/ol>\n<h4 data-start=\"2126\" data-end=\"2149\">Instrukcja zakupu:<\/h4>\n<p data-start=\"2151\" data-end=\"2476\">Odwied\u017a teraz <a href=\"https:\/\/vapingnet.de\/pl\/\" target=\"_new\" rel=\"noopener\" data-start=\"2167\" data-end=\"2203\">vapingnet.de<\/a> i zam\u00f3w swojego Bang Blaze 20000 Paliw. Ciesz si\u0119 \u015bwie\u017cym smakiem Strawberry Ice i do\u015bwiadcz d\u0142ugotrwa\u0142ej przyjemno\u015bci z parowania. Oferujemy bezc\u0142ow\u0105 dostaw\u0119 i gwarantujemy czas dostawy od 7 do 15 dni roboczych, dzi\u0119ki czemu mo\u017cesz robi\u0107 zakupy bez obaw!<\/p>\n<p data-start=\"2478\" data-end=\"2598\" data-is-last-node=\"\" data-is-only-node=\"\">Wybierz Bang Blaze \u2013 idealne po\u0142\u0105czenie d\u0142ugiego czasu u\u017cytkowania, orze\u017awiaj\u0105cego smaku i inteligentnej technologii!<\/p>","protected":false},"excerpt":{"rendered":"<p>Bang Blaze 20000 Puffs \u2013 Jeder Zug voll erfrischendem Erdbeer-Geschmack! Der Bang Blaze 20000 Puffs ist die perfekte Wahl f\u00fcr dein ultimatives Dampferlebnis! Mit einer&#8230;<\/p>","protected":false},"featured_media":6845,"template":"","meta":[],"etheme_brands":[],"product_brand":[101],"product_cat":[54,49,61],"product_tag":[],"class_list":{"0":"post-5535","1":"product","2":"type-product","3":"status-publish","4":"has-post-thumbnail","6":"product_brand-bang-king-vape","7":"product_cat-vape-20000-zuege","8":"product_cat-einweg-e-zigarette","9":"product_cat-f","11":"first","12":"instock","13":"shipping-taxable","14":"purchasable","15":"product-type-simple"},"yoast_head":"<!-- This site is optimized with the Yoast SEO plugin v26.5 - https:\/\/yoast.com\/wordpress\/plugins\/seo\/ -->\n<title>Bang Blaze 20000 Puffs Strawberry Ice Genuss in einem | Vapingnet.de<\/title>\n<meta name=\"description\" content=\"Entdecke Bang Blaze 20000 Puffs Strawberry Ice Genuss in einem bei vapingnet.de, \u25ba Gro\u00dfe Auswahl an Geschmacksrichtungen &amp; super g\u00fcnstig!\" \/>\n<meta name=\"robots\" content=\"index, follow, max-snippet:-1, max-image-preview:large, max-video-preview:-1\" \/>\n<link rel=\"canonical\" href=\"https:\/\/vapingnet.de\/pl\/vape\/bang-blaze-20000-puffs-strawberry-ice-genuss-in-einem\/\" \/>\n<meta property=\"og:locale\" content=\"pl_PL\" \/>\n<meta property=\"og:type\" content=\"article\" \/>\n<meta property=\"og:title\" content=\"Bang Blaze 20000 Puffs Strawberry Ice Genuss in einem | Vapingnet.de\" \/>\n<meta property=\"og:description\" content=\"Entdecke Bang Blaze 20000 Puffs Strawberry Ice Genuss in einem bei vapingnet.de, \u25ba Gro\u00dfe Auswahl an Geschmacksrichtungen &amp; super g\u00fcnstig!\" \/>\n<meta property=\"og:url\" content=\"https:\/\/vapingnet.de\/pl\/vape\/bang-blaze-20000-puffs-strawberry-ice-genuss-in-einem\/\" \/>\n<meta property=\"og:site_name\" content=\"Vapingnet.de\" \/>\n<meta property=\"article:publisher\" content=\"https:\/\/www.facebook.com\/vapingnetde\/\" \/>\n<meta property=\"article:modified_time\" content=\"2025-06-19T03:40:46+00:00\" \/>\n<meta property=\"og:image\" content=\"https:\/\/vapingnet.de\/wp-content\/uploads\/2025\/03\/bang-strawberry-ice.png\" \/>\n\t<meta property=\"og:image:width\" content=\"1000\" \/>\n\t<meta property=\"og:image:height\" content=\"1000\" \/>\n\t<meta property=\"og:image:type\" content=\"image\/png\" \/>\n<meta name=\"twitter:card\" content=\"summary_large_image\" \/>\n<meta name=\"twitter:label1\" content=\"Est. reading time\" \/>\n\t<meta name=\"twitter:data1\" content=\"2 minutes\" \/>\n<script type=\"application\/ld+json\" class=\"yoast-schema-graph\">{\"@context\":\"https:\/\/schema.org\",\"@graph\":[{\"@type\":\"WebPage\",\"@id\":\"https:\/\/vapingnet.de\/vape\/bang-blaze-20000-puffs-strawberry-ice-genuss-in-einem\/\",\"url\":\"https:\/\/vapingnet.de\/vape\/bang-blaze-20000-puffs-strawberry-ice-genuss-in-einem\/\",\"name\":\"Bang Blaze 20000 Puffs Strawberry Ice Genuss in einem | Vapingnet.de\",\"isPartOf\":{\"@id\":\"https:\/\/vapingnet.de\/#website\"},\"primaryImageOfPage\":{\"@id\":\"https:\/\/vapingnet.de\/vape\/bang-blaze-20000-puffs-strawberry-ice-genuss-in-einem\/#primaryimage\"},\"image\":{\"@id\":\"https:\/\/vapingnet.de\/vape\/bang-blaze-20000-puffs-strawberry-ice-genuss-in-einem\/#primaryimage\"},\"thumbnailUrl\":\"https:\/\/vapingnet.de\/wp-content\/uploads\/2025\/03\/bang-strawberry-ice.png\",\"datePublished\":\"2025-03-17T09:48:14+00:00\",\"dateModified\":\"2025-06-19T03:40:46+00:00\",\"description\":\"Entdecke Bang Blaze 20000 Puffs Strawberry Ice Genuss in einem bei vapingnet.de, \u25ba Gro\u00dfe Auswahl an Geschmacksrichtungen & super g\u00fcnstig!\",\"breadcrumb\":{\"@id\":\"https:\/\/vapingnet.de\/vape\/bang-blaze-20000-puffs-strawberry-ice-genuss-in-einem\/#breadcrumb\"},\"inLanguage\":\"pl-PL\",\"potentialAction\":[{\"@type\":\"ReadAction\",\"target\":[\"https:\/\/vapingnet.de\/vape\/bang-blaze-20000-puffs-strawberry-ice-genuss-in-einem\/\"]}]},{\"@type\":\"ImageObject\",\"inLanguage\":\"pl-PL\",\"@id\":\"https:\/\/vapingnet.de\/vape\/bang-blaze-20000-puffs-strawberry-ice-genuss-in-einem\/#primaryimage\",\"url\":\"https:\/\/vapingnet.de\/wp-content\/uploads\/2025\/03\/bang-strawberry-ice.png\",\"contentUrl\":\"https:\/\/vapingnet.de\/wp-content\/uploads\/2025\/03\/bang-strawberry-ice.png\",\"width\":1000,\"height\":1000},{\"@type\":\"BreadcrumbList\",\"@id\":\"https:\/\/vapingnet.de\/vape\/bang-blaze-20000-puffs-strawberry-ice-genuss-in-einem\/#breadcrumb\",\"itemListElement\":[{\"@type\":\"ListItem\",\"position\":1,\"name\":\"Home\",\"item\":\"https:\/\/vapingnet.de\/\"},{\"@type\":\"ListItem\",\"position\":2,\"name\":\"Shop\",\"item\":\"https:\/\/vapingnet.de\/vape\/\"},{\"@type\":\"ListItem\",\"position\":3,\"name\":\"Bang Blaze 20000 Puffs Strawberry Ice Genuss in einem\"}]},{\"@type\":\"WebSite\",\"@id\":\"https:\/\/vapingnet.de\/#website\",\"url\":\"https:\/\/vapingnet.de\/\",\"name\":\"Vapingnet.de\",\"description\":\"\",\"publisher\":{\"@id\":\"https:\/\/vapingnet.de\/#organization\"},\"potentialAction\":[{\"@type\":\"SearchAction\",\"target\":{\"@type\":\"EntryPoint\",\"urlTemplate\":\"https:\/\/vapingnet.de\/?s={search_term_string}\"},\"query-input\":{\"@type\":\"PropertyValueSpecification\",\"valueRequired\":true,\"valueName\":\"search_term_string\"}}],\"inLanguage\":\"pl-PL\"},{\"@type\":\"Organization\",\"@id\":\"https:\/\/vapingnet.de\/#organization\",\"name\":\"Vapingnet.de\",\"url\":\"https:\/\/vapingnet.de\/\",\"logo\":{\"@type\":\"ImageObject\",\"inLanguage\":\"pl-PL\",\"@id\":\"https:\/\/vapingnet.de\/#\/schema\/logo\/image\/\",\"url\":\"https:\/\/vapingnet.de\/wp-content\/uploads\/2025\/03\/cropped-vapingnet.de_.jpg\",\"contentUrl\":\"https:\/\/vapingnet.de\/wp-content\/uploads\/2025\/03\/cropped-vapingnet.de_.jpg\",\"width\":512,\"height\":512,\"caption\":\"Vapingnet.de\"},\"image\":{\"@id\":\"https:\/\/vapingnet.de\/#\/schema\/logo\/image\/\"},\"sameAs\":[\"https:\/\/www.facebook.com\/vapingnetde\/\"]}]}<\/script>\n<!-- \/ Yoast SEO plugin. -->","yoast_head_json":{"title":"Bang Blaze 20000 Puffs Strawberry Ice Genuss in einem | Vapingnet.de","description":"Entdecke Bang Blaze 20000 Puffs Strawberry Ice Genuss in einem bei vapingnet.de, \u25ba Gro\u00dfe Auswahl an Geschmacksrichtungen & super g\u00fcnstig!","robots":{"index":"index","follow":"follow","max-snippet":"max-snippet:-1","max-image-preview":"max-image-preview:large","max-video-preview":"max-video-preview:-1"},"canonical":"https:\/\/vapingnet.de\/pl\/vape\/bang-blaze-20000-puffs-strawberry-ice-genuss-in-einem\/","og_locale":"pl_PL","og_type":"article","og_title":"Bang Blaze 20000 Puffs Strawberry Ice Genuss in einem | Vapingnet.de","og_description":"Entdecke Bang Blaze 20000 Puffs Strawberry Ice Genuss in einem bei vapingnet.de, \u25ba Gro\u00dfe Auswahl an Geschmacksrichtungen & super g\u00fcnstig!","og_url":"https:\/\/vapingnet.de\/pl\/vape\/bang-blaze-20000-puffs-strawberry-ice-genuss-in-einem\/","og_site_name":"Vapingnet.de","article_publisher":"https:\/\/www.facebook.com\/vapingnetde\/","article_modified_time":"2025-06-19T03:40:46+00:00","og_image":[{"width":1000,"height":1000,"url":"https:\/\/vapingnet.de\/wp-content\/uploads\/2025\/03\/bang-strawberry-ice.png","type":"image\/png"}],"twitter_card":"summary_large_image","twitter_misc":{"Est. reading time":"2 minutes"},"schema":{"@context":"https:\/\/schema.org","@graph":[{"@type":"WebPage","@id":"https:\/\/vapingnet.de\/vape\/bang-blaze-20000-puffs-strawberry-ice-genuss-in-einem\/","url":"https:\/\/vapingnet.de\/vape\/bang-blaze-20000-puffs-strawberry-ice-genuss-in-einem\/","name":"Bang Blaze 20000 Puffs Strawberry Ice Genuss in einem | Vapingnet.de","isPartOf":{"@id":"https:\/\/vapingnet.de\/#website"},"primaryImageOfPage":{"@id":"https:\/\/vapingnet.de\/vape\/bang-blaze-20000-puffs-strawberry-ice-genuss-in-einem\/#primaryimage"},"image":{"@id":"https:\/\/vapingnet.de\/vape\/bang-blaze-20000-puffs-strawberry-ice-genuss-in-einem\/#primaryimage"},"thumbnailUrl":"https:\/\/vapingnet.de\/wp-content\/uploads\/2025\/03\/bang-strawberry-ice.png","datePublished":"2025-03-17T09:48:14+00:00","dateModified":"2025-06-19T03:40:46+00:00","description":"Entdecke Bang Blaze 20000 Puffs Strawberry Ice Genuss in einem bei vapingnet.de, \u25ba Gro\u00dfe Auswahl an Geschmacksrichtungen & super g\u00fcnstig!","breadcrumb":{"@id":"https:\/\/vapingnet.de\/vape\/bang-blaze-20000-puffs-strawberry-ice-genuss-in-einem\/#breadcrumb"},"inLanguage":"pl-PL","potentialAction":[{"@type":"ReadAction","target":["https:\/\/vapingnet.de\/vape\/bang-blaze-20000-puffs-strawberry-ice-genuss-in-einem\/"]}]},{"@type":"ImageObject","inLanguage":"pl-PL","@id":"https:\/\/vapingnet.de\/vape\/bang-blaze-20000-puffs-strawberry-ice-genuss-in-einem\/#primaryimage","url":"https:\/\/vapingnet.de\/wp-content\/uploads\/2025\/03\/bang-strawberry-ice.png","contentUrl":"https:\/\/vapingnet.de\/wp-content\/uploads\/2025\/03\/bang-strawberry-ice.png","width":1000,"height":1000},{"@type":"BreadcrumbList","@id":"https:\/\/vapingnet.de\/vape\/bang-blaze-20000-puffs-strawberry-ice-genuss-in-einem\/#breadcrumb","itemListElement":[{"@type":"ListItem","position":1,"name":"Home","item":"https:\/\/vapingnet.de\/"},{"@type":"ListItem","position":2,"name":"Shop","item":"https:\/\/vapingnet.de\/vape\/"},{"@type":"ListItem","position":3,"name":"Bang Blaze 20000 Puffs Strawberry Ice Genuss in einem"}]},{"@type":"WebSite","@id":"https:\/\/vapingnet.de\/#website","url":"https:\/\/vapingnet.de\/","name":"Vapingnet.de","description":"","publisher":{"@id":"https:\/\/vapingnet.de\/#organization"},"potentialAction":[{"@type":"SearchAction","target":{"@type":"EntryPoint","urlTemplate":"https:\/\/vapingnet.de\/?s={search_term_string}"},"query-input":{"@type":"PropertyValueSpecification","valueRequired":true,"valueName":"search_term_string"}}],"inLanguage":"pl-PL"},{"@type":"Organization","@id":"https:\/\/vapingnet.de\/#organization","name":"Vapingnet.de","url":"https:\/\/vapingnet.de\/","logo":{"@type":"ImageObject","inLanguage":"pl-PL","@id":"https:\/\/vapingnet.de\/#\/schema\/logo\/image\/","url":"https:\/\/vapingnet.de\/wp-content\/uploads\/2025\/03\/cropped-vapingnet.de_.jpg","contentUrl":"https:\/\/vapingnet.de\/wp-content\/uploads\/2025\/03\/cropped-vapingnet.de_.jpg","width":512,"height":512,"caption":"Vapingnet.de"},"image":{"@id":"https:\/\/vapingnet.de\/#\/schema\/logo\/image\/"},"sameAs":["https:\/\/www.facebook.com\/vapingnetde\/"]}]}},"tiered_pricing_type":"fixed","tiered_pricing_fixed_rules":{"10":"7.59","60":"6.83","110":"6.07","200":"5.31"},"tiered_pricing_product_settings":{"layout":"default","base_unit_name":{"singular":null,"plural":null},"default_variation":null},"tiered_pricing_minimum_quantity":null,"tiered_pricing_roles_data":[],"tiered_pricing_percentage_rules":[],"_links":{"self":[{"href":"https:\/\/vapingnet.de\/pl\/wp-json\/wp\/v2\/product\/5535","targetHints":{"allow":["GET"]}}],"collection":[{"href":"https:\/\/vapingnet.de\/pl\/wp-json\/wp\/v2\/product"}],"about":[{"href":"https:\/\/vapingnet.de\/pl\/wp-json\/wp\/v2\/types\/product"}],"version-history":[{"count":1,"href":"https:\/\/vapingnet.de\/pl\/wp-json\/wp\/v2\/product\/5535\/revisions"}],"predecessor-version":[{"id":5537,"href":"https:\/\/vapingnet.de\/pl\/wp-json\/wp\/v2\/product\/5535\/revisions\/5537"}],"wp:featuredmedia":[{"embeddable":true,"href":"https:\/\/vapingnet.de\/pl\/wp-json\/wp\/v2\/media\/6845"}],"wp:attachment":[{"href":"https:\/\/vapingnet.de\/pl\/wp-json\/wp\/v2\/media?parent=5535"}],"wp:term":[{"taxonomy":"brand","embeddable":true,"href":"https:\/\/vapingnet.de\/pl\/wp-json\/wp\/v2\/etheme_brands?post=5535"},{"taxonomy":"product_brand","embeddable":true,"href":"https:\/\/vapingnet.de\/pl\/wp-json\/wp\/v2\/product_brand?post=5535"},{"taxonomy":"product_cat","embeddable":true,"href":"https:\/\/vapingnet.de\/pl\/wp-json\/wp\/v2\/product_cat?post=5535"},{"taxonomy":"product_tag","embeddable":true,"href":"https:\/\/vapingnet.de\/pl\/wp-json\/wp\/v2\/product_tag?post=5535"}],"curies":[{"name":"wp","href":"https:\/\/api.w.org\/{rel}","templated":true}]}}