{"id":5541,"date":"2025-03-17T10:03:40","date_gmt":"2025-03-17T10:03:40","guid":{"rendered":"https:\/\/vapingnet.de\/?post_type=product&#038;p=5541"},"modified":"2025-06-19T03:40:45","modified_gmt":"2025-06-19T03:40:45","slug":"zwei-fruechte-ein-geschmackserlebnis-bang-blaze-20000-puffs-blueberry-grape","status":"publish","type":"product","link":"https:\/\/vapingnet.de\/pl\/vape\/zwei-fruechte-ein-geschmackserlebnis-bang-blaze-20000-puffs-blueberry-grape\/","title":{"rendered":"Dwa owoce, jedno doznanie smakowe Bang Blaze 20000 Puffs Blueberry Grape"},"content":{"rendered":"<h2 data-start=\"0\" data-end=\"88\">Do\u015bwiadcz niezr\u00f3wnanego do\u015bwiadczenia vapowania \u2013 Bang Blaze 20000 Puffs Blueberry Grape<\/h2>\n<p data-start=\"90\" data-end=\"500\">Je\u015bli szukasz urz\u0105dzenia do vapowania, kt\u00f3re zapewni Ci d\u0142ugotrwa\u0142\u0105 przyjemno\u015b\u0107 bez kompromis\u00f3w w smaku, to jest <a href=\"https:\/\/vapingnet.de\/pl\/bang-blaze-20000-puffs\/\" target=\"_blank\" rel=\"noopener\"><strong>Bang Blaze 20000 Pali <\/strong><\/a>idealnym wyborem. Z imponuj\u0105c\u0105 moc\u0105 i nieodpartym smakiem Blueberry Grape zabierze Ci\u0119 w zupe\u0142nie nowe doznania smakowe! Odkryjmy razem unikalne zalety tego urz\u0105dzenia!<\/p>\n<ul>\n<li data-start=\"502\" data-end=\"545\">Trwa\u0142o\u015b\u0107 i przyjemno\u015b\u0107 przy ka\u017cdym zaci\u0105gni\u0119ciu<br \/>\nBang Blaze 20000 Puffs jest wyposa\u017cony w Dul Mesh Coil i ma oporno\u015b\u0107 1,0\u03a9, co zapewnia \u0142agodne i g\u0142adkie vapowanie. Niezale\u017cnie od tego, czy jeste\u015b pocz\u0105tkuj\u0105cym, czy do\u015bwiadczonym vapowaniem, b\u0119dziesz cieszy\u0107 si\u0119 idealnym do\u015bwiadczeniem vapowania. Z mo\u017cliwo\u015bci\u0105 do <a href=\"https:\/\/vapingnet.de\/pl\/k\/vape-20000-zuege\/\" target=\"_blank\" rel=\"noopener\"><strong>20000 zaci\u0105gni\u0119\u0107<\/strong><\/a> to urz\u0105dzenie oferuje niezwykle d\u0142ugi czas u\u017cytkowania, dzi\u0119ki czemu nie musisz si\u0119 martwi\u0107 o cz\u0119ste wymiany urz\u0105dzenia. Ka\u017cde zaci\u0105gni\u0119cie jest stabilne i bogate w smak, co pozwala Ci w pe\u0142ni cieszy\u0107 si\u0119 vapowaniem.<\/li>\n<li data-start=\"1084\" data-end=\"1129\">Praktyczne \u0142adowanie dla Twojej wygody<br \/>\nBang Blaze 20000 Puffs jest wyposa\u017cony w akumulator 1000mAh, kt\u00f3ry mo\u017cna szybko na\u0142adowa\u0107 za pomoc\u0105 portu typu-C. Szybkie \u0142adowanie zapewnia, \u017ce zawsze masz wystarczaj\u0105co energii na kolejne zaci\u0105gni\u0119cie. Nie musisz si\u0119 wi\u0119c martwi\u0107 o roz\u0142adowany akumulator, niezale\u017cnie od tego, czy jeste\u015b w podr\u00f3\u017cy, czy w codziennym u\u017cytkowaniu. Funkcja szybkiego \u0142adowania szybko przywraca Ci\u0119 do vapowania i zapewnia p\u0142ynne u\u017cytkowanie.<\/li>\n<li data-start=\"1560\" data-end=\"1614\">Smak Blueberry Grape, kt\u00f3ry Ci\u0119 uwiedzie<br \/>\nKolejnym atutem jest unikalny smak. Smak Blueberry Grape \u0142\u0105czy naturaln\u0105 s\u0142odycz i lekk\u0105 kwasowo\u015b\u0107 bor\u00f3wek i winogron, tworz\u0105c \u015bwie\u017ce, owocowe doznanie vapowania. Ka\u017cde zaci\u0105gni\u0119cie przypomina spo\u017cywanie \u015bwie\u017cych owoc\u00f3w, co czyni vapowanie prawdziw\u0105 przyjemno\u015bci\u0105.<\/li>\n<li data-start=\"1940\" data-end=\"1979\">Zawarto\u015b\u0107 nikotyny dla ka\u017cdego potrzebuj\u0105cego<br \/>\nDla ka\u017cdego gustu i preferencji Bang Blaze 20000 Puffs oferuje wyb\u00f3r st\u0119\u017ce\u0144 nikotyny: 0%, 2%, 3% i 5%. Niezale\u017cnie od tego, czy wolisz \u0142agodne vapowanie bez nikotyny, czy intensywniejsze, tutaj znajdziesz odpowiednie. Pami\u0119taj, \u017ce 0% i 3% nikotyn\u0119 mo\u017cna zamawia\u0107 tylko w wi\u0119kszych ilo\u015bciach, aby umo\u017cliwi\u0107 wysy\u0142k\u0119.<\/li>\n<li data-start=\"2379\" data-end=\"2420\">Lekki i kompaktowy na podr\u00f3\u017c<br \/>\nDesign Bang Blaze nie tylko imponuje wydajno\u015bci\u0105, ale tak\u017ce wygl\u0105dem zewn\u0119trznym. Wa\u017c\u0105cy zaledwie 85g jest wyj\u0105tkowo lekki i \u0142atwo go zabra\u0107 wsz\u0119dzie. Smuk\u0142a sylwetka odpowiada nowoczesnym estetycznym wymaganiom i pozwala Ci wyrazi\u0107 sw\u00f3j styl r\u00f3wnie\u017c podczas vapowania.<\/li>\n<li data-start=\"2767\" data-end=\"2814\">Brak op\u0142at celnych, szybka dostawa<br \/>\nKupuj\u0105c Bang Blaze 20000 Puffs, mo\u017cesz by\u0107 pewien,<strong><a href=\"https:\/\/vapingnet.de\/pl\/k\/f\/\" target=\"_blank\" rel=\"noopener\"> \u017ce nie b\u0119d\u0105 naliczane dodatkowe<\/a> op\u0142aty celne<\/strong>. Ponadto czas dostawy wynosi tylko 7-15 dni roboczych, dzi\u0119ki czemu szybko skorzystasz z tego wysokiej jako\u015bci vapowania.<\/li>\n<\/ul>\n<h4 data-start=\"3052\" data-end=\"3103\">Niezr\u00f3wnane parowanie na vapingnet.de<\/h4>\n<p data-start=\"3105\" data-end=\"3464\">Je\u015bli jeszcze si\u0119 wahasz, odwied\u017a nas na vapingnet.de! Oferujemy tylko najlepsze urz\u0105dzenia do vape, a Bang Blaze 20000 Puffs nale\u017cy do starannie wyselekcjonowanych produkt\u00f3w premium. Niezale\u017cnie od tego, czy chcesz wypr\u00f3bowa\u0107 nowe smaki, czy szukasz wydajnego, trwa\u0142ego do\u015bwiadczenia vapowania, Bang Blaze spe\u0142ni Twoje oczekiwania.<\/p>\n<p data-start=\"3466\" data-end=\"3558\" data-is-last-node=\"\" data-is-only-node=\"\">Do\u015bwiadcz teraz ostatecznego smaku i ciesz si\u0119 ka\u017cdym zaci\u0105gni\u0119ciem tego niezwyk\u0142ego vapingu!<\/p>","protected":false},"excerpt":{"rendered":"<p>Erlebe ein unvergleichliches Dampferlebnis \u2013 Bang Blaze 20000 Puffs Blueberry Grape Wenn du auf der Suche nach einem Vape-Ger\u00e4t bist, das dir langanhaltenden Genuss bietet,&#8230;<\/p>","protected":false},"featured_media":6843,"template":"","meta":[],"etheme_brands":[],"product_brand":[101],"product_cat":[54,49,61],"product_tag":[],"class_list":{"0":"post-5541","1":"product","2":"type-product","3":"status-publish","4":"has-post-thumbnail","6":"product_brand-bang-king-vape","7":"product_cat-vape-20000-zuege","8":"product_cat-einweg-e-zigarette","9":"product_cat-f","11":"first","12":"instock","13":"shipping-taxable","14":"purchasable","15":"product-type-simple"},"yoast_head":"<!-- This site is optimized with the Yoast SEO plugin v26.5 - https:\/\/yoast.com\/wordpress\/plugins\/seo\/ -->\n<title>Zwei Fr\u00fcchte ein Geschmackserlebnis Bang Blaze 20000 Puffs Blueberry Grape | Vapingnet.de<\/title>\n<meta name=\"description\" content=\"Entdecke Zwei Fr\u00fcchte ein Geschmackserlebnis Bang Blaze 20000 Puffs Blueberry Grape bei vapingnet.de, \u25ba Gro\u00dfe Auswahl an Geschmacksrichtungen &amp; super g\u00fcnstig!\" \/>\n<meta name=\"robots\" content=\"index, follow, max-snippet:-1, max-image-preview:large, max-video-preview:-1\" \/>\n<link rel=\"canonical\" href=\"https:\/\/vapingnet.de\/pl\/vape\/zwei-fruechte-ein-geschmackserlebnis-bang-blaze-20000-puffs-blueberry-grape\/\" \/>\n<meta property=\"og:locale\" content=\"pl_PL\" \/>\n<meta property=\"og:type\" content=\"article\" \/>\n<meta property=\"og:title\" content=\"Zwei Fr\u00fcchte ein Geschmackserlebnis Bang Blaze 20000 Puffs Blueberry Grape | Vapingnet.de\" \/>\n<meta property=\"og:description\" content=\"Entdecke Zwei Fr\u00fcchte ein Geschmackserlebnis Bang Blaze 20000 Puffs Blueberry Grape bei vapingnet.de, \u25ba Gro\u00dfe Auswahl an Geschmacksrichtungen &amp; super g\u00fcnstig!\" \/>\n<meta property=\"og:url\" content=\"https:\/\/vapingnet.de\/pl\/vape\/zwei-fruechte-ein-geschmackserlebnis-bang-blaze-20000-puffs-blueberry-grape\/\" \/>\n<meta property=\"og:site_name\" content=\"Vapingnet.de\" \/>\n<meta property=\"article:publisher\" content=\"https:\/\/www.facebook.com\/vapingnetde\/\" \/>\n<meta property=\"article:modified_time\" content=\"2025-06-19T03:40:45+00:00\" \/>\n<meta property=\"og:image\" content=\"https:\/\/vapingnet.de\/wp-content\/uploads\/2025\/03\/bang-blueberry-grape.png\" \/>\n\t<meta property=\"og:image:width\" content=\"1000\" \/>\n\t<meta property=\"og:image:height\" content=\"1000\" \/>\n\t<meta property=\"og:image:type\" content=\"image\/png\" \/>\n<meta name=\"twitter:card\" content=\"summary_large_image\" \/>\n<meta name=\"twitter:label1\" content=\"Est. reading time\" \/>\n\t<meta name=\"twitter:data1\" content=\"4 minutes\" \/>\n<script type=\"application\/ld+json\" class=\"yoast-schema-graph\">{\"@context\":\"https:\/\/schema.org\",\"@graph\":[{\"@type\":\"WebPage\",\"@id\":\"https:\/\/vapingnet.de\/vape\/zwei-fruechte-ein-geschmackserlebnis-bang-blaze-20000-puffs-blueberry-grape\/\",\"url\":\"https:\/\/vapingnet.de\/vape\/zwei-fruechte-ein-geschmackserlebnis-bang-blaze-20000-puffs-blueberry-grape\/\",\"name\":\"Zwei Fr\u00fcchte ein Geschmackserlebnis Bang Blaze 20000 Puffs Blueberry Grape | Vapingnet.de\",\"isPartOf\":{\"@id\":\"https:\/\/vapingnet.de\/#website\"},\"primaryImageOfPage\":{\"@id\":\"https:\/\/vapingnet.de\/vape\/zwei-fruechte-ein-geschmackserlebnis-bang-blaze-20000-puffs-blueberry-grape\/#primaryimage\"},\"image\":{\"@id\":\"https:\/\/vapingnet.de\/vape\/zwei-fruechte-ein-geschmackserlebnis-bang-blaze-20000-puffs-blueberry-grape\/#primaryimage\"},\"thumbnailUrl\":\"https:\/\/vapingnet.de\/wp-content\/uploads\/2025\/03\/bang-blueberry-grape.png\",\"datePublished\":\"2025-03-17T10:03:40+00:00\",\"dateModified\":\"2025-06-19T03:40:45+00:00\",\"description\":\"Entdecke Zwei Fr\u00fcchte ein Geschmackserlebnis Bang Blaze 20000 Puffs Blueberry Grape bei vapingnet.de, \u25ba Gro\u00dfe Auswahl an Geschmacksrichtungen & super g\u00fcnstig!\",\"breadcrumb\":{\"@id\":\"https:\/\/vapingnet.de\/vape\/zwei-fruechte-ein-geschmackserlebnis-bang-blaze-20000-puffs-blueberry-grape\/#breadcrumb\"},\"inLanguage\":\"pl-PL\",\"potentialAction\":[{\"@type\":\"ReadAction\",\"target\":[\"https:\/\/vapingnet.de\/vape\/zwei-fruechte-ein-geschmackserlebnis-bang-blaze-20000-puffs-blueberry-grape\/\"]}]},{\"@type\":\"ImageObject\",\"inLanguage\":\"pl-PL\",\"@id\":\"https:\/\/vapingnet.de\/vape\/zwei-fruechte-ein-geschmackserlebnis-bang-blaze-20000-puffs-blueberry-grape\/#primaryimage\",\"url\":\"https:\/\/vapingnet.de\/wp-content\/uploads\/2025\/03\/bang-blueberry-grape.png\",\"contentUrl\":\"https:\/\/vapingnet.de\/wp-content\/uploads\/2025\/03\/bang-blueberry-grape.png\",\"width\":1000,\"height\":1000},{\"@type\":\"BreadcrumbList\",\"@id\":\"https:\/\/vapingnet.de\/vape\/zwei-fruechte-ein-geschmackserlebnis-bang-blaze-20000-puffs-blueberry-grape\/#breadcrumb\",\"itemListElement\":[{\"@type\":\"ListItem\",\"position\":1,\"name\":\"Home\",\"item\":\"https:\/\/vapingnet.de\/\"},{\"@type\":\"ListItem\",\"position\":2,\"name\":\"Shop\",\"item\":\"https:\/\/vapingnet.de\/vape\/\"},{\"@type\":\"ListItem\",\"position\":3,\"name\":\"Zwei Fr\u00fcchte ein Geschmackserlebnis Bang Blaze 20000 Puffs Blueberry Grape\"}]},{\"@type\":\"WebSite\",\"@id\":\"https:\/\/vapingnet.de\/#website\",\"url\":\"https:\/\/vapingnet.de\/\",\"name\":\"Vapingnet.de\",\"description\":\"\",\"publisher\":{\"@id\":\"https:\/\/vapingnet.de\/#organization\"},\"potentialAction\":[{\"@type\":\"SearchAction\",\"target\":{\"@type\":\"EntryPoint\",\"urlTemplate\":\"https:\/\/vapingnet.de\/?s={search_term_string}\"},\"query-input\":{\"@type\":\"PropertyValueSpecification\",\"valueRequired\":true,\"valueName\":\"search_term_string\"}}],\"inLanguage\":\"pl-PL\"},{\"@type\":\"Organization\",\"@id\":\"https:\/\/vapingnet.de\/#organization\",\"name\":\"Vapingnet.de\",\"url\":\"https:\/\/vapingnet.de\/\",\"logo\":{\"@type\":\"ImageObject\",\"inLanguage\":\"pl-PL\",\"@id\":\"https:\/\/vapingnet.de\/#\/schema\/logo\/image\/\",\"url\":\"https:\/\/vapingnet.de\/wp-content\/uploads\/2025\/03\/cropped-vapingnet.de_.jpg\",\"contentUrl\":\"https:\/\/vapingnet.de\/wp-content\/uploads\/2025\/03\/cropped-vapingnet.de_.jpg\",\"width\":512,\"height\":512,\"caption\":\"Vapingnet.de\"},\"image\":{\"@id\":\"https:\/\/vapingnet.de\/#\/schema\/logo\/image\/\"},\"sameAs\":[\"https:\/\/www.facebook.com\/vapingnetde\/\"]}]}<\/script>\n<!-- \/ Yoast SEO plugin. -->","yoast_head_json":{"title":"Zwei Fr\u00fcchte ein Geschmackserlebnis Bang Blaze 20000 Puffs Blueberry Grape | Vapingnet.de","description":"Entdecke Zwei Fr\u00fcchte ein Geschmackserlebnis Bang Blaze 20000 Puffs Blueberry Grape bei vapingnet.de, \u25ba Gro\u00dfe Auswahl an Geschmacksrichtungen & super g\u00fcnstig!","robots":{"index":"index","follow":"follow","max-snippet":"max-snippet:-1","max-image-preview":"max-image-preview:large","max-video-preview":"max-video-preview:-1"},"canonical":"https:\/\/vapingnet.de\/pl\/vape\/zwei-fruechte-ein-geschmackserlebnis-bang-blaze-20000-puffs-blueberry-grape\/","og_locale":"pl_PL","og_type":"article","og_title":"Zwei Fr\u00fcchte ein Geschmackserlebnis Bang Blaze 20000 Puffs Blueberry Grape | Vapingnet.de","og_description":"Entdecke Zwei Fr\u00fcchte ein Geschmackserlebnis Bang Blaze 20000 Puffs Blueberry Grape bei vapingnet.de, \u25ba Gro\u00dfe Auswahl an Geschmacksrichtungen & super g\u00fcnstig!","og_url":"https:\/\/vapingnet.de\/pl\/vape\/zwei-fruechte-ein-geschmackserlebnis-bang-blaze-20000-puffs-blueberry-grape\/","og_site_name":"Vapingnet.de","article_publisher":"https:\/\/www.facebook.com\/vapingnetde\/","article_modified_time":"2025-06-19T03:40:45+00:00","og_image":[{"width":1000,"height":1000,"url":"https:\/\/vapingnet.de\/wp-content\/uploads\/2025\/03\/bang-blueberry-grape.png","type":"image\/png"}],"twitter_card":"summary_large_image","twitter_misc":{"Est. reading time":"4 minutes"},"schema":{"@context":"https:\/\/schema.org","@graph":[{"@type":"WebPage","@id":"https:\/\/vapingnet.de\/vape\/zwei-fruechte-ein-geschmackserlebnis-bang-blaze-20000-puffs-blueberry-grape\/","url":"https:\/\/vapingnet.de\/vape\/zwei-fruechte-ein-geschmackserlebnis-bang-blaze-20000-puffs-blueberry-grape\/","name":"Zwei Fr\u00fcchte ein Geschmackserlebnis Bang Blaze 20000 Puffs Blueberry Grape | Vapingnet.de","isPartOf":{"@id":"https:\/\/vapingnet.de\/#website"},"primaryImageOfPage":{"@id":"https:\/\/vapingnet.de\/vape\/zwei-fruechte-ein-geschmackserlebnis-bang-blaze-20000-puffs-blueberry-grape\/#primaryimage"},"image":{"@id":"https:\/\/vapingnet.de\/vape\/zwei-fruechte-ein-geschmackserlebnis-bang-blaze-20000-puffs-blueberry-grape\/#primaryimage"},"thumbnailUrl":"https:\/\/vapingnet.de\/wp-content\/uploads\/2025\/03\/bang-blueberry-grape.png","datePublished":"2025-03-17T10:03:40+00:00","dateModified":"2025-06-19T03:40:45+00:00","description":"Entdecke Zwei Fr\u00fcchte ein Geschmackserlebnis Bang Blaze 20000 Puffs Blueberry Grape bei vapingnet.de, \u25ba Gro\u00dfe Auswahl an Geschmacksrichtungen & super g\u00fcnstig!","breadcrumb":{"@id":"https:\/\/vapingnet.de\/vape\/zwei-fruechte-ein-geschmackserlebnis-bang-blaze-20000-puffs-blueberry-grape\/#breadcrumb"},"inLanguage":"pl-PL","potentialAction":[{"@type":"ReadAction","target":["https:\/\/vapingnet.de\/vape\/zwei-fruechte-ein-geschmackserlebnis-bang-blaze-20000-puffs-blueberry-grape\/"]}]},{"@type":"ImageObject","inLanguage":"pl-PL","@id":"https:\/\/vapingnet.de\/vape\/zwei-fruechte-ein-geschmackserlebnis-bang-blaze-20000-puffs-blueberry-grape\/#primaryimage","url":"https:\/\/vapingnet.de\/wp-content\/uploads\/2025\/03\/bang-blueberry-grape.png","contentUrl":"https:\/\/vapingnet.de\/wp-content\/uploads\/2025\/03\/bang-blueberry-grape.png","width":1000,"height":1000},{"@type":"BreadcrumbList","@id":"https:\/\/vapingnet.de\/vape\/zwei-fruechte-ein-geschmackserlebnis-bang-blaze-20000-puffs-blueberry-grape\/#breadcrumb","itemListElement":[{"@type":"ListItem","position":1,"name":"Home","item":"https:\/\/vapingnet.de\/"},{"@type":"ListItem","position":2,"name":"Shop","item":"https:\/\/vapingnet.de\/vape\/"},{"@type":"ListItem","position":3,"name":"Zwei Fr\u00fcchte ein Geschmackserlebnis Bang Blaze 20000 Puffs Blueberry Grape"}]},{"@type":"WebSite","@id":"https:\/\/vapingnet.de\/#website","url":"https:\/\/vapingnet.de\/","name":"Vapingnet.de","description":"","publisher":{"@id":"https:\/\/vapingnet.de\/#organization"},"potentialAction":[{"@type":"SearchAction","target":{"@type":"EntryPoint","urlTemplate":"https:\/\/vapingnet.de\/?s={search_term_string}"},"query-input":{"@type":"PropertyValueSpecification","valueRequired":true,"valueName":"search_term_string"}}],"inLanguage":"pl-PL"},{"@type":"Organization","@id":"https:\/\/vapingnet.de\/#organization","name":"Vapingnet.de","url":"https:\/\/vapingnet.de\/","logo":{"@type":"ImageObject","inLanguage":"pl-PL","@id":"https:\/\/vapingnet.de\/#\/schema\/logo\/image\/","url":"https:\/\/vapingnet.de\/wp-content\/uploads\/2025\/03\/cropped-vapingnet.de_.jpg","contentUrl":"https:\/\/vapingnet.de\/wp-content\/uploads\/2025\/03\/cropped-vapingnet.de_.jpg","width":512,"height":512,"caption":"Vapingnet.de"},"image":{"@id":"https:\/\/vapingnet.de\/#\/schema\/logo\/image\/"},"sameAs":["https:\/\/www.facebook.com\/vapingnetde\/"]}]}},"tiered_pricing_type":"fixed","tiered_pricing_fixed_rules":{"10":"7.59","60":"6.83","110":"6.07","200":"5.31"},"tiered_pricing_product_settings":{"layout":"default","base_unit_name":{"singular":null,"plural":null},"default_variation":null},"tiered_pricing_minimum_quantity":null,"tiered_pricing_roles_data":[],"tiered_pricing_percentage_rules":[],"_links":{"self":[{"href":"https:\/\/vapingnet.de\/pl\/wp-json\/wp\/v2\/product\/5541","targetHints":{"allow":["GET"]}}],"collection":[{"href":"https:\/\/vapingnet.de\/pl\/wp-json\/wp\/v2\/product"}],"about":[{"href":"https:\/\/vapingnet.de\/pl\/wp-json\/wp\/v2\/types\/product"}],"version-history":[{"count":1,"href":"https:\/\/vapingnet.de\/pl\/wp-json\/wp\/v2\/product\/5541\/revisions"}],"predecessor-version":[{"id":5543,"href":"https:\/\/vapingnet.de\/pl\/wp-json\/wp\/v2\/product\/5541\/revisions\/5543"}],"wp:featuredmedia":[{"embeddable":true,"href":"https:\/\/vapingnet.de\/pl\/wp-json\/wp\/v2\/media\/6843"}],"wp:attachment":[{"href":"https:\/\/vapingnet.de\/pl\/wp-json\/wp\/v2\/media?parent=5541"}],"wp:term":[{"taxonomy":"brand","embeddable":true,"href":"https:\/\/vapingnet.de\/pl\/wp-json\/wp\/v2\/etheme_brands?post=5541"},{"taxonomy":"product_brand","embeddable":true,"href":"https:\/\/vapingnet.de\/pl\/wp-json\/wp\/v2\/product_brand?post=5541"},{"taxonomy":"product_cat","embeddable":true,"href":"https:\/\/vapingnet.de\/pl\/wp-json\/wp\/v2\/product_cat?post=5541"},{"taxonomy":"product_tag","embeddable":true,"href":"https:\/\/vapingnet.de\/pl\/wp-json\/wp\/v2\/product_tag?post=5541"}],"curies":[{"name":"wp","href":"https:\/\/api.w.org\/{rel}","templated":true}]}}