{"id":5566,"date":"2025-03-18T02:11:10","date_gmt":"2025-03-18T02:11:10","guid":{"rendered":"https:\/\/vapingnet.de\/?post_type=product&#038;p=5566"},"modified":"2026-01-24T07:14:30","modified_gmt":"2026-01-24T07:14:30","slug":"bang-tornado-40000-puffs-triple-berry-fruchtiger-genuss-der-nie-endet","status":"publish","type":"product","link":"https:\/\/vapingnet.de\/pl\/vape\/bang-tornado-40000-puffs-triple-berry-fruchtiger-genuss-der-nie-endet\/","title":{"rendered":"Bang Tornado 40000 Puffs Triple Berry Owocowa rozkosz, kt\u00f3ra nigdy si\u0119 nie ko\u0144czy"},"content":{"rendered":"<h2 data-path-to-node=\"5\">Bang Tornado 40.000 Puffs: Twoja aktualizacja dla nieograniczonej przyjemno\u015bci<\/h2>\n<p data-path-to-node=\"6\">Po\u017cegnaj si\u0119 z kompromisami i do\u015bwiadcz Bang Tornado 40.000. To urz\u0105dzenie to wi\u0119cej ni\u017c jednorazowa e-papieros \u2013 to o\u015bwiadczenie dla tych, kt\u00f3rzy szukaj\u0105 wytrzyma\u0142o\u015bci, smaku i pe\u0142nej kontroli w por\u0119cznym designie. Niezale\u017cnie od tego, czy jeste\u015b profesjonalnym vaperem, czy dopiero zaczynasz, Tornado redefiniuje Twoje oczekiwania wobec trwa\u0142o\u015bci.<\/p>\n<ul>\n<li data-path-to-node=\"7\">Marato\u0144skie do\u015bwiadczenie: 40.000 zaci\u0105gni\u0119\u0107 bez przerwy<br \/>\nNajwi\u0119ksz\u0105 si\u0142\u0105 Bang Tornado jest jej niezr\u00f3wnany zasi\u0119g. Podczas gdy inne vape'y ju\u017c dawno si\u0119 wyczerpa\u0142y, ten model oferuje a\u017c do <a href=\"https:\/\/vapingnet.de\/pl\/k\/vape-40000-zuege\/\" target=\"_blank\" rel=\"noopener\"><strong>40.000 zaci\u0105gni\u0119\u0107<\/strong><\/a>. W po\u0142\u0105czeniu z ogromnym 40ml zbiornikiem na e-liquid oznacza to dla Ciebie: mniej stresu przy zakupach, brak konieczno\u015bci cz\u0119stej wymiany urz\u0105dzenia i niezr\u00f3wnanie sta\u0142e do\u015bwiadczenie przez tygodnie.<\/li>\n<li data-path-to-node=\"9\">Nauka smaku: Triple Mesh &amp; Zmienna moc<br \/>\nDlaczego zadowala\u0107 si\u0119 standardem? Bang Tornado korzysta z potr\u00f3jnego systemu grza\u0142ek mesh, kt\u00f3ry maksymalizuje powierzchni\u0119 do odparowania. To zapewnia eksplozj\u0119 aromat\u00f3w i g\u0119ste, jedwabiste chmury.<br \/>\nNajlepsze jest to, \u017ce to Ty jeste\u015b szefem. Za pomoc\u0105 regulowanej mocy sam decydujesz, jak intensywny ma by\u0107 Tw\u00f3j zaci\u0105g. Od delikatnych niuans\u00f3w po mocny, ciep\u0142y dym \u2013 wystarczy jeden ruch, aby dok\u0142adnie dopasowa\u0107 intensywno\u015b\u0107 do Twojego momentu.<\/li>\n<li data-path-to-node=\"12\">Energia, kt\u00f3ra nad\u0105\u017ca za Tob\u0105<br \/>\nAby pojemny zbiornik m\u00f3g\u0142 by\u0107 wykorzystany do ostatniej kropli, zamontowano wydajny akumulator 850mAh. Dostarcza on niezb\u0119dn\u0105 moc do niezawodnego zasilania potr\u00f3jnej grza\u0142ki i nie zawiedzie Ci\u0119 przez ca\u0142y dzie\u0144. Charakterystyczny design mini-olejowego pojemnika nie tylko wygl\u0105da \u015bwietnie, ale tak\u017ce jest ergonomiczny i idealnie le\u017cy w d\u0142oni \u2013 idealny na podr\u00f3\u017ce.<\/li>\n<\/ul>\n<h3 data-path-to-node=\"14\">Aromatyczny hit: Triple Berry \u2013 eksplozja jag\u00f3d<\/h3>\n<p data-path-to-node=\"15\">Je\u015bli lubisz owocowe g\u0142\u0119bie, pokochasz Triple Berry. Ten smak to nie p\u0142ytka nuta, lecz starannie wyselekcjonowana mieszanka:<\/p>\n<ul data-path-to-node=\"16\">\n<li>\n<p data-path-to-node=\"16,0,0\"><b data-path-to-node=\"16,0,0\" data-index-in-node=\"0\">S\u0142odkich truskawek:<\/b> Podstawy dla przyjemnej, podstawowej s\u0142odyczy.<\/p>\n<\/li>\n<li>\n<p data-path-to-node=\"16,1,0\"><b data-path-to-node=\"16,1,0\" data-index-in-node=\"0\">Aromatycznych bor\u00f3wek:<\/b> Dla g\u0142\u0119bokiej, lekko gorzkiej nuty.<\/p>\n<\/li>\n<li>\n<p data-path-to-node=\"16,2,0\"><b data-path-to-node=\"16,2,0\" data-index-in-node=\"0\">Orze\u017awiaj\u0105cych malin:<\/b> Idealny akcent \u015bwie\u017co\u015bci na ko\u0144cu. Ka\u017cde wci\u0105gni\u0119cie przypomina spacer po dzikim ogrodzie jag\u00f3d \u2013 intensywny, autentyczny i satysfakcjonuj\u0105cy.<\/p>\n<\/li>\n<\/ul>\n<h3>Dlaczego Bang Tornado powinno by\u0107 Twoim nast\u0119pnym urz\u0105dzeniem:<\/h3>\n<ul data-path-to-node=\"19\">\n<li>\n<p data-path-to-node=\"19,0,0\"><b data-path-to-node=\"19,0,0\" data-index-in-node=\"0\">Maksymalna wydajno\u015b\u0107:<\/b> 40ml p\u0142ynu do ekstremalnie d\u0142ugich cykli u\u017cytkowania.<\/p>\n<\/li>\n<li>\n<p data-path-to-node=\"19,1,0\"><b data-path-to-node=\"19,1,0\" data-index-in-node=\"0\">Dopasowane na miar\u0119:<\/b> Wybierz sw\u00f3j poziom nikotyny (0%, 2%, 3% lub 5%) i dostosuj moc indywidualnie.<\/p>\n<\/li>\n<li>\n<p data-path-to-node=\"19,2,0\"><b data-path-to-node=\"19,2,0\" data-index-in-node=\"0\">Najnowocze\u015bniejsza technologia:<\/b> System Triple-Mesh o oporno\u015bci 1,2\u03a9 gwarantuje najwy\u017csz\u0105 wydajno\u015b\u0107 bez przypalania.<\/p>\n<\/li>\n<li>\n<p data-path-to-node=\"19,3,0\"><b data-path-to-node=\"19,3,0\" data-index-in-node=\"0\">Czynnik stylu:<\/b> Unikalna estetyka, kt\u00f3ra wyr\u00f3\u017cnia si\u0119 spo\u015br\u00f3d t\u0142umu.<\/p>\n<\/li>\n<\/ul>\n<p data-path-to-node=\"20\">Czy jeste\u015b gotowy, aby zrewolucjonizowa\u0107 sw\u00f3j \u015bwiat vaping? Nie czekaj d\u0142u\u017cej na kolejny pusty tank. Zdobywaj legend\u0119 wytrzyma\u0142o\u015bci z wyj\u0105tkowym smakiem.<\/p>\n<p data-path-to-node=\"21\">Odwied\u017a teraz vapingnet.de i zdob\u0105d\u017a Bang Tornado 40 000 puffs w Triple Berry!<\/p>","protected":false},"excerpt":{"rendered":"<p>Bang Tornado 40 000 Puffs: Tw\u00f3j upgrade dla nieograniczonej przyjemno\u015bci Po\u017cegnaj kompromisy i do\u015bwiadcz Bang Tornado 40 000. To urz\u0105dzenie to co\u015b wi\u0119cej ni\u017c tylko...<\/p>","protected":false},"featured_media":5347,"template":"","meta":[],"etheme_brands":[],"product_brand":[101],"product_cat":[65,49,61],"product_tag":[],"class_list":{"0":"post-5566","1":"product","2":"type-product","3":"status-publish","4":"has-post-thumbnail","6":"product_brand-bang-king-vape","7":"product_cat-vape-40000-zuege","8":"product_cat-einweg-e-zigarette","9":"product_cat-f","11":"first","12":"instock","13":"shipping-taxable","14":"purchasable","15":"product-type-simple"},"yoast_head":"<!-- This site is optimized with the Yoast SEO plugin v26.5 - https:\/\/yoast.com\/wordpress\/plugins\/seo\/ -->\n<title>Bang Tornado 40000 Puffs Triple Berry Fruchtiger Genuss der nie endet | Vapingnet.de<\/title>\n<meta name=\"description\" content=\"Entdecke Bang Tornado 40000 Puffs Triple Berry Fruchtiger Genuss der nie endet bei vapingnet.de, \u25ba Gro\u00dfe Auswahl an Geschmacksrichtungen &amp; super g\u00fcnstig!\" \/>\n<meta name=\"robots\" content=\"index, follow, max-snippet:-1, max-image-preview:large, max-video-preview:-1\" \/>\n<link rel=\"canonical\" href=\"https:\/\/vapingnet.de\/pl\/vape\/bang-tornado-40000-puffs-triple-berry-fruchtiger-genuss-der-nie-endet\/\" \/>\n<meta property=\"og:locale\" content=\"pl_PL\" \/>\n<meta property=\"og:type\" content=\"article\" \/>\n<meta property=\"og:title\" content=\"Bang Tornado 40000 Puffs Triple Berry Fruchtiger Genuss der nie endet | Vapingnet.de\" \/>\n<meta property=\"og:description\" content=\"Entdecke Bang Tornado 40000 Puffs Triple Berry Fruchtiger Genuss der nie endet bei vapingnet.de, \u25ba Gro\u00dfe Auswahl an Geschmacksrichtungen &amp; super g\u00fcnstig!\" \/>\n<meta property=\"og:url\" content=\"https:\/\/vapingnet.de\/pl\/vape\/bang-tornado-40000-puffs-triple-berry-fruchtiger-genuss-der-nie-endet\/\" \/>\n<meta property=\"og:site_name\" content=\"Vapingnet.de\" \/>\n<meta property=\"article:publisher\" content=\"https:\/\/www.facebook.com\/vapingnetde\/\" \/>\n<meta property=\"article:modified_time\" content=\"2026-01-24T07:14:30+00:00\" \/>\n<meta property=\"og:image\" content=\"https:\/\/vapingnet.de\/wp-content\/uploads\/2025\/03\/bang-40k-puffs-triple-berry.png\" \/>\n\t<meta property=\"og:image:width\" content=\"1000\" \/>\n\t<meta property=\"og:image:height\" content=\"1000\" \/>\n\t<meta property=\"og:image:type\" content=\"image\/png\" \/>\n<meta name=\"twitter:card\" content=\"summary_large_image\" \/>\n<meta name=\"twitter:label1\" content=\"Est. reading time\" \/>\n\t<meta name=\"twitter:data1\" content=\"3 minutes\" \/>\n<script type=\"application\/ld+json\" class=\"yoast-schema-graph\">{\"@context\":\"https:\/\/schema.org\",\"@graph\":[{\"@type\":\"WebPage\",\"@id\":\"https:\/\/vapingnet.de\/vape\/bang-tornado-40000-puffs-triple-berry-fruchtiger-genuss-der-nie-endet\/\",\"url\":\"https:\/\/vapingnet.de\/vape\/bang-tornado-40000-puffs-triple-berry-fruchtiger-genuss-der-nie-endet\/\",\"name\":\"Bang Tornado 40000 Puffs Triple Berry Fruchtiger Genuss der nie endet | Vapingnet.de\",\"isPartOf\":{\"@id\":\"https:\/\/vapingnet.de\/#website\"},\"primaryImageOfPage\":{\"@id\":\"https:\/\/vapingnet.de\/vape\/bang-tornado-40000-puffs-triple-berry-fruchtiger-genuss-der-nie-endet\/#primaryimage\"},\"image\":{\"@id\":\"https:\/\/vapingnet.de\/vape\/bang-tornado-40000-puffs-triple-berry-fruchtiger-genuss-der-nie-endet\/#primaryimage\"},\"thumbnailUrl\":\"https:\/\/vapingnet.de\/wp-content\/uploads\/2025\/03\/bang-40k-puffs-triple-berry.png\",\"datePublished\":\"2025-03-18T02:11:10+00:00\",\"dateModified\":\"2026-01-24T07:14:30+00:00\",\"description\":\"Entdecke Bang Tornado 40000 Puffs Triple Berry Fruchtiger Genuss der nie endet bei vapingnet.de, \u25ba Gro\u00dfe Auswahl an Geschmacksrichtungen & super g\u00fcnstig!\",\"breadcrumb\":{\"@id\":\"https:\/\/vapingnet.de\/vape\/bang-tornado-40000-puffs-triple-berry-fruchtiger-genuss-der-nie-endet\/#breadcrumb\"},\"inLanguage\":\"pl-PL\",\"potentialAction\":[{\"@type\":\"ReadAction\",\"target\":[\"https:\/\/vapingnet.de\/vape\/bang-tornado-40000-puffs-triple-berry-fruchtiger-genuss-der-nie-endet\/\"]}]},{\"@type\":\"ImageObject\",\"inLanguage\":\"pl-PL\",\"@id\":\"https:\/\/vapingnet.de\/vape\/bang-tornado-40000-puffs-triple-berry-fruchtiger-genuss-der-nie-endet\/#primaryimage\",\"url\":\"https:\/\/vapingnet.de\/wp-content\/uploads\/2025\/03\/bang-40k-puffs-triple-berry.png\",\"contentUrl\":\"https:\/\/vapingnet.de\/wp-content\/uploads\/2025\/03\/bang-40k-puffs-triple-berry.png\",\"width\":1000,\"height\":1000,\"caption\":\"bang 40k puffs-triple-berry\"},{\"@type\":\"BreadcrumbList\",\"@id\":\"https:\/\/vapingnet.de\/vape\/bang-tornado-40000-puffs-triple-berry-fruchtiger-genuss-der-nie-endet\/#breadcrumb\",\"itemListElement\":[{\"@type\":\"ListItem\",\"position\":1,\"name\":\"Home\",\"item\":\"https:\/\/vapingnet.de\/\"},{\"@type\":\"ListItem\",\"position\":2,\"name\":\"Shop\",\"item\":\"https:\/\/vapingnet.de\/vape\/\"},{\"@type\":\"ListItem\",\"position\":3,\"name\":\"Bang Tornado 40000 Puffs Triple Berry Fruchtiger Genuss der nie endet\"}]},{\"@type\":\"WebSite\",\"@id\":\"https:\/\/vapingnet.de\/#website\",\"url\":\"https:\/\/vapingnet.de\/\",\"name\":\"Vapingnet.de\",\"description\":\"\",\"publisher\":{\"@id\":\"https:\/\/vapingnet.de\/#organization\"},\"potentialAction\":[{\"@type\":\"SearchAction\",\"target\":{\"@type\":\"EntryPoint\",\"urlTemplate\":\"https:\/\/vapingnet.de\/?s={search_term_string}\"},\"query-input\":{\"@type\":\"PropertyValueSpecification\",\"valueRequired\":true,\"valueName\":\"search_term_string\"}}],\"inLanguage\":\"pl-PL\"},{\"@type\":\"Organization\",\"@id\":\"https:\/\/vapingnet.de\/#organization\",\"name\":\"Vapingnet.de\",\"url\":\"https:\/\/vapingnet.de\/\",\"logo\":{\"@type\":\"ImageObject\",\"inLanguage\":\"pl-PL\",\"@id\":\"https:\/\/vapingnet.de\/#\/schema\/logo\/image\/\",\"url\":\"https:\/\/vapingnet.de\/wp-content\/uploads\/2025\/03\/cropped-vapingnet.de_.jpg\",\"contentUrl\":\"https:\/\/vapingnet.de\/wp-content\/uploads\/2025\/03\/cropped-vapingnet.de_.jpg\",\"width\":512,\"height\":512,\"caption\":\"Vapingnet.de\"},\"image\":{\"@id\":\"https:\/\/vapingnet.de\/#\/schema\/logo\/image\/\"},\"sameAs\":[\"https:\/\/www.facebook.com\/vapingnetde\/\"]}]}<\/script>\n<!-- \/ Yoast SEO plugin. -->","yoast_head_json":{"title":"Bang Tornado 40000 Puffs Triple Berry Fruchtiger Genuss der nie endet | Vapingnet.de","description":"Entdecke Bang Tornado 40000 Puffs Triple Berry Fruchtiger Genuss der nie endet bei vapingnet.de, \u25ba Gro\u00dfe Auswahl an Geschmacksrichtungen & super g\u00fcnstig!","robots":{"index":"index","follow":"follow","max-snippet":"max-snippet:-1","max-image-preview":"max-image-preview:large","max-video-preview":"max-video-preview:-1"},"canonical":"https:\/\/vapingnet.de\/pl\/vape\/bang-tornado-40000-puffs-triple-berry-fruchtiger-genuss-der-nie-endet\/","og_locale":"pl_PL","og_type":"article","og_title":"Bang Tornado 40000 Puffs Triple Berry Fruchtiger Genuss der nie endet | Vapingnet.de","og_description":"Entdecke Bang Tornado 40000 Puffs Triple Berry Fruchtiger Genuss der nie endet bei vapingnet.de, \u25ba Gro\u00dfe Auswahl an Geschmacksrichtungen & super g\u00fcnstig!","og_url":"https:\/\/vapingnet.de\/pl\/vape\/bang-tornado-40000-puffs-triple-berry-fruchtiger-genuss-der-nie-endet\/","og_site_name":"Vapingnet.de","article_publisher":"https:\/\/www.facebook.com\/vapingnetde\/","article_modified_time":"2026-01-24T07:14:30+00:00","og_image":[{"width":1000,"height":1000,"url":"https:\/\/vapingnet.de\/wp-content\/uploads\/2025\/03\/bang-40k-puffs-triple-berry.png","type":"image\/png"}],"twitter_card":"summary_large_image","twitter_misc":{"Est. reading time":"3 minutes"},"schema":{"@context":"https:\/\/schema.org","@graph":[{"@type":"WebPage","@id":"https:\/\/vapingnet.de\/vape\/bang-tornado-40000-puffs-triple-berry-fruchtiger-genuss-der-nie-endet\/","url":"https:\/\/vapingnet.de\/vape\/bang-tornado-40000-puffs-triple-berry-fruchtiger-genuss-der-nie-endet\/","name":"Bang Tornado 40000 Puffs Triple Berry Fruchtiger Genuss der nie endet | Vapingnet.de","isPartOf":{"@id":"https:\/\/vapingnet.de\/#website"},"primaryImageOfPage":{"@id":"https:\/\/vapingnet.de\/vape\/bang-tornado-40000-puffs-triple-berry-fruchtiger-genuss-der-nie-endet\/#primaryimage"},"image":{"@id":"https:\/\/vapingnet.de\/vape\/bang-tornado-40000-puffs-triple-berry-fruchtiger-genuss-der-nie-endet\/#primaryimage"},"thumbnailUrl":"https:\/\/vapingnet.de\/wp-content\/uploads\/2025\/03\/bang-40k-puffs-triple-berry.png","datePublished":"2025-03-18T02:11:10+00:00","dateModified":"2026-01-24T07:14:30+00:00","description":"Entdecke Bang Tornado 40000 Puffs Triple Berry Fruchtiger Genuss der nie endet bei vapingnet.de, \u25ba Gro\u00dfe Auswahl an Geschmacksrichtungen & super g\u00fcnstig!","breadcrumb":{"@id":"https:\/\/vapingnet.de\/vape\/bang-tornado-40000-puffs-triple-berry-fruchtiger-genuss-der-nie-endet\/#breadcrumb"},"inLanguage":"pl-PL","potentialAction":[{"@type":"ReadAction","target":["https:\/\/vapingnet.de\/vape\/bang-tornado-40000-puffs-triple-berry-fruchtiger-genuss-der-nie-endet\/"]}]},{"@type":"ImageObject","inLanguage":"pl-PL","@id":"https:\/\/vapingnet.de\/vape\/bang-tornado-40000-puffs-triple-berry-fruchtiger-genuss-der-nie-endet\/#primaryimage","url":"https:\/\/vapingnet.de\/wp-content\/uploads\/2025\/03\/bang-40k-puffs-triple-berry.png","contentUrl":"https:\/\/vapingnet.de\/wp-content\/uploads\/2025\/03\/bang-40k-puffs-triple-berry.png","width":1000,"height":1000,"caption":"bang 40k puffs-triple-berry"},{"@type":"BreadcrumbList","@id":"https:\/\/vapingnet.de\/vape\/bang-tornado-40000-puffs-triple-berry-fruchtiger-genuss-der-nie-endet\/#breadcrumb","itemListElement":[{"@type":"ListItem","position":1,"name":"Home","item":"https:\/\/vapingnet.de\/"},{"@type":"ListItem","position":2,"name":"Shop","item":"https:\/\/vapingnet.de\/vape\/"},{"@type":"ListItem","position":3,"name":"Bang Tornado 40000 Puffs Triple Berry Fruchtiger Genuss der nie endet"}]},{"@type":"WebSite","@id":"https:\/\/vapingnet.de\/#website","url":"https:\/\/vapingnet.de\/","name":"Vapingnet.de","description":"","publisher":{"@id":"https:\/\/vapingnet.de\/#organization"},"potentialAction":[{"@type":"SearchAction","target":{"@type":"EntryPoint","urlTemplate":"https:\/\/vapingnet.de\/?s={search_term_string}"},"query-input":{"@type":"PropertyValueSpecification","valueRequired":true,"valueName":"search_term_string"}}],"inLanguage":"pl-PL"},{"@type":"Organization","@id":"https:\/\/vapingnet.de\/#organization","name":"Vapingnet.de","url":"https:\/\/vapingnet.de\/","logo":{"@type":"ImageObject","inLanguage":"pl-PL","@id":"https:\/\/vapingnet.de\/#\/schema\/logo\/image\/","url":"https:\/\/vapingnet.de\/wp-content\/uploads\/2025\/03\/cropped-vapingnet.de_.jpg","contentUrl":"https:\/\/vapingnet.de\/wp-content\/uploads\/2025\/03\/cropped-vapingnet.de_.jpg","width":512,"height":512,"caption":"Vapingnet.de"},"image":{"@id":"https:\/\/vapingnet.de\/#\/schema\/logo\/image\/"},"sameAs":["https:\/\/www.facebook.com\/vapingnetde\/"]}]}},"tiered_pricing_type":"fixed","tiered_pricing_fixed_rules":{"10":"12.91","60":"11.62","110":"10.33","200":"9.04"},"tiered_pricing_product_settings":{"layout":"default","base_unit_name":{"singular":null,"plural":null},"default_variation":null},"tiered_pricing_minimum_quantity":null,"tiered_pricing_roles_data":[],"tiered_pricing_percentage_rules":[],"_links":{"self":[{"href":"https:\/\/vapingnet.de\/pl\/wp-json\/wp\/v2\/product\/5566","targetHints":{"allow":["GET"]}}],"collection":[{"href":"https:\/\/vapingnet.de\/pl\/wp-json\/wp\/v2\/product"}],"about":[{"href":"https:\/\/vapingnet.de\/pl\/wp-json\/wp\/v2\/types\/product"}],"version-history":[{"count":5,"href":"https:\/\/vapingnet.de\/pl\/wp-json\/wp\/v2\/product\/5566\/revisions"}],"predecessor-version":[{"id":7500,"href":"https:\/\/vapingnet.de\/pl\/wp-json\/wp\/v2\/product\/5566\/revisions\/7500"}],"wp:featuredmedia":[{"embeddable":true,"href":"https:\/\/vapingnet.de\/pl\/wp-json\/wp\/v2\/media\/5347"}],"wp:attachment":[{"href":"https:\/\/vapingnet.de\/pl\/wp-json\/wp\/v2\/media?parent=5566"}],"wp:term":[{"taxonomy":"brand","embeddable":true,"href":"https:\/\/vapingnet.de\/pl\/wp-json\/wp\/v2\/etheme_brands?post=5566"},{"taxonomy":"product_brand","embeddable":true,"href":"https:\/\/vapingnet.de\/pl\/wp-json\/wp\/v2\/product_brand?post=5566"},{"taxonomy":"product_cat","embeddable":true,"href":"https:\/\/vapingnet.de\/pl\/wp-json\/wp\/v2\/product_cat?post=5566"},{"taxonomy":"product_tag","embeddable":true,"href":"https:\/\/vapingnet.de\/pl\/wp-json\/wp\/v2\/product_tag?post=5566"}],"curies":[{"name":"wp","href":"https:\/\/api.w.org\/{rel}","templated":true}]}}