{"id":5572,"date":"2025-12-12T02:27:13","date_gmt":"2025-12-12T02:27:13","guid":{"rendered":"https:\/\/vapingnet.de\/?post_type=product&#038;p=5572"},"modified":"2026-01-24T07:13:53","modified_gmt":"2026-01-24T07:13:53","slug":"bang-tornado-40000-puffs-blueberry-grapes-langanhaltender-fruchtgenuss-fuer-vaper","status":"publish","type":"product","link":"https:\/\/vapingnet.de\/pl\/vape\/bang-tornado-40000-puffs-blueberry-grapes-langanhaltender-fruchtgenuss-fuer-vaper\/","title":{"rendered":"Bang Tornado 40000 Puffs Blueberry Grape d\u0142ugotrwa\u0142a owocowa rozkosz dla vapor\u00f3w"},"content":{"rendered":"<h2 data-start=\"71\" data-end=\"162\">Bang Tornado 40000 Puffs Jednorazowa E-papieros<\/h2>\n<p data-start=\"164\" data-end=\"452\">Je\u015bli szukasz wydajnego, trwa\u0142ego e-papierosa, Bang Tornado 40000 Puffs jest idealnym wyborem! Ten <a href=\"https:\/\/vapingnet.de\/pl\/k\/einweg-e-zigarette\/\" target=\"_blank\" rel=\"noopener\"><strong>Jednorazowa e-papieros<\/strong><\/a> \u0142\u0105czy du\u017c\u0105 pojemno\u015b\u0107 liquidu, regulowan\u0105 moc i innowacyjny design, zapewniaj\u0105c intensywne i indywidualnie dostosowywalne do\u015bwiadczenie parowania.<\/p>\n<h3 data-start=\"459\" data-end=\"476\">G\u0142\u00f3wne zalety<\/h3>\n<p data-start=\"478\" data-end=\"727\">Ultra-d\u0142ugi czas u\u017cytkowania<br data-start=\"507\" data-end=\"510\" \/>Z do 40 000 zaci\u0105gni\u0119ciami, Bang Tornado zapewnia niezwykle d\u0142ugi czas u\u017cytkowania. Niezale\u017cnie od tego, czy jeste\u015b w codziennym u\u017cytkowaniu, czy w podr\u00f3\u017cy, korzystasz z sta\u0142ego i niezawodnego parowania bez konieczno\u015bci cz\u0119stej wymiany.<\/p>\n<p data-start=\"729\" data-end=\"894\">Du\u017ca pojemno\u015b\u0107 liquidu<br data-start=\"754\" data-end=\"757\" \/>Pojemnik na liquid o pojemno\u015bci 40ML pozwala na d\u0142ugie parowanie bez konieczno\u015bci ci\u0105g\u0142ego uzupe\u0142niania \u2013 idealny dla d\u0142ugotrwa\u0142ej przyjemno\u015bci.<\/p>\n<p data-start=\"896\" data-end=\"1088\">Regulowana moc<br data-start=\"919\" data-end=\"922\" \/>Dzi\u0119ki regulowanej mocy mo\u017cesz dostosowa\u0107 ilo\u015b\u0107 pary i intensywno\u015b\u0107 smaku wed\u0142ug w\u0142asnych preferencji \u2013 dla naprawd\u0119 osobistego do\u015bwiadczenia parowania.<\/p>\n<p data-start=\"1090\" data-end=\"1272\">Potr\u00f3jny system mesh-coil<br data-start=\"1121\" data-end=\"1124\" \/>System triple-mesh-coil zapewnia intensywniejszy smak i wi\u0119ksze ilo\u015bci pary, dzi\u0119ki czemu ka\u017cdy zaci\u0105g jest szczeg\u00f3lnie pe\u0142ny i satysfakcjonuj\u0105cy.<\/p>\n<p data-start=\"1274\" data-end=\"1452\">Silny akumulator na ca\u0142y dzie\u0144 u\u017cytkowania<br data-start=\"1313\" data-end=\"1316\" \/>Akumulator 850mAh zapewnia stabiln\u0105 moc przez ca\u0142y dzie\u0144. Niezale\u017cnie od miejsca, Tw\u00f3j Bang Tornado jest zawsze gotowy do u\u017cycia.<\/p>\n<p data-start=\"1454\" data-end=\"1661\">Unikalny design<br data-start=\"1478\" data-end=\"1481\" \/>Kompaktowy design z mini-olejowym zbiornikiem sprawia, \u017ce e-papieros jest nie tylko wydajny, ale tak\u017ce stylowy \u2013 prawdziwa ozdoba, \u0142\u0105cz\u0105ca funkcjonalno\u015b\u0107 z nowoczesnym designem.<\/p>\n<h3 data-start=\"1668\" data-end=\"1694\">Specyfikacje produktu<\/h3>\n<ul data-start=\"1696\" data-end=\"2045\">\n<li data-start=\"1696\" data-end=\"1735\">\n<p data-start=\"1698\" data-end=\"1735\">Marka: Bang Tornado 40000 Puffs<\/p>\n<\/li>\n<li data-start=\"1736\" data-end=\"1757\">\n<p data-start=\"1738\" data-end=\"1757\">Akumulator: 850 mAh<\/p>\n<\/li>\n<li data-start=\"1758\" data-end=\"1788\">\n<p data-start=\"1760\" data-end=\"1788\">Pojemno\u015b\u0107 liquidu: 40ML<\/p>\n<\/li>\n<li data-start=\"1789\" data-end=\"1813\">\n<p data-start=\"1791\" data-end=\"1813\">Op\u00f3r: 1.2\u03a9<\/p>\n<\/li>\n<li data-start=\"1814\" data-end=\"1834\">\n<p data-start=\"1816\" data-end=\"1834\">Zaci\u0105gni\u0119cia: 40 000<\/p>\n<\/li>\n<li data-start=\"1835\" data-end=\"1867\">\n<p data-start=\"1837\" data-end=\"1867\">Mesh-Coil: 3 mesh-coile<\/p>\n<\/li>\n<li data-start=\"1868\" data-end=\"1897\">\n<p data-start=\"1870\" data-end=\"1897\">Moc: Regulowana<\/p>\n<\/li>\n<li data-start=\"1898\" data-end=\"1937\">\n<p data-start=\"1900\" data-end=\"1937\">Zawarto\u015b\u0107 opakowania: 8 sztuk w pude\u0142ku<\/p>\n<\/li>\n<li data-start=\"1938\" data-end=\"1960\">\n<p data-start=\"1940\" data-end=\"1960\">Waga: 130 g<\/p>\n<\/li>\n<li data-start=\"1961\" data-end=\"2009\">\n<p data-start=\"1963\" data-end=\"2009\">St\u0119\u017cenie nikotyny: 0% \/ 2% \/ 3% \/ 5%<\/p>\n<\/li>\n<li data-start=\"2010\" data-end=\"2045\">\n<p data-start=\"2012\" data-end=\"2045\">Smak: Blueberry Grapes<\/p>\n<\/li>\n<\/ul>\n<h3>Dlaczego wybra\u0107 Bang Tornado 40000 Puffs?<\/h3>\n<ul data-start=\"2100\" data-end=\"2466\">\n<li data-start=\"2100\" data-end=\"2180\">\n<p data-start=\"2102\" data-end=\"2180\">D\u0142ugotrwa\u0142e parowanie: Do 40 000 zaci\u0105gni\u0119\u0107, zapewniaj\u0105cych wyj\u0105tkowo d\u0142ugi czas u\u017cytkowania.<\/p>\n<\/li>\n<li data-start=\"2181\" data-end=\"2267\">\n<p data-start=\"2183\" data-end=\"2267\">Du\u017cy zbiornik na liquid: 40ML dla d\u0142ugotrwa\u0142ej przyjemno\u015bci bez konieczno\u015bci cz\u0119stego uzupe\u0142niania.<\/p>\n<\/li>\n<li data-start=\"2268\" data-end=\"2368\">\n<p data-start=\"2270\" data-end=\"2368\">Indywidualne dostosowanie: Regulowana moc dla osobistego smaku i intensywno\u015bci pary.<\/p>\n<\/li>\n<li data-start=\"2369\" data-end=\"2466\">\n<p data-start=\"2371\" data-end=\"2466\">Stylowy design: Forma mini-olejowego zbiornika dla nowoczesnego, kompaktowego i modnego wygl\u0105du.<\/p>\n<\/li>\n<\/ul>\n<p data-start=\"2468\" data-end=\"2618\">Odkryj Bang Tornado 40000 Puffs i do\u015bwiadcz wydajnego parowania po\u0142\u0105czonego z eleganckim designem \u2013 dost\u0119pny teraz na naszej stronie!<\/p>","protected":false},"excerpt":{"rendered":"<p>Bang Tornado 40000 Puffs jednorazowa e-papierosa Je\u015bli szukasz wydajnej, trwa\u0142ej e-papierosy, Bang Tornado 40000 Puffs to idealny wyb\u00f3r! Ta jednorazowa e-papierosa...<\/p>","protected":false},"featured_media":5350,"template":"","meta":[],"etheme_brands":[],"product_brand":[101],"product_cat":[65,49,61],"product_tag":[],"class_list":{"0":"post-5572","1":"product","2":"type-product","3":"status-publish","4":"has-post-thumbnail","6":"product_brand-bang-king-vape","7":"product_cat-vape-40000-zuege","8":"product_cat-einweg-e-zigarette","9":"product_cat-f","11":"first","12":"instock","13":"shipping-taxable","14":"purchasable","15":"product-type-simple"},"yoast_head":"<!-- This site is optimized with the Yoast SEO plugin v26.5 - https:\/\/yoast.com\/wordpress\/plugins\/seo\/ -->\n<title>Bang Tornado 40000 Puffs Blueberry Grapes Langanhaltender Fruchtgenuss f\u00fcr Vaper | Vapingnet.de<\/title>\n<meta name=\"description\" content=\"Entdecke Bang Tornado 40000 Puffs Blueberry Grapes Langanhaltender Fruchtgenuss f\u00fcr Vaper bei vapingnet.de, \u25ba Gro\u00dfe Auswahl an Geschmacksrichtungen &amp; super g\u00fcnstig!\" \/>\n<meta name=\"robots\" content=\"index, follow, max-snippet:-1, max-image-preview:large, max-video-preview:-1\" \/>\n<link rel=\"canonical\" href=\"https:\/\/vapingnet.de\/pl\/vape\/bang-tornado-40000-puffs-blueberry-grapes-langanhaltender-fruchtgenuss-fuer-vaper\/\" \/>\n<meta property=\"og:locale\" content=\"pl_PL\" \/>\n<meta property=\"og:type\" content=\"article\" \/>\n<meta property=\"og:title\" content=\"Bang Tornado 40000 Puffs Blueberry Grapes Langanhaltender Fruchtgenuss f\u00fcr Vaper | Vapingnet.de\" \/>\n<meta property=\"og:description\" content=\"Entdecke Bang Tornado 40000 Puffs Blueberry Grapes Langanhaltender Fruchtgenuss f\u00fcr Vaper bei vapingnet.de, \u25ba Gro\u00dfe Auswahl an Geschmacksrichtungen &amp; super g\u00fcnstig!\" \/>\n<meta property=\"og:url\" content=\"https:\/\/vapingnet.de\/pl\/vape\/bang-tornado-40000-puffs-blueberry-grapes-langanhaltender-fruchtgenuss-fuer-vaper\/\" \/>\n<meta property=\"og:site_name\" content=\"Vapingnet.de\" \/>\n<meta property=\"article:publisher\" content=\"https:\/\/www.facebook.com\/vapingnetde\/\" \/>\n<meta property=\"article:modified_time\" content=\"2026-01-24T07:13:53+00:00\" \/>\n<meta property=\"og:image\" content=\"https:\/\/vapingnet.de\/wp-content\/uploads\/2025\/03\/bang-40k-puffs-blueberry-grapes.png\" \/>\n\t<meta property=\"og:image:width\" content=\"1000\" \/>\n\t<meta property=\"og:image:height\" content=\"1000\" \/>\n\t<meta property=\"og:image:type\" content=\"image\/png\" \/>\n<meta name=\"twitter:card\" content=\"summary_large_image\" \/>\n<meta name=\"twitter:label1\" content=\"Est. reading time\" \/>\n\t<meta name=\"twitter:data1\" content=\"2 minutes\" \/>\n<script type=\"application\/ld+json\" class=\"yoast-schema-graph\">{\"@context\":\"https:\/\/schema.org\",\"@graph\":[{\"@type\":\"WebPage\",\"@id\":\"https:\/\/vapingnet.de\/vape\/bang-tornado-40000-puffs-blueberry-grapes-langanhaltender-fruchtgenuss-fuer-vaper\/\",\"url\":\"https:\/\/vapingnet.de\/vape\/bang-tornado-40000-puffs-blueberry-grapes-langanhaltender-fruchtgenuss-fuer-vaper\/\",\"name\":\"Bang Tornado 40000 Puffs Blueberry Grapes Langanhaltender Fruchtgenuss f\u00fcr Vaper | Vapingnet.de\",\"isPartOf\":{\"@id\":\"https:\/\/vapingnet.de\/#website\"},\"primaryImageOfPage\":{\"@id\":\"https:\/\/vapingnet.de\/vape\/bang-tornado-40000-puffs-blueberry-grapes-langanhaltender-fruchtgenuss-fuer-vaper\/#primaryimage\"},\"image\":{\"@id\":\"https:\/\/vapingnet.de\/vape\/bang-tornado-40000-puffs-blueberry-grapes-langanhaltender-fruchtgenuss-fuer-vaper\/#primaryimage\"},\"thumbnailUrl\":\"https:\/\/vapingnet.de\/wp-content\/uploads\/2025\/03\/bang-40k-puffs-blueberry-grapes.png\",\"datePublished\":\"2025-12-12T02:27:13+00:00\",\"dateModified\":\"2026-01-24T07:13:53+00:00\",\"description\":\"Entdecke Bang Tornado 40000 Puffs Blueberry Grapes Langanhaltender Fruchtgenuss f\u00fcr Vaper bei vapingnet.de, \u25ba Gro\u00dfe Auswahl an Geschmacksrichtungen & super g\u00fcnstig!\",\"breadcrumb\":{\"@id\":\"https:\/\/vapingnet.de\/vape\/bang-tornado-40000-puffs-blueberry-grapes-langanhaltender-fruchtgenuss-fuer-vaper\/#breadcrumb\"},\"inLanguage\":\"pl-PL\",\"potentialAction\":[{\"@type\":\"ReadAction\",\"target\":[\"https:\/\/vapingnet.de\/vape\/bang-tornado-40000-puffs-blueberry-grapes-langanhaltender-fruchtgenuss-fuer-vaper\/\"]}]},{\"@type\":\"ImageObject\",\"inLanguage\":\"pl-PL\",\"@id\":\"https:\/\/vapingnet.de\/vape\/bang-tornado-40000-puffs-blueberry-grapes-langanhaltender-fruchtgenuss-fuer-vaper\/#primaryimage\",\"url\":\"https:\/\/vapingnet.de\/wp-content\/uploads\/2025\/03\/bang-40k-puffs-blueberry-grapes.png\",\"contentUrl\":\"https:\/\/vapingnet.de\/wp-content\/uploads\/2025\/03\/bang-40k-puffs-blueberry-grapes.png\",\"width\":1000,\"height\":1000,\"caption\":\"bang 40k puffs-blueberry-grapes\"},{\"@type\":\"BreadcrumbList\",\"@id\":\"https:\/\/vapingnet.de\/vape\/bang-tornado-40000-puffs-blueberry-grapes-langanhaltender-fruchtgenuss-fuer-vaper\/#breadcrumb\",\"itemListElement\":[{\"@type\":\"ListItem\",\"position\":1,\"name\":\"Home\",\"item\":\"https:\/\/vapingnet.de\/\"},{\"@type\":\"ListItem\",\"position\":2,\"name\":\"Shop\",\"item\":\"https:\/\/vapingnet.de\/vape\/\"},{\"@type\":\"ListItem\",\"position\":3,\"name\":\"Bang Tornado 40000 Puffs Blueberry Grapes Langanhaltender Fruchtgenuss f\u00fcr Vaper\"}]},{\"@type\":\"WebSite\",\"@id\":\"https:\/\/vapingnet.de\/#website\",\"url\":\"https:\/\/vapingnet.de\/\",\"name\":\"Vapingnet.de\",\"description\":\"\",\"publisher\":{\"@id\":\"https:\/\/vapingnet.de\/#organization\"},\"potentialAction\":[{\"@type\":\"SearchAction\",\"target\":{\"@type\":\"EntryPoint\",\"urlTemplate\":\"https:\/\/vapingnet.de\/?s={search_term_string}\"},\"query-input\":{\"@type\":\"PropertyValueSpecification\",\"valueRequired\":true,\"valueName\":\"search_term_string\"}}],\"inLanguage\":\"pl-PL\"},{\"@type\":\"Organization\",\"@id\":\"https:\/\/vapingnet.de\/#organization\",\"name\":\"Vapingnet.de\",\"url\":\"https:\/\/vapingnet.de\/\",\"logo\":{\"@type\":\"ImageObject\",\"inLanguage\":\"pl-PL\",\"@id\":\"https:\/\/vapingnet.de\/#\/schema\/logo\/image\/\",\"url\":\"https:\/\/vapingnet.de\/wp-content\/uploads\/2025\/03\/cropped-vapingnet.de_.jpg\",\"contentUrl\":\"https:\/\/vapingnet.de\/wp-content\/uploads\/2025\/03\/cropped-vapingnet.de_.jpg\",\"width\":512,\"height\":512,\"caption\":\"Vapingnet.de\"},\"image\":{\"@id\":\"https:\/\/vapingnet.de\/#\/schema\/logo\/image\/\"},\"sameAs\":[\"https:\/\/www.facebook.com\/vapingnetde\/\"]}]}<\/script>\n<!-- \/ Yoast SEO plugin. -->","yoast_head_json":{"title":"Bang Tornado 40000 Puffs Blueberry Grapes Langanhaltender Fruchtgenuss f\u00fcr Vaper | Vapingnet.de","description":"Entdecke Bang Tornado 40000 Puffs Blueberry Grapes Langanhaltender Fruchtgenuss f\u00fcr Vaper bei vapingnet.de, \u25ba Gro\u00dfe Auswahl an Geschmacksrichtungen & super g\u00fcnstig!","robots":{"index":"index","follow":"follow","max-snippet":"max-snippet:-1","max-image-preview":"max-image-preview:large","max-video-preview":"max-video-preview:-1"},"canonical":"https:\/\/vapingnet.de\/pl\/vape\/bang-tornado-40000-puffs-blueberry-grapes-langanhaltender-fruchtgenuss-fuer-vaper\/","og_locale":"pl_PL","og_type":"article","og_title":"Bang Tornado 40000 Puffs Blueberry Grapes Langanhaltender Fruchtgenuss f\u00fcr Vaper | Vapingnet.de","og_description":"Entdecke Bang Tornado 40000 Puffs Blueberry Grapes Langanhaltender Fruchtgenuss f\u00fcr Vaper bei vapingnet.de, \u25ba Gro\u00dfe Auswahl an Geschmacksrichtungen & super g\u00fcnstig!","og_url":"https:\/\/vapingnet.de\/pl\/vape\/bang-tornado-40000-puffs-blueberry-grapes-langanhaltender-fruchtgenuss-fuer-vaper\/","og_site_name":"Vapingnet.de","article_publisher":"https:\/\/www.facebook.com\/vapingnetde\/","article_modified_time":"2026-01-24T07:13:53+00:00","og_image":[{"width":1000,"height":1000,"url":"https:\/\/vapingnet.de\/wp-content\/uploads\/2025\/03\/bang-40k-puffs-blueberry-grapes.png","type":"image\/png"}],"twitter_card":"summary_large_image","twitter_misc":{"Est. reading time":"2 minutes"},"schema":{"@context":"https:\/\/schema.org","@graph":[{"@type":"WebPage","@id":"https:\/\/vapingnet.de\/vape\/bang-tornado-40000-puffs-blueberry-grapes-langanhaltender-fruchtgenuss-fuer-vaper\/","url":"https:\/\/vapingnet.de\/vape\/bang-tornado-40000-puffs-blueberry-grapes-langanhaltender-fruchtgenuss-fuer-vaper\/","name":"Bang Tornado 40000 Puffs Blueberry Grapes Langanhaltender Fruchtgenuss f\u00fcr Vaper | Vapingnet.de","isPartOf":{"@id":"https:\/\/vapingnet.de\/#website"},"primaryImageOfPage":{"@id":"https:\/\/vapingnet.de\/vape\/bang-tornado-40000-puffs-blueberry-grapes-langanhaltender-fruchtgenuss-fuer-vaper\/#primaryimage"},"image":{"@id":"https:\/\/vapingnet.de\/vape\/bang-tornado-40000-puffs-blueberry-grapes-langanhaltender-fruchtgenuss-fuer-vaper\/#primaryimage"},"thumbnailUrl":"https:\/\/vapingnet.de\/wp-content\/uploads\/2025\/03\/bang-40k-puffs-blueberry-grapes.png","datePublished":"2025-12-12T02:27:13+00:00","dateModified":"2026-01-24T07:13:53+00:00","description":"Entdecke Bang Tornado 40000 Puffs Blueberry Grapes Langanhaltender Fruchtgenuss f\u00fcr Vaper bei vapingnet.de, \u25ba Gro\u00dfe Auswahl an Geschmacksrichtungen & super g\u00fcnstig!","breadcrumb":{"@id":"https:\/\/vapingnet.de\/vape\/bang-tornado-40000-puffs-blueberry-grapes-langanhaltender-fruchtgenuss-fuer-vaper\/#breadcrumb"},"inLanguage":"pl-PL","potentialAction":[{"@type":"ReadAction","target":["https:\/\/vapingnet.de\/vape\/bang-tornado-40000-puffs-blueberry-grapes-langanhaltender-fruchtgenuss-fuer-vaper\/"]}]},{"@type":"ImageObject","inLanguage":"pl-PL","@id":"https:\/\/vapingnet.de\/vape\/bang-tornado-40000-puffs-blueberry-grapes-langanhaltender-fruchtgenuss-fuer-vaper\/#primaryimage","url":"https:\/\/vapingnet.de\/wp-content\/uploads\/2025\/03\/bang-40k-puffs-blueberry-grapes.png","contentUrl":"https:\/\/vapingnet.de\/wp-content\/uploads\/2025\/03\/bang-40k-puffs-blueberry-grapes.png","width":1000,"height":1000,"caption":"bang 40k puffs-blueberry-grapes"},{"@type":"BreadcrumbList","@id":"https:\/\/vapingnet.de\/vape\/bang-tornado-40000-puffs-blueberry-grapes-langanhaltender-fruchtgenuss-fuer-vaper\/#breadcrumb","itemListElement":[{"@type":"ListItem","position":1,"name":"Home","item":"https:\/\/vapingnet.de\/"},{"@type":"ListItem","position":2,"name":"Shop","item":"https:\/\/vapingnet.de\/vape\/"},{"@type":"ListItem","position":3,"name":"Bang Tornado 40000 Puffs Blueberry Grapes Langanhaltender Fruchtgenuss f\u00fcr Vaper"}]},{"@type":"WebSite","@id":"https:\/\/vapingnet.de\/#website","url":"https:\/\/vapingnet.de\/","name":"Vapingnet.de","description":"","publisher":{"@id":"https:\/\/vapingnet.de\/#organization"},"potentialAction":[{"@type":"SearchAction","target":{"@type":"EntryPoint","urlTemplate":"https:\/\/vapingnet.de\/?s={search_term_string}"},"query-input":{"@type":"PropertyValueSpecification","valueRequired":true,"valueName":"search_term_string"}}],"inLanguage":"pl-PL"},{"@type":"Organization","@id":"https:\/\/vapingnet.de\/#organization","name":"Vapingnet.de","url":"https:\/\/vapingnet.de\/","logo":{"@type":"ImageObject","inLanguage":"pl-PL","@id":"https:\/\/vapingnet.de\/#\/schema\/logo\/image\/","url":"https:\/\/vapingnet.de\/wp-content\/uploads\/2025\/03\/cropped-vapingnet.de_.jpg","contentUrl":"https:\/\/vapingnet.de\/wp-content\/uploads\/2025\/03\/cropped-vapingnet.de_.jpg","width":512,"height":512,"caption":"Vapingnet.de"},"image":{"@id":"https:\/\/vapingnet.de\/#\/schema\/logo\/image\/"},"sameAs":["https:\/\/www.facebook.com\/vapingnetde\/"]}]}},"tiered_pricing_type":"fixed","tiered_pricing_fixed_rules":{"10":"12.91","60":"11.62","110":"10.33","200":"9.04"},"tiered_pricing_product_settings":{"layout":"default","base_unit_name":{"singular":null,"plural":null},"default_variation":null},"tiered_pricing_minimum_quantity":null,"tiered_pricing_roles_data":[],"tiered_pricing_percentage_rules":[],"_links":{"self":[{"href":"https:\/\/vapingnet.de\/pl\/wp-json\/wp\/v2\/product\/5572","targetHints":{"allow":["GET"]}}],"collection":[{"href":"https:\/\/vapingnet.de\/pl\/wp-json\/wp\/v2\/product"}],"about":[{"href":"https:\/\/vapingnet.de\/pl\/wp-json\/wp\/v2\/types\/product"}],"version-history":[{"count":6,"href":"https:\/\/vapingnet.de\/pl\/wp-json\/wp\/v2\/product\/5572\/revisions"}],"predecessor-version":[{"id":7496,"href":"https:\/\/vapingnet.de\/pl\/wp-json\/wp\/v2\/product\/5572\/revisions\/7496"}],"wp:featuredmedia":[{"embeddable":true,"href":"https:\/\/vapingnet.de\/pl\/wp-json\/wp\/v2\/media\/5350"}],"wp:attachment":[{"href":"https:\/\/vapingnet.de\/pl\/wp-json\/wp\/v2\/media?parent=5572"}],"wp:term":[{"taxonomy":"brand","embeddable":true,"href":"https:\/\/vapingnet.de\/pl\/wp-json\/wp\/v2\/etheme_brands?post=5572"},{"taxonomy":"product_brand","embeddable":true,"href":"https:\/\/vapingnet.de\/pl\/wp-json\/wp\/v2\/product_brand?post=5572"},{"taxonomy":"product_cat","embeddable":true,"href":"https:\/\/vapingnet.de\/pl\/wp-json\/wp\/v2\/product_cat?post=5572"},{"taxonomy":"product_tag","embeddable":true,"href":"https:\/\/vapingnet.de\/pl\/wp-json\/wp\/v2\/product_tag?post=5572"}],"curies":[{"name":"wp","href":"https:\/\/api.w.org\/{rel}","templated":true}]}}