{"id":5576,"date":"2025-12-13T02:43:41","date_gmt":"2025-12-13T02:43:41","guid":{"rendered":"https:\/\/vapingnet.de\/?post_type=product&#038;p=5576"},"modified":"2026-01-28T08:37:39","modified_gmt":"2026-01-28T08:37:39","slug":"bang-tornado-40000-puffs-double-apple-fuer-deinen-dampfspass","status":"publish","type":"product","link":"https:\/\/vapingnet.de\/pl\/vape\/bang-tornado-40000-puffs-double-apple-fuer-deinen-dampfspass\/","title":{"rendered":"Bang Tornado 40000 Puffs Double Apple dla Twojej przyjemno\u015bci z chmur\u0105"},"content":{"rendered":"<h2 data-path-to-node=\"6\">Bang Tornado 40.000 Puffs Jednorazowa E-papieros \u2013 Najlepsze Do\u015bwiadczenie Vapingowe<\/h2>\n<p data-path-to-node=\"7\">Szukasz e-papierosa, kt\u00f3ry \u0142\u0105czy trwa\u0142o\u015b\u0107, intensywny smak i innowacje techniczne? Bang Tornado 40.000 Puffs wyznacza nowe standardy na rynku <a href=\"https:\/\/vapingnet.de\/pl\/k\/einweg-e-zigarette\/\" target=\"_blank\" rel=\"noopener\"><strong>Jednorazowe e-papierosy<\/strong><\/a>. Z ekstremaln\u0105 pojemno\u015bci\u0105, regulowan\u0105 moc\u0105 i charakterystycznym designem, to urz\u0105dzenie jest pierwszym wyborem dla vapor\u00f3w, kt\u00f3rzy nie chc\u0105 i\u015b\u0107 na kompromisy.<\/p>\n<h2 data-path-to-node=\"8\">Dlaczego warto kupi\u0107 Bang Tornado 40.000?<\/h2>\n<p data-path-to-node=\"9\">Bang Tornado zosta\u0142o zaprojektowane, aby rozwi\u0105za\u0107 najcz\u0119stszy problem vapor\u00f3w: ci\u0105g\u0142\u0105 konieczno\u015b\u0107 wymiany lub uzupe\u0142niania urz\u0105dzenia. Ten model oferuje niezr\u00f3wnan\u0105 kombinacj\u0119 wytrzyma\u0142o\u015bci i komfortu.<\/p>\n<h3 data-path-to-node=\"10\">40.000 zaci\u0105gni\u0119\u0107 dla maksymalnej trwa\u0142o\u015bci u\u017cytkowania<\/h3>\n<p data-path-to-node=\"11\">Z do 40.000 puffs, to urz\u0105dzenie oferuje jedne z najd\u0142u\u017cszych czas\u00f3w pracy w swojej klasie.<\/p>\n<ul data-path-to-node=\"12\">\n<li>\n<p data-path-to-node=\"12,0,0\">Rzadziej wymieniaj: ciesz si\u0119 swoim vapingiem przez d\u0142ugi czas, nie martwi\u0105c si\u0119 o konieczno\u015b\u0107 wymiany urz\u0105dze\u0144.<\/p>\n<\/li>\n<li>\n<p data-path-to-node=\"12,1,0\">Niezawodno\u015b\u0107: idealne do codziennego u\u017cytku lub d\u0142ugich podr\u00f3\u017cy, podczas kt\u00f3rych musisz polega\u0107 na swoim urz\u0105dzeniu.<\/p>\n<\/li>\n<\/ul>\n<h3 data-path-to-node=\"13\">Ogromny zbiornik na e-liquid 40ml<\/h3>\n<p data-path-to-node=\"14\">Bang Tornado posiada imponuj\u0105cy zbiornik na e-liquid o pojemno\u015bci 40ml. W por\u00f3wnaniu do tradycyjnych modeli, nie musisz si\u0119 martwi\u0107 o cz\u0119ste uzupe\u0142nianie. Du\u017ca pojemno\u015b\u0107 gwarantuje sta\u0142y smak od pierwszego do ostatniego zaci\u0105gni\u0119cia i zapewnia nieprzerwane do\u015bwiadczenie.<\/p>\n<h3 data-path-to-node=\"15\">Technologia tr\u00f3jw\u0142\u00f3knowego cewki dla intensywnego smaku<\/h3>\n<p data-path-to-node=\"16\">Serce Bang Tornado stanowi innowacyjny system tr\u00f3jw\u0142\u00f3knowych cewek. Ta zaawansowana technologia zapewnia wi\u0119ksz\u0105 powierzchni\u0119 grzewcz\u0105 i tym samym:<\/p>\n<ul data-path-to-node=\"17\">\n<li>\n<p data-path-to-node=\"17,0,0\">G\u0119stsze wytwarzanie pary: do\u015bwiadcz pe\u0142nych, g\u0119stych chmur przy ka\u017cdym zaci\u0105gni\u0119ciu.<\/p>\n<\/li>\n<li>\n<p data-path-to-node=\"17,1,0\">Czysty aromat: Liquid jest efektywnie odparowywany, co sprawia, \u017ce smaki <i data-path-to-node=\"17,1,0\" data-index-in-node=\"84\">Podw\u00f3jne Jab\u0142ko<\/i> s\u0105 szczeg\u00f3lnie intensywne i autentyczne w wyrazie.<\/p>\n<\/li>\n<\/ul>\n<h3 data-path-to-node=\"18\">Indywidualne dostosowanie i mocna wydajno\u015b\u0107<\/h3>\n<p data-path-to-node=\"19\">Ka\u017cdy vapor ma swoje w\u0142asne preferencje. Dzi\u0119ki regulowanej mocy mo\u017cesz dok\u0142adnie sterowa\u0107 intensywno\u015bci\u0105 pary i oporem zaci\u0105gni\u0119cia. Wspiera to wydajny akumulator 850mAh, kt\u00f3ry zapewnia, \u017ce nie zabraknie Ci energii w podr\u00f3\u017cy.<\/p>\n<h3 data-path-to-node=\"20\">Ekskluzywny design<\/h3>\n<p data-path-to-node=\"21\">Kreatywny design w formie mini-olejowej beczki czyni Bang Tornado wizualnym hitem. Jest nie tylko technicznie zaawansowany, ale tak\u017ce stylowym dodatkiem, kt\u00f3ry robi wra\u017cenie.<\/p>\n<h2 data-path-to-node=\"27\">Teraz zam\u00f3w Bang Tornado 40.000 online<\/h2>\n<p data-path-to-node=\"28\">Je\u015bli zale\u017cy Ci na jako\u015bci, ekstremalnie d\u0142ugiej \u017cywotno\u015bci i najwy\u017cszej jako\u015bci smaku, Bang Tornado 40.000 puffs to idealny wyb\u00f3r dla Ciebie. Do\u015bwiadcz kolejnej generacji vapingu.<\/p>\n<p data-path-to-node=\"29\">Odwied\u017a ju\u017c dzi\u015b <a href=\"https:\/\/vapingnet.de\/pl\/\" target=\"_blank\" rel=\"noopener\"><strong>vapingnet.de<\/strong><\/a> i zabezpiecz to innowacyjne urz\u0105dzenie, aby cieszy\u0107 si\u0119 niezr\u00f3wnanym doznaniem smakowym.<\/p>","protected":false},"excerpt":{"rendered":"<p>Bang Tornado 40 000 Puffs jednorazowa e-papierosa \u2013 Najwy\u017csze do\u015bwiadczenie vaping Szukasz e-papierosy, kt\u00f3ra \u0142\u0105czy trwa\u0142o\u015b\u0107, intensywny smak i innowacje techniczne? Bang...<\/p>","protected":false},"featured_media":5352,"template":"","meta":[],"etheme_brands":[],"product_brand":[101],"product_cat":[65,49,61],"product_tag":[],"class_list":{"0":"post-5576","1":"product","2":"type-product","3":"status-publish","4":"has-post-thumbnail","6":"product_brand-bang-king-vape","7":"product_cat-vape-40000-zuege","8":"product_cat-einweg-e-zigarette","9":"product_cat-f","11":"first","12":"instock","13":"shipping-taxable","14":"purchasable","15":"product-type-simple"},"yoast_head":"<!-- This site is optimized with the Yoast SEO plugin v26.5 - https:\/\/yoast.com\/wordpress\/plugins\/seo\/ -->\n<title>Bang Tornado 40000 Puffs Double Apple f\u00fcr deinen Dampfspa\u00df | Vapingnet.de<\/title>\n<meta name=\"description\" content=\"Entdecke Bang Tornado 40000 Puffs Double Apple f\u00fcr deinen Dampfspa\u00df bei vapingnet.de, \u25ba Gro\u00dfe Auswahl an Geschmacksrichtungen &amp; super g\u00fcnstig!\" \/>\n<meta name=\"robots\" content=\"index, follow, max-snippet:-1, max-image-preview:large, max-video-preview:-1\" \/>\n<link rel=\"canonical\" href=\"https:\/\/vapingnet.de\/pl\/vape\/bang-tornado-40000-puffs-double-apple-fuer-deinen-dampfspass\/\" \/>\n<meta property=\"og:locale\" content=\"pl_PL\" \/>\n<meta property=\"og:type\" content=\"article\" \/>\n<meta property=\"og:title\" content=\"Bang Tornado 40000 Puffs Double Apple f\u00fcr deinen Dampfspa\u00df | Vapingnet.de\" \/>\n<meta property=\"og:description\" content=\"Entdecke Bang Tornado 40000 Puffs Double Apple f\u00fcr deinen Dampfspa\u00df bei vapingnet.de, \u25ba Gro\u00dfe Auswahl an Geschmacksrichtungen &amp; super g\u00fcnstig!\" \/>\n<meta property=\"og:url\" content=\"https:\/\/vapingnet.de\/pl\/vape\/bang-tornado-40000-puffs-double-apple-fuer-deinen-dampfspass\/\" \/>\n<meta property=\"og:site_name\" content=\"Vapingnet.de\" \/>\n<meta property=\"article:publisher\" content=\"https:\/\/www.facebook.com\/vapingnetde\/\" \/>\n<meta property=\"article:modified_time\" content=\"2026-01-28T08:37:39+00:00\" \/>\n<meta property=\"og:image\" content=\"https:\/\/vapingnet.de\/wp-content\/uploads\/2025\/03\/bang-40k-puffs-double-apple.png\" \/>\n\t<meta property=\"og:image:width\" content=\"1000\" \/>\n\t<meta property=\"og:image:height\" content=\"1000\" \/>\n\t<meta property=\"og:image:type\" content=\"image\/png\" \/>\n<meta name=\"twitter:card\" content=\"summary_large_image\" \/>\n<meta name=\"twitter:label1\" content=\"Est. reading time\" \/>\n\t<meta name=\"twitter:data1\" content=\"3 minutes\" \/>\n<script type=\"application\/ld+json\" class=\"yoast-schema-graph\">{\"@context\":\"https:\/\/schema.org\",\"@graph\":[{\"@type\":\"WebPage\",\"@id\":\"https:\/\/vapingnet.de\/vape\/bang-tornado-40000-puffs-double-apple-fuer-deinen-dampfspass\/\",\"url\":\"https:\/\/vapingnet.de\/vape\/bang-tornado-40000-puffs-double-apple-fuer-deinen-dampfspass\/\",\"name\":\"Bang Tornado 40000 Puffs Double Apple f\u00fcr deinen Dampfspa\u00df | Vapingnet.de\",\"isPartOf\":{\"@id\":\"https:\/\/vapingnet.de\/#website\"},\"primaryImageOfPage\":{\"@id\":\"https:\/\/vapingnet.de\/vape\/bang-tornado-40000-puffs-double-apple-fuer-deinen-dampfspass\/#primaryimage\"},\"image\":{\"@id\":\"https:\/\/vapingnet.de\/vape\/bang-tornado-40000-puffs-double-apple-fuer-deinen-dampfspass\/#primaryimage\"},\"thumbnailUrl\":\"https:\/\/vapingnet.de\/wp-content\/uploads\/2025\/03\/bang-40k-puffs-double-apple.png\",\"datePublished\":\"2025-12-13T02:43:41+00:00\",\"dateModified\":\"2026-01-28T08:37:39+00:00\",\"description\":\"Entdecke Bang Tornado 40000 Puffs Double Apple f\u00fcr deinen Dampfspa\u00df bei vapingnet.de, \u25ba Gro\u00dfe Auswahl an Geschmacksrichtungen & super g\u00fcnstig!\",\"breadcrumb\":{\"@id\":\"https:\/\/vapingnet.de\/vape\/bang-tornado-40000-puffs-double-apple-fuer-deinen-dampfspass\/#breadcrumb\"},\"inLanguage\":\"pl-PL\",\"potentialAction\":[{\"@type\":\"ReadAction\",\"target\":[\"https:\/\/vapingnet.de\/vape\/bang-tornado-40000-puffs-double-apple-fuer-deinen-dampfspass\/\"]}]},{\"@type\":\"ImageObject\",\"inLanguage\":\"pl-PL\",\"@id\":\"https:\/\/vapingnet.de\/vape\/bang-tornado-40000-puffs-double-apple-fuer-deinen-dampfspass\/#primaryimage\",\"url\":\"https:\/\/vapingnet.de\/wp-content\/uploads\/2025\/03\/bang-40k-puffs-double-apple.png\",\"contentUrl\":\"https:\/\/vapingnet.de\/wp-content\/uploads\/2025\/03\/bang-40k-puffs-double-apple.png\",\"width\":1000,\"height\":1000,\"caption\":\"bang 40k puffs-double-apple\"},{\"@type\":\"BreadcrumbList\",\"@id\":\"https:\/\/vapingnet.de\/vape\/bang-tornado-40000-puffs-double-apple-fuer-deinen-dampfspass\/#breadcrumb\",\"itemListElement\":[{\"@type\":\"ListItem\",\"position\":1,\"name\":\"Home\",\"item\":\"https:\/\/vapingnet.de\/\"},{\"@type\":\"ListItem\",\"position\":2,\"name\":\"Shop\",\"item\":\"https:\/\/vapingnet.de\/vape\/\"},{\"@type\":\"ListItem\",\"position\":3,\"name\":\"Bang Tornado 40000 Puffs Double Apple f\u00fcr deinen Dampfspa\u00df\"}]},{\"@type\":\"WebSite\",\"@id\":\"https:\/\/vapingnet.de\/#website\",\"url\":\"https:\/\/vapingnet.de\/\",\"name\":\"Vapingnet.de\",\"description\":\"\",\"publisher\":{\"@id\":\"https:\/\/vapingnet.de\/#organization\"},\"potentialAction\":[{\"@type\":\"SearchAction\",\"target\":{\"@type\":\"EntryPoint\",\"urlTemplate\":\"https:\/\/vapingnet.de\/?s={search_term_string}\"},\"query-input\":{\"@type\":\"PropertyValueSpecification\",\"valueRequired\":true,\"valueName\":\"search_term_string\"}}],\"inLanguage\":\"pl-PL\"},{\"@type\":\"Organization\",\"@id\":\"https:\/\/vapingnet.de\/#organization\",\"name\":\"Vapingnet.de\",\"url\":\"https:\/\/vapingnet.de\/\",\"logo\":{\"@type\":\"ImageObject\",\"inLanguage\":\"pl-PL\",\"@id\":\"https:\/\/vapingnet.de\/#\/schema\/logo\/image\/\",\"url\":\"https:\/\/vapingnet.de\/wp-content\/uploads\/2025\/03\/cropped-vapingnet.de_.jpg\",\"contentUrl\":\"https:\/\/vapingnet.de\/wp-content\/uploads\/2025\/03\/cropped-vapingnet.de_.jpg\",\"width\":512,\"height\":512,\"caption\":\"Vapingnet.de\"},\"image\":{\"@id\":\"https:\/\/vapingnet.de\/#\/schema\/logo\/image\/\"},\"sameAs\":[\"https:\/\/www.facebook.com\/vapingnetde\/\"]}]}<\/script>\n<!-- \/ Yoast SEO plugin. -->","yoast_head_json":{"title":"Bang Tornado 40000 Puffs Double Apple f\u00fcr deinen Dampfspa\u00df | Vapingnet.de","description":"Entdecke Bang Tornado 40000 Puffs Double Apple f\u00fcr deinen Dampfspa\u00df bei vapingnet.de, \u25ba Gro\u00dfe Auswahl an Geschmacksrichtungen & super g\u00fcnstig!","robots":{"index":"index","follow":"follow","max-snippet":"max-snippet:-1","max-image-preview":"max-image-preview:large","max-video-preview":"max-video-preview:-1"},"canonical":"https:\/\/vapingnet.de\/pl\/vape\/bang-tornado-40000-puffs-double-apple-fuer-deinen-dampfspass\/","og_locale":"pl_PL","og_type":"article","og_title":"Bang Tornado 40000 Puffs Double Apple f\u00fcr deinen Dampfspa\u00df | Vapingnet.de","og_description":"Entdecke Bang Tornado 40000 Puffs Double Apple f\u00fcr deinen Dampfspa\u00df bei vapingnet.de, \u25ba Gro\u00dfe Auswahl an Geschmacksrichtungen & super g\u00fcnstig!","og_url":"https:\/\/vapingnet.de\/pl\/vape\/bang-tornado-40000-puffs-double-apple-fuer-deinen-dampfspass\/","og_site_name":"Vapingnet.de","article_publisher":"https:\/\/www.facebook.com\/vapingnetde\/","article_modified_time":"2026-01-28T08:37:39+00:00","og_image":[{"width":1000,"height":1000,"url":"https:\/\/vapingnet.de\/wp-content\/uploads\/2025\/03\/bang-40k-puffs-double-apple.png","type":"image\/png"}],"twitter_card":"summary_large_image","twitter_misc":{"Est. reading time":"3 minutes"},"schema":{"@context":"https:\/\/schema.org","@graph":[{"@type":"WebPage","@id":"https:\/\/vapingnet.de\/vape\/bang-tornado-40000-puffs-double-apple-fuer-deinen-dampfspass\/","url":"https:\/\/vapingnet.de\/vape\/bang-tornado-40000-puffs-double-apple-fuer-deinen-dampfspass\/","name":"Bang Tornado 40000 Puffs Double Apple f\u00fcr deinen Dampfspa\u00df | Vapingnet.de","isPartOf":{"@id":"https:\/\/vapingnet.de\/#website"},"primaryImageOfPage":{"@id":"https:\/\/vapingnet.de\/vape\/bang-tornado-40000-puffs-double-apple-fuer-deinen-dampfspass\/#primaryimage"},"image":{"@id":"https:\/\/vapingnet.de\/vape\/bang-tornado-40000-puffs-double-apple-fuer-deinen-dampfspass\/#primaryimage"},"thumbnailUrl":"https:\/\/vapingnet.de\/wp-content\/uploads\/2025\/03\/bang-40k-puffs-double-apple.png","datePublished":"2025-12-13T02:43:41+00:00","dateModified":"2026-01-28T08:37:39+00:00","description":"Entdecke Bang Tornado 40000 Puffs Double Apple f\u00fcr deinen Dampfspa\u00df bei vapingnet.de, \u25ba Gro\u00dfe Auswahl an Geschmacksrichtungen & super g\u00fcnstig!","breadcrumb":{"@id":"https:\/\/vapingnet.de\/vape\/bang-tornado-40000-puffs-double-apple-fuer-deinen-dampfspass\/#breadcrumb"},"inLanguage":"pl-PL","potentialAction":[{"@type":"ReadAction","target":["https:\/\/vapingnet.de\/vape\/bang-tornado-40000-puffs-double-apple-fuer-deinen-dampfspass\/"]}]},{"@type":"ImageObject","inLanguage":"pl-PL","@id":"https:\/\/vapingnet.de\/vape\/bang-tornado-40000-puffs-double-apple-fuer-deinen-dampfspass\/#primaryimage","url":"https:\/\/vapingnet.de\/wp-content\/uploads\/2025\/03\/bang-40k-puffs-double-apple.png","contentUrl":"https:\/\/vapingnet.de\/wp-content\/uploads\/2025\/03\/bang-40k-puffs-double-apple.png","width":1000,"height":1000,"caption":"bang 40k puffs-double-apple"},{"@type":"BreadcrumbList","@id":"https:\/\/vapingnet.de\/vape\/bang-tornado-40000-puffs-double-apple-fuer-deinen-dampfspass\/#breadcrumb","itemListElement":[{"@type":"ListItem","position":1,"name":"Home","item":"https:\/\/vapingnet.de\/"},{"@type":"ListItem","position":2,"name":"Shop","item":"https:\/\/vapingnet.de\/vape\/"},{"@type":"ListItem","position":3,"name":"Bang Tornado 40000 Puffs Double Apple f\u00fcr deinen Dampfspa\u00df"}]},{"@type":"WebSite","@id":"https:\/\/vapingnet.de\/#website","url":"https:\/\/vapingnet.de\/","name":"Vapingnet.de","description":"","publisher":{"@id":"https:\/\/vapingnet.de\/#organization"},"potentialAction":[{"@type":"SearchAction","target":{"@type":"EntryPoint","urlTemplate":"https:\/\/vapingnet.de\/?s={search_term_string}"},"query-input":{"@type":"PropertyValueSpecification","valueRequired":true,"valueName":"search_term_string"}}],"inLanguage":"pl-PL"},{"@type":"Organization","@id":"https:\/\/vapingnet.de\/#organization","name":"Vapingnet.de","url":"https:\/\/vapingnet.de\/","logo":{"@type":"ImageObject","inLanguage":"pl-PL","@id":"https:\/\/vapingnet.de\/#\/schema\/logo\/image\/","url":"https:\/\/vapingnet.de\/wp-content\/uploads\/2025\/03\/cropped-vapingnet.de_.jpg","contentUrl":"https:\/\/vapingnet.de\/wp-content\/uploads\/2025\/03\/cropped-vapingnet.de_.jpg","width":512,"height":512,"caption":"Vapingnet.de"},"image":{"@id":"https:\/\/vapingnet.de\/#\/schema\/logo\/image\/"},"sameAs":["https:\/\/www.facebook.com\/vapingnetde\/"]}]}},"tiered_pricing_type":"fixed","tiered_pricing_fixed_rules":{"10":"12.91","60":"11.62","110":"10.33","200":"9.04"},"tiered_pricing_product_settings":{"layout":"default","base_unit_name":{"singular":null,"plural":null},"default_variation":null},"tiered_pricing_minimum_quantity":null,"tiered_pricing_roles_data":[],"tiered_pricing_percentage_rules":[],"_links":{"self":[{"href":"https:\/\/vapingnet.de\/pl\/wp-json\/wp\/v2\/product\/5576","targetHints":{"allow":["GET"]}}],"collection":[{"href":"https:\/\/vapingnet.de\/pl\/wp-json\/wp\/v2\/product"}],"about":[{"href":"https:\/\/vapingnet.de\/pl\/wp-json\/wp\/v2\/types\/product"}],"version-history":[{"count":6,"href":"https:\/\/vapingnet.de\/pl\/wp-json\/wp\/v2\/product\/5576\/revisions"}],"predecessor-version":[{"id":7474,"href":"https:\/\/vapingnet.de\/pl\/wp-json\/wp\/v2\/product\/5576\/revisions\/7474"}],"wp:featuredmedia":[{"embeddable":true,"href":"https:\/\/vapingnet.de\/pl\/wp-json\/wp\/v2\/media\/5352"}],"wp:attachment":[{"href":"https:\/\/vapingnet.de\/pl\/wp-json\/wp\/v2\/media?parent=5576"}],"wp:term":[{"taxonomy":"brand","embeddable":true,"href":"https:\/\/vapingnet.de\/pl\/wp-json\/wp\/v2\/etheme_brands?post=5576"},{"taxonomy":"product_brand","embeddable":true,"href":"https:\/\/vapingnet.de\/pl\/wp-json\/wp\/v2\/product_brand?post=5576"},{"taxonomy":"product_cat","embeddable":true,"href":"https:\/\/vapingnet.de\/pl\/wp-json\/wp\/v2\/product_cat?post=5576"},{"taxonomy":"product_tag","embeddable":true,"href":"https:\/\/vapingnet.de\/pl\/wp-json\/wp\/v2\/product_tag?post=5576"}],"curies":[{"name":"wp","href":"https:\/\/api.w.org\/{rel}","templated":true}]}}