{"id":5582,"date":"2025-03-18T03:05:19","date_gmt":"2025-03-18T03:05:19","guid":{"rendered":"https:\/\/vapingnet.de\/?post_type=product&#038;p=5582"},"modified":"2026-01-23T07:25:04","modified_gmt":"2026-01-23T07:25:04","slug":"geniesse-die-fruchtige-erfrischung-bang-tornado-40000-puffs-strawberry-watermelon","status":"publish","type":"product","link":"https:\/\/vapingnet.de\/pl\/vape\/geniesse-die-fruchtige-erfrischung-bang-tornado-40000-puffs-strawberry-watermelon\/","title":{"rendered":"Ciesz si\u0119 owocowym orze\u017awieniem Bang Tornado 40000 Puffs Strawberry Watermelon"},"content":{"rendered":"<h2 data-path-to-node=\"5\">Bang Tornado 40 000 Puffs: Techniczne arcydzie\u0142o dla maksymalnej autonomii<\/h2>\n<p data-path-to-node=\"6\">Kto \u015bledzi rozw\u00f3j na rynku vapingu, szybko zauwa\u017ca: wymagania dotycz\u0105ce wytrzyma\u0142o\u015bci i stabilno\u015bci smaku gwa\u0142townie rosn\u0105. Bang Tornado 40 000 to konsekwentna odpowied\u017a na ten trend. Odejd\u017a od kr\u00f3tkotrwa\u0142ych produkt\u00f3w jednorazowych, przejd\u017a do urz\u0105dzenia o wysokiej wydajno\u015bci, kt\u00f3re zaciera granice mi\u0119dzy systemami jednorazowymi a profesjonalnymi modami.<\/p>\n<ul>\n<li data-path-to-node=\"7\">Architektura trwa\u0142o\u015bci<br \/>\nCharakterystyczna obudowa w kszta\u0142cie mini beczki po oleju to znacznie wi\u0119cej ni\u017c tylko optyczny trik. S\u0142u\u017cy jako stabilna os\u0142ona dla serca urz\u0105dzenia: masywnego zbiornika na e-liquid o pojemno\u015bci 40 ml. Ta ogromna pojemno\u015b\u0107 pozwala na czas u\u017cytkowania, kt\u00f3ry by\u0142 dotychczas nie do pomy\u015blenia. W po\u0142\u0105czeniu z inteligentnym zarz\u0105dzaniem energi\u0105 i akumulatorem 850 mAh, Bang Tornado zapewnia, \u017ce wydajno\u015b\u0107 od pierwszego do ostatniego z <a href=\"https:\/\/vapingnet.de\/pl\/k\/vape-40000-zuege\/\" target=\"_blank\" rel=\"noopener\"><strong>40.000 zaci\u0105gni\u0119\u0107<\/strong><\/a> pozostaje absolutnie sta\u0142a. Spadek wydajno\u015bci przy spadaj\u0105cym poziomie nape\u0142nienia jest skutecznie zapobiegany przez zoptymalizowan\u0105 elektronik\u0119.<\/li>\n<li data-path-to-node=\"9\">Smak jako rzemios\u0142o: Zasada Triple-Mesh<br \/>\nNajwi\u0119ksz\u0105 innowacj\u0105 techniczn\u0105 jest bez w\u0105tpienia system trzech grza\u0142ek Mesh. Podczas gdy konwencjonalne grza\u0142ki cz\u0119sto osi\u0105gaj\u0105 swoje granice termiczne, architektura Triple-Mesh rozprowadza ciep\u0142o na znacznie wi\u0119kszej powierzchni. Liquid nie jest po prostu podgrzewany, ale rozpylany, co tworzy znacznie drobniejsz\u0105 struktur\u0119 cz\u0105steczek w parze. Rezultatem jest niezwykle czysty smak i g\u0119sto\u015b\u0107 chmur, kt\u00f3r\u0105 zwykle mo\u017cna spotka\u0107 tylko w znacznie wi\u0119kszych modelach.<\/li>\n<li data-path-to-node=\"11\">Indywidualizacja poprzez zmienn\u0105 kontrol\u0119 mocy<br \/>\nAspektem, kt\u00f3ry wyr\u00f3\u017cnia Bang Tornado z t\u0142umu, jest regulowany poziom mocy. Vaping to bardzo osobiste do\u015bwiadczenie \u2013 niekt\u00f3rzy wol\u0105 ch\u0142odny, subtelny wdech, inni szukaj\u0105 intensywnego uderzenia w gard\u0142o. Za pomoc\u0105 r\u0119cznego sterowania mo\u017cna precyzyjnie dostosowa\u0107 zachowanie pary. Rezystancja 1,2 oma oferuje idealn\u0105 podstaw\u0119 dla zr\u00f3wnowa\u017conego stosunku mi\u0119dzy rozwojem aromatu a efektywno\u015bci\u0105 energetyczn\u0105.<\/li>\n<li data-path-to-node=\"13\">Sensoryka Strawberry Watermelon<br \/>\nPrzy komponowaniu aromatu Strawberry Watermelon zwr\u00f3cono uwag\u0119 na zr\u00f3wnowa\u017cony stosunek mi\u0119dzy naturaln\u0105 s\u0142odycz\u0105 a orze\u017awiaj\u0105c\u0105 rze\u015bko\u015bci\u0105. Truskawka tworzy pe\u0142n\u0105 podstaw\u0119, kt\u00f3ra dzi\u0119ki technologii Triple-Mesh uzyskuje niemal kremow\u0105 tekstur\u0119. Arbuz dzia\u0142a jako dynamiczny kontrapunkt, kt\u00f3ry w finiszu zapewnia krystalicznie czyst\u0105 \u015bwie\u017co\u015b\u0107. Dzi\u0119ki hermetycznie zamkni\u0119tej komorze o pojemno\u015bci 40 ml aromaty te pozostaj\u0105 chronione przed utlenianiem przez ca\u0142y okres u\u017cytkowania urz\u0105dzenia.<\/li>\n<\/ul>\n<h3>Specyfikacje w skr\u00f3cie<\/h3>\n<ul data-path-to-node=\"17\">\n<li>\n<p data-path-to-node=\"17,0,0\">Pojemno\u015b\u0107 i wytrzyma\u0142o\u015b\u0107: 40 000 zaci\u0105gni\u0119\u0107 z systemu zbiornika o pojemno\u015bci 40 ml.<\/p>\n<\/li>\n<li>\n<p data-path-to-node=\"17,1,0\">System zasilania: Akumulator litowo-jonowy 850 mAh, \u0142adowalny dla pe\u0142nego wykorzystania liquidu.<\/p>\n<\/li>\n<li>\n<p data-path-to-node=\"17,2,0\">Jednostka parownika: Technologia Triple-Mesh 1,2 oma dla precyzji smaku.<\/p>\n<\/li>\n<li>\n<p data-path-to-node=\"17,3,0\">Mo\u017cliwo\u015b\u0107 dostosowania: R\u0119cznie regulowane ustawienia mocy dla indywidualnej przyjemno\u015bci z vapingu.<\/p>\n<\/li>\n<li>\n<p data-path-to-node=\"17,4,0\">Funkcje bezpiecze\u0144stwa: Wytrzyma\u0142a, odporna na wstrz\u0105sy obudowa w lekkiej konstrukcji o wadze 130 g.<\/p>\n<\/li>\n<li>\n<p data-path-to-node=\"17,5,0\">Wariancja nikotyny: Dost\u0119pna w stopniach od 0% do 5% dla maksymalnej kontroli.<\/p>\n<\/li>\n<\/ul>\n<h4 data-path-to-node=\"18\">Podsumowanie dla wymagaj\u0105cego vapera<\/h4>\n<p data-path-to-node=\"19\">Bang Tornado 40 000 Puffs to idealny wyb\u00f3r dla wszystkich, kt\u00f3rzy szukaj\u0105 wydajno\u015bci i technologicznej przewagi. Jest to urz\u0105dzenie dla u\u017cytkownik\u00f3w, kt\u00f3rzy nie chc\u0105 planowa\u0107 swojej codzienno\u015bci w zale\u017cno\u015bci od poziomu nape\u0142nienia e-papierosa, ale chc\u0105 polega\u0107 na niezawodnym produkcie z najwy\u017cszej p\u00f3\u0142ki.<\/p>\n<p data-path-to-node=\"20\">Odkryj now\u0105 er\u0119 technologii vapingowej na <a href=\"https:\/\/vapingnet.de\/pl\/\" target=\"_blank\" rel=\"noopener\"><strong>vapingnet.de<\/strong> <\/a>i do\u015bwiadcz pe\u0142nej intensywno\u015bci Bang Tornado 40.000.<\/p>","protected":false},"excerpt":{"rendered":"<p>Bang Tornado 40.000 Puffs: Ein technisches Meisterwerk f\u00fcr maximale Autonomie Wer die Entwicklung auf dem Vaping-Markt verfolgt, merkt schnell: Die Anspr\u00fcche an Ausdauer und Geschmacksstabilit\u00e4t&#8230;<\/p>","protected":false},"featured_media":5355,"template":"","meta":[],"etheme_brands":[],"product_brand":[101],"product_cat":[65,49,61],"product_tag":[],"class_list":{"0":"post-5582","1":"product","2":"type-product","3":"status-publish","4":"has-post-thumbnail","6":"product_brand-bang-king-vape","7":"product_cat-vape-40000-zuege","8":"product_cat-einweg-e-zigarette","9":"product_cat-f","11":"first","12":"instock","13":"shipping-taxable","14":"purchasable","15":"product-type-simple"},"yoast_head":"<!-- This site is optimized with the Yoast SEO plugin v26.5 - https:\/\/yoast.com\/wordpress\/plugins\/seo\/ -->\n<title>Bang Tornado 40.000 | Die Technik-Revolution im Vaping-Sektor<\/title>\n<meta name=\"description\" content=\"Erfahre, wie die Bang Tornado 40k mit 40ml Tank und Triple-Mesh-System den Markt f\u00fcr Einweg-Vapes ver\u00e4ndert. Maximale Autonomie trifft auf puren Geschmack.\" \/>\n<meta name=\"robots\" content=\"index, follow, max-snippet:-1, max-image-preview:large, max-video-preview:-1\" \/>\n<link rel=\"canonical\" href=\"https:\/\/vapingnet.de\/pl\/vape\/geniesse-die-fruchtige-erfrischung-bang-tornado-40000-puffs-strawberry-watermelon\/\" \/>\n<meta property=\"og:locale\" content=\"pl_PL\" \/>\n<meta property=\"og:type\" content=\"article\" \/>\n<meta property=\"og:title\" content=\"Bang Tornado 40.000 | Die Technik-Revolution im Vaping-Sektor\" \/>\n<meta property=\"og:description\" content=\"Erfahre, wie die Bang Tornado 40k mit 40ml Tank und Triple-Mesh-System den Markt f\u00fcr Einweg-Vapes ver\u00e4ndert. Maximale Autonomie trifft auf puren Geschmack.\" \/>\n<meta property=\"og:url\" content=\"https:\/\/vapingnet.de\/pl\/vape\/geniesse-die-fruchtige-erfrischung-bang-tornado-40000-puffs-strawberry-watermelon\/\" \/>\n<meta property=\"og:site_name\" content=\"Vapingnet.de\" \/>\n<meta property=\"article:publisher\" content=\"https:\/\/www.facebook.com\/vapingnetde\/\" \/>\n<meta property=\"article:modified_time\" content=\"2026-01-23T07:25:04+00:00\" \/>\n<meta property=\"og:image\" content=\"https:\/\/vapingnet.de\/wp-content\/uploads\/2025\/03\/bang-40k-puffs-strawberry-watermelon.png\" \/>\n\t<meta property=\"og:image:width\" content=\"1000\" \/>\n\t<meta property=\"og:image:height\" content=\"1000\" \/>\n\t<meta property=\"og:image:type\" content=\"image\/png\" \/>\n<meta name=\"twitter:card\" content=\"summary_large_image\" \/>\n<meta name=\"twitter:label1\" content=\"Est. reading time\" \/>\n\t<meta name=\"twitter:data1\" content=\"3 minutes\" \/>\n<script type=\"application\/ld+json\" class=\"yoast-schema-graph\">{\"@context\":\"https:\/\/schema.org\",\"@graph\":[{\"@type\":\"WebPage\",\"@id\":\"https:\/\/vapingnet.de\/vape\/geniesse-die-fruchtige-erfrischung-bang-tornado-40000-puffs-strawberry-watermelon\/\",\"url\":\"https:\/\/vapingnet.de\/vape\/geniesse-die-fruchtige-erfrischung-bang-tornado-40000-puffs-strawberry-watermelon\/\",\"name\":\"Bang Tornado 40.000 | Die Technik-Revolution im Vaping-Sektor\",\"isPartOf\":{\"@id\":\"https:\/\/vapingnet.de\/#website\"},\"primaryImageOfPage\":{\"@id\":\"https:\/\/vapingnet.de\/vape\/geniesse-die-fruchtige-erfrischung-bang-tornado-40000-puffs-strawberry-watermelon\/#primaryimage\"},\"image\":{\"@id\":\"https:\/\/vapingnet.de\/vape\/geniesse-die-fruchtige-erfrischung-bang-tornado-40000-puffs-strawberry-watermelon\/#primaryimage\"},\"thumbnailUrl\":\"https:\/\/vapingnet.de\/wp-content\/uploads\/2025\/03\/bang-40k-puffs-strawberry-watermelon.png\",\"datePublished\":\"2025-03-18T03:05:19+00:00\",\"dateModified\":\"2026-01-23T07:25:04+00:00\",\"description\":\"Erfahre, wie die Bang Tornado 40k mit 40ml Tank und Triple-Mesh-System den Markt f\u00fcr Einweg-Vapes ver\u00e4ndert. Maximale Autonomie trifft auf puren Geschmack.\",\"breadcrumb\":{\"@id\":\"https:\/\/vapingnet.de\/vape\/geniesse-die-fruchtige-erfrischung-bang-tornado-40000-puffs-strawberry-watermelon\/#breadcrumb\"},\"inLanguage\":\"pl-PL\",\"potentialAction\":[{\"@type\":\"ReadAction\",\"target\":[\"https:\/\/vapingnet.de\/vape\/geniesse-die-fruchtige-erfrischung-bang-tornado-40000-puffs-strawberry-watermelon\/\"]}]},{\"@type\":\"ImageObject\",\"inLanguage\":\"pl-PL\",\"@id\":\"https:\/\/vapingnet.de\/vape\/geniesse-die-fruchtige-erfrischung-bang-tornado-40000-puffs-strawberry-watermelon\/#primaryimage\",\"url\":\"https:\/\/vapingnet.de\/wp-content\/uploads\/2025\/03\/bang-40k-puffs-strawberry-watermelon.png\",\"contentUrl\":\"https:\/\/vapingnet.de\/wp-content\/uploads\/2025\/03\/bang-40k-puffs-strawberry-watermelon.png\",\"width\":1000,\"height\":1000,\"caption\":\"bang 40k puffs-strawberry-watermelon\"},{\"@type\":\"BreadcrumbList\",\"@id\":\"https:\/\/vapingnet.de\/vape\/geniesse-die-fruchtige-erfrischung-bang-tornado-40000-puffs-strawberry-watermelon\/#breadcrumb\",\"itemListElement\":[{\"@type\":\"ListItem\",\"position\":1,\"name\":\"Home\",\"item\":\"https:\/\/vapingnet.de\/\"},{\"@type\":\"ListItem\",\"position\":2,\"name\":\"Shop\",\"item\":\"https:\/\/vapingnet.de\/vape\/\"},{\"@type\":\"ListItem\",\"position\":3,\"name\":\"Genie\u00dfe die fruchtige Erfrischung Bang Tornado 40000 Puffs Strawberry Watermelon\"}]},{\"@type\":\"WebSite\",\"@id\":\"https:\/\/vapingnet.de\/#website\",\"url\":\"https:\/\/vapingnet.de\/\",\"name\":\"Vapingnet.de\",\"description\":\"\",\"publisher\":{\"@id\":\"https:\/\/vapingnet.de\/#organization\"},\"potentialAction\":[{\"@type\":\"SearchAction\",\"target\":{\"@type\":\"EntryPoint\",\"urlTemplate\":\"https:\/\/vapingnet.de\/?s={search_term_string}\"},\"query-input\":{\"@type\":\"PropertyValueSpecification\",\"valueRequired\":true,\"valueName\":\"search_term_string\"}}],\"inLanguage\":\"pl-PL\"},{\"@type\":\"Organization\",\"@id\":\"https:\/\/vapingnet.de\/#organization\",\"name\":\"Vapingnet.de\",\"url\":\"https:\/\/vapingnet.de\/\",\"logo\":{\"@type\":\"ImageObject\",\"inLanguage\":\"pl-PL\",\"@id\":\"https:\/\/vapingnet.de\/#\/schema\/logo\/image\/\",\"url\":\"https:\/\/vapingnet.de\/wp-content\/uploads\/2025\/03\/cropped-vapingnet.de_.jpg\",\"contentUrl\":\"https:\/\/vapingnet.de\/wp-content\/uploads\/2025\/03\/cropped-vapingnet.de_.jpg\",\"width\":512,\"height\":512,\"caption\":\"Vapingnet.de\"},\"image\":{\"@id\":\"https:\/\/vapingnet.de\/#\/schema\/logo\/image\/\"},\"sameAs\":[\"https:\/\/www.facebook.com\/vapingnetde\/\"]}]}<\/script>\n<!-- \/ Yoast SEO plugin. -->","yoast_head_json":{"title":"Bang Tornado 40.000 | Die Technik-Revolution im Vaping-Sektor","description":"Erfahre, wie die Bang Tornado 40k mit 40ml Tank und Triple-Mesh-System den Markt f\u00fcr Einweg-Vapes ver\u00e4ndert. Maximale Autonomie trifft auf puren Geschmack.","robots":{"index":"index","follow":"follow","max-snippet":"max-snippet:-1","max-image-preview":"max-image-preview:large","max-video-preview":"max-video-preview:-1"},"canonical":"https:\/\/vapingnet.de\/pl\/vape\/geniesse-die-fruchtige-erfrischung-bang-tornado-40000-puffs-strawberry-watermelon\/","og_locale":"pl_PL","og_type":"article","og_title":"Bang Tornado 40.000 | Die Technik-Revolution im Vaping-Sektor","og_description":"Erfahre, wie die Bang Tornado 40k mit 40ml Tank und Triple-Mesh-System den Markt f\u00fcr Einweg-Vapes ver\u00e4ndert. Maximale Autonomie trifft auf puren Geschmack.","og_url":"https:\/\/vapingnet.de\/pl\/vape\/geniesse-die-fruchtige-erfrischung-bang-tornado-40000-puffs-strawberry-watermelon\/","og_site_name":"Vapingnet.de","article_publisher":"https:\/\/www.facebook.com\/vapingnetde\/","article_modified_time":"2026-01-23T07:25:04+00:00","og_image":[{"width":1000,"height":1000,"url":"https:\/\/vapingnet.de\/wp-content\/uploads\/2025\/03\/bang-40k-puffs-strawberry-watermelon.png","type":"image\/png"}],"twitter_card":"summary_large_image","twitter_misc":{"Est. reading time":"3 minutes"},"schema":{"@context":"https:\/\/schema.org","@graph":[{"@type":"WebPage","@id":"https:\/\/vapingnet.de\/vape\/geniesse-die-fruchtige-erfrischung-bang-tornado-40000-puffs-strawberry-watermelon\/","url":"https:\/\/vapingnet.de\/vape\/geniesse-die-fruchtige-erfrischung-bang-tornado-40000-puffs-strawberry-watermelon\/","name":"Bang Tornado 40.000 | Die Technik-Revolution im Vaping-Sektor","isPartOf":{"@id":"https:\/\/vapingnet.de\/#website"},"primaryImageOfPage":{"@id":"https:\/\/vapingnet.de\/vape\/geniesse-die-fruchtige-erfrischung-bang-tornado-40000-puffs-strawberry-watermelon\/#primaryimage"},"image":{"@id":"https:\/\/vapingnet.de\/vape\/geniesse-die-fruchtige-erfrischung-bang-tornado-40000-puffs-strawberry-watermelon\/#primaryimage"},"thumbnailUrl":"https:\/\/vapingnet.de\/wp-content\/uploads\/2025\/03\/bang-40k-puffs-strawberry-watermelon.png","datePublished":"2025-03-18T03:05:19+00:00","dateModified":"2026-01-23T07:25:04+00:00","description":"Erfahre, wie die Bang Tornado 40k mit 40ml Tank und Triple-Mesh-System den Markt f\u00fcr Einweg-Vapes ver\u00e4ndert. Maximale Autonomie trifft auf puren Geschmack.","breadcrumb":{"@id":"https:\/\/vapingnet.de\/vape\/geniesse-die-fruchtige-erfrischung-bang-tornado-40000-puffs-strawberry-watermelon\/#breadcrumb"},"inLanguage":"pl-PL","potentialAction":[{"@type":"ReadAction","target":["https:\/\/vapingnet.de\/vape\/geniesse-die-fruchtige-erfrischung-bang-tornado-40000-puffs-strawberry-watermelon\/"]}]},{"@type":"ImageObject","inLanguage":"pl-PL","@id":"https:\/\/vapingnet.de\/vape\/geniesse-die-fruchtige-erfrischung-bang-tornado-40000-puffs-strawberry-watermelon\/#primaryimage","url":"https:\/\/vapingnet.de\/wp-content\/uploads\/2025\/03\/bang-40k-puffs-strawberry-watermelon.png","contentUrl":"https:\/\/vapingnet.de\/wp-content\/uploads\/2025\/03\/bang-40k-puffs-strawberry-watermelon.png","width":1000,"height":1000,"caption":"bang 40k puffs-strawberry-watermelon"},{"@type":"BreadcrumbList","@id":"https:\/\/vapingnet.de\/vape\/geniesse-die-fruchtige-erfrischung-bang-tornado-40000-puffs-strawberry-watermelon\/#breadcrumb","itemListElement":[{"@type":"ListItem","position":1,"name":"Home","item":"https:\/\/vapingnet.de\/"},{"@type":"ListItem","position":2,"name":"Shop","item":"https:\/\/vapingnet.de\/vape\/"},{"@type":"ListItem","position":3,"name":"Genie\u00dfe die fruchtige Erfrischung Bang Tornado 40000 Puffs Strawberry Watermelon"}]},{"@type":"WebSite","@id":"https:\/\/vapingnet.de\/#website","url":"https:\/\/vapingnet.de\/","name":"Vapingnet.de","description":"","publisher":{"@id":"https:\/\/vapingnet.de\/#organization"},"potentialAction":[{"@type":"SearchAction","target":{"@type":"EntryPoint","urlTemplate":"https:\/\/vapingnet.de\/?s={search_term_string}"},"query-input":{"@type":"PropertyValueSpecification","valueRequired":true,"valueName":"search_term_string"}}],"inLanguage":"pl-PL"},{"@type":"Organization","@id":"https:\/\/vapingnet.de\/#organization","name":"Vapingnet.de","url":"https:\/\/vapingnet.de\/","logo":{"@type":"ImageObject","inLanguage":"pl-PL","@id":"https:\/\/vapingnet.de\/#\/schema\/logo\/image\/","url":"https:\/\/vapingnet.de\/wp-content\/uploads\/2025\/03\/cropped-vapingnet.de_.jpg","contentUrl":"https:\/\/vapingnet.de\/wp-content\/uploads\/2025\/03\/cropped-vapingnet.de_.jpg","width":512,"height":512,"caption":"Vapingnet.de"},"image":{"@id":"https:\/\/vapingnet.de\/#\/schema\/logo\/image\/"},"sameAs":["https:\/\/www.facebook.com\/vapingnetde\/"]}]}},"tiered_pricing_type":"fixed","tiered_pricing_fixed_rules":{"10":"12.91","60":"11.62","110":"10.33","200":"9.04"},"tiered_pricing_product_settings":{"layout":"default","base_unit_name":{"singular":null,"plural":null},"default_variation":null},"tiered_pricing_minimum_quantity":null,"tiered_pricing_roles_data":[],"tiered_pricing_percentage_rules":[],"_links":{"self":[{"href":"https:\/\/vapingnet.de\/pl\/wp-json\/wp\/v2\/product\/5582","targetHints":{"allow":["GET"]}}],"collection":[{"href":"https:\/\/vapingnet.de\/pl\/wp-json\/wp\/v2\/product"}],"about":[{"href":"https:\/\/vapingnet.de\/pl\/wp-json\/wp\/v2\/types\/product"}],"version-history":[{"count":5,"href":"https:\/\/vapingnet.de\/pl\/wp-json\/wp\/v2\/product\/5582\/revisions"}],"predecessor-version":[{"id":7489,"href":"https:\/\/vapingnet.de\/pl\/wp-json\/wp\/v2\/product\/5582\/revisions\/7489"}],"wp:featuredmedia":[{"embeddable":true,"href":"https:\/\/vapingnet.de\/pl\/wp-json\/wp\/v2\/media\/5355"}],"wp:attachment":[{"href":"https:\/\/vapingnet.de\/pl\/wp-json\/wp\/v2\/media?parent=5582"}],"wp:term":[{"taxonomy":"brand","embeddable":true,"href":"https:\/\/vapingnet.de\/pl\/wp-json\/wp\/v2\/etheme_brands?post=5582"},{"taxonomy":"product_brand","embeddable":true,"href":"https:\/\/vapingnet.de\/pl\/wp-json\/wp\/v2\/product_brand?post=5582"},{"taxonomy":"product_cat","embeddable":true,"href":"https:\/\/vapingnet.de\/pl\/wp-json\/wp\/v2\/product_cat?post=5582"},{"taxonomy":"product_tag","embeddable":true,"href":"https:\/\/vapingnet.de\/pl\/wp-json\/wp\/v2\/product_tag?post=5582"}],"curies":[{"name":"wp","href":"https:\/\/api.w.org\/{rel}","templated":true}]}}