{"id":5591,"date":"2025-03-18T07:06:06","date_gmt":"2025-03-18T07:06:06","guid":{"rendered":"https:\/\/vapingnet.de\/?post_type=product&#038;p=5591"},"modified":"2025-06-19T03:40:40","modified_gmt":"2025-06-19T03:40:40","slug":"bang-king-45000-puffs-watermelon-red-bull-und-strawberry-kiwi-maximales-dampfvergnuegen-mit-3-in-1-geschmack","status":"publish","type":"product","link":"https:\/\/vapingnet.de\/pl\/vape\/bang-king-45000-puffs-watermelon-red-bull-und-strawberry-kiwi-maximales-dampfvergnuegen-mit-3-in-1-geschmack\/","title":{"rendered":"BANG KING 45000 Puffs Watermelon, Red Bull i Strawberry Kiwi \u2013 maksymalna przyjemno\u015b\u0107 vapowania z 3-winowym smakiem"},"content":{"rendered":"<h2 data-start=\"0\" data-end=\"66\">BANG KING 45000 Puffs Watermelon-Red Bull- Strawberry Kiwi  Przysz\u0142o\u015b\u0107 vapowania jest tutaj!<\/h2>\n<p data-start=\"68\" data-end=\"496\">Rynek dla <strong><a href=\"https:\/\/vapingnet.de\/pl\/k\/einweg-e-zigarette\/\">Jednorazowe e-papierosy<\/a><\/strong> nieustannie si\u0119 rozwija, ale tylko nieliczne modele potrafi\u0105 naprawd\u0119 zrobi\u0107 wra\u017cenie. Z <strong><a href=\"https:\/\/vapingnet.de\/pl\/k\/einweg-e-zigarette\/\">BANG KING 45000 Puffs<\/a><\/strong> wyr\u00f3\u017cnia si\u0119 nowa generacja jednorazowych vape'\u00f3w od konkurencji. To urz\u0105dzenie oferuje imponuj\u0105c\u0105 liczb\u0119 <strong><a href=\"https:\/\/vapingnet.de\/pl\/k\/45k-vape\/\">45K vape<\/a><\/strong>, innowacyjne 3-w-1 komory smakowe, zaawansowan\u0105 technologi\u0119 mesh-coil oraz nowoczesny system \u0142adowania Type-C.<\/p>\n<p data-start=\"498\" data-end=\"782\">Jako lokalny sprzedawca w Deutschland wiemy dok\u0142adnie, czego oczekuj\u0105 nasi klienci: wysokiej jako\u015bci, wybitnego smaku i niezawodnej wydajno\u015bci. BANG KING 45000 Puffs spe\u0142nia wszystkie te kryteria i wyznacza nowe standardy w \u015bwiecie jednorazowych e-papieros\u00f3w.<\/p>\n<h3 data-start=\"789\" data-end=\"865\">Rewolucyjny system smakowy 3-w-1 \u2013 Wi\u0119cej r\u00f3\u017cnorodno\u015bci, wi\u0119cej przyjemno\u015bci<\/h3>\n<p data-start=\"867\" data-end=\"1098\">Jedn\u0105 z najwi\u0119kszych zalet tego modelu jest jego unikalny wielosmakowy design. Zamiast ogranicza\u0107 si\u0119 do jednego smaku, mo\u017cesz podczas korzystania z BANG KING 45000 Puffs prze\u0142\u0105cza\u0107 si\u0119 mi\u0119dzy trzema r\u00f3\u017cnymi aromatami:<\/p>\n<ul data-start=\"1100\" data-end=\"1641\">\n<li data-start=\"1100\" data-end=\"1297\">Watermelon \u2013 Owocowy, orze\u017awiaj\u0105cy aromat, kt\u00f3ry oddaje s\u0142odki i soczysty smak dojrza\u0142ych arbuz\u00f3w. Idealny na gor\u0105ce dni lub jako orze\u017awiaj\u0105ca przek\u0105ska w ci\u0105gu dnia.<\/li>\n<li data-start=\"1298\" data-end=\"1479\">Red Bull \u2013 Orze\u017awiaj\u0105cy smak inspirowany popularnym na ca\u0142ym \u015bwiecie napojem energetycznym. Idealny dla tych, kt\u00f3rzy lubi\u0105 lekko s\u0142odki smak z nut\u0105 cytrus\u00f3w.<\/li>\n<li data-start=\"1480\" data-end=\"1641\">Strawberry Kiwi \u2013 Idealna r\u00f3wnowaga mi\u0119dzy s\u0142odkimi, soczystymi truskawkami a lekko kwa\u015bn\u0105 \u015bwie\u017co\u015bci\u0105 kiwi. Eksplozja smak\u00f3w dla zmys\u0142\u00f3w.<\/li>\n<\/ul>\n<p data-start=\"1643\" data-end=\"1800\">Dzi\u0119ki trzem oddzielnym komorom 15ml mo\u017cesz elastycznie prze\u0142\u0105cza\u0107 si\u0119 i modyfikowa\u0107 smak wed\u0142ug w\u0142asnych upodoba\u0144 \u2013 bez konieczno\u015bci posiadania drugiego urz\u0105dzenia lub dodatkowych e-liquid\u00f3w.<\/p>\n<h3 data-start=\"1807\" data-end=\"1878\">Wydajna technologia mesh-coil dla intensywnego smaku<\/h3>\n<p data-start=\"1880\" data-end=\"2032\">Jednorazowe vape'y cz\u0119sto w przesz\u0142o\u015bci mia\u0142y problem z utrat\u0105 smaku lub s\u0142ab\u0105 produkcj\u0105 pary. Nie dotyczy to BANG KING 45000 Puffs.<\/p>\n<p data-start=\"2034\" data-end=\"2093\">Dzi\u0119ki nowoczesnym mesh-coilom o oporno\u015bci 1.0 Ohma, to urz\u0105dzenie oferuje:<\/p>\n<ul data-start=\"2095\" data-end=\"2565\">\n<li data-start=\"2095\" data-end=\"2261\">Bardziej intensywne aromaty \u2013 dzi\u0119ki wi\u0119kszej powierzchni mesh-coil\u00f3w liquid jest r\u00f3wnomierniej odparowywany. To zapewnia pe\u0142niejszy rozw\u00f3j smaku.<\/li>\n<li data-start=\"2262\" data-end=\"2389\">G\u0119stsza para \u2013 mesh-coil umo\u017cliwiaj\u0105 optymalne odparowywanie, co skutkuje przyjemn\u0105 i g\u0119st\u0105 chmur\u0105 pary.<\/li>\n<li data-start=\"2390\" data-end=\"2565\">D\u0142u\u017csza trwa\u0142o\u015b\u0107 \u2013 w por\u00f3wnaniu do tradycyjnych coil\u00f3w, mesh-coile r\u00f3wnomierniej spalaj\u0105 liquid, co pozwala urz\u0105dzeniu d\u0142u\u017cej utrzyma\u0107 sp\u00f3jny smak.<\/li>\n<\/ul>\n<p data-start=\"2567\" data-end=\"2710\">Oznacza to: brak utraty smaku po kilku zaci\u0105gni\u0119ciach, brak nieprzyjemnych przypale\u0144 \u2013 tylko czysty, sta\u0142y smak.<\/p>\n<h3 data-start=\"2717\" data-end=\"2780\">Wielokrotnie \u0142adowalny akumulator 650mAh z szybkim \u0142adowaniem Type-C<\/h3>\n<p data-start=\"2782\" data-end=\"2876\">Wi\u0119kszo\u015b\u0107 jednorazowych vape'\u00f3w po kilku dniach jest pusta \u2013 nie BANG KING 45000 Puffs.<\/p>\n<ul data-start=\"2878\" data-end=\"3392\">\n<li data-start=\"2878\" data-end=\"3046\">650mAh akumulator wielokrotnego \u0142adowania \u2013 Ten model oferuje imponuj\u0105cy czas pracy na baterii i mo\u017ce by\u0107 szybko na\u0142adowany przez nowoczesne z\u0142\u0105cze Type-C.<\/li>\n<li data-start=\"3047\" data-end=\"3176\">W pe\u0142ni na\u0142adowany w zaledwie 2 godziny \u2013 Dzi\u0119ki funkcji szybkiego \u0142adowania urz\u0105dzenie mo\u017cna ponownie u\u017cywa\u0107 w najkr\u00f3tszym czasie.<\/li>\n<li data-start=\"3177\" data-end=\"3392\">Mo\u017cliwo\u015b\u0107 wielokrotnego \u0142adowania dla maksymalnego u\u017cytkowania \u2013 Podczas gdy tradycyjne jednorazowe vape\u2019y po roz\u0142adowaniu musz\u0105 by\u0107 wyrzucone, BANG KING 45000 Puffs mo\u017cna \u0142atwo na\u0142adowa\u0107 i kontynuowa\u0107 u\u017cytkowanie.<\/li>\n<\/ul>\n<p data-start=\"3394\" data-end=\"3496\">To czyni go nie tylko bardziej trwa\u0142ym, ale tak\u017ce bardziej op\u0142acalnym ni\u017c wiele innych modeli jednorazowych.<\/p>\n<h3 data-start=\"3503\" data-end=\"3553\">Elastyczne poziomy nikotyny dla ka\u017cdego palacza<\/h3>\n<p data-start=\"3555\" data-end=\"3710\">Nie ka\u017cdy palacz ma takie same preferencje, je\u015bli chodzi o nikotyn\u0119. Dlatego BANG KING 45000 Puffs dost\u0119pny jest w czterech r\u00f3\u017cnych poziomach nikotyny:<\/p>\n<ul data-start=\"3712\" data-end=\"4047\">\n<li data-start=\"3712\" data-end=\"3804\">0% (bez nikotyny) \u2013 Idealny dla tych, kt\u00f3rzy chc\u0105 po prostu cieszy\u0107 si\u0119 smakiem.<\/li>\n<li data-start=\"3805\" data-end=\"3885\">2% (20mg\/ml) \u2013 Lekka dawka nikotyny, idealna dla okazjonalnych palaczy.<\/li>\n<li data-start=\"3886\" data-end=\"3965\">3% (30mg\/ml) \u2013 Idealna r\u00f3wnowaga mi\u0119dzy smakiem a dawk\u0105 nikotyny.<\/li>\n<li data-start=\"3966\" data-end=\"4047\">5% (50mg\/ml) \u2013 Dla do\u015bwiadczonych palaczy, kt\u00f3rzy preferuj\u0105 silne dzia\u0142anie.<\/li>\n<\/ul>\n<p data-start=\"4049\" data-end=\"4138\">Z nikotyn\u0105 lub bez \u2013 z BANG KING 45000 Puffs ka\u017cdy znajdzie co\u015b dla siebie.<\/p>\n<h3 data-start=\"4145\" data-end=\"4204\">Idealny na podr\u00f3\u017ce \u2013 Kompaktowy i wydajny<\/h3>\n<ul data-start=\"4206\" data-end=\"4594\">\n<li data-start=\"4206\" data-end=\"4348\">Idealny na wyjazdy, do pracy lub na imprezy \u2013 Dzi\u0119ki kompaktowemu designowi mie\u015bci si\u0119 w ka\u017cdej torbie i zapewnia d\u0142ugotrwa\u0142e doznania z chmurzenia.<\/li>\n<li data-start=\"4349\" data-end=\"4451\">Brak konieczno\u015bci konserwacji \u2013 Brak nape\u0142niania, wymiany coil\u00f3w \u2013 po prostu pal i ciesz si\u0119 vapingiem.<\/li>\n<li data-start=\"4452\" data-end=\"4594\">Jednorazowy, ale wielokrotnego \u0142adowania \u2013 Unikalne po\u0142\u0105czenie du\u017cej pojemno\u015bci i funkcji wielokrotnego \u0142adowania dla maksymalnego czasu u\u017cytkowania.<\/li>\n<\/ul>\n<h3 data-start=\"4601\" data-end=\"4649\">Informacje o opakowaniu i transporcie<\/h3>\n<p data-start=\"4651\" data-end=\"4758\">Dla hurtownik\u00f3w i w\u0142a\u015bcicieli sklep\u00f3w BANG KING 45000 Puffs oferuje efektywne rozwi\u0105zanie pakowania:<\/p>\n<ul data-start=\"4760\" data-end=\"4905\">\n<li data-start=\"4760\" data-end=\"4804\">Jednostka pakowania: 10 sztuk w pude\u0142ku<\/li>\n<li data-start=\"4805\" data-end=\"4850\">Opakowanie kartonowe: 20 pude\u0142ek w kartonie<\/li>\n<li data-start=\"4851\" data-end=\"4905\">Rozmiary transportowe: 100 lub 200 sztuk w kartonie<\/li>\n<\/ul>\n<p data-start=\"4907\" data-end=\"5005\">Ta przemy\u015blana opakowanie znacznie u\u0142atwia transport, magazynowanie i logistyk\u0119.<\/p>\n<h3 data-start=\"5012\" data-end=\"5043\">Specyfikacje produktu<\/h3>\n<div class=\"overflow-x-auto contain-inline-size\">\n<table data-start=\"5045\" data-end=\"5928\">\n<thead data-start=\"5045\" data-end=\"5078\">\n<tr data-start=\"5045\" data-end=\"5078\">\n<th data-start=\"5045\" data-end=\"5063\">W\u0142a\u015bciwo\u015b\u0107<\/th>\n<th data-start=\"5063\" data-end=\"5078\">Szczeg\u00f3\u0142y<\/th>\n<\/tr>\n<\/thead>\n<tbody data-start=\"5117\" data-end=\"5928\">\n<tr data-start=\"5117\" data-end=\"5160\">\n<td>Nazwa produktu<\/td>\n<td>BANG KING 45000 Puffs<\/td>\n<\/tr>\n<tr data-start=\"5161\" data-end=\"5190\">\n<td>Poci\u0105gi (Puffsy)<\/td>\n<td>45.000<\/td>\n<\/tr>\n<tr data-start=\"5191\" data-end=\"5255\">\n<td>Pojemno\u015b\u0107 e-liquid<\/td>\n<td>15ml + 15ml + 15ml (\u0142\u0105cznie 45ml)<\/td>\n<\/tr>\n<tr data-start=\"5256\" data-end=\"5324\">\n<td>Smaki<\/td>\n<td>Arbuz, Red Bull, Truskawka Kiwi<\/td>\n<\/tr>\n<tr data-start=\"5325\" data-end=\"5399\">\n<td>Liczba smak\u00f3w<\/td>\n<td>Dost\u0119pnych 12 r\u00f3\u017cnych aromat\u00f3w<\/td>\n<\/tr>\n<tr data-start=\"5400\" data-end=\"5436\">\n<td>Typ cewki<\/td>\n<td>Mesh Coil 1.0 Ohm<\/td>\n<\/tr>\n<tr data-start=\"5437\" data-end=\"5475\">\n<td>Zawarto\u015b\u0107 nikotyny<\/td>\n<td>0%, 2%, 3%, 5%<\/td>\n<\/tr>\n<tr data-start=\"5476\" data-end=\"5528\">\n<td>Pojemno\u015b\u0107 baterii<\/td>\n<td>650mAh (wymienny)<\/td>\n<\/tr>\n<tr data-start=\"5529\" data-end=\"5559\">\n<td>Gniazdo \u0142adowania<\/td>\n<td>Type-C<\/td>\n<\/tr>\n<tr data-start=\"5560\" data-end=\"5614\">\n<td>Czas \u0142adowania<\/td>\n<td>oko\u0142o 2 godziny (w pe\u0142ni na\u0142adowany)<\/td>\n<\/tr>\n<tr data-start=\"5615\" data-end=\"5702\">\n<td>Cechy szczeg\u00f3lne<\/td>\n<td>3 wk\u0142ady Mesh, 3 oddzielne smaki, wielokrotnego \u0142adowania<\/td>\n<\/tr>\n<tr data-start=\"5703\" data-end=\"5747\">\n<td>Typ urz\u0105dzenia<\/td>\n<td>Jednorazowy vaporizer (Disposable)<\/td>\n<\/tr>\n<tr data-start=\"5748\" data-end=\"5779\">\n<td>Mechaniczny mod<\/td>\n<td>Nie<\/td>\n<\/tr>\n<tr data-start=\"5780\" data-end=\"5825\">\n<td>Jednostka pakowania<\/td>\n<td>10 sztuk na pude\u0142ko<\/td>\n<\/tr>\n<tr data-start=\"5826\" data-end=\"5872\">\n<td>Opakowanie kartonowe<\/td>\n<td>20 pude\u0142ek na karton<\/td>\n<\/tr>\n<tr data-start=\"5873\" data-end=\"5928\">\n<td>Rozmiary transportowe<\/td>\n<td>100 lub 200 sztuk w kartonie<\/td>\n<\/tr>\n<\/tbody>\n<\/table>\n<\/div>\n<hr data-start=\"5930\" data-end=\"5933\" \/>\n<h3 data-start=\"5935\" data-end=\"5977\">Jednorazowy vaporizer jeszcze nigdy nie by\u0142 tak dobry<\/h3>\n<p data-start=\"5979\" data-end=\"6207\">BANG KING 45000 Puff\u00f3w \u0142\u0105czy wszystko, czego pragnie palacz: maksymalne zaci\u0105gni\u0119cia, trzy wymienne komory smakowe, wk\u0142ady Mesh dla intensywnego dymu, akumulator wielokrotnego \u0142adowania i r\u00f3\u017cne poziomy nikotyny.<\/p>\n<p data-start=\"6209\" data-end=\"6347\">Dla pocz\u0105tkuj\u0105cych lub do\u015bwiadczonych vaporizer\u00f3w \u2013 ten model oferuje wyj\u0105tkowe do\u015bwiadczenie z maksymaln\u0105 elastyczno\u015bci\u0105 i komfortem.<\/p>\n<p data-start=\"6349\" data-end=\"6410\" data-is-last-node=\"\" data-is-only-node=\"\">Zam\u00f3w teraz i do\u015bwiadcz nowej generacji vapowania.<\/p>","protected":false},"excerpt":{"rendered":"<p>\u2705 Ekstremalnie du\u017co papieros\u00f3w \u2013 do 45 000 poci\u0105gni\u0119\u0107, na dodatkow\u0105 d\u0142ug\u0105 zabaw\u0119 dymem!<br \/>\n\u2705 Brak op\u0142at celnych i darmowa wysy\u0142ka \u2013 Zam\u00f3w bez dodatkowych koszt\u00f3w!<br \/>\n\u2705 Trzy smaki w jednym \u2013 zmieniaj wed\u0142ug uznania, potr\u00f3jna przyjemno\u015b\u0107!<\/p>","protected":false},"featured_media":5624,"template":"","meta":[],"etheme_brands":[],"product_brand":[101],"product_cat":[66,49,61,87],"product_tag":[],"class_list":{"0":"post-5591","1":"product","2":"type-product","3":"status-publish","4":"has-post-thumbnail","6":"product_brand-bang-king-vape","7":"product_cat-45k-vape","8":"product_cat-einweg-e-zigarette","9":"product_cat-f","10":"product_cat-v","12":"first","13":"instock","14":"shipping-taxable","15":"purchasable","16":"product-type-variable"},"yoast_head":"<!-- This site is optimized with the Yoast SEO plugin v26.5 - https:\/\/yoast.com\/wordpress\/plugins\/seo\/ -->\n<title>BANG KING 45000 Puffs Watermelon, Red Bull und Strawberry Kiwi Maximales Dampfvergn\u00fcgen mit 3-in-1 Geschmack | vapingnet.de<\/title>\n<meta name=\"description\" content=\"BANG KING 45000 Puffs \u2013 Genie\u00dfe 3 wechselbare Aromen: Watermelon, Red Bull, Strawberry Kiwi mit Mesh-Coil, 650mAh Akku &amp; Type-C Ladeanschluss.\" \/>\n<meta name=\"robots\" content=\"index, follow, max-snippet:-1, max-image-preview:large, max-video-preview:-1\" \/>\n<link rel=\"canonical\" href=\"https:\/\/vapingnet.de\/pl\/vape\/bang-king-45000-puffs-watermelon-red-bull-und-strawberry-kiwi-maximales-dampfvergnuegen-mit-3-in-1-geschmack\/\" \/>\n<meta property=\"og:locale\" content=\"pl_PL\" \/>\n<meta property=\"og:type\" content=\"article\" \/>\n<meta property=\"og:title\" content=\"BANG KING 45000 Puffs Watermelon, Red Bull und Strawberry Kiwi Maximales Dampfvergn\u00fcgen mit 3-in-1 Geschmack | vapingnet.de\" \/>\n<meta property=\"og:description\" content=\"BANG KING 45000 Puffs \u2013 Genie\u00dfe 3 wechselbare Aromen: Watermelon, Red Bull, Strawberry Kiwi mit Mesh-Coil, 650mAh Akku &amp; Type-C Ladeanschluss.\" \/>\n<meta property=\"og:url\" content=\"https:\/\/vapingnet.de\/pl\/vape\/bang-king-45000-puffs-watermelon-red-bull-und-strawberry-kiwi-maximales-dampfvergnuegen-mit-3-in-1-geschmack\/\" \/>\n<meta property=\"og:site_name\" content=\"Vapingnet.de\" \/>\n<meta property=\"article:publisher\" content=\"https:\/\/www.facebook.com\/vapingnetde\/\" \/>\n<meta property=\"article:modified_time\" content=\"2025-06-19T03:40:40+00:00\" \/>\n<meta property=\"og:image\" content=\"https:\/\/vapingnet.de\/wp-content\/uploads\/2025\/03\/45k_Watermelon_Red-Bull_Strawberry-Kiwi-1.png\" \/>\n\t<meta property=\"og:image:width\" content=\"1000\" \/>\n\t<meta property=\"og:image:height\" content=\"1000\" \/>\n\t<meta property=\"og:image:type\" content=\"image\/png\" \/>\n<meta name=\"twitter:card\" content=\"summary_large_image\" \/>\n<meta name=\"twitter:label1\" content=\"Est. reading time\" \/>\n\t<meta name=\"twitter:data1\" content=\"5 minutes\" \/>\n<script type=\"application\/ld+json\" class=\"yoast-schema-graph\">{\"@context\":\"https:\/\/schema.org\",\"@graph\":[{\"@type\":\"WebPage\",\"@id\":\"https:\/\/vapingnet.de\/vape\/bang-king-45000-puffs-watermelon-red-bull-und-strawberry-kiwi-maximales-dampfvergnuegen-mit-3-in-1-geschmack\/\",\"url\":\"https:\/\/vapingnet.de\/vape\/bang-king-45000-puffs-watermelon-red-bull-und-strawberry-kiwi-maximales-dampfvergnuegen-mit-3-in-1-geschmack\/\",\"name\":\"BANG KING 45000 Puffs Watermelon, Red Bull und Strawberry Kiwi Maximales Dampfvergn\u00fcgen mit 3-in-1 Geschmack | vapingnet.de\",\"isPartOf\":{\"@id\":\"https:\/\/vapingnet.de\/#website\"},\"primaryImageOfPage\":{\"@id\":\"https:\/\/vapingnet.de\/vape\/bang-king-45000-puffs-watermelon-red-bull-und-strawberry-kiwi-maximales-dampfvergnuegen-mit-3-in-1-geschmack\/#primaryimage\"},\"image\":{\"@id\":\"https:\/\/vapingnet.de\/vape\/bang-king-45000-puffs-watermelon-red-bull-und-strawberry-kiwi-maximales-dampfvergnuegen-mit-3-in-1-geschmack\/#primaryimage\"},\"thumbnailUrl\":\"https:\/\/vapingnet.de\/wp-content\/uploads\/2025\/03\/45k_Watermelon_Red-Bull_Strawberry-Kiwi-1.png\",\"datePublished\":\"2025-03-18T07:06:06+00:00\",\"dateModified\":\"2025-06-19T03:40:40+00:00\",\"description\":\"BANG KING 45000 Puffs \u2013 Genie\u00dfe 3 wechselbare Aromen: Watermelon, Red Bull, Strawberry Kiwi mit Mesh-Coil, 650mAh Akku & Type-C Ladeanschluss.\",\"breadcrumb\":{\"@id\":\"https:\/\/vapingnet.de\/vape\/bang-king-45000-puffs-watermelon-red-bull-und-strawberry-kiwi-maximales-dampfvergnuegen-mit-3-in-1-geschmack\/#breadcrumb\"},\"inLanguage\":\"pl-PL\",\"potentialAction\":[{\"@type\":\"ReadAction\",\"target\":[\"https:\/\/vapingnet.de\/vape\/bang-king-45000-puffs-watermelon-red-bull-und-strawberry-kiwi-maximales-dampfvergnuegen-mit-3-in-1-geschmack\/\"]}]},{\"@type\":\"ImageObject\",\"inLanguage\":\"pl-PL\",\"@id\":\"https:\/\/vapingnet.de\/vape\/bang-king-45000-puffs-watermelon-red-bull-und-strawberry-kiwi-maximales-dampfvergnuegen-mit-3-in-1-geschmack\/#primaryimage\",\"url\":\"https:\/\/vapingnet.de\/wp-content\/uploads\/2025\/03\/45k_Watermelon_Red-Bull_Strawberry-Kiwi-1.png\",\"contentUrl\":\"https:\/\/vapingnet.de\/wp-content\/uploads\/2025\/03\/45k_Watermelon_Red-Bull_Strawberry-Kiwi-1.png\",\"width\":1000,\"height\":1000},{\"@type\":\"BreadcrumbList\",\"@id\":\"https:\/\/vapingnet.de\/vape\/bang-king-45000-puffs-watermelon-red-bull-und-strawberry-kiwi-maximales-dampfvergnuegen-mit-3-in-1-geschmack\/#breadcrumb\",\"itemListElement\":[{\"@type\":\"ListItem\",\"position\":1,\"name\":\"Home\",\"item\":\"https:\/\/vapingnet.de\/\"},{\"@type\":\"ListItem\",\"position\":2,\"name\":\"Shop\",\"item\":\"https:\/\/vapingnet.de\/vape\/\"},{\"@type\":\"ListItem\",\"position\":3,\"name\":\"BANG KING 45000 Puffs Watermelon, Red Bull und Strawberry Kiwi Maximales Dampfvergn\u00fcgen mit 3-in-1 Geschmack\"}]},{\"@type\":\"WebSite\",\"@id\":\"https:\/\/vapingnet.de\/#website\",\"url\":\"https:\/\/vapingnet.de\/\",\"name\":\"Vapingnet.de\",\"description\":\"\",\"publisher\":{\"@id\":\"https:\/\/vapingnet.de\/#organization\"},\"potentialAction\":[{\"@type\":\"SearchAction\",\"target\":{\"@type\":\"EntryPoint\",\"urlTemplate\":\"https:\/\/vapingnet.de\/?s={search_term_string}\"},\"query-input\":{\"@type\":\"PropertyValueSpecification\",\"valueRequired\":true,\"valueName\":\"search_term_string\"}}],\"inLanguage\":\"pl-PL\"},{\"@type\":\"Organization\",\"@id\":\"https:\/\/vapingnet.de\/#organization\",\"name\":\"Vapingnet.de\",\"url\":\"https:\/\/vapingnet.de\/\",\"logo\":{\"@type\":\"ImageObject\",\"inLanguage\":\"pl-PL\",\"@id\":\"https:\/\/vapingnet.de\/#\/schema\/logo\/image\/\",\"url\":\"https:\/\/vapingnet.de\/wp-content\/uploads\/2025\/03\/cropped-vapingnet.de_.jpg\",\"contentUrl\":\"https:\/\/vapingnet.de\/wp-content\/uploads\/2025\/03\/cropped-vapingnet.de_.jpg\",\"width\":512,\"height\":512,\"caption\":\"Vapingnet.de\"},\"image\":{\"@id\":\"https:\/\/vapingnet.de\/#\/schema\/logo\/image\/\"},\"sameAs\":[\"https:\/\/www.facebook.com\/vapingnetde\/\"]}]}<\/script>\n<!-- \/ Yoast SEO plugin. -->","yoast_head_json":{"title":"BANG KING 45000 Puffs Watermelon, Red Bull und Strawberry Kiwi Maximales Dampfvergn\u00fcgen mit 3-in-1 Geschmack | vapingnet.de","description":"BANG KING 45000 Puffs \u2013 Genie\u00dfe 3 wechselbare Aromen: Watermelon, Red Bull, Strawberry Kiwi mit Mesh-Coil, 650mAh Akku & Type-C Ladeanschluss.","robots":{"index":"index","follow":"follow","max-snippet":"max-snippet:-1","max-image-preview":"max-image-preview:large","max-video-preview":"max-video-preview:-1"},"canonical":"https:\/\/vapingnet.de\/pl\/vape\/bang-king-45000-puffs-watermelon-red-bull-und-strawberry-kiwi-maximales-dampfvergnuegen-mit-3-in-1-geschmack\/","og_locale":"pl_PL","og_type":"article","og_title":"BANG KING 45000 Puffs Watermelon, Red Bull und Strawberry Kiwi Maximales Dampfvergn\u00fcgen mit 3-in-1 Geschmack | vapingnet.de","og_description":"BANG KING 45000 Puffs \u2013 Genie\u00dfe 3 wechselbare Aromen: Watermelon, Red Bull, Strawberry Kiwi mit Mesh-Coil, 650mAh Akku & Type-C Ladeanschluss.","og_url":"https:\/\/vapingnet.de\/pl\/vape\/bang-king-45000-puffs-watermelon-red-bull-und-strawberry-kiwi-maximales-dampfvergnuegen-mit-3-in-1-geschmack\/","og_site_name":"Vapingnet.de","article_publisher":"https:\/\/www.facebook.com\/vapingnetde\/","article_modified_time":"2025-06-19T03:40:40+00:00","og_image":[{"width":1000,"height":1000,"url":"https:\/\/vapingnet.de\/wp-content\/uploads\/2025\/03\/45k_Watermelon_Red-Bull_Strawberry-Kiwi-1.png","type":"image\/png"}],"twitter_card":"summary_large_image","twitter_misc":{"Est. reading time":"5 minutes"},"schema":{"@context":"https:\/\/schema.org","@graph":[{"@type":"WebPage","@id":"https:\/\/vapingnet.de\/vape\/bang-king-45000-puffs-watermelon-red-bull-und-strawberry-kiwi-maximales-dampfvergnuegen-mit-3-in-1-geschmack\/","url":"https:\/\/vapingnet.de\/vape\/bang-king-45000-puffs-watermelon-red-bull-und-strawberry-kiwi-maximales-dampfvergnuegen-mit-3-in-1-geschmack\/","name":"BANG KING 45000 Puffs Watermelon, Red Bull und Strawberry Kiwi Maximales Dampfvergn\u00fcgen mit 3-in-1 Geschmack | vapingnet.de","isPartOf":{"@id":"https:\/\/vapingnet.de\/#website"},"primaryImageOfPage":{"@id":"https:\/\/vapingnet.de\/vape\/bang-king-45000-puffs-watermelon-red-bull-und-strawberry-kiwi-maximales-dampfvergnuegen-mit-3-in-1-geschmack\/#primaryimage"},"image":{"@id":"https:\/\/vapingnet.de\/vape\/bang-king-45000-puffs-watermelon-red-bull-und-strawberry-kiwi-maximales-dampfvergnuegen-mit-3-in-1-geschmack\/#primaryimage"},"thumbnailUrl":"https:\/\/vapingnet.de\/wp-content\/uploads\/2025\/03\/45k_Watermelon_Red-Bull_Strawberry-Kiwi-1.png","datePublished":"2025-03-18T07:06:06+00:00","dateModified":"2025-06-19T03:40:40+00:00","description":"BANG KING 45000 Puffs \u2013 Genie\u00dfe 3 wechselbare Aromen: Watermelon, Red Bull, Strawberry Kiwi mit Mesh-Coil, 650mAh Akku & Type-C Ladeanschluss.","breadcrumb":{"@id":"https:\/\/vapingnet.de\/vape\/bang-king-45000-puffs-watermelon-red-bull-und-strawberry-kiwi-maximales-dampfvergnuegen-mit-3-in-1-geschmack\/#breadcrumb"},"inLanguage":"pl-PL","potentialAction":[{"@type":"ReadAction","target":["https:\/\/vapingnet.de\/vape\/bang-king-45000-puffs-watermelon-red-bull-und-strawberry-kiwi-maximales-dampfvergnuegen-mit-3-in-1-geschmack\/"]}]},{"@type":"ImageObject","inLanguage":"pl-PL","@id":"https:\/\/vapingnet.de\/vape\/bang-king-45000-puffs-watermelon-red-bull-und-strawberry-kiwi-maximales-dampfvergnuegen-mit-3-in-1-geschmack\/#primaryimage","url":"https:\/\/vapingnet.de\/wp-content\/uploads\/2025\/03\/45k_Watermelon_Red-Bull_Strawberry-Kiwi-1.png","contentUrl":"https:\/\/vapingnet.de\/wp-content\/uploads\/2025\/03\/45k_Watermelon_Red-Bull_Strawberry-Kiwi-1.png","width":1000,"height":1000},{"@type":"BreadcrumbList","@id":"https:\/\/vapingnet.de\/vape\/bang-king-45000-puffs-watermelon-red-bull-und-strawberry-kiwi-maximales-dampfvergnuegen-mit-3-in-1-geschmack\/#breadcrumb","itemListElement":[{"@type":"ListItem","position":1,"name":"Home","item":"https:\/\/vapingnet.de\/"},{"@type":"ListItem","position":2,"name":"Shop","item":"https:\/\/vapingnet.de\/vape\/"},{"@type":"ListItem","position":3,"name":"BANG KING 45000 Puffs Watermelon, Red Bull und Strawberry Kiwi Maximales Dampfvergn\u00fcgen mit 3-in-1 Geschmack"}]},{"@type":"WebSite","@id":"https:\/\/vapingnet.de\/#website","url":"https:\/\/vapingnet.de\/","name":"Vapingnet.de","description":"","publisher":{"@id":"https:\/\/vapingnet.de\/#organization"},"potentialAction":[{"@type":"SearchAction","target":{"@type":"EntryPoint","urlTemplate":"https:\/\/vapingnet.de\/?s={search_term_string}"},"query-input":{"@type":"PropertyValueSpecification","valueRequired":true,"valueName":"search_term_string"}}],"inLanguage":"pl-PL"},{"@type":"Organization","@id":"https:\/\/vapingnet.de\/#organization","name":"Vapingnet.de","url":"https:\/\/vapingnet.de\/","logo":{"@type":"ImageObject","inLanguage":"pl-PL","@id":"https:\/\/vapingnet.de\/#\/schema\/logo\/image\/","url":"https:\/\/vapingnet.de\/wp-content\/uploads\/2025\/03\/cropped-vapingnet.de_.jpg","contentUrl":"https:\/\/vapingnet.de\/wp-content\/uploads\/2025\/03\/cropped-vapingnet.de_.jpg","width":512,"height":512,"caption":"Vapingnet.de"},"image":{"@id":"https:\/\/vapingnet.de\/#\/schema\/logo\/image\/"},"sameAs":["https:\/\/www.facebook.com\/vapingnetde\/"]}]}},"tiered_pricing_type":"fixed","tiered_pricing_fixed_rules":[],"tiered_pricing_product_settings":{"layout":"default","base_unit_name":{"singular":null,"plural":null},"default_variation":null},"tiered_pricing_minimum_quantity":null,"tiered_pricing_roles_data":[],"tiered_pricing_percentage_rules":[],"_links":{"self":[{"href":"https:\/\/vapingnet.de\/pl\/wp-json\/wp\/v2\/product\/5591","targetHints":{"allow":["GET"]}}],"collection":[{"href":"https:\/\/vapingnet.de\/pl\/wp-json\/wp\/v2\/product"}],"about":[{"href":"https:\/\/vapingnet.de\/pl\/wp-json\/wp\/v2\/types\/product"}],"version-history":[{"count":3,"href":"https:\/\/vapingnet.de\/pl\/wp-json\/wp\/v2\/product\/5591\/revisions"}],"predecessor-version":[{"id":5968,"href":"https:\/\/vapingnet.de\/pl\/wp-json\/wp\/v2\/product\/5591\/revisions\/5968"}],"wp:featuredmedia":[{"embeddable":true,"href":"https:\/\/vapingnet.de\/pl\/wp-json\/wp\/v2\/media\/5624"}],"wp:attachment":[{"href":"https:\/\/vapingnet.de\/pl\/wp-json\/wp\/v2\/media?parent=5591"}],"wp:term":[{"taxonomy":"brand","embeddable":true,"href":"https:\/\/vapingnet.de\/pl\/wp-json\/wp\/v2\/etheme_brands?post=5591"},{"taxonomy":"product_brand","embeddable":true,"href":"https:\/\/vapingnet.de\/pl\/wp-json\/wp\/v2\/product_brand?post=5591"},{"taxonomy":"product_cat","embeddable":true,"href":"https:\/\/vapingnet.de\/pl\/wp-json\/wp\/v2\/product_cat?post=5591"},{"taxonomy":"product_tag","embeddable":true,"href":"https:\/\/vapingnet.de\/pl\/wp-json\/wp\/v2\/product_tag?post=5591"}],"curies":[{"name":"wp","href":"https:\/\/api.w.org\/{rel}","templated":true}]}}