{"id":5602,"date":"2025-03-18T07:10:10","date_gmt":"2025-03-18T07:10:10","guid":{"rendered":"https:\/\/vapingnet.de\/?post_type=product&#038;p=5602"},"modified":"2025-06-19T03:40:39","modified_gmt":"2025-06-19T03:40:39","slug":"drei-frische-geschmacksrichtungen-erdbeer-banane-himbeer-wassermelone-zitrone-limette-bang-king-45k-puffs","status":"publish","type":"product","link":"https:\/\/vapingnet.de\/pl\/vape\/drei-frische-geschmacksrichtungen-erdbeer-banane-himbeer-wassermelone-zitrone-limette-bang-king-45k-puffs\/","title":{"rendered":"Trzy \u015bwie\u017ce smaki: truskawka-banan, malina-wisnia, cytryna-limonka BANG KING 45k puffs"},"content":{"rendered":"<h2 data-start=\"0\" data-end=\"123\">BANG KING 45000 Puffs \u2013 Truskawka Banan, Malina Arbuz Cytryna Limonka \u2013 Do\u015bwiadcz najwy\u017cszej rozkoszy owocowej<\/h2>\n<p data-start=\"125\" data-end=\"506\">BANG KING 45000 Puffs wyznacza nowe standardy w dziedzinie <strong><a href=\"https:\/\/vapingnet.de\/pl\/k\/einweg-e-zigarette\/\">Jednorazowe e-papierosy<\/a><\/strong> i oferuje niezr\u00f3wnane doznania podczas palenia dzi\u0119ki swojemu systemowi smakowemu 3-w-1. Z imponuj\u0105c\u0105 liczb\u0105 <strong><a href=\"https:\/\/vapingnet.de\/pl\/k\/45k-vape\/\">45k vap<\/a><\/strong>e i trzema pysznymi aromatami: Truskawka Banan, Malina Arbuz oraz Cytryna Limonka, ten model zapewnia maksymaln\u0105 przyjemno\u015b\u0107 przy ka\u017cdym zaci\u0105gni\u0119ciu.<\/p>\n<p data-start=\"508\" data-end=\"893\">Ten produkt \u0142\u0105czy najnowsz\u0105 technologi\u0119 z \u0142atw\u0105 obs\u0142ug\u0105 i gwarantuje intensywne doznania podczas palenia. Dzi\u0119ki technologii Mesh-Coil, zapewniaj\u0105cej sta\u0142\u0105 wysok\u0105 intensywno\u015b\u0107 smaku, oraz wymiennemu akumulatorowi 650mAh z portem \u0142adowania Type-C, BANG KING 45000 Puffs jest zar\u00f3wno praktyczny, jak i mocny.<\/p>\n<h2 data-start=\"900\" data-end=\"945\">Wszechstronne aromaty na ka\u017cd\u0105 okazj\u0119<\/h2>\n<p data-start=\"947\" data-end=\"1137\">Ten <strong><a href=\"https:\/\/vapingnet.de\/pl\/bang-king-45000-puffs\/\">BANG KING 45000 Puffs<\/a><\/strong> oferuje r\u00f3\u017cnorodne doznania smakowe z trzema owocowymi aromatami, kt\u00f3re dzi\u0119ki systemowi smakowemu 3-w-1 wyr\u00f3\u017cniaj\u0105 si\u0119 szczeg\u00f3lnie:<\/p>\n<ul data-start=\"1139\" data-end=\"1704\">\n<li data-start=\"1139\" data-end=\"1315\">Truskawka Banan \u2013 Po\u0142\u0105czenie s\u0142odkich truskawek i kremowej banany zapewnia harmonijn\u0105 mieszank\u0119 owocowo\u015bci i delikatno\u015bci, kt\u00f3ra zachwyca przy ka\u017cdym zaci\u0105gni\u0119ciu.<\/li>\n<li data-start=\"1316\" data-end=\"1494\">Malina Arbuz \u2013 Orze\u017awiaj\u0105cy, soczysty arbuz spotyka si\u0119 z s\u0142odk\u0105, lekko kwa\u015bn\u0105 malin\u0105, co prowadzi do pobudzaj\u0105cych i owocowych dozna\u0144 podczas palenia.<\/li>\n<li data-start=\"1495\" data-end=\"1704\">Cytryna Limonka \u2013 Orze\u017awiaj\u0105ca kompozycja cytrusowa z s\u0142odyczy cytryny i \u015bwie\u017co\u015bci limonki zapewnia orze\u017awiaj\u0105cy kopniak, idealny na pocz\u0105tek dnia lub jako od\u015bwie\u017cenie w ci\u0105gu dnia.<\/li>\n<\/ul>\n<p data-start=\"1706\" data-end=\"1984\">Te trzy aromaty mo\u017cna cieszy\u0107 si\u0119 niezale\u017cnie od siebie, dzi\u0119ki czemu mo\u017cesz do\u015bwiadczy\u0107 r\u00f3\u017cnorodno\u015bci owocowych smak\u00f3w w jednym urz\u0105dzeniu. Technologia Mesh-Coil gwarantuje, \u017ce ka\u017cdy smak pozostaje intensywny a\u017c do ostatniego zaci\u0105gni\u0119cia i nie traci na jako\u015bci.<\/p>\n<h2 data-start=\"1991\" data-end=\"2053\">Innowacyjna technologia Mesh-Coil dla intensywnego dymu<\/h2>\n<p data-start=\"2055\" data-end=\"2315\">BANG KING 45000 Puffs wyposa\u017cony jest w mesh-coil o oporno\u015bci 1.0 Ohma, zapewniaj\u0105cy r\u00f3wnomierne odparowywanie e-liquidu. Ta zaawansowana technologia maksymalizuje wydobycie aromat\u00f3w i zapewnia sta\u0142\u0105 wysok\u0105 produkcj\u0119 pary.<\/p>\n<ul data-start=\"2317\" data-end=\"2872\">\n<li data-start=\"2317\" data-end=\"2489\">Lepsze wydobycie smaku \u2013 dzi\u0119ki wi\u0119kszej powierzchni mesh-coil, liquid jest efektywniej odparowywany, co prowadzi do szczeg\u00f3lnie intensywnego smaku.<\/li>\n<li data-start=\"2490\" data-end=\"2685\">G\u0119ste chmury pary \u2013 Mesh-Coil zapewniaj\u0105 r\u00f3wnomierne rozprowadzanie ciep\u0142a, co skutkuje g\u0119stszymi chmurami, kt\u00f3re nie tylko dobrze wygl\u0105daj\u0105, ale tak\u017ce wzmacniaj\u0105 smak.<\/li>\n<li data-start=\"2686\" data-end=\"2872\">D\u0142ugotrwa\u0142o\u015b\u0107 \u2013 Technologia Mesh-Coil zapewnia, \u017ce smak pozostaje sta\u0142y a\u017c do ca\u0142kowitego odparowania liquidu, bez powstawania przypalonych aromat\u00f3w.<\/li>\n<\/ul>\n<p data-start=\"2874\" data-end=\"3029\">Dzi\u0119ki tej zaawansowanej technologii BANG KING 45000 Puffs oferuje niezawodne i intensywne doznania podczas palenia, kt\u00f3re trwaj\u0105 ca\u0142y dzie\u0144.<\/p>\n<h2 data-start=\"3036\" data-end=\"3099\">Wymienny akumulator 650mAh z portem \u0142adowania Type-C<\/h2>\n<p data-start=\"3101\" data-end=\"3350\">BANG KING 45000 Puffs wyposa\u017cony jest w wydajny akumulator 650mAh, kt\u00f3ry zapewnia d\u0142ugie korzystanie. Akumulator jest wielokrotnego \u0142adowania i umo\u017cliwia szybkie \u0142adowanie dzi\u0119ki portowi Type-C.<\/p>\n<ul data-start=\"3352\" data-end=\"3829\">\n<li data-start=\"3352\" data-end=\"3483\">Szybki czas \u0142adowania \u2013 w zaledwie dwie godziny akumulator jest w pe\u0142ni na\u0142adowany i gotowy do kolejnego u\u017cycia.<\/li>\n<li data-start=\"3484\" data-end=\"3660\">D\u0142uga \u017cywotno\u015b\u0107 \u2013 Akumulator wielokrotnego \u0142adowania sprawia, \u017ce BANG KING 45000 Puffs jest ekonomiczn\u0105 i bardziej ekologiczn\u0105 opcj\u0105 w por\u00f3wnaniu do jednorazowych e-papieros\u00f3w.<\/li>\n<li data-start=\"3661\" data-end=\"3829\">Wygoda obs\u0142ugi \u2013 Z\u0142\u0105cze Type-C zapewnia szybsze i prostsze \u0142adowanie, bez konieczno\u015bci martwienia si\u0119 o d\u0142ugi czas \u0142adowania.<\/li>\n<\/ul>\n<h2 data-start=\"3836\" data-end=\"3889\">R\u00f3\u017cnorodne poziomy nikotyny dla Twoich potrzeb<\/h2>\n<p data-start=\"3891\" data-end=\"4061\">BANG KING 45000 Puffs jest dost\u0119pny w r\u00f3\u017cnych poziomach nikotyny, dzi\u0119ki czemu mo\u017cesz wybra\u0107 opcj\u0119 odpowiedni\u0105 dla siebie. Dost\u0119pne poziomy nikotyny to:<\/p>\n<ul data-start=\"4063\" data-end=\"4454\">\n<li data-start=\"4063\" data-end=\"4154\">0% Nikotyna \u2013 Idealna dla tych, kt\u00f3rzy chc\u0105 cieszy\u0107 si\u0119 smakiem bez spo\u017cycia nikotyny.<\/li>\n<li data-start=\"4155\" data-end=\"4286\">2% Nikotyna \u2013 \u0141agodny poziom nikotyny dla okazjonalnych palaczy lub tych, kt\u00f3rzy wol\u0105 subtelne spo\u017cycie nikotyny.<\/li>\n<li data-start=\"4287\" data-end=\"4367\">3% Nikotyna \u2013 Zr\u00f3wnowa\u017cony poziom nikotyny dla klasycznego palacza.<\/li>\n<li data-start=\"4368\" data-end=\"4454\">5% Nikotyna \u2013 Dla do\u015bwiadczonych palaczy, kt\u00f3rzy potrzebuj\u0105 silniejszego uderzenia nikotyny.<\/li>\n<\/ul>\n<p data-start=\"4456\" data-end=\"4669\">Niezale\u017cnie od tego, czy chcesz cieszy\u0107 si\u0119 smakiem bez nikotyny, czy wybra\u0107 jeden z wy\u017cszych poziom\u00f3w nikotyny, BANG KING 45000 Puffs daje Ci wolno\u015b\u0107 dostosowania do\u015bwiadczenia palenia do w\u0142asnych preferencji.<\/p>\n<h2 data-start=\"4676\" data-end=\"4725\">Prosta obs\u0142uga \u2013 Idealny na podr\u00f3\u017c<\/h2>\n<p data-start=\"4727\" data-end=\"4957\">BANG KING 45000 Puffs jest wyj\u0105tkowo przyjazny u\u017cytkownikowi i doskona\u0142y do codziennego u\u017cytku. Dzi\u0119ki praktycznemu designowi jest idealny na podr\u00f3\u017c, czy to w kieszeni, czy trzymany w r\u0119ku.<\/p>\n<ul data-start=\"4959\" data-end=\"5493\">\n<li data-start=\"4959\" data-end=\"5113\">Brak konieczno\u015bci konserwacji \u2013 Po prostu wyjmij i ciesz si\u0119. Brak konieczno\u015bci nape\u0142niania, wymiany grza\u0142ek \u2013 maksymalny komfort.<\/li>\n<li data-start=\"5114\" data-end=\"5265\">Kompaktowe rozmiary \u2013 Dzi\u0119ki niewielkim rozmiarom mie\u015bci si\u0119 bez problemu w ka\u017cdej torbie lub plecaku, zapewniaj\u0105c dost\u0119pno\u015b\u0107 w ka\u017cdej chwili.<\/li>\n<li data-start=\"5266\" data-end=\"5493\">Praktyczna obs\u0142uga \u2013 Dzi\u0119ki akumulatorowi wielokrotnego \u0142adowania i prostemu \u0142adowaniu przez Type-C, BANG KING 45000 Puffs jest idealnym rozwi\u0105zaniem dla palaczy szukaj\u0105cych wygodnej i wydajnej alternatywy.<\/li>\n<\/ul>\n<h2 data-start=\"5500\" data-end=\"5557\">Informacje o opakowaniach i opcjach hurtowych<\/h2>\n<p data-start=\"5559\" data-end=\"5693\">BANG KING 45000 Puffs jest dost\u0119pny w praktycznych jednostkach pakowania, idealnych dla detalist\u00f3w i hurtownik\u00f3w:<\/p>\n<ul data-start=\"5695\" data-end=\"5951\">\n<li data-start=\"5695\" data-end=\"5764\">10 sztuk w pude\u0142ku \u2013 U\u0142atwia obs\u0142ug\u0119 i magazynowanie.<\/li>\n<li data-start=\"5765\" data-end=\"5833\">20 pude\u0142ek w kartonie \u2013 Idealne dla hurtu i dystrybucji.<\/li>\n<li data-start=\"5834\" data-end=\"5951\">Rozmiar transportowy: 100 lub 200 sztuk na karton \u2013 Idealny do mi\u0119dzynarodowej wysy\u0142ki i dystrybucji.<\/li>\n<\/ul>\n<p data-start=\"5953\" data-end=\"6101\">Te opcje pakowania zapewniaj\u0105 efektywne magazynowanie i sprawn\u0105 wysy\u0142k\u0119, zar\u00f3wno dla detalist\u00f3w, jak i hurtownik\u00f3w.<\/p>\n<h2 data-start=\"6108\" data-end=\"6168\">Idealny wyb\u00f3r dla wymagaj\u0105cych palaczy<\/h2>\n<p data-start=\"6170\" data-end=\"6603\">BANG KING 45000 Puffs oferuje wyj\u0105tkowe do\u015bwiadczenie vapowania z szerok\u0105 gam\u0105 \u015bwie\u017cych, owocowych aromat\u00f3w i trwa\u0142ym rozwi\u0105zaniem akumulatorowym. Dzi\u0119ki technologii Mesh-Coil dla intensywnego smaku, wielokrotnie \u0142adowalnemu akumulatorowi oraz mo\u017cliwo\u015bci wyboru spo\u015br\u00f3d r\u00f3\u017cnych st\u0119\u017ce\u0144 nikotyny, ten vape jest idealnym wyborem dla wszystkich, kt\u00f3rzy szukaj\u0105 intensywnego i elastycznego do\u015bwiadczenia vapowania.<\/p>\n<ul data-start=\"6605\" data-end=\"6867\">\n<li data-start=\"6605\" data-end=\"6687\">Trzy pyszne aromaty: Truskawka Banan, Malina Arbuz, Cytryna Limonka<\/li>\n<li data-start=\"6688\" data-end=\"6761\">Mesh-Coil dla intensywnych chmur pary i d\u0142ugotrwa\u0142ego smaku<\/li>\n<li data-start=\"6762\" data-end=\"6817\">Akumulator wielokrotnego \u0142adowania z szybkim \u0142adowaniem Type-C<\/li>\n<li data-start=\"6818\" data-end=\"6867\">Indywidualne poziomy nikotyny od 0% do 5%<\/li>\n<\/ul>\n<p data-start=\"6869\" data-end=\"6998\" data-is-last-node=\"\" data-is-only-node=\"\">Do\u015bwiadcz BANG KING 45000 Puffs ju\u017c dzi\u015b i ciesz si\u0119 niezr\u00f3wnanym do\u015bwiadczeniem vapowania, kt\u00f3re Ci\u0119 nie zawiedzie!<\/p>","protected":false},"excerpt":{"rendered":"<p>\u2705 Ekstremalnie du\u017co papieros\u00f3w \u2013 do 45 000 poci\u0105gni\u0119\u0107, na dodatkow\u0105 d\u0142ug\u0105 zabaw\u0119 dymem!<br \/>\n\u2705 Brak op\u0142at celnych i darmowa wysy\u0142ka \u2013 Zam\u00f3w bez dodatkowych koszt\u00f3w!<br \/>\n\u2705 Trzy smaki w jednym \u2013 zmieniaj wed\u0142ug uznania, potr\u00f3jna przyjemno\u015b\u0107!<\/p>","protected":false},"featured_media":5619,"template":"","meta":[],"etheme_brands":[],"product_brand":[101],"product_cat":[66,49,61,87],"product_tag":[],"class_list":{"0":"post-5602","1":"product","2":"type-product","3":"status-publish","4":"has-post-thumbnail","6":"product_brand-bang-king-vape","7":"product_cat-45k-vape","8":"product_cat-einweg-e-zigarette","9":"product_cat-f","10":"product_cat-v","12":"first","13":"instock","14":"shipping-taxable","15":"purchasable","16":"product-type-variable"},"yoast_head":"<!-- This site is optimized with the Yoast SEO plugin v26.5 - https:\/\/yoast.com\/wordpress\/plugins\/seo\/ -->\n<title>Drei frische Geschmacksrichtungen Erdbeer-Banane Himbeer-Wassermelone Zitrone-Limette BANG KING 45k puffs | vapingnet.de<\/title>\n<meta name=\"description\" content=\"BANG KING 45.000 Z\u00fcge \u2013 Drei frische Geschmacksrichtungen: Erdbeer-Banane, Himbeer-Wassermelone, Zitrone-Limette, Mesh-Spule, 650-mAh-Akku\" \/>\n<meta name=\"robots\" content=\"index, follow, max-snippet:-1, max-image-preview:large, max-video-preview:-1\" \/>\n<link rel=\"canonical\" href=\"https:\/\/vapingnet.de\/pl\/vape\/drei-frische-geschmacksrichtungen-erdbeer-banane-himbeer-wassermelone-zitrone-limette-bang-king-45k-puffs\/\" \/>\n<meta property=\"og:locale\" content=\"pl_PL\" \/>\n<meta property=\"og:type\" content=\"article\" \/>\n<meta property=\"og:title\" content=\"Drei frische Geschmacksrichtungen Erdbeer-Banane Himbeer-Wassermelone Zitrone-Limette BANG KING 45k puffs | vapingnet.de\" \/>\n<meta property=\"og:description\" content=\"BANG KING 45.000 Z\u00fcge \u2013 Drei frische Geschmacksrichtungen: Erdbeer-Banane, Himbeer-Wassermelone, Zitrone-Limette, Mesh-Spule, 650-mAh-Akku\" \/>\n<meta property=\"og:url\" content=\"https:\/\/vapingnet.de\/pl\/vape\/drei-frische-geschmacksrichtungen-erdbeer-banane-himbeer-wassermelone-zitrone-limette-bang-king-45k-puffs\/\" \/>\n<meta property=\"og:site_name\" content=\"Vapingnet.de\" \/>\n<meta property=\"article:publisher\" content=\"https:\/\/www.facebook.com\/vapingnetde\/\" \/>\n<meta property=\"article:modified_time\" content=\"2025-06-19T03:40:39+00:00\" \/>\n<meta property=\"og:image\" content=\"https:\/\/vapingnet.de\/wp-content\/uploads\/2025\/03\/45k_Strawberry-Banana_Raspberry-Watermelon_Lemon-Lime-1.png\" \/>\n\t<meta property=\"og:image:width\" content=\"1000\" \/>\n\t<meta property=\"og:image:height\" content=\"1000\" \/>\n\t<meta property=\"og:image:type\" content=\"image\/png\" \/>\n<meta name=\"twitter:card\" content=\"summary_large_image\" \/>\n<meta name=\"twitter:label1\" content=\"Est. reading time\" \/>\n\t<meta name=\"twitter:data1\" content=\"5 minutes\" \/>\n<script type=\"application\/ld+json\" class=\"yoast-schema-graph\">{\"@context\":\"https:\/\/schema.org\",\"@graph\":[{\"@type\":\"WebPage\",\"@id\":\"https:\/\/vapingnet.de\/vape\/drei-frische-geschmacksrichtungen-erdbeer-banane-himbeer-wassermelone-zitrone-limette-bang-king-45k-puffs\/\",\"url\":\"https:\/\/vapingnet.de\/vape\/drei-frische-geschmacksrichtungen-erdbeer-banane-himbeer-wassermelone-zitrone-limette-bang-king-45k-puffs\/\",\"name\":\"Drei frische Geschmacksrichtungen Erdbeer-Banane Himbeer-Wassermelone Zitrone-Limette BANG KING 45k puffs | vapingnet.de\",\"isPartOf\":{\"@id\":\"https:\/\/vapingnet.de\/#website\"},\"primaryImageOfPage\":{\"@id\":\"https:\/\/vapingnet.de\/vape\/drei-frische-geschmacksrichtungen-erdbeer-banane-himbeer-wassermelone-zitrone-limette-bang-king-45k-puffs\/#primaryimage\"},\"image\":{\"@id\":\"https:\/\/vapingnet.de\/vape\/drei-frische-geschmacksrichtungen-erdbeer-banane-himbeer-wassermelone-zitrone-limette-bang-king-45k-puffs\/#primaryimage\"},\"thumbnailUrl\":\"https:\/\/vapingnet.de\/wp-content\/uploads\/2025\/03\/45k_Strawberry-Banana_Raspberry-Watermelon_Lemon-Lime-1.png\",\"datePublished\":\"2025-03-18T07:10:10+00:00\",\"dateModified\":\"2025-06-19T03:40:39+00:00\",\"description\":\"BANG KING 45.000 Z\u00fcge \u2013 Drei frische Geschmacksrichtungen: Erdbeer-Banane, Himbeer-Wassermelone, Zitrone-Limette, Mesh-Spule, 650-mAh-Akku\",\"breadcrumb\":{\"@id\":\"https:\/\/vapingnet.de\/vape\/drei-frische-geschmacksrichtungen-erdbeer-banane-himbeer-wassermelone-zitrone-limette-bang-king-45k-puffs\/#breadcrumb\"},\"inLanguage\":\"pl-PL\",\"potentialAction\":[{\"@type\":\"ReadAction\",\"target\":[\"https:\/\/vapingnet.de\/vape\/drei-frische-geschmacksrichtungen-erdbeer-banane-himbeer-wassermelone-zitrone-limette-bang-king-45k-puffs\/\"]}]},{\"@type\":\"ImageObject\",\"inLanguage\":\"pl-PL\",\"@id\":\"https:\/\/vapingnet.de\/vape\/drei-frische-geschmacksrichtungen-erdbeer-banane-himbeer-wassermelone-zitrone-limette-bang-king-45k-puffs\/#primaryimage\",\"url\":\"https:\/\/vapingnet.de\/wp-content\/uploads\/2025\/03\/45k_Strawberry-Banana_Raspberry-Watermelon_Lemon-Lime-1.png\",\"contentUrl\":\"https:\/\/vapingnet.de\/wp-content\/uploads\/2025\/03\/45k_Strawberry-Banana_Raspberry-Watermelon_Lemon-Lime-1.png\",\"width\":1000,\"height\":1000},{\"@type\":\"BreadcrumbList\",\"@id\":\"https:\/\/vapingnet.de\/vape\/drei-frische-geschmacksrichtungen-erdbeer-banane-himbeer-wassermelone-zitrone-limette-bang-king-45k-puffs\/#breadcrumb\",\"itemListElement\":[{\"@type\":\"ListItem\",\"position\":1,\"name\":\"Home\",\"item\":\"https:\/\/vapingnet.de\/\"},{\"@type\":\"ListItem\",\"position\":2,\"name\":\"Shop\",\"item\":\"https:\/\/vapingnet.de\/vape\/\"},{\"@type\":\"ListItem\",\"position\":3,\"name\":\"Drei frische Geschmacksrichtungen Erdbeer-Banane Himbeer-Wassermelone Zitrone-Limette BANG KING 45k puffs\"}]},{\"@type\":\"WebSite\",\"@id\":\"https:\/\/vapingnet.de\/#website\",\"url\":\"https:\/\/vapingnet.de\/\",\"name\":\"Vapingnet.de\",\"description\":\"\",\"publisher\":{\"@id\":\"https:\/\/vapingnet.de\/#organization\"},\"potentialAction\":[{\"@type\":\"SearchAction\",\"target\":{\"@type\":\"EntryPoint\",\"urlTemplate\":\"https:\/\/vapingnet.de\/?s={search_term_string}\"},\"query-input\":{\"@type\":\"PropertyValueSpecification\",\"valueRequired\":true,\"valueName\":\"search_term_string\"}}],\"inLanguage\":\"pl-PL\"},{\"@type\":\"Organization\",\"@id\":\"https:\/\/vapingnet.de\/#organization\",\"name\":\"Vapingnet.de\",\"url\":\"https:\/\/vapingnet.de\/\",\"logo\":{\"@type\":\"ImageObject\",\"inLanguage\":\"pl-PL\",\"@id\":\"https:\/\/vapingnet.de\/#\/schema\/logo\/image\/\",\"url\":\"https:\/\/vapingnet.de\/wp-content\/uploads\/2025\/03\/cropped-vapingnet.de_.jpg\",\"contentUrl\":\"https:\/\/vapingnet.de\/wp-content\/uploads\/2025\/03\/cropped-vapingnet.de_.jpg\",\"width\":512,\"height\":512,\"caption\":\"Vapingnet.de\"},\"image\":{\"@id\":\"https:\/\/vapingnet.de\/#\/schema\/logo\/image\/\"},\"sameAs\":[\"https:\/\/www.facebook.com\/vapingnetde\/\"]}]}<\/script>\n<!-- \/ Yoast SEO plugin. -->","yoast_head_json":{"title":"Drei frische Geschmacksrichtungen Erdbeer-Banane Himbeer-Wassermelone Zitrone-Limette BANG KING 45k puffs | vapingnet.de","description":"BANG KING 45.000 Z\u00fcge \u2013 Drei frische Geschmacksrichtungen: Erdbeer-Banane, Himbeer-Wassermelone, Zitrone-Limette, Mesh-Spule, 650-mAh-Akku","robots":{"index":"index","follow":"follow","max-snippet":"max-snippet:-1","max-image-preview":"max-image-preview:large","max-video-preview":"max-video-preview:-1"},"canonical":"https:\/\/vapingnet.de\/pl\/vape\/drei-frische-geschmacksrichtungen-erdbeer-banane-himbeer-wassermelone-zitrone-limette-bang-king-45k-puffs\/","og_locale":"pl_PL","og_type":"article","og_title":"Drei frische Geschmacksrichtungen Erdbeer-Banane Himbeer-Wassermelone Zitrone-Limette BANG KING 45k puffs | vapingnet.de","og_description":"BANG KING 45.000 Z\u00fcge \u2013 Drei frische Geschmacksrichtungen: Erdbeer-Banane, Himbeer-Wassermelone, Zitrone-Limette, Mesh-Spule, 650-mAh-Akku","og_url":"https:\/\/vapingnet.de\/pl\/vape\/drei-frische-geschmacksrichtungen-erdbeer-banane-himbeer-wassermelone-zitrone-limette-bang-king-45k-puffs\/","og_site_name":"Vapingnet.de","article_publisher":"https:\/\/www.facebook.com\/vapingnetde\/","article_modified_time":"2025-06-19T03:40:39+00:00","og_image":[{"width":1000,"height":1000,"url":"https:\/\/vapingnet.de\/wp-content\/uploads\/2025\/03\/45k_Strawberry-Banana_Raspberry-Watermelon_Lemon-Lime-1.png","type":"image\/png"}],"twitter_card":"summary_large_image","twitter_misc":{"Est. reading time":"5 minutes"},"schema":{"@context":"https:\/\/schema.org","@graph":[{"@type":"WebPage","@id":"https:\/\/vapingnet.de\/vape\/drei-frische-geschmacksrichtungen-erdbeer-banane-himbeer-wassermelone-zitrone-limette-bang-king-45k-puffs\/","url":"https:\/\/vapingnet.de\/vape\/drei-frische-geschmacksrichtungen-erdbeer-banane-himbeer-wassermelone-zitrone-limette-bang-king-45k-puffs\/","name":"Drei frische Geschmacksrichtungen Erdbeer-Banane Himbeer-Wassermelone Zitrone-Limette BANG KING 45k puffs | vapingnet.de","isPartOf":{"@id":"https:\/\/vapingnet.de\/#website"},"primaryImageOfPage":{"@id":"https:\/\/vapingnet.de\/vape\/drei-frische-geschmacksrichtungen-erdbeer-banane-himbeer-wassermelone-zitrone-limette-bang-king-45k-puffs\/#primaryimage"},"image":{"@id":"https:\/\/vapingnet.de\/vape\/drei-frische-geschmacksrichtungen-erdbeer-banane-himbeer-wassermelone-zitrone-limette-bang-king-45k-puffs\/#primaryimage"},"thumbnailUrl":"https:\/\/vapingnet.de\/wp-content\/uploads\/2025\/03\/45k_Strawberry-Banana_Raspberry-Watermelon_Lemon-Lime-1.png","datePublished":"2025-03-18T07:10:10+00:00","dateModified":"2025-06-19T03:40:39+00:00","description":"BANG KING 45.000 Z\u00fcge \u2013 Drei frische Geschmacksrichtungen: Erdbeer-Banane, Himbeer-Wassermelone, Zitrone-Limette, Mesh-Spule, 650-mAh-Akku","breadcrumb":{"@id":"https:\/\/vapingnet.de\/vape\/drei-frische-geschmacksrichtungen-erdbeer-banane-himbeer-wassermelone-zitrone-limette-bang-king-45k-puffs\/#breadcrumb"},"inLanguage":"pl-PL","potentialAction":[{"@type":"ReadAction","target":["https:\/\/vapingnet.de\/vape\/drei-frische-geschmacksrichtungen-erdbeer-banane-himbeer-wassermelone-zitrone-limette-bang-king-45k-puffs\/"]}]},{"@type":"ImageObject","inLanguage":"pl-PL","@id":"https:\/\/vapingnet.de\/vape\/drei-frische-geschmacksrichtungen-erdbeer-banane-himbeer-wassermelone-zitrone-limette-bang-king-45k-puffs\/#primaryimage","url":"https:\/\/vapingnet.de\/wp-content\/uploads\/2025\/03\/45k_Strawberry-Banana_Raspberry-Watermelon_Lemon-Lime-1.png","contentUrl":"https:\/\/vapingnet.de\/wp-content\/uploads\/2025\/03\/45k_Strawberry-Banana_Raspberry-Watermelon_Lemon-Lime-1.png","width":1000,"height":1000},{"@type":"BreadcrumbList","@id":"https:\/\/vapingnet.de\/vape\/drei-frische-geschmacksrichtungen-erdbeer-banane-himbeer-wassermelone-zitrone-limette-bang-king-45k-puffs\/#breadcrumb","itemListElement":[{"@type":"ListItem","position":1,"name":"Home","item":"https:\/\/vapingnet.de\/"},{"@type":"ListItem","position":2,"name":"Shop","item":"https:\/\/vapingnet.de\/vape\/"},{"@type":"ListItem","position":3,"name":"Drei frische Geschmacksrichtungen Erdbeer-Banane Himbeer-Wassermelone Zitrone-Limette BANG KING 45k puffs"}]},{"@type":"WebSite","@id":"https:\/\/vapingnet.de\/#website","url":"https:\/\/vapingnet.de\/","name":"Vapingnet.de","description":"","publisher":{"@id":"https:\/\/vapingnet.de\/#organization"},"potentialAction":[{"@type":"SearchAction","target":{"@type":"EntryPoint","urlTemplate":"https:\/\/vapingnet.de\/?s={search_term_string}"},"query-input":{"@type":"PropertyValueSpecification","valueRequired":true,"valueName":"search_term_string"}}],"inLanguage":"pl-PL"},{"@type":"Organization","@id":"https:\/\/vapingnet.de\/#organization","name":"Vapingnet.de","url":"https:\/\/vapingnet.de\/","logo":{"@type":"ImageObject","inLanguage":"pl-PL","@id":"https:\/\/vapingnet.de\/#\/schema\/logo\/image\/","url":"https:\/\/vapingnet.de\/wp-content\/uploads\/2025\/03\/cropped-vapingnet.de_.jpg","contentUrl":"https:\/\/vapingnet.de\/wp-content\/uploads\/2025\/03\/cropped-vapingnet.de_.jpg","width":512,"height":512,"caption":"Vapingnet.de"},"image":{"@id":"https:\/\/vapingnet.de\/#\/schema\/logo\/image\/"},"sameAs":["https:\/\/www.facebook.com\/vapingnetde\/"]}]}},"tiered_pricing_type":"fixed","tiered_pricing_fixed_rules":[],"tiered_pricing_product_settings":{"layout":"default","base_unit_name":{"singular":null,"plural":null},"default_variation":null},"tiered_pricing_minimum_quantity":null,"tiered_pricing_roles_data":[],"tiered_pricing_percentage_rules":[],"_links":{"self":[{"href":"https:\/\/vapingnet.de\/pl\/wp-json\/wp\/v2\/product\/5602","targetHints":{"allow":["GET"]}}],"collection":[{"href":"https:\/\/vapingnet.de\/pl\/wp-json\/wp\/v2\/product"}],"about":[{"href":"https:\/\/vapingnet.de\/pl\/wp-json\/wp\/v2\/types\/product"}],"version-history":[{"count":5,"href":"https:\/\/vapingnet.de\/pl\/wp-json\/wp\/v2\/product\/5602\/revisions"}],"predecessor-version":[{"id":5967,"href":"https:\/\/vapingnet.de\/pl\/wp-json\/wp\/v2\/product\/5602\/revisions\/5967"}],"wp:featuredmedia":[{"embeddable":true,"href":"https:\/\/vapingnet.de\/pl\/wp-json\/wp\/v2\/media\/5619"}],"wp:attachment":[{"href":"https:\/\/vapingnet.de\/pl\/wp-json\/wp\/v2\/media?parent=5602"}],"wp:term":[{"taxonomy":"brand","embeddable":true,"href":"https:\/\/vapingnet.de\/pl\/wp-json\/wp\/v2\/etheme_brands?post=5602"},{"taxonomy":"product_brand","embeddable":true,"href":"https:\/\/vapingnet.de\/pl\/wp-json\/wp\/v2\/product_brand?post=5602"},{"taxonomy":"product_cat","embeddable":true,"href":"https:\/\/vapingnet.de\/pl\/wp-json\/wp\/v2\/product_cat?post=5602"},{"taxonomy":"product_tag","embeddable":true,"href":"https:\/\/vapingnet.de\/pl\/wp-json\/wp\/v2\/product_tag?post=5602"}],"curies":[{"name":"wp","href":"https:\/\/api.w.org\/{rel}","templated":true}]}}