{"id":5644,"date":"2025-03-18T08:04:41","date_gmt":"2025-03-18T08:04:41","guid":{"rendered":"https:\/\/vapingnet.de\/?post_type=product&#038;p=5644"},"modified":"2025-06-19T03:40:38","modified_gmt":"2025-06-19T03:40:38","slug":"geniessen-sie-bang-king-45000-bissen-mit-den-aromen-erdbeere-kiwi-saure-mango-ananas-und-red-bull","status":"publish","type":"product","link":"https:\/\/vapingnet.de\/pl\/vape\/geniessen-sie-bang-king-45000-bissen-mit-den-aromen-erdbeere-kiwi-saure-mango-ananas-und-red-bull\/","title":{"rendered":"Ciesz si\u0119 BANG KING 45000 k\u0119sami z aromatami truskawki, kiwi, kwa\u015bnego mango, ananasa i Red Bull"},"content":{"rendered":"<h2 data-start=\"0\" data-end=\"75\">BANG KING 45000 Paliwek Truskawka Kiwi Kwa\u015bne Mango Ananas Red Bull Trzy ekscytuj\u0105ce smaki dla maksymalnej przyjemno\u015bci<\/h2>\n<p data-start=\"77\" data-end=\"545\">Ten <strong><a href=\"https:\/\/vapingnet.de\/pl\/bang-king-45000-puffs\/\">BANG KING 45000 Puffs<\/a><\/strong> oferuje unikalne po\u0142\u0105czenie trzech pysznych smak\u00f3w, kt\u00f3re s\u0105 zintegrowane w jednym urz\u0105dzeniu. Z imponuj\u0105c\u0105 liczb\u0105 <strong><a href=\"https:\/\/vapingnet.de\/pl\/k\/45k-vape\/\">45k vape<\/a><\/strong>\u00a0i nowoczesn\u0105 technologi\u0105 Mesh-Coil, ten <strong><a href=\"https:\/\/vapingnet.de\/pl\/k\/einweg-e-zigarette\/\">Jednorazowego Vape<\/a><\/strong> zapewnia, \u017ce ka\u017cde do\u015bwiadczenie vapowania pozostaje intensywne i niezapomniane. Odkryj, jak wszechstronne mo\u017ce by\u0107 vapowanie, z smakami Truskawka Kiwi, Kwa\u015bne Mango Ananas i Red Bull.<\/p>\n<h3 data-start=\"552\" data-end=\"591\">Cechy produktu w skr\u00f3cie<\/h3>\n<div class=\"overflow-x-auto contain-inline-size\">\n<table data-start=\"593\" data-end=\"1639\">\n<thead data-start=\"593\" data-end=\"686\">\n<tr data-start=\"593\" data-end=\"686\">\n<th data-start=\"593\" data-end=\"625\">Cecha<\/th>\n<th data-start=\"625\" data-end=\"686\">Szczeg\u00f3\u0142y<\/th>\n<\/tr>\n<\/thead>\n<tbody data-start=\"781\" data-end=\"1639\">\n<tr data-start=\"781\" data-end=\"877\">\n<td>Aromaty<\/td>\n<td>Truskawka Kiwi, Kwa\u015bne Mango Ananas, Red Bull<\/td>\n<\/tr>\n<tr data-start=\"878\" data-end=\"972\">\n<td>Puffs<\/td>\n<td>45 000 poci\u0105gni\u0119\u0107<\/td>\n<\/tr>\n<tr data-start=\"973\" data-end=\"1067\">\n<td>Pojemno\u015b\u0107 e-liquid<\/td>\n<td>15 ml (na komor\u0119) x 3<\/td>\n<\/tr>\n<tr data-start=\"1068\" data-end=\"1163\">\n<td>Coil<\/td>\n<td>Mesh Coil (1.0 Ohm)<\/td>\n<\/tr>\n<tr data-start=\"1164\" data-end=\"1259\">\n<td>Akumulator<\/td>\n<td>650mAh (wymienny)<\/td>\n<\/tr>\n<tr data-start=\"1260\" data-end=\"1354\">\n<td>Gniazdo \u0142adowania<\/td>\n<td>Szybkie \u0142adowanie Type-C<\/td>\n<\/tr>\n<tr data-start=\"1355\" data-end=\"1449\">\n<td>Nikotyna<\/td>\n<td>0%, 2%, 3%, 5%<\/td>\n<\/tr>\n<tr data-start=\"1450\" data-end=\"1544\">\n<td>Jednostka pakowania<\/td>\n<td>10 sztuk w opakowaniu, 20 opakowa\u0144 w kartonie<\/td>\n<\/tr>\n<tr data-start=\"1545\" data-end=\"1639\">\n<td>Rozmiar transportowy<\/td>\n<td>100 lub 200 sztuk w kartonie<\/td>\n<\/tr>\n<\/tbody>\n<\/table>\n<\/div>\n<h3 data-start=\"1646\" data-end=\"1686\">Trzy aromaty dla maksymalnej przyjemno\u015bci<\/h3>\n<p data-start=\"1688\" data-end=\"1934\">Dzi\u0119ki technologii smakowej 3-w-1 mo\u017cesz indywidualnie dostosowa\u0107 do\u015bwiadczenie vapowania i wybiera\u0107 spo\u015br\u00f3d trzech pysznych smak\u00f3w. Ka\u017cdy smak pozostaje dzi\u0119ki zaawansowanej technologii Mesh-Coil r\u00f3wnie intensywny i aromatyczny.<\/p>\n<div class=\"overflow-x-auto contain-inline-size\">\n<table data-start=\"1936\" data-end=\"2478\">\n<thead data-start=\"1936\" data-end=\"2025\">\n<tr data-start=\"1936\" data-end=\"2025\">\n<th data-start=\"1936\" data-end=\"1965\">Aromat<\/th>\n<th data-start=\"1965\" data-end=\"2025\">Opis<\/th>\n<\/tr>\n<\/thead>\n<tbody data-start=\"2116\" data-end=\"2478\">\n<tr data-start=\"2116\" data-end=\"2242\">\n<td>Truskawka Kiwi<\/td>\n<td>S\u0142odkie i orze\u017awiaj\u0105ce po\u0142\u0105czenie soczystych truskawek i musuj\u0105cego smaku kiwi.<\/td>\n<\/tr>\n<tr data-start=\"2243\" data-end=\"2368\">\n<td>Kwa\u015bne Mango Ananas<\/td>\n<td>Egzotyczne mango spotyka tropikalny ananas, dla orze\u017awiaj\u0105cego, bardziej kwa\u015bnego do\u015bwiadczenia vapowania.<\/td>\n<\/tr>\n<tr data-start=\"2369\" data-end=\"2478\">\n<td>Red Bull<\/td>\n<td>Znany smak napoju energetycznego, kt\u00f3ry daje orze\u017awiaj\u0105cy kopniak.<\/td>\n<\/tr>\n<\/tbody>\n<\/table>\n<\/div>\n<h3 data-start=\"2485\" data-end=\"2539\">Technologia mesh-coil dla intensywnego smaku<\/h3>\n<p data-start=\"2541\" data-end=\"2727\">Zaawansowana technologia Mesh-Coil zapewnia r\u00f3wnomierne odparowywanie e-liquidu i utrzymanie intensywno\u015bci smaku a\u017c do ostatniego zaci\u0105gni\u0119cia. Oferuje liczne korzy\u015bci:<\/p>\n<div class=\"overflow-x-auto contain-inline-size\">\n<table data-start=\"2729\" data-end=\"3196\">\n<thead data-start=\"2729\" data-end=\"2820\">\n<tr data-start=\"2729\" data-end=\"2820\">\n<th data-start=\"2729\" data-end=\"2759\">Zaleta<\/th>\n<th data-start=\"2759\" data-end=\"2820\">Opis<\/th>\n<\/tr>\n<\/thead>\n<tbody data-start=\"2913\" data-end=\"3196\">\n<tr data-start=\"2913\" data-end=\"3004\">\n<td>Maksymalna ekspresja smak\u00f3w<\/td>\n<td>Wi\u0119ksza powierzchnia zapewnia intensywniejsze smaki.<\/td>\n<\/tr>\n<tr data-start=\"3005\" data-end=\"3095\">\n<td>G\u0119ste chmury dymu<\/td>\n<td>Optymalna produkcja pary dla pe\u0142nego doznania.<\/td>\n<\/tr>\n<tr data-start=\"3096\" data-end=\"3196\">\n<td>Trwa\u0142o\u015b\u0107<\/td>\n<td>Lepsze rozprowadzanie ciep\u0142a, aby zachowa\u0107 smak na r\u00f3wnym poziomie.<\/td>\n<\/tr>\n<\/tbody>\n<\/table>\n<\/div>\n<h3 data-start=\"3203\" data-end=\"3258\">Akumulator wielokrotnego \u0142adowania z szybkim \u0142adowaniem Type-C<\/h3>\n<p data-start=\"3260\" data-end=\"3473\">BANG KING 45000 Puffs jest wyposa\u017cony w akumulator wielokrotnego \u0142adowania o pojemno\u015bci 650mAh, zapewniaj\u0105cy d\u0142ugi czas u\u017cytkowania. Z\u0142\u0105cze \u0142adowania Type-C umo\u017cliwia szybkie i \u0142atwe \u0142adowanie.<\/p>\n<div class=\"overflow-x-auto contain-inline-size\">\n<table data-start=\"3475\" data-end=\"4060\">\n<thead data-start=\"3475\" data-end=\"3567\">\n<tr data-start=\"3475\" data-end=\"3567\">\n<th data-start=\"3475\" data-end=\"3506\">W\u0142a\u015bciwo\u015b\u0107<\/th>\n<th data-start=\"3506\" data-end=\"3567\">Szczeg\u00f3\u0142y<\/th>\n<\/tr>\n<\/thead>\n<tbody data-start=\"3661\" data-end=\"4060\">\n<tr data-start=\"3661\" data-end=\"3754\">\n<td>Akumulator<\/td>\n<td>650mAh (wymienny)<\/td>\n<\/tr>\n<tr data-start=\"3755\" data-end=\"3848\">\n<td>Czas \u0142adowania<\/td>\n<td>2 godziny na pe\u0142ne na\u0142adowanie<\/td>\n<\/tr>\n<tr data-start=\"3849\" data-end=\"3942\">\n<td>Gniazdo \u0142adowania<\/td>\n<td>Szybkie \u0142adowanie Type-C<\/td>\n<\/tr>\n<tr data-start=\"3943\" data-end=\"4060\">\n<td>Trwa\u0142o\u015b\u0107<\/td>\n<td>Mo\u017cna go u\u017cywa\u0107 przez d\u0142u\u017cszy czas, zanim b\u0119dzie konieczna wymiana urz\u0105dzenia.<\/td>\n<\/tr>\n<\/tbody>\n<\/table>\n<\/div>\n<h3 data-start=\"4067\" data-end=\"4131\">R\u00f3\u017cne poziomy nikotyny dla indywidualnych potrzeb<\/h3>\n<p data-start=\"4133\" data-end=\"4286\">BANG KING 45000 Puffs jest dost\u0119pny w czterech r\u00f3\u017cnych poziomach nikotyny, dzi\u0119ki czemu mo\u017cesz dostosowa\u0107 do\u015bwiadczenie vapowania do swoich preferencji:<\/p>\n<div class=\"overflow-x-auto contain-inline-size\">\n<table data-start=\"4288\" data-end=\"5065\">\n<thead data-start=\"4288\" data-end=\"4411\">\n<tr data-start=\"4288\" data-end=\"4411\">\n<th data-start=\"4288\" data-end=\"4319\">Nikotyna<\/th>\n<th data-start=\"4319\" data-end=\"4349\">Dawka (mg\/ml)<\/th>\n<th data-start=\"4349\" data-end=\"4411\">Dla kogo jest odpowiedni<\/th>\n<\/tr>\n<\/thead>\n<tbody data-start=\"4535\" data-end=\"5065\">\n<tr data-start=\"4535\" data-end=\"4660\">\n<td>0% Nikotyna<\/td>\n<td>0%<\/td>\n<td>Dla vapist\u00f3w, kt\u00f3rzy chc\u0105 cieszy\u0107 si\u0119 smakiem bez nikotyny.<\/td>\n<\/tr>\n<tr data-start=\"4661\" data-end=\"4789\">\n<td>2% Nikotyna<\/td>\n<td>20mg\/ml<\/td>\n<td>Dla okazjonalnych palaczy, kt\u00f3rzy wol\u0105 \u0142agodniejsz\u0105 dawk\u0119 nikotyny.<\/td>\n<\/tr>\n<tr data-start=\"4790\" data-end=\"4934\">\n<td>3% Nikotyna<\/td>\n<td>30mg\/ml<\/td>\n<td>Dla vapist\u00f3w, kt\u00f3rzy pragn\u0105 zr\u00f3wnowa\u017conego po\u0142\u0105czenia smaku i nikotyny.<\/td>\n<\/tr>\n<tr data-start=\"4935\" data-end=\"5065\">\n<td>5% Nikotyna<\/td>\n<td>50mg\/ml<\/td>\n<td>Dla do\u015bwiadczonych vapist\u00f3w, kt\u00f3rzy wol\u0105 silniejszy zastrzyk nikotyny.<\/td>\n<\/tr>\n<\/tbody>\n<\/table>\n<\/div>\n<h3 data-start=\"5072\" data-end=\"5128\">Kompaktowy, wydajny i \u0142atwy w u\u017cyciu<\/h3>\n<p data-start=\"5130\" data-end=\"5251\">BANG KING 45000 Puffs oferuje nie tylko najwy\u017csz\u0105 wydajno\u015b\u0107, ale tak\u017ce przyjazn\u0105 obs\u0142ug\u0119:<\/p>\n<div class=\"overflow-x-auto contain-inline-size\">\n<table data-start=\"5253\" data-end=\"5721\">\n<thead data-start=\"5253\" data-end=\"5345\">\n<tr data-start=\"5253\" data-end=\"5345\">\n<th data-start=\"5253\" data-end=\"5284\">W\u0142a\u015bciwo\u015b\u0107<\/th>\n<th data-start=\"5284\" data-end=\"5345\">Szczeg\u00f3\u0142y<\/th>\n<\/tr>\n<\/thead>\n<tbody data-start=\"5439\" data-end=\"5721\">\n<tr data-start=\"5439\" data-end=\"5532\">\n<td>Rozmiar<\/td>\n<td>Kompaktowy i \u0142atwy do przenoszenia<\/td>\n<\/tr>\n<tr data-start=\"5533\" data-end=\"5627\">\n<td>Bez konieczno\u015bci konserwacji<\/td>\n<td>Nie wymaga uzupe\u0142niania lub wymiany coil\u00f3w<\/td>\n<\/tr>\n<tr data-start=\"5628\" data-end=\"5721\">\n<td>\u0141atwy w u\u017cyciu<\/td>\n<td>Gotowy do u\u017cycia zaraz po rozpakowaniu<\/td>\n<\/tr>\n<\/tbody>\n<\/table>\n<\/div>\n<h3 data-start=\"5728\" data-end=\"5775\">Informacje o opakowaniu i transporcie<\/h3>\n<p data-start=\"5777\" data-end=\"5879\">Dla sprzedawc\u00f3w i hurtownik\u00f3w BANG KING 45000 Puffs oferuje efektywn\u0105 struktur\u0119 opakowa\u0144:<\/p>\n<div class=\"overflow-x-auto contain-inline-size\">\n<table data-start=\"5881\" data-end=\"6349\">\n<thead data-start=\"5881\" data-end=\"5974\">\n<tr data-start=\"5881\" data-end=\"5974\">\n<th data-start=\"5881\" data-end=\"5913\">Jednostka pakowania<\/th>\n<th data-start=\"5913\" data-end=\"5974\">Szczeg\u00f3\u0142y<\/th>\n<\/tr>\n<\/thead>\n<tbody data-start=\"6068\" data-end=\"6349\">\n<tr data-start=\"6068\" data-end=\"6161\">\n<td>Pude\u0142ka na karton<\/td>\n<td>20 pude\u0142ek na karton<\/td>\n<\/tr>\n<tr data-start=\"6162\" data-end=\"6255\">\n<td>Sztuk na pude\u0142ko<\/td>\n<td>10 sztuk na pude\u0142ko<\/td>\n<\/tr>\n<tr data-start=\"6256\" data-end=\"6349\">\n<td>Rozmiary transportowe<\/td>\n<td>100 lub 200 sztuk w kartonie<\/td>\n<\/tr>\n<\/tbody>\n<\/table>\n<\/div>\n<p data-start=\"6351\" data-end=\"6446\">Te opcje opakowa\u0144 umo\u017cliwiaj\u0105 \u0142atw\u0105 obs\u0142ug\u0119 i bezproblemow\u0105 wysy\u0142k\u0119.<\/p>\n<h3 data-start=\"6453\" data-end=\"6519\">Premium jednorazowy produkt dla niezr\u00f3wnanej przyjemno\u015bci<\/h3>\n<p data-start=\"6521\" data-end=\"6820\">BANG KING 45000 Puffs to idealne urz\u0105dzenie dla palaczy, kt\u00f3rzy szukaj\u0105 r\u00f3\u017cnorodno\u015bci i jako\u015bci. Z trzema unikalnymi smakami, nowoczesn\u0105 technologi\u0105 Mesh-Coil, akumulatorem wielokrotnego \u0142adowania i r\u00f3\u017cnymi wariantami nikotyny, zapewnia wyj\u0105tkowe do\u015bwiadczenie palenia.<\/p>\n<p data-start=\"6822\" data-end=\"6861\">Zalety BANG KING 45000 Puffs:<\/p>\n<ul data-start=\"6863\" data-end=\"7155\">\n<li data-start=\"6863\" data-end=\"6918\">Trzy r\u00f3\u017cne smaki dla maksymalnej przyjemno\u015bci<\/li>\n<li data-start=\"6919\" data-end=\"6994\">Technologia Mesh-Coil dla intensywnego smaku i g\u0119stych chmur dymu<\/li>\n<li data-start=\"6995\" data-end=\"7052\">Akumulator wielokrotnego \u0142adowania z szybkim \u0142adowaniem Type-C<\/li>\n<li data-start=\"7053\" data-end=\"7100\">Indywidualne poziomy nikotyny od 0% do 5%<\/li>\n<li data-start=\"7101\" data-end=\"7155\">Brak konieczno\u015bci konserwacji, gotowy do natychmiastowego u\u017cycia<\/li>\n<\/ul>\n<p data-start=\"7157\" data-end=\"7332\" data-is-last-node=\"\" data-is-only-node=\"\">BANG KING 45000 Puffs to doskona\u0142y wyb\u00f3r dla palaczy poszukuj\u0105cych r\u00f3\u017cnorodno\u015bci, wydajno\u015bci i wygody. Zam\u00f3w ju\u017c teraz i do\u015bwiadcz nowego poziomu palenia!<\/p>","protected":false},"excerpt":{"rendered":"<p>\u2705 Ekstremalnie du\u017co papieros\u00f3w \u2013 do 45 000 poci\u0105gni\u0119\u0107, na dodatkow\u0105 d\u0142ug\u0105 zabaw\u0119 dymem!<br \/>\n\u2705 Brak op\u0142at celnych i darmowa wysy\u0142ka \u2013 Zam\u00f3w bez dodatkowych koszt\u00f3w!<br \/>\n\u2705 Trzy smaki w jednym \u2013 zmieniaj wed\u0142ug uznania, potr\u00f3jna przyjemno\u015b\u0107!<\/p>","protected":false},"featured_media":5620,"template":"","meta":[],"etheme_brands":[],"product_brand":[101],"product_cat":[66,49,61,87],"product_tag":[],"class_list":{"0":"post-5644","1":"product","2":"type-product","3":"status-publish","4":"has-post-thumbnail","6":"product_brand-bang-king-vape","7":"product_cat-45k-vape","8":"product_cat-einweg-e-zigarette","9":"product_cat-f","10":"product_cat-v","12":"first","13":"instock","14":"shipping-taxable","15":"purchasable","16":"product-type-variable"},"yoast_head":"<!-- This site is optimized with the Yoast SEO plugin v26.5 - https:\/\/yoast.com\/wordpress\/plugins\/seo\/ -->\n<title>Genie\u00dfen Sie BANG KING 45000 Bissen mit den Aromen Erdbeere Kiwi saure Mango Ananas und Red Bull | vapingnet.de<\/title>\n<meta name=\"description\" content=\"Genie\u00dfe mit BANG KING 45000 Puffs die Aromen von Strawberry Kiwi, Sour Mango Pineapple und Red Bull \u2013 intensiver Geschmack bis zum letzten Zug!\" \/>\n<meta name=\"robots\" content=\"index, follow, max-snippet:-1, max-image-preview:large, max-video-preview:-1\" \/>\n<link rel=\"canonical\" href=\"https:\/\/vapingnet.de\/pl\/vape\/geniessen-sie-bang-king-45000-bissen-mit-den-aromen-erdbeere-kiwi-saure-mango-ananas-und-red-bull\/\" \/>\n<meta property=\"og:locale\" content=\"pl_PL\" \/>\n<meta property=\"og:type\" content=\"article\" \/>\n<meta property=\"og:title\" content=\"Genie\u00dfen Sie BANG KING 45000 Bissen mit den Aromen Erdbeere Kiwi saure Mango Ananas und Red Bull | vapingnet.de\" \/>\n<meta property=\"og:description\" content=\"Genie\u00dfe mit BANG KING 45000 Puffs die Aromen von Strawberry Kiwi, Sour Mango Pineapple und Red Bull \u2013 intensiver Geschmack bis zum letzten Zug!\" \/>\n<meta property=\"og:url\" content=\"https:\/\/vapingnet.de\/pl\/vape\/geniessen-sie-bang-king-45000-bissen-mit-den-aromen-erdbeere-kiwi-saure-mango-ananas-und-red-bull\/\" \/>\n<meta property=\"og:site_name\" content=\"Vapingnet.de\" \/>\n<meta property=\"article:publisher\" content=\"https:\/\/www.facebook.com\/vapingnetde\/\" \/>\n<meta property=\"article:modified_time\" content=\"2025-06-19T03:40:38+00:00\" \/>\n<meta property=\"og:image\" content=\"https:\/\/vapingnet.de\/wp-content\/uploads\/2025\/03\/45k_Strawberry-Kiwi_Sour-Mango-Pineapple_Red-Bull-1.png\" \/>\n\t<meta property=\"og:image:width\" content=\"1000\" \/>\n\t<meta property=\"og:image:height\" content=\"1000\" \/>\n\t<meta property=\"og:image:type\" content=\"image\/png\" \/>\n<meta name=\"twitter:card\" content=\"summary_large_image\" \/>\n<meta name=\"twitter:label1\" content=\"Est. reading time\" \/>\n\t<meta name=\"twitter:data1\" content=\"4 minutes\" \/>\n<script type=\"application\/ld+json\" class=\"yoast-schema-graph\">{\"@context\":\"https:\/\/schema.org\",\"@graph\":[{\"@type\":\"WebPage\",\"@id\":\"https:\/\/vapingnet.de\/vape\/geniessen-sie-bang-king-45000-bissen-mit-den-aromen-erdbeere-kiwi-saure-mango-ananas-und-red-bull\/\",\"url\":\"https:\/\/vapingnet.de\/vape\/geniessen-sie-bang-king-45000-bissen-mit-den-aromen-erdbeere-kiwi-saure-mango-ananas-und-red-bull\/\",\"name\":\"Genie\u00dfen Sie BANG KING 45000 Bissen mit den Aromen Erdbeere Kiwi saure Mango Ananas und Red Bull | vapingnet.de\",\"isPartOf\":{\"@id\":\"https:\/\/vapingnet.de\/#website\"},\"primaryImageOfPage\":{\"@id\":\"https:\/\/vapingnet.de\/vape\/geniessen-sie-bang-king-45000-bissen-mit-den-aromen-erdbeere-kiwi-saure-mango-ananas-und-red-bull\/#primaryimage\"},\"image\":{\"@id\":\"https:\/\/vapingnet.de\/vape\/geniessen-sie-bang-king-45000-bissen-mit-den-aromen-erdbeere-kiwi-saure-mango-ananas-und-red-bull\/#primaryimage\"},\"thumbnailUrl\":\"https:\/\/vapingnet.de\/wp-content\/uploads\/2025\/03\/45k_Strawberry-Kiwi_Sour-Mango-Pineapple_Red-Bull-1.png\",\"datePublished\":\"2025-03-18T08:04:41+00:00\",\"dateModified\":\"2025-06-19T03:40:38+00:00\",\"description\":\"Genie\u00dfe mit BANG KING 45000 Puffs die Aromen von Strawberry Kiwi, Sour Mango Pineapple und Red Bull \u2013 intensiver Geschmack bis zum letzten Zug!\",\"breadcrumb\":{\"@id\":\"https:\/\/vapingnet.de\/vape\/geniessen-sie-bang-king-45000-bissen-mit-den-aromen-erdbeere-kiwi-saure-mango-ananas-und-red-bull\/#breadcrumb\"},\"inLanguage\":\"pl-PL\",\"potentialAction\":[{\"@type\":\"ReadAction\",\"target\":[\"https:\/\/vapingnet.de\/vape\/geniessen-sie-bang-king-45000-bissen-mit-den-aromen-erdbeere-kiwi-saure-mango-ananas-und-red-bull\/\"]}]},{\"@type\":\"ImageObject\",\"inLanguage\":\"pl-PL\",\"@id\":\"https:\/\/vapingnet.de\/vape\/geniessen-sie-bang-king-45000-bissen-mit-den-aromen-erdbeere-kiwi-saure-mango-ananas-und-red-bull\/#primaryimage\",\"url\":\"https:\/\/vapingnet.de\/wp-content\/uploads\/2025\/03\/45k_Strawberry-Kiwi_Sour-Mango-Pineapple_Red-Bull-1.png\",\"contentUrl\":\"https:\/\/vapingnet.de\/wp-content\/uploads\/2025\/03\/45k_Strawberry-Kiwi_Sour-Mango-Pineapple_Red-Bull-1.png\",\"width\":1000,\"height\":1000},{\"@type\":\"BreadcrumbList\",\"@id\":\"https:\/\/vapingnet.de\/vape\/geniessen-sie-bang-king-45000-bissen-mit-den-aromen-erdbeere-kiwi-saure-mango-ananas-und-red-bull\/#breadcrumb\",\"itemListElement\":[{\"@type\":\"ListItem\",\"position\":1,\"name\":\"Home\",\"item\":\"https:\/\/vapingnet.de\/\"},{\"@type\":\"ListItem\",\"position\":2,\"name\":\"Shop\",\"item\":\"https:\/\/vapingnet.de\/vape\/\"},{\"@type\":\"ListItem\",\"position\":3,\"name\":\"Genie\u00dfen Sie BANG KING 45000 Bissen mit den Aromen Erdbeere Kiwi saure Mango Ananas und Red Bull\"}]},{\"@type\":\"WebSite\",\"@id\":\"https:\/\/vapingnet.de\/#website\",\"url\":\"https:\/\/vapingnet.de\/\",\"name\":\"Vapingnet.de\",\"description\":\"\",\"publisher\":{\"@id\":\"https:\/\/vapingnet.de\/#organization\"},\"potentialAction\":[{\"@type\":\"SearchAction\",\"target\":{\"@type\":\"EntryPoint\",\"urlTemplate\":\"https:\/\/vapingnet.de\/?s={search_term_string}\"},\"query-input\":{\"@type\":\"PropertyValueSpecification\",\"valueRequired\":true,\"valueName\":\"search_term_string\"}}],\"inLanguage\":\"pl-PL\"},{\"@type\":\"Organization\",\"@id\":\"https:\/\/vapingnet.de\/#organization\",\"name\":\"Vapingnet.de\",\"url\":\"https:\/\/vapingnet.de\/\",\"logo\":{\"@type\":\"ImageObject\",\"inLanguage\":\"pl-PL\",\"@id\":\"https:\/\/vapingnet.de\/#\/schema\/logo\/image\/\",\"url\":\"https:\/\/vapingnet.de\/wp-content\/uploads\/2025\/03\/cropped-vapingnet.de_.jpg\",\"contentUrl\":\"https:\/\/vapingnet.de\/wp-content\/uploads\/2025\/03\/cropped-vapingnet.de_.jpg\",\"width\":512,\"height\":512,\"caption\":\"Vapingnet.de\"},\"image\":{\"@id\":\"https:\/\/vapingnet.de\/#\/schema\/logo\/image\/\"},\"sameAs\":[\"https:\/\/www.facebook.com\/vapingnetde\/\"]}]}<\/script>\n<!-- \/ Yoast SEO plugin. -->","yoast_head_json":{"title":"Genie\u00dfen Sie BANG KING 45000 Bissen mit den Aromen Erdbeere Kiwi saure Mango Ananas und Red Bull | vapingnet.de","description":"Genie\u00dfe mit BANG KING 45000 Puffs die Aromen von Strawberry Kiwi, Sour Mango Pineapple und Red Bull \u2013 intensiver Geschmack bis zum letzten Zug!","robots":{"index":"index","follow":"follow","max-snippet":"max-snippet:-1","max-image-preview":"max-image-preview:large","max-video-preview":"max-video-preview:-1"},"canonical":"https:\/\/vapingnet.de\/pl\/vape\/geniessen-sie-bang-king-45000-bissen-mit-den-aromen-erdbeere-kiwi-saure-mango-ananas-und-red-bull\/","og_locale":"pl_PL","og_type":"article","og_title":"Genie\u00dfen Sie BANG KING 45000 Bissen mit den Aromen Erdbeere Kiwi saure Mango Ananas und Red Bull | vapingnet.de","og_description":"Genie\u00dfe mit BANG KING 45000 Puffs die Aromen von Strawberry Kiwi, Sour Mango Pineapple und Red Bull \u2013 intensiver Geschmack bis zum letzten Zug!","og_url":"https:\/\/vapingnet.de\/pl\/vape\/geniessen-sie-bang-king-45000-bissen-mit-den-aromen-erdbeere-kiwi-saure-mango-ananas-und-red-bull\/","og_site_name":"Vapingnet.de","article_publisher":"https:\/\/www.facebook.com\/vapingnetde\/","article_modified_time":"2025-06-19T03:40:38+00:00","og_image":[{"width":1000,"height":1000,"url":"https:\/\/vapingnet.de\/wp-content\/uploads\/2025\/03\/45k_Strawberry-Kiwi_Sour-Mango-Pineapple_Red-Bull-1.png","type":"image\/png"}],"twitter_card":"summary_large_image","twitter_misc":{"Est. reading time":"4 minutes"},"schema":{"@context":"https:\/\/schema.org","@graph":[{"@type":"WebPage","@id":"https:\/\/vapingnet.de\/vape\/geniessen-sie-bang-king-45000-bissen-mit-den-aromen-erdbeere-kiwi-saure-mango-ananas-und-red-bull\/","url":"https:\/\/vapingnet.de\/vape\/geniessen-sie-bang-king-45000-bissen-mit-den-aromen-erdbeere-kiwi-saure-mango-ananas-und-red-bull\/","name":"Genie\u00dfen Sie BANG KING 45000 Bissen mit den Aromen Erdbeere Kiwi saure Mango Ananas und Red Bull | vapingnet.de","isPartOf":{"@id":"https:\/\/vapingnet.de\/#website"},"primaryImageOfPage":{"@id":"https:\/\/vapingnet.de\/vape\/geniessen-sie-bang-king-45000-bissen-mit-den-aromen-erdbeere-kiwi-saure-mango-ananas-und-red-bull\/#primaryimage"},"image":{"@id":"https:\/\/vapingnet.de\/vape\/geniessen-sie-bang-king-45000-bissen-mit-den-aromen-erdbeere-kiwi-saure-mango-ananas-und-red-bull\/#primaryimage"},"thumbnailUrl":"https:\/\/vapingnet.de\/wp-content\/uploads\/2025\/03\/45k_Strawberry-Kiwi_Sour-Mango-Pineapple_Red-Bull-1.png","datePublished":"2025-03-18T08:04:41+00:00","dateModified":"2025-06-19T03:40:38+00:00","description":"Genie\u00dfe mit BANG KING 45000 Puffs die Aromen von Strawberry Kiwi, Sour Mango Pineapple und Red Bull \u2013 intensiver Geschmack bis zum letzten Zug!","breadcrumb":{"@id":"https:\/\/vapingnet.de\/vape\/geniessen-sie-bang-king-45000-bissen-mit-den-aromen-erdbeere-kiwi-saure-mango-ananas-und-red-bull\/#breadcrumb"},"inLanguage":"pl-PL","potentialAction":[{"@type":"ReadAction","target":["https:\/\/vapingnet.de\/vape\/geniessen-sie-bang-king-45000-bissen-mit-den-aromen-erdbeere-kiwi-saure-mango-ananas-und-red-bull\/"]}]},{"@type":"ImageObject","inLanguage":"pl-PL","@id":"https:\/\/vapingnet.de\/vape\/geniessen-sie-bang-king-45000-bissen-mit-den-aromen-erdbeere-kiwi-saure-mango-ananas-und-red-bull\/#primaryimage","url":"https:\/\/vapingnet.de\/wp-content\/uploads\/2025\/03\/45k_Strawberry-Kiwi_Sour-Mango-Pineapple_Red-Bull-1.png","contentUrl":"https:\/\/vapingnet.de\/wp-content\/uploads\/2025\/03\/45k_Strawberry-Kiwi_Sour-Mango-Pineapple_Red-Bull-1.png","width":1000,"height":1000},{"@type":"BreadcrumbList","@id":"https:\/\/vapingnet.de\/vape\/geniessen-sie-bang-king-45000-bissen-mit-den-aromen-erdbeere-kiwi-saure-mango-ananas-und-red-bull\/#breadcrumb","itemListElement":[{"@type":"ListItem","position":1,"name":"Home","item":"https:\/\/vapingnet.de\/"},{"@type":"ListItem","position":2,"name":"Shop","item":"https:\/\/vapingnet.de\/vape\/"},{"@type":"ListItem","position":3,"name":"Genie\u00dfen Sie BANG KING 45000 Bissen mit den Aromen Erdbeere Kiwi saure Mango Ananas und Red Bull"}]},{"@type":"WebSite","@id":"https:\/\/vapingnet.de\/#website","url":"https:\/\/vapingnet.de\/","name":"Vapingnet.de","description":"","publisher":{"@id":"https:\/\/vapingnet.de\/#organization"},"potentialAction":[{"@type":"SearchAction","target":{"@type":"EntryPoint","urlTemplate":"https:\/\/vapingnet.de\/?s={search_term_string}"},"query-input":{"@type":"PropertyValueSpecification","valueRequired":true,"valueName":"search_term_string"}}],"inLanguage":"pl-PL"},{"@type":"Organization","@id":"https:\/\/vapingnet.de\/#organization","name":"Vapingnet.de","url":"https:\/\/vapingnet.de\/","logo":{"@type":"ImageObject","inLanguage":"pl-PL","@id":"https:\/\/vapingnet.de\/#\/schema\/logo\/image\/","url":"https:\/\/vapingnet.de\/wp-content\/uploads\/2025\/03\/cropped-vapingnet.de_.jpg","contentUrl":"https:\/\/vapingnet.de\/wp-content\/uploads\/2025\/03\/cropped-vapingnet.de_.jpg","width":512,"height":512,"caption":"Vapingnet.de"},"image":{"@id":"https:\/\/vapingnet.de\/#\/schema\/logo\/image\/"},"sameAs":["https:\/\/www.facebook.com\/vapingnetde\/"]}]}},"tiered_pricing_type":"fixed","tiered_pricing_fixed_rules":[],"tiered_pricing_product_settings":{"layout":"default","base_unit_name":{"singular":null,"plural":null},"default_variation":null},"tiered_pricing_minimum_quantity":null,"tiered_pricing_roles_data":[],"tiered_pricing_percentage_rules":[],"_links":{"self":[{"href":"https:\/\/vapingnet.de\/pl\/wp-json\/wp\/v2\/product\/5644","targetHints":{"allow":["GET"]}}],"collection":[{"href":"https:\/\/vapingnet.de\/pl\/wp-json\/wp\/v2\/product"}],"about":[{"href":"https:\/\/vapingnet.de\/pl\/wp-json\/wp\/v2\/types\/product"}],"version-history":[{"count":3,"href":"https:\/\/vapingnet.de\/pl\/wp-json\/wp\/v2\/product\/5644\/revisions"}],"predecessor-version":[{"id":5965,"href":"https:\/\/vapingnet.de\/pl\/wp-json\/wp\/v2\/product\/5644\/revisions\/5965"}],"wp:featuredmedia":[{"embeddable":true,"href":"https:\/\/vapingnet.de\/pl\/wp-json\/wp\/v2\/media\/5620"}],"wp:attachment":[{"href":"https:\/\/vapingnet.de\/pl\/wp-json\/wp\/v2\/media?parent=5644"}],"wp:term":[{"taxonomy":"brand","embeddable":true,"href":"https:\/\/vapingnet.de\/pl\/wp-json\/wp\/v2\/etheme_brands?post=5644"},{"taxonomy":"product_brand","embeddable":true,"href":"https:\/\/vapingnet.de\/pl\/wp-json\/wp\/v2\/product_brand?post=5644"},{"taxonomy":"product_cat","embeddable":true,"href":"https:\/\/vapingnet.de\/pl\/wp-json\/wp\/v2\/product_cat?post=5644"},{"taxonomy":"product_tag","embeddable":true,"href":"https:\/\/vapingnet.de\/pl\/wp-json\/wp\/v2\/product_tag?post=5644"}],"curies":[{"name":"wp","href":"https:\/\/api.w.org\/{rel}","templated":true}]}}