{"id":5646,"date":"2025-03-18T08:05:12","date_gmt":"2025-03-18T08:05:12","guid":{"rendered":"https:\/\/vapingnet.de\/?post_type=product&#038;p=5646"},"modified":"2025-06-19T03:40:38","modified_gmt":"2025-06-19T03:40:38","slug":"bang-king-45000-vape-bringen-die-perfekten-aromen-von-tropischen-fruechten-erdbeer-wassermelone-und-zitronenpfirsich","status":"publish","type":"product","link":"https:\/\/vapingnet.de\/pl\/vape\/bang-king-45000-vape-bringen-die-perfekten-aromen-von-tropischen-fruechten-erdbeer-wassermelone-und-zitronenpfirsich\/","title":{"rendered":"BANG KING 45000 Vape zapewnia idealne aromaty tropikalnych owoc\u00f3w, truskawki, arbuz i brzoskwinia z cytryn\u0105"},"content":{"rendered":"<h2 data-start=\"0\" data-end=\"89\">BANG KING 45000 Pali \u2013 Ostateczne doznanie vapingowe z trzema unikalnymi aromatami<\/h2>\n<p data-start=\"91\" data-end=\"416\">BANG KING 45000 Puffs wyznacza nowe standardy w dziedzinie <strong><a href=\"https:\/\/vapingnet.de\/pl\/k\/einweg-e-zigarette\/\">Jednorazowe e-papierosy<\/a><\/strong>. Z ogromn\u0105 pojemno\u015bci\u0105 <strong><a href=\"https:\/\/vapingnet.de\/pl\/k\/45k-vape\/\">45k vape<\/a><\/strong>, trzema oddzielnie wybieranymi aromatami i nowoczesn\u0105 technologi\u0105 Mesh-Coil, to urz\u0105dzenie oferuje niezwyk\u0142e doznania vapingowe dla wszystkich, kt\u00f3rzy szukaj\u0105 r\u00f3\u017cnorodno\u015bci i intensywnego smaku.<\/p>\n<p data-start=\"418\" data-end=\"593\">Niezale\u017cnie od tego, czy szukasz s\u0142odkich owoc\u00f3w, orze\u017awiaj\u0105cych nut cytrusowych, czy egzotycznego akcentu \u2013 ten model \u0142\u0105czy trzy idealnie dopasowane smaki w jednym urz\u0105dzeniu.<\/p>\n<h3 data-start=\"595\" data-end=\"645\">Trzy doznania smakowe w jednym urz\u0105dzeniu<\/h3>\n<p data-start=\"647\" data-end=\"937\">W przeciwie\u0144stwie do tradycyjnych jednorazowych vape'\u00f3w, kt\u00f3re oferuj\u0105 tylko jeden aromat, <strong><a href=\"https:\/\/vapingnet.de\/pl\/bang-king-45000-puffs\/\">BANG KING 45000 Puffs<\/a><\/strong> umo\u017cliwia prze\u0142\u0105czanie mi\u0119dzy trzema oddzielnymi smakami. Dzi\u0119ki temu mo\u017cesz modyfikowa\u0107 swoje doznania vapingowe wed\u0142ug w\u0142asnego gustu, nie musz\u0105c nosi\u0107 ze sob\u0105 kilku urz\u0105dze\u0144.<\/p>\n<h4 data-start=\"939\" data-end=\"992\">1. Tropikalne Owoce \u2013 Esencja lata<\/h4>\n<p data-start=\"993\" data-end=\"1290\">Ten smak przenosi aromaty tropik\u00f3w bezpo\u015brednio do Twojego vapingowego do\u015bwiadczenia. Harmonijna mieszanka soczystych egzotycznych owoc\u00f3w, kt\u00f3re perfekcyjnie \u0142\u0105cz\u0105 s\u0142odycz z lekk\u0105 kwasowo\u015bci\u0105. Tropikalna \u015bwie\u017co\u015b\u0107 spotyka si\u0119 z naturaln\u0105 s\u0142odycz\u0105, czyni\u0105c ka\u017cdy zaci\u0105g chwil\u0105 wakacji.<\/p>\n<h4 data-start=\"1292\" data-end=\"1348\">2. Truskawka Arbuz \u2013 Owocowa harmonia<\/h4>\n<p data-start=\"1349\" data-end=\"1630\">Klasyczne, ale niezr\u00f3wnane po\u0142\u0105czenie: s\u0142odkie, dojrza\u0142e truskawki \u0142\u0105cz\u0105 si\u0119 z soczystym, orze\u017awiaj\u0105cym arbuzem, zapewniaj\u0105c pe\u0142ne i przyjemne doznanie smakowe. Idealne dla tych, kt\u00f3rzy preferuj\u0105 s\u0142odki, ale lekki owocowy akcent.<\/p>\n<h4 data-start=\"1632\" data-end=\"1685\">3. Cytryna Brzoskwinia \u2013 Orze\u017awiaj\u0105ce i s\u0142odkie jednocze\u015bnie<\/h4>\n<p data-start=\"1686\" data-end=\"1983\">Ten aromat \u0142\u0105czy orze\u017awiaj\u0105cy, lekko kwa\u015bny smak cytryny z mi\u0119kkim, s\u0142odkim akcentem brzoskwini. Idealna r\u00f3wnowaga mi\u0119dzy orze\u017awiaj\u0105c\u0105 \u015bwie\u017co\u015bci\u0105 a delikatn\u0105 owocowo\u015bci\u0105 \u2013 dla tych, kt\u00f3rzy wol\u0105 lekkie, ale pobudzaj\u0105ce nuty smakowe.<\/p>\n<h3 data-start=\"1985\" data-end=\"2042\">Techniczne cechy BANG KING 45000 Pali<\/h3>\n<div class=\"overflow-x-auto contain-inline-size\">\n<table data-start=\"2044\" data-end=\"2533\">\n<thead data-start=\"2044\" data-end=\"2084\">\n<tr data-start=\"2044\" data-end=\"2084\">\n<th data-start=\"2044\" data-end=\"2068\">W\u0142a\u015bciwo\u015b\u0107<\/th>\n<th data-start=\"2068\" data-end=\"2084\">Szczeg\u00f3\u0142y<\/th>\n<\/tr>\n<\/thead>\n<tbody data-start=\"2124\" data-end=\"2533\">\n<tr data-start=\"2124\" data-end=\"2162\">\n<td>Puffs<\/td>\n<td>45 000 poci\u0105gni\u0119\u0107<\/td>\n<\/tr>\n<tr data-start=\"2163\" data-end=\"2210\">\n<td>Pojemno\u015b\u0107 e-liquid<\/td>\n<td>15ml + 15ml + 15ml<\/td>\n<\/tr>\n<tr data-start=\"2211\" data-end=\"2254\">\n<td>Typ cewki<\/td>\n<td>Mesh Coil 1.0 Ohm<\/td>\n<\/tr>\n<tr data-start=\"2255\" data-end=\"2296\">\n<td>St\u0119\u017cenie nikotyny<\/td>\n<td>0%, 2%, 3%, 5%<\/td>\n<\/tr>\n<tr data-start=\"2297\" data-end=\"2346\">\n<td>Akumulator<\/td>\n<td>650mAh, wielokrotnie \u0142adowalny<\/td>\n<\/tr>\n<tr data-start=\"2347\" data-end=\"2379\">\n<td>Gniazdo \u0142adowania<\/td>\n<td>Type-C<\/td>\n<\/tr>\n<tr data-start=\"2380\" data-end=\"2419\">\n<td>Czas \u0142adowania<\/td>\n<td>Oko\u0142o 2 godziny<\/td>\n<\/tr>\n<tr data-start=\"2420\" data-end=\"2451\">\n<td>Tryb mechaniczny<\/td>\n<td>Nie<\/td>\n<\/tr>\n<tr data-start=\"2452\" data-end=\"2481\">\n<td>Jednorazowe urz\u0105dzenie<\/td>\n<td>Ja<\/td>\n<\/tr>\n<tr data-start=\"2482\" data-end=\"2533\">\n<td>Opcje smakowe<\/td>\n<td>12 r\u00f3\u017cnych smak\u00f3w<\/td>\n<\/tr>\n<\/tbody>\n<\/table>\n<\/div>\n<h3 data-start=\"2535\" data-end=\"2573\">Dlaczego BANG KING 45000 puf\u00f3w?<\/h3>\n<h4 data-start=\"2575\" data-end=\"2635\">1. Trzy aromaty w jednym urz\u0105dzeniu \u2013 Maksymalna r\u00f3\u017cnorodno\u015b\u0107<\/h4>\n<ul data-start=\"2636\" data-end=\"2833\">\n<li data-start=\"2636\" data-end=\"2719\">Indywidualny smak: prze\u0142\u0105czaj mi\u0119dzy trzema intensywnymi aromatami wed\u0142ug w\u0142asnego uznania.<\/li>\n<li data-start=\"2720\" data-end=\"2833\">Perfekcyjne dopasowanie: kombinacje s\u0105 specjalnie wybrane, aby zapewni\u0107 harmonijne doznania vapingowe.<\/li>\n<\/ul>\n<h4 data-start=\"2835\" data-end=\"2895\">2. Technologia Mesh-Coil dla intensywnego smaku<\/h4>\n<p data-start=\"2896\" data-end=\"2986\">Dzi\u0119ki nowoczesnym 1.0-Ohm Mesh-Coil, e-liquid jest r\u00f3wnomiernie podgrzewany, co zapewnia:<\/p>\n<ul data-start=\"2987\" data-end=\"3129\">\n<li data-start=\"2987\" data-end=\"3026\">Intensywne uwalnianie aromat\u00f3w zapewnia<\/li>\n<li data-start=\"3027\" data-end=\"3061\">Tworzy g\u0119ste chmury pary<\/li>\n<li data-start=\"3062\" data-end=\"3129\">Gwarantuje sta\u0142\u0105 jako\u015b\u0107 smaku a\u017c do ostatniego zaci\u0105gni\u0119cia<\/li>\n<\/ul>\n<h4 data-start=\"3131\" data-end=\"3198\">3. Wielokrotnego \u0142adowania akumulator 650mAh z funkcj\u0105 szybkiego \u0142adowania<\/h4>\n<ul data-start=\"3199\" data-end=\"3371\">\n<li data-start=\"3199\" data-end=\"3264\">Z\u0142\u0105cze \u0142adowania typu C dla szybkiego i prostego \u0142adowania<\/li>\n<li data-start=\"3265\" data-end=\"3305\">W pe\u0142ni na\u0142adowany w oko\u0142o 2 godziny<\/li>\n<li data-start=\"3306\" data-end=\"3371\">Mo\u017cliwo\u015b\u0107 wielokrotnego \u0142adowania przed wyrzuceniem urz\u0105dzenia<\/li>\n<\/ul>\n<h4 data-start=\"3373\" data-end=\"3429\">4. Dost\u0119pne poziomy nikotyny dla ka\u017cdego potrzebuj\u0105cego<\/h4>\n<ul data-start=\"3430\" data-end=\"3713\">\n<li data-start=\"3430\" data-end=\"3487\">0% (beznikotynowy) \u2013 Dla czystej przyjemno\u015bci bez nikotyny<\/li>\n<li data-start=\"3488\" data-end=\"3555\">2% (20mg\/ml) \u2013 Lekka moc nikotyny do relaksuj\u0105cego vapowania<\/li>\n<li data-start=\"3556\" data-end=\"3626\">3% (30mg\/ml) \u2013 Idealna r\u00f3wnowaga mi\u0119dzy smakiem a nikotyn\u0105<\/li>\n<li data-start=\"3627\" data-end=\"3713\">5% (50mg\/ml) \u2013 Dla do\u015bwiadczonych palaczy, kt\u00f3rzy chc\u0105 silniejszego efektu nikotynowego<\/li>\n<\/ul>\n<h3 data-start=\"3715\" data-end=\"3749\">Pakowanie i transport<\/h3>\n<div class=\"overflow-x-auto contain-inline-size\">\n<table data-start=\"3751\" data-end=\"3989\">\n<thead data-start=\"3751\" data-end=\"3792\">\n<tr data-start=\"3751\" data-end=\"3792\">\n<th data-start=\"3751\" data-end=\"3776\">Jednostka pakowania<\/th>\n<th data-start=\"3776\" data-end=\"3792\">Szczeg\u00f3\u0142y<\/th>\n<\/tr>\n<\/thead>\n<tbody data-start=\"3832\" data-end=\"3989\">\n<tr data-start=\"3832\" data-end=\"3867\">\n<td>Pro Opakowanie<\/td>\n<td>10 sztuk<\/td>\n<\/tr>\n<tr data-start=\"3868\" data-end=\"3924\">\n<td>Pro Karton<\/td>\n<td>20 pude\u0142ek (100 lub 200 sztuk)<\/td>\n<\/tr>\n<tr data-start=\"3925\" data-end=\"3989\">\n<td>Rozmiar transportowy<\/td>\n<td>Kartoniowe opakowanie dla bezpiecznej wysy\u0142ki<\/td>\n<\/tr>\n<\/tbody>\n<\/table>\n<\/div>\n<h3 data-start=\"3991\" data-end=\"4060\">Wysokiej jako\u015bci jednorazowy vape z unikalnym smakiem<\/h3>\n<p data-start=\"4061\" data-end=\"4164\">BANG KING 45000 Puffs oferuje d\u0142ugotrwa\u0142e, intensywne i elastyczne do\u015bwiadczenie vapowania.<\/p>\n<p data-start=\"4166\" data-end=\"4429\">Trzy r\u00f3\u017cnorodne aromaty w jednym urz\u0105dzeniu<br data-start=\"4217\" data-end=\"4220\" \/>Najnowocze\u015bniejsza technologia mesh-coil dla maksymalnego smaku<br data-start=\"4281\" data-end=\"4284\" \/>Wielokrotnego \u0142adowania akumulator z funkcj\u0105 szybkiego \u0142adowania<br data-start=\"4336\" data-end=\"4339\" \/>Du\u017ca liczba zaci\u0105gni\u0119\u0107 z 45 000 puffs<br data-start=\"4377\" data-end=\"4380\" \/>Dost\u0119pny w r\u00f3\u017cnych poziomach nikotyny<\/p>\n<p data-start=\"4431\" data-end=\"4594\" data-is-last-node=\"\" data-is-only-node=\"\">Do\u015bwiadcz idealnej kombinacji intensywnych aromat\u00f3w, mocnej wydajno\u015bci i maksymalnej elastyczno\u015bci \u2013 zam\u00f3w ju\u017c teraz i ciesz si\u0119 najlepszym do\u015bwiadczeniem vapowania!<\/p>","protected":false},"excerpt":{"rendered":"<p>\u2705 Ekstremalnie du\u017co papieros\u00f3w \u2013 do 45 000 poci\u0105gni\u0119\u0107, na dodatkow\u0105 d\u0142ug\u0105 zabaw\u0119 dymem!<br \/>\n\u2705 Brak op\u0142at celnych i darmowa wysy\u0142ka \u2013 Zam\u00f3w bez dodatkowych koszt\u00f3w!<br \/>\n\u2705 Trzy smaki w jednym \u2013 zmieniaj wed\u0142ug uznania, potr\u00f3jna przyjemno\u015b\u0107!<\/p>","protected":false},"featured_media":5623,"template":"","meta":[],"etheme_brands":[],"product_brand":[101],"product_cat":[66,49,61,87],"product_tag":[],"class_list":{"0":"post-5646","1":"product","2":"type-product","3":"status-publish","4":"has-post-thumbnail","6":"product_brand-bang-king-vape","7":"product_cat-45k-vape","8":"product_cat-einweg-e-zigarette","9":"product_cat-f","10":"product_cat-v","12":"first","13":"instock","14":"shipping-taxable","15":"purchasable","16":"product-type-variable"},"yoast_head":"<!-- This site is optimized with the Yoast SEO plugin v26.5 - https:\/\/yoast.com\/wordpress\/plugins\/seo\/ -->\n<title>BANG KING 45000 Vape bringen die perfekten Aromen von tropischen Fr\u00fcchten Erdbeer-Wassermelone und Zitronenpfirsich | vapingnet.de<\/title>\n<meta name=\"description\" content=\"Erlebe mit BANG KING 45000 Puffs die perfekten Aromen von Tropical Fruit, Strawberry Watermelon und Lemon Peach \u2013 purer Genuss!\" \/>\n<meta name=\"robots\" content=\"index, follow, max-snippet:-1, max-image-preview:large, max-video-preview:-1\" \/>\n<link rel=\"canonical\" href=\"https:\/\/vapingnet.de\/pl\/vape\/bang-king-45000-vape-bringen-die-perfekten-aromen-von-tropischen-fruechten-erdbeer-wassermelone-und-zitronenpfirsich\/\" \/>\n<meta property=\"og:locale\" content=\"pl_PL\" \/>\n<meta property=\"og:type\" content=\"article\" \/>\n<meta property=\"og:title\" content=\"BANG KING 45000 Vape bringen die perfekten Aromen von tropischen Fr\u00fcchten Erdbeer-Wassermelone und Zitronenpfirsich | vapingnet.de\" \/>\n<meta property=\"og:description\" content=\"Erlebe mit BANG KING 45000 Puffs die perfekten Aromen von Tropical Fruit, Strawberry Watermelon und Lemon Peach \u2013 purer Genuss!\" \/>\n<meta property=\"og:url\" content=\"https:\/\/vapingnet.de\/pl\/vape\/bang-king-45000-vape-bringen-die-perfekten-aromen-von-tropischen-fruechten-erdbeer-wassermelone-und-zitronenpfirsich\/\" \/>\n<meta property=\"og:site_name\" content=\"Vapingnet.de\" \/>\n<meta property=\"article:publisher\" content=\"https:\/\/www.facebook.com\/vapingnetde\/\" \/>\n<meta property=\"article:modified_time\" content=\"2025-06-19T03:40:38+00:00\" \/>\n<meta property=\"og:image\" content=\"https:\/\/vapingnet.de\/wp-content\/uploads\/2025\/03\/45k_Tropical-Fruit_Strawberry-Watermelon_Lemon-Peach-1.png\" \/>\n\t<meta property=\"og:image:width\" content=\"1000\" \/>\n\t<meta property=\"og:image:height\" content=\"1000\" \/>\n\t<meta property=\"og:image:type\" content=\"image\/png\" \/>\n<meta name=\"twitter:card\" content=\"summary_large_image\" \/>\n<meta name=\"twitter:label1\" content=\"Est. reading time\" \/>\n\t<meta name=\"twitter:data1\" content=\"3 minutes\" \/>\n<script type=\"application\/ld+json\" class=\"yoast-schema-graph\">{\"@context\":\"https:\/\/schema.org\",\"@graph\":[{\"@type\":\"WebPage\",\"@id\":\"https:\/\/vapingnet.de\/vape\/bang-king-45000-vape-bringen-die-perfekten-aromen-von-tropischen-fruechten-erdbeer-wassermelone-und-zitronenpfirsich\/\",\"url\":\"https:\/\/vapingnet.de\/vape\/bang-king-45000-vape-bringen-die-perfekten-aromen-von-tropischen-fruechten-erdbeer-wassermelone-und-zitronenpfirsich\/\",\"name\":\"BANG KING 45000 Vape bringen die perfekten Aromen von tropischen Fr\u00fcchten Erdbeer-Wassermelone und Zitronenpfirsich | vapingnet.de\",\"isPartOf\":{\"@id\":\"https:\/\/vapingnet.de\/#website\"},\"primaryImageOfPage\":{\"@id\":\"https:\/\/vapingnet.de\/vape\/bang-king-45000-vape-bringen-die-perfekten-aromen-von-tropischen-fruechten-erdbeer-wassermelone-und-zitronenpfirsich\/#primaryimage\"},\"image\":{\"@id\":\"https:\/\/vapingnet.de\/vape\/bang-king-45000-vape-bringen-die-perfekten-aromen-von-tropischen-fruechten-erdbeer-wassermelone-und-zitronenpfirsich\/#primaryimage\"},\"thumbnailUrl\":\"https:\/\/vapingnet.de\/wp-content\/uploads\/2025\/03\/45k_Tropical-Fruit_Strawberry-Watermelon_Lemon-Peach-1.png\",\"datePublished\":\"2025-03-18T08:05:12+00:00\",\"dateModified\":\"2025-06-19T03:40:38+00:00\",\"description\":\"Erlebe mit BANG KING 45000 Puffs die perfekten Aromen von Tropical Fruit, Strawberry Watermelon und Lemon Peach \u2013 purer Genuss!\",\"breadcrumb\":{\"@id\":\"https:\/\/vapingnet.de\/vape\/bang-king-45000-vape-bringen-die-perfekten-aromen-von-tropischen-fruechten-erdbeer-wassermelone-und-zitronenpfirsich\/#breadcrumb\"},\"inLanguage\":\"pl-PL\",\"potentialAction\":[{\"@type\":\"ReadAction\",\"target\":[\"https:\/\/vapingnet.de\/vape\/bang-king-45000-vape-bringen-die-perfekten-aromen-von-tropischen-fruechten-erdbeer-wassermelone-und-zitronenpfirsich\/\"]}]},{\"@type\":\"ImageObject\",\"inLanguage\":\"pl-PL\",\"@id\":\"https:\/\/vapingnet.de\/vape\/bang-king-45000-vape-bringen-die-perfekten-aromen-von-tropischen-fruechten-erdbeer-wassermelone-und-zitronenpfirsich\/#primaryimage\",\"url\":\"https:\/\/vapingnet.de\/wp-content\/uploads\/2025\/03\/45k_Tropical-Fruit_Strawberry-Watermelon_Lemon-Peach-1.png\",\"contentUrl\":\"https:\/\/vapingnet.de\/wp-content\/uploads\/2025\/03\/45k_Tropical-Fruit_Strawberry-Watermelon_Lemon-Peach-1.png\",\"width\":1000,\"height\":1000},{\"@type\":\"BreadcrumbList\",\"@id\":\"https:\/\/vapingnet.de\/vape\/bang-king-45000-vape-bringen-die-perfekten-aromen-von-tropischen-fruechten-erdbeer-wassermelone-und-zitronenpfirsich\/#breadcrumb\",\"itemListElement\":[{\"@type\":\"ListItem\",\"position\":1,\"name\":\"Home\",\"item\":\"https:\/\/vapingnet.de\/\"},{\"@type\":\"ListItem\",\"position\":2,\"name\":\"Shop\",\"item\":\"https:\/\/vapingnet.de\/vape\/\"},{\"@type\":\"ListItem\",\"position\":3,\"name\":\"BANG KING 45000 Vape bringen die perfekten Aromen von tropischen Fr\u00fcchten Erdbeer-Wassermelone und Zitronenpfirsich\"}]},{\"@type\":\"WebSite\",\"@id\":\"https:\/\/vapingnet.de\/#website\",\"url\":\"https:\/\/vapingnet.de\/\",\"name\":\"Vapingnet.de\",\"description\":\"\",\"publisher\":{\"@id\":\"https:\/\/vapingnet.de\/#organization\"},\"potentialAction\":[{\"@type\":\"SearchAction\",\"target\":{\"@type\":\"EntryPoint\",\"urlTemplate\":\"https:\/\/vapingnet.de\/?s={search_term_string}\"},\"query-input\":{\"@type\":\"PropertyValueSpecification\",\"valueRequired\":true,\"valueName\":\"search_term_string\"}}],\"inLanguage\":\"pl-PL\"},{\"@type\":\"Organization\",\"@id\":\"https:\/\/vapingnet.de\/#organization\",\"name\":\"Vapingnet.de\",\"url\":\"https:\/\/vapingnet.de\/\",\"logo\":{\"@type\":\"ImageObject\",\"inLanguage\":\"pl-PL\",\"@id\":\"https:\/\/vapingnet.de\/#\/schema\/logo\/image\/\",\"url\":\"https:\/\/vapingnet.de\/wp-content\/uploads\/2025\/03\/cropped-vapingnet.de_.jpg\",\"contentUrl\":\"https:\/\/vapingnet.de\/wp-content\/uploads\/2025\/03\/cropped-vapingnet.de_.jpg\",\"width\":512,\"height\":512,\"caption\":\"Vapingnet.de\"},\"image\":{\"@id\":\"https:\/\/vapingnet.de\/#\/schema\/logo\/image\/\"},\"sameAs\":[\"https:\/\/www.facebook.com\/vapingnetde\/\"]}]}<\/script>\n<!-- \/ Yoast SEO plugin. -->","yoast_head_json":{"title":"BANG KING 45000 Vape bringen die perfekten Aromen von tropischen Fr\u00fcchten Erdbeer-Wassermelone und Zitronenpfirsich | vapingnet.de","description":"Erlebe mit BANG KING 45000 Puffs die perfekten Aromen von Tropical Fruit, Strawberry Watermelon und Lemon Peach \u2013 purer Genuss!","robots":{"index":"index","follow":"follow","max-snippet":"max-snippet:-1","max-image-preview":"max-image-preview:large","max-video-preview":"max-video-preview:-1"},"canonical":"https:\/\/vapingnet.de\/pl\/vape\/bang-king-45000-vape-bringen-die-perfekten-aromen-von-tropischen-fruechten-erdbeer-wassermelone-und-zitronenpfirsich\/","og_locale":"pl_PL","og_type":"article","og_title":"BANG KING 45000 Vape bringen die perfekten Aromen von tropischen Fr\u00fcchten Erdbeer-Wassermelone und Zitronenpfirsich | vapingnet.de","og_description":"Erlebe mit BANG KING 45000 Puffs die perfekten Aromen von Tropical Fruit, Strawberry Watermelon und Lemon Peach \u2013 purer Genuss!","og_url":"https:\/\/vapingnet.de\/pl\/vape\/bang-king-45000-vape-bringen-die-perfekten-aromen-von-tropischen-fruechten-erdbeer-wassermelone-und-zitronenpfirsich\/","og_site_name":"Vapingnet.de","article_publisher":"https:\/\/www.facebook.com\/vapingnetde\/","article_modified_time":"2025-06-19T03:40:38+00:00","og_image":[{"width":1000,"height":1000,"url":"https:\/\/vapingnet.de\/wp-content\/uploads\/2025\/03\/45k_Tropical-Fruit_Strawberry-Watermelon_Lemon-Peach-1.png","type":"image\/png"}],"twitter_card":"summary_large_image","twitter_misc":{"Est. reading time":"3 minutes"},"schema":{"@context":"https:\/\/schema.org","@graph":[{"@type":"WebPage","@id":"https:\/\/vapingnet.de\/vape\/bang-king-45000-vape-bringen-die-perfekten-aromen-von-tropischen-fruechten-erdbeer-wassermelone-und-zitronenpfirsich\/","url":"https:\/\/vapingnet.de\/vape\/bang-king-45000-vape-bringen-die-perfekten-aromen-von-tropischen-fruechten-erdbeer-wassermelone-und-zitronenpfirsich\/","name":"BANG KING 45000 Vape bringen die perfekten Aromen von tropischen Fr\u00fcchten Erdbeer-Wassermelone und Zitronenpfirsich | vapingnet.de","isPartOf":{"@id":"https:\/\/vapingnet.de\/#website"},"primaryImageOfPage":{"@id":"https:\/\/vapingnet.de\/vape\/bang-king-45000-vape-bringen-die-perfekten-aromen-von-tropischen-fruechten-erdbeer-wassermelone-und-zitronenpfirsich\/#primaryimage"},"image":{"@id":"https:\/\/vapingnet.de\/vape\/bang-king-45000-vape-bringen-die-perfekten-aromen-von-tropischen-fruechten-erdbeer-wassermelone-und-zitronenpfirsich\/#primaryimage"},"thumbnailUrl":"https:\/\/vapingnet.de\/wp-content\/uploads\/2025\/03\/45k_Tropical-Fruit_Strawberry-Watermelon_Lemon-Peach-1.png","datePublished":"2025-03-18T08:05:12+00:00","dateModified":"2025-06-19T03:40:38+00:00","description":"Erlebe mit BANG KING 45000 Puffs die perfekten Aromen von Tropical Fruit, Strawberry Watermelon und Lemon Peach \u2013 purer Genuss!","breadcrumb":{"@id":"https:\/\/vapingnet.de\/vape\/bang-king-45000-vape-bringen-die-perfekten-aromen-von-tropischen-fruechten-erdbeer-wassermelone-und-zitronenpfirsich\/#breadcrumb"},"inLanguage":"pl-PL","potentialAction":[{"@type":"ReadAction","target":["https:\/\/vapingnet.de\/vape\/bang-king-45000-vape-bringen-die-perfekten-aromen-von-tropischen-fruechten-erdbeer-wassermelone-und-zitronenpfirsich\/"]}]},{"@type":"ImageObject","inLanguage":"pl-PL","@id":"https:\/\/vapingnet.de\/vape\/bang-king-45000-vape-bringen-die-perfekten-aromen-von-tropischen-fruechten-erdbeer-wassermelone-und-zitronenpfirsich\/#primaryimage","url":"https:\/\/vapingnet.de\/wp-content\/uploads\/2025\/03\/45k_Tropical-Fruit_Strawberry-Watermelon_Lemon-Peach-1.png","contentUrl":"https:\/\/vapingnet.de\/wp-content\/uploads\/2025\/03\/45k_Tropical-Fruit_Strawberry-Watermelon_Lemon-Peach-1.png","width":1000,"height":1000},{"@type":"BreadcrumbList","@id":"https:\/\/vapingnet.de\/vape\/bang-king-45000-vape-bringen-die-perfekten-aromen-von-tropischen-fruechten-erdbeer-wassermelone-und-zitronenpfirsich\/#breadcrumb","itemListElement":[{"@type":"ListItem","position":1,"name":"Home","item":"https:\/\/vapingnet.de\/"},{"@type":"ListItem","position":2,"name":"Shop","item":"https:\/\/vapingnet.de\/vape\/"},{"@type":"ListItem","position":3,"name":"BANG KING 45000 Vape bringen die perfekten Aromen von tropischen Fr\u00fcchten Erdbeer-Wassermelone und Zitronenpfirsich"}]},{"@type":"WebSite","@id":"https:\/\/vapingnet.de\/#website","url":"https:\/\/vapingnet.de\/","name":"Vapingnet.de","description":"","publisher":{"@id":"https:\/\/vapingnet.de\/#organization"},"potentialAction":[{"@type":"SearchAction","target":{"@type":"EntryPoint","urlTemplate":"https:\/\/vapingnet.de\/?s={search_term_string}"},"query-input":{"@type":"PropertyValueSpecification","valueRequired":true,"valueName":"search_term_string"}}],"inLanguage":"pl-PL"},{"@type":"Organization","@id":"https:\/\/vapingnet.de\/#organization","name":"Vapingnet.de","url":"https:\/\/vapingnet.de\/","logo":{"@type":"ImageObject","inLanguage":"pl-PL","@id":"https:\/\/vapingnet.de\/#\/schema\/logo\/image\/","url":"https:\/\/vapingnet.de\/wp-content\/uploads\/2025\/03\/cropped-vapingnet.de_.jpg","contentUrl":"https:\/\/vapingnet.de\/wp-content\/uploads\/2025\/03\/cropped-vapingnet.de_.jpg","width":512,"height":512,"caption":"Vapingnet.de"},"image":{"@id":"https:\/\/vapingnet.de\/#\/schema\/logo\/image\/"},"sameAs":["https:\/\/www.facebook.com\/vapingnetde\/"]}]}},"tiered_pricing_type":"fixed","tiered_pricing_fixed_rules":[],"tiered_pricing_product_settings":{"layout":"default","base_unit_name":{"singular":null,"plural":null},"default_variation":null},"tiered_pricing_minimum_quantity":null,"tiered_pricing_roles_data":[],"tiered_pricing_percentage_rules":[],"_links":{"self":[{"href":"https:\/\/vapingnet.de\/pl\/wp-json\/wp\/v2\/product\/5646","targetHints":{"allow":["GET"]}}],"collection":[{"href":"https:\/\/vapingnet.de\/pl\/wp-json\/wp\/v2\/product"}],"about":[{"href":"https:\/\/vapingnet.de\/pl\/wp-json\/wp\/v2\/types\/product"}],"version-history":[{"count":3,"href":"https:\/\/vapingnet.de\/pl\/wp-json\/wp\/v2\/product\/5646\/revisions"}],"predecessor-version":[{"id":5964,"href":"https:\/\/vapingnet.de\/pl\/wp-json\/wp\/v2\/product\/5646\/revisions\/5964"}],"wp:featuredmedia":[{"embeddable":true,"href":"https:\/\/vapingnet.de\/pl\/wp-json\/wp\/v2\/media\/5623"}],"wp:attachment":[{"href":"https:\/\/vapingnet.de\/pl\/wp-json\/wp\/v2\/media?parent=5646"}],"wp:term":[{"taxonomy":"brand","embeddable":true,"href":"https:\/\/vapingnet.de\/pl\/wp-json\/wp\/v2\/etheme_brands?post=5646"},{"taxonomy":"product_brand","embeddable":true,"href":"https:\/\/vapingnet.de\/pl\/wp-json\/wp\/v2\/product_brand?post=5646"},{"taxonomy":"product_cat","embeddable":true,"href":"https:\/\/vapingnet.de\/pl\/wp-json\/wp\/v2\/product_cat?post=5646"},{"taxonomy":"product_tag","embeddable":true,"href":"https:\/\/vapingnet.de\/pl\/wp-json\/wp\/v2\/product_tag?post=5646"}],"curies":[{"name":"wp","href":"https:\/\/api.w.org\/{rel}","templated":true}]}}