{"id":5648,"date":"2025-03-18T08:05:14","date_gmt":"2025-03-18T08:05:14","guid":{"rendered":"https:\/\/vapingnet.de\/?post_type=product&#038;p=5648"},"modified":"2025-06-19T03:40:38","modified_gmt":"2025-06-19T03:40:38","slug":"erleben-sie-bang-king-45000-ananas-kokosnuss-erdbeer-banane-und-blaubeere-3-geschmacksrichtungen","status":"publish","type":"product","link":"https:\/\/vapingnet.de\/pl\/vape\/erleben-sie-bang-king-45000-ananas-kokosnuss-erdbeer-banane-und-blaubeere-3-geschmacksrichtungen\/","title":{"rendered":"Do\u015bwiadcz BANG KING 45000 Ananas-Kokos, Truskawka-Banan i Bor\u00f3wka \u2013 3 smaki"},"content":{"rendered":"<h2 data-start=\"0\" data-end=\"79\">BANG KING 45000 Puffs Tropikalna r\u00f3\u017cnorodno\u015b\u0107 z trzema intensywnymi aromatami Ananas Kokos, Truskawka Banan &amp; Blue Razz<\/h2>\n<p data-start=\"81\" data-end=\"436\">BANG KING 45000 Puffs to nie tylko <strong><a href=\"https:\/\/vapingnet.de\/pl\/k\/einweg-e-zigarette\/\">Jednorazowa e-papieros<\/a><\/strong> \u2013 to rewolucja w wapowaniu. Z trzema oddzielnie wybieranymi aromatami, ogromn\u0105 pojemno\u015bci\u0105 <strong><a href=\"https:\/\/vapingnet.de\/pl\/k\/45k-vape\/\">45k vape<\/a><\/strong> i zaawansowan\u0105 technologi\u0105 Mesh-Coil, ten model oferuje niezr\u00f3wnane doznania smakowe dla wszystkich, kt\u00f3rzy szukaj\u0105 r\u00f3\u017cnorodno\u015bci i jako\u015bci.<\/p>\n<h3 data-start=\"438\" data-end=\"504\">Trzy unikalne aromaty \u2013 Tropikalny, s\u0142odki i orze\u017awiaj\u0105cy<\/h3>\n<p data-start=\"506\" data-end=\"709\">W przeciwie\u0144stwie do tradycyjnych jednorazowych vape\u2019\u00f3w, kt\u00f3re oferuj\u0105 tylko jeden aromat, ty mo\u017cesz <strong><a href=\"https:\/\/vapingnet.de\/pl\/bang-king-45000-puffs\/\">BANG KING 45000 Puffs<\/a><\/strong> za pomoc\u0105 przycisku prze\u0142\u0105cza\u0107 si\u0119 mi\u0119dzy trzema r\u00f3\u017cnymi smakami:<\/p>\n<h4 data-start=\"711\" data-end=\"764\">1. Ananas Kokos \u2013 Tropikalny sen<\/h4>\n<p data-start=\"765\" data-end=\"1035\">Ta kombinacja soczystego ananasa i kremowej kokosa wprowadza idealne odczucie Karaib\u00f3w do twojego do\u015bwiadczenia wapowania. Owocowa s\u0142odycz ananasa \u0142\u0105czy si\u0119 z jedwabist\u0105 mi\u0119kko\u015bci\u0105 kokosa, sprawiaj\u0105c, \u017ce ka\u017cdy zaci\u0105g smakuje jak egzotyczny koktajl.<\/p>\n<h4 data-start=\"1037\" data-end=\"1089\">2. Truskawka Banan \u2013 Owocowa harmonia<\/h4>\n<p data-start=\"1090\" data-end=\"1354\">Jedna z najpopularniejszych kombinacji smakowych w og\u00f3le: s\u0142odkie, dojrza\u0142e truskawki \u0142\u0105cz\u0105 si\u0119 z kremow\u0105 bananem, tworz\u0105c delikatny i pe\u0142ny aromat. Idealne dla tych, kt\u00f3rzy chc\u0105 cieszy\u0107 si\u0119 zr\u00f3wnowa\u017con\u0105 mieszank\u0105 owocowo\u015bci i kremowo\u015bci.<\/p>\n<h4 data-start=\"1356\" data-end=\"1406\">3. Blue Razz \u2013 Orze\u017awiaj\u0105cy i pobudzaj\u0105cy<\/h4>\n<p data-start=\"1407\" data-end=\"1638\">Intensywna mieszanka s\u0142odkich jag\u00f3d i kwa\u015bnych malin z lekko orze\u017awiaj\u0105cym akcentem. Blue Razz zapewnia idealn\u0105 r\u00f3wnowag\u0119 mi\u0119dzy s\u0142odycz\u0105 a kwa\u015bno\u015bci\u0105, oferuj\u0105c pobudzaj\u0105ce doznania za ka\u017cdym zaci\u0105gni\u0119ciem.<\/p>\n<h3 data-start=\"1645\" data-end=\"1699\">Dane techniczne BANG KING 45000 Puffs<\/h3>\n<div class=\"overflow-x-auto contain-inline-size\">\n<table data-start=\"1701\" data-end=\"2199\">\n<thead data-start=\"1701\" data-end=\"1741\">\n<tr data-start=\"1701\" data-end=\"1741\">\n<th data-start=\"1701\" data-end=\"1725\">W\u0142a\u015bciwo\u015b\u0107<\/th>\n<th data-start=\"1725\" data-end=\"1741\">Szczeg\u00f3\u0142y<\/th>\n<\/tr>\n<\/thead>\n<tbody data-start=\"1781\" data-end=\"2199\">\n<tr data-start=\"1781\" data-end=\"1819\">\n<td>Puffs<\/td>\n<td>45 000 poci\u0105gni\u0119\u0107<\/td>\n<\/tr>\n<tr data-start=\"1820\" data-end=\"1867\">\n<td>Pojemno\u015b\u0107 e-liquid<\/td>\n<td>15ml + 15ml + 15ml<\/td>\n<\/tr>\n<tr data-start=\"1868\" data-end=\"1911\">\n<td>Typ cewki<\/td>\n<td>Mesh Coil 1.0 Ohm<\/td>\n<\/tr>\n<tr data-start=\"1912\" data-end=\"1953\">\n<td>St\u0119\u017cenie nikotyny<\/td>\n<td>0%, 2%, 3%, 5%<\/td>\n<\/tr>\n<tr data-start=\"1954\" data-end=\"2003\">\n<td>Akumulator<\/td>\n<td>650mAh, wielokrotnie \u0142adowalny<\/td>\n<\/tr>\n<tr data-start=\"2004\" data-end=\"2036\">\n<td>Gniazdo \u0142adowania<\/td>\n<td>Type-C<\/td>\n<\/tr>\n<tr data-start=\"2037\" data-end=\"2076\">\n<td>Czas \u0142adowania<\/td>\n<td>Oko\u0142o 2 godziny<\/td>\n<\/tr>\n<tr data-start=\"2077\" data-end=\"2108\">\n<td>Tryb mechaniczny<\/td>\n<td>Nie<\/td>\n<\/tr>\n<tr data-start=\"2109\" data-end=\"2138\">\n<td>Jednorazowe urz\u0105dzenie<\/td>\n<td>Ja<\/td>\n<\/tr>\n<tr data-start=\"2139\" data-end=\"2199\">\n<td>Opcje aromat\u00f3w<\/td>\n<td>12 r\u00f3\u017cnych smak\u00f3w<\/td>\n<\/tr>\n<\/tbody>\n<\/table>\n<\/div>\n<h3 data-start=\"2206\" data-end=\"2244\">Dlaczego BANG KING 45000 puf\u00f3w?<\/h3>\n<h4 data-start=\"2246\" data-end=\"2320\">Trzy aromaty w jednym urz\u0105dzeniu \u2013 wi\u0119cej smaku, wi\u0119cej r\u00f3\u017cnorodno\u015bci<\/h4>\n<ul data-start=\"2321\" data-end=\"2515\">\n<li data-start=\"2321\" data-end=\"2398\">Prze\u0142\u0105czanie mi\u0119dzy trzema intensywnymi smakami jednym przyciskiem<\/li>\n<li data-start=\"2399\" data-end=\"2452\">Nie potrzebujesz dodatkowego liquidu ani drugiego urz\u0105dzenia<\/li>\n<li data-start=\"2453\" data-end=\"2515\">Idealne po\u0142\u0105czenie tropikalne, s\u0142odkie i orze\u017awiaj\u0105ce<\/li>\n<\/ul>\n<h4 data-start=\"2517\" data-end=\"2586\">Najnowocze\u015bniejsza technologia mesh-coil dla intensywnego smaku<\/h4>\n<p data-start=\"2587\" data-end=\"2632\">Dzi\u0119ki mesh-coil 1.0 Ohm do\u015bwiadczysz:<\/p>\n<ul data-start=\"2633\" data-end=\"2808\">\n<li data-start=\"2633\" data-end=\"2690\">Maksymalna ekspresja aromatu dla intensywnego smaku<\/li>\n<li data-start=\"2691\" data-end=\"2746\">G\u0119ste chmury pary dla pe\u0142nego do\u015bwiadczenia vapingu<\/li>\n<li data-start=\"2747\" data-end=\"2808\">D\u0142ugotrwa\u0142a sta\u0142o\u015b\u0107 smaku a\u017c do ostatniego zaci\u0105gni\u0119cia<\/li>\n<\/ul>\n<h4 data-start=\"2810\" data-end=\"2870\">Ponownie \u0142adowalny akumulator 650mAh z szybkim \u0142adowaniem<\/h4>\n<ul data-start=\"2871\" data-end=\"3043\">\n<li data-start=\"2871\" data-end=\"2936\">Z\u0142\u0105cze \u0142adowania typu C dla szybkiego i prostego \u0142adowania<\/li>\n<li data-start=\"2937\" data-end=\"2977\">W pe\u0142ni na\u0142adowany w oko\u0142o 2 godziny<\/li>\n<li data-start=\"2978\" data-end=\"3043\">Mo\u017cliwo\u015b\u0107 wielokrotnego \u0142adowania przed wyrzuceniem urz\u0105dzenia<\/li>\n<\/ul>\n<h4 data-start=\"3045\" data-end=\"3093\">Indywidualnie wybieralne poziomy nikotyny<\/h4>\n<ul data-start=\"3094\" data-end=\"3366\">\n<li data-start=\"3094\" data-end=\"3159\">0% (bez nikotyny) \u2013 Idealny dla czystego smaku bez nikotyny<\/li>\n<li data-start=\"3160\" data-end=\"3228\">2% (20mg\/ml) \u2013 Lekka moc nikotyny do relaksuj\u0105cego vapowania<\/li>\n<li data-start=\"3229\" data-end=\"3298\">3% (30mg\/ml) \u2013 Idealna r\u00f3wnowaga mi\u0119dzy smakiem a dawk\u0105 nikotyny<\/li>\n<li data-start=\"3299\" data-end=\"3366\">5% (50mg\/ml) \u2013 Mocna dawka nikotyny dla do\u015bwiadczonych vapor\u00f3w<\/li>\n<\/ul>\n<h3 data-start=\"3373\" data-end=\"3422\">Informacje o opakowaniu i transporcie<\/h3>\n<div class=\"overflow-x-auto contain-inline-size\">\n<table data-start=\"3424\" data-end=\"3662\">\n<thead data-start=\"3424\" data-end=\"3465\">\n<tr data-start=\"3424\" data-end=\"3465\">\n<th data-start=\"3424\" data-end=\"3449\">Jednostka pakowania<\/th>\n<th data-start=\"3449\" data-end=\"3465\">Szczeg\u00f3\u0142y<\/th>\n<\/tr>\n<\/thead>\n<tbody data-start=\"3505\" data-end=\"3662\">\n<tr data-start=\"3505\" data-end=\"3540\">\n<td>Pro Opakowanie<\/td>\n<td>10 sztuk<\/td>\n<\/tr>\n<tr data-start=\"3541\" data-end=\"3597\">\n<td>Pro Karton<\/td>\n<td>20 pude\u0142ek (100 lub 200 sztuk)<\/td>\n<\/tr>\n<tr data-start=\"3598\" data-end=\"3662\">\n<td>Rozmiar transportowy<\/td>\n<td>Kartoniowe opakowanie dla bezpiecznej wysy\u0142ki<\/td>\n<\/tr>\n<\/tbody>\n<\/table>\n<\/div>\n<h3 data-start=\"3669\" data-end=\"3738\">Najlepsza e-papieros z tropikalnymi aromatami<\/h3>\n<p data-start=\"3740\" data-end=\"4065\">Trzy unikalne aromaty w jednym urz\u0105dzeniu \u2013 tropikalny, s\u0142odki i orze\u017awiaj\u0105cy<br data-start=\"3817\" data-end=\"3820\" \/>Innowacyjna technologia mesh-coil dla intensywnego smaku<br data-start=\"3883\" data-end=\"3886\" \/>Ponownie \u0142adowalny akumulator z szybkim \u0142adowaniem Type-C<br data-start=\"3939\" data-end=\"3942\" \/>45 000 poci\u0105gni\u0119\u0107 dla d\u0142ugotrwa\u0142ego do\u015bwiadczenia vapowania<br data-start=\"3997\" data-end=\"4000\" \/>Dost\u0119pne w czterech poziomach nikotyny \u2013 od bez nikotyny do 5%<\/p>\n<p data-start=\"4067\" data-end=\"4167\" data-is-last-node=\"\" data-is-only-node=\"\">Do\u015bwiadcz maksymalnej r\u00f3\u017cnorodno\u015bci smak\u00f3w z BANG KING 45000 Puffs \u2013 zam\u00f3w ju\u017c teraz i ciesz si\u0119!<\/p>","protected":false},"excerpt":{"rendered":"<p>\u2705 Ekstremalnie du\u017co papieros\u00f3w \u2013 do 45 000 poci\u0105gni\u0119\u0107, na dodatkow\u0105 d\u0142ug\u0105 zabaw\u0119 dymem!<br \/>\n\u2705 Brak op\u0142at celnych i darmowa wysy\u0142ka \u2013 Zam\u00f3w bez dodatkowych koszt\u00f3w!<br \/>\n\u2705 Trzy smaki w jednym \u2013 zmieniaj wed\u0142ug uznania, potr\u00f3jna przyjemno\u015b\u0107!<\/p>","protected":false},"featured_media":5617,"template":"","meta":[],"etheme_brands":[],"product_brand":[101],"product_cat":[66,49,61,87],"product_tag":[],"class_list":{"0":"post-5648","1":"product","2":"type-product","3":"status-publish","4":"has-post-thumbnail","6":"product_brand-bang-king-vape","7":"product_cat-45k-vape","8":"product_cat-einweg-e-zigarette","9":"product_cat-f","10":"product_cat-v","12":"first","13":"instock","14":"shipping-taxable","15":"purchasable","16":"product-type-variable"},"yoast_head":"<!-- This site is optimized with the Yoast SEO plugin v26.5 - https:\/\/yoast.com\/wordpress\/plugins\/seo\/ -->\n<title>Erleben Sie BANG KING 45000 Ananas-Kokosnuss Erdbeer-Banane und Blaubeere 3 Geschmacksrichtungen | vapingnet.de<\/title>\n<meta name=\"description\" content=\"Erlebe mit BANG KING 45000 Puffs tropische Vielfalt: Pineapple Coconut, Strawberry Banana &amp; Blue Razz \u2013 3 Aromen, 45.000 Z\u00fcge!\" \/>\n<meta name=\"robots\" content=\"index, follow, max-snippet:-1, max-image-preview:large, max-video-preview:-1\" \/>\n<link rel=\"canonical\" href=\"https:\/\/vapingnet.de\/pl\/vape\/erleben-sie-bang-king-45000-ananas-kokosnuss-erdbeer-banane-und-blaubeere-3-geschmacksrichtungen\/\" \/>\n<meta property=\"og:locale\" content=\"pl_PL\" \/>\n<meta property=\"og:type\" content=\"article\" \/>\n<meta property=\"og:title\" content=\"Erleben Sie BANG KING 45000 Ananas-Kokosnuss Erdbeer-Banane und Blaubeere 3 Geschmacksrichtungen | vapingnet.de\" \/>\n<meta property=\"og:description\" content=\"Erlebe mit BANG KING 45000 Puffs tropische Vielfalt: Pineapple Coconut, Strawberry Banana &amp; Blue Razz \u2013 3 Aromen, 45.000 Z\u00fcge!\" \/>\n<meta property=\"og:url\" content=\"https:\/\/vapingnet.de\/pl\/vape\/erleben-sie-bang-king-45000-ananas-kokosnuss-erdbeer-banane-und-blaubeere-3-geschmacksrichtungen\/\" \/>\n<meta property=\"og:site_name\" content=\"Vapingnet.de\" \/>\n<meta property=\"article:publisher\" content=\"https:\/\/www.facebook.com\/vapingnetde\/\" \/>\n<meta property=\"article:modified_time\" content=\"2025-06-19T03:40:38+00:00\" \/>\n<meta property=\"og:image\" content=\"https:\/\/vapingnet.de\/wp-content\/uploads\/2025\/03\/45k_Pineapple-Coconut-Strawberry-Banana-Blue-Razz-1.png\" \/>\n\t<meta property=\"og:image:width\" content=\"1000\" \/>\n\t<meta property=\"og:image:height\" content=\"1000\" \/>\n\t<meta property=\"og:image:type\" content=\"image\/png\" \/>\n<meta name=\"twitter:card\" content=\"summary_large_image\" \/>\n<meta name=\"twitter:label1\" content=\"Est. reading time\" \/>\n\t<meta name=\"twitter:data1\" content=\"3 minutes\" \/>\n<script type=\"application\/ld+json\" class=\"yoast-schema-graph\">{\"@context\":\"https:\/\/schema.org\",\"@graph\":[{\"@type\":\"WebPage\",\"@id\":\"https:\/\/vapingnet.de\/vape\/erleben-sie-bang-king-45000-ananas-kokosnuss-erdbeer-banane-und-blaubeere-3-geschmacksrichtungen\/\",\"url\":\"https:\/\/vapingnet.de\/vape\/erleben-sie-bang-king-45000-ananas-kokosnuss-erdbeer-banane-und-blaubeere-3-geschmacksrichtungen\/\",\"name\":\"Erleben Sie BANG KING 45000 Ananas-Kokosnuss Erdbeer-Banane und Blaubeere 3 Geschmacksrichtungen | vapingnet.de\",\"isPartOf\":{\"@id\":\"https:\/\/vapingnet.de\/#website\"},\"primaryImageOfPage\":{\"@id\":\"https:\/\/vapingnet.de\/vape\/erleben-sie-bang-king-45000-ananas-kokosnuss-erdbeer-banane-und-blaubeere-3-geschmacksrichtungen\/#primaryimage\"},\"image\":{\"@id\":\"https:\/\/vapingnet.de\/vape\/erleben-sie-bang-king-45000-ananas-kokosnuss-erdbeer-banane-und-blaubeere-3-geschmacksrichtungen\/#primaryimage\"},\"thumbnailUrl\":\"https:\/\/vapingnet.de\/wp-content\/uploads\/2025\/03\/45k_Pineapple-Coconut-Strawberry-Banana-Blue-Razz-1.png\",\"datePublished\":\"2025-03-18T08:05:14+00:00\",\"dateModified\":\"2025-06-19T03:40:38+00:00\",\"description\":\"Erlebe mit BANG KING 45000 Puffs tropische Vielfalt: Pineapple Coconut, Strawberry Banana & Blue Razz \u2013 3 Aromen, 45.000 Z\u00fcge!\",\"breadcrumb\":{\"@id\":\"https:\/\/vapingnet.de\/vape\/erleben-sie-bang-king-45000-ananas-kokosnuss-erdbeer-banane-und-blaubeere-3-geschmacksrichtungen\/#breadcrumb\"},\"inLanguage\":\"pl-PL\",\"potentialAction\":[{\"@type\":\"ReadAction\",\"target\":[\"https:\/\/vapingnet.de\/vape\/erleben-sie-bang-king-45000-ananas-kokosnuss-erdbeer-banane-und-blaubeere-3-geschmacksrichtungen\/\"]}]},{\"@type\":\"ImageObject\",\"inLanguage\":\"pl-PL\",\"@id\":\"https:\/\/vapingnet.de\/vape\/erleben-sie-bang-king-45000-ananas-kokosnuss-erdbeer-banane-und-blaubeere-3-geschmacksrichtungen\/#primaryimage\",\"url\":\"https:\/\/vapingnet.de\/wp-content\/uploads\/2025\/03\/45k_Pineapple-Coconut-Strawberry-Banana-Blue-Razz-1.png\",\"contentUrl\":\"https:\/\/vapingnet.de\/wp-content\/uploads\/2025\/03\/45k_Pineapple-Coconut-Strawberry-Banana-Blue-Razz-1.png\",\"width\":1000,\"height\":1000},{\"@type\":\"BreadcrumbList\",\"@id\":\"https:\/\/vapingnet.de\/vape\/erleben-sie-bang-king-45000-ananas-kokosnuss-erdbeer-banane-und-blaubeere-3-geschmacksrichtungen\/#breadcrumb\",\"itemListElement\":[{\"@type\":\"ListItem\",\"position\":1,\"name\":\"Home\",\"item\":\"https:\/\/vapingnet.de\/\"},{\"@type\":\"ListItem\",\"position\":2,\"name\":\"Shop\",\"item\":\"https:\/\/vapingnet.de\/vape\/\"},{\"@type\":\"ListItem\",\"position\":3,\"name\":\"Erleben Sie BANG KING 45000 Ananas-Kokosnuss Erdbeer-Banane und Blaubeere 3 Geschmacksrichtungen\"}]},{\"@type\":\"WebSite\",\"@id\":\"https:\/\/vapingnet.de\/#website\",\"url\":\"https:\/\/vapingnet.de\/\",\"name\":\"Vapingnet.de\",\"description\":\"\",\"publisher\":{\"@id\":\"https:\/\/vapingnet.de\/#organization\"},\"potentialAction\":[{\"@type\":\"SearchAction\",\"target\":{\"@type\":\"EntryPoint\",\"urlTemplate\":\"https:\/\/vapingnet.de\/?s={search_term_string}\"},\"query-input\":{\"@type\":\"PropertyValueSpecification\",\"valueRequired\":true,\"valueName\":\"search_term_string\"}}],\"inLanguage\":\"pl-PL\"},{\"@type\":\"Organization\",\"@id\":\"https:\/\/vapingnet.de\/#organization\",\"name\":\"Vapingnet.de\",\"url\":\"https:\/\/vapingnet.de\/\",\"logo\":{\"@type\":\"ImageObject\",\"inLanguage\":\"pl-PL\",\"@id\":\"https:\/\/vapingnet.de\/#\/schema\/logo\/image\/\",\"url\":\"https:\/\/vapingnet.de\/wp-content\/uploads\/2025\/03\/cropped-vapingnet.de_.jpg\",\"contentUrl\":\"https:\/\/vapingnet.de\/wp-content\/uploads\/2025\/03\/cropped-vapingnet.de_.jpg\",\"width\":512,\"height\":512,\"caption\":\"Vapingnet.de\"},\"image\":{\"@id\":\"https:\/\/vapingnet.de\/#\/schema\/logo\/image\/\"},\"sameAs\":[\"https:\/\/www.facebook.com\/vapingnetde\/\"]}]}<\/script>\n<!-- \/ Yoast SEO plugin. -->","yoast_head_json":{"title":"Erleben Sie BANG KING 45000 Ananas-Kokosnuss Erdbeer-Banane und Blaubeere 3 Geschmacksrichtungen | vapingnet.de","description":"Erlebe mit BANG KING 45000 Puffs tropische Vielfalt: Pineapple Coconut, Strawberry Banana & Blue Razz \u2013 3 Aromen, 45.000 Z\u00fcge!","robots":{"index":"index","follow":"follow","max-snippet":"max-snippet:-1","max-image-preview":"max-image-preview:large","max-video-preview":"max-video-preview:-1"},"canonical":"https:\/\/vapingnet.de\/pl\/vape\/erleben-sie-bang-king-45000-ananas-kokosnuss-erdbeer-banane-und-blaubeere-3-geschmacksrichtungen\/","og_locale":"pl_PL","og_type":"article","og_title":"Erleben Sie BANG KING 45000 Ananas-Kokosnuss Erdbeer-Banane und Blaubeere 3 Geschmacksrichtungen | vapingnet.de","og_description":"Erlebe mit BANG KING 45000 Puffs tropische Vielfalt: Pineapple Coconut, Strawberry Banana & Blue Razz \u2013 3 Aromen, 45.000 Z\u00fcge!","og_url":"https:\/\/vapingnet.de\/pl\/vape\/erleben-sie-bang-king-45000-ananas-kokosnuss-erdbeer-banane-und-blaubeere-3-geschmacksrichtungen\/","og_site_name":"Vapingnet.de","article_publisher":"https:\/\/www.facebook.com\/vapingnetde\/","article_modified_time":"2025-06-19T03:40:38+00:00","og_image":[{"width":1000,"height":1000,"url":"https:\/\/vapingnet.de\/wp-content\/uploads\/2025\/03\/45k_Pineapple-Coconut-Strawberry-Banana-Blue-Razz-1.png","type":"image\/png"}],"twitter_card":"summary_large_image","twitter_misc":{"Est. reading time":"3 minutes"},"schema":{"@context":"https:\/\/schema.org","@graph":[{"@type":"WebPage","@id":"https:\/\/vapingnet.de\/vape\/erleben-sie-bang-king-45000-ananas-kokosnuss-erdbeer-banane-und-blaubeere-3-geschmacksrichtungen\/","url":"https:\/\/vapingnet.de\/vape\/erleben-sie-bang-king-45000-ananas-kokosnuss-erdbeer-banane-und-blaubeere-3-geschmacksrichtungen\/","name":"Erleben Sie BANG KING 45000 Ananas-Kokosnuss Erdbeer-Banane und Blaubeere 3 Geschmacksrichtungen | vapingnet.de","isPartOf":{"@id":"https:\/\/vapingnet.de\/#website"},"primaryImageOfPage":{"@id":"https:\/\/vapingnet.de\/vape\/erleben-sie-bang-king-45000-ananas-kokosnuss-erdbeer-banane-und-blaubeere-3-geschmacksrichtungen\/#primaryimage"},"image":{"@id":"https:\/\/vapingnet.de\/vape\/erleben-sie-bang-king-45000-ananas-kokosnuss-erdbeer-banane-und-blaubeere-3-geschmacksrichtungen\/#primaryimage"},"thumbnailUrl":"https:\/\/vapingnet.de\/wp-content\/uploads\/2025\/03\/45k_Pineapple-Coconut-Strawberry-Banana-Blue-Razz-1.png","datePublished":"2025-03-18T08:05:14+00:00","dateModified":"2025-06-19T03:40:38+00:00","description":"Erlebe mit BANG KING 45000 Puffs tropische Vielfalt: Pineapple Coconut, Strawberry Banana & Blue Razz \u2013 3 Aromen, 45.000 Z\u00fcge!","breadcrumb":{"@id":"https:\/\/vapingnet.de\/vape\/erleben-sie-bang-king-45000-ananas-kokosnuss-erdbeer-banane-und-blaubeere-3-geschmacksrichtungen\/#breadcrumb"},"inLanguage":"pl-PL","potentialAction":[{"@type":"ReadAction","target":["https:\/\/vapingnet.de\/vape\/erleben-sie-bang-king-45000-ananas-kokosnuss-erdbeer-banane-und-blaubeere-3-geschmacksrichtungen\/"]}]},{"@type":"ImageObject","inLanguage":"pl-PL","@id":"https:\/\/vapingnet.de\/vape\/erleben-sie-bang-king-45000-ananas-kokosnuss-erdbeer-banane-und-blaubeere-3-geschmacksrichtungen\/#primaryimage","url":"https:\/\/vapingnet.de\/wp-content\/uploads\/2025\/03\/45k_Pineapple-Coconut-Strawberry-Banana-Blue-Razz-1.png","contentUrl":"https:\/\/vapingnet.de\/wp-content\/uploads\/2025\/03\/45k_Pineapple-Coconut-Strawberry-Banana-Blue-Razz-1.png","width":1000,"height":1000},{"@type":"BreadcrumbList","@id":"https:\/\/vapingnet.de\/vape\/erleben-sie-bang-king-45000-ananas-kokosnuss-erdbeer-banane-und-blaubeere-3-geschmacksrichtungen\/#breadcrumb","itemListElement":[{"@type":"ListItem","position":1,"name":"Home","item":"https:\/\/vapingnet.de\/"},{"@type":"ListItem","position":2,"name":"Shop","item":"https:\/\/vapingnet.de\/vape\/"},{"@type":"ListItem","position":3,"name":"Erleben Sie BANG KING 45000 Ananas-Kokosnuss Erdbeer-Banane und Blaubeere 3 Geschmacksrichtungen"}]},{"@type":"WebSite","@id":"https:\/\/vapingnet.de\/#website","url":"https:\/\/vapingnet.de\/","name":"Vapingnet.de","description":"","publisher":{"@id":"https:\/\/vapingnet.de\/#organization"},"potentialAction":[{"@type":"SearchAction","target":{"@type":"EntryPoint","urlTemplate":"https:\/\/vapingnet.de\/?s={search_term_string}"},"query-input":{"@type":"PropertyValueSpecification","valueRequired":true,"valueName":"search_term_string"}}],"inLanguage":"pl-PL"},{"@type":"Organization","@id":"https:\/\/vapingnet.de\/#organization","name":"Vapingnet.de","url":"https:\/\/vapingnet.de\/","logo":{"@type":"ImageObject","inLanguage":"pl-PL","@id":"https:\/\/vapingnet.de\/#\/schema\/logo\/image\/","url":"https:\/\/vapingnet.de\/wp-content\/uploads\/2025\/03\/cropped-vapingnet.de_.jpg","contentUrl":"https:\/\/vapingnet.de\/wp-content\/uploads\/2025\/03\/cropped-vapingnet.de_.jpg","width":512,"height":512,"caption":"Vapingnet.de"},"image":{"@id":"https:\/\/vapingnet.de\/#\/schema\/logo\/image\/"},"sameAs":["https:\/\/www.facebook.com\/vapingnetde\/"]}]}},"tiered_pricing_type":"fixed","tiered_pricing_fixed_rules":[],"tiered_pricing_product_settings":{"layout":"default","base_unit_name":{"singular":null,"plural":null},"default_variation":null},"tiered_pricing_minimum_quantity":null,"tiered_pricing_roles_data":[],"tiered_pricing_percentage_rules":[],"_links":{"self":[{"href":"https:\/\/vapingnet.de\/pl\/wp-json\/wp\/v2\/product\/5648","targetHints":{"allow":["GET"]}}],"collection":[{"href":"https:\/\/vapingnet.de\/pl\/wp-json\/wp\/v2\/product"}],"about":[{"href":"https:\/\/vapingnet.de\/pl\/wp-json\/wp\/v2\/types\/product"}],"version-history":[{"count":3,"href":"https:\/\/vapingnet.de\/pl\/wp-json\/wp\/v2\/product\/5648\/revisions"}],"predecessor-version":[{"id":5963,"href":"https:\/\/vapingnet.de\/pl\/wp-json\/wp\/v2\/product\/5648\/revisions\/5963"}],"wp:featuredmedia":[{"embeddable":true,"href":"https:\/\/vapingnet.de\/pl\/wp-json\/wp\/v2\/media\/5617"}],"wp:attachment":[{"href":"https:\/\/vapingnet.de\/pl\/wp-json\/wp\/v2\/media?parent=5648"}],"wp:term":[{"taxonomy":"brand","embeddable":true,"href":"https:\/\/vapingnet.de\/pl\/wp-json\/wp\/v2\/etheme_brands?post=5648"},{"taxonomy":"product_brand","embeddable":true,"href":"https:\/\/vapingnet.de\/pl\/wp-json\/wp\/v2\/product_brand?post=5648"},{"taxonomy":"product_cat","embeddable":true,"href":"https:\/\/vapingnet.de\/pl\/wp-json\/wp\/v2\/product_cat?post=5648"},{"taxonomy":"product_tag","embeddable":true,"href":"https:\/\/vapingnet.de\/pl\/wp-json\/wp\/v2\/product_tag?post=5648"}],"curies":[{"name":"wp","href":"https:\/\/api.w.org\/{rel}","templated":true}]}}