{"id":5650,"date":"2025-03-18T08:05:16","date_gmt":"2025-03-18T08:05:16","guid":{"rendered":"https:\/\/vapingnet.de\/?post_type=product&#038;p=5650"},"modified":"2025-06-19T03:40:37","modified_gmt":"2025-06-19T03:40:37","slug":"geniessen-sie-die-perfekte-kombination-aus-erdbeer-himbeere-dreifachmelone-und-saurer-mango-ananas-mit-bang-king-45000-puffs","status":"publish","type":"product","link":"https:\/\/vapingnet.de\/pl\/vape\/geniessen-sie-die-perfekte-kombination-aus-erdbeer-himbeere-dreifachmelone-und-saurer-mango-ananas-mit-bang-king-45000-puffs\/","title":{"rendered":"Delektuj si\u0119 idealnym po\u0142\u0105czeniem truskawki z malin\u0105, potr\u00f3jnej melony i kwa\u015bnego mango-ananasu z BANG KING 45000 Puffs"},"content":{"rendered":"<h2 data-start=\"0\" data-end=\"85\">BANG KING 45000 Puffs Trzy aromaty dla niezr\u00f3wnanego do\u015bwiadczenia vapowania<\/h2>\n<p data-start=\"87\" data-end=\"445\">BANG KING 45000 Puffs redefiniuje vapowanie. Dzi\u0119ki innowacyjnej technologii smaku 3-w-1, pojemno\u015bci ogromnej <strong><a href=\"https:\/\/vapingnet.de\/pl\/k\/45k-vape\/\">45k vape<\/a><\/strong> oraz nowoczesnej technologii Mesh-Coil wyr\u00f3\u017cnia ten model spo\u015br\u00f3d tradycyjnych <strong><a href=\"https:\/\/vapingnet.de\/pl\/k\/einweg-e-zigarette\/\">Jednorazowe e-papierosy<\/a><\/strong> dzi\u0119ki wydajnemu akumulatorowi i szybkiemu \u0142adowaniu Type-C urz\u0105dzenie jest zawsze gotowe do u\u017cycia.<\/p>\n<p data-start=\"447\" data-end=\"722\">Szczeg\u00f3lnym wyr\u00f3\u017cnikiem jest po\u0142\u0105czenie trzech intensywnych aromat\u00f3w owocowych, kt\u00f3re zapewniaj\u0105 r\u00f3\u017cnorodno\u015b\u0107 i niezwyk\u0142e doznania smakowe. Kto ceni jako\u015b\u0107, trwa\u0142o\u015b\u0107 i r\u00f3\u017cnorodno\u015b\u0107 smak\u00f3w, wybierze BANG KING 45000 Puffs jako idealny wyb\u00f3r.<\/p>\n<h3>Trzy aromaty dla maksymalnej przyjemno\u015bci<\/h3>\n<p data-start=\"772\" data-end=\"972\">Unikalny system 3-komorowy <strong><a href=\"https:\/\/vapingnet.de\/pl\/bang-king-45000-puffs\/\">BANG KING 45000 Puffs<\/a><\/strong> umo\u017cliwia prze\u0142\u0105czanie si\u0119 mi\u0119dzy trzema r\u00f3\u017cnymi smakami bez konieczno\u015bci u\u017cywania kolejnego urz\u0105dzenia lub dodatkowych liquid\u00f3w.<\/p>\n<p>1. Truskawka Malina<\/p>\n<p data-start=\"1009\" data-end=\"1233\">Harmoniczna mieszanka s\u0142odkich truskawek i lekko kwa\u015bnych malin. \u015awie\u017co\u015b\u0107 truskawek idealnie \u0142\u0105czy si\u0119 z orze\u017awiaj\u0105cym akcentem malin, zapewniaj\u0105c zr\u00f3wnowa\u017cony, owocowy smak.<\/p>\n<p>2. Potr\u00f3jna Melon<\/p>\n<p data-start=\"1262\" data-end=\"1489\">Trzy r\u00f3\u017cne rodzaje melon\u00f3w \u0142\u0105cz\u0105 si\u0119 w orze\u017awiaj\u0105c\u0105 kompozycj\u0119 smakow\u0105. Soczysta arbuzowa melona spotyka s\u0142odk\u0105 miodow\u0105 melon\u0119 i aromatyczn\u0105 cantaloupe \u2013 letni smak z ka\u017cdym wdechem.<\/p>\n<p>3. Kwa\u015bne Mango Ananas<\/p>\n<p data-start=\"1526\" data-end=\"1783\">Egzotyczne po\u0142\u0105czenie kwa\u015bnego mango i s\u0142odkiego ananasa zapewnia intensywne tropikalne doznania vapowania. Orze\u017awiaj\u0105ce mango dodaje lekkiej kwasowo\u015bci, podczas gdy dojrza\u0142y ananas dodaje naturalnej s\u0142odyczy i doskonale dope\u0142nia smak.<\/p>\n<p data-start=\"1785\" data-end=\"1949\">Te aromaty pozostaj\u0105 dzi\u0119ki zaawansowanej technologii Mesh-Coil r\u00f3wnie intensywne a\u017c do ostatniego zaci\u0105gni\u0119cia, zapewniaj\u0105c autentyczne do\u015bwiadczenie vapowania.<\/p>\n<h3>Technologia mesh-coil dla intensywnego smaku<\/h3>\n<p data-start=\"2013\" data-end=\"2174\">BANG KING 45000 Puffs korzysta z zaawansowanego Mesh-Coil o oporno\u015bci 1.0 Ohma, kt\u00f3ry zapewnia r\u00f3wnomierne odparowywanie i intensywniejsze wydobycie smaku.<\/p>\n<p data-start=\"2176\" data-end=\"2575\">Pe\u0142niejsze wydobycie aromatu: dzi\u0119ki wi\u0119kszej powierzchni Mesh-Coil liquid jest efektywniej odparowywany, co wzmacnia smak.<br data-start=\"2319\" data-end=\"2322\" \/>G\u0119ste chmury pary: technologia zapewnia optymaln\u0105 produkcj\u0119 pary i przyjemne inhalacje.<br data-start=\"2434\" data-end=\"2437\" \/>Trwa\u0142o\u015b\u0107 i sta\u0142o\u015b\u0107: dzi\u0119ki r\u00f3wnomiernemu rozk\u0142adowi ciep\u0142a smak pozostaje intensywny i autentyczny a\u017c do ostatniego zaci\u0105gni\u0119cia.<\/p>\n<h3>Wydajna, \u0142adowalna bateria z szybkim \u0142adowaniem Type-C<\/h3>\n<p data-start=\"2658\" data-end=\"2872\">Jednorazowe nie oznacza ju\u017c, \u017ce urz\u0105dzenie jest tylko na kr\u00f3tki czas. BANG KING 45000 Puffs posiada wydajn\u0105, \u0142adowaln\u0105 bateri\u0119 650mAh, zapewniaj\u0105c\u0105 d\u0142ugi czas u\u017cytkowania.<\/p>\n<p data-start=\"2874\" data-end=\"3136\">Z\u0142\u0105cze \u0142adowania Type-C \u2013 umo\u017cliwia szybkie i efektywne \u0142adowanie.<br data-start=\"2946\" data-end=\"2949\" \/>Czas \u0142adowania zaledwie dw\u00f3ch godzin \u2013 urz\u0105dzenie jest szybko gotowe do u\u017cycia.<br data-start=\"3033\" data-end=\"3036\" \/>Wytrzyma\u0142a wydajno\u015b\u0107 baterii \u2013 wytrzymuje ca\u0142y okres u\u017cytkowania urz\u0105dzenia przy wielokrotnym \u0142adowaniu.<\/p>\n<p data-start=\"3138\" data-end=\"3252\">Te funkcje sprawiaj\u0105, \u017ce BANG KING 45000 Puffs jest szczeg\u00f3lnie ekonomiczny w por\u00f3wnaniu z innymi jednorazowymi vape'ami.<\/p>\n<h3>R\u00f3\u017cne poziomy nikotyny dla indywidualnych potrzeb<\/h3>\n<p data-start=\"3326\" data-end=\"3482\">Ka\u017cdy palacz ma swoje preferencje dotycz\u0105ce zawarto\u015bci nikotyny. Dlatego BANG KING 45000 Puffs jest dost\u0119pny w czterech r\u00f3\u017cnych mocach:<\/p>\n<p data-start=\"3484\" data-end=\"3786\">0% (bez nikotyny) \u2013 dla tych, kt\u00f3rzy chc\u0105 cieszy\u0107 si\u0119 smakiem bez nikotyny.<br data-start=\"3567\" data-end=\"3570\" \/>2% (20mg\/ml) \u2013 \u0142agodna dawka dla okazjonalnych palaczy.<br data-start=\"3632\" data-end=\"3635\" \/>3% (30mg\/ml) \u2013 zr\u00f3wnowa\u017cony stosunek smaku i mocy nikotyny.<br data-start=\"3716\" data-end=\"3719\" \/>5% (50mg\/ml) \u2013 najpot\u0119\u017cniejsza wersja dla do\u015bwiadczonych palaczy.<\/p>\n<p data-start=\"3788\" data-end=\"3894\">Dzi\u0119ki temu wyborowi urz\u0105dzenie jest idealne zar\u00f3wno dla pocz\u0105tkuj\u0105cych, jak i do\u015bwiadczonych palaczy.<\/p>\n<h3>Praktyczne opakowanie dla sprzedawc\u00f3w i hurtownik\u00f3w<\/h3>\n<p data-start=\"3962\" data-end=\"4107\">Dla hurtu i detalist\u00f3w BANG KING 45000 Puffs jest optymalnie zapakowany, aby zapewni\u0107 \u0142atw\u0105 obs\u0142ug\u0119 i magazynowanie:<\/p>\n<p data-start=\"4109\" data-end=\"4378\">10 sztuk w pude\u0142ku \u2013 praktyczne jednostki pakowania dla detalist\u00f3w.<br data-start=\"4187\" data-end=\"4190\" \/>20 pude\u0142ek w kartonie \u2013 Idealne dla hurtu i dystrybucji.<br data-start=\"4260\" data-end=\"4263\" \/>Rozmiary transportowe: 100 lub 200 sztuk w kartonie \u2013 Efektywne rozwi\u0105zania pakowania do importu i sprzeda\u017cy.<\/p>\n<p data-start=\"4380\" data-end=\"4473\">Ta struktura opakowania zapewnia p\u0142ynny wysy\u0142 i optymalne przechowywanie.<\/p>\n<h3>Premium jednorazowy produkt z unikalnym smakiem<\/h3>\n<p data-start=\"4544\" data-end=\"4826\">BANG KING 45000 Puffs wyznacza nowe standardy dla jednorazowych e-papieros\u00f3w. Z trzema r\u00f3\u017cnymi aromatami, innowacyjn\u0105 technologi\u0105 mesh-coil, \u0142adowalnym akumulatorem i imponuj\u0105c\u0105 liczb\u0105 zaci\u0105gni\u0119\u0107 45 000, to urz\u0105dzenie spe\u0142nia oczekiwania wymagaj\u0105cych palaczy.<\/p>\n<p data-start=\"4828\" data-end=\"5140\">Trzy aromaty w jednym urz\u0105dzeniu dla maksymalnej r\u00f3\u017cnorodno\u015bci<br data-start=\"4882\" data-end=\"4885\" \/>Intensywny smak i g\u0119sty dym dzi\u0119ki technologii mesh-coil<br data-start=\"4956\" data-end=\"4959\" \/>Akumulator wielokrotnego \u0142adowania z funkcj\u0105 szybkiego \u0142adowania Type-C<br data-start=\"5018\" data-end=\"5021\" \/>Indywidualnie wybierane poziomy nikotyny od 0% do 5%.<br data-start=\"5076\" data-end=\"5079\" \/>Trwa\u0142y i wydajny \u2013 idealny dla wielo-dymi\u0105cych<\/p>\n<p data-start=\"5142\" data-end=\"5369\" data-is-last-node=\"\" data-is-only-node=\"\">Czy do codziennego u\u017cytku, czy na wyj\u0105tkowe chwile \u2013 BANG KING 45000 Puffs oferuje unikalne do\u015bwiadczenie z inhalacj\u0105 z maksymaln\u0105 elastyczno\u015bci\u0105 i komfortem. Zam\u00f3w ju\u017c teraz i odkryj now\u0105 generacj\u0119 vapingu!<\/p>","protected":false},"excerpt":{"rendered":"<p>\u2705 Ekstremalnie du\u017co papieros\u00f3w \u2013 do 45 000 poci\u0105gni\u0119\u0107, na dodatkow\u0105 d\u0142ug\u0105 zabaw\u0119 dymem!<br \/>\n\u2705 Brak op\u0142at celnych i darmowa wysy\u0142ka \u2013 Zam\u00f3w bez dodatkowych koszt\u00f3w!<br \/>\n\u2705 Trzy smaki w jednym \u2013 zmieniaj wed\u0142ug uznania, potr\u00f3jna przyjemno\u015b\u0107!<\/p>","protected":false},"featured_media":5621,"template":"","meta":[],"etheme_brands":[],"product_brand":[101],"product_cat":[66,49,61,87],"product_tag":[],"class_list":{"0":"post-5650","1":"product","2":"type-product","3":"status-publish","4":"has-post-thumbnail","6":"product_brand-bang-king-vape","7":"product_cat-45k-vape","8":"product_cat-einweg-e-zigarette","9":"product_cat-f","10":"product_cat-v","12":"first","13":"instock","14":"shipping-taxable","15":"purchasable","16":"product-type-variable"},"yoast_head":"<!-- This site is optimized with the Yoast SEO plugin v26.5 - https:\/\/yoast.com\/wordpress\/plugins\/seo\/ -->\n<title>Genie\u00dfen Sie die perfekte Kombination aus Erdbeer-Himbeere, Dreifachmelone und saurer Mango-Ananas mit BANG KING 45000 Puffs | vapingnet.de<\/title>\n<meta name=\"description\" content=\"Genie\u00dfen Sie die perfekte Mischung aus Erdbeer-Himbeere, Dreifachmelone und saurer Mango-Ananas mit BANG KING 45000 Puffs, um den Sommer zur\u00fcckzubringen\" \/>\n<meta name=\"robots\" content=\"index, follow, max-snippet:-1, max-image-preview:large, max-video-preview:-1\" \/>\n<link rel=\"canonical\" href=\"https:\/\/vapingnet.de\/pl\/vape\/geniessen-sie-die-perfekte-kombination-aus-erdbeer-himbeere-dreifachmelone-und-saurer-mango-ananas-mit-bang-king-45000-puffs\/\" \/>\n<meta property=\"og:locale\" content=\"pl_PL\" \/>\n<meta property=\"og:type\" content=\"article\" \/>\n<meta property=\"og:title\" content=\"Genie\u00dfen Sie die perfekte Kombination aus Erdbeer-Himbeere, Dreifachmelone und saurer Mango-Ananas mit BANG KING 45000 Puffs | vapingnet.de\" \/>\n<meta property=\"og:description\" content=\"Genie\u00dfen Sie die perfekte Mischung aus Erdbeer-Himbeere, Dreifachmelone und saurer Mango-Ananas mit BANG KING 45000 Puffs, um den Sommer zur\u00fcckzubringen\" \/>\n<meta property=\"og:url\" content=\"https:\/\/vapingnet.de\/pl\/vape\/geniessen-sie-die-perfekte-kombination-aus-erdbeer-himbeere-dreifachmelone-und-saurer-mango-ananas-mit-bang-king-45000-puffs\/\" \/>\n<meta property=\"og:site_name\" content=\"Vapingnet.de\" \/>\n<meta property=\"article:publisher\" content=\"https:\/\/www.facebook.com\/vapingnetde\/\" \/>\n<meta property=\"article:modified_time\" content=\"2025-06-19T03:40:37+00:00\" \/>\n<meta property=\"og:image\" content=\"https:\/\/vapingnet.de\/wp-content\/uploads\/2025\/03\/45k_Strawberry-Raspberry_-Triple-Melon_-Sour-Mango-Pineapple-1.png\" \/>\n\t<meta property=\"og:image:width\" content=\"1000\" \/>\n\t<meta property=\"og:image:height\" content=\"1000\" \/>\n\t<meta property=\"og:image:type\" content=\"image\/png\" \/>\n<meta name=\"twitter:card\" content=\"summary_large_image\" \/>\n<meta name=\"twitter:label1\" content=\"Est. reading time\" \/>\n\t<meta name=\"twitter:data1\" content=\"4 minutes\" \/>\n<script type=\"application\/ld+json\" class=\"yoast-schema-graph\">{\"@context\":\"https:\/\/schema.org\",\"@graph\":[{\"@type\":\"WebPage\",\"@id\":\"https:\/\/vapingnet.de\/vape\/geniessen-sie-die-perfekte-kombination-aus-erdbeer-himbeere-dreifachmelone-und-saurer-mango-ananas-mit-bang-king-45000-puffs\/\",\"url\":\"https:\/\/vapingnet.de\/vape\/geniessen-sie-die-perfekte-kombination-aus-erdbeer-himbeere-dreifachmelone-und-saurer-mango-ananas-mit-bang-king-45000-puffs\/\",\"name\":\"Genie\u00dfen Sie die perfekte Kombination aus Erdbeer-Himbeere, Dreifachmelone und saurer Mango-Ananas mit BANG KING 45000 Puffs | vapingnet.de\",\"isPartOf\":{\"@id\":\"https:\/\/vapingnet.de\/#website\"},\"primaryImageOfPage\":{\"@id\":\"https:\/\/vapingnet.de\/vape\/geniessen-sie-die-perfekte-kombination-aus-erdbeer-himbeere-dreifachmelone-und-saurer-mango-ananas-mit-bang-king-45000-puffs\/#primaryimage\"},\"image\":{\"@id\":\"https:\/\/vapingnet.de\/vape\/geniessen-sie-die-perfekte-kombination-aus-erdbeer-himbeere-dreifachmelone-und-saurer-mango-ananas-mit-bang-king-45000-puffs\/#primaryimage\"},\"thumbnailUrl\":\"https:\/\/vapingnet.de\/wp-content\/uploads\/2025\/03\/45k_Strawberry-Raspberry_-Triple-Melon_-Sour-Mango-Pineapple-1.png\",\"datePublished\":\"2025-03-18T08:05:16+00:00\",\"dateModified\":\"2025-06-19T03:40:37+00:00\",\"description\":\"Genie\u00dfen Sie die perfekte Mischung aus Erdbeer-Himbeere, Dreifachmelone und saurer Mango-Ananas mit BANG KING 45000 Puffs, um den Sommer zur\u00fcckzubringen\",\"breadcrumb\":{\"@id\":\"https:\/\/vapingnet.de\/vape\/geniessen-sie-die-perfekte-kombination-aus-erdbeer-himbeere-dreifachmelone-und-saurer-mango-ananas-mit-bang-king-45000-puffs\/#breadcrumb\"},\"inLanguage\":\"pl-PL\",\"potentialAction\":[{\"@type\":\"ReadAction\",\"target\":[\"https:\/\/vapingnet.de\/vape\/geniessen-sie-die-perfekte-kombination-aus-erdbeer-himbeere-dreifachmelone-und-saurer-mango-ananas-mit-bang-king-45000-puffs\/\"]}]},{\"@type\":\"ImageObject\",\"inLanguage\":\"pl-PL\",\"@id\":\"https:\/\/vapingnet.de\/vape\/geniessen-sie-die-perfekte-kombination-aus-erdbeer-himbeere-dreifachmelone-und-saurer-mango-ananas-mit-bang-king-45000-puffs\/#primaryimage\",\"url\":\"https:\/\/vapingnet.de\/wp-content\/uploads\/2025\/03\/45k_Strawberry-Raspberry_-Triple-Melon_-Sour-Mango-Pineapple-1.png\",\"contentUrl\":\"https:\/\/vapingnet.de\/wp-content\/uploads\/2025\/03\/45k_Strawberry-Raspberry_-Triple-Melon_-Sour-Mango-Pineapple-1.png\",\"width\":1000,\"height\":1000},{\"@type\":\"BreadcrumbList\",\"@id\":\"https:\/\/vapingnet.de\/vape\/geniessen-sie-die-perfekte-kombination-aus-erdbeer-himbeere-dreifachmelone-und-saurer-mango-ananas-mit-bang-king-45000-puffs\/#breadcrumb\",\"itemListElement\":[{\"@type\":\"ListItem\",\"position\":1,\"name\":\"Home\",\"item\":\"https:\/\/vapingnet.de\/\"},{\"@type\":\"ListItem\",\"position\":2,\"name\":\"Shop\",\"item\":\"https:\/\/vapingnet.de\/vape\/\"},{\"@type\":\"ListItem\",\"position\":3,\"name\":\"Genie\u00dfen Sie die perfekte Kombination aus Erdbeer-Himbeere, Dreifachmelone und saurer Mango-Ananas mit BANG KING 45000 Puffs\"}]},{\"@type\":\"WebSite\",\"@id\":\"https:\/\/vapingnet.de\/#website\",\"url\":\"https:\/\/vapingnet.de\/\",\"name\":\"Vapingnet.de\",\"description\":\"\",\"publisher\":{\"@id\":\"https:\/\/vapingnet.de\/#organization\"},\"potentialAction\":[{\"@type\":\"SearchAction\",\"target\":{\"@type\":\"EntryPoint\",\"urlTemplate\":\"https:\/\/vapingnet.de\/?s={search_term_string}\"},\"query-input\":{\"@type\":\"PropertyValueSpecification\",\"valueRequired\":true,\"valueName\":\"search_term_string\"}}],\"inLanguage\":\"pl-PL\"},{\"@type\":\"Organization\",\"@id\":\"https:\/\/vapingnet.de\/#organization\",\"name\":\"Vapingnet.de\",\"url\":\"https:\/\/vapingnet.de\/\",\"logo\":{\"@type\":\"ImageObject\",\"inLanguage\":\"pl-PL\",\"@id\":\"https:\/\/vapingnet.de\/#\/schema\/logo\/image\/\",\"url\":\"https:\/\/vapingnet.de\/wp-content\/uploads\/2025\/03\/cropped-vapingnet.de_.jpg\",\"contentUrl\":\"https:\/\/vapingnet.de\/wp-content\/uploads\/2025\/03\/cropped-vapingnet.de_.jpg\",\"width\":512,\"height\":512,\"caption\":\"Vapingnet.de\"},\"image\":{\"@id\":\"https:\/\/vapingnet.de\/#\/schema\/logo\/image\/\"},\"sameAs\":[\"https:\/\/www.facebook.com\/vapingnetde\/\"]}]}<\/script>\n<!-- \/ Yoast SEO plugin. -->","yoast_head_json":{"title":"Genie\u00dfen Sie die perfekte Kombination aus Erdbeer-Himbeere, Dreifachmelone und saurer Mango-Ananas mit BANG KING 45000 Puffs | vapingnet.de","description":"Genie\u00dfen Sie die perfekte Mischung aus Erdbeer-Himbeere, Dreifachmelone und saurer Mango-Ananas mit BANG KING 45000 Puffs, um den Sommer zur\u00fcckzubringen","robots":{"index":"index","follow":"follow","max-snippet":"max-snippet:-1","max-image-preview":"max-image-preview:large","max-video-preview":"max-video-preview:-1"},"canonical":"https:\/\/vapingnet.de\/pl\/vape\/geniessen-sie-die-perfekte-kombination-aus-erdbeer-himbeere-dreifachmelone-und-saurer-mango-ananas-mit-bang-king-45000-puffs\/","og_locale":"pl_PL","og_type":"article","og_title":"Genie\u00dfen Sie die perfekte Kombination aus Erdbeer-Himbeere, Dreifachmelone und saurer Mango-Ananas mit BANG KING 45000 Puffs | vapingnet.de","og_description":"Genie\u00dfen Sie die perfekte Mischung aus Erdbeer-Himbeere, Dreifachmelone und saurer Mango-Ananas mit BANG KING 45000 Puffs, um den Sommer zur\u00fcckzubringen","og_url":"https:\/\/vapingnet.de\/pl\/vape\/geniessen-sie-die-perfekte-kombination-aus-erdbeer-himbeere-dreifachmelone-und-saurer-mango-ananas-mit-bang-king-45000-puffs\/","og_site_name":"Vapingnet.de","article_publisher":"https:\/\/www.facebook.com\/vapingnetde\/","article_modified_time":"2025-06-19T03:40:37+00:00","og_image":[{"width":1000,"height":1000,"url":"https:\/\/vapingnet.de\/wp-content\/uploads\/2025\/03\/45k_Strawberry-Raspberry_-Triple-Melon_-Sour-Mango-Pineapple-1.png","type":"image\/png"}],"twitter_card":"summary_large_image","twitter_misc":{"Est. reading time":"4 minutes"},"schema":{"@context":"https:\/\/schema.org","@graph":[{"@type":"WebPage","@id":"https:\/\/vapingnet.de\/vape\/geniessen-sie-die-perfekte-kombination-aus-erdbeer-himbeere-dreifachmelone-und-saurer-mango-ananas-mit-bang-king-45000-puffs\/","url":"https:\/\/vapingnet.de\/vape\/geniessen-sie-die-perfekte-kombination-aus-erdbeer-himbeere-dreifachmelone-und-saurer-mango-ananas-mit-bang-king-45000-puffs\/","name":"Genie\u00dfen Sie die perfekte Kombination aus Erdbeer-Himbeere, Dreifachmelone und saurer Mango-Ananas mit BANG KING 45000 Puffs | vapingnet.de","isPartOf":{"@id":"https:\/\/vapingnet.de\/#website"},"primaryImageOfPage":{"@id":"https:\/\/vapingnet.de\/vape\/geniessen-sie-die-perfekte-kombination-aus-erdbeer-himbeere-dreifachmelone-und-saurer-mango-ananas-mit-bang-king-45000-puffs\/#primaryimage"},"image":{"@id":"https:\/\/vapingnet.de\/vape\/geniessen-sie-die-perfekte-kombination-aus-erdbeer-himbeere-dreifachmelone-und-saurer-mango-ananas-mit-bang-king-45000-puffs\/#primaryimage"},"thumbnailUrl":"https:\/\/vapingnet.de\/wp-content\/uploads\/2025\/03\/45k_Strawberry-Raspberry_-Triple-Melon_-Sour-Mango-Pineapple-1.png","datePublished":"2025-03-18T08:05:16+00:00","dateModified":"2025-06-19T03:40:37+00:00","description":"Genie\u00dfen Sie die perfekte Mischung aus Erdbeer-Himbeere, Dreifachmelone und saurer Mango-Ananas mit BANG KING 45000 Puffs, um den Sommer zur\u00fcckzubringen","breadcrumb":{"@id":"https:\/\/vapingnet.de\/vape\/geniessen-sie-die-perfekte-kombination-aus-erdbeer-himbeere-dreifachmelone-und-saurer-mango-ananas-mit-bang-king-45000-puffs\/#breadcrumb"},"inLanguage":"pl-PL","potentialAction":[{"@type":"ReadAction","target":["https:\/\/vapingnet.de\/vape\/geniessen-sie-die-perfekte-kombination-aus-erdbeer-himbeere-dreifachmelone-und-saurer-mango-ananas-mit-bang-king-45000-puffs\/"]}]},{"@type":"ImageObject","inLanguage":"pl-PL","@id":"https:\/\/vapingnet.de\/vape\/geniessen-sie-die-perfekte-kombination-aus-erdbeer-himbeere-dreifachmelone-und-saurer-mango-ananas-mit-bang-king-45000-puffs\/#primaryimage","url":"https:\/\/vapingnet.de\/wp-content\/uploads\/2025\/03\/45k_Strawberry-Raspberry_-Triple-Melon_-Sour-Mango-Pineapple-1.png","contentUrl":"https:\/\/vapingnet.de\/wp-content\/uploads\/2025\/03\/45k_Strawberry-Raspberry_-Triple-Melon_-Sour-Mango-Pineapple-1.png","width":1000,"height":1000},{"@type":"BreadcrumbList","@id":"https:\/\/vapingnet.de\/vape\/geniessen-sie-die-perfekte-kombination-aus-erdbeer-himbeere-dreifachmelone-und-saurer-mango-ananas-mit-bang-king-45000-puffs\/#breadcrumb","itemListElement":[{"@type":"ListItem","position":1,"name":"Home","item":"https:\/\/vapingnet.de\/"},{"@type":"ListItem","position":2,"name":"Shop","item":"https:\/\/vapingnet.de\/vape\/"},{"@type":"ListItem","position":3,"name":"Genie\u00dfen Sie die perfekte Kombination aus Erdbeer-Himbeere, Dreifachmelone und saurer Mango-Ananas mit BANG KING 45000 Puffs"}]},{"@type":"WebSite","@id":"https:\/\/vapingnet.de\/#website","url":"https:\/\/vapingnet.de\/","name":"Vapingnet.de","description":"","publisher":{"@id":"https:\/\/vapingnet.de\/#organization"},"potentialAction":[{"@type":"SearchAction","target":{"@type":"EntryPoint","urlTemplate":"https:\/\/vapingnet.de\/?s={search_term_string}"},"query-input":{"@type":"PropertyValueSpecification","valueRequired":true,"valueName":"search_term_string"}}],"inLanguage":"pl-PL"},{"@type":"Organization","@id":"https:\/\/vapingnet.de\/#organization","name":"Vapingnet.de","url":"https:\/\/vapingnet.de\/","logo":{"@type":"ImageObject","inLanguage":"pl-PL","@id":"https:\/\/vapingnet.de\/#\/schema\/logo\/image\/","url":"https:\/\/vapingnet.de\/wp-content\/uploads\/2025\/03\/cropped-vapingnet.de_.jpg","contentUrl":"https:\/\/vapingnet.de\/wp-content\/uploads\/2025\/03\/cropped-vapingnet.de_.jpg","width":512,"height":512,"caption":"Vapingnet.de"},"image":{"@id":"https:\/\/vapingnet.de\/#\/schema\/logo\/image\/"},"sameAs":["https:\/\/www.facebook.com\/vapingnetde\/"]}]}},"tiered_pricing_type":"fixed","tiered_pricing_fixed_rules":[],"tiered_pricing_product_settings":{"layout":"default","base_unit_name":{"singular":null,"plural":null},"default_variation":null},"tiered_pricing_minimum_quantity":null,"tiered_pricing_roles_data":[],"tiered_pricing_percentage_rules":[],"_links":{"self":[{"href":"https:\/\/vapingnet.de\/pl\/wp-json\/wp\/v2\/product\/5650","targetHints":{"allow":["GET"]}}],"collection":[{"href":"https:\/\/vapingnet.de\/pl\/wp-json\/wp\/v2\/product"}],"about":[{"href":"https:\/\/vapingnet.de\/pl\/wp-json\/wp\/v2\/types\/product"}],"version-history":[{"count":3,"href":"https:\/\/vapingnet.de\/pl\/wp-json\/wp\/v2\/product\/5650\/revisions"}],"predecessor-version":[{"id":5962,"href":"https:\/\/vapingnet.de\/pl\/wp-json\/wp\/v2\/product\/5650\/revisions\/5962"}],"wp:featuredmedia":[{"embeddable":true,"href":"https:\/\/vapingnet.de\/pl\/wp-json\/wp\/v2\/media\/5621"}],"wp:attachment":[{"href":"https:\/\/vapingnet.de\/pl\/wp-json\/wp\/v2\/media?parent=5650"}],"wp:term":[{"taxonomy":"brand","embeddable":true,"href":"https:\/\/vapingnet.de\/pl\/wp-json\/wp\/v2\/etheme_brands?post=5650"},{"taxonomy":"product_brand","embeddable":true,"href":"https:\/\/vapingnet.de\/pl\/wp-json\/wp\/v2\/product_brand?post=5650"},{"taxonomy":"product_cat","embeddable":true,"href":"https:\/\/vapingnet.de\/pl\/wp-json\/wp\/v2\/product_cat?post=5650"},{"taxonomy":"product_tag","embeddable":true,"href":"https:\/\/vapingnet.de\/pl\/wp-json\/wp\/v2\/product_tag?post=5650"}],"curies":[{"name":"wp","href":"https:\/\/api.w.org\/{rel}","templated":true}]}}