{"id":5652,"date":"2025-03-18T08:05:17","date_gmt":"2025-03-18T08:05:17","guid":{"rendered":"https:\/\/vapingnet.de\/?post_type=product&#038;p=5652"},"modified":"2025-06-19T03:40:37","modified_gmt":"2025-06-19T03:40:37","slug":"himbeer-wassermelone-mango-pfirsich-erdbeer-kiwi-bang-king-45000-puffs-bieten-3-arten-von-genuss","status":"publish","type":"product","link":"https:\/\/vapingnet.de\/pl\/vape\/himbeer-wassermelone-mango-pfirsich-erdbeer-kiwi-bang-king-45000-puffs-bieten-3-arten-von-genuss\/","title":{"rendered":"Malina-Arbuz Mango-Brzoskwinia Truskawka-Kiwi BANG KING 45000 Paliw oferuje 3 rodzaje przyjemno\u015bci"},"content":{"rendered":"<h3 data-start=\"0\" data-end=\"95\">BANG KING 45000 Puffs Malina-Woda arbuz, Mango-brzoskwinia, Truskawka-kiwi Trzy intensywne aromaty owocowe dla ostatecznego do\u015bwiadczenia vapowania<\/h3>\n<p data-start=\"97\" data-end=\"460\">BANG KING 45000 Puffs wyznacza nowe standardy w dziedzinie <strong><a href=\"https:\/\/vapingnet.de\/pl\/k\/einweg-e-zigarette\/\">Jednorazowe e-papierosy<\/a><\/strong>. Z <strong><a href=\"https:\/\/vapingnet.de\/pl\/k\/45k-vape\/\">45k vape<\/a><\/strong>, innowacyjnym systemem smaku 3-w-1 i mocn\u0105 technologi\u0105 Mesh-Coil, ten model oferuje najwy\u017cszej klasy do\u015bwiadczenie vapowania. Akumulator wielokrotnego \u0142adowania 650mAh z szybkim \u0142adowaniem Type-C zapewnia d\u0142ugotrwa\u0142e u\u017cytkowanie.<\/p>\n<p data-start=\"462\" data-end=\"606\">Aromaty maliny, arbuz, mango, brzoskwinia i truskawka kiwi zapewniaj\u0105 r\u00f3\u017cnorodno\u015b\u0107 smaku i intensywne doznania smakowe.<\/p>\n<h2 data-start=\"613\" data-end=\"650\">Przegl\u0105d cech produktu<\/h2>\n<div class=\"overflow-x-auto contain-inline-size\">\n<table data-start=\"652\" data-end=\"1165\">\n<thead data-start=\"652\" data-end=\"696\">\n<tr data-start=\"652\" data-end=\"696\">\n<th data-start=\"652\" data-end=\"675\">W\u0142a\u015bciwo\u015b\u0107<\/th>\n<th data-start=\"675\" data-end=\"696\">Opis<\/th>\n<\/tr>\n<\/thead>\n<tbody data-start=\"741\" data-end=\"1165\">\n<tr data-start=\"741\" data-end=\"779\">\n<td>Liczba zaci\u0105gni\u0119\u0107<\/td>\n<td>45 000 Puffs<\/td>\n<\/tr>\n<tr data-start=\"780\" data-end=\"834\">\n<td>System aromat\u00f3w<\/td>\n<td>Technologia smaku 3-w-1<\/td>\n<\/tr>\n<tr data-start=\"835\" data-end=\"904\">\n<td>Technologia coil<\/td>\n<td>Mesh-Coil 1.0 Ohma dla intensywnego smaku<\/td>\n<\/tr>\n<tr data-start=\"905\" data-end=\"954\">\n<td>Pojemno\u015b\u0107 baterii<\/td>\n<td>650mAh, wielokrotnie \u0142adowalny<\/td>\n<\/tr>\n<tr data-start=\"955\" data-end=\"1001\">\n<td>Gniazdo \u0142adowania<\/td>\n<td>Szybkie \u0142adowanie Type-C<\/td>\n<\/tr>\n<tr data-start=\"1002\" data-end=\"1042\">\n<td>St\u0119\u017cenia nikotyny<\/td>\n<td>0%, 2%, 3%, 5%<\/td>\n<\/tr>\n<tr data-start=\"1043\" data-end=\"1109\">\n<td>Jednostka pakowania<\/td>\n<td>10 sztuk w opakowaniu, 20 opakowa\u0144 w kartonie<\/td>\n<\/tr>\n<tr data-start=\"1110\" data-end=\"1165\">\n<td>Rozmiary transportowe<\/td>\n<td>100 lub 200 sztuk w kartonie<\/td>\n<\/tr>\n<\/tbody>\n<\/table>\n<\/div>\n<h2 data-start=\"1172\" data-end=\"1205\">Trzy unikalne aromaty<\/h2>\n<p data-start=\"1207\" data-end=\"1317\">Dzi\u0119ki technologii 3-komorowej mo\u017cna w ka\u017cdej chwili prze\u0142\u0105cza\u0107 si\u0119 mi\u0119dzy trzema najwy\u017cszej jako\u015bci aromatami owocowymi.<\/p>\n<p data-start=\"1319\" data-end=\"1491\">Malina Watermelon<br data-start=\"1345\" data-end=\"1348\" \/>Owocowa kombinacja s\u0142odkiej maliny i soczystego arbuza \u2013 idealnie wywa\u017cona mi\u0119dzy aromatem jag\u00f3d a orze\u017awiaj\u0105c\u0105 s\u0142odycz\u0105.<\/p>\n<p data-start=\"1493\" data-end=\"1653\">Mango Brzoskwinia<br data-start=\"1510\" data-end=\"1513\" \/>Tropikalne mango spotyka si\u0119 z delikatn\u0105 brzoskwini\u0105 \u2013 s\u0142odkie i soczyste doznanie smakowe z przyjemn\u0105 r\u00f3wnowag\u0105 mi\u0119dzy \u015bwie\u017co\u015bci\u0105 a s\u0142odycz\u0105.<\/p>\n<p data-start=\"1655\" data-end=\"1807\">Truskawka Kiwi<br data-start=\"1676\" data-end=\"1679\" \/>S\u0142odka intensywno\u015b\u0107 truskawki \u0142\u0105czy si\u0119 z lekk\u0105 kwasowo\u015bci\u0105 kiwi, tworz\u0105c musuj\u0105ce, owocowe aromaty.<\/p>\n<p data-start=\"1809\" data-end=\"1924\">Te aromaty pozostaj\u0105 dzi\u0119ki wysokiej jako\u015bci technologii Mesh-Coil r\u00f3wnie intensywne a\u017c do ostatniego poci\u0105gni\u0119cia.<\/p>\n<h2 data-start=\"1931\" data-end=\"1971\">Najnowocze\u015bniejsza technologia Mesh-Coil<\/h2>\n<p data-start=\"1973\" data-end=\"2075\">Mesh-Coil 1.0 Ohma zapewnia r\u00f3wnomierne odparowywanie i maksymalizuje g\u0142\u0119bi\u0119 smaku.<\/p>\n<p data-start=\"2077\" data-end=\"2278\">Zalety Mesh-Coil:<br data-start=\"2107\" data-end=\"2110\" \/>Intensywniejsze aromaty dzi\u0119ki wi\u0119kszej powierzchni odparowywania<br data-start=\"2163\" data-end=\"2166\" \/>G\u0119stsze chmury pary dla pe\u0142niejszego doznania<br data-start=\"2218\" data-end=\"2221\" \/>R\u00f3wnomierne rozprowadzanie ciep\u0142a dla sta\u0142ego smaku<\/p>\n<p data-start=\"2280\" data-end=\"2385\">Dzi\u0119ki tej technologii aromat pozostaje od pocz\u0105tku do ko\u0144ca taki sam, bez utraty intensywno\u015bci.<\/p>\n<h2 data-start=\"2392\" data-end=\"2454\">Wydajny akumulator 650mAh z szybkim \u0142adowaniem Type-C<\/h2>\n<p data-start=\"2456\" data-end=\"2675\">Zalety wymiennego akumulatora:<br data-start=\"2500\" data-end=\"2503\" \/>Typ-C port \u0142adowania do szybkiego i wydajnego \u0142adowania<br data-start=\"2565\" data-end=\"2568\" \/>W pe\u0142ni na\u0142adowany w zaledwie dwie godziny<br data-start=\"2613\" data-end=\"2616\" \/>D\u0142u\u017cszy czas u\u017cytkowania ni\u017c tradycyjne jednorazowe vape<\/p>\n<p data-start=\"2677\" data-end=\"2809\">Te funkcje sprawiaj\u0105, \u017ce <strong><a href=\"https:\/\/vapingnet.de\/pl\/bang-king-45000-puffs\/\">BANG KING 45000 Puffs<\/a><\/strong> jest bardziej ekonomiczny i przyjazny dla \u015brodowiska ni\u017c wiele innych modeli jednorazowych.<\/p>\n<h2 data-start=\"2816\" data-end=\"2860\">Indywidualnie wybieralne poziomy nikotyny<\/h2>\n<div class=\"overflow-x-auto contain-inline-size\">\n<table data-start=\"2862\" data-end=\"3241\">\n<thead data-start=\"2862\" data-end=\"2902\">\n<tr data-start=\"2862\" data-end=\"2902\">\n<th data-start=\"2862\" data-end=\"2882\">St\u0119\u017cenie nikotyny<\/th>\n<th data-start=\"2882\" data-end=\"2902\">Przeznaczony dla<\/th>\n<\/tr>\n<\/thead>\n<tbody data-start=\"2941\" data-end=\"3241\">\n<tr data-start=\"2941\" data-end=\"3018\">\n<td>0% (bez nikotyny)<\/td>\n<td>Dampersi, kt\u00f3rzy chc\u0105 cieszy\u0107 si\u0119 czystym smakiem<\/td>\n<\/tr>\n<tr data-start=\"3019\" data-end=\"3061\">\n<td>2% (20mg\/ml)<\/td>\n<td>Okazjonalny vaper<\/td>\n<\/tr>\n<tr data-start=\"3062\" data-end=\"3156\">\n<td>3% (30mg\/ml)<\/td>\n<td>U\u017cytkownicy, kt\u00f3rzy preferuj\u0105 r\u00f3wnowag\u0119 mi\u0119dzy smakiem a nikotyn\u0105<\/td>\n<\/tr>\n<tr data-start=\"3157\" data-end=\"3241\">\n<td>5% (50mg\/ml)<\/td>\n<td>Do\u015bwiadczeni dampersi, kt\u00f3rzy potrzebuj\u0105 intensywnej dawki nikotyny<\/td>\n<\/tr>\n<\/tbody>\n<\/table>\n<\/div>\n<p data-start=\"3243\" data-end=\"3321\">Ten wyb\u00f3r umo\u017cliwia indywidualne do\u015bwiadczenie vapingu dla wszystkich preferencji.<\/p>\n<h2 data-start=\"3328\" data-end=\"3385\">Opakowanie i transport \u2013 zoptymalizowane dla sprzedawc\u00f3w<\/h2>\n<p data-start=\"3387\" data-end=\"3600\">10 sztuk w pude\u0142ku \u2013 idealne do sprzeda\u017cy detalicznej<br data-start=\"3438\" data-end=\"3441\" \/>20 pude\u0142ek w kartonie \u2013 praktyczne dla hurtownik\u00f3w<br data-start=\"3494\" data-end=\"3497\" \/>Rozmiary transportowe: 100 lub 200 sztuk w kartonie \u2013 efektywne pakowanie do magazynowania i wysy\u0142ki<\/p>\n<p data-start=\"3602\" data-end=\"3707\">Dzi\u0119ki zoptymalizowanemu opakowaniu zapewniona jest \u0142atwa obs\u0142uga i bezproblemowy transport.<\/p>\n<h2 data-start=\"3714\" data-end=\"3774\">Premium jednorazowy produkt dla maksymalnej r\u00f3\u017cnorodno\u015bci<\/h2>\n<p data-start=\"3776\" data-end=\"4102\">Trzy komory smakowe dla urozmaiconego dozna\u0144 smakowych<br data-start=\"3835\" data-end=\"3838\" \/>Technologia Mesh-Coil dla intensywnego smaku i g\u0119stych chmur dymu<br data-start=\"3913\" data-end=\"3916\" \/>Ponownie \u0142adowalny akumulator 650mAh z funkcj\u0105 szybkiego \u0142adowania Type-C<br data-start=\"3982\" data-end=\"3985\" \/>Indywidualnie wybierane poziomy nikotyny od 0% do 5%.<br data-start=\"4040\" data-end=\"4043\" \/>Optymalne opakowanie dla sprzeda\u017cy detalicznej i hurtowej<\/p>\n<p data-start=\"4104\" data-end=\"4331\" data-is-last-node=\"\" data-is-only-node=\"\">Z Raspberry Watermelon, Mango Peach i Strawberry Kiwi, BANG KING 45000 Puffs oferuje niezr\u00f3wnane do\u015bwiadczenie vapingu z wyj\u0105tkowym smakiem. Zam\u00f3w ju\u017c teraz i do\u015bwiadcz kolejnego poziomu vapingu!<\/p>","protected":false},"excerpt":{"rendered":"<p>\u2705 Ekstremalnie du\u017co papieros\u00f3w \u2013 do 45 000 poci\u0105gni\u0119\u0107, na dodatkow\u0105 d\u0142ug\u0105 zabaw\u0119 dymem!<br \/>\n\u2705 Brak op\u0142at celnych i darmowa wysy\u0142ka \u2013 Zam\u00f3w bez dodatkowych koszt\u00f3w!<br \/>\n\u2705 Trzy smaki w jednym \u2013 zmieniaj wed\u0142ug uznania, potr\u00f3jna przyjemno\u015b\u0107!<\/p>","protected":false},"featured_media":5618,"template":"","meta":[],"etheme_brands":[],"product_brand":[101],"product_cat":[66,49,61,87],"product_tag":[],"class_list":{"0":"post-5652","1":"product","2":"type-product","3":"status-publish","4":"has-post-thumbnail","6":"product_brand-bang-king-vape","7":"product_cat-45k-vape","8":"product_cat-einweg-e-zigarette","9":"product_cat-f","10":"product_cat-v","12":"first","13":"instock","14":"shipping-taxable","15":"purchasable","16":"product-type-variable"},"yoast_head":"<!-- This site is optimized with the Yoast SEO plugin v26.5 - https:\/\/yoast.com\/wordpress\/plugins\/seo\/ -->\n<title>Himbeer-Wassermelone Mango-Pfirsich Erdbeer-Kiwi BANG KING 45000 Puffs bieten 3 Arten von Genuss | vapingnet.de<\/title>\n<meta name=\"description\" content=\"W\u00e4hlen Sie BANG KING 45000 Puffs f\u00fcr einen intensiven Genuss in 3 einzigartigen Geschmacksrichtungen: Himbeer-Wassermelone, Mango-Pfirsich, Erdbeer-Kiwi.\" \/>\n<meta name=\"robots\" content=\"index, follow, max-snippet:-1, max-image-preview:large, max-video-preview:-1\" \/>\n<link rel=\"canonical\" href=\"https:\/\/vapingnet.de\/pl\/vape\/himbeer-wassermelone-mango-pfirsich-erdbeer-kiwi-bang-king-45000-puffs-bieten-3-arten-von-genuss\/\" \/>\n<meta property=\"og:locale\" content=\"pl_PL\" \/>\n<meta property=\"og:type\" content=\"article\" \/>\n<meta property=\"og:title\" content=\"Himbeer-Wassermelone Mango-Pfirsich Erdbeer-Kiwi BANG KING 45000 Puffs bieten 3 Arten von Genuss | vapingnet.de\" \/>\n<meta property=\"og:description\" content=\"W\u00e4hlen Sie BANG KING 45000 Puffs f\u00fcr einen intensiven Genuss in 3 einzigartigen Geschmacksrichtungen: Himbeer-Wassermelone, Mango-Pfirsich, Erdbeer-Kiwi.\" \/>\n<meta property=\"og:url\" content=\"https:\/\/vapingnet.de\/pl\/vape\/himbeer-wassermelone-mango-pfirsich-erdbeer-kiwi-bang-king-45000-puffs-bieten-3-arten-von-genuss\/\" \/>\n<meta property=\"og:site_name\" content=\"Vapingnet.de\" \/>\n<meta property=\"article:publisher\" content=\"https:\/\/www.facebook.com\/vapingnetde\/\" \/>\n<meta property=\"article:modified_time\" content=\"2025-06-19T03:40:37+00:00\" \/>\n<meta property=\"og:image\" content=\"https:\/\/vapingnet.de\/wp-content\/uploads\/2025\/03\/45k_Raspberry-Watermelon_Mango-Peach_Strawberry-Kiwi-1.png\" \/>\n\t<meta property=\"og:image:width\" content=\"1000\" \/>\n\t<meta property=\"og:image:height\" content=\"1000\" \/>\n\t<meta property=\"og:image:type\" content=\"image\/png\" \/>\n<meta name=\"twitter:card\" content=\"summary_large_image\" \/>\n<meta name=\"twitter:label1\" content=\"Est. reading time\" \/>\n\t<meta name=\"twitter:data1\" content=\"3 minutes\" \/>\n<script type=\"application\/ld+json\" class=\"yoast-schema-graph\">{\"@context\":\"https:\/\/schema.org\",\"@graph\":[{\"@type\":\"WebPage\",\"@id\":\"https:\/\/vapingnet.de\/vape\/himbeer-wassermelone-mango-pfirsich-erdbeer-kiwi-bang-king-45000-puffs-bieten-3-arten-von-genuss\/\",\"url\":\"https:\/\/vapingnet.de\/vape\/himbeer-wassermelone-mango-pfirsich-erdbeer-kiwi-bang-king-45000-puffs-bieten-3-arten-von-genuss\/\",\"name\":\"Himbeer-Wassermelone Mango-Pfirsich Erdbeer-Kiwi BANG KING 45000 Puffs bieten 3 Arten von Genuss | vapingnet.de\",\"isPartOf\":{\"@id\":\"https:\/\/vapingnet.de\/#website\"},\"primaryImageOfPage\":{\"@id\":\"https:\/\/vapingnet.de\/vape\/himbeer-wassermelone-mango-pfirsich-erdbeer-kiwi-bang-king-45000-puffs-bieten-3-arten-von-genuss\/#primaryimage\"},\"image\":{\"@id\":\"https:\/\/vapingnet.de\/vape\/himbeer-wassermelone-mango-pfirsich-erdbeer-kiwi-bang-king-45000-puffs-bieten-3-arten-von-genuss\/#primaryimage\"},\"thumbnailUrl\":\"https:\/\/vapingnet.de\/wp-content\/uploads\/2025\/03\/45k_Raspberry-Watermelon_Mango-Peach_Strawberry-Kiwi-1.png\",\"datePublished\":\"2025-03-18T08:05:17+00:00\",\"dateModified\":\"2025-06-19T03:40:37+00:00\",\"description\":\"W\u00e4hlen Sie BANG KING 45000 Puffs f\u00fcr einen intensiven Genuss in 3 einzigartigen Geschmacksrichtungen: Himbeer-Wassermelone, Mango-Pfirsich, Erdbeer-Kiwi.\",\"breadcrumb\":{\"@id\":\"https:\/\/vapingnet.de\/vape\/himbeer-wassermelone-mango-pfirsich-erdbeer-kiwi-bang-king-45000-puffs-bieten-3-arten-von-genuss\/#breadcrumb\"},\"inLanguage\":\"pl-PL\",\"potentialAction\":[{\"@type\":\"ReadAction\",\"target\":[\"https:\/\/vapingnet.de\/vape\/himbeer-wassermelone-mango-pfirsich-erdbeer-kiwi-bang-king-45000-puffs-bieten-3-arten-von-genuss\/\"]}]},{\"@type\":\"ImageObject\",\"inLanguage\":\"pl-PL\",\"@id\":\"https:\/\/vapingnet.de\/vape\/himbeer-wassermelone-mango-pfirsich-erdbeer-kiwi-bang-king-45000-puffs-bieten-3-arten-von-genuss\/#primaryimage\",\"url\":\"https:\/\/vapingnet.de\/wp-content\/uploads\/2025\/03\/45k_Raspberry-Watermelon_Mango-Peach_Strawberry-Kiwi-1.png\",\"contentUrl\":\"https:\/\/vapingnet.de\/wp-content\/uploads\/2025\/03\/45k_Raspberry-Watermelon_Mango-Peach_Strawberry-Kiwi-1.png\",\"width\":1000,\"height\":1000},{\"@type\":\"BreadcrumbList\",\"@id\":\"https:\/\/vapingnet.de\/vape\/himbeer-wassermelone-mango-pfirsich-erdbeer-kiwi-bang-king-45000-puffs-bieten-3-arten-von-genuss\/#breadcrumb\",\"itemListElement\":[{\"@type\":\"ListItem\",\"position\":1,\"name\":\"Home\",\"item\":\"https:\/\/vapingnet.de\/\"},{\"@type\":\"ListItem\",\"position\":2,\"name\":\"Shop\",\"item\":\"https:\/\/vapingnet.de\/vape\/\"},{\"@type\":\"ListItem\",\"position\":3,\"name\":\"Himbeer-Wassermelone Mango-Pfirsich Erdbeer-Kiwi BANG KING 45000 Puffs bieten 3 Arten von Genuss\"}]},{\"@type\":\"WebSite\",\"@id\":\"https:\/\/vapingnet.de\/#website\",\"url\":\"https:\/\/vapingnet.de\/\",\"name\":\"Vapingnet.de\",\"description\":\"\",\"publisher\":{\"@id\":\"https:\/\/vapingnet.de\/#organization\"},\"potentialAction\":[{\"@type\":\"SearchAction\",\"target\":{\"@type\":\"EntryPoint\",\"urlTemplate\":\"https:\/\/vapingnet.de\/?s={search_term_string}\"},\"query-input\":{\"@type\":\"PropertyValueSpecification\",\"valueRequired\":true,\"valueName\":\"search_term_string\"}}],\"inLanguage\":\"pl-PL\"},{\"@type\":\"Organization\",\"@id\":\"https:\/\/vapingnet.de\/#organization\",\"name\":\"Vapingnet.de\",\"url\":\"https:\/\/vapingnet.de\/\",\"logo\":{\"@type\":\"ImageObject\",\"inLanguage\":\"pl-PL\",\"@id\":\"https:\/\/vapingnet.de\/#\/schema\/logo\/image\/\",\"url\":\"https:\/\/vapingnet.de\/wp-content\/uploads\/2025\/03\/cropped-vapingnet.de_.jpg\",\"contentUrl\":\"https:\/\/vapingnet.de\/wp-content\/uploads\/2025\/03\/cropped-vapingnet.de_.jpg\",\"width\":512,\"height\":512,\"caption\":\"Vapingnet.de\"},\"image\":{\"@id\":\"https:\/\/vapingnet.de\/#\/schema\/logo\/image\/\"},\"sameAs\":[\"https:\/\/www.facebook.com\/vapingnetde\/\"]}]}<\/script>\n<!-- \/ Yoast SEO plugin. -->","yoast_head_json":{"title":"Himbeer-Wassermelone Mango-Pfirsich Erdbeer-Kiwi BANG KING 45000 Puffs bieten 3 Arten von Genuss | vapingnet.de","description":"W\u00e4hlen Sie BANG KING 45000 Puffs f\u00fcr einen intensiven Genuss in 3 einzigartigen Geschmacksrichtungen: Himbeer-Wassermelone, Mango-Pfirsich, Erdbeer-Kiwi.","robots":{"index":"index","follow":"follow","max-snippet":"max-snippet:-1","max-image-preview":"max-image-preview:large","max-video-preview":"max-video-preview:-1"},"canonical":"https:\/\/vapingnet.de\/pl\/vape\/himbeer-wassermelone-mango-pfirsich-erdbeer-kiwi-bang-king-45000-puffs-bieten-3-arten-von-genuss\/","og_locale":"pl_PL","og_type":"article","og_title":"Himbeer-Wassermelone Mango-Pfirsich Erdbeer-Kiwi BANG KING 45000 Puffs bieten 3 Arten von Genuss | vapingnet.de","og_description":"W\u00e4hlen Sie BANG KING 45000 Puffs f\u00fcr einen intensiven Genuss in 3 einzigartigen Geschmacksrichtungen: Himbeer-Wassermelone, Mango-Pfirsich, Erdbeer-Kiwi.","og_url":"https:\/\/vapingnet.de\/pl\/vape\/himbeer-wassermelone-mango-pfirsich-erdbeer-kiwi-bang-king-45000-puffs-bieten-3-arten-von-genuss\/","og_site_name":"Vapingnet.de","article_publisher":"https:\/\/www.facebook.com\/vapingnetde\/","article_modified_time":"2025-06-19T03:40:37+00:00","og_image":[{"width":1000,"height":1000,"url":"https:\/\/vapingnet.de\/wp-content\/uploads\/2025\/03\/45k_Raspberry-Watermelon_Mango-Peach_Strawberry-Kiwi-1.png","type":"image\/png"}],"twitter_card":"summary_large_image","twitter_misc":{"Est. reading time":"3 minutes"},"schema":{"@context":"https:\/\/schema.org","@graph":[{"@type":"WebPage","@id":"https:\/\/vapingnet.de\/vape\/himbeer-wassermelone-mango-pfirsich-erdbeer-kiwi-bang-king-45000-puffs-bieten-3-arten-von-genuss\/","url":"https:\/\/vapingnet.de\/vape\/himbeer-wassermelone-mango-pfirsich-erdbeer-kiwi-bang-king-45000-puffs-bieten-3-arten-von-genuss\/","name":"Himbeer-Wassermelone Mango-Pfirsich Erdbeer-Kiwi BANG KING 45000 Puffs bieten 3 Arten von Genuss | vapingnet.de","isPartOf":{"@id":"https:\/\/vapingnet.de\/#website"},"primaryImageOfPage":{"@id":"https:\/\/vapingnet.de\/vape\/himbeer-wassermelone-mango-pfirsich-erdbeer-kiwi-bang-king-45000-puffs-bieten-3-arten-von-genuss\/#primaryimage"},"image":{"@id":"https:\/\/vapingnet.de\/vape\/himbeer-wassermelone-mango-pfirsich-erdbeer-kiwi-bang-king-45000-puffs-bieten-3-arten-von-genuss\/#primaryimage"},"thumbnailUrl":"https:\/\/vapingnet.de\/wp-content\/uploads\/2025\/03\/45k_Raspberry-Watermelon_Mango-Peach_Strawberry-Kiwi-1.png","datePublished":"2025-03-18T08:05:17+00:00","dateModified":"2025-06-19T03:40:37+00:00","description":"W\u00e4hlen Sie BANG KING 45000 Puffs f\u00fcr einen intensiven Genuss in 3 einzigartigen Geschmacksrichtungen: Himbeer-Wassermelone, Mango-Pfirsich, Erdbeer-Kiwi.","breadcrumb":{"@id":"https:\/\/vapingnet.de\/vape\/himbeer-wassermelone-mango-pfirsich-erdbeer-kiwi-bang-king-45000-puffs-bieten-3-arten-von-genuss\/#breadcrumb"},"inLanguage":"pl-PL","potentialAction":[{"@type":"ReadAction","target":["https:\/\/vapingnet.de\/vape\/himbeer-wassermelone-mango-pfirsich-erdbeer-kiwi-bang-king-45000-puffs-bieten-3-arten-von-genuss\/"]}]},{"@type":"ImageObject","inLanguage":"pl-PL","@id":"https:\/\/vapingnet.de\/vape\/himbeer-wassermelone-mango-pfirsich-erdbeer-kiwi-bang-king-45000-puffs-bieten-3-arten-von-genuss\/#primaryimage","url":"https:\/\/vapingnet.de\/wp-content\/uploads\/2025\/03\/45k_Raspberry-Watermelon_Mango-Peach_Strawberry-Kiwi-1.png","contentUrl":"https:\/\/vapingnet.de\/wp-content\/uploads\/2025\/03\/45k_Raspberry-Watermelon_Mango-Peach_Strawberry-Kiwi-1.png","width":1000,"height":1000},{"@type":"BreadcrumbList","@id":"https:\/\/vapingnet.de\/vape\/himbeer-wassermelone-mango-pfirsich-erdbeer-kiwi-bang-king-45000-puffs-bieten-3-arten-von-genuss\/#breadcrumb","itemListElement":[{"@type":"ListItem","position":1,"name":"Home","item":"https:\/\/vapingnet.de\/"},{"@type":"ListItem","position":2,"name":"Shop","item":"https:\/\/vapingnet.de\/vape\/"},{"@type":"ListItem","position":3,"name":"Himbeer-Wassermelone Mango-Pfirsich Erdbeer-Kiwi BANG KING 45000 Puffs bieten 3 Arten von Genuss"}]},{"@type":"WebSite","@id":"https:\/\/vapingnet.de\/#website","url":"https:\/\/vapingnet.de\/","name":"Vapingnet.de","description":"","publisher":{"@id":"https:\/\/vapingnet.de\/#organization"},"potentialAction":[{"@type":"SearchAction","target":{"@type":"EntryPoint","urlTemplate":"https:\/\/vapingnet.de\/?s={search_term_string}"},"query-input":{"@type":"PropertyValueSpecification","valueRequired":true,"valueName":"search_term_string"}}],"inLanguage":"pl-PL"},{"@type":"Organization","@id":"https:\/\/vapingnet.de\/#organization","name":"Vapingnet.de","url":"https:\/\/vapingnet.de\/","logo":{"@type":"ImageObject","inLanguage":"pl-PL","@id":"https:\/\/vapingnet.de\/#\/schema\/logo\/image\/","url":"https:\/\/vapingnet.de\/wp-content\/uploads\/2025\/03\/cropped-vapingnet.de_.jpg","contentUrl":"https:\/\/vapingnet.de\/wp-content\/uploads\/2025\/03\/cropped-vapingnet.de_.jpg","width":512,"height":512,"caption":"Vapingnet.de"},"image":{"@id":"https:\/\/vapingnet.de\/#\/schema\/logo\/image\/"},"sameAs":["https:\/\/www.facebook.com\/vapingnetde\/"]}]}},"tiered_pricing_type":"fixed","tiered_pricing_fixed_rules":[],"tiered_pricing_product_settings":{"layout":"default","base_unit_name":{"singular":null,"plural":null},"default_variation":null},"tiered_pricing_minimum_quantity":null,"tiered_pricing_roles_data":[],"tiered_pricing_percentage_rules":[],"_links":{"self":[{"href":"https:\/\/vapingnet.de\/pl\/wp-json\/wp\/v2\/product\/5652","targetHints":{"allow":["GET"]}}],"collection":[{"href":"https:\/\/vapingnet.de\/pl\/wp-json\/wp\/v2\/product"}],"about":[{"href":"https:\/\/vapingnet.de\/pl\/wp-json\/wp\/v2\/types\/product"}],"version-history":[{"count":3,"href":"https:\/\/vapingnet.de\/pl\/wp-json\/wp\/v2\/product\/5652\/revisions"}],"predecessor-version":[{"id":5961,"href":"https:\/\/vapingnet.de\/pl\/wp-json\/wp\/v2\/product\/5652\/revisions\/5961"}],"wp:featuredmedia":[{"embeddable":true,"href":"https:\/\/vapingnet.de\/pl\/wp-json\/wp\/v2\/media\/5618"}],"wp:attachment":[{"href":"https:\/\/vapingnet.de\/pl\/wp-json\/wp\/v2\/media?parent=5652"}],"wp:term":[{"taxonomy":"brand","embeddable":true,"href":"https:\/\/vapingnet.de\/pl\/wp-json\/wp\/v2\/etheme_brands?post=5652"},{"taxonomy":"product_brand","embeddable":true,"href":"https:\/\/vapingnet.de\/pl\/wp-json\/wp\/v2\/product_brand?post=5652"},{"taxonomy":"product_cat","embeddable":true,"href":"https:\/\/vapingnet.de\/pl\/wp-json\/wp\/v2\/product_cat?post=5652"},{"taxonomy":"product_tag","embeddable":true,"href":"https:\/\/vapingnet.de\/pl\/wp-json\/wp\/v2\/product_tag?post=5652"}],"curies":[{"name":"wp","href":"https:\/\/api.w.org\/{rel}","templated":true}]}}