{"id":5694,"date":"2025-03-19T03:23:58","date_gmt":"2025-03-19T03:23:58","guid":{"rendered":"https:\/\/vapingnet.de\/?post_type=product&#038;p=5694"},"modified":"2026-04-14T06:41:05","modified_gmt":"2026-04-14T06:41:05","slug":"nexa-ultra-50k-50000-zuege-mit-20-ml-b-pop-liquid-premium-einweg-e-zigarette","status":"publish","type":"product","link":"https:\/\/vapingnet.de\/pl\/vape\/nexa-ultra-50k-50000-zuege-mit-20-ml-b-pop-liquid-premium-einweg-e-zigarette\/","title":{"rendered":"NEXA Ultra 50K 50000 zaci\u0105gni\u0119\u0107 z 20 ml B-Pop-Liquid Premium-Elektroniczny Papieros Jednorazowy"},"content":{"rendered":"<h2 data-pm-slice=\"1 1 []\">NEXA Ultra 50K Puff Jednorazowa E-papieros B-Pop Przysz\u0142o\u015b\u0107 jednorazowych vape'\u00f3w w Deutschland<\/h2>\n<p>Rynek jednorazowych e-papieros\u00f3w rozwija si\u0119 nieustannie, a wraz z tym <strong><a href=\"https:\/\/vapingnet.de\/pl\/nexa-ultra-50000-puffs\/\">NEXA Ultra 50K Puff<\/a> <\/strong>Jednorazowy e-papieros wyznacza nowe standardy w bran\u017cy. To rewolucyjne urz\u0105dzenie \u0142\u0105czy niezwykle d\u0142ug\u0105 \u017cywotno\u015b\u0107 z najnowocze\u015bniejsz\u0105 technologi\u0105, oferuj\u0105c palaczom wysokiej klasy do\u015bwiadczenie. W tym artykule przyjrzymy si\u0119 szczeg\u00f3\u0142owo funkcjom, zaletom i potencjalnemu wp\u0142ywowi tego wysokiej klasy jednorazowego e-papierosa na rynek polski.<\/p>\n<div><\/div>\n<h3>Specyfikacje techniczne i wyr\u00f3\u017cniaj\u0105ce si\u0119 cechy<\/h3>\n<p>NEXA Ultra 50K Puff redefiniuje granice segmentu jednorazowych vape'\u00f3w i wyr\u00f3\u017cnia si\u0119 imponuj\u0105cymi funkcjami:<\/p>\n<ul data-spread=\"false\">\n<li>Liczba zaci\u0105gni\u0119\u0107: do 50 000 \u2013 jedna z najwy\u017cszych na rynku<\/li>\n<li>Zawarto\u015b\u0107 nikotyny: 5 % dla intensywnego i satysfakcjonuj\u0105cego do\u015bwiadczenia palenia<\/li>\n<li>Przezroczysty zbiornik na p\u0142yn o pojemno\u015bci 20 ml \u2013 widoczny w ka\u017cdej chwili, aby monitorowa\u0107 poziom p\u0142ynu<\/li>\n<li>Akumulator 800 mAh z szybkim \u0142adowaniem USB-C dla d\u0142u\u017cszego u\u017cytkowania i wygodnych opcji \u0142adowania<\/li>\n<li>Podw\u00f3jne tryby zasilania:\n<ul data-spread=\"false\">\n<li>Tryb normalny: 50K zaci\u0105gni\u0119\u0107 na d\u0142u\u017cszy czas u\u017cytkowania<\/li>\n<li>Tryb turbo: 30K zaci\u0105gni\u0119\u0107 dla bardziej intensywnego dymienia<\/li>\n<\/ul>\n<\/li>\n<li>Innowacyjny wy\u015bwietlacz 3D z zakrzywieniem do pokazywania stanu baterii i poziomu p\u0142ynu<\/li>\n<li>Automatyczny zaci\u0105g dla \u0142atwego i intuicyjnego u\u017cytkowania<\/li>\n<li>Smak: B-Pop \u2013 nowa i ekscytuj\u0105ca kombinacja aromat\u00f3w<\/li>\n<li>Jednostka pakowania: 5 sztuk w pude\u0142ku, idealne do sprzeda\u017cy detalicznej lub hurtowej<\/li>\n<\/ul>\n<div><\/div>\n<h3>Dlaczego NEXA Ultra 50K to zmieniacz gry?<\/h3>\n<p>NEXA Ultra 50K to nie tylko kolejny <strong><a href=\"https:\/\/vapingnet.de\/pl\/k\/einweg-e-zigarette\/\">Jednorazowa e-papieros<\/a><\/strong> \u2013 stanowi rewolucj\u0119 w bran\u017cy. Oto najwa\u017cniejsze powody, dla kt\u00f3rych wzbudza ona zainteresowanie w Deutschland:<\/p>\n<h4>1. Ekstremalnie du\u017ca liczba zaci\u0105gni\u0119\u0107 \u2013 najd\u0142u\u017csza \u017cywotno\u015b\u0107 w segmencie jednorazowych<\/h4>\n<p>Z <strong><a href=\"https:\/\/vapingnet.de\/pl\/k\/50k-vape\/\">50k vape<\/a><\/strong>\u00a0ta e-papieros zapewnia niespotykan\u0105 dot\u0105d trwa\u0142o\u015b\u0107. Dla por\u00f3wnania: wi\u0119kszo\u015b\u0107 jednorazowych vape'\u00f3w oferuje jedynie od 5 000 do 15 000 zaci\u0105gni\u0119\u0107. To czyni NEXA Ultra 50K jednym z najtrwalszych dost\u0119pnych na rynku wybor\u00f3w.<\/p>\n<h4>2. Zaawansowana technologia baterii z szybkim \u0142adowaniem<\/h4>\n<p>Podczas gdy wiele jednorazowych urz\u0105dze\u0144 musi by\u0107 wyrzuconych po roz\u0142adowaniu, bateria o pojemno\u015bci 800 mAh z funkcj\u0105 szybkiego \u0142adowania USB-C umo\u017cliwia bardziej ekologiczne i praktyczne u\u017cytkowanie. U\u017cytkownicy mog\u0105 \u0142atwo na\u0142adowa\u0107 urz\u0105dzenie i kontynuowa\u0107 korzystanie.<\/p>\n<h4>3. Innowacyjna technologia Dual-Mode<\/h4>\n<p>Wi\u0119kszo\u015b\u0107 jednorazowych e-papieros\u00f3w oferuje tylko jeden poziom mocy, jednak NEXA Ultra 50K wyr\u00f3\u017cnia si\u0119 dwoma r\u00f3\u017cnymi trybami:<\/p>\n<ul data-spread=\"false\">\n<li>Tryb normalny (50K zaci\u0105gni\u0119\u0107): Idealny do codziennego u\u017cytku, zapewniaj\u0105cy zr\u00f3wnowa\u017con\u0105 produkcj\u0119 pary i smaku.<\/li>\n<li>Tryb turbo (30K zaci\u0105gni\u0119\u0107): Dla tych, kt\u00f3rzy preferuj\u0105 intensywniejsz\u0105 produkcj\u0119 pary i mocniejszy aromat.<\/li>\n<\/ul>\n<h4>4. Wy\u015bwietlacz 3D-Curved dla maksymalnej kontroli<\/h4>\n<p>Absolutn\u0105 nowo\u015bci\u0105 w segmencie jednorazowych vape'\u00f3w jest wy\u015bwietlacz 3D-Curved. Pokazuje poziom na\u0142adowania baterii oraz ilo\u015b\u0107 pozosta\u0142ego liquidu \u2013 funkcja, kt\u00f3ra dot\u0105d by\u0142a dost\u0119pna g\u0142\u00f3wnie w wysokiej klasy systemach podsystemowych.<\/p>\n<h4>5. Wysokiej jako\u015bci liquidy i unikalny aromat<\/h4>\n<p>Z aromatem B-Pop, NEXA Ultra 50K oferuje nowe i ekscytuj\u0105ce doznania smakowe. Wysokiej jako\u015bci sk\u0142adniki zapewniaj\u0105 intensywny i jednolity smak a\u017c do ostatniego zaci\u0105gni\u0119cia.<\/p>\n<div><\/div>\n<h3>Potencja\u0142 rynkowy i grupa docelowa w Deutschland<\/h3>\n<p>Popyt na trwa\u0142e i wydajne jednorazowe e-papierosy ro\u015bnie nieustannie, szczeg\u00f3lnie w Deutschland. NEXA Ultra 50K kieruje swoj\u0105 ofert\u0119 do nast\u0119puj\u0105cych grup odbiorc\u00f3w:<\/p>\n<ul data-spread=\"false\">\n<li>Do\u015bwiadczeni palacze, kt\u00f3rzy szukaj\u0105 d\u0142ugotrwa\u0142ej i mocnej alternatywy dla tradycyjnych jednorazowych e-papieros\u00f3w.<\/li>\n<li>Okazjonalni palacze, kt\u00f3rzy ceni\u0105 sobie prostot\u0119 u\u017cytkowania, nie chc\u0105c martwi\u0107 si\u0119 o nape\u0142nianie czy skomplikowane ustawienia.<\/li>\n<li>Handlowcy i hurtownicy, kt\u00f3rzy chc\u0105 oferowa\u0107 swoim klientom innowacyjne i wysokiej jako\u015bci produkty.<\/li>\n<\/ul>\n<p>Dzi\u0119ki mo\u017cliwo\u015bci zakupu 5 urz\u0105dze\u0144 w opakowaniu, NEXA Ultra 50K nadaje si\u0119 zar\u00f3wno do sprzeda\u017cy detalicznej, jak i wi\u0119kszych zam\u00f3wie\u0144 w sklepach vaporowych lub sklepach internetowych.<\/p>\n<h3>Czy NEXA Ultra 50K to przysz\u0142o\u015b\u0107 jednorazowych e-papieros\u00f3w?<\/h3>\n<p>Jednorazowy e-papieros NEXA Ultra 50K Puff \u0142\u0105czy wydajno\u015b\u0107, innowacyjno\u015b\u0107 i trwa\u0142o\u015b\u0107 w jednym urz\u0105dzeniu, wyznaczaj\u0105c nowe standardy w bran\u017cy. Oferuje jedn\u0105 z najwy\u017cszych liczby puf\u00f3w, mocn\u0105 bateri\u0119 z funkcj\u0105 szybkiego \u0142adowania, unikalny smak oraz nowoczesny wy\u015bwietlacz \u2013 wszystko to w kompaktowym i stylowym designie.<\/p>\n<p>Dla rynku polskiego ten produkt jest prawdziwym uzupe\u0142nieniem, szczeg\u00f3lnie dla palaczy, kt\u00f3rzy poszukuj\u0105 wysokiej jako\u015bci i d\u0142ugotrwa\u0142ego do\u015bwiadczenia. Sprzedawcy, kt\u00f3rzy zaopatruj\u0105 si\u0119 w NEXA Ultra 50K na pocz\u0105tku, mog\u0105 skorzysta\u0107 z innowacyjnego produktu, kt\u00f3ry wyra\u017anie wyr\u00f3\u017cnia si\u0119 na tle konkurencji.<\/p>\n<p>Niezale\u017cnie od tego, czy do u\u017cytku w\u0142asnego, czy jako sprzedawca \u2013 NEXA Ultra 50K jest wyra\u017anym poleceniem dla tych, kt\u00f3rzy chc\u0105 wycisn\u0105\u0107 maksimum ze swojego do\u015bwiadczenia z waporyzacj\u0105.<\/p>\n<p>&nbsp;<\/p>","protected":false},"excerpt":{"rendered":"<p>NEXA Ultra 50K Puff Einweg E-Zigarette B-Pop Die Zukunft der Einweg-Vapes in Deutschland Der Markt f\u00fcr Einweg-E-Zigaretten entwickelt sich stetig weiter, und mit der NEXA&#8230;<\/p>","protected":false},"featured_media":5724,"template":"","meta":[],"etheme_brands":[],"product_brand":[],"product_cat":[67,49,61],"product_tag":[],"class_list":{"0":"post-5694","1":"product","2":"type-product","3":"status-publish","4":"has-post-thumbnail","6":"product_cat-50k-vape","7":"product_cat-einweg-e-zigarette","8":"product_cat-f","10":"first","11":"outofstock","12":"shipping-taxable","13":"purchasable","14":"product-type-variable"},"yoast_head":"<!-- This site is optimized with the Yoast SEO plugin v26.5 - https:\/\/yoast.com\/wordpress\/plugins\/seo\/ -->\n<title>NEXA Ultra 50K 50000 Z\u00fcge mit 20 ml B-Pop-Liquid Premium-Einweg-E-Zigarette | Vapingnet.de<\/title>\n<meta name=\"description\" content=\"NEXA Ultra 50K: 50.000 Z\u00fcge, 20 ml B-Pop Liquid, USB-C, Dual-Modus, 3D-Display, transparenter Tank \u2013 Premium-Einweg-Vape!\" \/>\n<meta name=\"robots\" content=\"index, follow, max-snippet:-1, max-image-preview:large, max-video-preview:-1\" \/>\n<link rel=\"canonical\" href=\"https:\/\/vapingnet.de\/pl\/vape\/nexa-ultra-50k-50000-zuege-mit-20-ml-b-pop-liquid-premium-einweg-e-zigarette\/\" \/>\n<meta property=\"og:locale\" content=\"pl_PL\" \/>\n<meta property=\"og:type\" content=\"article\" \/>\n<meta property=\"og:title\" content=\"NEXA Ultra 50K 50000 Z\u00fcge mit 20 ml B-Pop-Liquid Premium-Einweg-E-Zigarette | Vapingnet.de\" \/>\n<meta property=\"og:description\" content=\"NEXA Ultra 50K: 50.000 Z\u00fcge, 20 ml B-Pop Liquid, USB-C, Dual-Modus, 3D-Display, transparenter Tank \u2013 Premium-Einweg-Vape!\" \/>\n<meta property=\"og:url\" content=\"https:\/\/vapingnet.de\/pl\/vape\/nexa-ultra-50k-50000-zuege-mit-20-ml-b-pop-liquid-premium-einweg-e-zigarette\/\" \/>\n<meta property=\"og:site_name\" content=\"Vapingnet.de\" \/>\n<meta property=\"article:publisher\" content=\"https:\/\/www.facebook.com\/vapingnetde\/\" \/>\n<meta property=\"article:modified_time\" content=\"2026-04-14T06:41:05+00:00\" \/>\n<meta property=\"og:image\" content=\"https:\/\/vapingnet.de\/wp-content\/uploads\/2025\/03\/NEXA-Ultra-Vape-50000-B-Pop-1.png\" \/>\n\t<meta property=\"og:image:width\" content=\"1000\" \/>\n\t<meta property=\"og:image:height\" content=\"1000\" \/>\n\t<meta property=\"og:image:type\" content=\"image\/png\" \/>\n<meta name=\"twitter:card\" content=\"summary_large_image\" \/>\n<meta name=\"twitter:label1\" content=\"Est. reading time\" \/>\n\t<meta name=\"twitter:data1\" content=\"4 minutes\" \/>\n<script type=\"application\/ld+json\" class=\"yoast-schema-graph\">{\"@context\":\"https:\/\/schema.org\",\"@graph\":[{\"@type\":\"WebPage\",\"@id\":\"https:\/\/vapingnet.de\/vape\/nexa-ultra-50k-50000-zuege-mit-20-ml-b-pop-liquid-premium-einweg-e-zigarette\/\",\"url\":\"https:\/\/vapingnet.de\/vape\/nexa-ultra-50k-50000-zuege-mit-20-ml-b-pop-liquid-premium-einweg-e-zigarette\/\",\"name\":\"NEXA Ultra 50K 50000 Z\u00fcge mit 20 ml B-Pop-Liquid Premium-Einweg-E-Zigarette | Vapingnet.de\",\"isPartOf\":{\"@id\":\"https:\/\/vapingnet.de\/#website\"},\"primaryImageOfPage\":{\"@id\":\"https:\/\/vapingnet.de\/vape\/nexa-ultra-50k-50000-zuege-mit-20-ml-b-pop-liquid-premium-einweg-e-zigarette\/#primaryimage\"},\"image\":{\"@id\":\"https:\/\/vapingnet.de\/vape\/nexa-ultra-50k-50000-zuege-mit-20-ml-b-pop-liquid-premium-einweg-e-zigarette\/#primaryimage\"},\"thumbnailUrl\":\"https:\/\/vapingnet.de\/wp-content\/uploads\/2025\/03\/NEXA-Ultra-Vape-50000-B-Pop-1.png\",\"datePublished\":\"2025-03-19T03:23:58+00:00\",\"dateModified\":\"2026-04-14T06:41:05+00:00\",\"description\":\"NEXA Ultra 50K: 50.000 Z\u00fcge, 20 ml B-Pop Liquid, USB-C, Dual-Modus, 3D-Display, transparenter Tank \u2013 Premium-Einweg-Vape!\",\"breadcrumb\":{\"@id\":\"https:\/\/vapingnet.de\/vape\/nexa-ultra-50k-50000-zuege-mit-20-ml-b-pop-liquid-premium-einweg-e-zigarette\/#breadcrumb\"},\"inLanguage\":\"pl-PL\",\"potentialAction\":[{\"@type\":\"ReadAction\",\"target\":[\"https:\/\/vapingnet.de\/vape\/nexa-ultra-50k-50000-zuege-mit-20-ml-b-pop-liquid-premium-einweg-e-zigarette\/\"]}]},{\"@type\":\"ImageObject\",\"inLanguage\":\"pl-PL\",\"@id\":\"https:\/\/vapingnet.de\/vape\/nexa-ultra-50k-50000-zuege-mit-20-ml-b-pop-liquid-premium-einweg-e-zigarette\/#primaryimage\",\"url\":\"https:\/\/vapingnet.de\/wp-content\/uploads\/2025\/03\/NEXA-Ultra-Vape-50000-B-Pop-1.png\",\"contentUrl\":\"https:\/\/vapingnet.de\/wp-content\/uploads\/2025\/03\/NEXA-Ultra-Vape-50000-B-Pop-1.png\",\"width\":1000,\"height\":1000},{\"@type\":\"BreadcrumbList\",\"@id\":\"https:\/\/vapingnet.de\/vape\/nexa-ultra-50k-50000-zuege-mit-20-ml-b-pop-liquid-premium-einweg-e-zigarette\/#breadcrumb\",\"itemListElement\":[{\"@type\":\"ListItem\",\"position\":1,\"name\":\"Home\",\"item\":\"https:\/\/vapingnet.de\/\"},{\"@type\":\"ListItem\",\"position\":2,\"name\":\"Shop\",\"item\":\"https:\/\/vapingnet.de\/vape\/\"},{\"@type\":\"ListItem\",\"position\":3,\"name\":\"NEXA Ultra 50K 50000 Z\u00fcge mit 20 ml B-Pop-Liquid Premium-Einweg-E-Zigarette\"}]},{\"@type\":\"WebSite\",\"@id\":\"https:\/\/vapingnet.de\/#website\",\"url\":\"https:\/\/vapingnet.de\/\",\"name\":\"Vapingnet.de\",\"description\":\"\",\"publisher\":{\"@id\":\"https:\/\/vapingnet.de\/#organization\"},\"potentialAction\":[{\"@type\":\"SearchAction\",\"target\":{\"@type\":\"EntryPoint\",\"urlTemplate\":\"https:\/\/vapingnet.de\/?s={search_term_string}\"},\"query-input\":{\"@type\":\"PropertyValueSpecification\",\"valueRequired\":true,\"valueName\":\"search_term_string\"}}],\"inLanguage\":\"pl-PL\"},{\"@type\":\"Organization\",\"@id\":\"https:\/\/vapingnet.de\/#organization\",\"name\":\"Vapingnet.de\",\"url\":\"https:\/\/vapingnet.de\/\",\"logo\":{\"@type\":\"ImageObject\",\"inLanguage\":\"pl-PL\",\"@id\":\"https:\/\/vapingnet.de\/#\/schema\/logo\/image\/\",\"url\":\"https:\/\/vapingnet.de\/wp-content\/uploads\/2025\/03\/cropped-vapingnet.de_.jpg\",\"contentUrl\":\"https:\/\/vapingnet.de\/wp-content\/uploads\/2025\/03\/cropped-vapingnet.de_.jpg\",\"width\":512,\"height\":512,\"caption\":\"Vapingnet.de\"},\"image\":{\"@id\":\"https:\/\/vapingnet.de\/#\/schema\/logo\/image\/\"},\"sameAs\":[\"https:\/\/www.facebook.com\/vapingnetde\/\"]}]}<\/script>\n<!-- \/ Yoast SEO plugin. -->","yoast_head_json":{"title":"NEXA Ultra 50K 50000 Z\u00fcge mit 20 ml B-Pop-Liquid Premium-Einweg-E-Zigarette | Vapingnet.de","description":"NEXA Ultra 50K: 50.000 Z\u00fcge, 20 ml B-Pop Liquid, USB-C, Dual-Modus, 3D-Display, transparenter Tank \u2013 Premium-Einweg-Vape!","robots":{"index":"index","follow":"follow","max-snippet":"max-snippet:-1","max-image-preview":"max-image-preview:large","max-video-preview":"max-video-preview:-1"},"canonical":"https:\/\/vapingnet.de\/pl\/vape\/nexa-ultra-50k-50000-zuege-mit-20-ml-b-pop-liquid-premium-einweg-e-zigarette\/","og_locale":"pl_PL","og_type":"article","og_title":"NEXA Ultra 50K 50000 Z\u00fcge mit 20 ml B-Pop-Liquid Premium-Einweg-E-Zigarette | Vapingnet.de","og_description":"NEXA Ultra 50K: 50.000 Z\u00fcge, 20 ml B-Pop Liquid, USB-C, Dual-Modus, 3D-Display, transparenter Tank \u2013 Premium-Einweg-Vape!","og_url":"https:\/\/vapingnet.de\/pl\/vape\/nexa-ultra-50k-50000-zuege-mit-20-ml-b-pop-liquid-premium-einweg-e-zigarette\/","og_site_name":"Vapingnet.de","article_publisher":"https:\/\/www.facebook.com\/vapingnetde\/","article_modified_time":"2026-04-14T06:41:05+00:00","og_image":[{"width":1000,"height":1000,"url":"https:\/\/vapingnet.de\/wp-content\/uploads\/2025\/03\/NEXA-Ultra-Vape-50000-B-Pop-1.png","type":"image\/png"}],"twitter_card":"summary_large_image","twitter_misc":{"Est. reading time":"4 minutes"},"schema":{"@context":"https:\/\/schema.org","@graph":[{"@type":"WebPage","@id":"https:\/\/vapingnet.de\/vape\/nexa-ultra-50k-50000-zuege-mit-20-ml-b-pop-liquid-premium-einweg-e-zigarette\/","url":"https:\/\/vapingnet.de\/vape\/nexa-ultra-50k-50000-zuege-mit-20-ml-b-pop-liquid-premium-einweg-e-zigarette\/","name":"NEXA Ultra 50K 50000 Z\u00fcge mit 20 ml B-Pop-Liquid Premium-Einweg-E-Zigarette | Vapingnet.de","isPartOf":{"@id":"https:\/\/vapingnet.de\/#website"},"primaryImageOfPage":{"@id":"https:\/\/vapingnet.de\/vape\/nexa-ultra-50k-50000-zuege-mit-20-ml-b-pop-liquid-premium-einweg-e-zigarette\/#primaryimage"},"image":{"@id":"https:\/\/vapingnet.de\/vape\/nexa-ultra-50k-50000-zuege-mit-20-ml-b-pop-liquid-premium-einweg-e-zigarette\/#primaryimage"},"thumbnailUrl":"https:\/\/vapingnet.de\/wp-content\/uploads\/2025\/03\/NEXA-Ultra-Vape-50000-B-Pop-1.png","datePublished":"2025-03-19T03:23:58+00:00","dateModified":"2026-04-14T06:41:05+00:00","description":"NEXA Ultra 50K: 50.000 Z\u00fcge, 20 ml B-Pop Liquid, USB-C, Dual-Modus, 3D-Display, transparenter Tank \u2013 Premium-Einweg-Vape!","breadcrumb":{"@id":"https:\/\/vapingnet.de\/vape\/nexa-ultra-50k-50000-zuege-mit-20-ml-b-pop-liquid-premium-einweg-e-zigarette\/#breadcrumb"},"inLanguage":"pl-PL","potentialAction":[{"@type":"ReadAction","target":["https:\/\/vapingnet.de\/vape\/nexa-ultra-50k-50000-zuege-mit-20-ml-b-pop-liquid-premium-einweg-e-zigarette\/"]}]},{"@type":"ImageObject","inLanguage":"pl-PL","@id":"https:\/\/vapingnet.de\/vape\/nexa-ultra-50k-50000-zuege-mit-20-ml-b-pop-liquid-premium-einweg-e-zigarette\/#primaryimage","url":"https:\/\/vapingnet.de\/wp-content\/uploads\/2025\/03\/NEXA-Ultra-Vape-50000-B-Pop-1.png","contentUrl":"https:\/\/vapingnet.de\/wp-content\/uploads\/2025\/03\/NEXA-Ultra-Vape-50000-B-Pop-1.png","width":1000,"height":1000},{"@type":"BreadcrumbList","@id":"https:\/\/vapingnet.de\/vape\/nexa-ultra-50k-50000-zuege-mit-20-ml-b-pop-liquid-premium-einweg-e-zigarette\/#breadcrumb","itemListElement":[{"@type":"ListItem","position":1,"name":"Home","item":"https:\/\/vapingnet.de\/"},{"@type":"ListItem","position":2,"name":"Shop","item":"https:\/\/vapingnet.de\/vape\/"},{"@type":"ListItem","position":3,"name":"NEXA Ultra 50K 50000 Z\u00fcge mit 20 ml B-Pop-Liquid Premium-Einweg-E-Zigarette"}]},{"@type":"WebSite","@id":"https:\/\/vapingnet.de\/#website","url":"https:\/\/vapingnet.de\/","name":"Vapingnet.de","description":"","publisher":{"@id":"https:\/\/vapingnet.de\/#organization"},"potentialAction":[{"@type":"SearchAction","target":{"@type":"EntryPoint","urlTemplate":"https:\/\/vapingnet.de\/?s={search_term_string}"},"query-input":{"@type":"PropertyValueSpecification","valueRequired":true,"valueName":"search_term_string"}}],"inLanguage":"pl-PL"},{"@type":"Organization","@id":"https:\/\/vapingnet.de\/#organization","name":"Vapingnet.de","url":"https:\/\/vapingnet.de\/","logo":{"@type":"ImageObject","inLanguage":"pl-PL","@id":"https:\/\/vapingnet.de\/#\/schema\/logo\/image\/","url":"https:\/\/vapingnet.de\/wp-content\/uploads\/2025\/03\/cropped-vapingnet.de_.jpg","contentUrl":"https:\/\/vapingnet.de\/wp-content\/uploads\/2025\/03\/cropped-vapingnet.de_.jpg","width":512,"height":512,"caption":"Vapingnet.de"},"image":{"@id":"https:\/\/vapingnet.de\/#\/schema\/logo\/image\/"},"sameAs":["https:\/\/www.facebook.com\/vapingnetde\/"]}]}},"tiered_pricing_type":"fixed","tiered_pricing_fixed_rules":[],"tiered_pricing_product_settings":{"layout":"default","base_unit_name":{"singular":null,"plural":null},"default_variation":null},"tiered_pricing_minimum_quantity":null,"tiered_pricing_roles_data":[],"tiered_pricing_percentage_rules":[],"_links":{"self":[{"href":"https:\/\/vapingnet.de\/pl\/wp-json\/wp\/v2\/product\/5694","targetHints":{"allow":["GET"]}}],"collection":[{"href":"https:\/\/vapingnet.de\/pl\/wp-json\/wp\/v2\/product"}],"about":[{"href":"https:\/\/vapingnet.de\/pl\/wp-json\/wp\/v2\/types\/product"}],"version-history":[{"count":1,"href":"https:\/\/vapingnet.de\/pl\/wp-json\/wp\/v2\/product\/5694\/revisions"}],"predecessor-version":[{"id":5726,"href":"https:\/\/vapingnet.de\/pl\/wp-json\/wp\/v2\/product\/5694\/revisions\/5726"}],"wp:featuredmedia":[{"embeddable":true,"href":"https:\/\/vapingnet.de\/pl\/wp-json\/wp\/v2\/media\/5724"}],"wp:attachment":[{"href":"https:\/\/vapingnet.de\/pl\/wp-json\/wp\/v2\/media?parent=5694"}],"wp:term":[{"taxonomy":"brand","embeddable":true,"href":"https:\/\/vapingnet.de\/pl\/wp-json\/wp\/v2\/etheme_brands?post=5694"},{"taxonomy":"product_brand","embeddable":true,"href":"https:\/\/vapingnet.de\/pl\/wp-json\/wp\/v2\/product_brand?post=5694"},{"taxonomy":"product_cat","embeddable":true,"href":"https:\/\/vapingnet.de\/pl\/wp-json\/wp\/v2\/product_cat?post=5694"},{"taxonomy":"product_tag","embeddable":true,"href":"https:\/\/vapingnet.de\/pl\/wp-json\/wp\/v2\/product_tag?post=5694"}],"curies":[{"name":"wp","href":"https:\/\/api.w.org\/{rel}","templated":true}]}}