{"id":5727,"date":"2025-03-19T05:38:06","date_gmt":"2025-03-19T05:38:06","guid":{"rendered":"https:\/\/vapingnet.de\/?post_type=product&#038;p=5727"},"modified":"2026-04-14T06:41:05","modified_gmt":"2026-04-14T06:41:05","slug":"cooles-e-zigaretten-erlebnis-nexa-ultra-50k-eine-reichhaltige-mischung-aus-suesser-blaubeere-und-erfrischendem-eisgeschmack","status":"publish","type":"product","link":"https:\/\/vapingnet.de\/pl\/vape\/cooles-e-zigaretten-erlebnis-nexa-ultra-50k-eine-reichhaltige-mischung-aus-suesser-blaubeere-und-erfrischendem-eisgeschmack\/","title":{"rendered":"Fajne do\u015bwiadczenie z e-papierosem NEXA Ultra 50K. Bogata mieszanka s\u0142odkich jag\u00f3d bor\u00f3wki i orze\u017awiaj\u0105cego smaku lodu"},"content":{"rendered":"<h2 data-start=\"0\" data-end=\"70\">NEXA Ultra 50K Puff Jednorazowa E-papieros Blue Razz Ice Edition<\/h2>\n<p data-start=\"72\" data-end=\"438\">NEXA Ultra 50K definiuje standard dla <strong><a href=\"https:\/\/vapingnet.de\/pl\/k\/einweg-e-zigarette\/\">Jednorazowe e-papierosy<\/a><\/strong> nowoczesnych i \u0142\u0105czy wysok\u0105 wydajno\u015b\u0107, innowacyjny design oraz niezr\u00f3wnalne doznania smakowe. Z imponuj\u0105c\u0105 <strong><a href=\"https:\/\/vapingnet.de\/pl\/k\/50k-vape\/\">50k vape<\/a><\/strong> pojemno\u015bci\u0105, akumulatorem 800 mAh z szybkim \u0142adowaniem USB-C oraz przezroczystym zbiornikiem na liquid o pojemno\u015bci 20 ml, ten model wyznacza nowe standardy.<\/p>\n<p data-start=\"440\" data-end=\"751\">Szczeg\u00f3lnie wyr\u00f3\u017cnia si\u0119 Blue Razz Ice Edition, kt\u00f3ra zachwyca idealnie dobran\u0105 mieszank\u0105 s\u0142odkich niebieskich malin i orze\u017awiaj\u0105cego smaku lodu. Ta kombinacja zapewnia intensywne, owocowo-ch\u0142odne doznania podczas vapowania, kt\u00f3re zachwyc\u0105 zar\u00f3wno pocz\u0105tkuj\u0105cych, jak i do\u015bwiadczonych vapor\u00f3w.<\/p>\n<h3 data-start=\"758\" data-end=\"796\">Dane techniczne i funkcje<\/h3>\n<p data-start=\"798\" data-end=\"1000\">The <strong><a href=\"https:\/\/vapingnet.de\/pl\/nexa-ultra-50000-puffs\/\">NEXA Ultra 50K puffs<\/a><\/strong> oferuje szereg funkcji, kt\u00f3re czyni\u0105 j\u0105 idealnym wyborem dla wymagaj\u0105cych vapor\u00f3w. W poni\u017cszej tabeli podsumowano najwa\u017cniejsze dane techniczne:<\/p>\n<div class=\"overflow-x-auto contain-inline-size\">\n<table data-start=\"1002\" data-end=\"1819\">\n<thead data-start=\"1002\" data-end=\"1044\">\n<tr data-start=\"1002\" data-end=\"1044\">\n<th data-start=\"1002\" data-end=\"1024\">Cecha<\/th>\n<th data-start=\"1024\" data-end=\"1044\">Opis<\/th>\n<\/tr>\n<\/thead>\n<tbody data-start=\"1088\" data-end=\"1819\">\n<tr data-start=\"1088\" data-end=\"1136\">\n<td>Liczba puf\u00f3w<\/td>\n<td>Do 50 000 zaci\u0105gni\u0119\u0107<\/td>\n<\/tr>\n<tr data-start=\"1137\" data-end=\"1178\">\n<td>Zawarto\u015b\u0107 nikotyny<\/td>\n<td>5 % Nikotynowy s\u00f3l<\/td>\n<\/tr>\n<tr data-start=\"1179\" data-end=\"1231\">\n<td>Pojemno\u015b\u0107 e-liquid<\/td>\n<td>20 ml (przezroczysty zbiornik)<\/td>\n<\/tr>\n<tr data-start=\"1232\" data-end=\"1339\">\n<td>Smak<\/td>\n<td>Blue Razz Ice \u2013 s\u0142odkie, soczyste niebieskie maliny z orze\u017awiaj\u0105cym smakiem lodu<\/td>\n<\/tr>\n<tr data-start=\"1340\" data-end=\"1409\">\n<td>Pojemno\u015b\u0107 akumulatora<\/td>\n<td>800 mAh, wielokrotnie \u0142adowalny przez USB-C<\/td>\n<\/tr>\n<tr data-start=\"1410\" data-end=\"1499\">\n<td>Tryby mocy<\/td>\n<td>Technologia Dual-Mode: Tryb Normalny (50K) \/ Tryb Turbo (30K)<\/td>\n<\/tr>\n<tr data-start=\"1500\" data-end=\"1612\">\n<td>Wy\u015bwietlacz<\/td>\n<td>3D-krzywizniony ekran z wy\u015bwietlaczem poziomu na\u0142adowania baterii, poziomu liquidu i trybu mocy<\/td>\n<\/tr>\n<tr data-start=\"1613\" data-end=\"1682\">\n<td>Aktywacja<\/td>\n<td>Aktywacja przez zaci\u0105gni\u0119cie \u2013 bez konieczno\u015bci u\u017cywania przycisku<\/td>\n<\/tr>\n<tr data-start=\"1683\" data-end=\"1778\">\n<td>Design<\/td>\n<td>Przezroczysty zbiornik z kryszta\u0142u, umo\u017cliwiaj\u0105cy przejrzysty podgl\u0105d poziomu liquidu<\/td>\n<\/tr>\n<tr data-start=\"1779\" data-end=\"1819\">\n<td>Opakowanie<\/td>\n<td>5 sztuk na pude\u0142ko<\/td>\n<\/tr>\n<\/tbody>\n<\/table>\n<\/div>\n<h3 data-start=\"1826\" data-end=\"1892\">Dlaczego NEXA Ultra 50K jest jednym z najlepszych jednorazowych vape\u2019\u00f3w<\/h3>\n<p data-start=\"1894\" data-end=\"2120\">NEXA Ultra 50K Blue Razz Ice Edition zosta\u0142a specjalnie opracowana dla mi\u0142o\u015bnik\u00f3w vapowania, kt\u00f3rzy ceni\u0105 sobie jako\u015b\u0107, wydajno\u015b\u0107 i smak. \u0141\u0105czy najnowsz\u0105 technologi\u0119 z wyj\u0105tkowym doznaniem smakowym.<\/p>\n<h4 data-start=\"2122\" data-end=\"2179\">1. Maksymalna pojemno\u015b\u0107 chmury \u2013 do 50 000 zaci\u0105gni\u0119\u0107<\/h4>\n<p data-start=\"2180\" data-end=\"2400\">Wi\u0119kszo\u015b\u0107 jednorazowych e-papieros\u00f3w ma ograniczon\u0105 pojemno\u015b\u0107 chmury od 5 000 do <strong><a href=\"https:\/\/vapingnet.de\/pl\/k\/vape-15000-zuege\/\">15000 poci\u0105gni\u0119ciami<\/a><\/strong>. NEXA Ultra 50K wykracza daleko poza to i oferuje dzi\u0119ki technologii Dual-Mode dwa r\u00f3\u017cne tryby:<\/p>\n<p data-start=\"2402\" data-end=\"2563\">Tryb normalny (50K vape) \u2013 d\u0142u\u017cszy czas u\u017cytkowania dla maksymalnej przyjemno\u015bci<br data-start=\"2479\" data-end=\"2482\" \/>Tryb turbo (<strong><a href=\"https:\/\/vapingnet.de\/pl\/k\/vape-30000-zuege\/\">30K vape<\/a><\/strong>) \u2013 zwi\u0119kszona moc dla intensywniejszego wytwarzania pary<\/p>\n<p data-start=\"2565\" data-end=\"2708\">Dzi\u0119ki tym opcjom u\u017cytkownik mo\u017ce indywidualnie dostosowa\u0107 swoje do\u015bwiadczenie vapowania \u2013 funkcja, kt\u00f3ra dot\u0105d by\u0142a dost\u0119pna tylko w urz\u0105dzeniach wysokiej klasy.<\/p>\n<h4 data-start=\"2715\" data-end=\"2773\">2. Smak, kt\u00f3ry zachwyca \u2013 Blue Razz Ice<\/h4>\n<p data-start=\"2774\" data-end=\"2926\">Smak jest kluczowym czynnikiem przy wyborze e-papierosa, a edycja Blue Razz Ice dostarcza niezr\u00f3wnany aromat.<\/p>\n<p data-start=\"2928\" data-end=\"3194\">Owocowa s\u0142odycz niebieskich malin zapewnia intensywny, soczysty akcent.<br data-start=\"3014\" data-end=\"3017\" \/>Orze\u017awiaj\u0105cy efekt ch\u0142odz\u0105cy, kt\u00f3ry tworzy przyjemne ch\u0142odne doznanie vapowania.<br data-start=\"3099\" data-end=\"3102\" \/>Czysty i intensywny smak dzi\u0119ki wysokiej jako\u015bci aromatom i technologii mesh-coil.<\/p>\n<p data-start=\"3196\" data-end=\"3317\">Ta kombinacja smak\u00f3w sprawia, \u017ce NEXA Ultra 50K jest idealna dla wszystkich, kt\u00f3rzy kochaj\u0105 owocowe i orze\u017awiaj\u0105ce vapy.<\/p>\n<h4 data-start=\"3324\" data-end=\"3396\">Przezroczysty zbiornik kryszta\u0142kowy \u2013 Zawsze widoczny poziom liquidu<\/h4>\n<p data-start=\"3397\" data-end=\"3646\">Jednym z wyr\u00f3\u017cniaj\u0105cych si\u0119 element\u00f3w designu NEXA Ultra 50K jest widoczny zbiornik na p\u0142yn. Podczas gdy wiele jednorazowych urz\u0105dze\u0144 ma zamkni\u0119ty zbiornik, przezroczysty kryszta\u0142owy zbiornik umo\u017cliwia bezpo\u015bredni podgl\u0105d na pozosta\u0142e e-liquid.<\/p>\n<p data-start=\"3648\" data-end=\"3796\">Stylowy i nowoczesny design<br data-start=\"3685\" data-end=\"3688\" \/>Zapobiega nieoczekiwanemu wyciekowi p\u0142ynu<br data-start=\"3741\" data-end=\"3744\" \/>U\u0142atwia \u015bledzenie zu\u017cycia<\/p>\n<p data-start=\"3798\" data-end=\"3923\">Dla os\u00f3b cz\u0119sto vapuj\u0105cych jest to kluczowa zaleta, poniewa\u017c mog\u0105 one kontrolowa\u0107 poziom p\u0142ynu w dowolnym momencie.<\/p>\n<h4 data-start=\"3930\" data-end=\"3988\">4. Wydajna bateria z szybkim \u0142adowaniem USB-C<\/h4>\n<p data-start=\"3989\" data-end=\"4129\">Akumulator o pojemno\u015bci 800 mAh w NEXA Ultra 50K jest wielokrotnego \u0142adowania i dzi\u0119ki szybkiemu \u0142adowaniu USB-C mo\u017cna go na\u0142adowa\u0107 w kr\u00f3tkim czasie.<\/p>\n<p data-start=\"4131\" data-end=\"4293\">D\u0142u\u017cszy czas u\u017cytkowania bez przerw<br data-start=\"4180\" data-end=\"4183\" \/>Szybkie \u0142adowanie dla nieprzerwanego korzystania z pary<br data-start=\"4237\" data-end=\"4240\" \/>Poziom na\u0142adowania akumulatora zawsze widoczny na wy\u015bwietlaczu<\/p>\n<p data-start=\"4295\" data-end=\"4406\">Dzi\u0119ki temu u\u017cytkowanie urz\u0105dzenia jest znacznie wyd\u0142u\u017cone, co wyr\u00f3\u017cnia je od tradycyjnych jednorazowych e-papieros\u00f3w.<\/p>\n<h4>5. Wy\u015bwietlacz 3D-Curved \u2013 wszystkie wa\u017cne informacje na pierwszy rzut oka<\/h4>\n<p data-start=\"4483\" data-end=\"4689\">Wi\u0119kszo\u015b\u0107 jednorazowych e-papieros\u00f3w nie posiada lub ma tylko proste wska\u017aniki LED. NEXA Ultra 50K jest wyposa\u017cona w nowoczesny wy\u015bwietlacz 3D-curved, kt\u00f3ry pokazuje wa\u017cne informacje:<\/p>\n<p data-start=\"4691\" data-end=\"4907\">Stan baterii \u2013 wskazuje, kiedy konieczne jest na\u0142adowanie.<br data-start=\"4755\" data-end=\"4758\" \/>Poziom e-liquid \u2013 zapobiega niespodziewanym brakom.<br data-start=\"4816\" data-end=\"4819\" \/>Aktualny tryb mocy (Normalny \/ Turbo) \u2013 indywidualnie dostosowuje do\u015bwiadczenie parowania.<\/p>\n<p data-start=\"4909\" data-end=\"5004\">Ta funkcja zapewnia maksymalny komfort i czyni urz\u0105dzenie szczeg\u00f3lnie przyjaznym dla u\u017cytkownika.<\/p>\n<h3>Dla kogo jest przeznaczony NEXA Ultra 50K Blue Razz Ice?<\/h3>\n<p data-start=\"5076\" data-end=\"5117\">NEXA Ultra 50K jest skierowana do:<\/p>\n<p data-start=\"5119\" data-end=\"5449\">Korzystaj\u0105cych z pary, kt\u00f3rzy ceni\u0105 intensywne doznania smakowe.<br data-start=\"5193\" data-end=\"5196\" \/>D\u0142ugoterminowych u\u017cytkownik\u00f3w, kt\u00f3rzy preferuj\u0105 du\u017c\u0105 pojemno\u015b\u0107 na pufy.<br data-start=\"5262\" data-end=\"5265\" \/>Pocz\u0105tkuj\u0105cych, kt\u00f3rzy szukaj\u0105 prostego i wysokiej jako\u015bci jednorazowego e-papierosa.<br data-start=\"5349\" data-end=\"5352\" \/>Hurtownik\u00f3w, kt\u00f3rzy chc\u0105 oferowa\u0107 swoim klientom premium jednorazowe vape o du\u017cym popycie.<\/p>\n<h3>Premium jednorazowy vape najwy\u017cszej klasy<\/h3>\n<p data-start=\"5514\" data-end=\"5769\">NEXA Ultra 50K Blue Razz Ice Edition \u0142\u0105czy mocn\u0105 technologi\u0119, przemy\u015blany design i wy\u015bmienity smak. Jest jednym z najbardziej zaawansowanych jednorazowych e-papieros\u00f3w na rynku i oferuje nast\u0119puj\u0105ce korzy\u015bci:<\/p>\n<p data-start=\"5771\" data-end=\"6055\">Do 50 000 zaci\u0105gni\u0119\u0107 z technologi\u0105 Dual-Mode<br data-start=\"5821\" data-end=\"5824\" \/>Intensywny smak Blue Razz Ice \u2013 owocowy i orze\u017awiaj\u0105cy<br data-start=\"5893\" data-end=\"5896\" \/>Wymienny akumulator 800 mAh z USB-C<br data-start=\"5942\" data-end=\"5945\" \/>Przezroczysty zbiornik kryszta\u0142owy do wyra\u017anego podgl\u0105du liquidu<br data-start=\"6001\" data-end=\"6004\" \/>Wy\u015bwietlacz 3D zakrzywiony z wszystkimi wa\u017cnymi informacjami<\/p>\n<p data-start=\"6057\" data-end=\"6182\" data-is-last-node=\"\" data-is-only-node=\"\">Dla wszystkich, kt\u00f3rzy szukaj\u0105 najwy\u017cszej jako\u015bci do\u015bwiadczenia vapingowego, NEXA Ultra 50K Blue Razz Ice jest wyra\u017anym wyborem!<\/p>","protected":false},"excerpt":{"rendered":"<p>NEXA Ultra 50K Puff Einweg E-Zigarette Blue Razz Ice Edition Die NEXA Ultra 50K definiert den Standard f\u00fcr Einweg-E-Zigaretten neu und kombiniert hohe Leistung, innovatives&#8230;<\/p>","protected":false},"featured_media":5710,"template":"","meta":[],"etheme_brands":[],"product_brand":[],"product_cat":[67,49,61],"product_tag":[],"class_list":{"0":"post-5727","1":"product","2":"type-product","3":"status-publish","4":"has-post-thumbnail","6":"product_cat-50k-vape","7":"product_cat-einweg-e-zigarette","8":"product_cat-f","10":"first","11":"outofstock","12":"shipping-taxable","13":"purchasable","14":"product-type-variable"},"yoast_head":"<!-- This site is optimized with the Yoast SEO plugin v26.5 - https:\/\/yoast.com\/wordpress\/plugins\/seo\/ -->\n<title>Cooles E-Zigaretten-Erlebnis NEXA Ultra 50K Eine reichhaltige Mischung aus s\u00fc\u00dfer Blaubeere und erfrischendem Eisgeschmack | Vapingnet.de<\/title>\n<meta name=\"description\" content=\"NEXA Ultra 50K Ein intensiver Mix aus s\u00fc\u00dfen blauen Himbeeren und erfrischender Eisnote f\u00fcr ein angenehm k\u00fchles Dampferlebnis!\" \/>\n<meta name=\"robots\" content=\"index, follow, max-snippet:-1, max-image-preview:large, max-video-preview:-1\" \/>\n<link rel=\"canonical\" href=\"https:\/\/vapingnet.de\/pl\/vape\/cooles-e-zigaretten-erlebnis-nexa-ultra-50k-eine-reichhaltige-mischung-aus-suesser-blaubeere-und-erfrischendem-eisgeschmack\/\" \/>\n<meta property=\"og:locale\" content=\"pl_PL\" \/>\n<meta property=\"og:type\" content=\"article\" \/>\n<meta property=\"og:title\" content=\"Cooles E-Zigaretten-Erlebnis NEXA Ultra 50K Eine reichhaltige Mischung aus s\u00fc\u00dfer Blaubeere und erfrischendem Eisgeschmack | Vapingnet.de\" \/>\n<meta property=\"og:description\" content=\"NEXA Ultra 50K Ein intensiver Mix aus s\u00fc\u00dfen blauen Himbeeren und erfrischender Eisnote f\u00fcr ein angenehm k\u00fchles Dampferlebnis!\" \/>\n<meta property=\"og:url\" content=\"https:\/\/vapingnet.de\/pl\/vape\/cooles-e-zigaretten-erlebnis-nexa-ultra-50k-eine-reichhaltige-mischung-aus-suesser-blaubeere-und-erfrischendem-eisgeschmack\/\" \/>\n<meta property=\"og:site_name\" content=\"Vapingnet.de\" \/>\n<meta property=\"article:publisher\" content=\"https:\/\/www.facebook.com\/vapingnetde\/\" \/>\n<meta property=\"article:modified_time\" content=\"2026-04-14T06:41:05+00:00\" \/>\n<meta property=\"og:image\" content=\"https:\/\/vapingnet.de\/wp-content\/uploads\/2025\/03\/50K_BLUE_RAZZ_ICE-1.png\" \/>\n\t<meta property=\"og:image:width\" content=\"1000\" \/>\n\t<meta property=\"og:image:height\" content=\"1000\" \/>\n\t<meta property=\"og:image:type\" content=\"image\/png\" \/>\n<meta name=\"twitter:card\" content=\"summary_large_image\" \/>\n<meta name=\"twitter:label1\" content=\"Est. reading time\" \/>\n\t<meta name=\"twitter:data1\" content=\"5 minutes\" \/>\n<script type=\"application\/ld+json\" class=\"yoast-schema-graph\">{\"@context\":\"https:\/\/schema.org\",\"@graph\":[{\"@type\":\"WebPage\",\"@id\":\"https:\/\/vapingnet.de\/vape\/cooles-e-zigaretten-erlebnis-nexa-ultra-50k-eine-reichhaltige-mischung-aus-suesser-blaubeere-und-erfrischendem-eisgeschmack\/\",\"url\":\"https:\/\/vapingnet.de\/vape\/cooles-e-zigaretten-erlebnis-nexa-ultra-50k-eine-reichhaltige-mischung-aus-suesser-blaubeere-und-erfrischendem-eisgeschmack\/\",\"name\":\"Cooles E-Zigaretten-Erlebnis NEXA Ultra 50K Eine reichhaltige Mischung aus s\u00fc\u00dfer Blaubeere und erfrischendem Eisgeschmack | Vapingnet.de\",\"isPartOf\":{\"@id\":\"https:\/\/vapingnet.de\/#website\"},\"primaryImageOfPage\":{\"@id\":\"https:\/\/vapingnet.de\/vape\/cooles-e-zigaretten-erlebnis-nexa-ultra-50k-eine-reichhaltige-mischung-aus-suesser-blaubeere-und-erfrischendem-eisgeschmack\/#primaryimage\"},\"image\":{\"@id\":\"https:\/\/vapingnet.de\/vape\/cooles-e-zigaretten-erlebnis-nexa-ultra-50k-eine-reichhaltige-mischung-aus-suesser-blaubeere-und-erfrischendem-eisgeschmack\/#primaryimage\"},\"thumbnailUrl\":\"https:\/\/vapingnet.de\/wp-content\/uploads\/2025\/03\/50K_BLUE_RAZZ_ICE-1.png\",\"datePublished\":\"2025-03-19T05:38:06+00:00\",\"dateModified\":\"2026-04-14T06:41:05+00:00\",\"description\":\"NEXA Ultra 50K Ein intensiver Mix aus s\u00fc\u00dfen blauen Himbeeren und erfrischender Eisnote f\u00fcr ein angenehm k\u00fchles Dampferlebnis!\",\"breadcrumb\":{\"@id\":\"https:\/\/vapingnet.de\/vape\/cooles-e-zigaretten-erlebnis-nexa-ultra-50k-eine-reichhaltige-mischung-aus-suesser-blaubeere-und-erfrischendem-eisgeschmack\/#breadcrumb\"},\"inLanguage\":\"pl-PL\",\"potentialAction\":[{\"@type\":\"ReadAction\",\"target\":[\"https:\/\/vapingnet.de\/vape\/cooles-e-zigaretten-erlebnis-nexa-ultra-50k-eine-reichhaltige-mischung-aus-suesser-blaubeere-und-erfrischendem-eisgeschmack\/\"]}]},{\"@type\":\"ImageObject\",\"inLanguage\":\"pl-PL\",\"@id\":\"https:\/\/vapingnet.de\/vape\/cooles-e-zigaretten-erlebnis-nexa-ultra-50k-eine-reichhaltige-mischung-aus-suesser-blaubeere-und-erfrischendem-eisgeschmack\/#primaryimage\",\"url\":\"https:\/\/vapingnet.de\/wp-content\/uploads\/2025\/03\/50K_BLUE_RAZZ_ICE-1.png\",\"contentUrl\":\"https:\/\/vapingnet.de\/wp-content\/uploads\/2025\/03\/50K_BLUE_RAZZ_ICE-1.png\",\"width\":1000,\"height\":1000},{\"@type\":\"BreadcrumbList\",\"@id\":\"https:\/\/vapingnet.de\/vape\/cooles-e-zigaretten-erlebnis-nexa-ultra-50k-eine-reichhaltige-mischung-aus-suesser-blaubeere-und-erfrischendem-eisgeschmack\/#breadcrumb\",\"itemListElement\":[{\"@type\":\"ListItem\",\"position\":1,\"name\":\"Home\",\"item\":\"https:\/\/vapingnet.de\/\"},{\"@type\":\"ListItem\",\"position\":2,\"name\":\"Shop\",\"item\":\"https:\/\/vapingnet.de\/vape\/\"},{\"@type\":\"ListItem\",\"position\":3,\"name\":\"Cooles E-Zigaretten-Erlebnis NEXA Ultra 50K Eine reichhaltige Mischung aus s\u00fc\u00dfer Blaubeere und erfrischendem Eisgeschmack\"}]},{\"@type\":\"WebSite\",\"@id\":\"https:\/\/vapingnet.de\/#website\",\"url\":\"https:\/\/vapingnet.de\/\",\"name\":\"Vapingnet.de\",\"description\":\"\",\"publisher\":{\"@id\":\"https:\/\/vapingnet.de\/#organization\"},\"potentialAction\":[{\"@type\":\"SearchAction\",\"target\":{\"@type\":\"EntryPoint\",\"urlTemplate\":\"https:\/\/vapingnet.de\/?s={search_term_string}\"},\"query-input\":{\"@type\":\"PropertyValueSpecification\",\"valueRequired\":true,\"valueName\":\"search_term_string\"}}],\"inLanguage\":\"pl-PL\"},{\"@type\":\"Organization\",\"@id\":\"https:\/\/vapingnet.de\/#organization\",\"name\":\"Vapingnet.de\",\"url\":\"https:\/\/vapingnet.de\/\",\"logo\":{\"@type\":\"ImageObject\",\"inLanguage\":\"pl-PL\",\"@id\":\"https:\/\/vapingnet.de\/#\/schema\/logo\/image\/\",\"url\":\"https:\/\/vapingnet.de\/wp-content\/uploads\/2025\/03\/cropped-vapingnet.de_.jpg\",\"contentUrl\":\"https:\/\/vapingnet.de\/wp-content\/uploads\/2025\/03\/cropped-vapingnet.de_.jpg\",\"width\":512,\"height\":512,\"caption\":\"Vapingnet.de\"},\"image\":{\"@id\":\"https:\/\/vapingnet.de\/#\/schema\/logo\/image\/\"},\"sameAs\":[\"https:\/\/www.facebook.com\/vapingnetde\/\"]}]}<\/script>\n<!-- \/ Yoast SEO plugin. -->","yoast_head_json":{"title":"Cooles E-Zigaretten-Erlebnis NEXA Ultra 50K Eine reichhaltige Mischung aus s\u00fc\u00dfer Blaubeere und erfrischendem Eisgeschmack | Vapingnet.de","description":"NEXA Ultra 50K Ein intensiver Mix aus s\u00fc\u00dfen blauen Himbeeren und erfrischender Eisnote f\u00fcr ein angenehm k\u00fchles Dampferlebnis!","robots":{"index":"index","follow":"follow","max-snippet":"max-snippet:-1","max-image-preview":"max-image-preview:large","max-video-preview":"max-video-preview:-1"},"canonical":"https:\/\/vapingnet.de\/pl\/vape\/cooles-e-zigaretten-erlebnis-nexa-ultra-50k-eine-reichhaltige-mischung-aus-suesser-blaubeere-und-erfrischendem-eisgeschmack\/","og_locale":"pl_PL","og_type":"article","og_title":"Cooles E-Zigaretten-Erlebnis NEXA Ultra 50K Eine reichhaltige Mischung aus s\u00fc\u00dfer Blaubeere und erfrischendem Eisgeschmack | Vapingnet.de","og_description":"NEXA Ultra 50K Ein intensiver Mix aus s\u00fc\u00dfen blauen Himbeeren und erfrischender Eisnote f\u00fcr ein angenehm k\u00fchles Dampferlebnis!","og_url":"https:\/\/vapingnet.de\/pl\/vape\/cooles-e-zigaretten-erlebnis-nexa-ultra-50k-eine-reichhaltige-mischung-aus-suesser-blaubeere-und-erfrischendem-eisgeschmack\/","og_site_name":"Vapingnet.de","article_publisher":"https:\/\/www.facebook.com\/vapingnetde\/","article_modified_time":"2026-04-14T06:41:05+00:00","og_image":[{"width":1000,"height":1000,"url":"https:\/\/vapingnet.de\/wp-content\/uploads\/2025\/03\/50K_BLUE_RAZZ_ICE-1.png","type":"image\/png"}],"twitter_card":"summary_large_image","twitter_misc":{"Est. reading time":"5 minutes"},"schema":{"@context":"https:\/\/schema.org","@graph":[{"@type":"WebPage","@id":"https:\/\/vapingnet.de\/vape\/cooles-e-zigaretten-erlebnis-nexa-ultra-50k-eine-reichhaltige-mischung-aus-suesser-blaubeere-und-erfrischendem-eisgeschmack\/","url":"https:\/\/vapingnet.de\/vape\/cooles-e-zigaretten-erlebnis-nexa-ultra-50k-eine-reichhaltige-mischung-aus-suesser-blaubeere-und-erfrischendem-eisgeschmack\/","name":"Cooles E-Zigaretten-Erlebnis NEXA Ultra 50K Eine reichhaltige Mischung aus s\u00fc\u00dfer Blaubeere und erfrischendem Eisgeschmack | Vapingnet.de","isPartOf":{"@id":"https:\/\/vapingnet.de\/#website"},"primaryImageOfPage":{"@id":"https:\/\/vapingnet.de\/vape\/cooles-e-zigaretten-erlebnis-nexa-ultra-50k-eine-reichhaltige-mischung-aus-suesser-blaubeere-und-erfrischendem-eisgeschmack\/#primaryimage"},"image":{"@id":"https:\/\/vapingnet.de\/vape\/cooles-e-zigaretten-erlebnis-nexa-ultra-50k-eine-reichhaltige-mischung-aus-suesser-blaubeere-und-erfrischendem-eisgeschmack\/#primaryimage"},"thumbnailUrl":"https:\/\/vapingnet.de\/wp-content\/uploads\/2025\/03\/50K_BLUE_RAZZ_ICE-1.png","datePublished":"2025-03-19T05:38:06+00:00","dateModified":"2026-04-14T06:41:05+00:00","description":"NEXA Ultra 50K Ein intensiver Mix aus s\u00fc\u00dfen blauen Himbeeren und erfrischender Eisnote f\u00fcr ein angenehm k\u00fchles Dampferlebnis!","breadcrumb":{"@id":"https:\/\/vapingnet.de\/vape\/cooles-e-zigaretten-erlebnis-nexa-ultra-50k-eine-reichhaltige-mischung-aus-suesser-blaubeere-und-erfrischendem-eisgeschmack\/#breadcrumb"},"inLanguage":"pl-PL","potentialAction":[{"@type":"ReadAction","target":["https:\/\/vapingnet.de\/vape\/cooles-e-zigaretten-erlebnis-nexa-ultra-50k-eine-reichhaltige-mischung-aus-suesser-blaubeere-und-erfrischendem-eisgeschmack\/"]}]},{"@type":"ImageObject","inLanguage":"pl-PL","@id":"https:\/\/vapingnet.de\/vape\/cooles-e-zigaretten-erlebnis-nexa-ultra-50k-eine-reichhaltige-mischung-aus-suesser-blaubeere-und-erfrischendem-eisgeschmack\/#primaryimage","url":"https:\/\/vapingnet.de\/wp-content\/uploads\/2025\/03\/50K_BLUE_RAZZ_ICE-1.png","contentUrl":"https:\/\/vapingnet.de\/wp-content\/uploads\/2025\/03\/50K_BLUE_RAZZ_ICE-1.png","width":1000,"height":1000},{"@type":"BreadcrumbList","@id":"https:\/\/vapingnet.de\/vape\/cooles-e-zigaretten-erlebnis-nexa-ultra-50k-eine-reichhaltige-mischung-aus-suesser-blaubeere-und-erfrischendem-eisgeschmack\/#breadcrumb","itemListElement":[{"@type":"ListItem","position":1,"name":"Home","item":"https:\/\/vapingnet.de\/"},{"@type":"ListItem","position":2,"name":"Shop","item":"https:\/\/vapingnet.de\/vape\/"},{"@type":"ListItem","position":3,"name":"Cooles E-Zigaretten-Erlebnis NEXA Ultra 50K Eine reichhaltige Mischung aus s\u00fc\u00dfer Blaubeere und erfrischendem Eisgeschmack"}]},{"@type":"WebSite","@id":"https:\/\/vapingnet.de\/#website","url":"https:\/\/vapingnet.de\/","name":"Vapingnet.de","description":"","publisher":{"@id":"https:\/\/vapingnet.de\/#organization"},"potentialAction":[{"@type":"SearchAction","target":{"@type":"EntryPoint","urlTemplate":"https:\/\/vapingnet.de\/?s={search_term_string}"},"query-input":{"@type":"PropertyValueSpecification","valueRequired":true,"valueName":"search_term_string"}}],"inLanguage":"pl-PL"},{"@type":"Organization","@id":"https:\/\/vapingnet.de\/#organization","name":"Vapingnet.de","url":"https:\/\/vapingnet.de\/","logo":{"@type":"ImageObject","inLanguage":"pl-PL","@id":"https:\/\/vapingnet.de\/#\/schema\/logo\/image\/","url":"https:\/\/vapingnet.de\/wp-content\/uploads\/2025\/03\/cropped-vapingnet.de_.jpg","contentUrl":"https:\/\/vapingnet.de\/wp-content\/uploads\/2025\/03\/cropped-vapingnet.de_.jpg","width":512,"height":512,"caption":"Vapingnet.de"},"image":{"@id":"https:\/\/vapingnet.de\/#\/schema\/logo\/image\/"},"sameAs":["https:\/\/www.facebook.com\/vapingnetde\/"]}]}},"tiered_pricing_type":"fixed","tiered_pricing_fixed_rules":[],"tiered_pricing_product_settings":{"layout":"default","base_unit_name":{"singular":null,"plural":null},"default_variation":null},"tiered_pricing_minimum_quantity":null,"tiered_pricing_roles_data":[],"tiered_pricing_percentage_rules":[],"_links":{"self":[{"href":"https:\/\/vapingnet.de\/pl\/wp-json\/wp\/v2\/product\/5727","targetHints":{"allow":["GET"]}}],"collection":[{"href":"https:\/\/vapingnet.de\/pl\/wp-json\/wp\/v2\/product"}],"about":[{"href":"https:\/\/vapingnet.de\/pl\/wp-json\/wp\/v2\/types\/product"}],"version-history":[{"count":1,"href":"https:\/\/vapingnet.de\/pl\/wp-json\/wp\/v2\/product\/5727\/revisions"}],"predecessor-version":[{"id":5755,"href":"https:\/\/vapingnet.de\/pl\/wp-json\/wp\/v2\/product\/5727\/revisions\/5755"}],"wp:featuredmedia":[{"embeddable":true,"href":"https:\/\/vapingnet.de\/pl\/wp-json\/wp\/v2\/media\/5710"}],"wp:attachment":[{"href":"https:\/\/vapingnet.de\/pl\/wp-json\/wp\/v2\/media?parent=5727"}],"wp:term":[{"taxonomy":"brand","embeddable":true,"href":"https:\/\/vapingnet.de\/pl\/wp-json\/wp\/v2\/etheme_brands?post=5727"},{"taxonomy":"product_brand","embeddable":true,"href":"https:\/\/vapingnet.de\/pl\/wp-json\/wp\/v2\/product_brand?post=5727"},{"taxonomy":"product_cat","embeddable":true,"href":"https:\/\/vapingnet.de\/pl\/wp-json\/wp\/v2\/product_cat?post=5727"},{"taxonomy":"product_tag","embeddable":true,"href":"https:\/\/vapingnet.de\/pl\/wp-json\/wp\/v2\/product_tag?post=5727"}],"curies":[{"name":"wp","href":"https:\/\/api.w.org\/{rel}","templated":true}]}}