{"id":5731,"date":"2025-03-19T05:38:11","date_gmt":"2025-03-19T05:38:11","guid":{"rendered":"https:\/\/vapingnet.de\/?post_type=product&#038;p=5731"},"modified":"2026-04-14T06:41:05","modified_gmt":"2026-04-14T06:41:05","slug":"nexa-ultra-50k-cherry-bomb-liefert-eine-explosion-suesser-reifer-kirschen","status":"publish","type":"product","link":"https:\/\/vapingnet.de\/pl\/vape\/nexa-ultra-50k-cherry-bomb-liefert-eine-explosion-suesser-reifer-kirschen\/","title":{"rendered":"NEXA Ultra 50K Cherry Bomb dostarcza eksplozj\u0119 s\u0142odkich dojrza\u0142ych wi\u015bni"},"content":{"rendered":"<h2 data-start=\"0\" data-end=\"66\">Jednorazowa e-papieros NEXA Ultra 50K Puff Edycja Cherry Bomb<\/h2>\n<p data-start=\"68\" data-end=\"456\">NEXA Ultra 50K Cherry Bomb to innowacyjny <strong><a href=\"https:\/\/vapingnet.de\/pl\/k\/einweg-e-zigarette\/\">Jednorazowa e-papieros<\/a><\/strong>, kt\u00f3ry wyznacza nowe standardy pod wzgl\u0119dem wydajno\u015bci i smaku. Z imponuj\u0105c\u0105 liczb\u0105 <strong><a href=\"https:\/\/vapingnet.de\/pl\/k\/50k-vape\/\">50k vape<\/a><\/strong>, 800-mAh akumulatorem z szybkim \u0142adowaniem USB-C oraz przezroczystym zbiornikiem na 20 ml, ten e-papieros oferuje wszystko, czego potrzebuje palacz, aby cieszy\u0107 si\u0119 najwy\u017cszej klasy do\u015bwiadczeniem.<\/p>\n<p data-start=\"458\" data-end=\"724\">Smak Cherry Bomb \u0142\u0105czy intensywn\u0105 s\u0142odycz dojrza\u0142ych wi\u015bni z orze\u017awiaj\u0105c\u0105 nut\u0105, tworz\u0105c ekscytuj\u0105ce i satysfakcjonuj\u0105ce do\u015bwiadczenie palenia. Idealny dla tych, kt\u00f3rzy kochaj\u0105 zar\u00f3wno owocowe, jak i orze\u017awiaj\u0105ce aromaty.<\/p>\n<h3 data-start=\"726\" data-end=\"756\">Specyfikacje produktu:<\/h3>\n<div class=\"overflow-x-auto contain-inline-size\">\n<table data-start=\"758\" data-end=\"1779\">\n<thead data-start=\"758\" data-end=\"842\">\n<tr data-start=\"758\" data-end=\"842\">\n<th data-start=\"758\" data-end=\"787\">W\u0142a\u015bciwo\u015b\u0107<\/th>\n<th data-start=\"787\" data-end=\"842\">Szczeg\u00f3\u0142y<\/th>\n<\/tr>\n<\/thead>\n<tbody data-start=\"928\" data-end=\"1779\">\n<tr data-start=\"928\" data-end=\"1012\">\n<td>Liczba zaci\u0105gni\u0119\u0107<\/td>\n<td>Do 50 000 zaci\u0105gni\u0119\u0107<\/td>\n<\/tr>\n<tr data-start=\"1013\" data-end=\"1098\">\n<td>Zawarto\u015b\u0107 nikotyny<\/td>\n<td>5%<\/td>\n<\/tr>\n<tr data-start=\"1099\" data-end=\"1183\">\n<td>Zawarto\u015b\u0107 liquidu<\/td>\n<td>20 ml przezroczystego kryszta\u0142owego pojemnika<\/td>\n<\/tr>\n<tr data-start=\"1184\" data-end=\"1269\">\n<td>Bateria<\/td>\n<td>800 mAh z szybkim \u0142adowaniem USB-C<\/td>\n<\/tr>\n<tr data-start=\"1270\" data-end=\"1354\">\n<td>Tryby pracy<\/td>\n<td>Tryb dualny<\/td>\n<\/tr>\n<tr data-start=\"1355\" data-end=\"1439\">\n<td>Tryb normalny<\/td>\n<td>50K zaci\u0105gni\u0119\u0107 dla d\u0142u\u017cszego u\u017cytkowania<\/td>\n<\/tr>\n<tr data-start=\"1440\" data-end=\"1524\">\n<td>Tryb turbo<\/td>\n<td>30K zaci\u0105gni\u0119\u0107 dla intensywniejszego dymu i smaku<\/td>\n<\/tr>\n<tr data-start=\"1525\" data-end=\"1609\">\n<td>Wy\u015bwietlacz<\/td>\n<td>Wy\u015bwietlacz 3D zakrzywiony<\/td>\n<\/tr>\n<tr data-start=\"1610\" data-end=\"1694\">\n<td>Aktywacja<\/td>\n<td>Aktywacja zaci\u0105gni\u0119ciem dla \u0142atwego u\u017cytkowania<\/td>\n<\/tr>\n<tr data-start=\"1695\" data-end=\"1779\">\n<td>Opakowanie<\/td>\n<td>5 sztuk na pude\u0142ko<\/td>\n<\/tr>\n<\/tbody>\n<\/table>\n<\/div>\n<h3 data-start=\"1781\" data-end=\"1817\">FAQ \u2013 Najcz\u0119\u015bciej zadawane pytania<\/h3>\n<h4 data-start=\"1819\" data-end=\"1881\">1. Co wyr\u00f3\u017cnia NEXA Ultra 50K Cherry Bomb?<\/h4>\n<p data-start=\"1882\" data-end=\"2028\">NEXA Ultra 50K Cherry Bomb oferuje unikalne po\u0142\u0105czenie du\u017cej liczby zaci\u0105gni\u0119\u0107, intensywnego smaku i przyjaznych funkcji:<\/p>\n<ul data-start=\"2030\" data-end=\"2317\">\n<li data-start=\"2030\" data-end=\"2078\">Do 50 000 zaci\u0105gni\u0119\u0107 na d\u0142ugi czas vapowania<\/li>\n<li data-start=\"2079\" data-end=\"2158\">System dwukierunkowy z trybem normalnym i turbo dla indywidualnych ustawie\u0144<\/li>\n<li data-start=\"2159\" data-end=\"2233\">Szybkie \u0142adowanie USB-C zapewnia szybkie i wydajne na\u0142adowanie<\/li>\n<li data-start=\"2234\" data-end=\"2317\">Przezroczysty zbiornik kryszta\u0142owy umo\u017cliwia sta\u0142\u0105 kontrol\u0119 poziomu liquidu<\/li>\n<\/ul>\n<h4 data-start=\"2319\" data-end=\"2367\">2. Jak smakuje edycja Cherry Bomb?<\/h4>\n<p data-start=\"2368\" data-end=\"2461\">Smak Cherry Bomb zapewnia intensywne i od\u015bwie\u017caj\u0105ce do\u015bwiadczenie vapowania:<\/p>\n<ul data-start=\"2463\" data-end=\"2695\">\n<li data-start=\"2463\" data-end=\"2531\">S\u0142odkie, dojrza\u0142e wi\u015bnie zapewniaj\u0105 owocowy, s\u0142odki smak<\/li>\n<li data-start=\"2532\" data-end=\"2626\">Orze\u017awiaj\u0105ca \u015bwie\u017co\u015b\u0107 dope\u0142nia doznania smakowe i zapewnia pobudzaj\u0105cy efekt<\/li>\n<li data-start=\"2627\" data-end=\"2695\">Perfekcyjnie wywa\u017cony dla d\u0142ugotrwa\u0142ego, ekscytuj\u0105cego vapowania<\/li>\n<\/ul>\n<h4 data-start=\"2697\" data-end=\"2737\">3. Czym jest system dwukierunkowy?<\/h4>\n<p data-start=\"2738\" data-end=\"2834\">NEXA Ultra 50K oferuje dwa tryby mocy, aby dostosowa\u0107 do\u015bwiadczenie vapowania wed\u0142ug w\u0142asnych preferencji:<\/p>\n<ul data-start=\"2836\" data-end=\"2992\">\n<li data-start=\"2836\" data-end=\"2916\">Tryb normalny (50K zaci\u0105gni\u0119\u0107): d\u0142u\u017cszy czas u\u017cytkowania z r\u00f3wnomiernymi zaci\u0105gni\u0119ciami<\/li>\n<li data-start=\"2917\" data-end=\"2992\">Tryb turbo (30K zaci\u0105gni\u0119\u0107): dla intensywniejszego dymu i mocniejszego smaku<\/li>\n<\/ul>\n<h4 data-start=\"2994\" data-end=\"3056\">4. Jak d\u0142ugo dzia\u0142a bateria i jak si\u0119 j\u0105 \u0142aduje?<\/h4>\n<ul data-start=\"3057\" data-end=\"3306\">\n<li data-start=\"3057\" data-end=\"3116\">Bateria 800 mAh: zaprojektowana na d\u0142ug\u0105 \u017cywotno\u015b\u0107<\/li>\n<li data-start=\"3117\" data-end=\"3219\">Szybkie \u0142adowanie USB-C: \u0142adowanie szybko i wydajnie, aby vapowanie nie zosta\u0142o przerwane<\/li>\n<li data-start=\"3220\" data-end=\"3306\">Wska\u017anik poziomu baterii na wy\u015bwietlaczu 3D pokazuje aktualny stan na\u0142adowania<\/li>\n<\/ul>\n<h4 data-start=\"3308\" data-end=\"3372\">5. Jakie korzy\u015bci daje przezroczysty zbiornik kryszta\u0142owy?<\/h4>\n<p data-start=\"3373\" data-end=\"3453\">Zbiornik kryszta\u0142owy umo\u017cliwia wyra\u017any podgl\u0105d poziomu liquidu i oferuje:<\/p>\n<ul data-start=\"3455\" data-end=\"3641\">\n<li data-start=\"3455\" data-end=\"3498\">Nowoczesny design z eleganckim wygl\u0105dem<\/li>\n<li data-start=\"3499\" data-end=\"3573\">Sta\u0142a kontrola poziomu p\u0142ynu, aby uzupe\u0142nia\u0107 na czas<\/li>\n<li data-start=\"3574\" data-end=\"3641\">U\u0142atwione \u015bledzenie zu\u017cycia podczas vapowania<\/li>\n<\/ul>\n<h4 data-start=\"3643\" data-end=\"3706\">6. Dla kogo jest NEXA Ultra 50K Cherry Bomb?<\/h4>\n<ul data-start=\"3707\" data-end=\"4018\">\n<li data-start=\"3707\" data-end=\"3783\">Mi\u0142o\u015bnicy vapowania, kt\u00f3rzy kochaj\u0105 intensywny smak dojrza\u0142ych wi\u015bni<\/li>\n<li data-start=\"3784\" data-end=\"3860\">Duzi vapory, kt\u00f3rzy potrzebuj\u0105 produktu z du\u017c\u0105 pojemno\u015bci\u0105 na pufy<\/li>\n<li data-start=\"3861\" data-end=\"3942\">Pocz\u0105tkuj\u0105cy, kt\u00f3rzy szukaj\u0105 prostego i wydajnego jednorazowego e-papierosa<\/li>\n<li data-start=\"3943\" data-end=\"4018\">Hurtownicy, kt\u00f3rzy chc\u0105 oferowa\u0107 produkt premium o du\u017cym popycie<\/li>\n<\/ul>\n<h4 data-start=\"4020\" data-end=\"4073\">7. Co wyr\u00f3\u017cnia ekran 3D-Curved?<\/h4>\n<p data-start=\"4074\" data-end=\"4148\">Ekran 3D-Curved oferuje przyjazny dla u\u017cytkownika interfejs, kt\u00f3ry:<\/p>\n<ul data-start=\"4150\" data-end=\"4266\">\n<li data-start=\"4150\" data-end=\"4182\">Wy\u015bwietla stan baterii<\/li>\n<li data-start=\"4183\" data-end=\"4214\">Monitoruje poziom p\u0142ynu<\/li>\n<li data-start=\"4215\" data-end=\"4266\">Pokazuje tryb aktywny (Normalny lub Turbo)<\/li>\n<\/ul>\n<h4 data-start=\"4268\" data-end=\"4329\">8. Podsumowanie \u2013 czy warto wybra\u0107 NEXA Ultra 50K Cherry Bomb?<\/h4>\n<p data-start=\"4330\" data-end=\"4390\">Zdecydowanie tak. NEXA Ultra 50K Cherry Bomb wyr\u00f3\u017cnia si\u0119 dzi\u0119ki:<\/p>\n<ul data-start=\"4392\" data-end=\"4710\">\n<li data-start=\"4392\" data-end=\"4438\">Do 50 000 puf\u00f3w i technologii Dual-Mode<\/li>\n<li data-start=\"4439\" data-end=\"4517\">Unikalnym smakiem s\u0142odkich wi\u015bni i orze\u017awiaj\u0105cej \u015bwie\u017co\u015bci<\/li>\n<li data-start=\"4518\" data-end=\"4579\">Szybkim \u0142adowaniem USB-C dla szybkiego i wygodnego \u0142adowania<\/li>\n<li data-start=\"4580\" data-end=\"4633\">Przezroczystymi zbiornikami 20 ml dla \u0142atwej kontroli<\/li>\n<li data-start=\"4634\" data-end=\"4710\">Ekranem 3D, kt\u00f3ry pokazuje wszystkie wa\u017cne informacje na pierwszy rzut oka<\/li>\n<\/ul>\n<p data-start=\"4712\" data-end=\"4899\" data-is-last-node=\"\" data-is-only-node=\"\">Kto szuka mocnego, intensywnie smakuj\u0105cego i innowacyjnego do\u015bwiadczenia vapowania, wybierze <strong><a href=\"https:\/\/vapingnet.de\/pl\/nexa-ultra-50000-puffs\/\">NEXA Ultra 50K puffs<\/a><\/strong> Cherry Bomb Edition.<\/p>","protected":false},"excerpt":{"rendered":"<p>NEXA Ultra 50K Puff Einweg E-Zigarette Cherry Bomb Edition Die NEXA Ultra 50K Cherry Bomb ist eine innovative Einweg-E-Zigarette, die in Bezug auf Leistung und&#8230;<\/p>","protected":false},"featured_media":5712,"template":"","meta":[],"etheme_brands":[],"product_brand":[],"product_cat":[67,49,61],"product_tag":[],"class_list":{"0":"post-5731","1":"product","2":"type-product","3":"status-publish","4":"has-post-thumbnail","6":"product_cat-50k-vape","7":"product_cat-einweg-e-zigarette","8":"product_cat-f","10":"first","11":"outofstock","12":"shipping-taxable","13":"purchasable","14":"product-type-variable"},"yoast_head":"<!-- This site is optimized with the Yoast SEO plugin v26.5 - https:\/\/yoast.com\/wordpress\/plugins\/seo\/ -->\n<title>NEXA Ultra 50K Cherry Bomb liefert eine Explosion s\u00fc\u00dfer reifer Kirschen | Vapingnet.de<\/title>\n<meta name=\"description\" content=\"NEXA Ultra 50K Cherry Bomb bietet einen explosiven Geschmack s\u00fc\u00dfer, reifer Kirschen und macht jeden Zug zu einem aufregenden Erlebnis.\" \/>\n<meta name=\"robots\" content=\"index, follow, max-snippet:-1, max-image-preview:large, max-video-preview:-1\" \/>\n<link rel=\"canonical\" href=\"https:\/\/vapingnet.de\/pl\/vape\/nexa-ultra-50k-cherry-bomb-liefert-eine-explosion-suesser-reifer-kirschen\/\" \/>\n<meta property=\"og:locale\" content=\"pl_PL\" \/>\n<meta property=\"og:type\" content=\"article\" \/>\n<meta property=\"og:title\" content=\"NEXA Ultra 50K Cherry Bomb liefert eine Explosion s\u00fc\u00dfer reifer Kirschen | Vapingnet.de\" \/>\n<meta property=\"og:description\" content=\"NEXA Ultra 50K Cherry Bomb bietet einen explosiven Geschmack s\u00fc\u00dfer, reifer Kirschen und macht jeden Zug zu einem aufregenden Erlebnis.\" \/>\n<meta property=\"og:url\" content=\"https:\/\/vapingnet.de\/pl\/vape\/nexa-ultra-50k-cherry-bomb-liefert-eine-explosion-suesser-reifer-kirschen\/\" \/>\n<meta property=\"og:site_name\" content=\"Vapingnet.de\" \/>\n<meta property=\"article:publisher\" content=\"https:\/\/www.facebook.com\/vapingnetde\/\" \/>\n<meta property=\"article:modified_time\" content=\"2026-04-14T06:41:05+00:00\" \/>\n<meta property=\"og:image\" content=\"https:\/\/vapingnet.de\/wp-content\/uploads\/2025\/03\/50K_CHERRY_BOMB-1.png\" \/>\n\t<meta property=\"og:image:width\" content=\"1000\" \/>\n\t<meta property=\"og:image:height\" content=\"1000\" \/>\n\t<meta property=\"og:image:type\" content=\"image\/png\" \/>\n<meta name=\"twitter:card\" content=\"summary_large_image\" \/>\n<meta name=\"twitter:label1\" content=\"Est. reading time\" \/>\n\t<meta name=\"twitter:data1\" content=\"4 minutes\" \/>\n<script type=\"application\/ld+json\" class=\"yoast-schema-graph\">{\"@context\":\"https:\/\/schema.org\",\"@graph\":[{\"@type\":\"WebPage\",\"@id\":\"https:\/\/vapingnet.de\/vape\/nexa-ultra-50k-cherry-bomb-liefert-eine-explosion-suesser-reifer-kirschen\/\",\"url\":\"https:\/\/vapingnet.de\/vape\/nexa-ultra-50k-cherry-bomb-liefert-eine-explosion-suesser-reifer-kirschen\/\",\"name\":\"NEXA Ultra 50K Cherry Bomb liefert eine Explosion s\u00fc\u00dfer reifer Kirschen | Vapingnet.de\",\"isPartOf\":{\"@id\":\"https:\/\/vapingnet.de\/#website\"},\"primaryImageOfPage\":{\"@id\":\"https:\/\/vapingnet.de\/vape\/nexa-ultra-50k-cherry-bomb-liefert-eine-explosion-suesser-reifer-kirschen\/#primaryimage\"},\"image\":{\"@id\":\"https:\/\/vapingnet.de\/vape\/nexa-ultra-50k-cherry-bomb-liefert-eine-explosion-suesser-reifer-kirschen\/#primaryimage\"},\"thumbnailUrl\":\"https:\/\/vapingnet.de\/wp-content\/uploads\/2025\/03\/50K_CHERRY_BOMB-1.png\",\"datePublished\":\"2025-03-19T05:38:11+00:00\",\"dateModified\":\"2026-04-14T06:41:05+00:00\",\"description\":\"NEXA Ultra 50K Cherry Bomb bietet einen explosiven Geschmack s\u00fc\u00dfer, reifer Kirschen und macht jeden Zug zu einem aufregenden Erlebnis.\",\"breadcrumb\":{\"@id\":\"https:\/\/vapingnet.de\/vape\/nexa-ultra-50k-cherry-bomb-liefert-eine-explosion-suesser-reifer-kirschen\/#breadcrumb\"},\"inLanguage\":\"pl-PL\",\"potentialAction\":[{\"@type\":\"ReadAction\",\"target\":[\"https:\/\/vapingnet.de\/vape\/nexa-ultra-50k-cherry-bomb-liefert-eine-explosion-suesser-reifer-kirschen\/\"]}]},{\"@type\":\"ImageObject\",\"inLanguage\":\"pl-PL\",\"@id\":\"https:\/\/vapingnet.de\/vape\/nexa-ultra-50k-cherry-bomb-liefert-eine-explosion-suesser-reifer-kirschen\/#primaryimage\",\"url\":\"https:\/\/vapingnet.de\/wp-content\/uploads\/2025\/03\/50K_CHERRY_BOMB-1.png\",\"contentUrl\":\"https:\/\/vapingnet.de\/wp-content\/uploads\/2025\/03\/50K_CHERRY_BOMB-1.png\",\"width\":1000,\"height\":1000},{\"@type\":\"BreadcrumbList\",\"@id\":\"https:\/\/vapingnet.de\/vape\/nexa-ultra-50k-cherry-bomb-liefert-eine-explosion-suesser-reifer-kirschen\/#breadcrumb\",\"itemListElement\":[{\"@type\":\"ListItem\",\"position\":1,\"name\":\"Home\",\"item\":\"https:\/\/vapingnet.de\/\"},{\"@type\":\"ListItem\",\"position\":2,\"name\":\"Shop\",\"item\":\"https:\/\/vapingnet.de\/vape\/\"},{\"@type\":\"ListItem\",\"position\":3,\"name\":\"NEXA Ultra 50K Cherry Bomb liefert eine Explosion s\u00fc\u00dfer reifer Kirschen\"}]},{\"@type\":\"WebSite\",\"@id\":\"https:\/\/vapingnet.de\/#website\",\"url\":\"https:\/\/vapingnet.de\/\",\"name\":\"Vapingnet.de\",\"description\":\"\",\"publisher\":{\"@id\":\"https:\/\/vapingnet.de\/#organization\"},\"potentialAction\":[{\"@type\":\"SearchAction\",\"target\":{\"@type\":\"EntryPoint\",\"urlTemplate\":\"https:\/\/vapingnet.de\/?s={search_term_string}\"},\"query-input\":{\"@type\":\"PropertyValueSpecification\",\"valueRequired\":true,\"valueName\":\"search_term_string\"}}],\"inLanguage\":\"pl-PL\"},{\"@type\":\"Organization\",\"@id\":\"https:\/\/vapingnet.de\/#organization\",\"name\":\"Vapingnet.de\",\"url\":\"https:\/\/vapingnet.de\/\",\"logo\":{\"@type\":\"ImageObject\",\"inLanguage\":\"pl-PL\",\"@id\":\"https:\/\/vapingnet.de\/#\/schema\/logo\/image\/\",\"url\":\"https:\/\/vapingnet.de\/wp-content\/uploads\/2025\/03\/cropped-vapingnet.de_.jpg\",\"contentUrl\":\"https:\/\/vapingnet.de\/wp-content\/uploads\/2025\/03\/cropped-vapingnet.de_.jpg\",\"width\":512,\"height\":512,\"caption\":\"Vapingnet.de\"},\"image\":{\"@id\":\"https:\/\/vapingnet.de\/#\/schema\/logo\/image\/\"},\"sameAs\":[\"https:\/\/www.facebook.com\/vapingnetde\/\"]}]}<\/script>\n<!-- \/ Yoast SEO plugin. -->","yoast_head_json":{"title":"NEXA Ultra 50K Cherry Bomb liefert eine Explosion s\u00fc\u00dfer reifer Kirschen | Vapingnet.de","description":"NEXA Ultra 50K Cherry Bomb bietet einen explosiven Geschmack s\u00fc\u00dfer, reifer Kirschen und macht jeden Zug zu einem aufregenden Erlebnis.","robots":{"index":"index","follow":"follow","max-snippet":"max-snippet:-1","max-image-preview":"max-image-preview:large","max-video-preview":"max-video-preview:-1"},"canonical":"https:\/\/vapingnet.de\/pl\/vape\/nexa-ultra-50k-cherry-bomb-liefert-eine-explosion-suesser-reifer-kirschen\/","og_locale":"pl_PL","og_type":"article","og_title":"NEXA Ultra 50K Cherry Bomb liefert eine Explosion s\u00fc\u00dfer reifer Kirschen | Vapingnet.de","og_description":"NEXA Ultra 50K Cherry Bomb bietet einen explosiven Geschmack s\u00fc\u00dfer, reifer Kirschen und macht jeden Zug zu einem aufregenden Erlebnis.","og_url":"https:\/\/vapingnet.de\/pl\/vape\/nexa-ultra-50k-cherry-bomb-liefert-eine-explosion-suesser-reifer-kirschen\/","og_site_name":"Vapingnet.de","article_publisher":"https:\/\/www.facebook.com\/vapingnetde\/","article_modified_time":"2026-04-14T06:41:05+00:00","og_image":[{"width":1000,"height":1000,"url":"https:\/\/vapingnet.de\/wp-content\/uploads\/2025\/03\/50K_CHERRY_BOMB-1.png","type":"image\/png"}],"twitter_card":"summary_large_image","twitter_misc":{"Est. reading time":"4 minutes"},"schema":{"@context":"https:\/\/schema.org","@graph":[{"@type":"WebPage","@id":"https:\/\/vapingnet.de\/vape\/nexa-ultra-50k-cherry-bomb-liefert-eine-explosion-suesser-reifer-kirschen\/","url":"https:\/\/vapingnet.de\/vape\/nexa-ultra-50k-cherry-bomb-liefert-eine-explosion-suesser-reifer-kirschen\/","name":"NEXA Ultra 50K Cherry Bomb liefert eine Explosion s\u00fc\u00dfer reifer Kirschen | Vapingnet.de","isPartOf":{"@id":"https:\/\/vapingnet.de\/#website"},"primaryImageOfPage":{"@id":"https:\/\/vapingnet.de\/vape\/nexa-ultra-50k-cherry-bomb-liefert-eine-explosion-suesser-reifer-kirschen\/#primaryimage"},"image":{"@id":"https:\/\/vapingnet.de\/vape\/nexa-ultra-50k-cherry-bomb-liefert-eine-explosion-suesser-reifer-kirschen\/#primaryimage"},"thumbnailUrl":"https:\/\/vapingnet.de\/wp-content\/uploads\/2025\/03\/50K_CHERRY_BOMB-1.png","datePublished":"2025-03-19T05:38:11+00:00","dateModified":"2026-04-14T06:41:05+00:00","description":"NEXA Ultra 50K Cherry Bomb bietet einen explosiven Geschmack s\u00fc\u00dfer, reifer Kirschen und macht jeden Zug zu einem aufregenden Erlebnis.","breadcrumb":{"@id":"https:\/\/vapingnet.de\/vape\/nexa-ultra-50k-cherry-bomb-liefert-eine-explosion-suesser-reifer-kirschen\/#breadcrumb"},"inLanguage":"pl-PL","potentialAction":[{"@type":"ReadAction","target":["https:\/\/vapingnet.de\/vape\/nexa-ultra-50k-cherry-bomb-liefert-eine-explosion-suesser-reifer-kirschen\/"]}]},{"@type":"ImageObject","inLanguage":"pl-PL","@id":"https:\/\/vapingnet.de\/vape\/nexa-ultra-50k-cherry-bomb-liefert-eine-explosion-suesser-reifer-kirschen\/#primaryimage","url":"https:\/\/vapingnet.de\/wp-content\/uploads\/2025\/03\/50K_CHERRY_BOMB-1.png","contentUrl":"https:\/\/vapingnet.de\/wp-content\/uploads\/2025\/03\/50K_CHERRY_BOMB-1.png","width":1000,"height":1000},{"@type":"BreadcrumbList","@id":"https:\/\/vapingnet.de\/vape\/nexa-ultra-50k-cherry-bomb-liefert-eine-explosion-suesser-reifer-kirschen\/#breadcrumb","itemListElement":[{"@type":"ListItem","position":1,"name":"Home","item":"https:\/\/vapingnet.de\/"},{"@type":"ListItem","position":2,"name":"Shop","item":"https:\/\/vapingnet.de\/vape\/"},{"@type":"ListItem","position":3,"name":"NEXA Ultra 50K Cherry Bomb liefert eine Explosion s\u00fc\u00dfer reifer Kirschen"}]},{"@type":"WebSite","@id":"https:\/\/vapingnet.de\/#website","url":"https:\/\/vapingnet.de\/","name":"Vapingnet.de","description":"","publisher":{"@id":"https:\/\/vapingnet.de\/#organization"},"potentialAction":[{"@type":"SearchAction","target":{"@type":"EntryPoint","urlTemplate":"https:\/\/vapingnet.de\/?s={search_term_string}"},"query-input":{"@type":"PropertyValueSpecification","valueRequired":true,"valueName":"search_term_string"}}],"inLanguage":"pl-PL"},{"@type":"Organization","@id":"https:\/\/vapingnet.de\/#organization","name":"Vapingnet.de","url":"https:\/\/vapingnet.de\/","logo":{"@type":"ImageObject","inLanguage":"pl-PL","@id":"https:\/\/vapingnet.de\/#\/schema\/logo\/image\/","url":"https:\/\/vapingnet.de\/wp-content\/uploads\/2025\/03\/cropped-vapingnet.de_.jpg","contentUrl":"https:\/\/vapingnet.de\/wp-content\/uploads\/2025\/03\/cropped-vapingnet.de_.jpg","width":512,"height":512,"caption":"Vapingnet.de"},"image":{"@id":"https:\/\/vapingnet.de\/#\/schema\/logo\/image\/"},"sameAs":["https:\/\/www.facebook.com\/vapingnetde\/"]}]}},"tiered_pricing_type":"fixed","tiered_pricing_fixed_rules":[],"tiered_pricing_product_settings":{"layout":"default","base_unit_name":{"singular":null,"plural":null},"default_variation":null},"tiered_pricing_minimum_quantity":null,"tiered_pricing_roles_data":[],"tiered_pricing_percentage_rules":[],"_links":{"self":[{"href":"https:\/\/vapingnet.de\/pl\/wp-json\/wp\/v2\/product\/5731","targetHints":{"allow":["GET"]}}],"collection":[{"href":"https:\/\/vapingnet.de\/pl\/wp-json\/wp\/v2\/product"}],"about":[{"href":"https:\/\/vapingnet.de\/pl\/wp-json\/wp\/v2\/types\/product"}],"version-history":[{"count":3,"href":"https:\/\/vapingnet.de\/pl\/wp-json\/wp\/v2\/product\/5731\/revisions"}],"predecessor-version":[{"id":5760,"href":"https:\/\/vapingnet.de\/pl\/wp-json\/wp\/v2\/product\/5731\/revisions\/5760"}],"wp:featuredmedia":[{"embeddable":true,"href":"https:\/\/vapingnet.de\/pl\/wp-json\/wp\/v2\/media\/5712"}],"wp:attachment":[{"href":"https:\/\/vapingnet.de\/pl\/wp-json\/wp\/v2\/media?parent=5731"}],"wp:term":[{"taxonomy":"brand","embeddable":true,"href":"https:\/\/vapingnet.de\/pl\/wp-json\/wp\/v2\/etheme_brands?post=5731"},{"taxonomy":"product_brand","embeddable":true,"href":"https:\/\/vapingnet.de\/pl\/wp-json\/wp\/v2\/product_brand?post=5731"},{"taxonomy":"product_cat","embeddable":true,"href":"https:\/\/vapingnet.de\/pl\/wp-json\/wp\/v2\/product_cat?post=5731"},{"taxonomy":"product_tag","embeddable":true,"href":"https:\/\/vapingnet.de\/pl\/wp-json\/wp\/v2\/product_tag?post=5731"}],"curies":[{"name":"wp","href":"https:\/\/api.w.org\/{rel}","templated":true}]}}