{"id":5737,"date":"2025-03-19T05:38:17","date_gmt":"2025-03-19T05:38:17","guid":{"rendered":"https:\/\/vapingnet.de\/?post_type=product&#038;p=5737"},"modified":"2026-04-14T06:41:05","modified_gmt":"2026-04-14T06:41:05","slug":"der-nexa-ultra-50k-mit-georgia-peach-ice-liefert-50000-zuege-spitzentechnologie-und-vollen-geschmack","status":"publish","type":"product","link":"https:\/\/vapingnet.de\/pl\/vape\/der-nexa-ultra-50k-mit-georgia-peach-ice-liefert-50000-zuege-spitzentechnologie-und-vollen-geschmack\/","title":{"rendered":"NEXA Ultra 50K z Georgia Peach Ice dostarcza 50000 zaci\u0105gni\u0119\u0107, najnowsza technologia i pe\u0142ny smak"},"content":{"rendered":"<h2 data-start=\"0\" data-end=\"96\">NEXA Ultra 50K Puff Jednorazowa E-papieros Georgia Peach Ice Rewolucyjna wydajno\u015b\u0107 dla wymagaj\u0105cych palaczy<\/h2>\n<p data-start=\"98\" data-end=\"470\">Witamy w przysz\u0142o\u015bci vapingu \u2013 dzi\u0119ki NEXA Ultra 50K Puff Jednorazowy E-papieros osi\u0105ga si\u0119 zupe\u0142nie nowy poziom wydajno\u015bci i przyjemno\u015bci. Ten nowoczesny e-papieros \u0142\u0105czy imponuj\u0105c\u0105 technologi\u0119 z przyjaznym dla u\u017cytkownika designem i zosta\u0142 specjalnie opracowany dla palaczy ceni\u0105cych jako\u015b\u0107, trwa\u0142o\u015b\u0107 i intensywny smak.<\/p>\n<h3 data-start=\"472\" data-end=\"528\">Maksymalna wydajno\u015b\u0107 dla niezr\u00f3wnanej przyjemno\u015bci<\/h3>\n<p data-start=\"529\" data-end=\"882\">NEXA Ultra wyznacza nowe standardy dzi\u0119ki niezwyk\u0142ej pojemno\u015bci na chmur\u0119 do <strong><a href=\"https:\/\/vapingnet.de\/pl\/k\/50k-vape\/\">50k vape<\/a><\/strong> \u2013 rzadko\u015bci na rynku <strong><a href=\"https:\/\/vapingnet.de\/pl\/k\/einweg-e-zigarette\/\">Jednorazowe e-papierosy<\/a><\/strong>. Zapewnia to wyj\u0105tkow\u0105 trwa\u0142o\u015b\u0107 i jest idealny dla palaczy poszukuj\u0105cych d\u0142ugotrwa\u0142ego do\u015bwiadczenia bez konieczno\u015bci ci\u0105g\u0142ego kupowania nowego urz\u0105dzenia.<\/p>\n<p data-start=\"884\" data-end=\"986\">Dla tych, kt\u00f3rzy lubi\u0105 jeszcze intensywniejsze doznania, NEXA Ultra oferuje dwa r\u00f3\u017cne tryby vapingu:<\/p>\n<ul data-start=\"987\" data-end=\"1362\">\n<li data-start=\"987\" data-end=\"1136\">Tryb Normalny (50K Puff\u00f3w) \u2013 idealny do r\u00f3wnomiernego, d\u0142ugotrwa\u0142ego u\u017cytkowania z zoptymalizowan\u0105 \u017cywotno\u015bci\u0105 baterii i \u0142agodnym rozwojem smaku.<\/li>\n<li data-start=\"1137\" data-end=\"1362\">Tryb Turbo (30K Puff\u00f3w) \u2013 dla tych, kt\u00f3rzy chc\u0105 cieszy\u0107 si\u0119 maksymaln\u0105 wydajno\u015bci\u0105 w kr\u00f3tszym czasie. Ten tryb zapewnia wi\u0119ksz\u0105 produkcj\u0119 pary i intensywniejszy smak kosztem nieco mniejszej liczby chmur.<\/li>\n<\/ul>\n<p data-start=\"1364\" data-end=\"1532\">Technologia dualnego trybu zapewnia maksymaln\u0105 elastyczno\u015b\u0107 i czyni NEXA Ultra idealnym wyborem dla tych, kt\u00f3rzy chc\u0105 dostosowa\u0107 swoje do\u015bwiadczenie vapingu wed\u0142ug w\u0142asnych preferencji.<\/p>\n<h3 data-start=\"1534\" data-end=\"1594\">Przezroczysty zbiornik kryszta\u0142owy \u2013 widzisz, co vapujesz<\/h3>\n<p data-start=\"1595\" data-end=\"1892\">Jednym z najbardziej innowacyjnych aspekt\u00f3w NEXA Ultra jest jej widoczny zbiornik na e-liquid o pojemno\u015bci 20 ml. Ten przezroczysty design z kryszta\u0142u pozwala u\u017cytkownikowi na bie\u017c\u0105co monitorowa\u0107 poziom liquidu, eliminuj\u0105c niespodzianki zwi\u0105zane z nag\u0142ym wyczerpaniem si\u0119 urz\u0105dzenia.<\/p>\n<p data-start=\"1894\" data-end=\"2079\">Wysokiej jako\u015bci design zbiornika z kryszta\u0142u nie tylko wygl\u0105da elegancko, ale tak\u017ce zapewnia r\u00f3wnomierne rozprowadzanie liquidu i sta\u0142e do\u015bwiadczenie vapingu od pocz\u0105tku do ko\u0144ca.<\/p>\n<h3 data-start=\"2081\" data-end=\"2133\">Unikalny smak: Georgia Peach Ice<\/h3>\n<p data-start=\"2134\" data-end=\"2502\">NEXA Ultra 50K o smaku Georgia Peach Ice wnosi odrobin\u0119 atmosfery po\u0142udniowych stan\u00f3w prosto do Twojego vapingu. Intensywny smak soczystych, dojrza\u0142ych na s\u0142o\u0144cu brzoskwi\u0144 \u0142\u0105czy si\u0119 z przyjemnym ch\u0142odem \u015bwie\u017cego mentolu, zapewniaj\u0105c unikalne doznania. Idealny dla tych, kt\u00f3rzy kochaj\u0105 owocowe aromaty z nut\u0105 od\u015bwie\u017cenia.<\/p>\n<p data-start=\"2504\" data-end=\"2729\">Wysokiej jako\u015bci formu\u0142a liquidu z 5% nikotyny zapewnia mocne, ale przyjemne dzia\u0142anie nikotyny \u2013 idealne dla os\u00f3b przechodz\u0105cych z tradycyjnych papieros\u00f3w i do\u015bwiadczonych palaczy szukaj\u0105cych intensywnego, ale zr\u00f3wnowa\u017conego smaku.<\/p>\n<h3 data-start=\"2731\" data-end=\"2791\">Zaawansowana technologia z wy\u015bwietlaczem 3D-curved<\/h3>\n<p data-start=\"2792\" data-end=\"3051\">Kolejnym atutem NEXA Ultra jest nowoczesny wy\u015bwietlacz 3D-curved. Ten wysokiej jako\u015bci ekran prezentuje wszystkie istotne informacje na pierwszy rzut oka, w tym poziom na\u0142adowania baterii i poziom liquidu. U\u017cytkownicy maj\u0105 pe\u0142n\u0105 kontrol\u0119 nad swoim urz\u0105dzeniem.<\/p>\n<p data-start=\"3053\" data-end=\"3303\">Elegancki zakrzywiony design szk\u0142a nie tylko zapewnia futurystyczn\u0105 estetyk\u0119, ale tak\u017ce wygodne u\u017cytkowanie. Ten design wyra\u017anie odr\u00f3\u017cnia NEXA Ultra od tradycyjnych jednorazowych e-papieros\u00f3w i podkre\u015bla jej charakter premium.<\/p>\n<h3 data-start=\"3305\" data-end=\"3360\">Wydajny akumulator z funkcj\u0105 szybkiego \u0142adowania<\/h3>\n<p data-start=\"3361\" data-end=\"3617\">Pomimo swojej ogromnej pojemno\u015bci na chmurki, NEXA Ultra wyposa\u017cona jest w wydajny akumulator o pojemno\u015bci 800 mAh, kt\u00f3ry mo\u017cna na\u0142adowa\u0107 szybkim \u0142adowaniem USB-C. Nie trzeba d\u0142ugo czeka\u0107 \u2013 wystarczy na\u0142adowa\u0107 i kontynuowa\u0107 vapowanie.<\/p>\n<p data-start=\"3619\" data-end=\"3818\">Po\u0142\u0105czenie energooszcz\u0119dnego designu i nowoczesnej technologii uk\u0142ad\u00f3w scalonych zapewnia d\u0142ug\u0105 \u017cywotno\u015b\u0107 baterii i stabiln\u0105 wydajno\u015b\u0107, niezale\u017cnie od trybu normalnego czy turbo.<\/p>\n<h3 data-start=\"3820\" data-end=\"3874\">Prosta obs\u0142uga \u2013 idealna na co dzie\u0144<\/h3>\n<p data-start=\"3875\" data-end=\"4129\">Jak przysta\u0142o na nowoczesnego jednorazowego e-papierosa, NEXA Ultra jest aktywowana przez wci\u0105gni\u0119cie, tzn. nie wymaga przycisku do uruchomienia. Wystarczy wci\u0105gn\u0105\u0107 i cieszy\u0107 si\u0119 smakiem \u2013 to w\u0142a\u015bnie czyni t\u0119 e-papieros szczeg\u00f3lnie wygodnym i przyjaznym dla pocz\u0105tkuj\u0105cych.<\/p>\n<p data-start=\"4131\" data-end=\"4264\">Kompaktowa, ale jednocze\u015bnie stylowa konstrukcja sprawia, \u017ce jest idealna na podr\u00f3\u017c, nie rezygnuj\u0105c z wydajno\u015bci czy smaku.<\/p>\n<h3 data-start=\"4266\" data-end=\"4324\">Praktyczne opakowanie dla cz\u0119stych u\u017cytkownik\u00f3w i sprzedawc\u00f3w<\/h3>\n<p data-start=\"4325\" data-end=\"4543\">The <strong><a href=\"https:\/\/vapingnet.de\/pl\/nexa-ultra-50000-puffs\/\">NEXA Ultra 50K Puff<\/a><\/strong> dost\u0119pny w pude\u0142ku z 5 sztukami \u2013 idealny na w\u0142asny zapas lub dla sprzedawc\u00f3w, kt\u00f3rzy chc\u0105 zaoferowa\u0107 swoim klientom produkt premium o wyj\u0105tkowej trwa\u0142o\u015bci.<\/p>\n<h3>Dlaczego NEXA Ultra 50K to przysz\u0142o\u015b\u0107 jednorazowych e-papieros\u00f3w<\/h3>\n<p data-start=\"4628\" data-end=\"4871\">Dzi\u0119ki imponuj\u0105cej pojemno\u015bci 50 000 chmurek, innowacyjnemu zbiornikowi kryszta\u0142owemu, dw\u00f3m trybom wydajno\u015bci, wysokiej jako\u015bci wy\u015bwietlaczowi 3D i mocnej baterii, NEXA Ultra wyznacza nowe standardy w \u015bwiecie jednorazowych vap\u00f3w.<\/p>\n<p data-start=\"4873\" data-end=\"5161\">Smak Georgia Peach Ice zapewnia orze\u017awiaj\u0105ce, owocowe doznania, kt\u00f3re zamienia ka\u017cdy wdech w przyjemno\u015b\u0107. Niezale\u017cnie od tego, czy jeste\u015b do\u015bwiadczonym vapem, czy nowicjuszem \u2013 ta e-papieros przekonuje na ka\u017cdym kroku i oferuje to, co najlepsze na rynku.<\/p>\n<p data-start=\"5163\" data-end=\"5376\" data-is-last-node=\"\" data-is-only-node=\"\">Z NEXA Ultra 50K Puff jednorazowym e-papierosem do\u015bwiadczysz vapowania w zupe\u0142nie nowym wymiarze. Ci, kt\u00f3rzy stawiaj\u0105 na najwy\u017csz\u0105 jako\u015b\u0107, najnowsz\u0105 technologi\u0119 i maksymalny smak, nie mog\u0105 przej\u015b\u0107 oboj\u0119tnie obok tego urz\u0105dzenia.<\/p>","protected":false},"excerpt":{"rendered":"<p>NEXA Ultra 50K Puff Einweg E-Zigarette Georgia Peach lce Revolution\u00e4re Leistung f\u00fcr anspruchsvolle Dampfer Willkommen in der Zukunft des Dampfens \u2013 mit der NEXA Ultra&#8230;<\/p>","protected":false},"featured_media":5715,"template":"","meta":[],"etheme_brands":[],"product_brand":[],"product_cat":[67,49,61],"product_tag":[],"class_list":{"0":"post-5737","1":"product","2":"type-product","3":"status-publish","4":"has-post-thumbnail","6":"product_cat-50k-vape","7":"product_cat-einweg-e-zigarette","8":"product_cat-f","10":"first","11":"outofstock","12":"shipping-taxable","13":"purchasable","14":"product-type-variable"},"yoast_head":"<!-- This site is optimized with the Yoast SEO plugin v26.5 - https:\/\/yoast.com\/wordpress\/plugins\/seo\/ -->\n<title>Der NEXA Ultra 50K mit Georgia Peach Ice liefert 50000 Z\u00fcge Spitzentechnologie und vollen Geschmack | Vapingnet.de<\/title>\n<meta name=\"description\" content=\"Die NEXA Ultra 50K mit Georgia Peach Ice bietet 50.000 Z\u00fcge, 20 ml Kristalltank, 800 mAh Akku &amp; 3D-Display \u2013 High-Tech &amp; intensiver Geschmack!\" \/>\n<meta name=\"robots\" content=\"index, follow, max-snippet:-1, max-image-preview:large, max-video-preview:-1\" \/>\n<link rel=\"canonical\" href=\"https:\/\/vapingnet.de\/pl\/vape\/der-nexa-ultra-50k-mit-georgia-peach-ice-liefert-50000-zuege-spitzentechnologie-und-vollen-geschmack\/\" \/>\n<meta property=\"og:locale\" content=\"pl_PL\" \/>\n<meta property=\"og:type\" content=\"article\" \/>\n<meta property=\"og:title\" content=\"Der NEXA Ultra 50K mit Georgia Peach Ice liefert 50000 Z\u00fcge Spitzentechnologie und vollen Geschmack | Vapingnet.de\" \/>\n<meta property=\"og:description\" content=\"Die NEXA Ultra 50K mit Georgia Peach Ice bietet 50.000 Z\u00fcge, 20 ml Kristalltank, 800 mAh Akku &amp; 3D-Display \u2013 High-Tech &amp; intensiver Geschmack!\" \/>\n<meta property=\"og:url\" content=\"https:\/\/vapingnet.de\/pl\/vape\/der-nexa-ultra-50k-mit-georgia-peach-ice-liefert-50000-zuege-spitzentechnologie-und-vollen-geschmack\/\" \/>\n<meta property=\"og:site_name\" content=\"Vapingnet.de\" \/>\n<meta property=\"article:publisher\" content=\"https:\/\/www.facebook.com\/vapingnetde\/\" \/>\n<meta property=\"article:modified_time\" content=\"2026-04-14T06:41:05+00:00\" \/>\n<meta property=\"og:image\" content=\"https:\/\/vapingnet.de\/wp-content\/uploads\/2025\/03\/50K_GEORGIA_PEACH_ICE-1.png\" \/>\n\t<meta property=\"og:image:width\" content=\"1000\" \/>\n\t<meta property=\"og:image:height\" content=\"1000\" \/>\n\t<meta property=\"og:image:type\" content=\"image\/png\" \/>\n<meta name=\"twitter:card\" content=\"summary_large_image\" \/>\n<meta name=\"twitter:label1\" content=\"Est. reading time\" \/>\n\t<meta name=\"twitter:data1\" content=\"5 minutes\" \/>\n<script type=\"application\/ld+json\" class=\"yoast-schema-graph\">{\"@context\":\"https:\/\/schema.org\",\"@graph\":[{\"@type\":\"WebPage\",\"@id\":\"https:\/\/vapingnet.de\/vape\/der-nexa-ultra-50k-mit-georgia-peach-ice-liefert-50000-zuege-spitzentechnologie-und-vollen-geschmack\/\",\"url\":\"https:\/\/vapingnet.de\/vape\/der-nexa-ultra-50k-mit-georgia-peach-ice-liefert-50000-zuege-spitzentechnologie-und-vollen-geschmack\/\",\"name\":\"Der NEXA Ultra 50K mit Georgia Peach Ice liefert 50000 Z\u00fcge Spitzentechnologie und vollen Geschmack | Vapingnet.de\",\"isPartOf\":{\"@id\":\"https:\/\/vapingnet.de\/#website\"},\"primaryImageOfPage\":{\"@id\":\"https:\/\/vapingnet.de\/vape\/der-nexa-ultra-50k-mit-georgia-peach-ice-liefert-50000-zuege-spitzentechnologie-und-vollen-geschmack\/#primaryimage\"},\"image\":{\"@id\":\"https:\/\/vapingnet.de\/vape\/der-nexa-ultra-50k-mit-georgia-peach-ice-liefert-50000-zuege-spitzentechnologie-und-vollen-geschmack\/#primaryimage\"},\"thumbnailUrl\":\"https:\/\/vapingnet.de\/wp-content\/uploads\/2025\/03\/50K_GEORGIA_PEACH_ICE-1.png\",\"datePublished\":\"2025-03-19T05:38:17+00:00\",\"dateModified\":\"2026-04-14T06:41:05+00:00\",\"description\":\"Die NEXA Ultra 50K mit Georgia Peach Ice bietet 50.000 Z\u00fcge, 20 ml Kristalltank, 800 mAh Akku & 3D-Display \u2013 High-Tech & intensiver Geschmack!\",\"breadcrumb\":{\"@id\":\"https:\/\/vapingnet.de\/vape\/der-nexa-ultra-50k-mit-georgia-peach-ice-liefert-50000-zuege-spitzentechnologie-und-vollen-geschmack\/#breadcrumb\"},\"inLanguage\":\"pl-PL\",\"potentialAction\":[{\"@type\":\"ReadAction\",\"target\":[\"https:\/\/vapingnet.de\/vape\/der-nexa-ultra-50k-mit-georgia-peach-ice-liefert-50000-zuege-spitzentechnologie-und-vollen-geschmack\/\"]}]},{\"@type\":\"ImageObject\",\"inLanguage\":\"pl-PL\",\"@id\":\"https:\/\/vapingnet.de\/vape\/der-nexa-ultra-50k-mit-georgia-peach-ice-liefert-50000-zuege-spitzentechnologie-und-vollen-geschmack\/#primaryimage\",\"url\":\"https:\/\/vapingnet.de\/wp-content\/uploads\/2025\/03\/50K_GEORGIA_PEACH_ICE-1.png\",\"contentUrl\":\"https:\/\/vapingnet.de\/wp-content\/uploads\/2025\/03\/50K_GEORGIA_PEACH_ICE-1.png\",\"width\":1000,\"height\":1000},{\"@type\":\"BreadcrumbList\",\"@id\":\"https:\/\/vapingnet.de\/vape\/der-nexa-ultra-50k-mit-georgia-peach-ice-liefert-50000-zuege-spitzentechnologie-und-vollen-geschmack\/#breadcrumb\",\"itemListElement\":[{\"@type\":\"ListItem\",\"position\":1,\"name\":\"Home\",\"item\":\"https:\/\/vapingnet.de\/\"},{\"@type\":\"ListItem\",\"position\":2,\"name\":\"Shop\",\"item\":\"https:\/\/vapingnet.de\/vape\/\"},{\"@type\":\"ListItem\",\"position\":3,\"name\":\"Der NEXA Ultra 50K mit Georgia Peach Ice liefert 50000 Z\u00fcge Spitzentechnologie und vollen Geschmack\"}]},{\"@type\":\"WebSite\",\"@id\":\"https:\/\/vapingnet.de\/#website\",\"url\":\"https:\/\/vapingnet.de\/\",\"name\":\"Vapingnet.de\",\"description\":\"\",\"publisher\":{\"@id\":\"https:\/\/vapingnet.de\/#organization\"},\"potentialAction\":[{\"@type\":\"SearchAction\",\"target\":{\"@type\":\"EntryPoint\",\"urlTemplate\":\"https:\/\/vapingnet.de\/?s={search_term_string}\"},\"query-input\":{\"@type\":\"PropertyValueSpecification\",\"valueRequired\":true,\"valueName\":\"search_term_string\"}}],\"inLanguage\":\"pl-PL\"},{\"@type\":\"Organization\",\"@id\":\"https:\/\/vapingnet.de\/#organization\",\"name\":\"Vapingnet.de\",\"url\":\"https:\/\/vapingnet.de\/\",\"logo\":{\"@type\":\"ImageObject\",\"inLanguage\":\"pl-PL\",\"@id\":\"https:\/\/vapingnet.de\/#\/schema\/logo\/image\/\",\"url\":\"https:\/\/vapingnet.de\/wp-content\/uploads\/2025\/03\/cropped-vapingnet.de_.jpg\",\"contentUrl\":\"https:\/\/vapingnet.de\/wp-content\/uploads\/2025\/03\/cropped-vapingnet.de_.jpg\",\"width\":512,\"height\":512,\"caption\":\"Vapingnet.de\"},\"image\":{\"@id\":\"https:\/\/vapingnet.de\/#\/schema\/logo\/image\/\"},\"sameAs\":[\"https:\/\/www.facebook.com\/vapingnetde\/\"]}]}<\/script>\n<!-- \/ Yoast SEO plugin. -->","yoast_head_json":{"title":"Der NEXA Ultra 50K mit Georgia Peach Ice liefert 50000 Z\u00fcge Spitzentechnologie und vollen Geschmack | Vapingnet.de","description":"Die NEXA Ultra 50K mit Georgia Peach Ice bietet 50.000 Z\u00fcge, 20 ml Kristalltank, 800 mAh Akku & 3D-Display \u2013 High-Tech & intensiver Geschmack!","robots":{"index":"index","follow":"follow","max-snippet":"max-snippet:-1","max-image-preview":"max-image-preview:large","max-video-preview":"max-video-preview:-1"},"canonical":"https:\/\/vapingnet.de\/pl\/vape\/der-nexa-ultra-50k-mit-georgia-peach-ice-liefert-50000-zuege-spitzentechnologie-und-vollen-geschmack\/","og_locale":"pl_PL","og_type":"article","og_title":"Der NEXA Ultra 50K mit Georgia Peach Ice liefert 50000 Z\u00fcge Spitzentechnologie und vollen Geschmack | Vapingnet.de","og_description":"Die NEXA Ultra 50K mit Georgia Peach Ice bietet 50.000 Z\u00fcge, 20 ml Kristalltank, 800 mAh Akku & 3D-Display \u2013 High-Tech & intensiver Geschmack!","og_url":"https:\/\/vapingnet.de\/pl\/vape\/der-nexa-ultra-50k-mit-georgia-peach-ice-liefert-50000-zuege-spitzentechnologie-und-vollen-geschmack\/","og_site_name":"Vapingnet.de","article_publisher":"https:\/\/www.facebook.com\/vapingnetde\/","article_modified_time":"2026-04-14T06:41:05+00:00","og_image":[{"width":1000,"height":1000,"url":"https:\/\/vapingnet.de\/wp-content\/uploads\/2025\/03\/50K_GEORGIA_PEACH_ICE-1.png","type":"image\/png"}],"twitter_card":"summary_large_image","twitter_misc":{"Est. reading time":"5 minutes"},"schema":{"@context":"https:\/\/schema.org","@graph":[{"@type":"WebPage","@id":"https:\/\/vapingnet.de\/vape\/der-nexa-ultra-50k-mit-georgia-peach-ice-liefert-50000-zuege-spitzentechnologie-und-vollen-geschmack\/","url":"https:\/\/vapingnet.de\/vape\/der-nexa-ultra-50k-mit-georgia-peach-ice-liefert-50000-zuege-spitzentechnologie-und-vollen-geschmack\/","name":"Der NEXA Ultra 50K mit Georgia Peach Ice liefert 50000 Z\u00fcge Spitzentechnologie und vollen Geschmack | Vapingnet.de","isPartOf":{"@id":"https:\/\/vapingnet.de\/#website"},"primaryImageOfPage":{"@id":"https:\/\/vapingnet.de\/vape\/der-nexa-ultra-50k-mit-georgia-peach-ice-liefert-50000-zuege-spitzentechnologie-und-vollen-geschmack\/#primaryimage"},"image":{"@id":"https:\/\/vapingnet.de\/vape\/der-nexa-ultra-50k-mit-georgia-peach-ice-liefert-50000-zuege-spitzentechnologie-und-vollen-geschmack\/#primaryimage"},"thumbnailUrl":"https:\/\/vapingnet.de\/wp-content\/uploads\/2025\/03\/50K_GEORGIA_PEACH_ICE-1.png","datePublished":"2025-03-19T05:38:17+00:00","dateModified":"2026-04-14T06:41:05+00:00","description":"Die NEXA Ultra 50K mit Georgia Peach Ice bietet 50.000 Z\u00fcge, 20 ml Kristalltank, 800 mAh Akku & 3D-Display \u2013 High-Tech & intensiver Geschmack!","breadcrumb":{"@id":"https:\/\/vapingnet.de\/vape\/der-nexa-ultra-50k-mit-georgia-peach-ice-liefert-50000-zuege-spitzentechnologie-und-vollen-geschmack\/#breadcrumb"},"inLanguage":"pl-PL","potentialAction":[{"@type":"ReadAction","target":["https:\/\/vapingnet.de\/vape\/der-nexa-ultra-50k-mit-georgia-peach-ice-liefert-50000-zuege-spitzentechnologie-und-vollen-geschmack\/"]}]},{"@type":"ImageObject","inLanguage":"pl-PL","@id":"https:\/\/vapingnet.de\/vape\/der-nexa-ultra-50k-mit-georgia-peach-ice-liefert-50000-zuege-spitzentechnologie-und-vollen-geschmack\/#primaryimage","url":"https:\/\/vapingnet.de\/wp-content\/uploads\/2025\/03\/50K_GEORGIA_PEACH_ICE-1.png","contentUrl":"https:\/\/vapingnet.de\/wp-content\/uploads\/2025\/03\/50K_GEORGIA_PEACH_ICE-1.png","width":1000,"height":1000},{"@type":"BreadcrumbList","@id":"https:\/\/vapingnet.de\/vape\/der-nexa-ultra-50k-mit-georgia-peach-ice-liefert-50000-zuege-spitzentechnologie-und-vollen-geschmack\/#breadcrumb","itemListElement":[{"@type":"ListItem","position":1,"name":"Home","item":"https:\/\/vapingnet.de\/"},{"@type":"ListItem","position":2,"name":"Shop","item":"https:\/\/vapingnet.de\/vape\/"},{"@type":"ListItem","position":3,"name":"Der NEXA Ultra 50K mit Georgia Peach Ice liefert 50000 Z\u00fcge Spitzentechnologie und vollen Geschmack"}]},{"@type":"WebSite","@id":"https:\/\/vapingnet.de\/#website","url":"https:\/\/vapingnet.de\/","name":"Vapingnet.de","description":"","publisher":{"@id":"https:\/\/vapingnet.de\/#organization"},"potentialAction":[{"@type":"SearchAction","target":{"@type":"EntryPoint","urlTemplate":"https:\/\/vapingnet.de\/?s={search_term_string}"},"query-input":{"@type":"PropertyValueSpecification","valueRequired":true,"valueName":"search_term_string"}}],"inLanguage":"pl-PL"},{"@type":"Organization","@id":"https:\/\/vapingnet.de\/#organization","name":"Vapingnet.de","url":"https:\/\/vapingnet.de\/","logo":{"@type":"ImageObject","inLanguage":"pl-PL","@id":"https:\/\/vapingnet.de\/#\/schema\/logo\/image\/","url":"https:\/\/vapingnet.de\/wp-content\/uploads\/2025\/03\/cropped-vapingnet.de_.jpg","contentUrl":"https:\/\/vapingnet.de\/wp-content\/uploads\/2025\/03\/cropped-vapingnet.de_.jpg","width":512,"height":512,"caption":"Vapingnet.de"},"image":{"@id":"https:\/\/vapingnet.de\/#\/schema\/logo\/image\/"},"sameAs":["https:\/\/www.facebook.com\/vapingnetde\/"]}]}},"tiered_pricing_type":"fixed","tiered_pricing_fixed_rules":[],"tiered_pricing_product_settings":{"layout":"default","base_unit_name":{"singular":null,"plural":null},"default_variation":null},"tiered_pricing_minimum_quantity":null,"tiered_pricing_roles_data":[],"tiered_pricing_percentage_rules":[],"_links":{"self":[{"href":"https:\/\/vapingnet.de\/pl\/wp-json\/wp\/v2\/product\/5737","targetHints":{"allow":["GET"]}}],"collection":[{"href":"https:\/\/vapingnet.de\/pl\/wp-json\/wp\/v2\/product"}],"about":[{"href":"https:\/\/vapingnet.de\/pl\/wp-json\/wp\/v2\/types\/product"}],"version-history":[{"count":1,"href":"https:\/\/vapingnet.de\/pl\/wp-json\/wp\/v2\/product\/5737\/revisions"}],"predecessor-version":[{"id":5764,"href":"https:\/\/vapingnet.de\/pl\/wp-json\/wp\/v2\/product\/5737\/revisions\/5764"}],"wp:featuredmedia":[{"embeddable":true,"href":"https:\/\/vapingnet.de\/pl\/wp-json\/wp\/v2\/media\/5715"}],"wp:attachment":[{"href":"https:\/\/vapingnet.de\/pl\/wp-json\/wp\/v2\/media?parent=5737"}],"wp:term":[{"taxonomy":"brand","embeddable":true,"href":"https:\/\/vapingnet.de\/pl\/wp-json\/wp\/v2\/etheme_brands?post=5737"},{"taxonomy":"product_brand","embeddable":true,"href":"https:\/\/vapingnet.de\/pl\/wp-json\/wp\/v2\/product_brand?post=5737"},{"taxonomy":"product_cat","embeddable":true,"href":"https:\/\/vapingnet.de\/pl\/wp-json\/wp\/v2\/product_cat?post=5737"},{"taxonomy":"product_tag","embeddable":true,"href":"https:\/\/vapingnet.de\/pl\/wp-json\/wp\/v2\/product_tag?post=5737"}],"curies":[{"name":"wp","href":"https:\/\/api.w.org\/{rel}","templated":true}]}}