{"id":5739,"date":"2025-03-19T05:38:19","date_gmt":"2025-03-19T05:38:19","guid":{"rendered":"https:\/\/vapingnet.de\/?post_type=product&#038;p=5739"},"modified":"2025-06-19T03:37:12","modified_gmt":"2025-06-19T03:37:12","slug":"sonnengereifte-mangos-mit-einem-hauch-tropischer-frische-nexa-ultra-50k-und-mango-oasis","status":"publish","type":"product","link":"https:\/\/vapingnet.de\/pl\/vape\/sonnengereifte-mangos-mit-einem-hauch-tropischer-frische-nexa-ultra-50k-und-mango-oasis\/","title":{"rendered":"S\u0142oneczne dojrzewaj\u0105ce mango z nut\u0105 tropikalnej \u015bwie\u017co\u015bci NEXA Ultra 50K i Mango Oasis"},"content":{"rendered":"<h2 data-start=\"0\" data-end=\"90\">NEXA Ultra 50K Puff Jednorazowa E-papieros Innowacja spotyka tropikalny smak<\/h2>\n<p data-start=\"92\" data-end=\"518\">NEXA Ultra 50K Puff <strong><a href=\"https:\/\/vapingnet.de\/pl\/k\/einweg-e-zigarette\/\">Jednorazowa e-papieros<\/a><\/strong> jest idealnym wyborem dla wymagaj\u0105cych palaczy, kt\u00f3rzy ceni\u0105 sobie wyj\u0105tkow\u0105 wydajno\u015b\u0107, nowoczesny design i intensywny smak. Z imponuj\u0105c\u0105 pojemno\u015bci\u0105 na chmur\u0119 o <strong><a href=\"https:\/\/vapingnet.de\/pl\/k\/50k-vape\/\">50k vape<\/a><\/strong>, widocznym zbiornikiem kryszta\u0142owym o pojemno\u015bci 20 ml liquidu i zaawansowan\u0105 technologi\u0105 wy\u015bwietlacza 3D-curved, to urz\u0105dzenie wyznacza nowe standardy w dziedzinie jednorazowych e-papieros\u00f3w.<\/p>\n<h3 data-start=\"520\" data-end=\"588\">Maksymalna wydajno\u015b\u0107 \u2013 dwa tryby dla indywidualnego vapowania<\/h3>\n<p data-start=\"589\" data-end=\"754\">NEXA Ultra oferuje nie tylko ekstremaln\u0105 liczb\u0119 zaci\u0105gni\u0119\u0107, ale tak\u017ce dwa r\u00f3\u017cne tryby parowania, aby dostosowa\u0107 do\u015bwiadczenie do osobistych preferencji:<\/p>\n<ul data-start=\"755\" data-end=\"1051\">\n<li data-start=\"755\" data-end=\"894\">Tryb Normalny (50K zaci\u0105gni\u0119\u0107) \u2013 zapewnia r\u00f3wnomierne wytwarzanie pary z optymaln\u0105 \u017cywotno\u015bci\u0105 baterii i delikatnym rozwojem smaku.<\/li>\n<li data-start=\"895\" data-end=\"1051\">Tryb Turbo (30K zaci\u0105gni\u0119\u0107) \u2013 dla intensywniejszej chmury i mocniejszego smaku, idealny dla palaczy, kt\u00f3rzy chc\u0105 cieszy\u0107 si\u0119 pe\u0142nym aromatem od razu.<\/li>\n<\/ul>\n<p data-start=\"1053\" data-end=\"1217\">Dzi\u0119ki tej elastycznej konfiguracji NEXA Ultra 50K wyr\u00f3\u017cnia si\u0119 na tle tradycyjnych jednorazowych vape\u2019\u00f3w i umo\u017cliwia indywidualne sterowanie do\u015bwiadczeniem vapowania.<\/p>\n<h3 data-start=\"1219\" data-end=\"1289\">Przezroczysty zbiornik kryszta\u0142owy \u2013 przejrzysto\u015b\u0107 na poziomie poziomu liquidu<\/h3>\n<p data-start=\"1290\" data-end=\"1596\">Jednym z wyr\u00f3\u017cnik\u00f3w NEXA Ultra jest widoczny 20-ml kryszta\u0142owy zbiornik. Ten innowacyjny design pozwala na sta\u0142e monitorowanie poziomu liquidu, dzi\u0119ki czemu zawsze wiadomo, kiedy konieczne jest uzupe\u0142nienie \u2013 nawet przy pojemno\u015bci 50 000 zaci\u0105gni\u0119\u0107, co jest rzadko\u015bci\u0105.<\/p>\n<p data-start=\"1598\" data-end=\"1774\">Efekt kryszta\u0142u zapewnia r\u00f3wnie\u017c elegancki wygl\u0105d i nadaje urz\u0105dzeniu unikalny, futurystyczny wygl\u0105d, kt\u00f3ry wyra\u017anie odr\u00f3\u017cnia je od innych jednorazowych e-papieros\u00f3w.<\/p>\n<h3 data-start=\"1776\" data-end=\"1850\">Smak: Mango Oasis \u2013 Tropikalny smak w ka\u017cdym zaci\u0105gni\u0119ciu<\/h3>\n<p data-start=\"1851\" data-end=\"2020\">The <strong><a href=\"https:\/\/vapingnet.de\/pl\/nexa-ultra-50000-puffs\/\">NEXA Ultra 50K puffs<\/a><\/strong> dost\u0119pny jest w unikalnej wersji Mango Oasis \u2013 tropikalny, s\u0142odki smak, kt\u00f3ry wywo\u0142uje uczucie s\u0142onecznego raju.<\/p>\n<p data-start=\"2022\" data-end=\"2302\">Z ka\u017cdym zaci\u0105gni\u0119ciem uwalnia si\u0119 aromat dojrza\u0142ego, soczystego mango, z delikatn\u0105 nut\u0105 \u015bwie\u017co\u015bci, kt\u00f3ra jest idealnie zbalansowana. To egzotyczne i orze\u017awiaj\u0105ce do\u015bwiadczenie vapowania jest idealne dla mi\u0142o\u015bnik\u00f3w owocowych aromat\u00f3w i wnosi odrobin\u0119 tropikalnego s\u0142o\u0144ca do codzienno\u015bci.<\/p>\n<p data-start=\"2304\" data-end=\"2456\">Poziom nikotyny 5 % zapewnia przyjemny, ale mocny efekt nikotynowy, kt\u00f3ry zadowoli zar\u00f3wno osoby przechodz\u0105ce z tradycyjnych papieros\u00f3w, jak i do\u015bwiadczonych palaczy.<\/p>\n<h3 data-start=\"2458\" data-end=\"2518\">Nowoczesny wy\u015bwietlacz 3D-curved dla pe\u0142nej kontroli<\/h3>\n<p data-start=\"2519\" data-end=\"2860\">NEXA Ultra 50K wyposa\u017cona jest w innowacyjny wy\u015bwietlacz 3D-curved, kt\u00f3ry przejrzy\u015bcie pokazuje wszystkie wa\u017cne informacje:<br data-start=\"2645\" data-end=\"2648\" \/>Poziom baterii \u2013 zawsze wiesz, kiedy konieczne jest na\u0142adowanie.<br data-start=\"2710\" data-end=\"2713\" \/>Poziom liquidu \u2013 dzi\u0119ki przezroczystemu designowi zbiornika, zawsze wida\u0107 poziom liquidu.<br data-start=\"2783\" data-end=\"2786\" \/>Tryb wy\u015bwietlania \u2013 \u0142atwo prze\u0142\u0105czaj mi\u0119dzy trybem normalnym a turbo.<\/p>\n<p data-start=\"2862\" data-end=\"2976\">Zakrzywiony design szk\u0142a nadaje e-papierosowi elegancki wygl\u0105d i wyr\u00f3\u017cnia go spo\u015br\u00f3d tradycyjnych modeli.<\/p>\n<h3 data-start=\"2978\" data-end=\"3041\">Wydajna bateria 800 mAh z szybkim \u0142adowaniem USB-C<\/h3>\n<p data-start=\"3042\" data-end=\"3312\">Dzi\u0119ki baterii 800 mAh NEXA Ultra oferuje wyj\u0105tkowy czas pracy. Je\u015bli bateria si\u0119 wyczerpie, funkcja szybkiego \u0142adowania USB-C zapewnia szybkie i bezproblemowe na\u0142adowanie \u2013 dzi\u0119ki czemu urz\u0105dzenie jest gotowe do u\u017cycia w kr\u00f3tkim czasie.<\/p>\n<p data-start=\"3314\" data-end=\"3424\">Dzi\u0119ki energooszcz\u0119dnej technologii wydajno\u015b\u0107 pozostaje stabilna, niezale\u017cnie od trybu \u2013 normalnego czy turbo.<\/p>\n<h3 data-start=\"3426\" data-end=\"3479\">Prosta obs\u0142uga \u2013 idealna na co dzie\u0144<\/h3>\n<p data-start=\"3480\" data-end=\"3703\">Jak przysta\u0142o na nowoczesny jednorazowy e-papieros, NEXA Ultra jest aktywowany przez wci\u0105gni\u0119cie \u2013 oznacza to, \u017ce uruchamia si\u0119 po zaci\u0105gni\u0119ciu si\u0119 ustnikiem \u2013 bez konieczno\u015bci naciskania przycisk\u00f3w, bez skomplikowanych ustawie\u0144.<\/p>\n<p data-start=\"3705\" data-end=\"3805\">Kompaktowa konstrukcja zapewnia najwy\u017cszy komfort, niezale\u017cnie od tego, czy jeste\u015b w drodze, w pracy czy w domu.<\/p>\n<h3 data-start=\"3807\" data-end=\"3873\">7. Praktyczne opakowanie \u2013 idealne dla cz\u0119stych u\u017cytkownik\u00f3w i sprzedawc\u00f3w<\/h3>\n<p data-start=\"3874\" data-end=\"4134\">Jednorazowy e-papieros NEXA Ultra 50K Puff jest dostarczany w opakowaniu z 5 sztukami. Czyni to go nie tylko idealnym wyborem dla w\u0142asnego u\u017cytku, ale tak\u017ce dla sprzedawc\u00f3w, kt\u00f3rzy chc\u0105 zaoferowa\u0107 swoim klientom ekskluzywny, wydajny produkt.<\/p>\n<h3 data-start=\"4136\" data-end=\"4212\">Dlaczego NEXA Ultra 50K z Mango Oasis jest niezb\u0119dny<\/h3>\n<p data-start=\"4213\" data-end=\"4475\">Dzi\u0119ki ekstremalnej pojemno\u015bci na chmur\u0119, innowacyjnemu zbiornikowi na kryszta\u0142y, mocnym trybom, wysokiej jako\u015bci wy\u015bwietlaczowi 3D i d\u0142ugiemu czasowi pracy na baterii, NEXA Ultra 50K Puff wyznacza nowe standardy w \u015bwiecie vapingu.<\/p>\n<p data-start=\"4477\" data-end=\"4683\">Smak Mango Oasis oferuje idealn\u0105 r\u00f3wnowag\u0119 mi\u0119dzy s\u0142odkim, egzotycznym mango a przyjemn\u0105 \u015bwie\u017co\u015bci\u0105 \u2013 idealny dla tych, kt\u00f3rzy chc\u0105 cieszy\u0107 si\u0119 smakiem lata przy ka\u017cdej inhalacji.<\/p>\n<p data-start=\"4685\" data-end=\"4888\" data-is-last-node=\"\" data-is-only-node=\"\">Dla do\u015bwiadczonych vaporyst\u00f3w i nowicjuszy \u2013 NEXA Ultra 50K Puff to idealne urz\u0105dzenie dla tych, kt\u00f3rzy ceni\u0105 najwy\u017csz\u0105 jako\u015b\u0107, najnowsz\u0105 technologi\u0119 i unikalne doznania smakowe.<\/p>","protected":false},"excerpt":{"rendered":"<p>NEXA Ultra 50K Puff Einweg E-Zigarette Innovation trifft auf tropischen Genuss Die NEXA Ultra 50K Puff Einweg E-Zigarette ist die perfekte Wahl f\u00fcr anspruchsvolle Dampfer,&#8230;<\/p>","protected":false},"featured_media":5716,"template":"","meta":[],"etheme_brands":[],"product_brand":[],"product_cat":[67,49,61],"product_tag":[],"class_list":{"0":"post-5739","1":"product","2":"type-product","3":"status-publish","4":"has-post-thumbnail","6":"product_cat-50k-vape","7":"product_cat-einweg-e-zigarette","8":"product_cat-f","10":"first","11":"instock","12":"shipping-taxable","13":"purchasable","14":"product-type-variable"},"yoast_head":"<!-- This site is optimized with the Yoast SEO plugin v26.5 - https:\/\/yoast.com\/wordpress\/plugins\/seo\/ -->\n<title>Sonnengereifte Mangos mit einem Hauch tropischer Frische NEXA Ultra 50K und Mango Oasis | Vapingnet.de<\/title>\n<meta name=\"description\" content=\"NEXA Ultra 50K mit Mango Oasis liefert 50.000 Z\u00fcge und ein unvergleichliches Dampferlebnis \u2013 tropisch-s\u00fc\u00dfer Mangogenuss mit jeder Inhalation!\" \/>\n<meta name=\"robots\" content=\"index, follow, max-snippet:-1, max-image-preview:large, max-video-preview:-1\" \/>\n<link rel=\"canonical\" href=\"https:\/\/vapingnet.de\/pl\/vape\/sonnengereifte-mangos-mit-einem-hauch-tropischer-frische-nexa-ultra-50k-und-mango-oasis\/\" \/>\n<meta property=\"og:locale\" content=\"pl_PL\" \/>\n<meta property=\"og:type\" content=\"article\" \/>\n<meta property=\"og:title\" content=\"Sonnengereifte Mangos mit einem Hauch tropischer Frische NEXA Ultra 50K und Mango Oasis | Vapingnet.de\" \/>\n<meta property=\"og:description\" content=\"NEXA Ultra 50K mit Mango Oasis liefert 50.000 Z\u00fcge und ein unvergleichliches Dampferlebnis \u2013 tropisch-s\u00fc\u00dfer Mangogenuss mit jeder Inhalation!\" \/>\n<meta property=\"og:url\" content=\"https:\/\/vapingnet.de\/pl\/vape\/sonnengereifte-mangos-mit-einem-hauch-tropischer-frische-nexa-ultra-50k-und-mango-oasis\/\" \/>\n<meta property=\"og:site_name\" content=\"Vapingnet.de\" \/>\n<meta property=\"article:publisher\" content=\"https:\/\/www.facebook.com\/vapingnetde\/\" \/>\n<meta property=\"article:modified_time\" content=\"2025-06-19T03:37:12+00:00\" \/>\n<meta property=\"og:image\" content=\"https:\/\/vapingnet.de\/wp-content\/uploads\/2025\/03\/50K_MANGO_OASIS-1.png\" \/>\n\t<meta property=\"og:image:width\" content=\"1000\" \/>\n\t<meta property=\"og:image:height\" content=\"1000\" \/>\n\t<meta property=\"og:image:type\" content=\"image\/png\" \/>\n<meta name=\"twitter:card\" content=\"summary_large_image\" \/>\n<meta name=\"twitter:label1\" content=\"Est. reading time\" \/>\n\t<meta name=\"twitter:data1\" content=\"4 minutes\" \/>\n<script type=\"application\/ld+json\" class=\"yoast-schema-graph\">{\"@context\":\"https:\/\/schema.org\",\"@graph\":[{\"@type\":\"WebPage\",\"@id\":\"https:\/\/vapingnet.de\/vape\/sonnengereifte-mangos-mit-einem-hauch-tropischer-frische-nexa-ultra-50k-und-mango-oasis\/\",\"url\":\"https:\/\/vapingnet.de\/vape\/sonnengereifte-mangos-mit-einem-hauch-tropischer-frische-nexa-ultra-50k-und-mango-oasis\/\",\"name\":\"Sonnengereifte Mangos mit einem Hauch tropischer Frische NEXA Ultra 50K und Mango Oasis | Vapingnet.de\",\"isPartOf\":{\"@id\":\"https:\/\/vapingnet.de\/#website\"},\"primaryImageOfPage\":{\"@id\":\"https:\/\/vapingnet.de\/vape\/sonnengereifte-mangos-mit-einem-hauch-tropischer-frische-nexa-ultra-50k-und-mango-oasis\/#primaryimage\"},\"image\":{\"@id\":\"https:\/\/vapingnet.de\/vape\/sonnengereifte-mangos-mit-einem-hauch-tropischer-frische-nexa-ultra-50k-und-mango-oasis\/#primaryimage\"},\"thumbnailUrl\":\"https:\/\/vapingnet.de\/wp-content\/uploads\/2025\/03\/50K_MANGO_OASIS-1.png\",\"datePublished\":\"2025-03-19T05:38:19+00:00\",\"dateModified\":\"2025-06-19T03:37:12+00:00\",\"description\":\"NEXA Ultra 50K mit Mango Oasis liefert 50.000 Z\u00fcge und ein unvergleichliches Dampferlebnis \u2013 tropisch-s\u00fc\u00dfer Mangogenuss mit jeder Inhalation!\",\"breadcrumb\":{\"@id\":\"https:\/\/vapingnet.de\/vape\/sonnengereifte-mangos-mit-einem-hauch-tropischer-frische-nexa-ultra-50k-und-mango-oasis\/#breadcrumb\"},\"inLanguage\":\"pl-PL\",\"potentialAction\":[{\"@type\":\"ReadAction\",\"target\":[\"https:\/\/vapingnet.de\/vape\/sonnengereifte-mangos-mit-einem-hauch-tropischer-frische-nexa-ultra-50k-und-mango-oasis\/\"]}]},{\"@type\":\"ImageObject\",\"inLanguage\":\"pl-PL\",\"@id\":\"https:\/\/vapingnet.de\/vape\/sonnengereifte-mangos-mit-einem-hauch-tropischer-frische-nexa-ultra-50k-und-mango-oasis\/#primaryimage\",\"url\":\"https:\/\/vapingnet.de\/wp-content\/uploads\/2025\/03\/50K_MANGO_OASIS-1.png\",\"contentUrl\":\"https:\/\/vapingnet.de\/wp-content\/uploads\/2025\/03\/50K_MANGO_OASIS-1.png\",\"width\":1000,\"height\":1000},{\"@type\":\"BreadcrumbList\",\"@id\":\"https:\/\/vapingnet.de\/vape\/sonnengereifte-mangos-mit-einem-hauch-tropischer-frische-nexa-ultra-50k-und-mango-oasis\/#breadcrumb\",\"itemListElement\":[{\"@type\":\"ListItem\",\"position\":1,\"name\":\"Home\",\"item\":\"https:\/\/vapingnet.de\/\"},{\"@type\":\"ListItem\",\"position\":2,\"name\":\"Shop\",\"item\":\"https:\/\/vapingnet.de\/vape\/\"},{\"@type\":\"ListItem\",\"position\":3,\"name\":\"Sonnengereifte Mangos mit einem Hauch tropischer Frische NEXA Ultra 50K und Mango Oasis\"}]},{\"@type\":\"WebSite\",\"@id\":\"https:\/\/vapingnet.de\/#website\",\"url\":\"https:\/\/vapingnet.de\/\",\"name\":\"Vapingnet.de\",\"description\":\"\",\"publisher\":{\"@id\":\"https:\/\/vapingnet.de\/#organization\"},\"potentialAction\":[{\"@type\":\"SearchAction\",\"target\":{\"@type\":\"EntryPoint\",\"urlTemplate\":\"https:\/\/vapingnet.de\/?s={search_term_string}\"},\"query-input\":{\"@type\":\"PropertyValueSpecification\",\"valueRequired\":true,\"valueName\":\"search_term_string\"}}],\"inLanguage\":\"pl-PL\"},{\"@type\":\"Organization\",\"@id\":\"https:\/\/vapingnet.de\/#organization\",\"name\":\"Vapingnet.de\",\"url\":\"https:\/\/vapingnet.de\/\",\"logo\":{\"@type\":\"ImageObject\",\"inLanguage\":\"pl-PL\",\"@id\":\"https:\/\/vapingnet.de\/#\/schema\/logo\/image\/\",\"url\":\"https:\/\/vapingnet.de\/wp-content\/uploads\/2025\/03\/cropped-vapingnet.de_.jpg\",\"contentUrl\":\"https:\/\/vapingnet.de\/wp-content\/uploads\/2025\/03\/cropped-vapingnet.de_.jpg\",\"width\":512,\"height\":512,\"caption\":\"Vapingnet.de\"},\"image\":{\"@id\":\"https:\/\/vapingnet.de\/#\/schema\/logo\/image\/\"},\"sameAs\":[\"https:\/\/www.facebook.com\/vapingnetde\/\"]}]}<\/script>\n<!-- \/ Yoast SEO plugin. -->","yoast_head_json":{"title":"Sonnengereifte Mangos mit einem Hauch tropischer Frische NEXA Ultra 50K und Mango Oasis | Vapingnet.de","description":"NEXA Ultra 50K mit Mango Oasis liefert 50.000 Z\u00fcge und ein unvergleichliches Dampferlebnis \u2013 tropisch-s\u00fc\u00dfer Mangogenuss mit jeder Inhalation!","robots":{"index":"index","follow":"follow","max-snippet":"max-snippet:-1","max-image-preview":"max-image-preview:large","max-video-preview":"max-video-preview:-1"},"canonical":"https:\/\/vapingnet.de\/pl\/vape\/sonnengereifte-mangos-mit-einem-hauch-tropischer-frische-nexa-ultra-50k-und-mango-oasis\/","og_locale":"pl_PL","og_type":"article","og_title":"Sonnengereifte Mangos mit einem Hauch tropischer Frische NEXA Ultra 50K und Mango Oasis | Vapingnet.de","og_description":"NEXA Ultra 50K mit Mango Oasis liefert 50.000 Z\u00fcge und ein unvergleichliches Dampferlebnis \u2013 tropisch-s\u00fc\u00dfer Mangogenuss mit jeder Inhalation!","og_url":"https:\/\/vapingnet.de\/pl\/vape\/sonnengereifte-mangos-mit-einem-hauch-tropischer-frische-nexa-ultra-50k-und-mango-oasis\/","og_site_name":"Vapingnet.de","article_publisher":"https:\/\/www.facebook.com\/vapingnetde\/","article_modified_time":"2025-06-19T03:37:12+00:00","og_image":[{"width":1000,"height":1000,"url":"https:\/\/vapingnet.de\/wp-content\/uploads\/2025\/03\/50K_MANGO_OASIS-1.png","type":"image\/png"}],"twitter_card":"summary_large_image","twitter_misc":{"Est. reading time":"4 minutes"},"schema":{"@context":"https:\/\/schema.org","@graph":[{"@type":"WebPage","@id":"https:\/\/vapingnet.de\/vape\/sonnengereifte-mangos-mit-einem-hauch-tropischer-frische-nexa-ultra-50k-und-mango-oasis\/","url":"https:\/\/vapingnet.de\/vape\/sonnengereifte-mangos-mit-einem-hauch-tropischer-frische-nexa-ultra-50k-und-mango-oasis\/","name":"Sonnengereifte Mangos mit einem Hauch tropischer Frische NEXA Ultra 50K und Mango Oasis | Vapingnet.de","isPartOf":{"@id":"https:\/\/vapingnet.de\/#website"},"primaryImageOfPage":{"@id":"https:\/\/vapingnet.de\/vape\/sonnengereifte-mangos-mit-einem-hauch-tropischer-frische-nexa-ultra-50k-und-mango-oasis\/#primaryimage"},"image":{"@id":"https:\/\/vapingnet.de\/vape\/sonnengereifte-mangos-mit-einem-hauch-tropischer-frische-nexa-ultra-50k-und-mango-oasis\/#primaryimage"},"thumbnailUrl":"https:\/\/vapingnet.de\/wp-content\/uploads\/2025\/03\/50K_MANGO_OASIS-1.png","datePublished":"2025-03-19T05:38:19+00:00","dateModified":"2025-06-19T03:37:12+00:00","description":"NEXA Ultra 50K mit Mango Oasis liefert 50.000 Z\u00fcge und ein unvergleichliches Dampferlebnis \u2013 tropisch-s\u00fc\u00dfer Mangogenuss mit jeder Inhalation!","breadcrumb":{"@id":"https:\/\/vapingnet.de\/vape\/sonnengereifte-mangos-mit-einem-hauch-tropischer-frische-nexa-ultra-50k-und-mango-oasis\/#breadcrumb"},"inLanguage":"pl-PL","potentialAction":[{"@type":"ReadAction","target":["https:\/\/vapingnet.de\/vape\/sonnengereifte-mangos-mit-einem-hauch-tropischer-frische-nexa-ultra-50k-und-mango-oasis\/"]}]},{"@type":"ImageObject","inLanguage":"pl-PL","@id":"https:\/\/vapingnet.de\/vape\/sonnengereifte-mangos-mit-einem-hauch-tropischer-frische-nexa-ultra-50k-und-mango-oasis\/#primaryimage","url":"https:\/\/vapingnet.de\/wp-content\/uploads\/2025\/03\/50K_MANGO_OASIS-1.png","contentUrl":"https:\/\/vapingnet.de\/wp-content\/uploads\/2025\/03\/50K_MANGO_OASIS-1.png","width":1000,"height":1000},{"@type":"BreadcrumbList","@id":"https:\/\/vapingnet.de\/vape\/sonnengereifte-mangos-mit-einem-hauch-tropischer-frische-nexa-ultra-50k-und-mango-oasis\/#breadcrumb","itemListElement":[{"@type":"ListItem","position":1,"name":"Home","item":"https:\/\/vapingnet.de\/"},{"@type":"ListItem","position":2,"name":"Shop","item":"https:\/\/vapingnet.de\/vape\/"},{"@type":"ListItem","position":3,"name":"Sonnengereifte Mangos mit einem Hauch tropischer Frische NEXA Ultra 50K und Mango Oasis"}]},{"@type":"WebSite","@id":"https:\/\/vapingnet.de\/#website","url":"https:\/\/vapingnet.de\/","name":"Vapingnet.de","description":"","publisher":{"@id":"https:\/\/vapingnet.de\/#organization"},"potentialAction":[{"@type":"SearchAction","target":{"@type":"EntryPoint","urlTemplate":"https:\/\/vapingnet.de\/?s={search_term_string}"},"query-input":{"@type":"PropertyValueSpecification","valueRequired":true,"valueName":"search_term_string"}}],"inLanguage":"pl-PL"},{"@type":"Organization","@id":"https:\/\/vapingnet.de\/#organization","name":"Vapingnet.de","url":"https:\/\/vapingnet.de\/","logo":{"@type":"ImageObject","inLanguage":"pl-PL","@id":"https:\/\/vapingnet.de\/#\/schema\/logo\/image\/","url":"https:\/\/vapingnet.de\/wp-content\/uploads\/2025\/03\/cropped-vapingnet.de_.jpg","contentUrl":"https:\/\/vapingnet.de\/wp-content\/uploads\/2025\/03\/cropped-vapingnet.de_.jpg","width":512,"height":512,"caption":"Vapingnet.de"},"image":{"@id":"https:\/\/vapingnet.de\/#\/schema\/logo\/image\/"},"sameAs":["https:\/\/www.facebook.com\/vapingnetde\/"]}]}},"tiered_pricing_type":"fixed","tiered_pricing_fixed_rules":[],"tiered_pricing_product_settings":{"layout":"default","base_unit_name":{"singular":null,"plural":null},"default_variation":null},"tiered_pricing_minimum_quantity":null,"tiered_pricing_roles_data":[],"tiered_pricing_percentage_rules":[],"_links":{"self":[{"href":"https:\/\/vapingnet.de\/pl\/wp-json\/wp\/v2\/product\/5739","targetHints":{"allow":["GET"]}}],"collection":[{"href":"https:\/\/vapingnet.de\/pl\/wp-json\/wp\/v2\/product"}],"about":[{"href":"https:\/\/vapingnet.de\/pl\/wp-json\/wp\/v2\/types\/product"}],"version-history":[{"count":1,"href":"https:\/\/vapingnet.de\/pl\/wp-json\/wp\/v2\/product\/5739\/revisions"}],"predecessor-version":[{"id":5765,"href":"https:\/\/vapingnet.de\/pl\/wp-json\/wp\/v2\/product\/5739\/revisions\/5765"}],"wp:featuredmedia":[{"embeddable":true,"href":"https:\/\/vapingnet.de\/pl\/wp-json\/wp\/v2\/media\/5716"}],"wp:attachment":[{"href":"https:\/\/vapingnet.de\/pl\/wp-json\/wp\/v2\/media?parent=5739"}],"wp:term":[{"taxonomy":"brand","embeddable":true,"href":"https:\/\/vapingnet.de\/pl\/wp-json\/wp\/v2\/etheme_brands?post=5739"},{"taxonomy":"product_brand","embeddable":true,"href":"https:\/\/vapingnet.de\/pl\/wp-json\/wp\/v2\/product_brand?post=5739"},{"taxonomy":"product_cat","embeddable":true,"href":"https:\/\/vapingnet.de\/pl\/wp-json\/wp\/v2\/product_cat?post=5739"},{"taxonomy":"product_tag","embeddable":true,"href":"https:\/\/vapingnet.de\/pl\/wp-json\/wp\/v2\/product_tag?post=5739"}],"curies":[{"name":"wp","href":"https:\/\/api.w.org\/{rel}","templated":true}]}}