{"id":5741,"date":"2025-03-19T05:38:20","date_gmt":"2025-03-19T05:38:20","guid":{"rendered":"https:\/\/vapingnet.de\/?post_type=product&#038;p=5741"},"modified":"2026-04-14T06:41:05","modified_gmt":"2026-04-14T06:41:05","slug":"nexa-ultra-50k-miami-mint-bietet-eine-erfrischende-minz-mischung-mit-einem-hauch-suesse-perfekt-fuer-einen-kuehlen-mentholigen-genuss","status":"publish","type":"product","link":"https:\/\/vapingnet.de\/pl\/vape\/nexa-ultra-50k-miami-mint-bietet-eine-erfrischende-minz-mischung-mit-einem-hauch-suesse-perfekt-fuer-einen-kuehlen-mentholigen-genuss\/","title":{"rendered":"NEXA Ultra 50K Miami Mint oferuje orze\u017awiaj\u0105c\u0105 mieszank\u0119 mi\u0119ty z odrobin\u0105 s\u0142odyczy, idealn\u0105 na ch\u0142odny mentolowy smak"},"content":{"rendered":"<h2 data-start=\"0\" data-end=\"111\">NEXA Ultra 50K Puff Jednorazowa E-papieros \u2013 Maksymalna moc spotyka si\u0119 z orze\u017awiaj\u0105cym smakiem Miami Mint<\/h2>\n<p data-start=\"113\" data-end=\"465\">NEXA Ultra 50K Puff <strong><a href=\"https:\/\/vapingnet.de\/pl\/k\/einweg-e-zigarette\/\">Jednorazowa e-papieros<\/a><\/strong> wyznacza nowe standardy w \u015bwiecie parowania. Z gigantyczn\u0105 pojemno\u015bci\u0105 <strong><a href=\"https:\/\/vapingnet.de\/pl\/k\/50k-vape\/\">50k vape<\/a><\/strong>, widocznym 20-ml kryszta\u0142owym zbiornikiem, mocnym akumulatorem 800 mAh z szybkim \u0142adowaniem USB-C oraz nowoczesnym wy\u015bwietlaczem 3D-curved, to urz\u0105dzenie jest idealnym wyborem dla wymagaj\u0105cych vaporyst\u00f3w.<\/p>\n<h3 data-start=\"467\" data-end=\"539\">Maksymalna wydajno\u015b\u0107 \u2013 Dwa tryby dla indywidualnego dozowania pary<\/h3>\n<p data-start=\"540\" data-end=\"635\">NEXA Ultra oferuje z dwoma r\u00f3\u017cnymi trybami parowania spersonalizowane do\u015bwiadczenie:<\/p>\n<ul data-start=\"636\" data-end=\"858\">\n<li data-start=\"636\" data-end=\"740\">Tryb Normalny (50K puf\u00f3w) \u2013 zoptymalizowany pod k\u0105tem maksymalnej pojemno\u015bci puf\u00f3w i \u0142agodnego rozwoju smaku.<\/li>\n<li data-start=\"741\" data-end=\"858\">Tryb Turbo (30K puf\u00f3w) \u2013 dla intensywnej pary i mocniejszego smaku \u2013 idealny dla mi\u0142o\u015bnik\u00f3w mocnych zaci\u0105gni\u0119\u0107.<\/li>\n<\/ul>\n<p data-start=\"860\" data-end=\"1016\">Dzi\u0119ki technologii dualnego trybu, NEXA Ultra 50K wyr\u00f3\u017cnia si\u0119 wyra\u017anie spo\u015br\u00f3d innych jednorazowych vape\u2019\u00f3w i umo\u017cliwia elastyczne u\u017cytkowanie w zale\u017cno\u015bci od preferencji.<\/p>\n<h3 data-start=\"1018\" data-end=\"1088\">Przezroczysty zbiornik kryszta\u0142owy \u2013 przejrzysto\u015b\u0107 na poziomie poziomu liquidu<\/h3>\n<p data-start=\"1089\" data-end=\"1405\">Dzi\u0119ki 20-ml kryszta\u0142owemu zbiornikowi mo\u017cna w ka\u017cdej chwili sprawdzi\u0107 poziom liquidu \u2013 koniec z zgadywaniem, kiedy zapas si\u0119 ko\u0144czy. Elegancki design kryszta\u0142u nie tylko zapewnia stylowy wygl\u0105d, ale tak\u017ce przyczynia si\u0119 do r\u00f3wnomiernego rozprowadzania liquidu, co sprawia, \u017ce ka\u017cdy zaci\u0105g jest sta\u0142y i intensywny.<\/p>\n<h3 data-start=\"1407\" data-end=\"1492\">Smak: Miami Mint \u2013 Mro\u017ana \u015bwie\u017co\u015b\u0107 z nut\u0105 luksusu<\/h3>\n<p data-start=\"1493\" data-end=\"1749\">The <a href=\"https:\/\/vapingnet.de\/pl\/nexa-ultra-50000-puffs\/\"><strong>NEXA Ultra 50K puffs<\/strong><\/a> Miami Mint oferuje unikalne do\u015bwiadczenie parowania, kt\u00f3re symbolizuje czyst\u0105 \u015bwie\u017co\u015b\u0107. Zainspirowany t\u0119tni\u0105cym \u017cyciem nocnym Miami, ten aromat \u0142\u0105czy krystalicznie czyst\u0105 mi\u0119t\u0119 z ch\u0142odnym powiewem, kt\u00f3ry natychmiast od\u015bwie\u017ca i o\u017cywia.<\/p>\n<p data-start=\"1751\" data-end=\"1990\">Ka\u017cde zaci\u0105gni\u0119cie uwalnia perfekcyjnie zbalansowan\u0105 mieszank\u0119 ch\u0142odnej mi\u0119ty i lekko s\u0142odkawego nuty, zapewniaj\u0105c d\u0142ugotrwa\u0142e, orze\u017awiaj\u0105ce uczucie w ustach. Idealny dla vaporyst\u00f3w ceni\u0105cych mocny, mentolowy akcent.<\/p>\n<p data-start=\"1992\" data-end=\"2203\">Z 5 % nikotynow\u0105 moc\u0105, wariant Miami Mint dostarcza intensywnego, ale przyjemnego uderzenia nikotyny \u2013 idealny dla os\u00f3b przechodz\u0105cych z tradycyjnych papieros\u00f3w i do\u015bwiadczonych vaporyst\u00f3w szukaj\u0105cych mocnego, ale g\u0142adkiego do\u015bwiadczenia.<\/p>\n<h3 data-start=\"2205\" data-end=\"2275\">Technologia wysokiej klasy z wy\u015bwietlaczem 3D-Curved \u2013 Wszystkie informacje na pierwszy rzut oka<\/h3>\n<p data-start=\"2276\" data-end=\"2554\">Nowoczesny wy\u015bwietlacz 3D-curved pokazuje wszystkie wa\u017cne informacje:<br data-start=\"2348\" data-end=\"2351\" \/>Poziom baterii \u2013 Nigdy wi\u0119cej niespodziewanie roz\u0142adowanej baterii.<br data-start=\"2405\" data-end=\"2408\" \/>Poziom liquidu \u2013 Widoczny w ka\u017cdej chwili dzi\u0119ki przezroczystemu zbiornikowi.<br data-start=\"2476\" data-end=\"2479\" \/>Wska\u017anik trybu \u2013 \u0141atwe prze\u0142\u0105czanie mi\u0119dzy trybem Normalnym a Turbo.<\/p>\n<p data-start=\"2556\" data-end=\"2669\">Wysokiej jako\u015bci optyka szklana nadaje NEXA Ultra luksusowy wygl\u0105d i podkre\u015bla jej nowoczesny design.<\/p>\n<h3 data-start=\"2671\" data-end=\"2726\">Wydajna bateria z szybkim \u0142adowaniem USB-C<\/h3>\n<p data-start=\"2727\" data-end=\"2935\">Pojemno\u015b\u0107 akumulatora 800 mAh gwarantuje d\u0142ugi czas u\u017cytkowania. Dzi\u0119ki szybkiemu \u0142adowaniu USB-C urz\u0105dzenie jest gotowe do u\u017cycia w kr\u00f3tkim czasie \u2013 bez d\u0142ugiego oczekiwania, wystarczy na\u0142adowa\u0107 i kontynuowa\u0107 parowanie.<\/p>\n<p data-start=\"2937\" data-end=\"3089\">Energooszcz\u0119dna technologia chip\u00f3w zapewnia, \u017ce wydajno\u015b\u0107 pozostaje stabilna a\u017c do ostatniego zaci\u0105gni\u0119cia \u2013 niezale\u017cnie od trybu normalnego czy turbo.<\/p>\n<h3 data-start=\"3091\" data-end=\"3144\">Prosta obs\u0142uga \u2013 idealna na co dzie\u0144<\/h3>\n<p data-start=\"3145\" data-end=\"3356\">NEXA Ultra 50K jest aktywowana przez poci\u0105gni\u0119cie, t. j. nie wymaga przycisku do uruchomienia \u2013 wystarczy poci\u0105gn\u0105\u0107 i cieszy\u0107 si\u0119. Dzi\u0119ki kompaktowemu i eleganckiemu designowi jest idealnym towarzyszem w podr\u00f3\u017cy.<\/p>\n<h3 data-start=\"3358\" data-end=\"3424\">7. Praktyczne opakowanie \u2013 idealne dla cz\u0119stych u\u017cytkownik\u00f3w i sprzedawc\u00f3w<\/h3>\n<p data-start=\"3425\" data-end=\"3649\">NEXA Ultra 50K Miami Mint jest dostarczana w opakowaniu z 5 sztukami \u2013 idealna na w\u0142asny zapas lub dla sprzedawc\u00f3w, kt\u00f3rzy chc\u0105 zaoferowa\u0107 swoim klientom produkt premium o wyj\u0105tkowej trwa\u0142o\u015bci.<\/p>\n<h3 data-start=\"3651\" data-end=\"3722\">Dlaczego NEXA Ultra 50K Miami Mint jest niezb\u0119dna<\/h3>\n<p data-start=\"3723\" data-end=\"3957\">Dzi\u0119ki ogromnej pojemno\u015bci chmury, innowacyjnemu zbiornikowi na kryszta\u0142y, dw\u00f3m trybom parowania, wysokiej jako\u015bci wy\u015bwietlaczowi 3D oraz d\u0142ugiej \u017cywotno\u015bci baterii, NEXA Ultra 50K Puff Jednorazowa E-papieros to klasa sama w sobie.<\/p>\n<p data-start=\"3959\" data-end=\"4117\">Wariant Miami Mint oferuje niezr\u00f3wnan\u0105 \u015bwie\u017co\u015b\u0107 i zapewnia ch\u0142odne, orze\u017awiaj\u0105ce doznania podczas palenia, co czyni go idealnym na codzienny relaks.<\/p>\n<p data-start=\"4119\" data-end=\"4346\" data-is-last-node=\"\" data-is-only-node=\"\">Niezale\u017cnie od tego, czy jeste\u015b do\u015bwiadczonym palaczem, czy nowicjuszem \u2013 NEXA Ultra 50K Puff Miami Mint \u0142\u0105czy najnowsz\u0105 technologi\u0119 z intensywn\u0105 \u015bwie\u017co\u015bci\u0105 i jest doskona\u0142ym wyborem dla tych, kt\u00f3rzy szukaj\u0105 najwy\u017cszej jako\u015bci i maksymalnej przyjemno\u015bci.<\/p>","protected":false},"excerpt":{"rendered":"<p>NEXA Ultra 50K Puff Einweg E-Zigarette \u2013 Maximale Leistung trifft auf erfrischenden Miami Mint Genuss Die NEXA Ultra 50K Puff Einweg E-Zigarette setzt neue Ma\u00dfst\u00e4be&#8230;<\/p>","protected":false},"featured_media":5717,"template":"","meta":[],"etheme_brands":[],"product_brand":[],"product_cat":[67,49,61],"product_tag":[],"class_list":{"0":"post-5741","1":"product","2":"type-product","3":"status-publish","4":"has-post-thumbnail","6":"product_cat-50k-vape","7":"product_cat-einweg-e-zigarette","8":"product_cat-f","10":"first","11":"outofstock","12":"shipping-taxable","13":"purchasable","14":"product-type-variable"},"yoast_head":"<!-- This site is optimized with the Yoast SEO plugin v26.5 - https:\/\/yoast.com\/wordpress\/plugins\/seo\/ -->\n<title>NEXA Ultra 50K Miami Mint bietet eine erfrischende Minz-Mischung mit einem Hauch S\u00fc\u00dfe perfekt f\u00fcr einen k\u00fchlen mentholigen Genuss | Vapingnet.de<\/title>\n<meta name=\"description\" content=\"NEXA Ultra 50K Miami Mint bietet eine erfrischende Minz-Mischung mit einem Hauch S\u00fc\u00dfe \u2013 perfekt f\u00fcr einen k\u00fchlen, mentholigen Genuss.\" \/>\n<meta name=\"robots\" content=\"index, follow, max-snippet:-1, max-image-preview:large, max-video-preview:-1\" \/>\n<link rel=\"canonical\" href=\"https:\/\/vapingnet.de\/pl\/vape\/nexa-ultra-50k-miami-mint-bietet-eine-erfrischende-minz-mischung-mit-einem-hauch-suesse-perfekt-fuer-einen-kuehlen-mentholigen-genuss\/\" \/>\n<meta property=\"og:locale\" content=\"pl_PL\" \/>\n<meta property=\"og:type\" content=\"article\" \/>\n<meta property=\"og:title\" content=\"NEXA Ultra 50K Miami Mint bietet eine erfrischende Minz-Mischung mit einem Hauch S\u00fc\u00dfe perfekt f\u00fcr einen k\u00fchlen mentholigen Genuss | Vapingnet.de\" \/>\n<meta property=\"og:description\" content=\"NEXA Ultra 50K Miami Mint bietet eine erfrischende Minz-Mischung mit einem Hauch S\u00fc\u00dfe \u2013 perfekt f\u00fcr einen k\u00fchlen, mentholigen Genuss.\" \/>\n<meta property=\"og:url\" content=\"https:\/\/vapingnet.de\/pl\/vape\/nexa-ultra-50k-miami-mint-bietet-eine-erfrischende-minz-mischung-mit-einem-hauch-suesse-perfekt-fuer-einen-kuehlen-mentholigen-genuss\/\" \/>\n<meta property=\"og:site_name\" content=\"Vapingnet.de\" \/>\n<meta property=\"article:publisher\" content=\"https:\/\/www.facebook.com\/vapingnetde\/\" \/>\n<meta property=\"article:modified_time\" content=\"2026-04-14T06:41:05+00:00\" \/>\n<meta property=\"og:image\" content=\"https:\/\/vapingnet.de\/wp-content\/uploads\/2025\/03\/50K_MIAMI_MINT-1.png\" \/>\n\t<meta property=\"og:image:width\" content=\"1000\" \/>\n\t<meta property=\"og:image:height\" content=\"1000\" \/>\n\t<meta property=\"og:image:type\" content=\"image\/png\" \/>\n<meta name=\"twitter:card\" content=\"summary_large_image\" \/>\n<meta name=\"twitter:label1\" content=\"Est. reading time\" \/>\n\t<meta name=\"twitter:data1\" content=\"4 minutes\" \/>\n<script type=\"application\/ld+json\" class=\"yoast-schema-graph\">{\"@context\":\"https:\/\/schema.org\",\"@graph\":[{\"@type\":\"WebPage\",\"@id\":\"https:\/\/vapingnet.de\/vape\/nexa-ultra-50k-miami-mint-bietet-eine-erfrischende-minz-mischung-mit-einem-hauch-suesse-perfekt-fuer-einen-kuehlen-mentholigen-genuss\/\",\"url\":\"https:\/\/vapingnet.de\/vape\/nexa-ultra-50k-miami-mint-bietet-eine-erfrischende-minz-mischung-mit-einem-hauch-suesse-perfekt-fuer-einen-kuehlen-mentholigen-genuss\/\",\"name\":\"NEXA Ultra 50K Miami Mint bietet eine erfrischende Minz-Mischung mit einem Hauch S\u00fc\u00dfe perfekt f\u00fcr einen k\u00fchlen mentholigen Genuss | Vapingnet.de\",\"isPartOf\":{\"@id\":\"https:\/\/vapingnet.de\/#website\"},\"primaryImageOfPage\":{\"@id\":\"https:\/\/vapingnet.de\/vape\/nexa-ultra-50k-miami-mint-bietet-eine-erfrischende-minz-mischung-mit-einem-hauch-suesse-perfekt-fuer-einen-kuehlen-mentholigen-genuss\/#primaryimage\"},\"image\":{\"@id\":\"https:\/\/vapingnet.de\/vape\/nexa-ultra-50k-miami-mint-bietet-eine-erfrischende-minz-mischung-mit-einem-hauch-suesse-perfekt-fuer-einen-kuehlen-mentholigen-genuss\/#primaryimage\"},\"thumbnailUrl\":\"https:\/\/vapingnet.de\/wp-content\/uploads\/2025\/03\/50K_MIAMI_MINT-1.png\",\"datePublished\":\"2025-03-19T05:38:20+00:00\",\"dateModified\":\"2026-04-14T06:41:05+00:00\",\"description\":\"NEXA Ultra 50K Miami Mint bietet eine erfrischende Minz-Mischung mit einem Hauch S\u00fc\u00dfe \u2013 perfekt f\u00fcr einen k\u00fchlen, mentholigen Genuss.\",\"breadcrumb\":{\"@id\":\"https:\/\/vapingnet.de\/vape\/nexa-ultra-50k-miami-mint-bietet-eine-erfrischende-minz-mischung-mit-einem-hauch-suesse-perfekt-fuer-einen-kuehlen-mentholigen-genuss\/#breadcrumb\"},\"inLanguage\":\"pl-PL\",\"potentialAction\":[{\"@type\":\"ReadAction\",\"target\":[\"https:\/\/vapingnet.de\/vape\/nexa-ultra-50k-miami-mint-bietet-eine-erfrischende-minz-mischung-mit-einem-hauch-suesse-perfekt-fuer-einen-kuehlen-mentholigen-genuss\/\"]}]},{\"@type\":\"ImageObject\",\"inLanguage\":\"pl-PL\",\"@id\":\"https:\/\/vapingnet.de\/vape\/nexa-ultra-50k-miami-mint-bietet-eine-erfrischende-minz-mischung-mit-einem-hauch-suesse-perfekt-fuer-einen-kuehlen-mentholigen-genuss\/#primaryimage\",\"url\":\"https:\/\/vapingnet.de\/wp-content\/uploads\/2025\/03\/50K_MIAMI_MINT-1.png\",\"contentUrl\":\"https:\/\/vapingnet.de\/wp-content\/uploads\/2025\/03\/50K_MIAMI_MINT-1.png\",\"width\":1000,\"height\":1000},{\"@type\":\"BreadcrumbList\",\"@id\":\"https:\/\/vapingnet.de\/vape\/nexa-ultra-50k-miami-mint-bietet-eine-erfrischende-minz-mischung-mit-einem-hauch-suesse-perfekt-fuer-einen-kuehlen-mentholigen-genuss\/#breadcrumb\",\"itemListElement\":[{\"@type\":\"ListItem\",\"position\":1,\"name\":\"Home\",\"item\":\"https:\/\/vapingnet.de\/\"},{\"@type\":\"ListItem\",\"position\":2,\"name\":\"Shop\",\"item\":\"https:\/\/vapingnet.de\/vape\/\"},{\"@type\":\"ListItem\",\"position\":3,\"name\":\"NEXA Ultra 50K Miami Mint bietet eine erfrischende Minz-Mischung mit einem Hauch S\u00fc\u00dfe perfekt f\u00fcr einen k\u00fchlen mentholigen Genuss\"}]},{\"@type\":\"WebSite\",\"@id\":\"https:\/\/vapingnet.de\/#website\",\"url\":\"https:\/\/vapingnet.de\/\",\"name\":\"Vapingnet.de\",\"description\":\"\",\"publisher\":{\"@id\":\"https:\/\/vapingnet.de\/#organization\"},\"potentialAction\":[{\"@type\":\"SearchAction\",\"target\":{\"@type\":\"EntryPoint\",\"urlTemplate\":\"https:\/\/vapingnet.de\/?s={search_term_string}\"},\"query-input\":{\"@type\":\"PropertyValueSpecification\",\"valueRequired\":true,\"valueName\":\"search_term_string\"}}],\"inLanguage\":\"pl-PL\"},{\"@type\":\"Organization\",\"@id\":\"https:\/\/vapingnet.de\/#organization\",\"name\":\"Vapingnet.de\",\"url\":\"https:\/\/vapingnet.de\/\",\"logo\":{\"@type\":\"ImageObject\",\"inLanguage\":\"pl-PL\",\"@id\":\"https:\/\/vapingnet.de\/#\/schema\/logo\/image\/\",\"url\":\"https:\/\/vapingnet.de\/wp-content\/uploads\/2025\/03\/cropped-vapingnet.de_.jpg\",\"contentUrl\":\"https:\/\/vapingnet.de\/wp-content\/uploads\/2025\/03\/cropped-vapingnet.de_.jpg\",\"width\":512,\"height\":512,\"caption\":\"Vapingnet.de\"},\"image\":{\"@id\":\"https:\/\/vapingnet.de\/#\/schema\/logo\/image\/\"},\"sameAs\":[\"https:\/\/www.facebook.com\/vapingnetde\/\"]}]}<\/script>\n<!-- \/ Yoast SEO plugin. -->","yoast_head_json":{"title":"NEXA Ultra 50K Miami Mint bietet eine erfrischende Minz-Mischung mit einem Hauch S\u00fc\u00dfe perfekt f\u00fcr einen k\u00fchlen mentholigen Genuss | Vapingnet.de","description":"NEXA Ultra 50K Miami Mint bietet eine erfrischende Minz-Mischung mit einem Hauch S\u00fc\u00dfe \u2013 perfekt f\u00fcr einen k\u00fchlen, mentholigen Genuss.","robots":{"index":"index","follow":"follow","max-snippet":"max-snippet:-1","max-image-preview":"max-image-preview:large","max-video-preview":"max-video-preview:-1"},"canonical":"https:\/\/vapingnet.de\/pl\/vape\/nexa-ultra-50k-miami-mint-bietet-eine-erfrischende-minz-mischung-mit-einem-hauch-suesse-perfekt-fuer-einen-kuehlen-mentholigen-genuss\/","og_locale":"pl_PL","og_type":"article","og_title":"NEXA Ultra 50K Miami Mint bietet eine erfrischende Minz-Mischung mit einem Hauch S\u00fc\u00dfe perfekt f\u00fcr einen k\u00fchlen mentholigen Genuss | Vapingnet.de","og_description":"NEXA Ultra 50K Miami Mint bietet eine erfrischende Minz-Mischung mit einem Hauch S\u00fc\u00dfe \u2013 perfekt f\u00fcr einen k\u00fchlen, mentholigen Genuss.","og_url":"https:\/\/vapingnet.de\/pl\/vape\/nexa-ultra-50k-miami-mint-bietet-eine-erfrischende-minz-mischung-mit-einem-hauch-suesse-perfekt-fuer-einen-kuehlen-mentholigen-genuss\/","og_site_name":"Vapingnet.de","article_publisher":"https:\/\/www.facebook.com\/vapingnetde\/","article_modified_time":"2026-04-14T06:41:05+00:00","og_image":[{"width":1000,"height":1000,"url":"https:\/\/vapingnet.de\/wp-content\/uploads\/2025\/03\/50K_MIAMI_MINT-1.png","type":"image\/png"}],"twitter_card":"summary_large_image","twitter_misc":{"Est. reading time":"4 minutes"},"schema":{"@context":"https:\/\/schema.org","@graph":[{"@type":"WebPage","@id":"https:\/\/vapingnet.de\/vape\/nexa-ultra-50k-miami-mint-bietet-eine-erfrischende-minz-mischung-mit-einem-hauch-suesse-perfekt-fuer-einen-kuehlen-mentholigen-genuss\/","url":"https:\/\/vapingnet.de\/vape\/nexa-ultra-50k-miami-mint-bietet-eine-erfrischende-minz-mischung-mit-einem-hauch-suesse-perfekt-fuer-einen-kuehlen-mentholigen-genuss\/","name":"NEXA Ultra 50K Miami Mint bietet eine erfrischende Minz-Mischung mit einem Hauch S\u00fc\u00dfe perfekt f\u00fcr einen k\u00fchlen mentholigen Genuss | Vapingnet.de","isPartOf":{"@id":"https:\/\/vapingnet.de\/#website"},"primaryImageOfPage":{"@id":"https:\/\/vapingnet.de\/vape\/nexa-ultra-50k-miami-mint-bietet-eine-erfrischende-minz-mischung-mit-einem-hauch-suesse-perfekt-fuer-einen-kuehlen-mentholigen-genuss\/#primaryimage"},"image":{"@id":"https:\/\/vapingnet.de\/vape\/nexa-ultra-50k-miami-mint-bietet-eine-erfrischende-minz-mischung-mit-einem-hauch-suesse-perfekt-fuer-einen-kuehlen-mentholigen-genuss\/#primaryimage"},"thumbnailUrl":"https:\/\/vapingnet.de\/wp-content\/uploads\/2025\/03\/50K_MIAMI_MINT-1.png","datePublished":"2025-03-19T05:38:20+00:00","dateModified":"2026-04-14T06:41:05+00:00","description":"NEXA Ultra 50K Miami Mint bietet eine erfrischende Minz-Mischung mit einem Hauch S\u00fc\u00dfe \u2013 perfekt f\u00fcr einen k\u00fchlen, mentholigen Genuss.","breadcrumb":{"@id":"https:\/\/vapingnet.de\/vape\/nexa-ultra-50k-miami-mint-bietet-eine-erfrischende-minz-mischung-mit-einem-hauch-suesse-perfekt-fuer-einen-kuehlen-mentholigen-genuss\/#breadcrumb"},"inLanguage":"pl-PL","potentialAction":[{"@type":"ReadAction","target":["https:\/\/vapingnet.de\/vape\/nexa-ultra-50k-miami-mint-bietet-eine-erfrischende-minz-mischung-mit-einem-hauch-suesse-perfekt-fuer-einen-kuehlen-mentholigen-genuss\/"]}]},{"@type":"ImageObject","inLanguage":"pl-PL","@id":"https:\/\/vapingnet.de\/vape\/nexa-ultra-50k-miami-mint-bietet-eine-erfrischende-minz-mischung-mit-einem-hauch-suesse-perfekt-fuer-einen-kuehlen-mentholigen-genuss\/#primaryimage","url":"https:\/\/vapingnet.de\/wp-content\/uploads\/2025\/03\/50K_MIAMI_MINT-1.png","contentUrl":"https:\/\/vapingnet.de\/wp-content\/uploads\/2025\/03\/50K_MIAMI_MINT-1.png","width":1000,"height":1000},{"@type":"BreadcrumbList","@id":"https:\/\/vapingnet.de\/vape\/nexa-ultra-50k-miami-mint-bietet-eine-erfrischende-minz-mischung-mit-einem-hauch-suesse-perfekt-fuer-einen-kuehlen-mentholigen-genuss\/#breadcrumb","itemListElement":[{"@type":"ListItem","position":1,"name":"Home","item":"https:\/\/vapingnet.de\/"},{"@type":"ListItem","position":2,"name":"Shop","item":"https:\/\/vapingnet.de\/vape\/"},{"@type":"ListItem","position":3,"name":"NEXA Ultra 50K Miami Mint bietet eine erfrischende Minz-Mischung mit einem Hauch S\u00fc\u00dfe perfekt f\u00fcr einen k\u00fchlen mentholigen Genuss"}]},{"@type":"WebSite","@id":"https:\/\/vapingnet.de\/#website","url":"https:\/\/vapingnet.de\/","name":"Vapingnet.de","description":"","publisher":{"@id":"https:\/\/vapingnet.de\/#organization"},"potentialAction":[{"@type":"SearchAction","target":{"@type":"EntryPoint","urlTemplate":"https:\/\/vapingnet.de\/?s={search_term_string}"},"query-input":{"@type":"PropertyValueSpecification","valueRequired":true,"valueName":"search_term_string"}}],"inLanguage":"pl-PL"},{"@type":"Organization","@id":"https:\/\/vapingnet.de\/#organization","name":"Vapingnet.de","url":"https:\/\/vapingnet.de\/","logo":{"@type":"ImageObject","inLanguage":"pl-PL","@id":"https:\/\/vapingnet.de\/#\/schema\/logo\/image\/","url":"https:\/\/vapingnet.de\/wp-content\/uploads\/2025\/03\/cropped-vapingnet.de_.jpg","contentUrl":"https:\/\/vapingnet.de\/wp-content\/uploads\/2025\/03\/cropped-vapingnet.de_.jpg","width":512,"height":512,"caption":"Vapingnet.de"},"image":{"@id":"https:\/\/vapingnet.de\/#\/schema\/logo\/image\/"},"sameAs":["https:\/\/www.facebook.com\/vapingnetde\/"]}]}},"tiered_pricing_type":"fixed","tiered_pricing_fixed_rules":[],"tiered_pricing_product_settings":{"layout":"default","base_unit_name":{"singular":null,"plural":null},"default_variation":null},"tiered_pricing_minimum_quantity":null,"tiered_pricing_roles_data":[],"tiered_pricing_percentage_rules":[],"_links":{"self":[{"href":"https:\/\/vapingnet.de\/pl\/wp-json\/wp\/v2\/product\/5741","targetHints":{"allow":["GET"]}}],"collection":[{"href":"https:\/\/vapingnet.de\/pl\/wp-json\/wp\/v2\/product"}],"about":[{"href":"https:\/\/vapingnet.de\/pl\/wp-json\/wp\/v2\/types\/product"}],"version-history":[{"count":1,"href":"https:\/\/vapingnet.de\/pl\/wp-json\/wp\/v2\/product\/5741\/revisions"}],"predecessor-version":[{"id":5766,"href":"https:\/\/vapingnet.de\/pl\/wp-json\/wp\/v2\/product\/5741\/revisions\/5766"}],"wp:featuredmedia":[{"embeddable":true,"href":"https:\/\/vapingnet.de\/pl\/wp-json\/wp\/v2\/media\/5717"}],"wp:attachment":[{"href":"https:\/\/vapingnet.de\/pl\/wp-json\/wp\/v2\/media?parent=5741"}],"wp:term":[{"taxonomy":"brand","embeddable":true,"href":"https:\/\/vapingnet.de\/pl\/wp-json\/wp\/v2\/etheme_brands?post=5741"},{"taxonomy":"product_brand","embeddable":true,"href":"https:\/\/vapingnet.de\/pl\/wp-json\/wp\/v2\/product_brand?post=5741"},{"taxonomy":"product_cat","embeddable":true,"href":"https:\/\/vapingnet.de\/pl\/wp-json\/wp\/v2\/product_cat?post=5741"},{"taxonomy":"product_tag","embeddable":true,"href":"https:\/\/vapingnet.de\/pl\/wp-json\/wp\/v2\/product_tag?post=5741"}],"curies":[{"name":"wp","href":"https:\/\/api.w.org\/{rel}","templated":true}]}}