{"id":5749,"date":"2025-03-19T05:38:30","date_gmt":"2025-03-19T05:38:30","guid":{"rendered":"https:\/\/vapingnet.de\/?post_type=product&#038;p=5749"},"modified":"2026-04-14T06:41:05","modified_gmt":"2026-04-14T06:41:05","slug":"erfrischendes-e-zigaretten-erlebnis-nexa-ultra-50k-triple-berry-die-perfekte-kombination-aus-erdbeere-himbeere-und-blaubeere","status":"publish","type":"product","link":"https:\/\/vapingnet.de\/pl\/vape\/erfrischendes-e-zigaretten-erlebnis-nexa-ultra-50k-triple-berry-die-perfekte-kombination-aus-erdbeere-himbeere-und-blaubeere\/","title":{"rendered":"Orze\u017awiaj\u0105ce do\u015bwiadczenie z e-papierosem NEXA Ultra 50K Triple Berry. Idealne po\u0142\u0105czenie truskawki, malin i bor\u00f3wki."},"content":{"rendered":"<h2 data-start=\"0\" data-end=\"107\">NEXA Ultra 50K Puff Jednorazowe E-papierosy Triple Berry \u2013 Owocowa Przyjemno\u015b\u0107 O\u017cywiaj\u0105ca Zmys\u0142y<\/h2>\n<p data-start=\"109\" data-end=\"514\">NEXA Ultra 50K Puff <strong><a href=\"https:\/\/vapingnet.de\/pl\/k\/einweg-e-zigarette\/\">Jednorazowa e-papieros<\/a><\/strong> z aromatem Triple Berry wyznacza nowe standardy dla mi\u0142o\u015bnik\u00f3w owoc\u00f3w, kt\u00f3rzy szukaj\u0105 intensywnego i orze\u017awiaj\u0105cego do\u015bwiadczenia vapowania. Z niezwyk\u0142\u0105 pojemno\u015bci\u0105 na chmur\u0119 <strong><a href=\"https:\/\/vapingnet.de\/pl\/k\/50k-vape\/\">50k vape<\/a><\/strong> oraz nowoczesnym designem, ten model oferuje nie tylko wyj\u0105tkow\u0105 wydajno\u015b\u0107, ale tak\u017ce smak, kt\u00f3ry w ka\u017cdej dawce jest owocowy i pyszny.<\/p>\n<p data-start=\"516\" data-end=\"728\">W tym artykule przyjrzymy si\u0119 szczeg\u00f3\u0142owo smakowi Triple Berry oraz wyr\u00f3\u017cniaj\u0105cym si\u0119 cechom <strong><a href=\"https:\/\/vapingnet.de\/pl\/nexa-ultra-50000-puffs\/\">NEXA Ultra 50K puffs<\/a><\/strong>, kt\u00f3re czyni\u0105 go idealnym towarzyszem dla ka\u017cdego vapera.<\/p>\n<div class=\"overflow-x-auto contain-inline-size\">\n<table data-start=\"735\" data-end=\"2729\">\n<thead data-start=\"735\" data-end=\"863\">\n<tr data-start=\"735\" data-end=\"863\">\n<th data-start=\"735\" data-end=\"766\">W\u0142a\u015bciwo\u015b\u0107<\/th>\n<th data-start=\"766\" data-end=\"863\">Szczeg\u00f3\u0142y<\/th>\n<\/tr>\n<\/thead>\n<tbody data-start=\"993\" data-end=\"2729\">\n<tr data-start=\"993\" data-end=\"1123\">\n<td>Model<\/td>\n<td>NEXA Ultra 50K Puff Jednorazowa E-papieros<\/td>\n<\/tr>\n<tr data-start=\"1124\" data-end=\"1252\">\n<td>Smak<\/td>\n<td>Triple Berry (mieszanka truskawek, malin i jag\u00f3d bor\u00f3wki)<\/td>\n<\/tr>\n<tr data-start=\"1253\" data-end=\"1382\">\n<td>Pojemno\u015b\u0107 na chmur\u0119<\/td>\n<td>50 000 zaci\u0105gni\u0119\u0107<\/td>\n<\/tr>\n<tr data-start=\"1383\" data-end=\"1513\">\n<td>St\u0119\u017cenie nikotyny<\/td>\n<td>5%<\/td>\n<\/tr>\n<tr data-start=\"1514\" data-end=\"1644\">\n<td>Pojemnik na e-liquid<\/td>\n<td>20 ml przezroczystego kryszta\u0142owego pojemnika<\/td>\n<\/tr>\n<tr data-start=\"1645\" data-end=\"1775\">\n<td>Pojemno\u015b\u0107 baterii<\/td>\n<td>800 mAh (szybkie \u0142adowanie USB-C)<\/td>\n<\/tr>\n<tr data-start=\"1776\" data-end=\"1904\">\n<td>Tryby vapowania<\/td>\n<td>Dwa tryby:<\/td>\n<\/tr>\n<tr data-start=\"1905\" data-end=\"2034\">\n<td><\/td>\n<td>\u2013 Tryb normalny: 50 000 zaci\u0105gni\u0119\u0107, delikatne doznania smakowe<\/td>\n<\/tr>\n<tr data-start=\"2035\" data-end=\"2162\">\n<td><\/td>\n<td>\u2013 Tryb Turbo: 30.000 zaci\u0105gni\u0119\u0107, intensywniejszy dym i smak<\/td>\n<\/tr>\n<tr data-start=\"2163\" data-end=\"2292\">\n<td>Wy\u015bwietlacz<\/td>\n<td>Wy\u015bwietlacz zakrzywiony w 3D, pokazuje poziom na\u0142adowania baterii, poziom liquidu i tryb<\/td>\n<\/tr>\n<tr data-start=\"2293\" data-end=\"2423\">\n<td>Aktywacja<\/td>\n<td>Aktywacja przez zaci\u0105gni\u0119cie (wystarczy poci\u0105gn\u0105\u0107, aby rozpocz\u0105\u0107 vapowanie)<\/td>\n<\/tr>\n<tr data-start=\"2424\" data-end=\"2552\">\n<td>Jednostka pakowania<\/td>\n<td>5 sztuk na pude\u0142ko<\/td>\n<\/tr>\n<tr data-start=\"2553\" data-end=\"2729\">\n<td>Opis aromatu<\/td>\n<td>Harmonijna mieszanka \u015bwie\u017cych truskawek, malin i jag\u00f3d, zapewniaj\u0105ca orze\u017awiaj\u0105ce, owocowe doznania podczas vapowania.<\/td>\n<\/tr>\n<\/tbody>\n<\/table>\n<\/div>\n<h3 data-start=\"2736\" data-end=\"2804\">1. Do\u015bwiadczenie smakowe: Idealna mieszanka trzech jag\u00f3d<\/h3>\n<p data-start=\"2806\" data-end=\"3361\">Smak Triple Berry w NEXA Ultra 50K \u0142\u0105czy aromaty truskawek, malin i jag\u00f3d, tworz\u0105c harmonijne i \u015bwie\u017ce owocowe doznanie. Przy pierwszym zaci\u0105gni\u0119ciu poczujesz s\u0142odk\u0105 i soczyst\u0105 truskawk\u0119, otulaj\u0105c\u0105 podniebienie. Zaraz potem malina, z lekk\u0105 kwasowo\u015bci\u0105 i orze\u017awiaj\u0105cym akcentem, wzbogaca smak. Dope\u0142nieniem jest jagoda, z \u0142agodn\u0105 s\u0142odycz\u0105 i delikatnie gorzkawym nut\u0105, zapewniaj\u0105c\u0105 idealn\u0105 r\u00f3wnowag\u0119.<\/p>\n<p data-start=\"3363\" data-end=\"3740\">Ka\u017cde zaci\u0105gni\u0119cie aromatu Triple Berry przypomina orze\u017awiaj\u0105cy sa\u0142atk\u0119 owocow\u0105 \u2013 s\u0142odk\u0105, ale nie za intensywn\u0105, z odpowiedni\u0105 dawk\u0105 \u015bwie\u017co\u015bci, aby uczyni\u0107 vapowanie przyjemnym, owocowym do\u015bwiadczeniem. To idealny wyb\u00f3r dla vapowc\u00f3w, kt\u00f3rzy lubi\u0105 cieszy\u0107 si\u0119 owocowymi aromatami przez ca\u0142y dzie\u0144, bez obawy, \u017ce b\u0119d\u0105 zbyt s\u0142odkie lub przyt\u0142aczaj\u0105ce.<\/p>\n<h3 data-start=\"3742\" data-end=\"3795\">2. 50.000 zaci\u0105gni\u0119\u0107 \u2013 d\u0142ugotrwa\u0142e do\u015bwiadczenie<\/h3>\n<p data-start=\"3797\" data-end=\"4179\">Dzi\u0119ki pojemno\u015bci 50.000 zaci\u0105gni\u0119\u0107, NEXA Ultra 50K oferuje niesamowit\u0105 trwa\u0142o\u015b\u0107. 20-ml zbiornik kryszta\u0142owy zapewnia, \u017ce nawet przy intensywnym u\u017cytkowaniu nie zabraknie liquidu. Przezroczysty zbiornik kryszta\u0142owy pozwala na bie\u017c\u0105co kontrolowa\u0107 poziom liquidu, dzi\u0119ki czemu zawsze wiesz, kiedy trzeba go wymieni\u0107.<\/p>\n<p data-start=\"4181\" data-end=\"4411\">Wygl\u0105d kryszta\u0142owego zbiornika nie tylko dodaje elegancji urz\u0105dzeniu, ale tak\u017ce zapewnia r\u00f3wnomierne rozprowadzanie liquidu, co przek\u0142ada si\u0119 na sta\u0142e, intensywne doznania podczas vapowania.<\/p>\n<h3 data-start=\"4413\" data-end=\"4480\">3. Technologia dualnego trybu \u2013 dostosuj do swoich preferencji vapowania<\/h3>\n<p data-start=\"4482\" data-end=\"4609\">NEXA Ultra 50K oferuje dwa tryby vapowania, daj\u0105ce Ci swobod\u0119 dostosowania do\u015bwiadczenia do w\u0142asnych upodoba\u0144:<\/p>\n<ul data-start=\"4611\" data-end=\"5116\">\n<li data-start=\"4611\" data-end=\"4835\">\n<p data-start=\"4613\" data-end=\"4835\">Tryb normalny (50K zaci\u0105gni\u0119\u0107): Ten tryb zapewnia \u0142agodne i r\u00f3wnomierne wydobycie aromatu Triple Berry, idealny dla vapowc\u00f3w, kt\u00f3rzy chc\u0105 cieszy\u0107 si\u0119 pe\u0142nym, harmonijnym smakiem owoc\u00f3w.<\/p>\n<\/li>\n<li data-start=\"4839\" data-end=\"5116\">\n<p data-start=\"4841\" data-end=\"5116\">Tryb turbo (30K zaci\u0105gni\u0119\u0107): Je\u015bli szukasz mocniejszej produkcji dymu i intensywniejszego smaku, wybierz tryb turbo. W tym trybie smak staje si\u0119 bardziej wyrazisty, a dym g\u0119stszy, co sprawia, \u017ce aromat Triple Berry jest jeszcze bardziej \u017cywy.<\/p>\n<\/li>\n<\/ul>\n<p data-start=\"5118\" data-end=\"5285\">Dzi\u0119ki technologii dualnego trybu mo\u017cesz prze\u0142\u0105cza\u0107 si\u0119 mi\u0119dzy \u0142agodnym a intensywnym do\u015bwiadczeniem vapowania, w zale\u017cno\u015bci od nastroju i potrzeb.<\/p>\n<h3 data-start=\"5287\" data-end=\"5354\">4. Wy\u015bwietlacz zakrzywiony w 3D dla przyjaznego u\u017cytkownikowi do\u015bwiadczenia<\/h3>\n<p data-start=\"5356\" data-end=\"5702\">3D-curved wy\u015bwietlacz NEXA Ultra 50K to nie tylko wizualny punkt centralny, ale tak\u017ce niezwykle funkcjonalny. Pokazuje wszystkie wa\u017cne informacje, takie jak poziom na\u0142adowania baterii, poziom liquidu i aktualny tryb parowania. Dzi\u0119ki temu zawsze masz pod kontrol\u0105 wszystkie istotne dane i mo\u017cesz celowo sterowa\u0107 swoim do\u015bwiadczeniem z e-papierosem.<\/p>\n<p data-start=\"5704\" data-end=\"5875\">Wysokiej jako\u015bci optyka szklana wy\u015bwietlacza przyczynia si\u0119 do luksusowego og\u00f3lnego wygl\u0105du i sprawia, \u017ce urz\u0105dzenie nie tylko dobrze dzia\u0142a, ale tak\u017ce wygl\u0105da stylowo.<\/p>\n<h3 data-start=\"5877\" data-end=\"5929\">5. Szybkie \u0142adowanie i d\u0142ugi czas pracy na baterii<\/h3>\n<p data-start=\"5931\" data-end=\"6281\">Pojemno\u015b\u0107 baterii 800 mAh w NEXA Ultra 50K zapewnia d\u0142ugie sesje parowania bez konieczno\u015bci ci\u0105g\u0142ego szukania \u0142adowarki. Je\u015bli bateria si\u0119 wyczerpie, mo\u017cna j\u0105 na\u0142adowa\u0107 w kr\u00f3tkim czasie dzi\u0119ki szybkiemu \u0142adowaniu USB-C i kontynuowa\u0107 parowanie \u2013 brak d\u0142ugiego oczekiwania, po prostu na\u0142aduj i zaczynaj.<\/p>\n<h3 data-start=\"6283\" data-end=\"6340\">6. Prosta obs\u0142uga na co dzie\u0144<\/h3>\n<p data-start=\"6342\" data-end=\"6696\">Design aktywowany przez ci\u0105g\u0142e wci\u0105ganie w NEXA Ultra 50K sprawia, \u017ce parowanie jest \u0142atwe i wygodne. Nie musisz naciska\u0107 \u017cadnego przycisku ani aktywowa\u0107 urz\u0105dzenia \u2013 po prostu wci\u0105gnij i ciesz si\u0119 smakiem Triple Berry. To przyjazny dla u\u017cytkownika design, idealny dla os\u00f3b szukaj\u0105cych prostego rozwi\u0105zania, kt\u00f3re jest gotowe do u\u017cycia w ka\u017cdej chwili.<\/p>\n<p data-start=\"6698\" data-end=\"6881\">Kompaktowy rozmiar i elegancki design sprawiaj\u0105, \u017ce urz\u0105dzenie jest idealnym towarzyszem w podr\u00f3\u017cy, dzi\u0119ki czemu mo\u017cesz cieszy\u0107 si\u0119 owocowym do\u015bwiadczeniem Triple Berry wsz\u0119dzie.<\/p>\n<h3 data-start=\"6883\" data-end=\"6950\">7. Praktyczne opakowanie \u2013 idealne dla cz\u0119stych u\u017cytkownik\u00f3w i sprzedawc\u00f3w<\/h3>\n<p data-start=\"6952\" data-end=\"7367\">NEXA Ultra 50K Triple Berry jest dostarczana w opakowaniu zawieraj\u0105cym 5 sztuk, co czyni j\u0105 atrakcyjn\u0105 szczeg\u00f3lnie dla cz\u0119stych u\u017cytkownik\u00f3w i sprzedawc\u00f3w. Przy tak wysokiej pojemno\u015bci na pufy jest to doskona\u0142y wyb\u00f3r dla tych, kt\u00f3rzy szukaj\u0105 wysokiej jako\u015bci i trwa\u0142ego produktu. Praktyczne opakowanie daje r\u00f3wnie\u017c sprzedawcom mo\u017cliwo\u015b\u0107 oferowania klientom produktu premium o d\u0142ugiej \u017cywotno\u015bci.<\/p>\n<h3 data-start=\"7369\" data-end=\"7458\">8. Dlaczego NEXA Ultra 50K Triple Berry jest niezb\u0119dna dla mi\u0142o\u015bnik\u00f3w owoc\u00f3w<\/h3>\n<p data-start=\"7460\" data-end=\"7810\">NEXA Ultra 50K Triple Berry to idealny wyb\u00f3r dla tych, kt\u00f3rzy kochaj\u0105 owocowe aromaty i nie chc\u0105 rezygnowa\u0107 z jako\u015bci i wydajno\u015bci. Dzi\u0119ki wysokiej pojemno\u015bci na pufy, nowoczesnemu designowi, technologii Dual-Mode i prostocie obs\u0142ugi, ten model spe\u0142nia wszystkie oczekiwania parowc\u00f3w.<\/p>\n<p data-start=\"7812\" data-end=\"8115\">Aromat Triple Berry zapewnia pyszne, owocowe doznania podczas parowania, kt\u00f3re s\u0105 nie tylko s\u0142odkie, ale tak\u017ce od\u015bwie\u017caj\u0105ce i \u017cywe. Niezale\u017cnie od tego, czy u\u017cywasz go na co dzie\u0144, czy okazjonalnie \u2013 ten model jest idealnym wyborem dla tych, kt\u00f3rzy szukaj\u0105 orze\u017awiaj\u0105cego, owocowego parowania.<\/p>\n<p data-start=\"8117\" data-end=\"8286\" data-is-last-node=\"\" data-is-only-node=\"\">Wybierz NEXA Ultra 50K Triple Berry, je\u015bli szukasz wysokiej jako\u015bci, d\u0142ugotrwa\u0142ego do\u015bwiadczenia z parowaniem, kt\u00f3re chcesz wielokrotnie cieszy\u0107 si\u0119.<\/p>","protected":false},"excerpt":{"rendered":"<p>NEXA Ultra 50K Puff Einweg E-Zigaretten Triple Berry \u2013 Ein Fruchtiger Genuss Der Alle Sinne Belebt Die NEXA Ultra 50K Puff Einweg E-Zigarette mit dem&#8230;<\/p>","protected":false},"featured_media":5721,"template":"","meta":[],"etheme_brands":[],"product_brand":[],"product_cat":[67,49,61],"product_tag":[],"class_list":{"0":"post-5749","1":"product","2":"type-product","3":"status-publish","4":"has-post-thumbnail","6":"product_cat-50k-vape","7":"product_cat-einweg-e-zigarette","8":"product_cat-f","10":"first","11":"outofstock","12":"shipping-taxable","13":"purchasable","14":"product-type-variable"},"yoast_head":"<!-- This site is optimized with the Yoast SEO plugin v26.5 - https:\/\/yoast.com\/wordpress\/plugins\/seo\/ -->\n<title>Erfrischendes E-Zigaretten-Erlebnis NEXA Ultra 50K Triple Berry Die perfekte Kombination aus Erdbeere Himbeere und Blaubeere | Vapingnet.de<\/title>\n<meta name=\"description\" content=\"NEXA Ultra 50K Triple Berry ist die perfekte Mischung aus Erdbeere, Himbeere und Blaubeere f\u00fcr ein erfrischendes Dampferlebnis\" \/>\n<meta name=\"robots\" content=\"index, follow, max-snippet:-1, max-image-preview:large, max-video-preview:-1\" \/>\n<link rel=\"canonical\" href=\"https:\/\/vapingnet.de\/pl\/vape\/erfrischendes-e-zigaretten-erlebnis-nexa-ultra-50k-triple-berry-die-perfekte-kombination-aus-erdbeere-himbeere-und-blaubeere\/\" \/>\n<meta property=\"og:locale\" content=\"pl_PL\" \/>\n<meta property=\"og:type\" content=\"article\" \/>\n<meta property=\"og:title\" content=\"Erfrischendes E-Zigaretten-Erlebnis NEXA Ultra 50K Triple Berry Die perfekte Kombination aus Erdbeere Himbeere und Blaubeere | Vapingnet.de\" \/>\n<meta property=\"og:description\" content=\"NEXA Ultra 50K Triple Berry ist die perfekte Mischung aus Erdbeere, Himbeere und Blaubeere f\u00fcr ein erfrischendes Dampferlebnis\" \/>\n<meta property=\"og:url\" content=\"https:\/\/vapingnet.de\/pl\/vape\/erfrischendes-e-zigaretten-erlebnis-nexa-ultra-50k-triple-berry-die-perfekte-kombination-aus-erdbeere-himbeere-und-blaubeere\/\" \/>\n<meta property=\"og:site_name\" content=\"Vapingnet.de\" \/>\n<meta property=\"article:publisher\" content=\"https:\/\/www.facebook.com\/vapingnetde\/\" \/>\n<meta property=\"article:modified_time\" content=\"2026-04-14T06:41:05+00:00\" \/>\n<meta property=\"og:image\" content=\"https:\/\/vapingnet.de\/wp-content\/uploads\/2025\/03\/50K_TRIPLE_BERRY-1.png\" \/>\n\t<meta property=\"og:image:width\" content=\"1000\" \/>\n\t<meta property=\"og:image:height\" content=\"1000\" \/>\n\t<meta property=\"og:image:type\" content=\"image\/png\" \/>\n<meta name=\"twitter:card\" content=\"summary_large_image\" \/>\n<meta name=\"twitter:label1\" content=\"Est. reading time\" \/>\n\t<meta name=\"twitter:data1\" content=\"6 minutes\" \/>\n<script type=\"application\/ld+json\" class=\"yoast-schema-graph\">{\"@context\":\"https:\/\/schema.org\",\"@graph\":[{\"@type\":\"WebPage\",\"@id\":\"https:\/\/vapingnet.de\/vape\/erfrischendes-e-zigaretten-erlebnis-nexa-ultra-50k-triple-berry-die-perfekte-kombination-aus-erdbeere-himbeere-und-blaubeere\/\",\"url\":\"https:\/\/vapingnet.de\/vape\/erfrischendes-e-zigaretten-erlebnis-nexa-ultra-50k-triple-berry-die-perfekte-kombination-aus-erdbeere-himbeere-und-blaubeere\/\",\"name\":\"Erfrischendes E-Zigaretten-Erlebnis NEXA Ultra 50K Triple Berry Die perfekte Kombination aus Erdbeere Himbeere und Blaubeere | Vapingnet.de\",\"isPartOf\":{\"@id\":\"https:\/\/vapingnet.de\/#website\"},\"primaryImageOfPage\":{\"@id\":\"https:\/\/vapingnet.de\/vape\/erfrischendes-e-zigaretten-erlebnis-nexa-ultra-50k-triple-berry-die-perfekte-kombination-aus-erdbeere-himbeere-und-blaubeere\/#primaryimage\"},\"image\":{\"@id\":\"https:\/\/vapingnet.de\/vape\/erfrischendes-e-zigaretten-erlebnis-nexa-ultra-50k-triple-berry-die-perfekte-kombination-aus-erdbeere-himbeere-und-blaubeere\/#primaryimage\"},\"thumbnailUrl\":\"https:\/\/vapingnet.de\/wp-content\/uploads\/2025\/03\/50K_TRIPLE_BERRY-1.png\",\"datePublished\":\"2025-03-19T05:38:30+00:00\",\"dateModified\":\"2026-04-14T06:41:05+00:00\",\"description\":\"NEXA Ultra 50K Triple Berry ist die perfekte Mischung aus Erdbeere, Himbeere und Blaubeere f\u00fcr ein erfrischendes Dampferlebnis\",\"breadcrumb\":{\"@id\":\"https:\/\/vapingnet.de\/vape\/erfrischendes-e-zigaretten-erlebnis-nexa-ultra-50k-triple-berry-die-perfekte-kombination-aus-erdbeere-himbeere-und-blaubeere\/#breadcrumb\"},\"inLanguage\":\"pl-PL\",\"potentialAction\":[{\"@type\":\"ReadAction\",\"target\":[\"https:\/\/vapingnet.de\/vape\/erfrischendes-e-zigaretten-erlebnis-nexa-ultra-50k-triple-berry-die-perfekte-kombination-aus-erdbeere-himbeere-und-blaubeere\/\"]}]},{\"@type\":\"ImageObject\",\"inLanguage\":\"pl-PL\",\"@id\":\"https:\/\/vapingnet.de\/vape\/erfrischendes-e-zigaretten-erlebnis-nexa-ultra-50k-triple-berry-die-perfekte-kombination-aus-erdbeere-himbeere-und-blaubeere\/#primaryimage\",\"url\":\"https:\/\/vapingnet.de\/wp-content\/uploads\/2025\/03\/50K_TRIPLE_BERRY-1.png\",\"contentUrl\":\"https:\/\/vapingnet.de\/wp-content\/uploads\/2025\/03\/50K_TRIPLE_BERRY-1.png\",\"width\":1000,\"height\":1000},{\"@type\":\"BreadcrumbList\",\"@id\":\"https:\/\/vapingnet.de\/vape\/erfrischendes-e-zigaretten-erlebnis-nexa-ultra-50k-triple-berry-die-perfekte-kombination-aus-erdbeere-himbeere-und-blaubeere\/#breadcrumb\",\"itemListElement\":[{\"@type\":\"ListItem\",\"position\":1,\"name\":\"Home\",\"item\":\"https:\/\/vapingnet.de\/\"},{\"@type\":\"ListItem\",\"position\":2,\"name\":\"Shop\",\"item\":\"https:\/\/vapingnet.de\/vape\/\"},{\"@type\":\"ListItem\",\"position\":3,\"name\":\"Erfrischendes E-Zigaretten-Erlebnis NEXA Ultra 50K Triple Berry Die perfekte Kombination aus Erdbeere Himbeere und Blaubeere\"}]},{\"@type\":\"WebSite\",\"@id\":\"https:\/\/vapingnet.de\/#website\",\"url\":\"https:\/\/vapingnet.de\/\",\"name\":\"Vapingnet.de\",\"description\":\"\",\"publisher\":{\"@id\":\"https:\/\/vapingnet.de\/#organization\"},\"potentialAction\":[{\"@type\":\"SearchAction\",\"target\":{\"@type\":\"EntryPoint\",\"urlTemplate\":\"https:\/\/vapingnet.de\/?s={search_term_string}\"},\"query-input\":{\"@type\":\"PropertyValueSpecification\",\"valueRequired\":true,\"valueName\":\"search_term_string\"}}],\"inLanguage\":\"pl-PL\"},{\"@type\":\"Organization\",\"@id\":\"https:\/\/vapingnet.de\/#organization\",\"name\":\"Vapingnet.de\",\"url\":\"https:\/\/vapingnet.de\/\",\"logo\":{\"@type\":\"ImageObject\",\"inLanguage\":\"pl-PL\",\"@id\":\"https:\/\/vapingnet.de\/#\/schema\/logo\/image\/\",\"url\":\"https:\/\/vapingnet.de\/wp-content\/uploads\/2025\/03\/cropped-vapingnet.de_.jpg\",\"contentUrl\":\"https:\/\/vapingnet.de\/wp-content\/uploads\/2025\/03\/cropped-vapingnet.de_.jpg\",\"width\":512,\"height\":512,\"caption\":\"Vapingnet.de\"},\"image\":{\"@id\":\"https:\/\/vapingnet.de\/#\/schema\/logo\/image\/\"},\"sameAs\":[\"https:\/\/www.facebook.com\/vapingnetde\/\"]}]}<\/script>\n<!-- \/ Yoast SEO plugin. -->","yoast_head_json":{"title":"Erfrischendes E-Zigaretten-Erlebnis NEXA Ultra 50K Triple Berry Die perfekte Kombination aus Erdbeere Himbeere und Blaubeere | Vapingnet.de","description":"NEXA Ultra 50K Triple Berry ist die perfekte Mischung aus Erdbeere, Himbeere und Blaubeere f\u00fcr ein erfrischendes Dampferlebnis","robots":{"index":"index","follow":"follow","max-snippet":"max-snippet:-1","max-image-preview":"max-image-preview:large","max-video-preview":"max-video-preview:-1"},"canonical":"https:\/\/vapingnet.de\/pl\/vape\/erfrischendes-e-zigaretten-erlebnis-nexa-ultra-50k-triple-berry-die-perfekte-kombination-aus-erdbeere-himbeere-und-blaubeere\/","og_locale":"pl_PL","og_type":"article","og_title":"Erfrischendes E-Zigaretten-Erlebnis NEXA Ultra 50K Triple Berry Die perfekte Kombination aus Erdbeere Himbeere und Blaubeere | Vapingnet.de","og_description":"NEXA Ultra 50K Triple Berry ist die perfekte Mischung aus Erdbeere, Himbeere und Blaubeere f\u00fcr ein erfrischendes Dampferlebnis","og_url":"https:\/\/vapingnet.de\/pl\/vape\/erfrischendes-e-zigaretten-erlebnis-nexa-ultra-50k-triple-berry-die-perfekte-kombination-aus-erdbeere-himbeere-und-blaubeere\/","og_site_name":"Vapingnet.de","article_publisher":"https:\/\/www.facebook.com\/vapingnetde\/","article_modified_time":"2026-04-14T06:41:05+00:00","og_image":[{"width":1000,"height":1000,"url":"https:\/\/vapingnet.de\/wp-content\/uploads\/2025\/03\/50K_TRIPLE_BERRY-1.png","type":"image\/png"}],"twitter_card":"summary_large_image","twitter_misc":{"Est. reading time":"6 minutes"},"schema":{"@context":"https:\/\/schema.org","@graph":[{"@type":"WebPage","@id":"https:\/\/vapingnet.de\/vape\/erfrischendes-e-zigaretten-erlebnis-nexa-ultra-50k-triple-berry-die-perfekte-kombination-aus-erdbeere-himbeere-und-blaubeere\/","url":"https:\/\/vapingnet.de\/vape\/erfrischendes-e-zigaretten-erlebnis-nexa-ultra-50k-triple-berry-die-perfekte-kombination-aus-erdbeere-himbeere-und-blaubeere\/","name":"Erfrischendes E-Zigaretten-Erlebnis NEXA Ultra 50K Triple Berry Die perfekte Kombination aus Erdbeere Himbeere und Blaubeere | Vapingnet.de","isPartOf":{"@id":"https:\/\/vapingnet.de\/#website"},"primaryImageOfPage":{"@id":"https:\/\/vapingnet.de\/vape\/erfrischendes-e-zigaretten-erlebnis-nexa-ultra-50k-triple-berry-die-perfekte-kombination-aus-erdbeere-himbeere-und-blaubeere\/#primaryimage"},"image":{"@id":"https:\/\/vapingnet.de\/vape\/erfrischendes-e-zigaretten-erlebnis-nexa-ultra-50k-triple-berry-die-perfekte-kombination-aus-erdbeere-himbeere-und-blaubeere\/#primaryimage"},"thumbnailUrl":"https:\/\/vapingnet.de\/wp-content\/uploads\/2025\/03\/50K_TRIPLE_BERRY-1.png","datePublished":"2025-03-19T05:38:30+00:00","dateModified":"2026-04-14T06:41:05+00:00","description":"NEXA Ultra 50K Triple Berry ist die perfekte Mischung aus Erdbeere, Himbeere und Blaubeere f\u00fcr ein erfrischendes Dampferlebnis","breadcrumb":{"@id":"https:\/\/vapingnet.de\/vape\/erfrischendes-e-zigaretten-erlebnis-nexa-ultra-50k-triple-berry-die-perfekte-kombination-aus-erdbeere-himbeere-und-blaubeere\/#breadcrumb"},"inLanguage":"pl-PL","potentialAction":[{"@type":"ReadAction","target":["https:\/\/vapingnet.de\/vape\/erfrischendes-e-zigaretten-erlebnis-nexa-ultra-50k-triple-berry-die-perfekte-kombination-aus-erdbeere-himbeere-und-blaubeere\/"]}]},{"@type":"ImageObject","inLanguage":"pl-PL","@id":"https:\/\/vapingnet.de\/vape\/erfrischendes-e-zigaretten-erlebnis-nexa-ultra-50k-triple-berry-die-perfekte-kombination-aus-erdbeere-himbeere-und-blaubeere\/#primaryimage","url":"https:\/\/vapingnet.de\/wp-content\/uploads\/2025\/03\/50K_TRIPLE_BERRY-1.png","contentUrl":"https:\/\/vapingnet.de\/wp-content\/uploads\/2025\/03\/50K_TRIPLE_BERRY-1.png","width":1000,"height":1000},{"@type":"BreadcrumbList","@id":"https:\/\/vapingnet.de\/vape\/erfrischendes-e-zigaretten-erlebnis-nexa-ultra-50k-triple-berry-die-perfekte-kombination-aus-erdbeere-himbeere-und-blaubeere\/#breadcrumb","itemListElement":[{"@type":"ListItem","position":1,"name":"Home","item":"https:\/\/vapingnet.de\/"},{"@type":"ListItem","position":2,"name":"Shop","item":"https:\/\/vapingnet.de\/vape\/"},{"@type":"ListItem","position":3,"name":"Erfrischendes E-Zigaretten-Erlebnis NEXA Ultra 50K Triple Berry Die perfekte Kombination aus Erdbeere Himbeere und Blaubeere"}]},{"@type":"WebSite","@id":"https:\/\/vapingnet.de\/#website","url":"https:\/\/vapingnet.de\/","name":"Vapingnet.de","description":"","publisher":{"@id":"https:\/\/vapingnet.de\/#organization"},"potentialAction":[{"@type":"SearchAction","target":{"@type":"EntryPoint","urlTemplate":"https:\/\/vapingnet.de\/?s={search_term_string}"},"query-input":{"@type":"PropertyValueSpecification","valueRequired":true,"valueName":"search_term_string"}}],"inLanguage":"pl-PL"},{"@type":"Organization","@id":"https:\/\/vapingnet.de\/#organization","name":"Vapingnet.de","url":"https:\/\/vapingnet.de\/","logo":{"@type":"ImageObject","inLanguage":"pl-PL","@id":"https:\/\/vapingnet.de\/#\/schema\/logo\/image\/","url":"https:\/\/vapingnet.de\/wp-content\/uploads\/2025\/03\/cropped-vapingnet.de_.jpg","contentUrl":"https:\/\/vapingnet.de\/wp-content\/uploads\/2025\/03\/cropped-vapingnet.de_.jpg","width":512,"height":512,"caption":"Vapingnet.de"},"image":{"@id":"https:\/\/vapingnet.de\/#\/schema\/logo\/image\/"},"sameAs":["https:\/\/www.facebook.com\/vapingnetde\/"]}]}},"tiered_pricing_type":"fixed","tiered_pricing_fixed_rules":[],"tiered_pricing_product_settings":{"layout":"default","base_unit_name":{"singular":null,"plural":null},"default_variation":null},"tiered_pricing_minimum_quantity":null,"tiered_pricing_roles_data":[],"tiered_pricing_percentage_rules":[],"_links":{"self":[{"href":"https:\/\/vapingnet.de\/pl\/wp-json\/wp\/v2\/product\/5749","targetHints":{"allow":["GET"]}}],"collection":[{"href":"https:\/\/vapingnet.de\/pl\/wp-json\/wp\/v2\/product"}],"about":[{"href":"https:\/\/vapingnet.de\/pl\/wp-json\/wp\/v2\/types\/product"}],"version-history":[{"count":1,"href":"https:\/\/vapingnet.de\/pl\/wp-json\/wp\/v2\/product\/5749\/revisions"}],"predecessor-version":[{"id":5770,"href":"https:\/\/vapingnet.de\/pl\/wp-json\/wp\/v2\/product\/5749\/revisions\/5770"}],"wp:featuredmedia":[{"embeddable":true,"href":"https:\/\/vapingnet.de\/pl\/wp-json\/wp\/v2\/media\/5721"}],"wp:attachment":[{"href":"https:\/\/vapingnet.de\/pl\/wp-json\/wp\/v2\/media?parent=5749"}],"wp:term":[{"taxonomy":"brand","embeddable":true,"href":"https:\/\/vapingnet.de\/pl\/wp-json\/wp\/v2\/etheme_brands?post=5749"},{"taxonomy":"product_brand","embeddable":true,"href":"https:\/\/vapingnet.de\/pl\/wp-json\/wp\/v2\/product_brand?post=5749"},{"taxonomy":"product_cat","embeddable":true,"href":"https:\/\/vapingnet.de\/pl\/wp-json\/wp\/v2\/product_cat?post=5749"},{"taxonomy":"product_tag","embeddable":true,"href":"https:\/\/vapingnet.de\/pl\/wp-json\/wp\/v2\/product_tag?post=5749"}],"curies":[{"name":"wp","href":"https:\/\/api.w.org\/{rel}","templated":true}]}}