{"id":5808,"date":"2025-03-24T03:07:38","date_gmt":"2025-03-24T03:07:38","guid":{"rendered":"https:\/\/vapingnet.de\/?post_type=product&#038;p=5808"},"modified":"2026-01-25T09:17:39","modified_gmt":"2026-01-25T09:17:39","slug":"erlebe-bang-king-50000-puffs-watermelon-blueberry-cherry-mit-doppeltem","status":"publish","type":"product","link":"https:\/\/vapingnet.de\/pl\/vape\/erlebe-bang-king-50000-puffs-watermelon-blueberry-cherry-mit-doppeltem\/","title":{"rendered":"Do\u015bwiadcz Bang King 50000 Puffs Watermelon &amp; Blueberry Cherry z podw\u00f3jnym"},"content":{"rendered":"<h2 data-start=\"0\" data-end=\"78\">Bang King 50000 Puff Jednorazowa E-papieros \u2013 Nowe do\u015bwiadczenie dla Ciebie<\/h2>\n<p class=\"\" data-start=\"80\" data-end=\"445\">W dziedzinie e-papieros\u00f3w Bang King 50000 Puff Jednorazowy E-papieros \u0142\u0105czy innowacj\u0119 i wydajno\u015b\u0107, oferuj\u0105c u\u017cytkownikom wyj\u0105tkowe doznania. Od imponuj\u0105cej \u017cywotno\u015bci po unikalny podw\u00f3jny smakowy design, ten e-papieros zapewnia u\u017cytkownikom maksymalne doznania pod wzgl\u0119dem smaku, wygl\u0105du i funkcjonalno\u015bci.<\/p>\n<ul>\n<li data-start=\"447\" data-end=\"495\">Ekstremalnie d\u0142uga \u017cywotno\u015b\u0107 \u2013 50000 zaci\u0105gni\u0119\u0107<br \/>\nCo wyr\u00f3\u017cnia Bang King Jednorazowy E-papieros to jego \u017cywotno\u015b\u0107 na poziomie 50000 zaci\u0105gni\u0119\u0107, co jest bardzo rzadkie na rynku. Niezale\u017cnie od tego, czy codziennie, czy podczas podr\u00f3\u017cy, ten e-papieros b\u0119dzie Ci towarzyszy\u0107 przez d\u0142ugi czas, nie wymagaj\u0105c cz\u0119stej wymiany, co zapewnia bezproblemowe u\u017cytkowanie i minimalizuje konieczno\u015b\u0107 wymiany oraz zu\u017cycia.<\/li>\n<li data-start=\"858\" data-end=\"935\">Technologia mesh-spirali \u2013 Klucz do lepszego smaku<br \/>\nDzi\u0119ki spirali mesh o oporno\u015bci 1,0 Ohma, Bang King zapewnia r\u00f3wnomierne i efektywne podgrzewanie e-liquid, co prowadzi do g\u0119stego dymu i intensywnego smaku. Niezale\u017cnie od tego, czy to orze\u017awiaj\u0105cy smak arbuza, czy pe\u0142ny smak jag\u00f3d z wi\u015bni\u0105, technologia mesh-spirali gwarantuje, \u017ce oba smaki b\u0119d\u0105 wyra\u017anie wyczuwalne, a ka\u017cdy zaci\u0105gni\u0119cie dostarczy niezapomnianych wra\u017ce\u0144.<\/li>\n<li data-start=\"1393\" data-end=\"1445\">Podw\u00f3jny smak \u2013 Wielozadaniowa rozkosz<br \/>\nKolejn\u0105 wyr\u00f3\u017cniaj\u0105c\u0105 cech\u0105 Bang King jest jej podw\u00f3jny smak. Mo\u017cesz jednocze\u015bnie cieszy\u0107 si\u0119 smakiem arbuza i jag\u00f3d z wi\u015bni\u0105, co zapewnia r\u00f3\u017cnorodne doznania smakowe. Ka\u017cde zaci\u0105gni\u0119cie to nowe do\u015bwiadczenie, \u0142\u0105cz\u0105ce \u015bwie\u017ce i s\u0142odkie aromaty.<\/li>\n<li data-start=\"1792\" data-end=\"1859\">Efektywne \u0142adowanie \u2013 Bateria 850mAh i port Type-C<br \/>\nBang King posiada bateri\u0119 o pojemno\u015bci 850mAh, zapewniaj\u0105c\u0105 d\u0142ugotrwa\u0142e u\u017cytkowanie, oraz port Type-C do szybkiego \u0142adowania. Nawet przy intensywnym u\u017cytkowaniu bateria pozostaje d\u0142ugo sprawna, a szybkie \u0142adowanie gwarantuje, \u017ce nie b\u0119dziesz musia\u0142 d\u0142ugo czeka\u0107 na na\u0142adowanie urz\u0105dzenia.<\/li>\n<li data-start=\"2192\" data-end=\"2243\">Wy\u015bwietlacz LCD \u2013 Podgl\u0105d stanu na \u017cywo<br \/>\nE-papieros wyposa\u017cony jest w wy\u015bwietlacz LCD, kt\u00f3ry na bie\u017c\u0105co pokazuje aktualny poziom na\u0142adowania baterii. Dzi\u0119ki temu mo\u017cesz mie\u0107 pewno\u015b\u0107, \u017ce bateria jest zawsze wystarczaj\u0105co na\u0142adowana i nigdy nie zostaniesz bez pr\u0105du. To sprawia, \u017ce korzystanie z e-papierosa jest zawsze p\u0142ynne i komfortowe.<\/li>\n<li data-start=\"2550\" data-end=\"2598\">Zakupy bez c\u0142a \u2013 Wygodne zakupy<br \/>\nKupuj\u0105c Bang King 50000 Puff Jednorazowy E-papieros przez vapingnet.de, mo\u017cesz skorzysta\u0107 z zwolnienia z c\u0142a, co czyni zakupy jeszcze prostszymi i ta\u0144szymi. Czas wysy\u0142ki wynosi oko\u0142o 7-15 dni roboczych, a w por\u00f3wnaniu z innymi markami dostawa jest szybsza, wi\u0119c nie musisz d\u0142ugo czeka\u0107 na swoje zam\u00f3wienie.<\/li>\n<li data-start=\"2957\" data-end=\"3014\">R\u00f3\u017cne poziomy nikotyny \u2013 Dla ka\u017cdego potrzebuj\u0105cego<br \/>\nBang King oferuje r\u00f3\u017cne poziomy nikotyny: 0%, 2%, 3%, 5%, aby ka\u017cdy m\u00f3g\u0142 znale\u017a\u0107 co\u015b dla siebie. Niezale\u017cnie od tego, czy preferujesz lekkie inhalacje, czy intensywniejsze do\u015bwiadczenie nikotynowe, mo\u017cesz wybra\u0107 odpowiedni poziom nikotyny i dostosowa\u0107 swoje osobiste do\u015bwiadczenie palenia.<\/li>\n<\/ul>\n<h3 data-start=\"3361\" data-end=\"3371\">Dlaczego Bang King 50000 Puff Jednorazowy E-papieros to idealny wyb\u00f3r dla Ciebie<\/h3>\n<p class=\"\" data-start=\"3373\" data-end=\"3880\">Bang King 50000 Puff Jednorazowy E-papieros wyr\u00f3\u017cnia si\u0119 d\u0142ug\u0105 \u017cywotno\u015bci\u0105, zaawansowan\u0105 technologi\u0105 mesh-spirali, praktycznymi funkcjami \u0142adowania, unikalnym podw\u00f3jnym smakiem oraz wy\u015bwietlaczem LCD pokazuj\u0105cym stan na\u0142adowania. Je\u015bli szukasz trwa\u0142ego i wydajnego e-papierosa, kt\u00f3ry zapewni Ci wyj\u0105tkowe doznania, Bang King 50000 Puff to zdecydowanie w\u0142a\u015bciwy wyb\u00f3r. Odwied\u017a teraz vapingnet.de i do\u015bwiadcz najlepszych wra\u017ce\u0144 z palenia!<\/p>","protected":false},"excerpt":{"rendered":"<p>Bang King 50000 Puff Jednorazowy E-Papieros \u2013 Nowe doznania z palenia dla Ciebie W dziedzinie e-papieros\u00f3w Bang King 50000 Puff Jednorazowy E-Papieros \u0142\u0105czy innowacj\u0119...<\/p>","protected":false},"featured_media":5809,"template":"","meta":[],"etheme_brands":[],"product_brand":[101],"product_cat":[67,49,61,87],"product_tag":[],"class_list":{"0":"post-5808","1":"product","2":"type-product","3":"status-publish","4":"has-post-thumbnail","6":"product_brand-bang-king-vape","7":"product_cat-50k-vape","8":"product_cat-einweg-e-zigarette","9":"product_cat-f","10":"product_cat-v","12":"first","13":"instock","14":"shipping-taxable","15":"purchasable","16":"product-type-simple"},"yoast_head":"<!-- This site is optimized with the Yoast SEO plugin v26.5 - https:\/\/yoast.com\/wordpress\/plugins\/seo\/ -->\n<title>Erlebe Bang King 50000 Puffs Watermelon &amp; Blueberry Cherry mit doppeltem | Vapingnet.de<\/title>\n<meta name=\"description\" content=\"Entdecke Erlebe Bang King 50000 Puffs Watermelon &amp; Blueberry Cherry mit doppeltem bei vapingnet.de, \u25ba Gro\u00dfe Auswahl an Geschmacksrichtungen &amp; super g\u00fcnstig!\" \/>\n<meta name=\"robots\" content=\"index, follow, max-snippet:-1, max-image-preview:large, max-video-preview:-1\" \/>\n<link rel=\"canonical\" href=\"https:\/\/vapingnet.de\/pl\/vape\/erlebe-bang-king-50000-puffs-watermelon-blueberry-cherry-mit-doppeltem\/\" \/>\n<meta property=\"og:locale\" content=\"pl_PL\" \/>\n<meta property=\"og:type\" content=\"article\" \/>\n<meta property=\"og:title\" content=\"Erlebe Bang King 50000 Puffs Watermelon &amp; Blueberry Cherry mit doppeltem | Vapingnet.de\" \/>\n<meta property=\"og:description\" content=\"Entdecke Erlebe Bang King 50000 Puffs Watermelon &amp; Blueberry Cherry mit doppeltem bei vapingnet.de, \u25ba Gro\u00dfe Auswahl an Geschmacksrichtungen &amp; super g\u00fcnstig!\" \/>\n<meta property=\"og:url\" content=\"https:\/\/vapingnet.de\/pl\/vape\/erlebe-bang-king-50000-puffs-watermelon-blueberry-cherry-mit-doppeltem\/\" \/>\n<meta property=\"og:site_name\" content=\"Vapingnet.de\" \/>\n<meta property=\"article:publisher\" content=\"https:\/\/www.facebook.com\/vapingnetde\/\" \/>\n<meta property=\"article:modified_time\" content=\"2026-01-25T09:17:39+00:00\" \/>\n<meta property=\"og:image\" content=\"https:\/\/vapingnet.de\/wp-content\/uploads\/2025\/03\/bang50k-watermelon-und-blueberry-cherry.png\" \/>\n\t<meta property=\"og:image:width\" content=\"1000\" \/>\n\t<meta property=\"og:image:height\" content=\"1000\" \/>\n\t<meta property=\"og:image:type\" content=\"image\/png\" \/>\n<meta name=\"twitter:card\" content=\"summary_large_image\" \/>\n<meta name=\"twitter:label1\" content=\"Est. reading time\" \/>\n\t<meta name=\"twitter:data1\" content=\"4 minutes\" \/>\n<script type=\"application\/ld+json\" class=\"yoast-schema-graph\">{\"@context\":\"https:\/\/schema.org\",\"@graph\":[{\"@type\":\"WebPage\",\"@id\":\"https:\/\/vapingnet.de\/vape\/erlebe-bang-king-50000-puffs-watermelon-blueberry-cherry-mit-doppeltem\/\",\"url\":\"https:\/\/vapingnet.de\/vape\/erlebe-bang-king-50000-puffs-watermelon-blueberry-cherry-mit-doppeltem\/\",\"name\":\"Erlebe Bang King 50000 Puffs Watermelon & Blueberry Cherry mit doppeltem | Vapingnet.de\",\"isPartOf\":{\"@id\":\"https:\/\/vapingnet.de\/#website\"},\"primaryImageOfPage\":{\"@id\":\"https:\/\/vapingnet.de\/vape\/erlebe-bang-king-50000-puffs-watermelon-blueberry-cherry-mit-doppeltem\/#primaryimage\"},\"image\":{\"@id\":\"https:\/\/vapingnet.de\/vape\/erlebe-bang-king-50000-puffs-watermelon-blueberry-cherry-mit-doppeltem\/#primaryimage\"},\"thumbnailUrl\":\"https:\/\/vapingnet.de\/wp-content\/uploads\/2025\/03\/bang50k-watermelon-und-blueberry-cherry.png\",\"datePublished\":\"2025-03-24T03:07:38+00:00\",\"dateModified\":\"2026-01-25T09:17:39+00:00\",\"description\":\"Entdecke Erlebe Bang King 50000 Puffs Watermelon & Blueberry Cherry mit doppeltem bei vapingnet.de, \u25ba Gro\u00dfe Auswahl an Geschmacksrichtungen & super g\u00fcnstig!\",\"breadcrumb\":{\"@id\":\"https:\/\/vapingnet.de\/vape\/erlebe-bang-king-50000-puffs-watermelon-blueberry-cherry-mit-doppeltem\/#breadcrumb\"},\"inLanguage\":\"pl-PL\",\"potentialAction\":[{\"@type\":\"ReadAction\",\"target\":[\"https:\/\/vapingnet.de\/vape\/erlebe-bang-king-50000-puffs-watermelon-blueberry-cherry-mit-doppeltem\/\"]}]},{\"@type\":\"ImageObject\",\"inLanguage\":\"pl-PL\",\"@id\":\"https:\/\/vapingnet.de\/vape\/erlebe-bang-king-50000-puffs-watermelon-blueberry-cherry-mit-doppeltem\/#primaryimage\",\"url\":\"https:\/\/vapingnet.de\/wp-content\/uploads\/2025\/03\/bang50k-watermelon-und-blueberry-cherry.png\",\"contentUrl\":\"https:\/\/vapingnet.de\/wp-content\/uploads\/2025\/03\/bang50k-watermelon-und-blueberry-cherry.png\",\"width\":1000,\"height\":1000,\"caption\":\"bang50k-watermelon und blueberry cherry\"},{\"@type\":\"BreadcrumbList\",\"@id\":\"https:\/\/vapingnet.de\/vape\/erlebe-bang-king-50000-puffs-watermelon-blueberry-cherry-mit-doppeltem\/#breadcrumb\",\"itemListElement\":[{\"@type\":\"ListItem\",\"position\":1,\"name\":\"Home\",\"item\":\"https:\/\/vapingnet.de\/\"},{\"@type\":\"ListItem\",\"position\":2,\"name\":\"Shop\",\"item\":\"https:\/\/vapingnet.de\/vape\/\"},{\"@type\":\"ListItem\",\"position\":3,\"name\":\"Erlebe Bang King 50000 Puffs Watermelon &#038; Blueberry Cherry mit doppeltem\"}]},{\"@type\":\"WebSite\",\"@id\":\"https:\/\/vapingnet.de\/#website\",\"url\":\"https:\/\/vapingnet.de\/\",\"name\":\"Vapingnet.de\",\"description\":\"\",\"publisher\":{\"@id\":\"https:\/\/vapingnet.de\/#organization\"},\"potentialAction\":[{\"@type\":\"SearchAction\",\"target\":{\"@type\":\"EntryPoint\",\"urlTemplate\":\"https:\/\/vapingnet.de\/?s={search_term_string}\"},\"query-input\":{\"@type\":\"PropertyValueSpecification\",\"valueRequired\":true,\"valueName\":\"search_term_string\"}}],\"inLanguage\":\"pl-PL\"},{\"@type\":\"Organization\",\"@id\":\"https:\/\/vapingnet.de\/#organization\",\"name\":\"Vapingnet.de\",\"url\":\"https:\/\/vapingnet.de\/\",\"logo\":{\"@type\":\"ImageObject\",\"inLanguage\":\"pl-PL\",\"@id\":\"https:\/\/vapingnet.de\/#\/schema\/logo\/image\/\",\"url\":\"https:\/\/vapingnet.de\/wp-content\/uploads\/2025\/03\/cropped-vapingnet.de_.jpg\",\"contentUrl\":\"https:\/\/vapingnet.de\/wp-content\/uploads\/2025\/03\/cropped-vapingnet.de_.jpg\",\"width\":512,\"height\":512,\"caption\":\"Vapingnet.de\"},\"image\":{\"@id\":\"https:\/\/vapingnet.de\/#\/schema\/logo\/image\/\"},\"sameAs\":[\"https:\/\/www.facebook.com\/vapingnetde\/\"]}]}<\/script>\n<!-- \/ Yoast SEO plugin. -->","yoast_head_json":{"title":"Erlebe Bang King 50000 Puffs Watermelon & Blueberry Cherry mit doppeltem | Vapingnet.de","description":"Entdecke Erlebe Bang King 50000 Puffs Watermelon & Blueberry Cherry mit doppeltem bei vapingnet.de, \u25ba Gro\u00dfe Auswahl an Geschmacksrichtungen & super g\u00fcnstig!","robots":{"index":"index","follow":"follow","max-snippet":"max-snippet:-1","max-image-preview":"max-image-preview:large","max-video-preview":"max-video-preview:-1"},"canonical":"https:\/\/vapingnet.de\/pl\/vape\/erlebe-bang-king-50000-puffs-watermelon-blueberry-cherry-mit-doppeltem\/","og_locale":"pl_PL","og_type":"article","og_title":"Erlebe Bang King 50000 Puffs Watermelon & Blueberry Cherry mit doppeltem | Vapingnet.de","og_description":"Entdecke Erlebe Bang King 50000 Puffs Watermelon & Blueberry Cherry mit doppeltem bei vapingnet.de, \u25ba Gro\u00dfe Auswahl an Geschmacksrichtungen & super g\u00fcnstig!","og_url":"https:\/\/vapingnet.de\/pl\/vape\/erlebe-bang-king-50000-puffs-watermelon-blueberry-cherry-mit-doppeltem\/","og_site_name":"Vapingnet.de","article_publisher":"https:\/\/www.facebook.com\/vapingnetde\/","article_modified_time":"2026-01-25T09:17:39+00:00","og_image":[{"width":1000,"height":1000,"url":"https:\/\/vapingnet.de\/wp-content\/uploads\/2025\/03\/bang50k-watermelon-und-blueberry-cherry.png","type":"image\/png"}],"twitter_card":"summary_large_image","twitter_misc":{"Est. reading time":"4 minutes"},"schema":{"@context":"https:\/\/schema.org","@graph":[{"@type":"WebPage","@id":"https:\/\/vapingnet.de\/vape\/erlebe-bang-king-50000-puffs-watermelon-blueberry-cherry-mit-doppeltem\/","url":"https:\/\/vapingnet.de\/vape\/erlebe-bang-king-50000-puffs-watermelon-blueberry-cherry-mit-doppeltem\/","name":"Erlebe Bang King 50000 Puffs Watermelon & Blueberry Cherry mit doppeltem | Vapingnet.de","isPartOf":{"@id":"https:\/\/vapingnet.de\/#website"},"primaryImageOfPage":{"@id":"https:\/\/vapingnet.de\/vape\/erlebe-bang-king-50000-puffs-watermelon-blueberry-cherry-mit-doppeltem\/#primaryimage"},"image":{"@id":"https:\/\/vapingnet.de\/vape\/erlebe-bang-king-50000-puffs-watermelon-blueberry-cherry-mit-doppeltem\/#primaryimage"},"thumbnailUrl":"https:\/\/vapingnet.de\/wp-content\/uploads\/2025\/03\/bang50k-watermelon-und-blueberry-cherry.png","datePublished":"2025-03-24T03:07:38+00:00","dateModified":"2026-01-25T09:17:39+00:00","description":"Entdecke Erlebe Bang King 50000 Puffs Watermelon & Blueberry Cherry mit doppeltem bei vapingnet.de, \u25ba Gro\u00dfe Auswahl an Geschmacksrichtungen & super g\u00fcnstig!","breadcrumb":{"@id":"https:\/\/vapingnet.de\/vape\/erlebe-bang-king-50000-puffs-watermelon-blueberry-cherry-mit-doppeltem\/#breadcrumb"},"inLanguage":"pl-PL","potentialAction":[{"@type":"ReadAction","target":["https:\/\/vapingnet.de\/vape\/erlebe-bang-king-50000-puffs-watermelon-blueberry-cherry-mit-doppeltem\/"]}]},{"@type":"ImageObject","inLanguage":"pl-PL","@id":"https:\/\/vapingnet.de\/vape\/erlebe-bang-king-50000-puffs-watermelon-blueberry-cherry-mit-doppeltem\/#primaryimage","url":"https:\/\/vapingnet.de\/wp-content\/uploads\/2025\/03\/bang50k-watermelon-und-blueberry-cherry.png","contentUrl":"https:\/\/vapingnet.de\/wp-content\/uploads\/2025\/03\/bang50k-watermelon-und-blueberry-cherry.png","width":1000,"height":1000,"caption":"bang50k-watermelon und blueberry cherry"},{"@type":"BreadcrumbList","@id":"https:\/\/vapingnet.de\/vape\/erlebe-bang-king-50000-puffs-watermelon-blueberry-cherry-mit-doppeltem\/#breadcrumb","itemListElement":[{"@type":"ListItem","position":1,"name":"Home","item":"https:\/\/vapingnet.de\/"},{"@type":"ListItem","position":2,"name":"Shop","item":"https:\/\/vapingnet.de\/vape\/"},{"@type":"ListItem","position":3,"name":"Erlebe Bang King 50000 Puffs Watermelon &#038; Blueberry Cherry mit doppeltem"}]},{"@type":"WebSite","@id":"https:\/\/vapingnet.de\/#website","url":"https:\/\/vapingnet.de\/","name":"Vapingnet.de","description":"","publisher":{"@id":"https:\/\/vapingnet.de\/#organization"},"potentialAction":[{"@type":"SearchAction","target":{"@type":"EntryPoint","urlTemplate":"https:\/\/vapingnet.de\/?s={search_term_string}"},"query-input":{"@type":"PropertyValueSpecification","valueRequired":true,"valueName":"search_term_string"}}],"inLanguage":"pl-PL"},{"@type":"Organization","@id":"https:\/\/vapingnet.de\/#organization","name":"Vapingnet.de","url":"https:\/\/vapingnet.de\/","logo":{"@type":"ImageObject","inLanguage":"pl-PL","@id":"https:\/\/vapingnet.de\/#\/schema\/logo\/image\/","url":"https:\/\/vapingnet.de\/wp-content\/uploads\/2025\/03\/cropped-vapingnet.de_.jpg","contentUrl":"https:\/\/vapingnet.de\/wp-content\/uploads\/2025\/03\/cropped-vapingnet.de_.jpg","width":512,"height":512,"caption":"Vapingnet.de"},"image":{"@id":"https:\/\/vapingnet.de\/#\/schema\/logo\/image\/"},"sameAs":["https:\/\/www.facebook.com\/vapingnetde\/"]}]}},"tiered_pricing_type":"fixed","tiered_pricing_fixed_rules":{"10":"12.44","60":"11.96","110":"10.63","200":"9.3"},"tiered_pricing_product_settings":{"layout":"default","base_unit_name":{"singular":null,"plural":null},"default_variation":null},"tiered_pricing_minimum_quantity":null,"tiered_pricing_roles_data":[],"tiered_pricing_percentage_rules":[],"_links":{"self":[{"href":"https:\/\/vapingnet.de\/pl\/wp-json\/wp\/v2\/product\/5808","targetHints":{"allow":["GET"]}}],"collection":[{"href":"https:\/\/vapingnet.de\/pl\/wp-json\/wp\/v2\/product"}],"about":[{"href":"https:\/\/vapingnet.de\/pl\/wp-json\/wp\/v2\/types\/product"}],"version-history":[{"count":3,"href":"https:\/\/vapingnet.de\/pl\/wp-json\/wp\/v2\/product\/5808\/revisions"}],"predecessor-version":[{"id":7547,"href":"https:\/\/vapingnet.de\/pl\/wp-json\/wp\/v2\/product\/5808\/revisions\/7547"}],"wp:featuredmedia":[{"embeddable":true,"href":"https:\/\/vapingnet.de\/pl\/wp-json\/wp\/v2\/media\/5809"}],"wp:attachment":[{"href":"https:\/\/vapingnet.de\/pl\/wp-json\/wp\/v2\/media?parent=5808"}],"wp:term":[{"taxonomy":"brand","embeddable":true,"href":"https:\/\/vapingnet.de\/pl\/wp-json\/wp\/v2\/etheme_brands?post=5808"},{"taxonomy":"product_brand","embeddable":true,"href":"https:\/\/vapingnet.de\/pl\/wp-json\/wp\/v2\/product_brand?post=5808"},{"taxonomy":"product_cat","embeddable":true,"href":"https:\/\/vapingnet.de\/pl\/wp-json\/wp\/v2\/product_cat?post=5808"},{"taxonomy":"product_tag","embeddable":true,"href":"https:\/\/vapingnet.de\/pl\/wp-json\/wp\/v2\/product_tag?post=5808"}],"curies":[{"name":"wp","href":"https:\/\/api.w.org\/{rel}","templated":true}]}}