{"id":5811,"date":"2025-03-24T03:17:05","date_gmt":"2025-03-24T03:17:05","guid":{"rendered":"https:\/\/vapingnet.de\/?post_type=product&#038;p=5811"},"modified":"2026-01-25T09:17:01","modified_gmt":"2026-01-25T09:17:01","slug":"bang-king-50000-puffs-blueberry-ice-peach-mango-watermelon-direktverkauf-ab-werk-weltweit-meistverkauft","status":"publish","type":"product","link":"https:\/\/vapingnet.de\/pl\/vape\/bang-king-50000-puffs-blueberry-ice-peach-mango-watermelon-direktverkauf-ab-werk-weltweit-meistverkauft\/","title":{"rendered":"Bang King 50000 Puffs Blueberry Ice &amp; Peach Mango Watermelon bezpo\u015brednia sprzeda\u017c z fabryki na ca\u0142ym \u015bwiecie, najcz\u0119\u015bciej sprzedawany"},"content":{"rendered":"<h2 data-start=\"30\" data-end=\"134\">Bang King 50000 Puffs Jednorazowa E-papieros: D\u0142ugotrwa\u0142e do\u015bwiadczenie z podw\u00f3jnym smakiem<\/h2>\n<p class=\"\" data-start=\"136\" data-end=\"539\">Bang King 50000 Puffs Jednorazowy E-papieros, z jego ogromn\u0105 pojemno\u015bci\u0105, mocn\u0105 bateri\u0105 i podw\u00f3jnym smakiem, sta\u0142 si\u0119 prawdziwym hitem na rynku. Ka\u017cde zaci\u0105gni\u0119cie zapewnia intensywny smak i pozwala cieszy\u0107 si\u0119 d\u0142ugotrwa\u0142ym, wysokiej jako\u015bci do\u015bwiadczeniem parowania. Niezale\u017cnie od codziennego u\u017cytku czy podr\u00f3\u017cy \u2013 Bang King spe\u0142ni wszystkie Twoje potrzeby.<\/p>\n<h4 data-start=\"546\" data-end=\"570\">Cechy produktu<\/h4>\n<ul data-start=\"572\" data-end=\"2058\">\n<li class=\"\" data-start=\"572\" data-end=\"868\">\n<p class=\"\" data-start=\"574\" data-end=\"868\">Niezapomniane u\u017cytkowanie: do 50 000 zagra\u0144<br data-start=\"620\" data-end=\"623\" \/>Ten jednorazowy e-papieros oferuje do 50 000 zagra\u0144 przy 50 ml e-liquid, dzi\u0119ki czemu mo\u017cna go u\u017cywa\u0107 przez d\u0142ugi czas. Niezale\u017cnie od tego, czy na co dzie\u0144, czy w podr\u00f3\u017cy \u2013 nie musisz si\u0119 martwi\u0107 o cz\u0119st\u0105 wymian\u0119 urz\u0105dzenia.<\/p>\n<\/li>\n<li class=\"\" data-start=\"870\" data-end=\"1129\">\n<p class=\"\" data-start=\"872\" data-end=\"1129\">Zaawansowana technologia mesh-spirali<br data-start=\"915\" data-end=\"918\" \/>Wyposa\u017cony w mesh-spiral o oporno\u015bci 1,0 Ohma, Bang King zapewnia r\u00f3wnomierne podgrzewanie i g\u0119sty, jednolity dym. Ka\u017cde zaci\u0105gni\u0119cie jest r\u00f3wnomierne, co gwarantuje sta\u0142\u0105 wysok\u0105 jako\u015b\u0107.<\/p>\n<\/li>\n<li class=\"\" data-start=\"1131\" data-end=\"1449\">\n<p class=\"\" data-start=\"1133\" data-end=\"1449\">Podw\u00f3jne opcje smakowe dla podw\u00f3jnej rado\u015bci<br data-start=\"1184\" data-end=\"1187\" \/>Bang King oferuje dwa smaki: \u201eBlueberry Ice\u201d i \u201ePeach Mango Watermelon\u201d. Blueberry Ice zapewnia orze\u017awiaj\u0105cy ch\u0142odny akcent, podczas gdy Peach Mango Watermelon \u0142\u0105czy s\u0142odki, tropikalny smak, czyni\u0105c do\u015bwiadczenie parowania jeszcze bardziej ekscytuj\u0105cym.<\/p>\n<\/li>\n<li class=\"\" data-start=\"1451\" data-end=\"1645\">\n<p class=\"\" data-start=\"1453\" data-end=\"1645\">R\u00f3\u017cne poziomy nikotyny do wyboru<br data-start=\"1496\" data-end=\"1499\" \/>Bang King dost\u0119pny jest w poziomach nikotyny 0%, 2%, 3% i 5%, dzi\u0119ki czemu mo\u017cesz wybra\u0107 idealny poziom nikotyny wed\u0142ug w\u0142asnych preferencji.<\/p>\n<\/li>\n<li class=\"\" data-start=\"1647\" data-end=\"1852\">\n<p class=\"\" data-start=\"1649\" data-end=\"1852\">Bateria 850mAh, szybkie \u0142adowanie<br data-start=\"1688\" data-end=\"1691\" \/>Z bateri\u0105 850mAh i portem \u0142adowania Type-C, Bang King oferuje szybkie \u0142adowanie, dzi\u0119ki czemu mo\u017cesz go na\u0142adowa\u0107 w ka\u017cdej chwili i dalej cieszy\u0107 si\u0119 u\u017cytkowaniem.<\/p>\n<\/li>\n<li class=\"\" data-start=\"1854\" data-end=\"2058\">\n<p class=\"\" data-start=\"1856\" data-end=\"2058\">Wy\u015bwietlacz LCD<br data-start=\"1878\" data-end=\"1881\" \/>Wbudowany wy\u015bwietlacz LCD pokazuje poziom na\u0142adowania baterii w czasie rzeczywistym, dzi\u0119ki czemu zawsze wiesz, ile energii pozosta\u0142o i kiedy nale\u017cy na\u0142adowa\u0107 urz\u0105dzenie.<\/p>\n<\/li>\n<\/ul>\n<h3 data-start=\"2065\" data-end=\"2113\">Zalety zakupu Bang King 50000 Puffs<\/h3>\n<ul data-start=\"2115\" data-end=\"2678\">\n<li class=\"\" data-start=\"2115\" data-end=\"2296\">\n<p class=\"\" data-start=\"2117\" data-end=\"2296\">Zakupy bez c\u0142a<br data-start=\"2139\" data-end=\"2142\" \/>Kupuj\u0105c w vapingnet.de, korzystasz z zakup\u00f3w bez c\u0142a i oszcz\u0119dzasz na dodatkowych kosztach. To sprawia, \u017ce zakupy s\u0105 jeszcze przyjemniejsze.<\/p>\n<\/li>\n<li class=\"\" data-start=\"2298\" data-end=\"2482\">\n<p class=\"\" data-start=\"2300\" data-end=\"2482\">Szybka wysy\u0142ka w ci\u0105gu 7-15 dni roboczych<br data-start=\"2350\" data-end=\"2353\" \/>Oferujemy szybk\u0105 wysy\u0142k\u0119 w ci\u0105gu 7-15 dni roboczych, dzi\u0119ki czemu szybko otrzymasz sw\u00f3j produkt i nie b\u0119dziesz musia\u0142 d\u0142ugo czeka\u0107.<\/p>\n<\/li>\n<li class=\"\" data-start=\"2484\" data-end=\"2678\">\n<p class=\"\" data-start=\"2486\" data-end=\"2678\">Proste zam\u00f3wienie i szybka dostawa<br data-start=\"2532\" data-end=\"2535\" \/>Na vapingnet.de mo\u017cesz szybko i \u0142atwo wybra\u0107 i zam\u00f3wi\u0107 swoje wymarzone produkty. Twoje zam\u00f3wienie zostanie dostarczone bezpo\u015brednio pod wskazany adres.<\/p>\n<\/li>\n<\/ul>\n<h3 data-start=\"2685\" data-end=\"2742\">Dlaczego Bang King 50000 Puffs powinien by\u0107 Twoim wyborem<\/h3>\n<p class=\"\" data-start=\"2744\" data-end=\"3124\">Jednorazowa e-papieros Bang King 50000 Puffs oferuje d\u0142ugi czas u\u017cytkowania, mocne funkcje i podw\u00f3jn\u0105 ilo\u015b\u0107 smaku, zapewniaj\u0105c idealne do\u015bwiadczenie dla wszystkich, kt\u00f3rzy chc\u0105 wycisn\u0105\u0107 wi\u0119cej ze swojego urz\u0105dzenia. Odwied\u017a ju\u017c dzi\u015b vapingnet.de i zam\u00f3w swojego Bang King 50000 Puffs \u2013 do\u015bwiadcz vaping na nowym poziomie!<\/p>","protected":false},"excerpt":{"rendered":"<p>Bang King 50000 Pali Jednorazowy e-papieros: D\u0142ugotrwa\u0142e do\u015bwiadczenie z podw\u00f3jnym smakiem Bang King 50000 Pali to jednorazowy e-papieros o ogromnej pojemno\u015bci,...<\/p>","protected":false},"featured_media":5818,"template":"","meta":[],"etheme_brands":[],"product_brand":[101],"product_cat":[67,49,61,87],"product_tag":[],"class_list":{"0":"post-5811","1":"product","2":"type-product","3":"status-publish","4":"has-post-thumbnail","6":"product_brand-bang-king-vape","7":"product_cat-50k-vape","8":"product_cat-einweg-e-zigarette","9":"product_cat-f","10":"product_cat-v","12":"first","13":"instock","14":"shipping-taxable","15":"purchasable","16":"product-type-simple"},"yoast_head":"<!-- This site is optimized with the Yoast SEO plugin v26.5 - https:\/\/yoast.com\/wordpress\/plugins\/seo\/ -->\n<title>Bang King 50000 Puffs Blueberry Ice &amp; Peach Mango Watermelon Direktverkauf ab Werk weltweit meistverkauft | Vapingnet.de<\/title>\n<meta name=\"description\" content=\"Entdecke Bang King 50000 Puffs Blueberry Ice &amp; Peach Mango Watermelon Direktverkauf ab Werk weltweit meistverkauft bei vapingnet.de, \u25ba Gro\u00dfe Auswahl an Geschmacksrichtungen &amp; super g\u00fcnstig!\" \/>\n<meta name=\"robots\" content=\"index, follow, max-snippet:-1, max-image-preview:large, max-video-preview:-1\" \/>\n<link rel=\"canonical\" href=\"https:\/\/vapingnet.de\/pl\/vape\/bang-king-50000-puffs-blueberry-ice-peach-mango-watermelon-direktverkauf-ab-werk-weltweit-meistverkauft\/\" \/>\n<meta property=\"og:locale\" content=\"pl_PL\" \/>\n<meta property=\"og:type\" content=\"article\" \/>\n<meta property=\"og:title\" content=\"Bang King 50000 Puffs Blueberry Ice &amp; Peach Mango Watermelon Direktverkauf ab Werk weltweit meistverkauft | Vapingnet.de\" \/>\n<meta property=\"og:description\" content=\"Entdecke Bang King 50000 Puffs Blueberry Ice &amp; Peach Mango Watermelon Direktverkauf ab Werk weltweit meistverkauft bei vapingnet.de, \u25ba Gro\u00dfe Auswahl an Geschmacksrichtungen &amp; super g\u00fcnstig!\" \/>\n<meta property=\"og:url\" content=\"https:\/\/vapingnet.de\/pl\/vape\/bang-king-50000-puffs-blueberry-ice-peach-mango-watermelon-direktverkauf-ab-werk-weltweit-meistverkauft\/\" \/>\n<meta property=\"og:site_name\" content=\"Vapingnet.de\" \/>\n<meta property=\"article:publisher\" content=\"https:\/\/www.facebook.com\/vapingnetde\/\" \/>\n<meta property=\"article:modified_time\" content=\"2026-01-25T09:17:01+00:00\" \/>\n<meta property=\"og:image\" content=\"https:\/\/vapingnet.de\/wp-content\/uploads\/2025\/03\/bang50k-blueberry-ice-und-peach-mango-watermelon.png\" \/>\n\t<meta property=\"og:image:width\" content=\"1000\" \/>\n\t<meta property=\"og:image:height\" content=\"1000\" \/>\n\t<meta property=\"og:image:type\" content=\"image\/png\" \/>\n<meta name=\"twitter:card\" content=\"summary_large_image\" \/>\n<meta name=\"twitter:label1\" content=\"Est. reading time\" \/>\n\t<meta name=\"twitter:data1\" content=\"3 minutes\" \/>\n<script type=\"application\/ld+json\" class=\"yoast-schema-graph\">{\"@context\":\"https:\/\/schema.org\",\"@graph\":[{\"@type\":\"WebPage\",\"@id\":\"https:\/\/vapingnet.de\/vape\/bang-king-50000-puffs-blueberry-ice-peach-mango-watermelon-direktverkauf-ab-werk-weltweit-meistverkauft\/\",\"url\":\"https:\/\/vapingnet.de\/vape\/bang-king-50000-puffs-blueberry-ice-peach-mango-watermelon-direktverkauf-ab-werk-weltweit-meistverkauft\/\",\"name\":\"Bang King 50000 Puffs Blueberry Ice & Peach Mango Watermelon Direktverkauf ab Werk weltweit meistverkauft | Vapingnet.de\",\"isPartOf\":{\"@id\":\"https:\/\/vapingnet.de\/#website\"},\"primaryImageOfPage\":{\"@id\":\"https:\/\/vapingnet.de\/vape\/bang-king-50000-puffs-blueberry-ice-peach-mango-watermelon-direktverkauf-ab-werk-weltweit-meistverkauft\/#primaryimage\"},\"image\":{\"@id\":\"https:\/\/vapingnet.de\/vape\/bang-king-50000-puffs-blueberry-ice-peach-mango-watermelon-direktverkauf-ab-werk-weltweit-meistverkauft\/#primaryimage\"},\"thumbnailUrl\":\"https:\/\/vapingnet.de\/wp-content\/uploads\/2025\/03\/bang50k-blueberry-ice-und-peach-mango-watermelon.png\",\"datePublished\":\"2025-03-24T03:17:05+00:00\",\"dateModified\":\"2026-01-25T09:17:01+00:00\",\"description\":\"Entdecke Bang King 50000 Puffs Blueberry Ice & Peach Mango Watermelon Direktverkauf ab Werk weltweit meistverkauft bei vapingnet.de, \u25ba Gro\u00dfe Auswahl an Geschmacksrichtungen & super g\u00fcnstig!\",\"breadcrumb\":{\"@id\":\"https:\/\/vapingnet.de\/vape\/bang-king-50000-puffs-blueberry-ice-peach-mango-watermelon-direktverkauf-ab-werk-weltweit-meistverkauft\/#breadcrumb\"},\"inLanguage\":\"pl-PL\",\"potentialAction\":[{\"@type\":\"ReadAction\",\"target\":[\"https:\/\/vapingnet.de\/vape\/bang-king-50000-puffs-blueberry-ice-peach-mango-watermelon-direktverkauf-ab-werk-weltweit-meistverkauft\/\"]}]},{\"@type\":\"ImageObject\",\"inLanguage\":\"pl-PL\",\"@id\":\"https:\/\/vapingnet.de\/vape\/bang-king-50000-puffs-blueberry-ice-peach-mango-watermelon-direktverkauf-ab-werk-weltweit-meistverkauft\/#primaryimage\",\"url\":\"https:\/\/vapingnet.de\/wp-content\/uploads\/2025\/03\/bang50k-blueberry-ice-und-peach-mango-watermelon.png\",\"contentUrl\":\"https:\/\/vapingnet.de\/wp-content\/uploads\/2025\/03\/bang50k-blueberry-ice-und-peach-mango-watermelon.png\",\"width\":1000,\"height\":1000,\"caption\":\"bang50k-blueberry ice und peach mango watermelon\"},{\"@type\":\"BreadcrumbList\",\"@id\":\"https:\/\/vapingnet.de\/vape\/bang-king-50000-puffs-blueberry-ice-peach-mango-watermelon-direktverkauf-ab-werk-weltweit-meistverkauft\/#breadcrumb\",\"itemListElement\":[{\"@type\":\"ListItem\",\"position\":1,\"name\":\"Home\",\"item\":\"https:\/\/vapingnet.de\/\"},{\"@type\":\"ListItem\",\"position\":2,\"name\":\"Shop\",\"item\":\"https:\/\/vapingnet.de\/vape\/\"},{\"@type\":\"ListItem\",\"position\":3,\"name\":\"Bang King 50000 Puffs Blueberry Ice &#038; Peach Mango Watermelon Direktverkauf ab Werk weltweit meistverkauft\"}]},{\"@type\":\"WebSite\",\"@id\":\"https:\/\/vapingnet.de\/#website\",\"url\":\"https:\/\/vapingnet.de\/\",\"name\":\"Vapingnet.de\",\"description\":\"\",\"publisher\":{\"@id\":\"https:\/\/vapingnet.de\/#organization\"},\"potentialAction\":[{\"@type\":\"SearchAction\",\"target\":{\"@type\":\"EntryPoint\",\"urlTemplate\":\"https:\/\/vapingnet.de\/?s={search_term_string}\"},\"query-input\":{\"@type\":\"PropertyValueSpecification\",\"valueRequired\":true,\"valueName\":\"search_term_string\"}}],\"inLanguage\":\"pl-PL\"},{\"@type\":\"Organization\",\"@id\":\"https:\/\/vapingnet.de\/#organization\",\"name\":\"Vapingnet.de\",\"url\":\"https:\/\/vapingnet.de\/\",\"logo\":{\"@type\":\"ImageObject\",\"inLanguage\":\"pl-PL\",\"@id\":\"https:\/\/vapingnet.de\/#\/schema\/logo\/image\/\",\"url\":\"https:\/\/vapingnet.de\/wp-content\/uploads\/2025\/03\/cropped-vapingnet.de_.jpg\",\"contentUrl\":\"https:\/\/vapingnet.de\/wp-content\/uploads\/2025\/03\/cropped-vapingnet.de_.jpg\",\"width\":512,\"height\":512,\"caption\":\"Vapingnet.de\"},\"image\":{\"@id\":\"https:\/\/vapingnet.de\/#\/schema\/logo\/image\/\"},\"sameAs\":[\"https:\/\/www.facebook.com\/vapingnetde\/\"]}]}<\/script>\n<!-- \/ Yoast SEO plugin. -->","yoast_head_json":{"title":"Bang King 50000 Puffs Blueberry Ice & Peach Mango Watermelon Direktverkauf ab Werk weltweit meistverkauft | Vapingnet.de","description":"Entdecke Bang King 50000 Puffs Blueberry Ice & Peach Mango Watermelon Direktverkauf ab Werk weltweit meistverkauft bei vapingnet.de, \u25ba Gro\u00dfe Auswahl an Geschmacksrichtungen & super g\u00fcnstig!","robots":{"index":"index","follow":"follow","max-snippet":"max-snippet:-1","max-image-preview":"max-image-preview:large","max-video-preview":"max-video-preview:-1"},"canonical":"https:\/\/vapingnet.de\/pl\/vape\/bang-king-50000-puffs-blueberry-ice-peach-mango-watermelon-direktverkauf-ab-werk-weltweit-meistverkauft\/","og_locale":"pl_PL","og_type":"article","og_title":"Bang King 50000 Puffs Blueberry Ice & Peach Mango Watermelon Direktverkauf ab Werk weltweit meistverkauft | Vapingnet.de","og_description":"Entdecke Bang King 50000 Puffs Blueberry Ice & Peach Mango Watermelon Direktverkauf ab Werk weltweit meistverkauft bei vapingnet.de, \u25ba Gro\u00dfe Auswahl an Geschmacksrichtungen & super g\u00fcnstig!","og_url":"https:\/\/vapingnet.de\/pl\/vape\/bang-king-50000-puffs-blueberry-ice-peach-mango-watermelon-direktverkauf-ab-werk-weltweit-meistverkauft\/","og_site_name":"Vapingnet.de","article_publisher":"https:\/\/www.facebook.com\/vapingnetde\/","article_modified_time":"2026-01-25T09:17:01+00:00","og_image":[{"width":1000,"height":1000,"url":"https:\/\/vapingnet.de\/wp-content\/uploads\/2025\/03\/bang50k-blueberry-ice-und-peach-mango-watermelon.png","type":"image\/png"}],"twitter_card":"summary_large_image","twitter_misc":{"Est. reading time":"3 minutes"},"schema":{"@context":"https:\/\/schema.org","@graph":[{"@type":"WebPage","@id":"https:\/\/vapingnet.de\/vape\/bang-king-50000-puffs-blueberry-ice-peach-mango-watermelon-direktverkauf-ab-werk-weltweit-meistverkauft\/","url":"https:\/\/vapingnet.de\/vape\/bang-king-50000-puffs-blueberry-ice-peach-mango-watermelon-direktverkauf-ab-werk-weltweit-meistverkauft\/","name":"Bang King 50000 Puffs Blueberry Ice & Peach Mango Watermelon Direktverkauf ab Werk weltweit meistverkauft | Vapingnet.de","isPartOf":{"@id":"https:\/\/vapingnet.de\/#website"},"primaryImageOfPage":{"@id":"https:\/\/vapingnet.de\/vape\/bang-king-50000-puffs-blueberry-ice-peach-mango-watermelon-direktverkauf-ab-werk-weltweit-meistverkauft\/#primaryimage"},"image":{"@id":"https:\/\/vapingnet.de\/vape\/bang-king-50000-puffs-blueberry-ice-peach-mango-watermelon-direktverkauf-ab-werk-weltweit-meistverkauft\/#primaryimage"},"thumbnailUrl":"https:\/\/vapingnet.de\/wp-content\/uploads\/2025\/03\/bang50k-blueberry-ice-und-peach-mango-watermelon.png","datePublished":"2025-03-24T03:17:05+00:00","dateModified":"2026-01-25T09:17:01+00:00","description":"Entdecke Bang King 50000 Puffs Blueberry Ice & Peach Mango Watermelon Direktverkauf ab Werk weltweit meistverkauft bei vapingnet.de, \u25ba Gro\u00dfe Auswahl an Geschmacksrichtungen & super g\u00fcnstig!","breadcrumb":{"@id":"https:\/\/vapingnet.de\/vape\/bang-king-50000-puffs-blueberry-ice-peach-mango-watermelon-direktverkauf-ab-werk-weltweit-meistverkauft\/#breadcrumb"},"inLanguage":"pl-PL","potentialAction":[{"@type":"ReadAction","target":["https:\/\/vapingnet.de\/vape\/bang-king-50000-puffs-blueberry-ice-peach-mango-watermelon-direktverkauf-ab-werk-weltweit-meistverkauft\/"]}]},{"@type":"ImageObject","inLanguage":"pl-PL","@id":"https:\/\/vapingnet.de\/vape\/bang-king-50000-puffs-blueberry-ice-peach-mango-watermelon-direktverkauf-ab-werk-weltweit-meistverkauft\/#primaryimage","url":"https:\/\/vapingnet.de\/wp-content\/uploads\/2025\/03\/bang50k-blueberry-ice-und-peach-mango-watermelon.png","contentUrl":"https:\/\/vapingnet.de\/wp-content\/uploads\/2025\/03\/bang50k-blueberry-ice-und-peach-mango-watermelon.png","width":1000,"height":1000,"caption":"bang50k-blueberry ice und peach mango watermelon"},{"@type":"BreadcrumbList","@id":"https:\/\/vapingnet.de\/vape\/bang-king-50000-puffs-blueberry-ice-peach-mango-watermelon-direktverkauf-ab-werk-weltweit-meistverkauft\/#breadcrumb","itemListElement":[{"@type":"ListItem","position":1,"name":"Home","item":"https:\/\/vapingnet.de\/"},{"@type":"ListItem","position":2,"name":"Shop","item":"https:\/\/vapingnet.de\/vape\/"},{"@type":"ListItem","position":3,"name":"Bang King 50000 Puffs Blueberry Ice &#038; Peach Mango Watermelon Direktverkauf ab Werk weltweit meistverkauft"}]},{"@type":"WebSite","@id":"https:\/\/vapingnet.de\/#website","url":"https:\/\/vapingnet.de\/","name":"Vapingnet.de","description":"","publisher":{"@id":"https:\/\/vapingnet.de\/#organization"},"potentialAction":[{"@type":"SearchAction","target":{"@type":"EntryPoint","urlTemplate":"https:\/\/vapingnet.de\/?s={search_term_string}"},"query-input":{"@type":"PropertyValueSpecification","valueRequired":true,"valueName":"search_term_string"}}],"inLanguage":"pl-PL"},{"@type":"Organization","@id":"https:\/\/vapingnet.de\/#organization","name":"Vapingnet.de","url":"https:\/\/vapingnet.de\/","logo":{"@type":"ImageObject","inLanguage":"pl-PL","@id":"https:\/\/vapingnet.de\/#\/schema\/logo\/image\/","url":"https:\/\/vapingnet.de\/wp-content\/uploads\/2025\/03\/cropped-vapingnet.de_.jpg","contentUrl":"https:\/\/vapingnet.de\/wp-content\/uploads\/2025\/03\/cropped-vapingnet.de_.jpg","width":512,"height":512,"caption":"Vapingnet.de"},"image":{"@id":"https:\/\/vapingnet.de\/#\/schema\/logo\/image\/"},"sameAs":["https:\/\/www.facebook.com\/vapingnetde\/"]}]}},"tiered_pricing_type":"fixed","tiered_pricing_fixed_rules":{"10":"12.44","60":"11.96","110":"10.63","200":"9.3"},"tiered_pricing_product_settings":{"layout":"default","base_unit_name":{"singular":null,"plural":null},"default_variation":null},"tiered_pricing_minimum_quantity":null,"tiered_pricing_roles_data":[],"tiered_pricing_percentage_rules":[],"_links":{"self":[{"href":"https:\/\/vapingnet.de\/pl\/wp-json\/wp\/v2\/product\/5811","targetHints":{"allow":["GET"]}}],"collection":[{"href":"https:\/\/vapingnet.de\/pl\/wp-json\/wp\/v2\/product"}],"about":[{"href":"https:\/\/vapingnet.de\/pl\/wp-json\/wp\/v2\/types\/product"}],"version-history":[{"count":4,"href":"https:\/\/vapingnet.de\/pl\/wp-json\/wp\/v2\/product\/5811\/revisions"}],"predecessor-version":[{"id":7546,"href":"https:\/\/vapingnet.de\/pl\/wp-json\/wp\/v2\/product\/5811\/revisions\/7546"}],"wp:featuredmedia":[{"embeddable":true,"href":"https:\/\/vapingnet.de\/pl\/wp-json\/wp\/v2\/media\/5818"}],"wp:attachment":[{"href":"https:\/\/vapingnet.de\/pl\/wp-json\/wp\/v2\/media?parent=5811"}],"wp:term":[{"taxonomy":"brand","embeddable":true,"href":"https:\/\/vapingnet.de\/pl\/wp-json\/wp\/v2\/etheme_brands?post=5811"},{"taxonomy":"product_brand","embeddable":true,"href":"https:\/\/vapingnet.de\/pl\/wp-json\/wp\/v2\/product_brand?post=5811"},{"taxonomy":"product_cat","embeddable":true,"href":"https:\/\/vapingnet.de\/pl\/wp-json\/wp\/v2\/product_cat?post=5811"},{"taxonomy":"product_tag","embeddable":true,"href":"https:\/\/vapingnet.de\/pl\/wp-json\/wp\/v2\/product_tag?post=5811"}],"curies":[{"name":"wp","href":"https:\/\/api.w.org\/{rel}","templated":true}]}}