{"id":5815,"date":"2025-03-24T03:18:04","date_gmt":"2025-03-24T03:18:04","guid":{"rendered":"https:\/\/vapingnet.de\/?post_type=product&#038;p=5815"},"modified":"2026-01-25T09:13:37","modified_gmt":"2026-01-25T09:13:37","slug":"geniessen-sie-bang-king-50000-puffs-red-bull-and-strawberry-banana-doppelt-fruchtig-fuer-intensiven-geschmack","status":"publish","type":"product","link":"https:\/\/vapingnet.de\/pl\/vape\/geniessen-sie-bang-king-50000-puffs-red-bull-and-strawberry-banana-doppelt-fruchtig-fuer-intensiven-geschmack\/","title":{"rendered":"Ciesz si\u0119 Bang King 50000 Puffs Red Bull i Strawberry Banana podw\u00f3jnie owocowym dla intensywnego smaku"},"content":{"rendered":"<h2 data-start=\"0\" data-end=\"62\">Odkryj Bang King 50000 Puffs Jednorazow\u0105 E-papierosa<\/h2>\n<p class=\"\" data-start=\"64\" data-end=\"398\">Bang King 50000 Puffs to wysokiej jako\u015bci jednorazowa e-papieros, stworzony specjalnie dla mi\u0142o\u015bnik\u00f3w e-papieros\u00f3w. Dzi\u0119ki ekstremalnie du\u017cej liczbie zaci\u0105gni\u0119\u0107, d\u0142ugiej \u017cywotno\u015bci baterii i bogatym aromatom, urz\u0105dzenie to zapewnia niezr\u00f3wnane doznania. Zar\u00f3wno smak, jak i do\u015bwiadczenie u\u017cytkownika przewy\u017cszaj\u0105 Twoje oczekiwania.<\/p>\n<h4 data-start=\"405\" data-end=\"448\">Niezr\u00f3wnana, d\u0142ugotrwa\u0142a u\u017cytkowanie<\/h4>\n<ul data-start=\"450\" data-end=\"811\">\n<li class=\"\" data-start=\"450\" data-end=\"631\">\n<p class=\"\" data-start=\"452\" data-end=\"631\">Do 50000 zaci\u0105gni\u0119\u0107: Nie musisz cz\u0119sto wymienia\u0107 urz\u0105dzenia, poniewa\u017c Bang King 50000 Puffs jest zaprojektowany do d\u0142ugotrwa\u0142ego u\u017cytkowania \u2013 idealny dla u\u017cytkownik\u00f3w o wysokim zu\u017cyciu.<\/p>\n<\/li>\n<li class=\"\" data-start=\"633\" data-end=\"811\">\n<p class=\"\" data-start=\"635\" data-end=\"811\">Pojemno\u015b\u0107 e-liquid 50 ml: Ka\u017cde zaci\u0105gni\u0119cie jest pe\u0142ne smaku, dzi\u0119ki pojemno\u015bci 50 ml e-liquid, co znacznie wyd\u0142u\u017ca czas u\u017cytkowania i rzadziej wymaga uzupe\u0142niania.<\/p>\n<\/li>\n<\/ul>\n<h4 data-start=\"818\" data-end=\"874\">Zaawansowana technologia mgie\u0142kowania i podw\u00f3jne aromaty<\/h4>\n<ul data-start=\"876\" data-end=\"1289\">\n<li class=\"\" data-start=\"876\" data-end=\"1042\">\n<p class=\"\" data-start=\"878\" data-end=\"1042\">1,0\u03a9 Mesh Coil: Dzi\u0119ki technologii Mesh, 1,0\u03a9 coil zapewnia r\u00f3wnomierne wytwarzanie pary i intensywniejszy smak, sprawiaj\u0105c, \u017ce ka\u017cde zaci\u0105gni\u0119cie jest delikatniejsze i bardziej aromatyczne.<\/p>\n<\/li>\n<li class=\"\" data-start=\"1044\" data-end=\"1289\">\n<p class=\"\" data-start=\"1046\" data-end=\"1289\">Red Bull i Strawberry Banana Podw\u00f3jne Aromaty: Unikalne po\u0142\u0105czenie orze\u017awiaj\u0105cego smaku Red Bull i s\u0142odkiego smaku truskawki z bananem, kt\u00f3re zapewnia niezr\u00f3wnane doznania smakowe i \u015bwie\u017co\u015b\u0107.<\/p>\n<\/li>\n<\/ul>\n<h4 data-start=\"1296\" data-end=\"1334\">Pe\u0142ne funkcje urz\u0105dzenia<\/h4>\n<ul data-start=\"1336\" data-end=\"1887\">\n<li class=\"\" data-start=\"1336\" data-end=\"1528\">\n<p class=\"\" data-start=\"1338\" data-end=\"1528\">Wy\u015bwietlacz LCD: \u015aled\u017a w czasie rzeczywistym pozosta\u0142\u0105 pojemno\u015b\u0107 baterii i liczb\u0119 zaci\u0105gni\u0119\u0107. Zawsze masz kontrol\u0119 nad stanem urz\u0105dzenia i unikasz nag\u0142ych awarii.<\/p>\n<\/li>\n<li class=\"\" data-start=\"1530\" data-end=\"1724\">\n<p class=\"\" data-start=\"1532\" data-end=\"1724\">850mAh akumulator wielokrotnego \u0142adowania: Akumulator obs\u0142uguje szybkie \u0142adowanie przez port Type-C i gwarantuje d\u0142ug\u0105 \u017cywotno\u015b\u0107. Idealny dla u\u017cytkownik\u00f3w, kt\u00f3rzy korzystaj\u0105 z urz\u0105dzenia regularnie.<\/p>\n<\/li>\n<li class=\"\" data-start=\"1726\" data-end=\"1887\">\n<p class=\"\" data-start=\"1728\" data-end=\"1887\">R\u00f3\u017cne poziomy nikotyny: Wybierz spo\u015br\u00f3d poziom\u00f3w nikotyny 0%, 2%, 3% i 5%, aby znale\u017a\u0107 odpowiedni\u0105 intensywno\u015b\u0107 \u2013 od lekkiej do mocnej.<\/p>\n<\/li>\n<\/ul>\n<h3>Informacje o zakupie<\/h3>\n<ul data-start=\"1919\" data-end=\"2316\">\n<li class=\"\" data-start=\"1919\" data-end=\"2027\">\n<p class=\"\" data-start=\"1921\" data-end=\"2027\">Bez c\u0142a: Wszystkie zam\u00f3wienia s\u0105 zwolnione z op\u0142at celnych, wi\u0119c nie ponosisz dodatkowych koszt\u00f3w.<\/p>\n<\/li>\n<li class=\"\" data-start=\"2028\" data-end=\"2182\">\n<p class=\"\" data-start=\"2030\" data-end=\"2182\">Czas wysy\u0142ki: Szacowany czas wysy\u0142ki wynosi od 7 do 15 dni roboczych, wysy\u0142ka odbywa si\u0119 drog\u0105 lotnicz\u0105, dzi\u0119ki czemu Twoje zam\u00f3wienie dotrze do Ciebie szybko.<\/p>\n<\/li>\n<li class=\"\" data-start=\"2183\" data-end=\"2316\">\n<p class=\"\" data-start=\"2185\" data-end=\"2316\">Kup teraz: <a href=\"https:\/\/vapingnet.de\/pl\/\" target=\"_new\" rel=\"noopener\" data-start=\"2203\" data-end=\"2273\">Kliknij tutaj, aby odwiedzi\u0107 vapingnet.de<\/a> i kupi\u0107 swojego Bang King 50000 Puffs.<\/p>\n<\/li>\n<\/ul>\n<p class=\"\" data-start=\"2323\" data-end=\"2536\">Bang King 50000 Puffs to wi\u0119cej ni\u017c jednorazowa e-papieros \u2013 oferuje nowe do\u015bwiadczenie dla u\u017cytkownik\u00f3w e-papieros\u00f3w. Wybierz ten produkt i ciesz si\u0119 d\u0142u\u017cszymi i intensywniejszymi doznaniami vapowania!<\/p>","protected":false},"excerpt":{"rendered":"<p>Entdecken Sie den Bang King 50000 Puffs Einweg E-Zigarette Der Bang King 50000 Puffs ist eine hochwertige Einweg-E-Zigarette, die speziell f\u00fcr E-Zigaretten-Liebhaber entwickelt wurde. Mit&#8230;<\/p>","protected":false},"featured_media":5822,"template":"","meta":[],"etheme_brands":[],"product_brand":[101],"product_cat":[67,49,61,87],"product_tag":[],"class_list":{"0":"post-5815","1":"product","2":"type-product","3":"status-publish","4":"has-post-thumbnail","6":"product_brand-bang-king-vape","7":"product_cat-50k-vape","8":"product_cat-einweg-e-zigarette","9":"product_cat-f","10":"product_cat-v","12":"first","13":"instock","14":"shipping-taxable","15":"purchasable","16":"product-type-simple"},"yoast_head":"<!-- This site is optimized with the Yoast SEO plugin v26.5 - https:\/\/yoast.com\/wordpress\/plugins\/seo\/ -->\n<title>Genie\u00dfen Sie Bang King 50000 Puffs Red Bull and Strawberry Banana doppelt fruchtig f\u00fcr intensiven Geschmack | Vapingnet.de<\/title>\n<meta name=\"description\" content=\"Entdecke Genie\u00dfen Sie Bang King 50000 Puffs Red Bull and Strawberry Banana doppelt fruchtig f\u00fcr intensiven Geschmack bei vapingnet.de, \u25ba Gro\u00dfe Auswahl an Geschmacksrichtungen &amp; super g\u00fcnstig!\" \/>\n<meta name=\"robots\" content=\"index, follow, max-snippet:-1, max-image-preview:large, max-video-preview:-1\" \/>\n<link rel=\"canonical\" href=\"https:\/\/vapingnet.de\/pl\/vape\/geniessen-sie-bang-king-50000-puffs-red-bull-and-strawberry-banana-doppelt-fruchtig-fuer-intensiven-geschmack\/\" \/>\n<meta property=\"og:locale\" content=\"pl_PL\" \/>\n<meta property=\"og:type\" content=\"article\" \/>\n<meta property=\"og:title\" content=\"Genie\u00dfen Sie Bang King 50000 Puffs Red Bull and Strawberry Banana doppelt fruchtig f\u00fcr intensiven Geschmack | Vapingnet.de\" \/>\n<meta property=\"og:description\" content=\"Entdecke Genie\u00dfen Sie Bang King 50000 Puffs Red Bull and Strawberry Banana doppelt fruchtig f\u00fcr intensiven Geschmack bei vapingnet.de, \u25ba Gro\u00dfe Auswahl an Geschmacksrichtungen &amp; super g\u00fcnstig!\" \/>\n<meta property=\"og:url\" content=\"https:\/\/vapingnet.de\/pl\/vape\/geniessen-sie-bang-king-50000-puffs-red-bull-and-strawberry-banana-doppelt-fruchtig-fuer-intensiven-geschmack\/\" \/>\n<meta property=\"og:site_name\" content=\"Vapingnet.de\" \/>\n<meta property=\"article:publisher\" content=\"https:\/\/www.facebook.com\/vapingnetde\/\" \/>\n<meta property=\"article:modified_time\" content=\"2026-01-25T09:13:37+00:00\" \/>\n<meta property=\"og:image\" content=\"https:\/\/vapingnet.de\/wp-content\/uploads\/2025\/03\/bang50k-red-bull-und-strawberry-banana.png\" \/>\n\t<meta property=\"og:image:width\" content=\"1000\" \/>\n\t<meta property=\"og:image:height\" content=\"1000\" \/>\n\t<meta property=\"og:image:type\" content=\"image\/png\" \/>\n<meta name=\"twitter:card\" content=\"summary_large_image\" \/>\n<meta name=\"twitter:label1\" content=\"Est. reading time\" \/>\n\t<meta name=\"twitter:data1\" content=\"2 minutes\" \/>\n<script type=\"application\/ld+json\" class=\"yoast-schema-graph\">{\"@context\":\"https:\/\/schema.org\",\"@graph\":[{\"@type\":\"WebPage\",\"@id\":\"https:\/\/vapingnet.de\/vape\/geniessen-sie-bang-king-50000-puffs-red-bull-and-strawberry-banana-doppelt-fruchtig-fuer-intensiven-geschmack\/\",\"url\":\"https:\/\/vapingnet.de\/vape\/geniessen-sie-bang-king-50000-puffs-red-bull-and-strawberry-banana-doppelt-fruchtig-fuer-intensiven-geschmack\/\",\"name\":\"Genie\u00dfen Sie Bang King 50000 Puffs Red Bull and Strawberry Banana doppelt fruchtig f\u00fcr intensiven Geschmack | Vapingnet.de\",\"isPartOf\":{\"@id\":\"https:\/\/vapingnet.de\/#website\"},\"primaryImageOfPage\":{\"@id\":\"https:\/\/vapingnet.de\/vape\/geniessen-sie-bang-king-50000-puffs-red-bull-and-strawberry-banana-doppelt-fruchtig-fuer-intensiven-geschmack\/#primaryimage\"},\"image\":{\"@id\":\"https:\/\/vapingnet.de\/vape\/geniessen-sie-bang-king-50000-puffs-red-bull-and-strawberry-banana-doppelt-fruchtig-fuer-intensiven-geschmack\/#primaryimage\"},\"thumbnailUrl\":\"https:\/\/vapingnet.de\/wp-content\/uploads\/2025\/03\/bang50k-red-bull-und-strawberry-banana.png\",\"datePublished\":\"2025-03-24T03:18:04+00:00\",\"dateModified\":\"2026-01-25T09:13:37+00:00\",\"description\":\"Entdecke Genie\u00dfen Sie Bang King 50000 Puffs Red Bull and Strawberry Banana doppelt fruchtig f\u00fcr intensiven Geschmack bei vapingnet.de, \u25ba Gro\u00dfe Auswahl an Geschmacksrichtungen & super g\u00fcnstig!\",\"breadcrumb\":{\"@id\":\"https:\/\/vapingnet.de\/vape\/geniessen-sie-bang-king-50000-puffs-red-bull-and-strawberry-banana-doppelt-fruchtig-fuer-intensiven-geschmack\/#breadcrumb\"},\"inLanguage\":\"pl-PL\",\"potentialAction\":[{\"@type\":\"ReadAction\",\"target\":[\"https:\/\/vapingnet.de\/vape\/geniessen-sie-bang-king-50000-puffs-red-bull-and-strawberry-banana-doppelt-fruchtig-fuer-intensiven-geschmack\/\"]}]},{\"@type\":\"ImageObject\",\"inLanguage\":\"pl-PL\",\"@id\":\"https:\/\/vapingnet.de\/vape\/geniessen-sie-bang-king-50000-puffs-red-bull-and-strawberry-banana-doppelt-fruchtig-fuer-intensiven-geschmack\/#primaryimage\",\"url\":\"https:\/\/vapingnet.de\/wp-content\/uploads\/2025\/03\/bang50k-red-bull-und-strawberry-banana.png\",\"contentUrl\":\"https:\/\/vapingnet.de\/wp-content\/uploads\/2025\/03\/bang50k-red-bull-und-strawberry-banana.png\",\"width\":1000,\"height\":1000,\"caption\":\"bang50k-red bull und strawberry banana\"},{\"@type\":\"BreadcrumbList\",\"@id\":\"https:\/\/vapingnet.de\/vape\/geniessen-sie-bang-king-50000-puffs-red-bull-and-strawberry-banana-doppelt-fruchtig-fuer-intensiven-geschmack\/#breadcrumb\",\"itemListElement\":[{\"@type\":\"ListItem\",\"position\":1,\"name\":\"Home\",\"item\":\"https:\/\/vapingnet.de\/\"},{\"@type\":\"ListItem\",\"position\":2,\"name\":\"Shop\",\"item\":\"https:\/\/vapingnet.de\/vape\/\"},{\"@type\":\"ListItem\",\"position\":3,\"name\":\"Genie\u00dfen Sie Bang King 50000 Puffs Red Bull and Strawberry Banana doppelt fruchtig f\u00fcr intensiven Geschmack\"}]},{\"@type\":\"WebSite\",\"@id\":\"https:\/\/vapingnet.de\/#website\",\"url\":\"https:\/\/vapingnet.de\/\",\"name\":\"Vapingnet.de\",\"description\":\"\",\"publisher\":{\"@id\":\"https:\/\/vapingnet.de\/#organization\"},\"potentialAction\":[{\"@type\":\"SearchAction\",\"target\":{\"@type\":\"EntryPoint\",\"urlTemplate\":\"https:\/\/vapingnet.de\/?s={search_term_string}\"},\"query-input\":{\"@type\":\"PropertyValueSpecification\",\"valueRequired\":true,\"valueName\":\"search_term_string\"}}],\"inLanguage\":\"pl-PL\"},{\"@type\":\"Organization\",\"@id\":\"https:\/\/vapingnet.de\/#organization\",\"name\":\"Vapingnet.de\",\"url\":\"https:\/\/vapingnet.de\/\",\"logo\":{\"@type\":\"ImageObject\",\"inLanguage\":\"pl-PL\",\"@id\":\"https:\/\/vapingnet.de\/#\/schema\/logo\/image\/\",\"url\":\"https:\/\/vapingnet.de\/wp-content\/uploads\/2025\/03\/cropped-vapingnet.de_.jpg\",\"contentUrl\":\"https:\/\/vapingnet.de\/wp-content\/uploads\/2025\/03\/cropped-vapingnet.de_.jpg\",\"width\":512,\"height\":512,\"caption\":\"Vapingnet.de\"},\"image\":{\"@id\":\"https:\/\/vapingnet.de\/#\/schema\/logo\/image\/\"},\"sameAs\":[\"https:\/\/www.facebook.com\/vapingnetde\/\"]}]}<\/script>\n<!-- \/ Yoast SEO plugin. -->","yoast_head_json":{"title":"Genie\u00dfen Sie Bang King 50000 Puffs Red Bull and Strawberry Banana doppelt fruchtig f\u00fcr intensiven Geschmack | Vapingnet.de","description":"Entdecke Genie\u00dfen Sie Bang King 50000 Puffs Red Bull and Strawberry Banana doppelt fruchtig f\u00fcr intensiven Geschmack bei vapingnet.de, \u25ba Gro\u00dfe Auswahl an Geschmacksrichtungen & super g\u00fcnstig!","robots":{"index":"index","follow":"follow","max-snippet":"max-snippet:-1","max-image-preview":"max-image-preview:large","max-video-preview":"max-video-preview:-1"},"canonical":"https:\/\/vapingnet.de\/pl\/vape\/geniessen-sie-bang-king-50000-puffs-red-bull-and-strawberry-banana-doppelt-fruchtig-fuer-intensiven-geschmack\/","og_locale":"pl_PL","og_type":"article","og_title":"Genie\u00dfen Sie Bang King 50000 Puffs Red Bull and Strawberry Banana doppelt fruchtig f\u00fcr intensiven Geschmack | Vapingnet.de","og_description":"Entdecke Genie\u00dfen Sie Bang King 50000 Puffs Red Bull and Strawberry Banana doppelt fruchtig f\u00fcr intensiven Geschmack bei vapingnet.de, \u25ba Gro\u00dfe Auswahl an Geschmacksrichtungen & super g\u00fcnstig!","og_url":"https:\/\/vapingnet.de\/pl\/vape\/geniessen-sie-bang-king-50000-puffs-red-bull-and-strawberry-banana-doppelt-fruchtig-fuer-intensiven-geschmack\/","og_site_name":"Vapingnet.de","article_publisher":"https:\/\/www.facebook.com\/vapingnetde\/","article_modified_time":"2026-01-25T09:13:37+00:00","og_image":[{"width":1000,"height":1000,"url":"https:\/\/vapingnet.de\/wp-content\/uploads\/2025\/03\/bang50k-red-bull-und-strawberry-banana.png","type":"image\/png"}],"twitter_card":"summary_large_image","twitter_misc":{"Est. reading time":"2 minutes"},"schema":{"@context":"https:\/\/schema.org","@graph":[{"@type":"WebPage","@id":"https:\/\/vapingnet.de\/vape\/geniessen-sie-bang-king-50000-puffs-red-bull-and-strawberry-banana-doppelt-fruchtig-fuer-intensiven-geschmack\/","url":"https:\/\/vapingnet.de\/vape\/geniessen-sie-bang-king-50000-puffs-red-bull-and-strawberry-banana-doppelt-fruchtig-fuer-intensiven-geschmack\/","name":"Genie\u00dfen Sie Bang King 50000 Puffs Red Bull and Strawberry Banana doppelt fruchtig f\u00fcr intensiven Geschmack | Vapingnet.de","isPartOf":{"@id":"https:\/\/vapingnet.de\/#website"},"primaryImageOfPage":{"@id":"https:\/\/vapingnet.de\/vape\/geniessen-sie-bang-king-50000-puffs-red-bull-and-strawberry-banana-doppelt-fruchtig-fuer-intensiven-geschmack\/#primaryimage"},"image":{"@id":"https:\/\/vapingnet.de\/vape\/geniessen-sie-bang-king-50000-puffs-red-bull-and-strawberry-banana-doppelt-fruchtig-fuer-intensiven-geschmack\/#primaryimage"},"thumbnailUrl":"https:\/\/vapingnet.de\/wp-content\/uploads\/2025\/03\/bang50k-red-bull-und-strawberry-banana.png","datePublished":"2025-03-24T03:18:04+00:00","dateModified":"2026-01-25T09:13:37+00:00","description":"Entdecke Genie\u00dfen Sie Bang King 50000 Puffs Red Bull and Strawberry Banana doppelt fruchtig f\u00fcr intensiven Geschmack bei vapingnet.de, \u25ba Gro\u00dfe Auswahl an Geschmacksrichtungen & super g\u00fcnstig!","breadcrumb":{"@id":"https:\/\/vapingnet.de\/vape\/geniessen-sie-bang-king-50000-puffs-red-bull-and-strawberry-banana-doppelt-fruchtig-fuer-intensiven-geschmack\/#breadcrumb"},"inLanguage":"pl-PL","potentialAction":[{"@type":"ReadAction","target":["https:\/\/vapingnet.de\/vape\/geniessen-sie-bang-king-50000-puffs-red-bull-and-strawberry-banana-doppelt-fruchtig-fuer-intensiven-geschmack\/"]}]},{"@type":"ImageObject","inLanguage":"pl-PL","@id":"https:\/\/vapingnet.de\/vape\/geniessen-sie-bang-king-50000-puffs-red-bull-and-strawberry-banana-doppelt-fruchtig-fuer-intensiven-geschmack\/#primaryimage","url":"https:\/\/vapingnet.de\/wp-content\/uploads\/2025\/03\/bang50k-red-bull-und-strawberry-banana.png","contentUrl":"https:\/\/vapingnet.de\/wp-content\/uploads\/2025\/03\/bang50k-red-bull-und-strawberry-banana.png","width":1000,"height":1000,"caption":"bang50k-red bull und strawberry banana"},{"@type":"BreadcrumbList","@id":"https:\/\/vapingnet.de\/vape\/geniessen-sie-bang-king-50000-puffs-red-bull-and-strawberry-banana-doppelt-fruchtig-fuer-intensiven-geschmack\/#breadcrumb","itemListElement":[{"@type":"ListItem","position":1,"name":"Home","item":"https:\/\/vapingnet.de\/"},{"@type":"ListItem","position":2,"name":"Shop","item":"https:\/\/vapingnet.de\/vape\/"},{"@type":"ListItem","position":3,"name":"Genie\u00dfen Sie Bang King 50000 Puffs Red Bull and Strawberry Banana doppelt fruchtig f\u00fcr intensiven Geschmack"}]},{"@type":"WebSite","@id":"https:\/\/vapingnet.de\/#website","url":"https:\/\/vapingnet.de\/","name":"Vapingnet.de","description":"","publisher":{"@id":"https:\/\/vapingnet.de\/#organization"},"potentialAction":[{"@type":"SearchAction","target":{"@type":"EntryPoint","urlTemplate":"https:\/\/vapingnet.de\/?s={search_term_string}"},"query-input":{"@type":"PropertyValueSpecification","valueRequired":true,"valueName":"search_term_string"}}],"inLanguage":"pl-PL"},{"@type":"Organization","@id":"https:\/\/vapingnet.de\/#organization","name":"Vapingnet.de","url":"https:\/\/vapingnet.de\/","logo":{"@type":"ImageObject","inLanguage":"pl-PL","@id":"https:\/\/vapingnet.de\/#\/schema\/logo\/image\/","url":"https:\/\/vapingnet.de\/wp-content\/uploads\/2025\/03\/cropped-vapingnet.de_.jpg","contentUrl":"https:\/\/vapingnet.de\/wp-content\/uploads\/2025\/03\/cropped-vapingnet.de_.jpg","width":512,"height":512,"caption":"Vapingnet.de"},"image":{"@id":"https:\/\/vapingnet.de\/#\/schema\/logo\/image\/"},"sameAs":["https:\/\/www.facebook.com\/vapingnetde\/"]}]}},"tiered_pricing_type":"fixed","tiered_pricing_fixed_rules":{"10":"12.44","60":"11.96","110":"10.63","200":"9.3"},"tiered_pricing_product_settings":{"layout":"default","base_unit_name":{"singular":null,"plural":null},"default_variation":null},"tiered_pricing_minimum_quantity":null,"tiered_pricing_roles_data":[],"tiered_pricing_percentage_rules":[],"_links":{"self":[{"href":"https:\/\/vapingnet.de\/pl\/wp-json\/wp\/v2\/product\/5815","targetHints":{"allow":["GET"]}}],"collection":[{"href":"https:\/\/vapingnet.de\/pl\/wp-json\/wp\/v2\/product"}],"about":[{"href":"https:\/\/vapingnet.de\/pl\/wp-json\/wp\/v2\/types\/product"}],"version-history":[{"count":3,"href":"https:\/\/vapingnet.de\/pl\/wp-json\/wp\/v2\/product\/5815\/revisions"}],"predecessor-version":[{"id":7543,"href":"https:\/\/vapingnet.de\/pl\/wp-json\/wp\/v2\/product\/5815\/revisions\/7543"}],"wp:featuredmedia":[{"embeddable":true,"href":"https:\/\/vapingnet.de\/pl\/wp-json\/wp\/v2\/media\/5822"}],"wp:attachment":[{"href":"https:\/\/vapingnet.de\/pl\/wp-json\/wp\/v2\/media?parent=5815"}],"wp:term":[{"taxonomy":"brand","embeddable":true,"href":"https:\/\/vapingnet.de\/pl\/wp-json\/wp\/v2\/etheme_brands?post=5815"},{"taxonomy":"product_brand","embeddable":true,"href":"https:\/\/vapingnet.de\/pl\/wp-json\/wp\/v2\/product_brand?post=5815"},{"taxonomy":"product_cat","embeddable":true,"href":"https:\/\/vapingnet.de\/pl\/wp-json\/wp\/v2\/product_cat?post=5815"},{"taxonomy":"product_tag","embeddable":true,"href":"https:\/\/vapingnet.de\/pl\/wp-json\/wp\/v2\/product_tag?post=5815"}],"curies":[{"name":"wp","href":"https:\/\/api.w.org\/{rel}","templated":true}]}}