{"id":5839,"date":"2025-03-24T06:00:47","date_gmt":"2025-03-24T06:00:47","guid":{"rendered":"https:\/\/vapingnet.de\/?post_type=product&#038;p=5839"},"modified":"2026-01-25T09:11:40","modified_gmt":"2026-01-25T09:11:40","slug":"bang-king-50000-puffs-strawberry-mango-strawberry-kiwi-doppelt-fruchtig-und-jetzt-zu-einem-exklusiven-rabatt","status":"publish","type":"product","link":"https:\/\/vapingnet.de\/pl\/vape\/bang-king-50000-puffs-strawberry-mango-strawberry-kiwi-doppelt-fruchtig-und-jetzt-zu-einem-exklusiven-rabatt\/","title":{"rendered":"Bang King 50000 Puffs Strawberry Mango &amp; Strawberry Kiwi podw\u00f3jnie owocowy i teraz w ekskluzywnej promocji"},"content":{"rendered":"<h2 data-start=\"0\" data-end=\"80\">Bang King 50000 Puffs Jednorazowa E-papieros \u2013 Najwy\u017csza przyjemno\u015b\u0107 i trwa\u0142o\u015b\u0107<\/h2>\n<p class=\"\" data-start=\"82\" data-end=\"418\">Bang King 50000 Puffs Jednorazowy E-papieros to idealny wyb\u00f3r dla palaczy, kt\u00f3rzy szukaj\u0105 ekstremalnie d\u0142ugiego u\u017cytkowania, du\u017cej pojemno\u015bci liquidu i podw\u00f3jnego do\u015bwiadczenia smakowego. Niezale\u017cnie od tego, czy do codziennego u\u017cytku, czy na specjalne okazje, zapewnia wygodne i intensywne do\u015bwiadczenie palenia.<\/p>\n<h3 class=\"\" data-start=\"425\" data-end=\"446\">G\u0142\u00f3wne cechy<\/h3>\n<ul data-start=\"448\" data-end=\"1587\">\n<li class=\"\" data-start=\"448\" data-end=\"610\">\n<p class=\"\" data-start=\"450\" data-end=\"610\">Maksymalna liczba zaci\u0105gni\u0119\u0107:<br data-start=\"468\" data-end=\"471\" \/>Z do <a href=\"https:\/\/vapingnet.de\/pl\/k\/50k-vape\/\" target=\"_blank\" rel=\"noopener\"><strong>50 000 poci\u0105gni\u0119\u0107<\/strong><\/a> mo\u017cesz cieszy\u0107 si\u0119 niezwykle d\u0142ugim u\u017cytkowaniem, nie martwi\u0105c si\u0119 o cz\u0119ste uzupe\u0142nianie liquidu.<\/p>\n<\/li>\n<li class=\"\" data-start=\"612\" data-end=\"817\">\n<p class=\"\" data-start=\"614\" data-end=\"817\">Wydajny rdze\u0144 paruj\u0105cy:<br data-start=\"645\" data-end=\"648\" \/>Wyposa\u017cony w 1,0\u03a9 Mesh Coil, zapewnia r\u00f3wnomierne odparowywanie i dostarcza sp\u00f3jn\u0105, bogat\u0105 eksplozj\u0119 smaku przy ka\u017cdym zaci\u0105gni\u0119ciu.<\/p>\n<\/li>\n<li class=\"\" data-start=\"819\" data-end=\"987\">\n<p class=\"\" data-start=\"821\" data-end=\"987\">Du\u017ca pojemno\u015b\u0107 liquidu:<br data-start=\"848\" data-end=\"851\" \/>Z 50 ml e-liquidu, ten e-papieros oferuje d\u0142ug\u0105 trwa\u0142o\u015b\u0107 i zmniejsza konieczno\u015b\u0107 cz\u0119stego uzupe\u0142niania.<\/p>\n<\/li>\n<li class=\"\" data-start=\"989\" data-end=\"1182\">\n<p class=\"\" data-start=\"991\" data-end=\"1182\">Regulowana zawarto\u015b\u0107 nikotyny:<br data-start=\"1029\" data-end=\"1032\" \/>Wybierz spo\u015br\u00f3d 0% \/ 2% \/ 3% \/ 5% zawarto\u015bci nikotyny, aby cieszy\u0107 si\u0119 idealnym do\u015bwiadczeniem palenia, dopasowanym do Twoich indywidualnych potrzeb.<\/p>\n<\/li>\n<li class=\"\" data-start=\"1184\" data-end=\"1367\">\n<p class=\"\" data-start=\"1186\" data-end=\"1367\">Bateria i \u0142adowanie:<br data-start=\"1212\" data-end=\"1215\" \/>Wyposa\u017cony w bateri\u0119 850mAh, kt\u00f3r\u0105 mo\u017cna szybko na\u0142adowa\u0107 przez Type-C, aby Tw\u00f3j urz\u0105dzenie by\u0142o zawsze gotowe do u\u017cycia.<\/p>\n<\/li>\n<li class=\"\" data-start=\"1369\" data-end=\"1587\">\n<p class=\"\" data-start=\"1371\" data-end=\"1587\">Wy\u015bwietlacz LCD:<br data-start=\"1394\" data-end=\"1397\" \/>Wy\u015bwietlacz LCD pokazuje na bie\u017c\u0105co pozosta\u0142\u0105 moc baterii i liczb\u0119 pozosta\u0142ych zaci\u0105gni\u0119\u0107, zapewniaj\u0105c wygodn\u0105 i przyjazn\u0105 obs\u0142ug\u0119.<\/p>\n<\/li>\n<\/ul>\n<h4 data-start=\"1594\" data-end=\"1659\">Unikalny smak: Strawberry Mango i Strawberry Kiwi<\/h4>\n<p class=\"\" data-start=\"1661\" data-end=\"1778\">Bang King 50000 Puffs oferuje dwa pyszne smaki: Strawberry Mango i Strawberry Kiwi.<\/p>\n<ul data-start=\"1779\" data-end=\"2080\">\n<li class=\"\" data-start=\"1779\" data-end=\"1919\">\n<p class=\"\" data-start=\"1781\" data-end=\"1919\">Strawberry Mango: S\u0142odka truskawka \u0142\u0105czy si\u0119 z tropikaln\u0105 \u015bwie\u017co\u015bci\u0105 mango, co zapewnia owocowy i intensywny smak.<\/p>\n<\/li>\n<li class=\"\" data-start=\"1920\" data-end=\"2080\">\n<p class=\"\" data-start=\"1922\" data-end=\"2080\">Strawberry Kiwi: S\u0142odki smak truskawki \u0142\u0105czy si\u0119 z \u015bwie\u017c\u0105, lekko kwa\u015bn\u0105 kiwi, co daje orze\u017awiaj\u0105ce i owocowe doznania.<\/p>\n<\/li>\n<\/ul>\n<p class=\"\" data-start=\"2082\" data-end=\"2184\">Oba smaki oferuj\u0105 niezapomniane do\u015bwiadczenie, kt\u00f3re rozpieszcza Twoje kubki smakowe.<\/p>\n<h3 class=\"\" data-start=\"2191\" data-end=\"2222\">Zalety i wyr\u00f3\u017cniki<\/h3>\n<ul data-start=\"2224\" data-end=\"2713\">\n<li class=\"\" data-start=\"2224\" data-end=\"2380\">\n<p class=\"\" data-start=\"2226\" data-end=\"2380\">Zakupy bezc\u0142owe:<br data-start=\"2249\" data-end=\"2252\" \/>Na vapingnet.de mo\u017cesz robi\u0107 zakupy bez obaw, poniewa\u017c nie wyst\u0119puj\u0105 op\u0142aty celne \u2013 dzi\u0119ki temu zakupy s\u0105 jeszcze przyjemniejsze.<\/p>\n<\/li>\n<li class=\"\" data-start=\"2382\" data-end=\"2531\">\n<p class=\"\" data-start=\"2384\" data-end=\"2531\">Szybka wysy\u0142ka:<br data-start=\"2406\" data-end=\"2409\" \/>Ciesz si\u0119 szybk\u0105 dostaw\u0105 w ci\u0105gu 7-15 dni roboczych, poniewa\u017c produkt jest wysy\u0142any drog\u0105 lotnicz\u0105.<\/p>\n<\/li>\n<li class=\"\" data-start=\"2533\" data-end=\"2713\">\n<p class=\"\" data-start=\"2535\" data-end=\"2713\">Wysoka jako\u015b\u0107:<br data-start=\"2560\" data-end=\"2563\" \/>Ka\u017cdy e-papieros jest wykonany z najwy\u017csz\u0105 precyzj\u0105 i jako\u015bci\u0105, aby zapewni\u0107 Ci niezawodne i wysokiej jako\u015bci do\u015bwiadczenie vapowania.<\/p>\n<\/li>\n<\/ul>\n<h3 class=\"\" data-start=\"2720\" data-end=\"2775\">Kup teraz i do\u015bwiadcz niezapomnianej przyjemno\u015bci<\/h3>\n<p class=\"\" data-start=\"2777\" data-end=\"3110\">Bang King 50000 Puffs to idealny wyb\u00f3r dla vapowicz\u00f3w poszukuj\u0105cych trwa\u0142ego, intensywnego i komfortowego do\u015bwiadczenia vapowania. Dzi\u0119ki ekstremalnie d\u0142ugiej \u017cywotno\u015bci, du\u017cej pojemno\u015bci liquidu i niezr\u00f3wnanym doznaniom smakowym, jest odpowiedni zar\u00f3wno do codziennego u\u017cytku, jak i na specjalne okazje.<\/p>\n<p class=\"\" data-start=\"3112\" data-end=\"3226\">Odwied\u017a teraz vapingnet.de i kup swoj\u0105 Bang King 50000 Puffs ju\u017c dzi\u015b!<\/p>\n<p class=\"\" data-start=\"3233\" data-end=\"3367\">Bang King 50000 Puffs \u2013 dla d\u0142ugotrwa\u0142ego, intensywnego i inteligentnego do\u015bwiadczenia vapowania. Do\u015bwiadcz przysz\u0142o\u015bci vapowania!<\/p>","protected":false},"excerpt":{"rendered":"<p>Bang King 50000 Puffs Einweg E-Zigarette \u2013 H\u00f6chster Genuss und Langlebigkeit Die Bang King 50000 Puffs Einweg E-Zigarette ist die perfekte Wahl f\u00fcr Dampfer, die&#8230;<\/p>","protected":false},"featured_media":5844,"template":"","meta":[],"etheme_brands":[],"product_brand":[101],"product_cat":[67,49,61,87],"product_tag":[],"class_list":{"0":"post-5839","1":"product","2":"type-product","3":"status-publish","4":"has-post-thumbnail","6":"product_brand-bang-king-vape","7":"product_cat-50k-vape","8":"product_cat-einweg-e-zigarette","9":"product_cat-f","10":"product_cat-v","12":"first","13":"instock","14":"shipping-taxable","15":"purchasable","16":"product-type-simple"},"yoast_head":"<!-- This site is optimized with the Yoast SEO plugin v26.5 - https:\/\/yoast.com\/wordpress\/plugins\/seo\/ -->\n<title>Bang King 50000 Puffs Strawberry Mango &amp; Strawberry Kiwi doppelt fruchtig und jetzt zu einem exklusiven Rabatt | Vapingnet.de<\/title>\n<meta name=\"description\" content=\"Entdecke Bang King 50000 Puffs Strawberry Mango &amp; Strawberry Kiwi doppelt fruchtig und jetzt zu einem exklusiven Rabatt bei vapingnet.de, \u25ba Gro\u00dfe Auswahl an Geschmacksrichtungen &amp; super g\u00fcnstig!\" \/>\n<meta name=\"robots\" content=\"index, follow, max-snippet:-1, max-image-preview:large, max-video-preview:-1\" \/>\n<link rel=\"canonical\" href=\"https:\/\/vapingnet.de\/pl\/vape\/bang-king-50000-puffs-strawberry-mango-strawberry-kiwi-doppelt-fruchtig-und-jetzt-zu-einem-exklusiven-rabatt\/\" \/>\n<meta property=\"og:locale\" content=\"pl_PL\" \/>\n<meta property=\"og:type\" content=\"article\" \/>\n<meta property=\"og:title\" content=\"Bang King 50000 Puffs Strawberry Mango &amp; Strawberry Kiwi doppelt fruchtig und jetzt zu einem exklusiven Rabatt | Vapingnet.de\" \/>\n<meta property=\"og:description\" content=\"Entdecke Bang King 50000 Puffs Strawberry Mango &amp; Strawberry Kiwi doppelt fruchtig und jetzt zu einem exklusiven Rabatt bei vapingnet.de, \u25ba Gro\u00dfe Auswahl an Geschmacksrichtungen &amp; super g\u00fcnstig!\" \/>\n<meta property=\"og:url\" content=\"https:\/\/vapingnet.de\/pl\/vape\/bang-king-50000-puffs-strawberry-mango-strawberry-kiwi-doppelt-fruchtig-und-jetzt-zu-einem-exklusiven-rabatt\/\" \/>\n<meta property=\"og:site_name\" content=\"Vapingnet.de\" \/>\n<meta property=\"article:publisher\" content=\"https:\/\/www.facebook.com\/vapingnetde\/\" \/>\n<meta property=\"article:modified_time\" content=\"2026-01-25T09:11:40+00:00\" \/>\n<meta property=\"og:image\" content=\"https:\/\/vapingnet.de\/wp-content\/uploads\/2025\/03\/bang50k-strawberry-mango-und-strawberry-kiwi.png\" \/>\n\t<meta property=\"og:image:width\" content=\"1000\" \/>\n\t<meta property=\"og:image:height\" content=\"1000\" \/>\n\t<meta property=\"og:image:type\" content=\"image\/png\" \/>\n<meta name=\"twitter:card\" content=\"summary_large_image\" \/>\n<meta name=\"twitter:label1\" content=\"Est. reading time\" \/>\n\t<meta name=\"twitter:data1\" content=\"3 minutes\" \/>\n<script type=\"application\/ld+json\" class=\"yoast-schema-graph\">{\"@context\":\"https:\/\/schema.org\",\"@graph\":[{\"@type\":\"WebPage\",\"@id\":\"https:\/\/vapingnet.de\/vape\/bang-king-50000-puffs-strawberry-mango-strawberry-kiwi-doppelt-fruchtig-und-jetzt-zu-einem-exklusiven-rabatt\/\",\"url\":\"https:\/\/vapingnet.de\/vape\/bang-king-50000-puffs-strawberry-mango-strawberry-kiwi-doppelt-fruchtig-und-jetzt-zu-einem-exklusiven-rabatt\/\",\"name\":\"Bang King 50000 Puffs Strawberry Mango & Strawberry Kiwi doppelt fruchtig und jetzt zu einem exklusiven Rabatt | Vapingnet.de\",\"isPartOf\":{\"@id\":\"https:\/\/vapingnet.de\/#website\"},\"primaryImageOfPage\":{\"@id\":\"https:\/\/vapingnet.de\/vape\/bang-king-50000-puffs-strawberry-mango-strawberry-kiwi-doppelt-fruchtig-und-jetzt-zu-einem-exklusiven-rabatt\/#primaryimage\"},\"image\":{\"@id\":\"https:\/\/vapingnet.de\/vape\/bang-king-50000-puffs-strawberry-mango-strawberry-kiwi-doppelt-fruchtig-und-jetzt-zu-einem-exklusiven-rabatt\/#primaryimage\"},\"thumbnailUrl\":\"https:\/\/vapingnet.de\/wp-content\/uploads\/2025\/03\/bang50k-strawberry-mango-und-strawberry-kiwi.png\",\"datePublished\":\"2025-03-24T06:00:47+00:00\",\"dateModified\":\"2026-01-25T09:11:40+00:00\",\"description\":\"Entdecke Bang King 50000 Puffs Strawberry Mango & Strawberry Kiwi doppelt fruchtig und jetzt zu einem exklusiven Rabatt bei vapingnet.de, \u25ba Gro\u00dfe Auswahl an Geschmacksrichtungen & super g\u00fcnstig!\",\"breadcrumb\":{\"@id\":\"https:\/\/vapingnet.de\/vape\/bang-king-50000-puffs-strawberry-mango-strawberry-kiwi-doppelt-fruchtig-und-jetzt-zu-einem-exklusiven-rabatt\/#breadcrumb\"},\"inLanguage\":\"pl-PL\",\"potentialAction\":[{\"@type\":\"ReadAction\",\"target\":[\"https:\/\/vapingnet.de\/vape\/bang-king-50000-puffs-strawberry-mango-strawberry-kiwi-doppelt-fruchtig-und-jetzt-zu-einem-exklusiven-rabatt\/\"]}]},{\"@type\":\"ImageObject\",\"inLanguage\":\"pl-PL\",\"@id\":\"https:\/\/vapingnet.de\/vape\/bang-king-50000-puffs-strawberry-mango-strawberry-kiwi-doppelt-fruchtig-und-jetzt-zu-einem-exklusiven-rabatt\/#primaryimage\",\"url\":\"https:\/\/vapingnet.de\/wp-content\/uploads\/2025\/03\/bang50k-strawberry-mango-und-strawberry-kiwi.png\",\"contentUrl\":\"https:\/\/vapingnet.de\/wp-content\/uploads\/2025\/03\/bang50k-strawberry-mango-und-strawberry-kiwi.png\",\"width\":1000,\"height\":1000,\"caption\":\"bang50k-strawberry mango und strawberry kiwi\"},{\"@type\":\"BreadcrumbList\",\"@id\":\"https:\/\/vapingnet.de\/vape\/bang-king-50000-puffs-strawberry-mango-strawberry-kiwi-doppelt-fruchtig-und-jetzt-zu-einem-exklusiven-rabatt\/#breadcrumb\",\"itemListElement\":[{\"@type\":\"ListItem\",\"position\":1,\"name\":\"Home\",\"item\":\"https:\/\/vapingnet.de\/\"},{\"@type\":\"ListItem\",\"position\":2,\"name\":\"Shop\",\"item\":\"https:\/\/vapingnet.de\/vape\/\"},{\"@type\":\"ListItem\",\"position\":3,\"name\":\"Bang King 50000 Puffs Strawberry Mango &#038; Strawberry Kiwi doppelt fruchtig und jetzt zu einem exklusiven Rabatt\"}]},{\"@type\":\"WebSite\",\"@id\":\"https:\/\/vapingnet.de\/#website\",\"url\":\"https:\/\/vapingnet.de\/\",\"name\":\"Vapingnet.de\",\"description\":\"\",\"publisher\":{\"@id\":\"https:\/\/vapingnet.de\/#organization\"},\"potentialAction\":[{\"@type\":\"SearchAction\",\"target\":{\"@type\":\"EntryPoint\",\"urlTemplate\":\"https:\/\/vapingnet.de\/?s={search_term_string}\"},\"query-input\":{\"@type\":\"PropertyValueSpecification\",\"valueRequired\":true,\"valueName\":\"search_term_string\"}}],\"inLanguage\":\"pl-PL\"},{\"@type\":\"Organization\",\"@id\":\"https:\/\/vapingnet.de\/#organization\",\"name\":\"Vapingnet.de\",\"url\":\"https:\/\/vapingnet.de\/\",\"logo\":{\"@type\":\"ImageObject\",\"inLanguage\":\"pl-PL\",\"@id\":\"https:\/\/vapingnet.de\/#\/schema\/logo\/image\/\",\"url\":\"https:\/\/vapingnet.de\/wp-content\/uploads\/2025\/03\/cropped-vapingnet.de_.jpg\",\"contentUrl\":\"https:\/\/vapingnet.de\/wp-content\/uploads\/2025\/03\/cropped-vapingnet.de_.jpg\",\"width\":512,\"height\":512,\"caption\":\"Vapingnet.de\"},\"image\":{\"@id\":\"https:\/\/vapingnet.de\/#\/schema\/logo\/image\/\"},\"sameAs\":[\"https:\/\/www.facebook.com\/vapingnetde\/\"]}]}<\/script>\n<!-- \/ Yoast SEO plugin. -->","yoast_head_json":{"title":"Bang King 50000 Puffs Strawberry Mango & Strawberry Kiwi doppelt fruchtig und jetzt zu einem exklusiven Rabatt | Vapingnet.de","description":"Entdecke Bang King 50000 Puffs Strawberry Mango & Strawberry Kiwi doppelt fruchtig und jetzt zu einem exklusiven Rabatt bei vapingnet.de, \u25ba Gro\u00dfe Auswahl an Geschmacksrichtungen & super g\u00fcnstig!","robots":{"index":"index","follow":"follow","max-snippet":"max-snippet:-1","max-image-preview":"max-image-preview:large","max-video-preview":"max-video-preview:-1"},"canonical":"https:\/\/vapingnet.de\/pl\/vape\/bang-king-50000-puffs-strawberry-mango-strawberry-kiwi-doppelt-fruchtig-und-jetzt-zu-einem-exklusiven-rabatt\/","og_locale":"pl_PL","og_type":"article","og_title":"Bang King 50000 Puffs Strawberry Mango & Strawberry Kiwi doppelt fruchtig und jetzt zu einem exklusiven Rabatt | Vapingnet.de","og_description":"Entdecke Bang King 50000 Puffs Strawberry Mango & Strawberry Kiwi doppelt fruchtig und jetzt zu einem exklusiven Rabatt bei vapingnet.de, \u25ba Gro\u00dfe Auswahl an Geschmacksrichtungen & super g\u00fcnstig!","og_url":"https:\/\/vapingnet.de\/pl\/vape\/bang-king-50000-puffs-strawberry-mango-strawberry-kiwi-doppelt-fruchtig-und-jetzt-zu-einem-exklusiven-rabatt\/","og_site_name":"Vapingnet.de","article_publisher":"https:\/\/www.facebook.com\/vapingnetde\/","article_modified_time":"2026-01-25T09:11:40+00:00","og_image":[{"width":1000,"height":1000,"url":"https:\/\/vapingnet.de\/wp-content\/uploads\/2025\/03\/bang50k-strawberry-mango-und-strawberry-kiwi.png","type":"image\/png"}],"twitter_card":"summary_large_image","twitter_misc":{"Est. reading time":"3 minutes"},"schema":{"@context":"https:\/\/schema.org","@graph":[{"@type":"WebPage","@id":"https:\/\/vapingnet.de\/vape\/bang-king-50000-puffs-strawberry-mango-strawberry-kiwi-doppelt-fruchtig-und-jetzt-zu-einem-exklusiven-rabatt\/","url":"https:\/\/vapingnet.de\/vape\/bang-king-50000-puffs-strawberry-mango-strawberry-kiwi-doppelt-fruchtig-und-jetzt-zu-einem-exklusiven-rabatt\/","name":"Bang King 50000 Puffs Strawberry Mango & Strawberry Kiwi doppelt fruchtig und jetzt zu einem exklusiven Rabatt | Vapingnet.de","isPartOf":{"@id":"https:\/\/vapingnet.de\/#website"},"primaryImageOfPage":{"@id":"https:\/\/vapingnet.de\/vape\/bang-king-50000-puffs-strawberry-mango-strawberry-kiwi-doppelt-fruchtig-und-jetzt-zu-einem-exklusiven-rabatt\/#primaryimage"},"image":{"@id":"https:\/\/vapingnet.de\/vape\/bang-king-50000-puffs-strawberry-mango-strawberry-kiwi-doppelt-fruchtig-und-jetzt-zu-einem-exklusiven-rabatt\/#primaryimage"},"thumbnailUrl":"https:\/\/vapingnet.de\/wp-content\/uploads\/2025\/03\/bang50k-strawberry-mango-und-strawberry-kiwi.png","datePublished":"2025-03-24T06:00:47+00:00","dateModified":"2026-01-25T09:11:40+00:00","description":"Entdecke Bang King 50000 Puffs Strawberry Mango & Strawberry Kiwi doppelt fruchtig und jetzt zu einem exklusiven Rabatt bei vapingnet.de, \u25ba Gro\u00dfe Auswahl an Geschmacksrichtungen & super g\u00fcnstig!","breadcrumb":{"@id":"https:\/\/vapingnet.de\/vape\/bang-king-50000-puffs-strawberry-mango-strawberry-kiwi-doppelt-fruchtig-und-jetzt-zu-einem-exklusiven-rabatt\/#breadcrumb"},"inLanguage":"pl-PL","potentialAction":[{"@type":"ReadAction","target":["https:\/\/vapingnet.de\/vape\/bang-king-50000-puffs-strawberry-mango-strawberry-kiwi-doppelt-fruchtig-und-jetzt-zu-einem-exklusiven-rabatt\/"]}]},{"@type":"ImageObject","inLanguage":"pl-PL","@id":"https:\/\/vapingnet.de\/vape\/bang-king-50000-puffs-strawberry-mango-strawberry-kiwi-doppelt-fruchtig-und-jetzt-zu-einem-exklusiven-rabatt\/#primaryimage","url":"https:\/\/vapingnet.de\/wp-content\/uploads\/2025\/03\/bang50k-strawberry-mango-und-strawberry-kiwi.png","contentUrl":"https:\/\/vapingnet.de\/wp-content\/uploads\/2025\/03\/bang50k-strawberry-mango-und-strawberry-kiwi.png","width":1000,"height":1000,"caption":"bang50k-strawberry mango und strawberry kiwi"},{"@type":"BreadcrumbList","@id":"https:\/\/vapingnet.de\/vape\/bang-king-50000-puffs-strawberry-mango-strawberry-kiwi-doppelt-fruchtig-und-jetzt-zu-einem-exklusiven-rabatt\/#breadcrumb","itemListElement":[{"@type":"ListItem","position":1,"name":"Home","item":"https:\/\/vapingnet.de\/"},{"@type":"ListItem","position":2,"name":"Shop","item":"https:\/\/vapingnet.de\/vape\/"},{"@type":"ListItem","position":3,"name":"Bang King 50000 Puffs Strawberry Mango &#038; Strawberry Kiwi doppelt fruchtig und jetzt zu einem exklusiven Rabatt"}]},{"@type":"WebSite","@id":"https:\/\/vapingnet.de\/#website","url":"https:\/\/vapingnet.de\/","name":"Vapingnet.de","description":"","publisher":{"@id":"https:\/\/vapingnet.de\/#organization"},"potentialAction":[{"@type":"SearchAction","target":{"@type":"EntryPoint","urlTemplate":"https:\/\/vapingnet.de\/?s={search_term_string}"},"query-input":{"@type":"PropertyValueSpecification","valueRequired":true,"valueName":"search_term_string"}}],"inLanguage":"pl-PL"},{"@type":"Organization","@id":"https:\/\/vapingnet.de\/#organization","name":"Vapingnet.de","url":"https:\/\/vapingnet.de\/","logo":{"@type":"ImageObject","inLanguage":"pl-PL","@id":"https:\/\/vapingnet.de\/#\/schema\/logo\/image\/","url":"https:\/\/vapingnet.de\/wp-content\/uploads\/2025\/03\/cropped-vapingnet.de_.jpg","contentUrl":"https:\/\/vapingnet.de\/wp-content\/uploads\/2025\/03\/cropped-vapingnet.de_.jpg","width":512,"height":512,"caption":"Vapingnet.de"},"image":{"@id":"https:\/\/vapingnet.de\/#\/schema\/logo\/image\/"},"sameAs":["https:\/\/www.facebook.com\/vapingnetde\/"]}]}},"tiered_pricing_type":"fixed","tiered_pricing_fixed_rules":{"10":"12.44","60":"11.96","110":"10.63","200":"9.3"},"tiered_pricing_product_settings":{"layout":"default","base_unit_name":{"singular":null,"plural":null},"default_variation":null},"tiered_pricing_minimum_quantity":null,"tiered_pricing_roles_data":[],"tiered_pricing_percentage_rules":[],"_links":{"self":[{"href":"https:\/\/vapingnet.de\/pl\/wp-json\/wp\/v2\/product\/5839","targetHints":{"allow":["GET"]}}],"collection":[{"href":"https:\/\/vapingnet.de\/pl\/wp-json\/wp\/v2\/product"}],"about":[{"href":"https:\/\/vapingnet.de\/pl\/wp-json\/wp\/v2\/types\/product"}],"version-history":[{"count":3,"href":"https:\/\/vapingnet.de\/pl\/wp-json\/wp\/v2\/product\/5839\/revisions"}],"predecessor-version":[{"id":7540,"href":"https:\/\/vapingnet.de\/pl\/wp-json\/wp\/v2\/product\/5839\/revisions\/7540"}],"wp:featuredmedia":[{"embeddable":true,"href":"https:\/\/vapingnet.de\/pl\/wp-json\/wp\/v2\/media\/5844"}],"wp:attachment":[{"href":"https:\/\/vapingnet.de\/pl\/wp-json\/wp\/v2\/media?parent=5839"}],"wp:term":[{"taxonomy":"brand","embeddable":true,"href":"https:\/\/vapingnet.de\/pl\/wp-json\/wp\/v2\/etheme_brands?post=5839"},{"taxonomy":"product_brand","embeddable":true,"href":"https:\/\/vapingnet.de\/pl\/wp-json\/wp\/v2\/product_brand?post=5839"},{"taxonomy":"product_cat","embeddable":true,"href":"https:\/\/vapingnet.de\/pl\/wp-json\/wp\/v2\/product_cat?post=5839"},{"taxonomy":"product_tag","embeddable":true,"href":"https:\/\/vapingnet.de\/pl\/wp-json\/wp\/v2\/product_tag?post=5839"}],"curies":[{"name":"wp","href":"https:\/\/api.w.org\/{rel}","templated":true}]}}