{"id":5840,"date":"2025-03-24T06:01:04","date_gmt":"2025-03-24T06:01:04","guid":{"rendered":"https:\/\/vapingnet.de\/?post_type=product&#038;p=5840"},"modified":"2026-01-25T09:10:59","modified_gmt":"2026-01-25T09:10:59","slug":"bang-king-50000-puffs-doppelte-geschmackskraft-aus-strawberry-watermelon-und-black-dragon-ice-spare-jetzt-bei-deinem-kauf","status":"publish","type":"product","link":"https:\/\/vapingnet.de\/pl\/vape\/bang-king-50000-puffs-doppelte-geschmackskraft-aus-strawberry-watermelon-und-black-dragon-ice-spare-jetzt-bei-deinem-kauf\/","title":{"rendered":"Bang King 50000 Puffs Podw\u00f3jna moc smaku z Strawberry Watermelon i Black Dragon Ice, kup teraz przy zakupie"},"content":{"rendered":"<h2 data-start=\"56\" data-end=\"103\">Bang King 50000 Paliw Jednorazowa E-papieros<\/h2>\n<p class=\"\" data-start=\"105\" data-end=\"425\">W \u015bwiecie e-papieros\u00f3w Bang King 50000 Paliw Jednorazowa E-papieros ustanowi\u0142 si\u0119 jako preferowany wyb\u00f3r dla wielu palaczy dzi\u0119ki swojej wyj\u0105tkowej technologii i niezwykle d\u0142ugiej \u017cywotno\u015bci. Jego unikalny design \u0142\u0105czy wysok\u0105 wydajno\u015b\u0107 i styl, oferuj\u0105c niezr\u00f3wnane do\u015bwiadczenie palenia.<\/p>\n<h4 class=\"\" data-start=\"432\" data-end=\"453\">G\u0142\u00f3wne zalety<\/h4>\n<ol data-start=\"455\" data-end=\"1455\">\n<li class=\"\" data-start=\"455\" data-end=\"859\">\n<p class=\"\" data-start=\"458\" data-end=\"497\">Super d\u0142ugi czas u\u017cytkowania: 50000 paliw<\/p>\n<p class=\"\" data-start=\"502\" data-end=\"859\">Ciesz si\u0119 d\u0142ugotrwa\u0142\u0105 przyjemno\u015bci\u0105 z jednorazowym e-papierosem Bang King, kt\u00f3ry oferuje do 50000 paliw \u2013 znacznie wi\u0119cej ni\u017c wiele innych jednorazowych e-papieros\u00f3w na rynku. Oznacza to, \u017ce mo\u017cesz cieszy\u0107 si\u0119 d\u0142u\u017cszym do\u015bwiadczeniem palenia bez konieczno\u015bci ci\u0105g\u0142ej wymiany e-papierosa i nadal korzysta\u0107 z wysokiej jako\u015bci dozna\u0144 smakowych.<\/p>\n<\/li>\n<li class=\"\" data-start=\"861\" data-end=\"1156\">\n<p class=\"\" data-start=\"864\" data-end=\"906\">Zaawansowana technologia mesh-coil<\/p>\n<p class=\"\" data-start=\"911\" data-end=\"1156\">Wyposa\u017cony w mesh-coil 1.0\u03a9, ta technologia zapewnia r\u00f3wnomierne i bezproblemowe zaci\u0105ganie si\u0119, bez nier\u00f3wnomiernego nagrzewania si\u0119 jak w przypadku tradycyjnych coil\u00f3w. Gwarantuje to doskona\u0142y smak przy ka\u017cdym zaci\u0105gni\u0119ciu.<\/p>\n<\/li>\n<li class=\"\" data-start=\"1158\" data-end=\"1455\">\n<p class=\"\" data-start=\"1161\" data-end=\"1211\">Du\u017ca pojemno\u015b\u0107 baterii i szybkie \u0142adowanie<\/p>\n<p class=\"\" data-start=\"1216\" data-end=\"1455\">Z bateri\u0105 850mAh, e-papieros Bang King zapewnia mocne dzia\u0142anie. Port Type-C umo\u017cliwia szybkie \u0142adowanie, dzi\u0119ki czemu mo\u017cesz szybko wr\u00f3ci\u0107 do palenia bez przerwy.<\/p>\n<\/li>\n<\/ol>\n<h4 class=\"\" data-start=\"1462\" data-end=\"1507\">Do\u015bwiadczenia smakowe: dwa razy lepsze<\/h4>\n<p class=\"\" data-start=\"1509\" data-end=\"1754\">Jednorazowy e-papieros Bang King 50000 Paliw oferuje unikalne kombinacje smakowe Strawberry Watermelon i Black Dragon Ice. Ka\u017cde zaci\u0105gni\u0119cie to orze\u017awiaj\u0105ca mieszanka pysznych aromat\u00f3w owocowych i ch\u0142odz\u0105cego efektu:<\/p>\n<ul data-start=\"1756\" data-end=\"2096\">\n<li class=\"\" data-start=\"1756\" data-end=\"1922\">\n<p class=\"\" data-start=\"1758\" data-end=\"1922\">Strawberry Watermelon: Idealne po\u0142\u0105czenie s\u0142odyczy truskawek i \u015bwie\u017co\u015bci arbuza \u2013 doskona\u0142e na lato i orze\u017awiaj\u0105c\u0105 przerw\u0119.<\/p>\n<\/li>\n<li class=\"\" data-start=\"1926\" data-end=\"2096\">\n<p class=\"\" data-start=\"1928\" data-end=\"2096\">Black Dragon Ice: Unikalny mro\u017any smak po\u0142\u0105czony z g\u0142\u0119bokim aromatem owoc\u00f3w, idealny dla tych, kt\u00f3rzy szukaj\u0105 mocnego i orze\u017awiaj\u0105cego efektu.<\/p>\n<\/li>\n<\/ul>\n<h4>Szczeg\u00f3\u0142y produktu<\/h4>\n<div class=\"overflow-x-auto contain-inline-size\">\n<table data-start=\"2128\" data-end=\"2922\">\n<thead data-start=\"2128\" data-end=\"2210\">\n<tr data-start=\"2128\" data-end=\"2210\">\n<th data-start=\"2128\" data-end=\"2156\">Cechy produktu<\/th>\n<th data-start=\"2156\" data-end=\"2210\">Opis<\/th>\n<\/tr>\n<\/thead>\n<tbody data-start=\"2294\" data-end=\"2922\">\n<tr data-start=\"2294\" data-end=\"2376\">\n<td>Poci\u0105gni\u0119cia<\/td>\n<td>50000 paliw<\/td>\n<\/tr>\n<tr data-start=\"2377\" data-end=\"2469\">\n<td>Coil<\/td>\n<td>Mesh-coil, 1,0\u03a9 dla r\u00f3wnomiernego i delikatnego zaci\u0105gni\u0119cia si\u0119.<\/td>\n<\/tr>\n<tr data-start=\"2470\" data-end=\"2564\">\n<td>Pojemno\u015b\u0107 e-liquid<\/td>\n<td>50 ml, wystarczaj\u0105ce na d\u0142ugotrwa\u0142e do\u015bwiadczenie palenia.<\/td>\n<\/tr>\n<tr data-start=\"2565\" data-end=\"2661\">\n<td>Nikotyna<\/td>\n<td>Dost\u0119pne w koncentracjach 0% \/ 2% \/ 3% \/ 5%.<\/td>\n<\/tr>\n<tr data-start=\"2662\" data-end=\"2744\">\n<td>Pojemno\u015b\u0107 baterii<\/td>\n<td>850mAh, na d\u0142ugie u\u017cytkowanie.<\/td>\n<\/tr>\n<tr data-start=\"2745\" data-end=\"2827\">\n<td>Gniazdo \u0142adowania<\/td>\n<td>Type-C, do szybkiego \u0142adowania.<\/td>\n<\/tr>\n<tr data-start=\"2828\" data-end=\"2922\">\n<td>Wy\u015bwietlacz<\/td>\n<td>Wy\u015bwietlacz LCD, pokazuje stan baterii i liczb\u0119 zaci\u0105gni\u0119\u0107.<\/td>\n<\/tr>\n<\/tbody>\n<\/table>\n<\/div>\n<h3 data-start=\"2929\" data-end=\"2983\">Korzy\u015bci z zakupu: Zwolnione z c\u0142a i szybka dostawa<\/h3>\n<ul data-start=\"2985\" data-end=\"3436\">\n<li class=\"\" data-start=\"2985\" data-end=\"3116\">\n<p class=\"\" data-start=\"2987\" data-end=\"3116\">Zwolnione z c\u0142a: Kupuj\u0105c na vapingnet.de korzystasz z bezc\u0142owych korzy\u015bci i otrzymujesz produkt w ni\u017cszej cenie.<\/p>\n<\/li>\n<li class=\"\" data-start=\"3117\" data-end=\"3249\">\n<p class=\"\" data-start=\"3119\" data-end=\"3249\">Szybka dostawa: Dzi\u0119ki szybkiej dostawie lotniczej w ci\u0105gu 7-15 dni roboczych mo\u017cesz szybko otrzyma\u0107 swoje zam\u00f3wienie.<\/p>\n<\/li>\n<li class=\"\" data-start=\"3250\" data-end=\"3436\">\n<p class=\"\" data-start=\"3252\" data-end=\"3436\">Wysoka jako\u015b\u0107: Ka\u017cda jednorazowa e-papieros Bang King 50000 poci\u0105gni\u0119\u0107 przechodzi rygorystyczne kontrole jako\u015bci, aby zapewni\u0107 bezpiecze\u0144stwo i stabilno\u015b\u0107 podczas u\u017cytkowania.<\/p>\n<\/li>\n<\/ul>\n<h4 data-start=\"3443\" data-end=\"3495\">Kup teraz i ciesz si\u0119 \u015bwie\u017cym smakiem<\/h4>\n<p class=\"\" data-start=\"3497\" data-end=\"3777\">Wybierz jednorazowego e-papierosa Bang King 50000 poci\u0105gni\u0119\u0107 i ciesz si\u0119 d\u0142ugotrwa\u0142\u0105 chmur\u0105 pary z r\u00f3\u017cnorodnymi doznaniami smakowymi. Odwied\u017a teraz vapingnet.de, wybierz sw\u00f3j ulubiony smak i odkryj nowy \u015bwiat vapingu.<\/p>","protected":false},"excerpt":{"rendered":"<p>Bang King 50000 Zaci\u0105gni\u0119\u0107 Jednorazowy e-papieros W \u015bwiecie e-papieros\u00f3w Bang King 50000 Zaci\u0105gni\u0119\u0107 wyr\u00f3\u017cnia si\u0119 swoj\u0105 zaawansowan\u0105 technologi\u0105 i...<\/p>","protected":false},"featured_media":5843,"template":"","meta":[],"etheme_brands":[],"product_brand":[101],"product_cat":[67,49,61,87],"product_tag":[],"class_list":{"0":"post-5840","1":"product","2":"type-product","3":"status-publish","4":"has-post-thumbnail","6":"product_brand-bang-king-vape","7":"product_cat-50k-vape","8":"product_cat-einweg-e-zigarette","9":"product_cat-f","10":"product_cat-v","12":"first","13":"instock","14":"shipping-taxable","15":"purchasable","16":"product-type-simple"},"yoast_head":"<!-- This site is optimized with the Yoast SEO plugin v26.5 - https:\/\/yoast.com\/wordpress\/plugins\/seo\/ -->\n<title>Bang King 50000 Puffs Doppelte Geschmackskraft aus Strawberry Watermelon und Black Dragon Ice Spare jetzt bei deinem Kauf | Vapingnet.de<\/title>\n<meta name=\"description\" content=\"Entdecke Bang King 50000 Puffs Doppelte Geschmackskraft aus Strawberry Watermelon und Black Dragon Ice Spare jetzt bei deinem Kauf bei vapingnet.de, \u25ba Gro\u00dfe Auswahl an Geschmacksrichtungen &amp; super g\u00fcnstig!\" \/>\n<meta name=\"robots\" content=\"index, follow, max-snippet:-1, max-image-preview:large, max-video-preview:-1\" \/>\n<link rel=\"canonical\" href=\"https:\/\/vapingnet.de\/pl\/vape\/bang-king-50000-puffs-doppelte-geschmackskraft-aus-strawberry-watermelon-und-black-dragon-ice-spare-jetzt-bei-deinem-kauf\/\" \/>\n<meta property=\"og:locale\" content=\"pl_PL\" \/>\n<meta property=\"og:type\" content=\"article\" \/>\n<meta property=\"og:title\" content=\"Bang King 50000 Puffs Doppelte Geschmackskraft aus Strawberry Watermelon und Black Dragon Ice Spare jetzt bei deinem Kauf | Vapingnet.de\" \/>\n<meta property=\"og:description\" content=\"Entdecke Bang King 50000 Puffs Doppelte Geschmackskraft aus Strawberry Watermelon und Black Dragon Ice Spare jetzt bei deinem Kauf bei vapingnet.de, \u25ba Gro\u00dfe Auswahl an Geschmacksrichtungen &amp; super g\u00fcnstig!\" \/>\n<meta property=\"og:url\" content=\"https:\/\/vapingnet.de\/pl\/vape\/bang-king-50000-puffs-doppelte-geschmackskraft-aus-strawberry-watermelon-und-black-dragon-ice-spare-jetzt-bei-deinem-kauf\/\" \/>\n<meta property=\"og:site_name\" content=\"Vapingnet.de\" \/>\n<meta property=\"article:publisher\" content=\"https:\/\/www.facebook.com\/vapingnetde\/\" \/>\n<meta property=\"article:modified_time\" content=\"2026-01-25T09:10:59+00:00\" \/>\n<meta property=\"og:image\" content=\"https:\/\/vapingnet.de\/wp-content\/uploads\/2025\/03\/bang50k-strawberry-watermelon-und-black-dragon-ice.png\" \/>\n\t<meta property=\"og:image:width\" content=\"1000\" \/>\n\t<meta property=\"og:image:height\" content=\"1000\" \/>\n\t<meta property=\"og:image:type\" content=\"image\/png\" \/>\n<meta name=\"twitter:card\" content=\"summary_large_image\" \/>\n<meta name=\"twitter:label1\" content=\"Est. reading time\" \/>\n\t<meta name=\"twitter:data1\" content=\"3 minutes\" \/>\n<script type=\"application\/ld+json\" class=\"yoast-schema-graph\">{\"@context\":\"https:\/\/schema.org\",\"@graph\":[{\"@type\":\"WebPage\",\"@id\":\"https:\/\/vapingnet.de\/vape\/bang-king-50000-puffs-doppelte-geschmackskraft-aus-strawberry-watermelon-und-black-dragon-ice-spare-jetzt-bei-deinem-kauf\/\",\"url\":\"https:\/\/vapingnet.de\/vape\/bang-king-50000-puffs-doppelte-geschmackskraft-aus-strawberry-watermelon-und-black-dragon-ice-spare-jetzt-bei-deinem-kauf\/\",\"name\":\"Bang King 50000 Puffs Doppelte Geschmackskraft aus Strawberry Watermelon und Black Dragon Ice Spare jetzt bei deinem Kauf | Vapingnet.de\",\"isPartOf\":{\"@id\":\"https:\/\/vapingnet.de\/#website\"},\"primaryImageOfPage\":{\"@id\":\"https:\/\/vapingnet.de\/vape\/bang-king-50000-puffs-doppelte-geschmackskraft-aus-strawberry-watermelon-und-black-dragon-ice-spare-jetzt-bei-deinem-kauf\/#primaryimage\"},\"image\":{\"@id\":\"https:\/\/vapingnet.de\/vape\/bang-king-50000-puffs-doppelte-geschmackskraft-aus-strawberry-watermelon-und-black-dragon-ice-spare-jetzt-bei-deinem-kauf\/#primaryimage\"},\"thumbnailUrl\":\"https:\/\/vapingnet.de\/wp-content\/uploads\/2025\/03\/bang50k-strawberry-watermelon-und-black-dragon-ice.png\",\"datePublished\":\"2025-03-24T06:01:04+00:00\",\"dateModified\":\"2026-01-25T09:10:59+00:00\",\"description\":\"Entdecke Bang King 50000 Puffs Doppelte Geschmackskraft aus Strawberry Watermelon und Black Dragon Ice Spare jetzt bei deinem Kauf bei vapingnet.de, \u25ba Gro\u00dfe Auswahl an Geschmacksrichtungen & super g\u00fcnstig!\",\"breadcrumb\":{\"@id\":\"https:\/\/vapingnet.de\/vape\/bang-king-50000-puffs-doppelte-geschmackskraft-aus-strawberry-watermelon-und-black-dragon-ice-spare-jetzt-bei-deinem-kauf\/#breadcrumb\"},\"inLanguage\":\"pl-PL\",\"potentialAction\":[{\"@type\":\"ReadAction\",\"target\":[\"https:\/\/vapingnet.de\/vape\/bang-king-50000-puffs-doppelte-geschmackskraft-aus-strawberry-watermelon-und-black-dragon-ice-spare-jetzt-bei-deinem-kauf\/\"]}]},{\"@type\":\"ImageObject\",\"inLanguage\":\"pl-PL\",\"@id\":\"https:\/\/vapingnet.de\/vape\/bang-king-50000-puffs-doppelte-geschmackskraft-aus-strawberry-watermelon-und-black-dragon-ice-spare-jetzt-bei-deinem-kauf\/#primaryimage\",\"url\":\"https:\/\/vapingnet.de\/wp-content\/uploads\/2025\/03\/bang50k-strawberry-watermelon-und-black-dragon-ice.png\",\"contentUrl\":\"https:\/\/vapingnet.de\/wp-content\/uploads\/2025\/03\/bang50k-strawberry-watermelon-und-black-dragon-ice.png\",\"width\":1000,\"height\":1000,\"caption\":\"bang50k-strawberry watermelon und black dragon ice\"},{\"@type\":\"BreadcrumbList\",\"@id\":\"https:\/\/vapingnet.de\/vape\/bang-king-50000-puffs-doppelte-geschmackskraft-aus-strawberry-watermelon-und-black-dragon-ice-spare-jetzt-bei-deinem-kauf\/#breadcrumb\",\"itemListElement\":[{\"@type\":\"ListItem\",\"position\":1,\"name\":\"Home\",\"item\":\"https:\/\/vapingnet.de\/\"},{\"@type\":\"ListItem\",\"position\":2,\"name\":\"Shop\",\"item\":\"https:\/\/vapingnet.de\/vape\/\"},{\"@type\":\"ListItem\",\"position\":3,\"name\":\"Bang King 50000 Puffs Doppelte Geschmackskraft aus Strawberry Watermelon und Black Dragon Ice Spare jetzt bei deinem Kauf\"}]},{\"@type\":\"WebSite\",\"@id\":\"https:\/\/vapingnet.de\/#website\",\"url\":\"https:\/\/vapingnet.de\/\",\"name\":\"Vapingnet.de\",\"description\":\"\",\"publisher\":{\"@id\":\"https:\/\/vapingnet.de\/#organization\"},\"potentialAction\":[{\"@type\":\"SearchAction\",\"target\":{\"@type\":\"EntryPoint\",\"urlTemplate\":\"https:\/\/vapingnet.de\/?s={search_term_string}\"},\"query-input\":{\"@type\":\"PropertyValueSpecification\",\"valueRequired\":true,\"valueName\":\"search_term_string\"}}],\"inLanguage\":\"pl-PL\"},{\"@type\":\"Organization\",\"@id\":\"https:\/\/vapingnet.de\/#organization\",\"name\":\"Vapingnet.de\",\"url\":\"https:\/\/vapingnet.de\/\",\"logo\":{\"@type\":\"ImageObject\",\"inLanguage\":\"pl-PL\",\"@id\":\"https:\/\/vapingnet.de\/#\/schema\/logo\/image\/\",\"url\":\"https:\/\/vapingnet.de\/wp-content\/uploads\/2025\/03\/cropped-vapingnet.de_.jpg\",\"contentUrl\":\"https:\/\/vapingnet.de\/wp-content\/uploads\/2025\/03\/cropped-vapingnet.de_.jpg\",\"width\":512,\"height\":512,\"caption\":\"Vapingnet.de\"},\"image\":{\"@id\":\"https:\/\/vapingnet.de\/#\/schema\/logo\/image\/\"},\"sameAs\":[\"https:\/\/www.facebook.com\/vapingnetde\/\"]}]}<\/script>\n<!-- \/ Yoast SEO plugin. -->","yoast_head_json":{"title":"Bang King 50000 Puffs Doppelte Geschmackskraft aus Strawberry Watermelon und Black Dragon Ice Spare jetzt bei deinem Kauf | Vapingnet.de","description":"Entdecke Bang King 50000 Puffs Doppelte Geschmackskraft aus Strawberry Watermelon und Black Dragon Ice Spare jetzt bei deinem Kauf bei vapingnet.de, \u25ba Gro\u00dfe Auswahl an Geschmacksrichtungen & super g\u00fcnstig!","robots":{"index":"index","follow":"follow","max-snippet":"max-snippet:-1","max-image-preview":"max-image-preview:large","max-video-preview":"max-video-preview:-1"},"canonical":"https:\/\/vapingnet.de\/pl\/vape\/bang-king-50000-puffs-doppelte-geschmackskraft-aus-strawberry-watermelon-und-black-dragon-ice-spare-jetzt-bei-deinem-kauf\/","og_locale":"pl_PL","og_type":"article","og_title":"Bang King 50000 Puffs Doppelte Geschmackskraft aus Strawberry Watermelon und Black Dragon Ice Spare jetzt bei deinem Kauf | Vapingnet.de","og_description":"Entdecke Bang King 50000 Puffs Doppelte Geschmackskraft aus Strawberry Watermelon und Black Dragon Ice Spare jetzt bei deinem Kauf bei vapingnet.de, \u25ba Gro\u00dfe Auswahl an Geschmacksrichtungen & super g\u00fcnstig!","og_url":"https:\/\/vapingnet.de\/pl\/vape\/bang-king-50000-puffs-doppelte-geschmackskraft-aus-strawberry-watermelon-und-black-dragon-ice-spare-jetzt-bei-deinem-kauf\/","og_site_name":"Vapingnet.de","article_publisher":"https:\/\/www.facebook.com\/vapingnetde\/","article_modified_time":"2026-01-25T09:10:59+00:00","og_image":[{"width":1000,"height":1000,"url":"https:\/\/vapingnet.de\/wp-content\/uploads\/2025\/03\/bang50k-strawberry-watermelon-und-black-dragon-ice.png","type":"image\/png"}],"twitter_card":"summary_large_image","twitter_misc":{"Est. reading time":"3 minutes"},"schema":{"@context":"https:\/\/schema.org","@graph":[{"@type":"WebPage","@id":"https:\/\/vapingnet.de\/vape\/bang-king-50000-puffs-doppelte-geschmackskraft-aus-strawberry-watermelon-und-black-dragon-ice-spare-jetzt-bei-deinem-kauf\/","url":"https:\/\/vapingnet.de\/vape\/bang-king-50000-puffs-doppelte-geschmackskraft-aus-strawberry-watermelon-und-black-dragon-ice-spare-jetzt-bei-deinem-kauf\/","name":"Bang King 50000 Puffs Doppelte Geschmackskraft aus Strawberry Watermelon und Black Dragon Ice Spare jetzt bei deinem Kauf | Vapingnet.de","isPartOf":{"@id":"https:\/\/vapingnet.de\/#website"},"primaryImageOfPage":{"@id":"https:\/\/vapingnet.de\/vape\/bang-king-50000-puffs-doppelte-geschmackskraft-aus-strawberry-watermelon-und-black-dragon-ice-spare-jetzt-bei-deinem-kauf\/#primaryimage"},"image":{"@id":"https:\/\/vapingnet.de\/vape\/bang-king-50000-puffs-doppelte-geschmackskraft-aus-strawberry-watermelon-und-black-dragon-ice-spare-jetzt-bei-deinem-kauf\/#primaryimage"},"thumbnailUrl":"https:\/\/vapingnet.de\/wp-content\/uploads\/2025\/03\/bang50k-strawberry-watermelon-und-black-dragon-ice.png","datePublished":"2025-03-24T06:01:04+00:00","dateModified":"2026-01-25T09:10:59+00:00","description":"Entdecke Bang King 50000 Puffs Doppelte Geschmackskraft aus Strawberry Watermelon und Black Dragon Ice Spare jetzt bei deinem Kauf bei vapingnet.de, \u25ba Gro\u00dfe Auswahl an Geschmacksrichtungen & super g\u00fcnstig!","breadcrumb":{"@id":"https:\/\/vapingnet.de\/vape\/bang-king-50000-puffs-doppelte-geschmackskraft-aus-strawberry-watermelon-und-black-dragon-ice-spare-jetzt-bei-deinem-kauf\/#breadcrumb"},"inLanguage":"pl-PL","potentialAction":[{"@type":"ReadAction","target":["https:\/\/vapingnet.de\/vape\/bang-king-50000-puffs-doppelte-geschmackskraft-aus-strawberry-watermelon-und-black-dragon-ice-spare-jetzt-bei-deinem-kauf\/"]}]},{"@type":"ImageObject","inLanguage":"pl-PL","@id":"https:\/\/vapingnet.de\/vape\/bang-king-50000-puffs-doppelte-geschmackskraft-aus-strawberry-watermelon-und-black-dragon-ice-spare-jetzt-bei-deinem-kauf\/#primaryimage","url":"https:\/\/vapingnet.de\/wp-content\/uploads\/2025\/03\/bang50k-strawberry-watermelon-und-black-dragon-ice.png","contentUrl":"https:\/\/vapingnet.de\/wp-content\/uploads\/2025\/03\/bang50k-strawberry-watermelon-und-black-dragon-ice.png","width":1000,"height":1000,"caption":"bang50k-strawberry watermelon und black dragon ice"},{"@type":"BreadcrumbList","@id":"https:\/\/vapingnet.de\/vape\/bang-king-50000-puffs-doppelte-geschmackskraft-aus-strawberry-watermelon-und-black-dragon-ice-spare-jetzt-bei-deinem-kauf\/#breadcrumb","itemListElement":[{"@type":"ListItem","position":1,"name":"Home","item":"https:\/\/vapingnet.de\/"},{"@type":"ListItem","position":2,"name":"Shop","item":"https:\/\/vapingnet.de\/vape\/"},{"@type":"ListItem","position":3,"name":"Bang King 50000 Puffs Doppelte Geschmackskraft aus Strawberry Watermelon und Black Dragon Ice Spare jetzt bei deinem Kauf"}]},{"@type":"WebSite","@id":"https:\/\/vapingnet.de\/#website","url":"https:\/\/vapingnet.de\/","name":"Vapingnet.de","description":"","publisher":{"@id":"https:\/\/vapingnet.de\/#organization"},"potentialAction":[{"@type":"SearchAction","target":{"@type":"EntryPoint","urlTemplate":"https:\/\/vapingnet.de\/?s={search_term_string}"},"query-input":{"@type":"PropertyValueSpecification","valueRequired":true,"valueName":"search_term_string"}}],"inLanguage":"pl-PL"},{"@type":"Organization","@id":"https:\/\/vapingnet.de\/#organization","name":"Vapingnet.de","url":"https:\/\/vapingnet.de\/","logo":{"@type":"ImageObject","inLanguage":"pl-PL","@id":"https:\/\/vapingnet.de\/#\/schema\/logo\/image\/","url":"https:\/\/vapingnet.de\/wp-content\/uploads\/2025\/03\/cropped-vapingnet.de_.jpg","contentUrl":"https:\/\/vapingnet.de\/wp-content\/uploads\/2025\/03\/cropped-vapingnet.de_.jpg","width":512,"height":512,"caption":"Vapingnet.de"},"image":{"@id":"https:\/\/vapingnet.de\/#\/schema\/logo\/image\/"},"sameAs":["https:\/\/www.facebook.com\/vapingnetde\/"]}]}},"tiered_pricing_type":"fixed","tiered_pricing_fixed_rules":{"10":"12.44","60":"11.96","110":"10.63","200":"9.3"},"tiered_pricing_product_settings":{"layout":"default","base_unit_name":{"singular":null,"plural":null},"default_variation":null},"tiered_pricing_minimum_quantity":null,"tiered_pricing_roles_data":[],"tiered_pricing_percentage_rules":[],"_links":{"self":[{"href":"https:\/\/vapingnet.de\/pl\/wp-json\/wp\/v2\/product\/5840","targetHints":{"allow":["GET"]}}],"collection":[{"href":"https:\/\/vapingnet.de\/pl\/wp-json\/wp\/v2\/product"}],"about":[{"href":"https:\/\/vapingnet.de\/pl\/wp-json\/wp\/v2\/types\/product"}],"version-history":[{"count":4,"href":"https:\/\/vapingnet.de\/pl\/wp-json\/wp\/v2\/product\/5840\/revisions"}],"predecessor-version":[{"id":7539,"href":"https:\/\/vapingnet.de\/pl\/wp-json\/wp\/v2\/product\/5840\/revisions\/7539"}],"wp:featuredmedia":[{"embeddable":true,"href":"https:\/\/vapingnet.de\/pl\/wp-json\/wp\/v2\/media\/5843"}],"wp:attachment":[{"href":"https:\/\/vapingnet.de\/pl\/wp-json\/wp\/v2\/media?parent=5840"}],"wp:term":[{"taxonomy":"brand","embeddable":true,"href":"https:\/\/vapingnet.de\/pl\/wp-json\/wp\/v2\/etheme_brands?post=5840"},{"taxonomy":"product_brand","embeddable":true,"href":"https:\/\/vapingnet.de\/pl\/wp-json\/wp\/v2\/product_brand?post=5840"},{"taxonomy":"product_cat","embeddable":true,"href":"https:\/\/vapingnet.de\/pl\/wp-json\/wp\/v2\/product_cat?post=5840"},{"taxonomy":"product_tag","embeddable":true,"href":"https:\/\/vapingnet.de\/pl\/wp-json\/wp\/v2\/product_tag?post=5840"}],"curies":[{"name":"wp","href":"https:\/\/api.w.org\/{rel}","templated":true}]}}