{"id":5841,"date":"2025-03-24T06:01:06","date_gmt":"2025-03-24T06:01:06","guid":{"rendered":"https:\/\/vapingnet.de\/?post_type=product&#038;p=5841"},"modified":"2026-01-25T09:09:25","modified_gmt":"2026-01-25T09:09:25","slug":"bang-king-50000-puffs-strawberry-watermelon-und-kiwi-passion-fruit-guava-hoechste-qualitaet-und-jetzt-zollfrei-erhaeltlich","status":"publish","type":"product","link":"https:\/\/vapingnet.de\/pl\/vape\/bang-king-50000-puffs-strawberry-watermelon-und-kiwi-passion-fruit-guava-hoechste-qualitaet-und-jetzt-zollfrei-erhaeltlich\/","title":{"rendered":"Bang King 50000 Puffs Strawberry Watermelon i Kiwi Passion Fruit Guava najwy\u017csza jako\u015b\u0107 i dost\u0119pny bez c\u0142a"},"content":{"rendered":"<h2 data-start=\"0\" data-end=\"82\">Bang King 50000 Puffs Jednorazowa E-papieros \u2013 Niezr\u00f3wnane doznania palenia<\/h2>\n<p class=\"\" data-start=\"84\" data-end=\"478\">Bang King 50000 Puffs Jednorazowy E-papieros to nowoczesne urz\u0105dzenie na rynku, kt\u00f3re dzi\u0119ki swojej ekstremalnej \u017cywotno\u015bci, podw\u00f3jnym opcjom smakowym i zaawansowanej technologii sta\u0142o si\u0119 preferowanym wyborem dla palaczy. Niezale\u017cnie od tego, czy jeste\u015b pocz\u0105tkuj\u0105cym, czy do\u015bwiadczonym palaczem, Bang King 50000 Puffs spe\u0142ni wszystkie Twoje potrzeby.<\/p>\n<h4 class=\"\" data-start=\"480\" data-end=\"503\">G\u0142\u00f3wne cechy:<\/h4>\n<ul data-start=\"505\" data-end=\"2076\">\n<li class=\"\" data-start=\"505\" data-end=\"726\">\n<p class=\"\" data-start=\"507\" data-end=\"726\">Ekstremalnie d\u0142ugie u\u017cytkowanie: Najwi\u0119ksz\u0105 zalet\u0105 Bang King 50000 Puffs Jednorazowego E-papierosa jest jego \u017cywotno\u015b\u0107 na poziomie 50 000 zada\u0144. Nie musisz wymienia\u0107 urz\u0105dzenia przez d\u0142ugi czas i mo\u017cesz cieszy\u0107 si\u0119 paleniem bez przerwy.<\/p>\n<\/li>\n<li class=\"\" data-start=\"728\" data-end=\"1004\">\n<p class=\"\" data-start=\"730\" data-end=\"1004\">Technologia Mesh-Coil: Wyposa\u017cony w 1,0\u03a9 Mesh-Coil, ten e-papieros zapewnia r\u00f3wnomierne podgrzewanie, co gwarantuje delikatny i jednolity dym. Ka\u017cde zaci\u0105gni\u0119cie jest tak g\u0142adkie i pe\u0142ne smaku, znacznie lepsze ni\u017c w tradycyjnych rezystorach.<\/p>\n<\/li>\n<li class=\"\" data-start=\"1006\" data-end=\"1371\">\n<p class=\"\" data-start=\"1008\" data-end=\"1371\">Podw\u00f3jne opcje smakowe dla ka\u017cdego gustu: Bang King 50000 Puffs oferuje dwa pyszne smaki: truskawk\u0119 z arbuzem i kiwi z marakuj\u0105 i guaw\u0105. Pierwsza kombinacja to s\u0142odka truskawka i orze\u017awiaj\u0105cy arbuz, podczas gdy druga dostarcza egzotyczny tropikalny smak, przypominaj\u0105cy wakacje.<\/p>\n<\/li>\n<li class=\"\" data-start=\"1373\" data-end=\"1610\">\n<p class=\"\" data-start=\"1375\" data-end=\"1610\">R\u00f3\u017cne st\u0119\u017cenia nikotyny: Bang King 50000 Puffs oferuje wyb\u00f3r mi\u0119dzy nikotyn\u0105 0%, 2%, 3% i 5%. W zale\u017cno\u015bci od preferencji mo\u017cesz ustawi\u0107 odpowiedni poziom nikotyny i znale\u017a\u0107 swoje idealne do\u015bwiadczenie palenia.<\/p>\n<\/li>\n<li class=\"\" data-start=\"1612\" data-end=\"1865\">\n<p class=\"\" data-start=\"1614\" data-end=\"1865\">Inteligentny wy\u015bwietlacz LCD: Dzi\u0119ki wy\u015bwietlaczowi LCD zawsze masz pod kontrol\u0105 poziom na\u0142adowania urz\u0105dzenia oraz pozosta\u0142e zaci\u0105gni\u0119cia. Zawsze jeste\u015b poinformowany i unikasz przerwy z powodu roz\u0142adowanej baterii.<\/p>\n<\/li>\n<li class=\"\" data-start=\"1867\" data-end=\"2076\">\n<p class=\"\" data-start=\"1869\" data-end=\"2076\">Szybkie \u0142adowanie Type-C: Akumulator 850mAh obs\u0142uguje szybkie \u0142adowanie Type-C, dzi\u0119ki czemu urz\u0105dzenie jest gotowe do u\u017cycia w kr\u00f3tkim czasie. Mo\u017cesz je szybko na\u0142adowa\u0107 i kontynuowa\u0107 palenie.<\/p>\n<\/li>\n<\/ul>\n<h3 data-start=\"2083\" data-end=\"2162\">Dlaczego warto wybra\u0107 jednorazowego e-papierosa Bang King 50000 Puffs?<\/h3>\n<ul data-start=\"2164\" data-end=\"2741\">\n<li class=\"\" data-start=\"2164\" data-end=\"2455\">\n<p class=\"\" data-start=\"2166\" data-end=\"2455\">Brak op\u0142at celnych i szybka dostawa: Kupuj\u0105c Bang King 50000 Puffs, nie ponosisz op\u0142at celnych i mo\u017cesz zam\u00f3wi\u0107 go wygodnie przez stron\u0119 internetow\u0105. Dostawa trwa tylko 7-15 dni roboczych, co czyni go idealnym do szybkiej wymiany urz\u0105dze\u0144.<\/p>\n<\/li>\n<li class=\"\" data-start=\"2457\" data-end=\"2741\">\n<p class=\"\" data-start=\"2459\" data-end=\"2741\">Jednorazowy design, prosty i wygodny: W przeciwie\u0144stwie do urz\u0105dze\u0144 z wymiennymi podami, Bang King 50000 Puffs ma praktyczny jednorazowy design. Nie musisz si\u0119 martwi\u0107 o czyszczenie czy wymian\u0119 pod\u00f3w, po prostu wyrzucasz urz\u0105dzenie po u\u017cyciu.<\/p>\n<\/li>\n<\/ul>\n<p class=\"\" data-start=\"2763\" data-end=\"3161\">Jednorazowy e-papieros Bang King 50000 Puffs to nie tylko innowacja w wygl\u0105dzie, ale tak\u017ce prze\u0142om technologiczny. Jego d\u0142ugotrwa\u0142a \u017cywotno\u015b\u0107, bogate opcje smakowe i wysokiej jako\u015bci doznania dymne czyni\u0105 go nieodzownym towarzyszem dla palaczy. Je\u015bli szukasz najwy\u017cszej klasy do\u015bwiadczenia palenia, Bang King 50000 Puffs jest zdecydowanie w\u0142a\u015bciwym wyborem.<\/p>","protected":false},"excerpt":{"rendered":"<p>Bang King 50000 Puffs Einweg-E-Zigarette &#8211; Unvergleichliches Raucherlebnis Bang King 50000 Puffs Einweg-E-Zigarette ist ein auf dem Markt viel beachtetes, neues E-Zigaretten-Ger\u00e4t, das durch seine&#8230;<\/p>","protected":false},"featured_media":5842,"template":"","meta":[],"etheme_brands":[],"product_brand":[101],"product_cat":[67,49,61,87],"product_tag":[],"class_list":{"0":"post-5841","1":"product","2":"type-product","3":"status-publish","4":"has-post-thumbnail","6":"product_brand-bang-king-vape","7":"product_cat-50k-vape","8":"product_cat-einweg-e-zigarette","9":"product_cat-f","10":"product_cat-v","12":"first","13":"instock","14":"shipping-taxable","15":"purchasable","16":"product-type-simple"},"yoast_head":"<!-- This site is optimized with the Yoast SEO plugin v26.5 - https:\/\/yoast.com\/wordpress\/plugins\/seo\/ -->\n<title>Bang King 50000 Puffs Strawberry Watermelon und Kiwi Passion Fruit Guava h\u00f6chste Qualit\u00e4t und jetzt zollfrei erh\u00e4ltlich | Vapingnet.de<\/title>\n<meta name=\"description\" content=\"Entdecke Bang King 50000 Puffs Strawberry Watermelon und Kiwi Passion Fruit Guava h\u00f6chste Qualit\u00e4t und jetzt zollfrei erh\u00e4ltlich bei vapingnet.de, \u25ba Gro\u00dfe Auswahl an Geschmacksrichtungen &amp; super g\u00fcnstig!\" \/>\n<meta name=\"robots\" content=\"index, follow, max-snippet:-1, max-image-preview:large, max-video-preview:-1\" \/>\n<link rel=\"canonical\" href=\"https:\/\/vapingnet.de\/pl\/vape\/bang-king-50000-puffs-strawberry-watermelon-und-kiwi-passion-fruit-guava-hoechste-qualitaet-und-jetzt-zollfrei-erhaeltlich\/\" \/>\n<meta property=\"og:locale\" content=\"pl_PL\" \/>\n<meta property=\"og:type\" content=\"article\" \/>\n<meta property=\"og:title\" content=\"Bang King 50000 Puffs Strawberry Watermelon und Kiwi Passion Fruit Guava h\u00f6chste Qualit\u00e4t und jetzt zollfrei erh\u00e4ltlich | Vapingnet.de\" \/>\n<meta property=\"og:description\" content=\"Entdecke Bang King 50000 Puffs Strawberry Watermelon und Kiwi Passion Fruit Guava h\u00f6chste Qualit\u00e4t und jetzt zollfrei erh\u00e4ltlich bei vapingnet.de, \u25ba Gro\u00dfe Auswahl an Geschmacksrichtungen &amp; super g\u00fcnstig!\" \/>\n<meta property=\"og:url\" content=\"https:\/\/vapingnet.de\/pl\/vape\/bang-king-50000-puffs-strawberry-watermelon-und-kiwi-passion-fruit-guava-hoechste-qualitaet-und-jetzt-zollfrei-erhaeltlich\/\" \/>\n<meta property=\"og:site_name\" content=\"Vapingnet.de\" \/>\n<meta property=\"article:publisher\" content=\"https:\/\/www.facebook.com\/vapingnetde\/\" \/>\n<meta property=\"article:modified_time\" content=\"2026-01-25T09:09:25+00:00\" \/>\n<meta property=\"og:image\" content=\"https:\/\/vapingnet.de\/wp-content\/uploads\/2025\/03\/bang50k-strawberry-watermelon-und-kiwi-passion-fruit-guava.png\" \/>\n\t<meta property=\"og:image:width\" content=\"1000\" \/>\n\t<meta property=\"og:image:height\" content=\"1000\" \/>\n\t<meta property=\"og:image:type\" content=\"image\/png\" \/>\n<meta name=\"twitter:card\" content=\"summary_large_image\" \/>\n<meta name=\"twitter:label1\" content=\"Est. reading time\" \/>\n\t<meta name=\"twitter:data1\" content=\"3 minutes\" \/>\n<script type=\"application\/ld+json\" class=\"yoast-schema-graph\">{\"@context\":\"https:\/\/schema.org\",\"@graph\":[{\"@type\":\"WebPage\",\"@id\":\"https:\/\/vapingnet.de\/vape\/bang-king-50000-puffs-strawberry-watermelon-und-kiwi-passion-fruit-guava-hoechste-qualitaet-und-jetzt-zollfrei-erhaeltlich\/\",\"url\":\"https:\/\/vapingnet.de\/vape\/bang-king-50000-puffs-strawberry-watermelon-und-kiwi-passion-fruit-guava-hoechste-qualitaet-und-jetzt-zollfrei-erhaeltlich\/\",\"name\":\"Bang King 50000 Puffs Strawberry Watermelon und Kiwi Passion Fruit Guava h\u00f6chste Qualit\u00e4t und jetzt zollfrei erh\u00e4ltlich | Vapingnet.de\",\"isPartOf\":{\"@id\":\"https:\/\/vapingnet.de\/#website\"},\"primaryImageOfPage\":{\"@id\":\"https:\/\/vapingnet.de\/vape\/bang-king-50000-puffs-strawberry-watermelon-und-kiwi-passion-fruit-guava-hoechste-qualitaet-und-jetzt-zollfrei-erhaeltlich\/#primaryimage\"},\"image\":{\"@id\":\"https:\/\/vapingnet.de\/vape\/bang-king-50000-puffs-strawberry-watermelon-und-kiwi-passion-fruit-guava-hoechste-qualitaet-und-jetzt-zollfrei-erhaeltlich\/#primaryimage\"},\"thumbnailUrl\":\"https:\/\/vapingnet.de\/wp-content\/uploads\/2025\/03\/bang50k-strawberry-watermelon-und-kiwi-passion-fruit-guava.png\",\"datePublished\":\"2025-03-24T06:01:06+00:00\",\"dateModified\":\"2026-01-25T09:09:25+00:00\",\"description\":\"Entdecke Bang King 50000 Puffs Strawberry Watermelon und Kiwi Passion Fruit Guava h\u00f6chste Qualit\u00e4t und jetzt zollfrei erh\u00e4ltlich bei vapingnet.de, \u25ba Gro\u00dfe Auswahl an Geschmacksrichtungen & super g\u00fcnstig!\",\"breadcrumb\":{\"@id\":\"https:\/\/vapingnet.de\/vape\/bang-king-50000-puffs-strawberry-watermelon-und-kiwi-passion-fruit-guava-hoechste-qualitaet-und-jetzt-zollfrei-erhaeltlich\/#breadcrumb\"},\"inLanguage\":\"pl-PL\",\"potentialAction\":[{\"@type\":\"ReadAction\",\"target\":[\"https:\/\/vapingnet.de\/vape\/bang-king-50000-puffs-strawberry-watermelon-und-kiwi-passion-fruit-guava-hoechste-qualitaet-und-jetzt-zollfrei-erhaeltlich\/\"]}]},{\"@type\":\"ImageObject\",\"inLanguage\":\"pl-PL\",\"@id\":\"https:\/\/vapingnet.de\/vape\/bang-king-50000-puffs-strawberry-watermelon-und-kiwi-passion-fruit-guava-hoechste-qualitaet-und-jetzt-zollfrei-erhaeltlich\/#primaryimage\",\"url\":\"https:\/\/vapingnet.de\/wp-content\/uploads\/2025\/03\/bang50k-strawberry-watermelon-und-kiwi-passion-fruit-guava.png\",\"contentUrl\":\"https:\/\/vapingnet.de\/wp-content\/uploads\/2025\/03\/bang50k-strawberry-watermelon-und-kiwi-passion-fruit-guava.png\",\"width\":1000,\"height\":1000,\"caption\":\"bang50k-strawberry watermelon und kiwi passion fruit guava\"},{\"@type\":\"BreadcrumbList\",\"@id\":\"https:\/\/vapingnet.de\/vape\/bang-king-50000-puffs-strawberry-watermelon-und-kiwi-passion-fruit-guava-hoechste-qualitaet-und-jetzt-zollfrei-erhaeltlich\/#breadcrumb\",\"itemListElement\":[{\"@type\":\"ListItem\",\"position\":1,\"name\":\"Home\",\"item\":\"https:\/\/vapingnet.de\/\"},{\"@type\":\"ListItem\",\"position\":2,\"name\":\"Shop\",\"item\":\"https:\/\/vapingnet.de\/vape\/\"},{\"@type\":\"ListItem\",\"position\":3,\"name\":\"Bang King 50000 Puffs Strawberry Watermelon und Kiwi Passion Fruit Guava h\u00f6chste Qualit\u00e4t und jetzt zollfrei erh\u00e4ltlich\"}]},{\"@type\":\"WebSite\",\"@id\":\"https:\/\/vapingnet.de\/#website\",\"url\":\"https:\/\/vapingnet.de\/\",\"name\":\"Vapingnet.de\",\"description\":\"\",\"publisher\":{\"@id\":\"https:\/\/vapingnet.de\/#organization\"},\"potentialAction\":[{\"@type\":\"SearchAction\",\"target\":{\"@type\":\"EntryPoint\",\"urlTemplate\":\"https:\/\/vapingnet.de\/?s={search_term_string}\"},\"query-input\":{\"@type\":\"PropertyValueSpecification\",\"valueRequired\":true,\"valueName\":\"search_term_string\"}}],\"inLanguage\":\"pl-PL\"},{\"@type\":\"Organization\",\"@id\":\"https:\/\/vapingnet.de\/#organization\",\"name\":\"Vapingnet.de\",\"url\":\"https:\/\/vapingnet.de\/\",\"logo\":{\"@type\":\"ImageObject\",\"inLanguage\":\"pl-PL\",\"@id\":\"https:\/\/vapingnet.de\/#\/schema\/logo\/image\/\",\"url\":\"https:\/\/vapingnet.de\/wp-content\/uploads\/2025\/03\/cropped-vapingnet.de_.jpg\",\"contentUrl\":\"https:\/\/vapingnet.de\/wp-content\/uploads\/2025\/03\/cropped-vapingnet.de_.jpg\",\"width\":512,\"height\":512,\"caption\":\"Vapingnet.de\"},\"image\":{\"@id\":\"https:\/\/vapingnet.de\/#\/schema\/logo\/image\/\"},\"sameAs\":[\"https:\/\/www.facebook.com\/vapingnetde\/\"]}]}<\/script>\n<!-- \/ Yoast SEO plugin. -->","yoast_head_json":{"title":"Bang King 50000 Puffs Strawberry Watermelon und Kiwi Passion Fruit Guava h\u00f6chste Qualit\u00e4t und jetzt zollfrei erh\u00e4ltlich | Vapingnet.de","description":"Entdecke Bang King 50000 Puffs Strawberry Watermelon und Kiwi Passion Fruit Guava h\u00f6chste Qualit\u00e4t und jetzt zollfrei erh\u00e4ltlich bei vapingnet.de, \u25ba Gro\u00dfe Auswahl an Geschmacksrichtungen & super g\u00fcnstig!","robots":{"index":"index","follow":"follow","max-snippet":"max-snippet:-1","max-image-preview":"max-image-preview:large","max-video-preview":"max-video-preview:-1"},"canonical":"https:\/\/vapingnet.de\/pl\/vape\/bang-king-50000-puffs-strawberry-watermelon-und-kiwi-passion-fruit-guava-hoechste-qualitaet-und-jetzt-zollfrei-erhaeltlich\/","og_locale":"pl_PL","og_type":"article","og_title":"Bang King 50000 Puffs Strawberry Watermelon und Kiwi Passion Fruit Guava h\u00f6chste Qualit\u00e4t und jetzt zollfrei erh\u00e4ltlich | Vapingnet.de","og_description":"Entdecke Bang King 50000 Puffs Strawberry Watermelon und Kiwi Passion Fruit Guava h\u00f6chste Qualit\u00e4t und jetzt zollfrei erh\u00e4ltlich bei vapingnet.de, \u25ba Gro\u00dfe Auswahl an Geschmacksrichtungen & super g\u00fcnstig!","og_url":"https:\/\/vapingnet.de\/pl\/vape\/bang-king-50000-puffs-strawberry-watermelon-und-kiwi-passion-fruit-guava-hoechste-qualitaet-und-jetzt-zollfrei-erhaeltlich\/","og_site_name":"Vapingnet.de","article_publisher":"https:\/\/www.facebook.com\/vapingnetde\/","article_modified_time":"2026-01-25T09:09:25+00:00","og_image":[{"width":1000,"height":1000,"url":"https:\/\/vapingnet.de\/wp-content\/uploads\/2025\/03\/bang50k-strawberry-watermelon-und-kiwi-passion-fruit-guava.png","type":"image\/png"}],"twitter_card":"summary_large_image","twitter_misc":{"Est. reading time":"3 minutes"},"schema":{"@context":"https:\/\/schema.org","@graph":[{"@type":"WebPage","@id":"https:\/\/vapingnet.de\/vape\/bang-king-50000-puffs-strawberry-watermelon-und-kiwi-passion-fruit-guava-hoechste-qualitaet-und-jetzt-zollfrei-erhaeltlich\/","url":"https:\/\/vapingnet.de\/vape\/bang-king-50000-puffs-strawberry-watermelon-und-kiwi-passion-fruit-guava-hoechste-qualitaet-und-jetzt-zollfrei-erhaeltlich\/","name":"Bang King 50000 Puffs Strawberry Watermelon und Kiwi Passion Fruit Guava h\u00f6chste Qualit\u00e4t und jetzt zollfrei erh\u00e4ltlich | Vapingnet.de","isPartOf":{"@id":"https:\/\/vapingnet.de\/#website"},"primaryImageOfPage":{"@id":"https:\/\/vapingnet.de\/vape\/bang-king-50000-puffs-strawberry-watermelon-und-kiwi-passion-fruit-guava-hoechste-qualitaet-und-jetzt-zollfrei-erhaeltlich\/#primaryimage"},"image":{"@id":"https:\/\/vapingnet.de\/vape\/bang-king-50000-puffs-strawberry-watermelon-und-kiwi-passion-fruit-guava-hoechste-qualitaet-und-jetzt-zollfrei-erhaeltlich\/#primaryimage"},"thumbnailUrl":"https:\/\/vapingnet.de\/wp-content\/uploads\/2025\/03\/bang50k-strawberry-watermelon-und-kiwi-passion-fruit-guava.png","datePublished":"2025-03-24T06:01:06+00:00","dateModified":"2026-01-25T09:09:25+00:00","description":"Entdecke Bang King 50000 Puffs Strawberry Watermelon und Kiwi Passion Fruit Guava h\u00f6chste Qualit\u00e4t und jetzt zollfrei erh\u00e4ltlich bei vapingnet.de, \u25ba Gro\u00dfe Auswahl an Geschmacksrichtungen & super g\u00fcnstig!","breadcrumb":{"@id":"https:\/\/vapingnet.de\/vape\/bang-king-50000-puffs-strawberry-watermelon-und-kiwi-passion-fruit-guava-hoechste-qualitaet-und-jetzt-zollfrei-erhaeltlich\/#breadcrumb"},"inLanguage":"pl-PL","potentialAction":[{"@type":"ReadAction","target":["https:\/\/vapingnet.de\/vape\/bang-king-50000-puffs-strawberry-watermelon-und-kiwi-passion-fruit-guava-hoechste-qualitaet-und-jetzt-zollfrei-erhaeltlich\/"]}]},{"@type":"ImageObject","inLanguage":"pl-PL","@id":"https:\/\/vapingnet.de\/vape\/bang-king-50000-puffs-strawberry-watermelon-und-kiwi-passion-fruit-guava-hoechste-qualitaet-und-jetzt-zollfrei-erhaeltlich\/#primaryimage","url":"https:\/\/vapingnet.de\/wp-content\/uploads\/2025\/03\/bang50k-strawberry-watermelon-und-kiwi-passion-fruit-guava.png","contentUrl":"https:\/\/vapingnet.de\/wp-content\/uploads\/2025\/03\/bang50k-strawberry-watermelon-und-kiwi-passion-fruit-guava.png","width":1000,"height":1000,"caption":"bang50k-strawberry watermelon und kiwi passion fruit guava"},{"@type":"BreadcrumbList","@id":"https:\/\/vapingnet.de\/vape\/bang-king-50000-puffs-strawberry-watermelon-und-kiwi-passion-fruit-guava-hoechste-qualitaet-und-jetzt-zollfrei-erhaeltlich\/#breadcrumb","itemListElement":[{"@type":"ListItem","position":1,"name":"Home","item":"https:\/\/vapingnet.de\/"},{"@type":"ListItem","position":2,"name":"Shop","item":"https:\/\/vapingnet.de\/vape\/"},{"@type":"ListItem","position":3,"name":"Bang King 50000 Puffs Strawberry Watermelon und Kiwi Passion Fruit Guava h\u00f6chste Qualit\u00e4t und jetzt zollfrei erh\u00e4ltlich"}]},{"@type":"WebSite","@id":"https:\/\/vapingnet.de\/#website","url":"https:\/\/vapingnet.de\/","name":"Vapingnet.de","description":"","publisher":{"@id":"https:\/\/vapingnet.de\/#organization"},"potentialAction":[{"@type":"SearchAction","target":{"@type":"EntryPoint","urlTemplate":"https:\/\/vapingnet.de\/?s={search_term_string}"},"query-input":{"@type":"PropertyValueSpecification","valueRequired":true,"valueName":"search_term_string"}}],"inLanguage":"pl-PL"},{"@type":"Organization","@id":"https:\/\/vapingnet.de\/#organization","name":"Vapingnet.de","url":"https:\/\/vapingnet.de\/","logo":{"@type":"ImageObject","inLanguage":"pl-PL","@id":"https:\/\/vapingnet.de\/#\/schema\/logo\/image\/","url":"https:\/\/vapingnet.de\/wp-content\/uploads\/2025\/03\/cropped-vapingnet.de_.jpg","contentUrl":"https:\/\/vapingnet.de\/wp-content\/uploads\/2025\/03\/cropped-vapingnet.de_.jpg","width":512,"height":512,"caption":"Vapingnet.de"},"image":{"@id":"https:\/\/vapingnet.de\/#\/schema\/logo\/image\/"},"sameAs":["https:\/\/www.facebook.com\/vapingnetde\/"]}]}},"tiered_pricing_type":"fixed","tiered_pricing_fixed_rules":{"10":"12.44","60":"11.96","110":"10.63","200":"9.3"},"tiered_pricing_product_settings":{"layout":"default","base_unit_name":{"singular":null,"plural":null},"default_variation":null},"tiered_pricing_minimum_quantity":null,"tiered_pricing_roles_data":[],"tiered_pricing_percentage_rules":[],"_links":{"self":[{"href":"https:\/\/vapingnet.de\/pl\/wp-json\/wp\/v2\/product\/5841","targetHints":{"allow":["GET"]}}],"collection":[{"href":"https:\/\/vapingnet.de\/pl\/wp-json\/wp\/v2\/product"}],"about":[{"href":"https:\/\/vapingnet.de\/pl\/wp-json\/wp\/v2\/types\/product"}],"version-history":[{"count":3,"href":"https:\/\/vapingnet.de\/pl\/wp-json\/wp\/v2\/product\/5841\/revisions"}],"predecessor-version":[{"id":7537,"href":"https:\/\/vapingnet.de\/pl\/wp-json\/wp\/v2\/product\/5841\/revisions\/7537"}],"wp:featuredmedia":[{"embeddable":true,"href":"https:\/\/vapingnet.de\/pl\/wp-json\/wp\/v2\/media\/5842"}],"wp:attachment":[{"href":"https:\/\/vapingnet.de\/pl\/wp-json\/wp\/v2\/media?parent=5841"}],"wp:term":[{"taxonomy":"brand","embeddable":true,"href":"https:\/\/vapingnet.de\/pl\/wp-json\/wp\/v2\/etheme_brands?post=5841"},{"taxonomy":"product_brand","embeddable":true,"href":"https:\/\/vapingnet.de\/pl\/wp-json\/wp\/v2\/product_brand?post=5841"},{"taxonomy":"product_cat","embeddable":true,"href":"https:\/\/vapingnet.de\/pl\/wp-json\/wp\/v2\/product_cat?post=5841"},{"taxonomy":"product_tag","embeddable":true,"href":"https:\/\/vapingnet.de\/pl\/wp-json\/wp\/v2\/product_tag?post=5841"}],"curies":[{"name":"wp","href":"https:\/\/api.w.org\/{rel}","templated":true}]}}