{"id":5872,"date":"2025-03-25T06:36:11","date_gmt":"2025-03-25T06:36:11","guid":{"rendered":"https:\/\/vapingnet.de\/?post_type=product&#038;p=5872"},"modified":"2025-06-19T03:40:09","modified_gmt":"2025-06-19T03:40:09","slug":"hochwertiger-vape-bang-king-digital-15000-puffs-mit-lush-ice","status":"publish","type":"product","link":"https:\/\/vapingnet.de\/pl\/vape\/hochwertiger-vape-bang-king-digital-15000-puffs-mit-lush-ice\/","title":{"rendered":"Wysokiej jako\u015bci Vape Bang King Digital 15000 Puffs z Lush Ice"},"content":{"rendered":"<h2 data-start=\"0\" data-end=\"75\" data-immersive-translate-walked=\"be435e60-77a0-46e9-a6da-6d61292a5e22\">Bang King Digital 15000 Puffs Jednorazowa E-papieros \u2013 Ka\u017cde poci\u0105gni\u0119cie to przyjemno\u015b\u0107<\/h2>\n<p class=\"\" data-start=\"77\" data-end=\"410\" data-immersive-translate-walked=\"be435e60-77a0-46e9-a6da-6d61292a5e22\">Je\u015bli szukasz wydajnego i d\u0142ugotrwa\u0142ego e-papierosa, Bang King Digital 15000 Puffs jest zdecydowanie jedn\u0105 z najlepszych opcji. Oferuje nie tylko niesamowicie du\u017c\u0105 liczb\u0119 poci\u0105gni\u0119\u0107, ale tak\u017ce szeroki wyb\u00f3r smak\u00f3w i nowoczesny design, kt\u00f3ry zapewnia wyj\u0105tkowe do\u015bwiadczenie vapowania.<\/p>\n<h4 data-start=\"412\" data-end=\"462\" data-immersive-translate-walked=\"be435e60-77a0-46e9-a6da-6d61292a5e22\">Wydajno\u015b\u0107 i design \u2013 idealne po\u0142\u0105czenie<\/h4>\n<ul data-start=\"464\" data-end=\"2082\" data-immersive-translate-walked=\"be435e60-77a0-46e9-a6da-6d61292a5e22\">\n<li class=\"\" data-start=\"464\" data-end=\"680\" data-immersive-translate-walked=\"be435e60-77a0-46e9-a6da-6d61292a5e22\">\n<p class=\"\" data-start=\"466\" data-end=\"680\" data-immersive-translate-walked=\"be435e60-77a0-46e9-a6da-6d61292a5e22\">D\u0142ugi czas u\u017cytkowania: dzi\u0119ki 15000 poci\u0105gni\u0119ciom mo\u017cesz cieszy\u0107 si\u0119 pe\u0142nym smakiem przez d\u0142ugi czas, nie musz\u0105c cz\u0119sto wymienia\u0107 wk\u0142ad\u00f3w ani \u0142adowa\u0107 \u2013 idealne do d\u0142ugotrwa\u0142ego korzystania.<\/p>\n<\/li>\n<li class=\"\" data-start=\"682\" data-end=\"963\" data-immersive-translate-walked=\"be435e60-77a0-46e9-a6da-6d61292a5e22\">\n<p class=\"\" data-start=\"684\" data-end=\"963\" data-immersive-translate-walked=\"be435e60-77a0-46e9-a6da-6d61292a5e22\">Silny, wielokrotnie \u0142adowalny akumulator: wyposa\u017cony w akumulator 650mAh, kt\u00f3ry mo\u017cna na\u0142adowa\u0107 przez szybkie z\u0142\u0105cze typu C, zapewnia d\u0142ugotrwa\u0142e u\u017cytkowanie i szybkie \u0142adowanie \u2013 mo\u017cesz polega\u0107 na sta\u0142ej gotowo\u015bci.<\/p>\n<\/li>\n<li class=\"\" data-start=\"965\" data-end=\"1202\" data-immersive-translate-walked=\"be435e60-77a0-46e9-a6da-6d61292a5e22\">\n<p class=\"\" data-start=\"967\" data-end=\"1202\" data-immersive-translate-walked=\"be435e60-77a0-46e9-a6da-6d61292a5e22\">Przyjemny smak: smak Lush Ice oferuje orze\u017awiaj\u0105c\u0105 mieszank\u0119 s\u0142odkich owoc\u00f3w i lodowatego ch\u0142odu. Ka\u017cde poci\u0105gni\u0119cie zapewnia idealne, ch\u0142odz\u0105ce uczucie \u2013 idealne na gor\u0105ce dni lub relaksuj\u0105ce chwile.<\/p>\n<\/li>\n<li class=\"\" data-start=\"1204\" data-end=\"1447\" data-immersive-translate-walked=\"be435e60-77a0-46e9-a6da-6d61292a5e22\">\n<p class=\"\" data-start=\"1206\" data-end=\"1447\" data-immersive-translate-walked=\"be435e60-77a0-46e9-a6da-6d61292a5e22\">Indywidualne pod\u015bwietlenie RGB: dzi\u0119ki pod\u015bwietleniu RGB ka\u017cde poci\u0105gni\u0119cie staje si\u0119 wizualnym prze\u017cyciem. Ten e-papieros to nie tylko przyjemno\u015b\u0107 dla zmys\u0142\u00f3w, ale tak\u017ce efektowny gad\u017cet \u2013 dla tych, kt\u00f3rzy ceni\u0105 styl i funkcjonalno\u015b\u0107.<\/p>\n<\/li>\n<li class=\"\" data-start=\"1449\" data-end=\"1684\" data-immersive-translate-walked=\"be435e60-77a0-46e9-a6da-6d61292a5e22\">\n<p class=\"\" data-start=\"1451\" data-end=\"1684\" data-immersive-translate-walked=\"be435e60-77a0-46e9-a6da-6d61292a5e22\">Du\u017ca pojemno\u015b\u0107 liquidu: wbudowany zbiornik 25ml zapewnia d\u0142u\u017csze korzystanie bez konieczno\u015bci cz\u0119stego uzupe\u0142niania. Mo\u017cesz cieszy\u0107 si\u0119 vapowaniem bez obaw o poziom p\u0142ynu.<\/p>\n<\/li>\n<li class=\"\" data-start=\"1686\" data-end=\"1916\" data-immersive-translate-walked=\"be435e60-77a0-46e9-a6da-6d61292a5e22\">\n<p class=\"\" data-start=\"1688\" data-end=\"1916\" data-immersive-translate-walked=\"be435e60-77a0-46e9-a6da-6d61292a5e22\">R\u00f3\u017cne poziomy nikotyny: dost\u0119pne s\u0105 0%, 2%, 3%, 5% nikotyny, aby\u015b m\u00f3g\u0142 znale\u017a\u0107 idealn\u0105 zawarto\u015b\u0107 nikotyny dla siebie. Je\u015bli preferujesz nikotyn\u0119 0% lub 3%, mo\u017cesz zam\u00f3wi\u0107 je w wi\u0119kszych ilo\u015bciach.<\/p>\n<\/li>\n<li class=\"\" data-start=\"1918\" data-end=\"2082\" data-immersive-translate-walked=\"be435e60-77a0-46e9-a6da-6d61292a5e22\">\n<p class=\"\" data-start=\"1920\" data-end=\"2082\" data-immersive-translate-walked=\"be435e60-77a0-46e9-a6da-6d61292a5e22\">Lekki i przeno\u015bny: wa\u017c\u0105cy zaledwie 90g, ten e-papieros jest niezwykle lekki i \u0142atwy do transportu \u2013 idealny na wycieczki lub do codziennego u\u017cytku.<\/p>\n<\/li>\n<\/ul>\n<h4 data-start=\"2084\" data-end=\"2104\" data-immersive-translate-walked=\"be435e60-77a0-46e9-a6da-6d61292a5e22\">Zalety zakupu<\/h4>\n<ul data-start=\"2106\" data-end=\"2732\" data-immersive-translate-walked=\"be435e60-77a0-46e9-a6da-6d61292a5e22\">\n<li class=\"\" data-start=\"2106\" data-end=\"2255\" data-immersive-translate-walked=\"be435e60-77a0-46e9-a6da-6d61292a5e22\">\n<p class=\"\" data-start=\"2108\" data-end=\"2255\" data-immersive-translate-walked=\"be435e60-77a0-46e9-a6da-6d61292a5e22\">Brak op\u0142at celnych: przy zakupie nie musisz si\u0119 martwi\u0107 o dodatkowe op\u0142aty celne \u2013 ciesz si\u0119 prost\u0105 i bezp\u0142atn\u0105 dostaw\u0105.<\/p>\n<\/li>\n<li class=\"\" data-start=\"2257\" data-end=\"2470\" data-immersive-translate-walked=\"be435e60-77a0-46e9-a6da-6d61292a5e22\">\n<p class=\"\" data-start=\"2259\" data-end=\"2470\" data-immersive-translate-walked=\"be435e60-77a0-46e9-a6da-6d61292a5e22\">Design jednorazowy \u2013 prosty i praktyczny: Bang King Digital 15000 Puffs to jednorazowy e-papieros, kt\u00f3ry nie wymaga czyszczenia ani konserwacji. Po u\u017cyciu po prostu wyrzu\u0107 i korzystaj z kolejnego.<\/p>\n<\/li>\n<li class=\"\" data-start=\"2472\" data-end=\"2732\" data-immersive-translate-walked=\"be435e60-77a0-46e9-a6da-6d61292a5e22\">\n<p class=\"\" data-start=\"2474\" data-end=\"2732\" data-immersive-translate-walked=\"be435e60-77a0-46e9-a6da-6d61292a5e22\">Idealny dla indywidualnych klient\u00f3w i du\u017cych zam\u00f3wie\u0144: niezale\u017cnie od tego, czy kupujesz na w\u0142asny u\u017cytek, czy w wi\u0119kszych ilo\u015bciach, ten e-papieros spe\u0142ni wszystkie oczekiwania. Odwied\u017a vapingnet.de i zam\u00f3w wygodnie online.<\/p>\n<\/li>\n<\/ul>\n<h3>Dlaczego wybra\u0107 Bang King Digital 15000 Puffs?<\/h3>\n<ul data-start=\"2791\" data-end=\"3455\" data-immersive-translate-walked=\"be435e60-77a0-46e9-a6da-6d61292a5e22\">\n<li class=\"\" data-start=\"2791\" data-end=\"3065\" data-immersive-translate-walked=\"be435e60-77a0-46e9-a6da-6d61292a5e22\">\n<p class=\"\" data-start=\"2793\" data-end=\"3065\" data-immersive-translate-walked=\"be435e60-77a0-46e9-a6da-6d61292a5e22\">Idealny na ka\u017cd\u0105 okazj\u0119: niezale\u017cnie od tego, czy do u\u017cytku osobistego, czy do dzielenia si\u0119 z przyjaci\u00f3\u0142mi \u2013 ten e-papieros zapewnia satysfakcjonuj\u0105ce do\u015bwiadczenie vapowania. D\u0142uga \u017cywotno\u015b\u0107 i r\u00f3\u017cnorodno\u015b\u0107 smak\u00f3w sprawiaj\u0105, \u017ce ka\u017cde poci\u0105gni\u0119cie to przyjemno\u015b\u0107.<\/p>\n<\/li>\n<li class=\"\" data-start=\"3067\" data-end=\"3251\" data-immersive-translate-walked=\"be435e60-77a0-46e9-a6da-6d61292a5e22\">\n<p class=\"\" data-start=\"3069\" data-end=\"3251\" data-immersive-translate-walked=\"be435e60-77a0-46e9-a6da-6d61292a5e22\">Zimne doznanie: smak Lush Ice zapewnia idealne po\u0142\u0105czenie \u015bwie\u017co\u015bci owoc\u00f3w i lodowego ch\u0142odu, podnosz\u0105c Twoje do\u015bwiadczenie vapowania na wy\u017cszy poziom.<\/p>\n<\/li>\n<li class=\"\" data-start=\"3253\" data-end=\"3455\" data-immersive-translate-walked=\"be435e60-77a0-46e9-a6da-6d61292a5e22\">\n<p class=\"\" data-start=\"3255\" data-end=\"3455\" data-immersive-translate-walked=\"be435e60-77a0-46e9-a6da-6d61292a5e22\">Komfort i prostota: brak konieczno\u015bci czyszczenia czy regularnej konserwacji \u2013 po prostu ciesz si\u0119 i relaksuj. Bang King Digital 15000 Puffs sprawia, \u017ce vapowanie jest tak proste jak nigdy dot\u0105d.<\/p>\n<\/li>\n<\/ul>\n<h3>Prze\u017cyj teraz Bang King Digital 15000 Puffs!<\/h3>\n<p class=\"\" data-start=\"3514\" data-end=\"3741\" data-immersive-translate-walked=\"be435e60-77a0-46e9-a6da-6d61292a5e22\">Odwied\u017a teraz vapingnet.de, zdob\u0105d\u017a Bang King Digital 15000 Puffs i rozpocznij swoj\u0105 podr\u00f3\u017c ku nowemu do\u015bwiadczeniu vapowania. Nie przegap tej kombinacji stylu, wydajno\u015bci i przyjemno\u015bci!<\/p>","protected":false},"excerpt":{"rendered":"<p>Bang King Digital 15000 Puffs Einweg E-Zigarette \u2013 Jeder Zug ein Genuss Wenn du nach einer leistungsstarken und langanhaltenden E-Zigarette suchst, ist die Bang King&#8230;<\/p>","protected":false},"featured_media":5877,"template":"","meta":[],"etheme_brands":[],"product_brand":[101],"product_cat":[53,49,61],"product_tag":[],"class_list":{"0":"post-5872","1":"product","2":"type-product","3":"status-publish","4":"has-post-thumbnail","6":"product_brand-bang-king-vape","7":"product_cat-vape-15000-zuege","8":"product_cat-einweg-e-zigarette","9":"product_cat-f","11":"first","12":"instock","13":"shipping-taxable","14":"purchasable","15":"product-type-simple"},"yoast_head":"<!-- This site is optimized with the Yoast SEO plugin v26.5 - https:\/\/yoast.com\/wordpress\/plugins\/seo\/ -->\n<title>Hochwertiger Vape Bang King Digital 15000 Puffs mit Lush Ice | Vapingnet.de<\/title>\n<meta name=\"description\" content=\"Entdecke Hochwertiger Vape Bang King Digital 15000 Puffs mit Lush Ice bei vapingnet.de, \u25ba Gro\u00dfe Auswahl an Geschmacksrichtungen &amp; super g\u00fcnstig!\" \/>\n<meta name=\"robots\" content=\"index, follow, max-snippet:-1, max-image-preview:large, max-video-preview:-1\" \/>\n<link rel=\"canonical\" href=\"https:\/\/vapingnet.de\/pl\/vape\/hochwertiger-vape-bang-king-digital-15000-puffs-mit-lush-ice\/\" \/>\n<meta property=\"og:locale\" content=\"pl_PL\" \/>\n<meta property=\"og:type\" content=\"article\" \/>\n<meta property=\"og:title\" content=\"Hochwertiger Vape Bang King Digital 15000 Puffs mit Lush Ice | Vapingnet.de\" \/>\n<meta property=\"og:description\" content=\"Entdecke Hochwertiger Vape Bang King Digital 15000 Puffs mit Lush Ice bei vapingnet.de, \u25ba Gro\u00dfe Auswahl an Geschmacksrichtungen &amp; super g\u00fcnstig!\" \/>\n<meta property=\"og:url\" content=\"https:\/\/vapingnet.de\/pl\/vape\/hochwertiger-vape-bang-king-digital-15000-puffs-mit-lush-ice\/\" \/>\n<meta property=\"og:site_name\" content=\"Vapingnet.de\" \/>\n<meta property=\"article:publisher\" content=\"https:\/\/www.facebook.com\/vapingnetde\/\" \/>\n<meta property=\"article:modified_time\" content=\"2025-06-19T03:40:09+00:00\" \/>\n<meta property=\"og:image\" content=\"https:\/\/vapingnet.de\/wp-content\/uploads\/2025\/03\/LUSH-Ice.png\" \/>\n\t<meta property=\"og:image:width\" content=\"900\" \/>\n\t<meta property=\"og:image:height\" content=\"600\" \/>\n\t<meta property=\"og:image:type\" content=\"image\/png\" \/>\n<meta name=\"twitter:card\" content=\"summary_large_image\" \/>\n<meta name=\"twitter:label1\" content=\"Est. reading time\" \/>\n\t<meta name=\"twitter:data1\" content=\"3 minutes\" \/>\n<script type=\"application\/ld+json\" class=\"yoast-schema-graph\">{\"@context\":\"https:\/\/schema.org\",\"@graph\":[{\"@type\":\"WebPage\",\"@id\":\"https:\/\/vapingnet.de\/vape\/hochwertiger-vape-bang-king-digital-15000-puffs-mit-lush-ice\/\",\"url\":\"https:\/\/vapingnet.de\/vape\/hochwertiger-vape-bang-king-digital-15000-puffs-mit-lush-ice\/\",\"name\":\"Hochwertiger Vape Bang King Digital 15000 Puffs mit Lush Ice | Vapingnet.de\",\"isPartOf\":{\"@id\":\"https:\/\/vapingnet.de\/#website\"},\"primaryImageOfPage\":{\"@id\":\"https:\/\/vapingnet.de\/vape\/hochwertiger-vape-bang-king-digital-15000-puffs-mit-lush-ice\/#primaryimage\"},\"image\":{\"@id\":\"https:\/\/vapingnet.de\/vape\/hochwertiger-vape-bang-king-digital-15000-puffs-mit-lush-ice\/#primaryimage\"},\"thumbnailUrl\":\"https:\/\/vapingnet.de\/wp-content\/uploads\/2025\/03\/LUSH-Ice.png\",\"datePublished\":\"2025-03-25T06:36:11+00:00\",\"dateModified\":\"2025-06-19T03:40:09+00:00\",\"description\":\"Entdecke Hochwertiger Vape Bang King Digital 15000 Puffs mit Lush Ice bei vapingnet.de, \u25ba Gro\u00dfe Auswahl an Geschmacksrichtungen & super g\u00fcnstig!\",\"breadcrumb\":{\"@id\":\"https:\/\/vapingnet.de\/vape\/hochwertiger-vape-bang-king-digital-15000-puffs-mit-lush-ice\/#breadcrumb\"},\"inLanguage\":\"pl-PL\",\"potentialAction\":[{\"@type\":\"ReadAction\",\"target\":[\"https:\/\/vapingnet.de\/vape\/hochwertiger-vape-bang-king-digital-15000-puffs-mit-lush-ice\/\"]}]},{\"@type\":\"ImageObject\",\"inLanguage\":\"pl-PL\",\"@id\":\"https:\/\/vapingnet.de\/vape\/hochwertiger-vape-bang-king-digital-15000-puffs-mit-lush-ice\/#primaryimage\",\"url\":\"https:\/\/vapingnet.de\/wp-content\/uploads\/2025\/03\/LUSH-Ice.png\",\"contentUrl\":\"https:\/\/vapingnet.de\/wp-content\/uploads\/2025\/03\/LUSH-Ice.png\",\"width\":900,\"height\":600,\"caption\":\"Lush Ice\"},{\"@type\":\"BreadcrumbList\",\"@id\":\"https:\/\/vapingnet.de\/vape\/hochwertiger-vape-bang-king-digital-15000-puffs-mit-lush-ice\/#breadcrumb\",\"itemListElement\":[{\"@type\":\"ListItem\",\"position\":1,\"name\":\"Home\",\"item\":\"https:\/\/vapingnet.de\/\"},{\"@type\":\"ListItem\",\"position\":2,\"name\":\"Shop\",\"item\":\"https:\/\/vapingnet.de\/vape\/\"},{\"@type\":\"ListItem\",\"position\":3,\"name\":\"Hochwertiger Vape Bang King Digital 15000 Puffs mit Lush Ice\"}]},{\"@type\":\"WebSite\",\"@id\":\"https:\/\/vapingnet.de\/#website\",\"url\":\"https:\/\/vapingnet.de\/\",\"name\":\"Vapingnet.de\",\"description\":\"\",\"publisher\":{\"@id\":\"https:\/\/vapingnet.de\/#organization\"},\"potentialAction\":[{\"@type\":\"SearchAction\",\"target\":{\"@type\":\"EntryPoint\",\"urlTemplate\":\"https:\/\/vapingnet.de\/?s={search_term_string}\"},\"query-input\":{\"@type\":\"PropertyValueSpecification\",\"valueRequired\":true,\"valueName\":\"search_term_string\"}}],\"inLanguage\":\"pl-PL\"},{\"@type\":\"Organization\",\"@id\":\"https:\/\/vapingnet.de\/#organization\",\"name\":\"Vapingnet.de\",\"url\":\"https:\/\/vapingnet.de\/\",\"logo\":{\"@type\":\"ImageObject\",\"inLanguage\":\"pl-PL\",\"@id\":\"https:\/\/vapingnet.de\/#\/schema\/logo\/image\/\",\"url\":\"https:\/\/vapingnet.de\/wp-content\/uploads\/2025\/03\/cropped-vapingnet.de_.jpg\",\"contentUrl\":\"https:\/\/vapingnet.de\/wp-content\/uploads\/2025\/03\/cropped-vapingnet.de_.jpg\",\"width\":512,\"height\":512,\"caption\":\"Vapingnet.de\"},\"image\":{\"@id\":\"https:\/\/vapingnet.de\/#\/schema\/logo\/image\/\"},\"sameAs\":[\"https:\/\/www.facebook.com\/vapingnetde\/\"]}]}<\/script>\n<!-- \/ Yoast SEO plugin. -->","yoast_head_json":{"title":"Hochwertiger Vape Bang King Digital 15000 Puffs mit Lush Ice | Vapingnet.de","description":"Entdecke Hochwertiger Vape Bang King Digital 15000 Puffs mit Lush Ice bei vapingnet.de, \u25ba Gro\u00dfe Auswahl an Geschmacksrichtungen & super g\u00fcnstig!","robots":{"index":"index","follow":"follow","max-snippet":"max-snippet:-1","max-image-preview":"max-image-preview:large","max-video-preview":"max-video-preview:-1"},"canonical":"https:\/\/vapingnet.de\/pl\/vape\/hochwertiger-vape-bang-king-digital-15000-puffs-mit-lush-ice\/","og_locale":"pl_PL","og_type":"article","og_title":"Hochwertiger Vape Bang King Digital 15000 Puffs mit Lush Ice | Vapingnet.de","og_description":"Entdecke Hochwertiger Vape Bang King Digital 15000 Puffs mit Lush Ice bei vapingnet.de, \u25ba Gro\u00dfe Auswahl an Geschmacksrichtungen & super g\u00fcnstig!","og_url":"https:\/\/vapingnet.de\/pl\/vape\/hochwertiger-vape-bang-king-digital-15000-puffs-mit-lush-ice\/","og_site_name":"Vapingnet.de","article_publisher":"https:\/\/www.facebook.com\/vapingnetde\/","article_modified_time":"2025-06-19T03:40:09+00:00","og_image":[{"width":900,"height":600,"url":"https:\/\/vapingnet.de\/wp-content\/uploads\/2025\/03\/LUSH-Ice.png","type":"image\/png"}],"twitter_card":"summary_large_image","twitter_misc":{"Est. reading time":"3 minutes"},"schema":{"@context":"https:\/\/schema.org","@graph":[{"@type":"WebPage","@id":"https:\/\/vapingnet.de\/vape\/hochwertiger-vape-bang-king-digital-15000-puffs-mit-lush-ice\/","url":"https:\/\/vapingnet.de\/vape\/hochwertiger-vape-bang-king-digital-15000-puffs-mit-lush-ice\/","name":"Hochwertiger Vape Bang King Digital 15000 Puffs mit Lush Ice | Vapingnet.de","isPartOf":{"@id":"https:\/\/vapingnet.de\/#website"},"primaryImageOfPage":{"@id":"https:\/\/vapingnet.de\/vape\/hochwertiger-vape-bang-king-digital-15000-puffs-mit-lush-ice\/#primaryimage"},"image":{"@id":"https:\/\/vapingnet.de\/vape\/hochwertiger-vape-bang-king-digital-15000-puffs-mit-lush-ice\/#primaryimage"},"thumbnailUrl":"https:\/\/vapingnet.de\/wp-content\/uploads\/2025\/03\/LUSH-Ice.png","datePublished":"2025-03-25T06:36:11+00:00","dateModified":"2025-06-19T03:40:09+00:00","description":"Entdecke Hochwertiger Vape Bang King Digital 15000 Puffs mit Lush Ice bei vapingnet.de, \u25ba Gro\u00dfe Auswahl an Geschmacksrichtungen & super g\u00fcnstig!","breadcrumb":{"@id":"https:\/\/vapingnet.de\/vape\/hochwertiger-vape-bang-king-digital-15000-puffs-mit-lush-ice\/#breadcrumb"},"inLanguage":"pl-PL","potentialAction":[{"@type":"ReadAction","target":["https:\/\/vapingnet.de\/vape\/hochwertiger-vape-bang-king-digital-15000-puffs-mit-lush-ice\/"]}]},{"@type":"ImageObject","inLanguage":"pl-PL","@id":"https:\/\/vapingnet.de\/vape\/hochwertiger-vape-bang-king-digital-15000-puffs-mit-lush-ice\/#primaryimage","url":"https:\/\/vapingnet.de\/wp-content\/uploads\/2025\/03\/LUSH-Ice.png","contentUrl":"https:\/\/vapingnet.de\/wp-content\/uploads\/2025\/03\/LUSH-Ice.png","width":900,"height":600,"caption":"Lush Ice"},{"@type":"BreadcrumbList","@id":"https:\/\/vapingnet.de\/vape\/hochwertiger-vape-bang-king-digital-15000-puffs-mit-lush-ice\/#breadcrumb","itemListElement":[{"@type":"ListItem","position":1,"name":"Home","item":"https:\/\/vapingnet.de\/"},{"@type":"ListItem","position":2,"name":"Shop","item":"https:\/\/vapingnet.de\/vape\/"},{"@type":"ListItem","position":3,"name":"Hochwertiger Vape Bang King Digital 15000 Puffs mit Lush Ice"}]},{"@type":"WebSite","@id":"https:\/\/vapingnet.de\/#website","url":"https:\/\/vapingnet.de\/","name":"Vapingnet.de","description":"","publisher":{"@id":"https:\/\/vapingnet.de\/#organization"},"potentialAction":[{"@type":"SearchAction","target":{"@type":"EntryPoint","urlTemplate":"https:\/\/vapingnet.de\/?s={search_term_string}"},"query-input":{"@type":"PropertyValueSpecification","valueRequired":true,"valueName":"search_term_string"}}],"inLanguage":"pl-PL"},{"@type":"Organization","@id":"https:\/\/vapingnet.de\/#organization","name":"Vapingnet.de","url":"https:\/\/vapingnet.de\/","logo":{"@type":"ImageObject","inLanguage":"pl-PL","@id":"https:\/\/vapingnet.de\/#\/schema\/logo\/image\/","url":"https:\/\/vapingnet.de\/wp-content\/uploads\/2025\/03\/cropped-vapingnet.de_.jpg","contentUrl":"https:\/\/vapingnet.de\/wp-content\/uploads\/2025\/03\/cropped-vapingnet.de_.jpg","width":512,"height":512,"caption":"Vapingnet.de"},"image":{"@id":"https:\/\/vapingnet.de\/#\/schema\/logo\/image\/"},"sameAs":["https:\/\/www.facebook.com\/vapingnetde\/"]}]}},"tiered_pricing_type":"fixed","tiered_pricing_fixed_rules":{"10":"6.83","60":"6.15","110":"5.46","200":"4.78"},"tiered_pricing_product_settings":{"layout":"default","base_unit_name":{"singular":null,"plural":null},"default_variation":null},"tiered_pricing_minimum_quantity":null,"tiered_pricing_roles_data":[],"tiered_pricing_percentage_rules":[],"_links":{"self":[{"href":"https:\/\/vapingnet.de\/pl\/wp-json\/wp\/v2\/product\/5872","targetHints":{"allow":["GET"]}}],"collection":[{"href":"https:\/\/vapingnet.de\/pl\/wp-json\/wp\/v2\/product"}],"about":[{"href":"https:\/\/vapingnet.de\/pl\/wp-json\/wp\/v2\/types\/product"}],"version-history":[{"count":1,"href":"https:\/\/vapingnet.de\/pl\/wp-json\/wp\/v2\/product\/5872\/revisions"}],"predecessor-version":[{"id":5884,"href":"https:\/\/vapingnet.de\/pl\/wp-json\/wp\/v2\/product\/5872\/revisions\/5884"}],"wp:featuredmedia":[{"embeddable":true,"href":"https:\/\/vapingnet.de\/pl\/wp-json\/wp\/v2\/media\/5877"}],"wp:attachment":[{"href":"https:\/\/vapingnet.de\/pl\/wp-json\/wp\/v2\/media?parent=5872"}],"wp:term":[{"taxonomy":"brand","embeddable":true,"href":"https:\/\/vapingnet.de\/pl\/wp-json\/wp\/v2\/etheme_brands?post=5872"},{"taxonomy":"product_brand","embeddable":true,"href":"https:\/\/vapingnet.de\/pl\/wp-json\/wp\/v2\/product_brand?post=5872"},{"taxonomy":"product_cat","embeddable":true,"href":"https:\/\/vapingnet.de\/pl\/wp-json\/wp\/v2\/product_cat?post=5872"},{"taxonomy":"product_tag","embeddable":true,"href":"https:\/\/vapingnet.de\/pl\/wp-json\/wp\/v2\/product_tag?post=5872"}],"curies":[{"name":"wp","href":"https:\/\/api.w.org\/{rel}","templated":true}]}}