{"id":5874,"date":"2025-03-25T06:36:14","date_gmt":"2025-03-25T06:36:14","guid":{"rendered":"https:\/\/vapingnet.de\/?post_type=product&#038;p=5874"},"modified":"2025-06-19T03:40:09","modified_gmt":"2025-06-19T03:40:09","slug":"15000-zuege-mit-aloe-grape-bang-king-digital-fuer-dich","status":"publish","type":"product","link":"https:\/\/vapingnet.de\/pl\/vape\/15000-zuege-mit-aloe-grape-bang-king-digital-fuer-dich\/","title":{"rendered":"15000 poci\u0105gni\u0119\u0107 z Aloe Grape Bang King Digital dla Di..."},"content":{"rendered":"<h2 data-start=\"0\" data-end=\"93\" data-immersive-translate-walked=\"be435e60-77a0-46e9-a6da-6d61292a5e22\">Bang King Digital 15000 Puffs Jednorazowa E-papieros \u2013 \u015awie\u017cy smak, maksymalna przyjemno\u015b\u0107<\/h2>\n<p class=\"\" data-start=\"95\" data-end=\"523\" data-immersive-translate-walked=\"be435e60-77a0-46e9-a6da-6d61292a5e22\">Bang King Digital 15000 Puffs Jednorazowy E-papieros zdoby\u0142 na rynku uznanie jako jedna z najlepszych opcji dla wszystkich, kt\u00f3rzy poszukuj\u0105 mocnego, stylowego i d\u0142ugotrwa\u0142ego do\u015bwiadczenia vapowania. Z imponuj\u0105c\u0105 liczb\u0105 zaci\u0105gni\u0119\u0107, pysznymi aromatami i efektami \u015bwietlnymi RGB, ten e-papieros jest idealnym towarzyszem dla tych, kt\u00f3rzy chc\u0105 cieszy\u0107 si\u0119 wyj\u0105tkowym do\u015bwiadczeniem vapowania.<\/p>\n<h5 data-start=\"525\" data-end=\"570\" data-immersive-translate-walked=\"be435e60-77a0-46e9-a6da-6d61292a5e22\">Ekstremalnie d\u0142ugie u\u017cytkowanie, mocna wydajno\u015b\u0107<\/h5>\n<ul data-start=\"572\" data-end=\"1111\" data-immersive-translate-walked=\"be435e60-77a0-46e9-a6da-6d61292a5e22\">\n<li class=\"\" data-start=\"572\" data-end=\"830\" data-immersive-translate-walked=\"be435e60-77a0-46e9-a6da-6d61292a5e22\">\n<p class=\"\" data-start=\"574\" data-end=\"830\" data-immersive-translate-walked=\"be435e60-77a0-46e9-a6da-6d61292a5e22\">15000 zaci\u0105gni\u0119\u0107: Ka\u017cdy Bang King Digital 15000 Puffs oferuje do 15000 zaci\u0105gni\u0119\u0107, co oznacza, \u017ce nie musisz si\u0119 martwi\u0107 o cz\u0119st\u0105 wymian\u0119. D\u0142uga \u017cywotno\u015b\u0107 zapewnia komfortowe vapowanie przez d\u0142ugi czas.<\/p>\n<\/li>\n<li class=\"\" data-start=\"832\" data-end=\"1111\" data-immersive-translate-walked=\"be435e60-77a0-46e9-a6da-6d61292a5e22\">\n<p class=\"\" data-start=\"834\" data-end=\"1111\" data-immersive-translate-walked=\"be435e60-77a0-46e9-a6da-6d61292a5e22\">Wymienny akumulator 650mAh: Akumulator 650mAh \u0142aduje si\u0119 przez szybkie z\u0142\u0105cze typu C. Zapewnia to szybkie na\u0142adowanie i d\u0142ugotrwa\u0142\u0105 wydajno\u015b\u0107, dzi\u0119ki czemu nie musisz si\u0119 martwi\u0107 o szybkie roz\u0142adowanie.<\/p>\n<\/li>\n<\/ul>\n<h5 data-start=\"1113\" data-end=\"1155\" data-immersive-translate-walked=\"be435e60-77a0-46e9-a6da-6d61292a5e22\">\u015awie\u017cy smak, mro\u017ana \u015bwie\u017co\u015b\u0107<\/h5>\n<ul data-start=\"1157\" data-end=\"1494\" data-immersive-translate-walked=\"be435e60-77a0-46e9-a6da-6d61292a5e22\">\n<li class=\"\" data-start=\"1157\" data-end=\"1494\" data-immersive-translate-walked=\"be435e60-77a0-46e9-a6da-6d61292a5e22\">\n<p class=\"\" data-start=\"1159\" data-end=\"1494\" data-immersive-translate-walked=\"be435e60-77a0-46e9-a6da-6d61292a5e22\">Smak Aloe Grape: Po\u0142\u0105czenie smaku Aloe Grape \u0142\u0105czy \u015bwie\u017cy, zielony smak aloesu z s\u0142odkim, owocowym aromatem winogron. Ka\u017cde zaci\u0105gni\u0119cie zapewnia orze\u017awiaj\u0105ce, ch\u0142odz\u0105ce doznanie, kt\u00f3re pobudza zmys\u0142y i ch\u0142odzi w ka\u017cdej sytuacji \u2013 idealne na gor\u0105ce dni lub relaksuj\u0105ce chwile.<\/p>\n<\/li>\n<\/ul>\n<h5>Imponuj\u0105ce efekty \u015bwietlne RGB<\/h5>\n<ul data-start=\"1537\" data-end=\"1828\" data-immersive-translate-walked=\"be435e60-77a0-46e9-a6da-6d61292a5e22\">\n<li class=\"\" data-start=\"1537\" data-end=\"1828\" data-immersive-translate-walked=\"be435e60-77a0-46e9-a6da-6d61292a5e22\">\n<p class=\"\" data-start=\"1539\" data-end=\"1828\" data-immersive-translate-walked=\"be435e60-77a0-46e9-a6da-6d61292a5e22\">Wska\u017anik RGB: Dzi\u0119ki pod\u015bwietleniu RGB ka\u017cde vapowanie staje si\u0119 wizualnym prze\u017cyciem. \u015awiat\u0142o zmienia si\u0119 w zale\u017cno\u015bci od zaci\u0105gni\u0119cia, tworz\u0105c osza\u0142amiaj\u0105cy, \u017cywy efekt kolorystyczny. Nie tylko pe\u0142ni funkcj\u0119, ale tak\u017ce dodaje stylu i osobowo\u015bci Twojemu vapowaniu.<\/p>\n<\/li>\n<\/ul>\n<h5 data-start=\"1830\" data-end=\"1885\" data-immersive-translate-walked=\"be435e60-77a0-46e9-a6da-6d61292a5e22\">Du\u017ca pojemno\u015b\u0107 liquidu, d\u0142ugotrwa\u0142a przyjemno\u015b\u0107<\/h5>\n<ul data-start=\"1887\" data-end=\"2416\" data-immersive-translate-walked=\"be435e60-77a0-46e9-a6da-6d61292a5e22\">\n<li class=\"\" data-start=\"1887\" data-end=\"2128\" data-immersive-translate-walked=\"be435e60-77a0-46e9-a6da-6d61292a5e22\">\n<p class=\"\" data-start=\"1889\" data-end=\"2128\" data-immersive-translate-walked=\"be435e60-77a0-46e9-a6da-6d61292a5e22\">25ml liquidu: Z pojemno\u015bci\u0105 25ml mo\u017cesz cieszy\u0107 si\u0119 d\u0142ugotrwa\u0142ym vapowaniem bez konieczno\u015bci cz\u0119stego uzupe\u0142niania. Za ka\u017cdym razem, gdy zaci\u0105gasz si\u0119, do\u015bwiadczasz jednolitego i intensywnego smaku.<\/p>\n<\/li>\n<li class=\"\" data-start=\"2130\" data-end=\"2416\" data-immersive-translate-walked=\"be435e60-77a0-46e9-a6da-6d61292a5e22\">\n<p class=\"\" data-start=\"2132\" data-end=\"2416\" data-immersive-translate-walked=\"be435e60-77a0-46e9-a6da-6d61292a5e22\">Lekki i przeno\u015bny: Wa\u017c\u0105cy zaledwie 90g, e-papieros jest niezwykle lekki i \u0142atwy do przenoszenia. Bez problemu mie\u015bci si\u0119 w torbie i pozwala na komfortowe vapowanie gdziekolwiek \u2013 podczas podr\u00f3\u017cy lub spotka\u0144 z przyjaci\u00f3\u0142mi.<\/p>\n<\/li>\n<\/ul>\n<h5 data-start=\"2418\" data-end=\"2470\" data-immersive-translate-walked=\"be435e60-77a0-46e9-a6da-6d61292a5e22\">R\u00f3\u017cne poziomy nikotyny dla ka\u017cdego potrzebuj\u0105cego<\/h5>\n<ul data-start=\"2472\" data-end=\"2799\" data-immersive-translate-walked=\"be435e60-77a0-46e9-a6da-6d61292a5e22\">\n<li class=\"\" data-start=\"2472\" data-end=\"2799\" data-immersive-translate-walked=\"be435e60-77a0-46e9-a6da-6d61292a5e22\">\n<p class=\"\" data-start=\"2474\" data-end=\"2799\" data-immersive-translate-walked=\"be435e60-77a0-46e9-a6da-6d61292a5e22\">Bang King Digital 15000 Puffs dost\u0119pny jest w czterech poziomach nikotyny: 0%, 2%, 3%, 5%. Ta r\u00f3\u017cnorodno\u015b\u0107 zapewnia, \u017ce znajdziesz dok\u0142adnie taki poziom nikotyny, jaki odpowiada Twoim preferencjom. Je\u015bli wolisz nikotyn\u0119 0% lub 3%, mo\u017cesz z\u0142o\u017cy\u0107 du\u017ce zam\u00f3wienie, aby spe\u0142ni\u0107 swoje oczekiwania.<\/p>\n<\/li>\n<\/ul>\n<h5 data-start=\"2801\" data-end=\"2850\" data-immersive-translate-walked=\"be435e60-77a0-46e9-a6da-6d61292a5e22\">Zakupy bez c\u0142a, bezstresowe do\u015bwiadczenie<\/h5>\n<ul data-start=\"2852\" data-end=\"3050\" data-immersive-translate-walked=\"be435e60-77a0-46e9-a6da-6d61292a5e22\">\n<li class=\"\" data-start=\"2852\" data-end=\"3050\" data-immersive-translate-walked=\"be435e60-77a0-46e9-a6da-6d61292a5e22\">\n<p class=\"\" data-start=\"2854\" data-end=\"3050\" data-immersive-translate-walked=\"be435e60-77a0-46e9-a6da-6d61292a5e22\">Przy zakupie na vapingnet.de nie nalicza si\u0119 op\u0142at celnych. Dzi\u0119ki temu mo\u017cesz cieszy\u0107 si\u0119 swoim e-papierosem bez dodatkowych koszt\u00f3w i otrzyma\u0107 szybk\u0105, bezproblemow\u0105 dostaw\u0119 \u2013 r\u00f3wnie\u017c mi\u0119dzynarodow\u0105.<\/p>\n<\/li>\n<\/ul>\n<h3>Dlaczego warto wybra\u0107 Bang King Digital 15000 Puffs?<\/h3>\n<ul data-start=\"3121\" data-end=\"3650\" data-immersive-translate-walked=\"be435e60-77a0-46e9-a6da-6d61292a5e22\">\n<li class=\"\" data-start=\"3121\" data-end=\"3297\" data-immersive-translate-walked=\"be435e60-77a0-46e9-a6da-6d61292a5e22\">\n<p class=\"\" data-start=\"3123\" data-end=\"3297\" data-immersive-translate-walked=\"be435e60-77a0-46e9-a6da-6d61292a5e22\">D\u0142ugotrwa\u0142e u\u017cytkowanie: Z 15000 zaci\u0105gni\u0119ciami ten e-papieros oferuje wyj\u0105tkowo d\u0142ugi czas u\u017cytkowania, dzi\u0119ki czemu nie musisz si\u0119 martwi\u0107 o ci\u0105g\u0142e uzupe\u0142nianie.<\/p>\n<\/li>\n<li class=\"\" data-start=\"3299\" data-end=\"3483\" data-immersive-translate-walked=\"be435e60-77a0-46e9-a6da-6d61292a5e22\">\n<p class=\"\" data-start=\"3301\" data-end=\"3483\" data-immersive-translate-walked=\"be435e60-77a0-46e9-a6da-6d61292a5e22\">\u015awie\u017cy smak: Smak Aloe Grape to idealne po\u0142\u0105czenie owocowej s\u0142odyczy i orze\u017awiaj\u0105cego ch\u0142odu, kt\u00f3re sprawia, \u017ce ka\u017cde vapowanie jest przyjemnym do\u015bwiadczeniem.<\/p>\n<\/li>\n<li class=\"\" data-start=\"3485\" data-end=\"3650\" data-immersive-translate-walked=\"be435e60-77a0-46e9-a6da-6d61292a5e22\">\n<p class=\"\" data-start=\"3487\" data-end=\"3650\" data-immersive-translate-walked=\"be435e60-77a0-46e9-a6da-6d61292a5e22\">Imponuj\u0105ce \u015bwiat\u0142a RGB: Pod\u015bwietlenie RGB nie tylko dodaje wizualnego efektu, ale tak\u017ce nadaje Twojemu vapowaniu osobisty charakter.<\/p>\n<\/li>\n<\/ul>\n<h4 data-start=\"3652\" data-end=\"3707\" data-immersive-translate-walked=\"be435e60-77a0-46e9-a6da-6d61292a5e22\">Prze\u017cyj teraz Bang King Digital 15000 Puffs!<\/h4>\n<p class=\"\" data-start=\"3709\" data-end=\"3982\" data-immersive-translate-walked=\"be435e60-77a0-46e9-a6da-6d61292a5e22\">Odwied\u017a vapingnet.de i zam\u00f3w ju\u017c dzi\u015b sw\u00f3j Bang King Digital 15000 Puffs E-papieros. Ciesz si\u0119 d\u0142ugim u\u017cytkowaniem, ekscytuj\u0105cymi doznaniami smakowymi i unikalnym designem, kt\u00f3ry uczyni Twoje vapowanie wyj\u0105tkowym prze\u017cyciem!<\/p>","protected":false},"excerpt":{"rendered":"<p>Bang King Digital 15000 Puffs Jednorazowa e-papieros \u2013 \u015awie\u017cy smak, maksymalna przyjemno\u015b\u0107 Bang King Digital 15000 Puffs Jednorazowy e-papieros zdoby\u0142 rynek...<\/p>","protected":false},"featured_media":5879,"template":"","meta":[],"etheme_brands":[],"product_brand":[101],"product_cat":[53,49,61],"product_tag":[],"class_list":{"0":"post-5874","1":"product","2":"type-product","3":"status-publish","4":"has-post-thumbnail","6":"product_brand-bang-king-vape","7":"product_cat-vape-15000-zuege","8":"product_cat-einweg-e-zigarette","9":"product_cat-f","11":"first","12":"instock","13":"shipping-taxable","14":"purchasable","15":"product-type-simple"},"yoast_head":"<!-- This site is optimized with the Yoast SEO plugin v26.5 - https:\/\/yoast.com\/wordpress\/plugins\/seo\/ -->\n<title>15000 Z\u00fcge mit Aloe Grape Bang King Digital f\u00fcr Dich | Vapingnet.de<\/title>\n<meta name=\"description\" content=\"Entdecke 15000 Z\u00fcge mit Aloe Grape Bang King Digital f\u00fcr Dich bei vapingnet.de, \u25ba Gro\u00dfe Auswahl an Geschmacksrichtungen &amp; super g\u00fcnstig!\" \/>\n<meta name=\"robots\" content=\"index, follow, max-snippet:-1, max-image-preview:large, max-video-preview:-1\" \/>\n<link rel=\"canonical\" href=\"https:\/\/vapingnet.de\/pl\/vape\/15000-zuege-mit-aloe-grape-bang-king-digital-fuer-dich\/\" \/>\n<meta property=\"og:locale\" content=\"pl_PL\" \/>\n<meta property=\"og:type\" content=\"article\" \/>\n<meta property=\"og:title\" content=\"15000 Z\u00fcge mit Aloe Grape Bang King Digital f\u00fcr Dich | Vapingnet.de\" \/>\n<meta property=\"og:description\" content=\"Entdecke 15000 Z\u00fcge mit Aloe Grape Bang King Digital f\u00fcr Dich bei vapingnet.de, \u25ba Gro\u00dfe Auswahl an Geschmacksrichtungen &amp; super g\u00fcnstig!\" \/>\n<meta property=\"og:url\" content=\"https:\/\/vapingnet.de\/pl\/vape\/15000-zuege-mit-aloe-grape-bang-king-digital-fuer-dich\/\" \/>\n<meta property=\"og:site_name\" content=\"Vapingnet.de\" \/>\n<meta property=\"article:publisher\" content=\"https:\/\/www.facebook.com\/vapingnetde\/\" \/>\n<meta property=\"article:modified_time\" content=\"2025-06-19T03:40:09+00:00\" \/>\n<meta property=\"og:image\" content=\"https:\/\/vapingnet.de\/wp-content\/uploads\/2025\/03\/Aloe-Grape.png\" \/>\n\t<meta property=\"og:image:width\" content=\"900\" \/>\n\t<meta property=\"og:image:height\" content=\"600\" \/>\n\t<meta property=\"og:image:type\" content=\"image\/png\" \/>\n<meta name=\"twitter:card\" content=\"summary_large_image\" \/>\n<meta name=\"twitter:label1\" content=\"Est. reading time\" \/>\n\t<meta name=\"twitter:data1\" content=\"3 minutes\" \/>\n<script type=\"application\/ld+json\" class=\"yoast-schema-graph\">{\"@context\":\"https:\/\/schema.org\",\"@graph\":[{\"@type\":\"WebPage\",\"@id\":\"https:\/\/vapingnet.de\/vape\/15000-zuege-mit-aloe-grape-bang-king-digital-fuer-dich\/\",\"url\":\"https:\/\/vapingnet.de\/vape\/15000-zuege-mit-aloe-grape-bang-king-digital-fuer-dich\/\",\"name\":\"15000 Z\u00fcge mit Aloe Grape Bang King Digital f\u00fcr Dich | Vapingnet.de\",\"isPartOf\":{\"@id\":\"https:\/\/vapingnet.de\/#website\"},\"primaryImageOfPage\":{\"@id\":\"https:\/\/vapingnet.de\/vape\/15000-zuege-mit-aloe-grape-bang-king-digital-fuer-dich\/#primaryimage\"},\"image\":{\"@id\":\"https:\/\/vapingnet.de\/vape\/15000-zuege-mit-aloe-grape-bang-king-digital-fuer-dich\/#primaryimage\"},\"thumbnailUrl\":\"https:\/\/vapingnet.de\/wp-content\/uploads\/2025\/03\/Aloe-Grape.png\",\"datePublished\":\"2025-03-25T06:36:14+00:00\",\"dateModified\":\"2025-06-19T03:40:09+00:00\",\"description\":\"Entdecke 15000 Z\u00fcge mit Aloe Grape Bang King Digital f\u00fcr Dich bei vapingnet.de, \u25ba Gro\u00dfe Auswahl an Geschmacksrichtungen & super g\u00fcnstig!\",\"breadcrumb\":{\"@id\":\"https:\/\/vapingnet.de\/vape\/15000-zuege-mit-aloe-grape-bang-king-digital-fuer-dich\/#breadcrumb\"},\"inLanguage\":\"pl-PL\",\"potentialAction\":[{\"@type\":\"ReadAction\",\"target\":[\"https:\/\/vapingnet.de\/vape\/15000-zuege-mit-aloe-grape-bang-king-digital-fuer-dich\/\"]}]},{\"@type\":\"ImageObject\",\"inLanguage\":\"pl-PL\",\"@id\":\"https:\/\/vapingnet.de\/vape\/15000-zuege-mit-aloe-grape-bang-king-digital-fuer-dich\/#primaryimage\",\"url\":\"https:\/\/vapingnet.de\/wp-content\/uploads\/2025\/03\/Aloe-Grape.png\",\"contentUrl\":\"https:\/\/vapingnet.de\/wp-content\/uploads\/2025\/03\/Aloe-Grape.png\",\"width\":900,\"height\":600,\"caption\":\"Aloe Grape\"},{\"@type\":\"BreadcrumbList\",\"@id\":\"https:\/\/vapingnet.de\/vape\/15000-zuege-mit-aloe-grape-bang-king-digital-fuer-dich\/#breadcrumb\",\"itemListElement\":[{\"@type\":\"ListItem\",\"position\":1,\"name\":\"Home\",\"item\":\"https:\/\/vapingnet.de\/\"},{\"@type\":\"ListItem\",\"position\":2,\"name\":\"Shop\",\"item\":\"https:\/\/vapingnet.de\/vape\/\"},{\"@type\":\"ListItem\",\"position\":3,\"name\":\"15000 Z\u00fcge mit Aloe Grape Bang King Digital f\u00fcr Dich\"}]},{\"@type\":\"WebSite\",\"@id\":\"https:\/\/vapingnet.de\/#website\",\"url\":\"https:\/\/vapingnet.de\/\",\"name\":\"Vapingnet.de\",\"description\":\"\",\"publisher\":{\"@id\":\"https:\/\/vapingnet.de\/#organization\"},\"potentialAction\":[{\"@type\":\"SearchAction\",\"target\":{\"@type\":\"EntryPoint\",\"urlTemplate\":\"https:\/\/vapingnet.de\/?s={search_term_string}\"},\"query-input\":{\"@type\":\"PropertyValueSpecification\",\"valueRequired\":true,\"valueName\":\"search_term_string\"}}],\"inLanguage\":\"pl-PL\"},{\"@type\":\"Organization\",\"@id\":\"https:\/\/vapingnet.de\/#organization\",\"name\":\"Vapingnet.de\",\"url\":\"https:\/\/vapingnet.de\/\",\"logo\":{\"@type\":\"ImageObject\",\"inLanguage\":\"pl-PL\",\"@id\":\"https:\/\/vapingnet.de\/#\/schema\/logo\/image\/\",\"url\":\"https:\/\/vapingnet.de\/wp-content\/uploads\/2025\/03\/cropped-vapingnet.de_.jpg\",\"contentUrl\":\"https:\/\/vapingnet.de\/wp-content\/uploads\/2025\/03\/cropped-vapingnet.de_.jpg\",\"width\":512,\"height\":512,\"caption\":\"Vapingnet.de\"},\"image\":{\"@id\":\"https:\/\/vapingnet.de\/#\/schema\/logo\/image\/\"},\"sameAs\":[\"https:\/\/www.facebook.com\/vapingnetde\/\"]}]}<\/script>\n<!-- \/ Yoast SEO plugin. -->","yoast_head_json":{"title":"15000 Z\u00fcge mit Aloe Grape Bang King Digital f\u00fcr Dich | Vapingnet.de","description":"Entdecke 15000 Z\u00fcge mit Aloe Grape Bang King Digital f\u00fcr Dich bei vapingnet.de, \u25ba Gro\u00dfe Auswahl an Geschmacksrichtungen & super g\u00fcnstig!","robots":{"index":"index","follow":"follow","max-snippet":"max-snippet:-1","max-image-preview":"max-image-preview:large","max-video-preview":"max-video-preview:-1"},"canonical":"https:\/\/vapingnet.de\/pl\/vape\/15000-zuege-mit-aloe-grape-bang-king-digital-fuer-dich\/","og_locale":"pl_PL","og_type":"article","og_title":"15000 Z\u00fcge mit Aloe Grape Bang King Digital f\u00fcr Dich | Vapingnet.de","og_description":"Entdecke 15000 Z\u00fcge mit Aloe Grape Bang King Digital f\u00fcr Dich bei vapingnet.de, \u25ba Gro\u00dfe Auswahl an Geschmacksrichtungen & super g\u00fcnstig!","og_url":"https:\/\/vapingnet.de\/pl\/vape\/15000-zuege-mit-aloe-grape-bang-king-digital-fuer-dich\/","og_site_name":"Vapingnet.de","article_publisher":"https:\/\/www.facebook.com\/vapingnetde\/","article_modified_time":"2025-06-19T03:40:09+00:00","og_image":[{"width":900,"height":600,"url":"https:\/\/vapingnet.de\/wp-content\/uploads\/2025\/03\/Aloe-Grape.png","type":"image\/png"}],"twitter_card":"summary_large_image","twitter_misc":{"Est. reading time":"3 minutes"},"schema":{"@context":"https:\/\/schema.org","@graph":[{"@type":"WebPage","@id":"https:\/\/vapingnet.de\/vape\/15000-zuege-mit-aloe-grape-bang-king-digital-fuer-dich\/","url":"https:\/\/vapingnet.de\/vape\/15000-zuege-mit-aloe-grape-bang-king-digital-fuer-dich\/","name":"15000 Z\u00fcge mit Aloe Grape Bang King Digital f\u00fcr Dich | Vapingnet.de","isPartOf":{"@id":"https:\/\/vapingnet.de\/#website"},"primaryImageOfPage":{"@id":"https:\/\/vapingnet.de\/vape\/15000-zuege-mit-aloe-grape-bang-king-digital-fuer-dich\/#primaryimage"},"image":{"@id":"https:\/\/vapingnet.de\/vape\/15000-zuege-mit-aloe-grape-bang-king-digital-fuer-dich\/#primaryimage"},"thumbnailUrl":"https:\/\/vapingnet.de\/wp-content\/uploads\/2025\/03\/Aloe-Grape.png","datePublished":"2025-03-25T06:36:14+00:00","dateModified":"2025-06-19T03:40:09+00:00","description":"Entdecke 15000 Z\u00fcge mit Aloe Grape Bang King Digital f\u00fcr Dich bei vapingnet.de, \u25ba Gro\u00dfe Auswahl an Geschmacksrichtungen & super g\u00fcnstig!","breadcrumb":{"@id":"https:\/\/vapingnet.de\/vape\/15000-zuege-mit-aloe-grape-bang-king-digital-fuer-dich\/#breadcrumb"},"inLanguage":"pl-PL","potentialAction":[{"@type":"ReadAction","target":["https:\/\/vapingnet.de\/vape\/15000-zuege-mit-aloe-grape-bang-king-digital-fuer-dich\/"]}]},{"@type":"ImageObject","inLanguage":"pl-PL","@id":"https:\/\/vapingnet.de\/vape\/15000-zuege-mit-aloe-grape-bang-king-digital-fuer-dich\/#primaryimage","url":"https:\/\/vapingnet.de\/wp-content\/uploads\/2025\/03\/Aloe-Grape.png","contentUrl":"https:\/\/vapingnet.de\/wp-content\/uploads\/2025\/03\/Aloe-Grape.png","width":900,"height":600,"caption":"Aloe Grape"},{"@type":"BreadcrumbList","@id":"https:\/\/vapingnet.de\/vape\/15000-zuege-mit-aloe-grape-bang-king-digital-fuer-dich\/#breadcrumb","itemListElement":[{"@type":"ListItem","position":1,"name":"Home","item":"https:\/\/vapingnet.de\/"},{"@type":"ListItem","position":2,"name":"Shop","item":"https:\/\/vapingnet.de\/vape\/"},{"@type":"ListItem","position":3,"name":"15000 Z\u00fcge mit Aloe Grape Bang King Digital f\u00fcr Dich"}]},{"@type":"WebSite","@id":"https:\/\/vapingnet.de\/#website","url":"https:\/\/vapingnet.de\/","name":"Vapingnet.de","description":"","publisher":{"@id":"https:\/\/vapingnet.de\/#organization"},"potentialAction":[{"@type":"SearchAction","target":{"@type":"EntryPoint","urlTemplate":"https:\/\/vapingnet.de\/?s={search_term_string}"},"query-input":{"@type":"PropertyValueSpecification","valueRequired":true,"valueName":"search_term_string"}}],"inLanguage":"pl-PL"},{"@type":"Organization","@id":"https:\/\/vapingnet.de\/#organization","name":"Vapingnet.de","url":"https:\/\/vapingnet.de\/","logo":{"@type":"ImageObject","inLanguage":"pl-PL","@id":"https:\/\/vapingnet.de\/#\/schema\/logo\/image\/","url":"https:\/\/vapingnet.de\/wp-content\/uploads\/2025\/03\/cropped-vapingnet.de_.jpg","contentUrl":"https:\/\/vapingnet.de\/wp-content\/uploads\/2025\/03\/cropped-vapingnet.de_.jpg","width":512,"height":512,"caption":"Vapingnet.de"},"image":{"@id":"https:\/\/vapingnet.de\/#\/schema\/logo\/image\/"},"sameAs":["https:\/\/www.facebook.com\/vapingnetde\/"]}]}},"tiered_pricing_type":"fixed","tiered_pricing_fixed_rules":{"10":"6.83","60":"6.15","110":"5.46","200":"4.78"},"tiered_pricing_product_settings":{"layout":"default","base_unit_name":{"singular":null,"plural":null},"default_variation":null},"tiered_pricing_minimum_quantity":null,"tiered_pricing_roles_data":[],"tiered_pricing_percentage_rules":[],"_links":{"self":[{"href":"https:\/\/vapingnet.de\/pl\/wp-json\/wp\/v2\/product\/5874","targetHints":{"allow":["GET"]}}],"collection":[{"href":"https:\/\/vapingnet.de\/pl\/wp-json\/wp\/v2\/product"}],"about":[{"href":"https:\/\/vapingnet.de\/pl\/wp-json\/wp\/v2\/types\/product"}],"version-history":[{"count":1,"href":"https:\/\/vapingnet.de\/pl\/wp-json\/wp\/v2\/product\/5874\/revisions"}],"predecessor-version":[{"id":5886,"href":"https:\/\/vapingnet.de\/pl\/wp-json\/wp\/v2\/product\/5874\/revisions\/5886"}],"wp:featuredmedia":[{"embeddable":true,"href":"https:\/\/vapingnet.de\/pl\/wp-json\/wp\/v2\/media\/5879"}],"wp:attachment":[{"href":"https:\/\/vapingnet.de\/pl\/wp-json\/wp\/v2\/media?parent=5874"}],"wp:term":[{"taxonomy":"brand","embeddable":true,"href":"https:\/\/vapingnet.de\/pl\/wp-json\/wp\/v2\/etheme_brands?post=5874"},{"taxonomy":"product_brand","embeddable":true,"href":"https:\/\/vapingnet.de\/pl\/wp-json\/wp\/v2\/product_brand?post=5874"},{"taxonomy":"product_cat","embeddable":true,"href":"https:\/\/vapingnet.de\/pl\/wp-json\/wp\/v2\/product_cat?post=5874"},{"taxonomy":"product_tag","embeddable":true,"href":"https:\/\/vapingnet.de\/pl\/wp-json\/wp\/v2\/product_tag?post=5874"}],"curies":[{"name":"wp","href":"https:\/\/api.w.org\/{rel}","templated":true}]}}