{"id":5875,"date":"2025-03-25T06:36:16","date_gmt":"2025-03-25T06:36:16","guid":{"rendered":"https:\/\/vapingnet.de\/?post_type=product&#038;p=5875"},"modified":"2025-06-19T03:40:08","modified_gmt":"2025-06-19T03:40:08","slug":"15000-zuege-voller-genuss-bang-king-digital-peach-ice-jetzt-entdecken","status":"publish","type":"product","link":"https:\/\/vapingnet.de\/pl\/vape\/15000-zuege-voller-genuss-bang-king-digital-peach-ice-jetzt-entdecken\/","title":{"rendered":"15000 zaci\u0105gni\u0119\u0107 pe\u0142nych przyjemno\u015bci Bang King Digital Peach Ice, odkryj teraz"},"content":{"rendered":"<h2 data-start=\"0\" data-end=\"128\" data-immersive-translate-walked=\"be435e60-77a0-46e9-a6da-6d61292a5e22\">\u015awie\u017cy smak brzoskwini i lodowate orze\u017awienie, d\u0142ugotrwa\u0142a przyjemno\u015b\u0107<\/h2>\n<p class=\"\" data-start=\"130\" data-end=\"466\" data-immersive-translate-walked=\"be435e60-77a0-46e9-a6da-6d61292a5e22\">Jednorazowa e-papieros Bang King Digital 15000 Puffs zdoby\u0142a na rynku status idealnego wyboru dla wszystkich, kt\u00f3rzy poszukuj\u0105 mocnego, stylowego i d\u0142ugotrwa\u0142ego do\u015bwiadczenia vapowania. Niezale\u017cnie od tego, czy jeste\u015b pocz\u0105tkuj\u0105cym, czy do\u015bwiadczonym vaporem, ten e-papieros zapewni Ci niezapomniane doznania.<\/p>\n<h5 data-start=\"468\" data-end=\"513\" data-immersive-translate-walked=\"be435e60-77a0-46e9-a6da-6d61292a5e22\">Silna wydajno\u015b\u0107, ekstremalnie d\u0142ugi czas u\u017cytkowania<\/h5>\n<ul data-start=\"515\" data-end=\"1025\" data-immersive-translate-walked=\"be435e60-77a0-46e9-a6da-6d61292a5e22\">\n<li class=\"\" data-start=\"515\" data-end=\"775\" data-immersive-translate-walked=\"be435e60-77a0-46e9-a6da-6d61292a5e22\">\n<p class=\"\" data-start=\"517\" data-end=\"775\" data-immersive-translate-walked=\"be435e60-77a0-46e9-a6da-6d61292a5e22\">15000 zaci\u0105gni\u0119\u0107, d\u0142ugi czas u\u017cytkowania: Ka\u017cdy Bang King Digital 15000 Puffs oferuje do 15000 zaci\u0105gni\u0119\u0107, co oznacza, \u017ce mo\u017cesz cieszy\u0107 si\u0119 nim przez d\u0142ugi czas bez konieczno\u015bci cz\u0119stej wymiany. Ta d\u0142uga \u017cywotno\u015b\u0107 zapewnia pe\u0142ni\u0119 przyjemno\u015bci z ka\u017cdego zaci\u0105gni\u0119cia.<\/p>\n<\/li>\n<li class=\"\" data-start=\"777\" data-end=\"1025\" data-immersive-translate-walked=\"be435e60-77a0-46e9-a6da-6d61292a5e22\">\n<p class=\"\" data-start=\"779\" data-end=\"1025\" data-immersive-translate-walked=\"be435e60-77a0-46e9-a6da-6d61292a5e22\">Wymienny akumulator 650mAh: Akumulator 650mAh obs\u0142uguje szybkie \u0142adowanie typu C, zapewniaj\u0105c szybkie na\u0142adowanie, dzi\u0119ki czemu mo\u017cesz natychmiast ponownie vapowa\u0107. Po na\u0142adowaniu mo\u017cesz cieszy\u0107 si\u0119 swoim e-papierosem przez d\u0142ugi czas.<\/p>\n<\/li>\n<\/ul>\n<h5 data-start=\"1027\" data-end=\"1081\" data-immersive-translate-walked=\"be435e60-77a0-46e9-a6da-6d61292a5e22\">\u015awie\u017cy smak brzoskwini, lodowate orze\u017awienie<\/h5>\n<ul data-start=\"1083\" data-end=\"1379\" data-immersive-translate-walked=\"be435e60-77a0-46e9-a6da-6d61292a5e22\">\n<li class=\"\" data-start=\"1083\" data-end=\"1379\" data-immersive-translate-walked=\"be435e60-77a0-46e9-a6da-6d61292a5e22\">\n<p class=\"\" data-start=\"1085\" data-end=\"1379\" data-immersive-translate-walked=\"be435e60-77a0-46e9-a6da-6d61292a5e22\">Smak Peach Ice: Smak Peach Ice \u0142\u0105czy s\u0142odycz brzoskwini z orze\u017awiaj\u0105cym ch\u0142odem, daj\u0105c Ci od\u015bwie\u017caj\u0105ce uczucie przy ka\u017cdym zaci\u0105gni\u0119ciu. To jak delektowanie si\u0119 ch\u0142odn\u0105, \u015bwie\u017c\u0105 brzoskwini\u0105 \u2013 idealne na gor\u0105ce dni lub relaksuj\u0105ce chwile.<\/p>\n<\/li>\n<\/ul>\n<h5 data-start=\"1381\" data-end=\"1439\" data-immersive-translate-walked=\"be435e60-77a0-46e9-a6da-6d61292a5e22\">Zapieraj\u0105ce dech w piersiach efekty \u015bwietlne RGB, stylowy design<\/h5>\n<ul data-start=\"1441\" data-end=\"1763\" data-immersive-translate-walked=\"be435e60-77a0-46e9-a6da-6d61292a5e22\">\n<li class=\"\" data-start=\"1441\" data-end=\"1763\" data-immersive-translate-walked=\"be435e60-77a0-46e9-a6da-6d61292a5e22\">\n<p class=\"\" data-start=\"1443\" data-end=\"1763\" data-immersive-translate-walked=\"be435e60-77a0-46e9-a6da-6d61292a5e22\">Wska\u017anik \u015bwietlny RGB: Dzi\u0119ki pod\u015bwietleniu RGB do\u015bwiadczysz ka\u017cdego vapowania z fascynuj\u0105cymi efektami \u015bwietlnymi, kt\u00f3re zmieniaj\u0105 si\u0119 w zale\u017cno\u015bci od zaci\u0105gni\u0119cia. Te efekty \u015bwietlne nadaj\u0105 Twojemu e-papierosowi osobisty charakter i czyni\u0105 go prawdziw\u0105 ozdob\u0105. To nie tylko funkcjonalne, ale tak\u017ce stylowe akcesorium.<\/p>\n<\/li>\n<\/ul>\n<h5 data-start=\"1765\" data-end=\"1821\" data-immersive-translate-walked=\"be435e60-77a0-46e9-a6da-6d61292a5e22\">Du\u017ca pojemno\u015b\u0107 e-liquid, d\u0142ugotrwa\u0142a przyjemno\u015b\u0107<\/h5>\n<ul data-start=\"1823\" data-end=\"2312\" data-immersive-translate-walked=\"be435e60-77a0-46e9-a6da-6d61292a5e22\">\n<li class=\"\" data-start=\"1823\" data-end=\"2076\" data-immersive-translate-walked=\"be435e60-77a0-46e9-a6da-6d61292a5e22\">\n<p class=\"\" data-start=\"1825\" data-end=\"2076\" data-immersive-translate-walked=\"be435e60-77a0-46e9-a6da-6d61292a5e22\">E-liquid 25ml: Posiadaj\u0105c pojemno\u015b\u0107 25ml, nie musisz si\u0119 martwi\u0107 o cz\u0119ste uzupe\u0142nianie. Du\u017ca pojemno\u015b\u0107 zapewnia stabilne i d\u0142ugotrwa\u0142e do\u015bwiadczenie vapowania, kt\u00f3re mo\u017cesz w pe\u0142ni cieszy\u0107 si\u0119.<\/p>\n<\/li>\n<li class=\"\" data-start=\"2078\" data-end=\"2312\" data-immersive-translate-walked=\"be435e60-77a0-46e9-a6da-6d61292a5e22\">\n<p class=\"\" data-start=\"2080\" data-end=\"2312\" data-immersive-translate-walked=\"be435e60-77a0-46e9-a6da-6d61292a5e22\">Lekki i przeno\u015bny, tylko 90g: Z wag\u0105 zaledwie 90g, e-papieros jest lekki i kompaktowy, idealny na podr\u00f3\u017c. Mo\u017cesz go \u0142atwo schowa\u0107 do torby lub plecaka i korzysta\u0107 z vapowania w dowolnym miejscu.<\/p>\n<\/li>\n<\/ul>\n<h5 data-start=\"2314\" data-end=\"2366\" data-immersive-translate-walked=\"be435e60-77a0-46e9-a6da-6d61292a5e22\">R\u00f3\u017cne poziomy nikotyny dla ka\u017cdego potrzebuj\u0105cego<\/h5>\n<ul data-start=\"2368\" data-end=\"2643\" data-immersive-translate-walked=\"be435e60-77a0-46e9-a6da-6d61292a5e22\">\n<li class=\"\" data-start=\"2368\" data-end=\"2643\" data-immersive-translate-walked=\"be435e60-77a0-46e9-a6da-6d61292a5e22\">\n<p class=\"\" data-start=\"2370\" data-end=\"2643\" data-immersive-translate-walked=\"be435e60-77a0-46e9-a6da-6d61292a5e22\">E-papieros Bang King Digital 15000 Puffs dost\u0119pny w poziomach nikotyny 0%, 2%, 3%, 5%, aby sprosta\u0107 r\u00f3\u017cnym preferencjom. Je\u015bli preferujesz nikotyn\u0119 0% lub 3%, mo\u017cesz z\u0142o\u017cy\u0107 hurtowe zam\u00f3wienie, aby spe\u0142ni\u0107 swoje potrzeby.<\/p>\n<\/li>\n<\/ul>\n<h5 data-start=\"2645\" data-end=\"2694\" data-immersive-translate-walked=\"be435e60-77a0-46e9-a6da-6d61292a5e22\">Zakupy bez c\u0142a, bezstresowe do\u015bwiadczenie<\/h5>\n<ul data-start=\"2696\" data-end=\"2922\" data-immersive-translate-walked=\"be435e60-77a0-46e9-a6da-6d61292a5e22\">\n<li class=\"\" data-start=\"2696\" data-end=\"2922\" data-immersive-translate-walked=\"be435e60-77a0-46e9-a6da-6d61292a5e22\">\n<p class=\"\" data-start=\"2698\" data-end=\"2922\" data-immersive-translate-walked=\"be435e60-77a0-46e9-a6da-6d61292a5e22\">Kupuj\u0105c na vapingnet.de, nie ponosisz op\u0142at celnych, dzi\u0119ki czemu mo\u017cesz cieszy\u0107 si\u0119 swoim e-papierosem bez dodatkowych koszt\u00f3w. Mi\u0119dzynarodowa wysy\u0142ka zapewnia szybkie i bezproblemowe dostarczenie produktu.<\/p>\n<\/li>\n<\/ul>\n<h3>Dlaczego warto wybra\u0107 Bang King Digital 15000 Puffs?<\/h3>\n<ul data-start=\"2993\" data-end=\"3580\" data-immersive-translate-walked=\"be435e60-77a0-46e9-a6da-6d61292a5e22\">\n<li class=\"\" data-start=\"2993\" data-end=\"3182\" data-immersive-translate-walked=\"be435e60-77a0-46e9-a6da-6d61292a5e22\">\n<p class=\"\" data-start=\"2995\" data-end=\"3182\" data-immersive-translate-walked=\"be435e60-77a0-46e9-a6da-6d61292a5e22\">D\u0142ugotrwa\u0142e u\u017cytkowanie: Z 15000 zaci\u0105gni\u0119ciami ten e-papieros oferuje niezwykle d\u0142ugi czas u\u017cytkowania, zapewniaj\u0105c pe\u0142ni\u0119 dozna\u0144 bez konieczno\u015bci cz\u0119stej wymiany.<\/p>\n<\/li>\n<li class=\"\" data-start=\"3183\" data-end=\"3318\" data-immersive-translate-walked=\"be435e60-77a0-46e9-a6da-6d61292a5e22\">\n<p class=\"\" data-start=\"3185\" data-end=\"3318\" data-immersive-translate-walked=\"be435e60-77a0-46e9-a6da-6d61292a5e22\">\u015awie\u017cy smak: Smak Peach Ice \u0142\u0105czy s\u0142odkie owoce z orze\u017awiaj\u0105cym ch\u0142odem, tworz\u0105c niezapomniane wra\u017cenia.<\/p>\n<\/li>\n<li class=\"\" data-start=\"3319\" data-end=\"3453\" data-immersive-translate-walked=\"be435e60-77a0-46e9-a6da-6d61292a5e22\">\n<p class=\"\" data-start=\"3321\" data-end=\"3453\" data-immersive-translate-walked=\"be435e60-77a0-46e9-a6da-6d61292a5e22\">Efekty \u015bwietlne RGB: Pod\u015bwietlenie RGB zapewnia wizualny efekt i nadaje Twojemu vapowaniu osobisty charakter.<\/p>\n<\/li>\n<li class=\"\" data-start=\"3454\" data-end=\"3580\" data-immersive-translate-walked=\"be435e60-77a0-46e9-a6da-6d61292a5e22\">\n<p class=\"\" data-start=\"3456\" data-end=\"3580\" data-immersive-translate-walked=\"be435e60-77a0-46e9-a6da-6d61292a5e22\">Du\u017ca pojemno\u015b\u0107 e-liquid: Z pojemno\u015bci\u0105 25ml mo\u017cesz cieszy\u0107 si\u0119 d\u0142ugim czasem vapowania bez konieczno\u015bci uzupe\u0142niania.<\/p>\n<\/li>\n<\/ul>\n<h4 data-start=\"3582\" data-end=\"3669\" data-immersive-translate-walked=\"be435e60-77a0-46e9-a6da-6d61292a5e22\">Zam\u00f3w teraz na vapingnet.de i do\u015bwiadcz Bang King Digital 15000 Puffs!<\/h4>\n<p class=\"\" data-start=\"3671\" data-end=\"3967\" data-immersive-translate-walked=\"be435e60-77a0-46e9-a6da-6d61292a5e22\">Na co czekasz? Odwied\u017a vapingnet.de i zam\u00f3w ju\u017c dzi\u015b swojego Bang King Digital 15000 Puffs. Ciesz si\u0119 \u015bwie\u017cym smakiem brzoskwini, d\u0142ugim czasem u\u017cytkowania i spektakularnymi efektami \u015bwietlnymi RGB, kt\u00f3re podnios\u0105 Twoje vapowanie na wy\u017cszy poziom!<\/p>","protected":false},"excerpt":{"rendered":"<p>\u015awie\u017cy smak brzoskwini i lodowate orze\u017awienie, d\u0142ugotrwa\u0142a przyjemno\u015b\u0107 Bang King Digital 15000 Puffs Jednorazowy e-papieros okaza\u0142 si\u0119 na rynku idealnym wyborem dla...<\/p>","protected":false},"featured_media":5880,"template":"","meta":[],"etheme_brands":[],"product_brand":[101],"product_cat":[53,49,61],"product_tag":[],"class_list":{"0":"post-5875","1":"product","2":"type-product","3":"status-publish","4":"has-post-thumbnail","6":"product_brand-bang-king-vape","7":"product_cat-vape-15000-zuege","8":"product_cat-einweg-e-zigarette","9":"product_cat-f","11":"first","12":"instock","13":"shipping-taxable","14":"purchasable","15":"product-type-simple"},"yoast_head":"<!-- This site is optimized with the Yoast SEO plugin v26.5 - https:\/\/yoast.com\/wordpress\/plugins\/seo\/ -->\n<title>15000 Z\u00fcge voller Genuss Bang King Digital Peach Ice jetzt entdecken | Vapingnet.de<\/title>\n<meta name=\"description\" content=\"Entdecke 15000 Z\u00fcge voller Genuss Bang King Digital Peach Ice jetzt entdecken bei vapingnet.de, \u25ba Gro\u00dfe Auswahl an Geschmacksrichtungen &amp; super g\u00fcnstig!\" \/>\n<meta name=\"robots\" content=\"index, follow, max-snippet:-1, max-image-preview:large, max-video-preview:-1\" \/>\n<link rel=\"canonical\" href=\"https:\/\/vapingnet.de\/pl\/vape\/15000-zuege-voller-genuss-bang-king-digital-peach-ice-jetzt-entdecken\/\" \/>\n<meta property=\"og:locale\" content=\"pl_PL\" \/>\n<meta property=\"og:type\" content=\"article\" \/>\n<meta property=\"og:title\" content=\"15000 Z\u00fcge voller Genuss Bang King Digital Peach Ice jetzt entdecken | Vapingnet.de\" \/>\n<meta property=\"og:description\" content=\"Entdecke 15000 Z\u00fcge voller Genuss Bang King Digital Peach Ice jetzt entdecken bei vapingnet.de, \u25ba Gro\u00dfe Auswahl an Geschmacksrichtungen &amp; super g\u00fcnstig!\" \/>\n<meta property=\"og:url\" content=\"https:\/\/vapingnet.de\/pl\/vape\/15000-zuege-voller-genuss-bang-king-digital-peach-ice-jetzt-entdecken\/\" \/>\n<meta property=\"og:site_name\" content=\"Vapingnet.de\" \/>\n<meta property=\"article:publisher\" content=\"https:\/\/www.facebook.com\/vapingnetde\/\" \/>\n<meta property=\"article:modified_time\" content=\"2025-06-19T03:40:08+00:00\" \/>\n<meta property=\"og:image\" content=\"https:\/\/vapingnet.de\/wp-content\/uploads\/2025\/03\/Peach-Ice-3.png\" \/>\n\t<meta property=\"og:image:width\" content=\"900\" \/>\n\t<meta property=\"og:image:height\" content=\"600\" \/>\n\t<meta property=\"og:image:type\" content=\"image\/png\" \/>\n<meta name=\"twitter:card\" content=\"summary_large_image\" \/>\n<meta name=\"twitter:label1\" content=\"Est. reading time\" \/>\n\t<meta name=\"twitter:data1\" content=\"3 minutes\" \/>\n<script type=\"application\/ld+json\" class=\"yoast-schema-graph\">{\"@context\":\"https:\/\/schema.org\",\"@graph\":[{\"@type\":\"WebPage\",\"@id\":\"https:\/\/vapingnet.de\/vape\/15000-zuege-voller-genuss-bang-king-digital-peach-ice-jetzt-entdecken\/\",\"url\":\"https:\/\/vapingnet.de\/vape\/15000-zuege-voller-genuss-bang-king-digital-peach-ice-jetzt-entdecken\/\",\"name\":\"15000 Z\u00fcge voller Genuss Bang King Digital Peach Ice jetzt entdecken | Vapingnet.de\",\"isPartOf\":{\"@id\":\"https:\/\/vapingnet.de\/#website\"},\"primaryImageOfPage\":{\"@id\":\"https:\/\/vapingnet.de\/vape\/15000-zuege-voller-genuss-bang-king-digital-peach-ice-jetzt-entdecken\/#primaryimage\"},\"image\":{\"@id\":\"https:\/\/vapingnet.de\/vape\/15000-zuege-voller-genuss-bang-king-digital-peach-ice-jetzt-entdecken\/#primaryimage\"},\"thumbnailUrl\":\"https:\/\/vapingnet.de\/wp-content\/uploads\/2025\/03\/Peach-Ice-3.png\",\"datePublished\":\"2025-03-25T06:36:16+00:00\",\"dateModified\":\"2025-06-19T03:40:08+00:00\",\"description\":\"Entdecke 15000 Z\u00fcge voller Genuss Bang King Digital Peach Ice jetzt entdecken bei vapingnet.de, \u25ba Gro\u00dfe Auswahl an Geschmacksrichtungen & super g\u00fcnstig!\",\"breadcrumb\":{\"@id\":\"https:\/\/vapingnet.de\/vape\/15000-zuege-voller-genuss-bang-king-digital-peach-ice-jetzt-entdecken\/#breadcrumb\"},\"inLanguage\":\"pl-PL\",\"potentialAction\":[{\"@type\":\"ReadAction\",\"target\":[\"https:\/\/vapingnet.de\/vape\/15000-zuege-voller-genuss-bang-king-digital-peach-ice-jetzt-entdecken\/\"]}]},{\"@type\":\"ImageObject\",\"inLanguage\":\"pl-PL\",\"@id\":\"https:\/\/vapingnet.de\/vape\/15000-zuege-voller-genuss-bang-king-digital-peach-ice-jetzt-entdecken\/#primaryimage\",\"url\":\"https:\/\/vapingnet.de\/wp-content\/uploads\/2025\/03\/Peach-Ice-3.png\",\"contentUrl\":\"https:\/\/vapingnet.de\/wp-content\/uploads\/2025\/03\/Peach-Ice-3.png\",\"width\":900,\"height\":600,\"caption\":\"Peach Ice\"},{\"@type\":\"BreadcrumbList\",\"@id\":\"https:\/\/vapingnet.de\/vape\/15000-zuege-voller-genuss-bang-king-digital-peach-ice-jetzt-entdecken\/#breadcrumb\",\"itemListElement\":[{\"@type\":\"ListItem\",\"position\":1,\"name\":\"Home\",\"item\":\"https:\/\/vapingnet.de\/\"},{\"@type\":\"ListItem\",\"position\":2,\"name\":\"Shop\",\"item\":\"https:\/\/vapingnet.de\/vape\/\"},{\"@type\":\"ListItem\",\"position\":3,\"name\":\"15000 Z\u00fcge voller Genuss Bang King Digital Peach Ice jetzt entdecken\"}]},{\"@type\":\"WebSite\",\"@id\":\"https:\/\/vapingnet.de\/#website\",\"url\":\"https:\/\/vapingnet.de\/\",\"name\":\"Vapingnet.de\",\"description\":\"\",\"publisher\":{\"@id\":\"https:\/\/vapingnet.de\/#organization\"},\"potentialAction\":[{\"@type\":\"SearchAction\",\"target\":{\"@type\":\"EntryPoint\",\"urlTemplate\":\"https:\/\/vapingnet.de\/?s={search_term_string}\"},\"query-input\":{\"@type\":\"PropertyValueSpecification\",\"valueRequired\":true,\"valueName\":\"search_term_string\"}}],\"inLanguage\":\"pl-PL\"},{\"@type\":\"Organization\",\"@id\":\"https:\/\/vapingnet.de\/#organization\",\"name\":\"Vapingnet.de\",\"url\":\"https:\/\/vapingnet.de\/\",\"logo\":{\"@type\":\"ImageObject\",\"inLanguage\":\"pl-PL\",\"@id\":\"https:\/\/vapingnet.de\/#\/schema\/logo\/image\/\",\"url\":\"https:\/\/vapingnet.de\/wp-content\/uploads\/2025\/03\/cropped-vapingnet.de_.jpg\",\"contentUrl\":\"https:\/\/vapingnet.de\/wp-content\/uploads\/2025\/03\/cropped-vapingnet.de_.jpg\",\"width\":512,\"height\":512,\"caption\":\"Vapingnet.de\"},\"image\":{\"@id\":\"https:\/\/vapingnet.de\/#\/schema\/logo\/image\/\"},\"sameAs\":[\"https:\/\/www.facebook.com\/vapingnetde\/\"]}]}<\/script>\n<!-- \/ Yoast SEO plugin. -->","yoast_head_json":{"title":"15000 Z\u00fcge voller Genuss Bang King Digital Peach Ice jetzt entdecken | Vapingnet.de","description":"Entdecke 15000 Z\u00fcge voller Genuss Bang King Digital Peach Ice jetzt entdecken bei vapingnet.de, \u25ba Gro\u00dfe Auswahl an Geschmacksrichtungen & super g\u00fcnstig!","robots":{"index":"index","follow":"follow","max-snippet":"max-snippet:-1","max-image-preview":"max-image-preview:large","max-video-preview":"max-video-preview:-1"},"canonical":"https:\/\/vapingnet.de\/pl\/vape\/15000-zuege-voller-genuss-bang-king-digital-peach-ice-jetzt-entdecken\/","og_locale":"pl_PL","og_type":"article","og_title":"15000 Z\u00fcge voller Genuss Bang King Digital Peach Ice jetzt entdecken | Vapingnet.de","og_description":"Entdecke 15000 Z\u00fcge voller Genuss Bang King Digital Peach Ice jetzt entdecken bei vapingnet.de, \u25ba Gro\u00dfe Auswahl an Geschmacksrichtungen & super g\u00fcnstig!","og_url":"https:\/\/vapingnet.de\/pl\/vape\/15000-zuege-voller-genuss-bang-king-digital-peach-ice-jetzt-entdecken\/","og_site_name":"Vapingnet.de","article_publisher":"https:\/\/www.facebook.com\/vapingnetde\/","article_modified_time":"2025-06-19T03:40:08+00:00","og_image":[{"width":900,"height":600,"url":"https:\/\/vapingnet.de\/wp-content\/uploads\/2025\/03\/Peach-Ice-3.png","type":"image\/png"}],"twitter_card":"summary_large_image","twitter_misc":{"Est. reading time":"3 minutes"},"schema":{"@context":"https:\/\/schema.org","@graph":[{"@type":"WebPage","@id":"https:\/\/vapingnet.de\/vape\/15000-zuege-voller-genuss-bang-king-digital-peach-ice-jetzt-entdecken\/","url":"https:\/\/vapingnet.de\/vape\/15000-zuege-voller-genuss-bang-king-digital-peach-ice-jetzt-entdecken\/","name":"15000 Z\u00fcge voller Genuss Bang King Digital Peach Ice jetzt entdecken | Vapingnet.de","isPartOf":{"@id":"https:\/\/vapingnet.de\/#website"},"primaryImageOfPage":{"@id":"https:\/\/vapingnet.de\/vape\/15000-zuege-voller-genuss-bang-king-digital-peach-ice-jetzt-entdecken\/#primaryimage"},"image":{"@id":"https:\/\/vapingnet.de\/vape\/15000-zuege-voller-genuss-bang-king-digital-peach-ice-jetzt-entdecken\/#primaryimage"},"thumbnailUrl":"https:\/\/vapingnet.de\/wp-content\/uploads\/2025\/03\/Peach-Ice-3.png","datePublished":"2025-03-25T06:36:16+00:00","dateModified":"2025-06-19T03:40:08+00:00","description":"Entdecke 15000 Z\u00fcge voller Genuss Bang King Digital Peach Ice jetzt entdecken bei vapingnet.de, \u25ba Gro\u00dfe Auswahl an Geschmacksrichtungen & super g\u00fcnstig!","breadcrumb":{"@id":"https:\/\/vapingnet.de\/vape\/15000-zuege-voller-genuss-bang-king-digital-peach-ice-jetzt-entdecken\/#breadcrumb"},"inLanguage":"pl-PL","potentialAction":[{"@type":"ReadAction","target":["https:\/\/vapingnet.de\/vape\/15000-zuege-voller-genuss-bang-king-digital-peach-ice-jetzt-entdecken\/"]}]},{"@type":"ImageObject","inLanguage":"pl-PL","@id":"https:\/\/vapingnet.de\/vape\/15000-zuege-voller-genuss-bang-king-digital-peach-ice-jetzt-entdecken\/#primaryimage","url":"https:\/\/vapingnet.de\/wp-content\/uploads\/2025\/03\/Peach-Ice-3.png","contentUrl":"https:\/\/vapingnet.de\/wp-content\/uploads\/2025\/03\/Peach-Ice-3.png","width":900,"height":600,"caption":"Peach Ice"},{"@type":"BreadcrumbList","@id":"https:\/\/vapingnet.de\/vape\/15000-zuege-voller-genuss-bang-king-digital-peach-ice-jetzt-entdecken\/#breadcrumb","itemListElement":[{"@type":"ListItem","position":1,"name":"Home","item":"https:\/\/vapingnet.de\/"},{"@type":"ListItem","position":2,"name":"Shop","item":"https:\/\/vapingnet.de\/vape\/"},{"@type":"ListItem","position":3,"name":"15000 Z\u00fcge voller Genuss Bang King Digital Peach Ice jetzt entdecken"}]},{"@type":"WebSite","@id":"https:\/\/vapingnet.de\/#website","url":"https:\/\/vapingnet.de\/","name":"Vapingnet.de","description":"","publisher":{"@id":"https:\/\/vapingnet.de\/#organization"},"potentialAction":[{"@type":"SearchAction","target":{"@type":"EntryPoint","urlTemplate":"https:\/\/vapingnet.de\/?s={search_term_string}"},"query-input":{"@type":"PropertyValueSpecification","valueRequired":true,"valueName":"search_term_string"}}],"inLanguage":"pl-PL"},{"@type":"Organization","@id":"https:\/\/vapingnet.de\/#organization","name":"Vapingnet.de","url":"https:\/\/vapingnet.de\/","logo":{"@type":"ImageObject","inLanguage":"pl-PL","@id":"https:\/\/vapingnet.de\/#\/schema\/logo\/image\/","url":"https:\/\/vapingnet.de\/wp-content\/uploads\/2025\/03\/cropped-vapingnet.de_.jpg","contentUrl":"https:\/\/vapingnet.de\/wp-content\/uploads\/2025\/03\/cropped-vapingnet.de_.jpg","width":512,"height":512,"caption":"Vapingnet.de"},"image":{"@id":"https:\/\/vapingnet.de\/#\/schema\/logo\/image\/"},"sameAs":["https:\/\/www.facebook.com\/vapingnetde\/"]}]}},"tiered_pricing_type":"fixed","tiered_pricing_fixed_rules":{"10":"6.83","60":"6.15","110":"5.46","200":"4.78"},"tiered_pricing_product_settings":{"layout":"default","base_unit_name":{"singular":null,"plural":null},"default_variation":null},"tiered_pricing_minimum_quantity":null,"tiered_pricing_roles_data":[],"tiered_pricing_percentage_rules":[],"_links":{"self":[{"href":"https:\/\/vapingnet.de\/pl\/wp-json\/wp\/v2\/product\/5875","targetHints":{"allow":["GET"]}}],"collection":[{"href":"https:\/\/vapingnet.de\/pl\/wp-json\/wp\/v2\/product"}],"about":[{"href":"https:\/\/vapingnet.de\/pl\/wp-json\/wp\/v2\/types\/product"}],"version-history":[{"count":1,"href":"https:\/\/vapingnet.de\/pl\/wp-json\/wp\/v2\/product\/5875\/revisions"}],"predecessor-version":[{"id":5887,"href":"https:\/\/vapingnet.de\/pl\/wp-json\/wp\/v2\/product\/5875\/revisions\/5887"}],"wp:featuredmedia":[{"embeddable":true,"href":"https:\/\/vapingnet.de\/pl\/wp-json\/wp\/v2\/media\/5880"}],"wp:attachment":[{"href":"https:\/\/vapingnet.de\/pl\/wp-json\/wp\/v2\/media?parent=5875"}],"wp:term":[{"taxonomy":"brand","embeddable":true,"href":"https:\/\/vapingnet.de\/pl\/wp-json\/wp\/v2\/etheme_brands?post=5875"},{"taxonomy":"product_brand","embeddable":true,"href":"https:\/\/vapingnet.de\/pl\/wp-json\/wp\/v2\/product_brand?post=5875"},{"taxonomy":"product_cat","embeddable":true,"href":"https:\/\/vapingnet.de\/pl\/wp-json\/wp\/v2\/product_cat?post=5875"},{"taxonomy":"product_tag","embeddable":true,"href":"https:\/\/vapingnet.de\/pl\/wp-json\/wp\/v2\/product_tag?post=5875"}],"curies":[{"name":"wp","href":"https:\/\/api.w.org\/{rel}","templated":true}]}}