{"id":5889,"date":"2025-03-25T07:00:54","date_gmt":"2025-03-25T07:00:54","guid":{"rendered":"https:\/\/vapingnet.de\/?post_type=product&#038;p=5889"},"modified":"2025-06-19T03:40:07","modified_gmt":"2025-06-19T03:40:07","slug":"jetzt-im-angebot-sour-apple-raspberry-bang-king-digital-15000-puffs","status":"publish","type":"product","link":"https:\/\/vapingnet.de\/pl\/vape\/jetzt-im-angebot-sour-apple-raspberry-bang-king-digital-15000-puffs\/","title":{"rendered":"Teraz w promocji Sour Apple Raspberry Bang King Digital 15000 Puffs"},"content":{"rendered":"<h2 data-start=\"0\" data-end=\"84\">Bang King Digital 15000 Puffs \u2013 Ostateczne doznanie, d\u0142ugotrwa\u0142a przyjemno\u015b\u0107<\/h2>\n<p class=\"\" data-start=\"86\" data-end=\"530\">W \u015bwiecie e-papieros\u00f3w Bang King Digital 15000 Puffs to absolutny must-have. Dzi\u0119ki swojej ekstremalnej trwa\u0142o\u015bci i szerokiemu wyborowi pysznych smak\u00f3w szybko sta\u0142a si\u0119 ulubie\u0144cem wielu vapor\u00f3w. Ten e-papieros oferuje 15000 zaci\u0105gni\u0119\u0107, zapewniaj\u0105c d\u0142ugotrwa\u0142e i intensywne do\u015bwiadczenie vapowania, kt\u00f3re jest idealne zar\u00f3wno do codziennego u\u017cytku, jak i d\u0142ugich sesji vapowania.<\/p>\n<h4>Silna wydajno\u015b\u0107, d\u0142ugotrwa\u0142a wytrzyma\u0142o\u015b\u0107<\/h4>\n<ul data-start=\"575\" data-end=\"1151\">\n<li class=\"\" data-start=\"575\" data-end=\"781\">\n<p class=\"\" data-start=\"577\" data-end=\"781\">650mAh akumulator wielokrotnego \u0142adowania: Pot\u0119\u017cny akumulator, kt\u00f3ry wystarcza na do 15000 zaci\u0105gni\u0119\u0107, dzi\u0119ki czemu mo\u017cesz cieszy\u0107 si\u0119 nim przez ca\u0142y dzie\u0144 bez obaw o \u0142adowanie.<\/p>\n<\/li>\n<li class=\"\" data-start=\"782\" data-end=\"905\">\n<p class=\"\" data-start=\"784\" data-end=\"905\">Szybkie \u0142adowanie Type-C: Szybko na\u0142aduj swoje urz\u0105dzenie i b\u0105d\u017a gotowy do kontynuowania vapowania w ka\u017cdej chwili.<\/p>\n<\/li>\n<li class=\"\" data-start=\"906\" data-end=\"1020\">\n<p class=\"\" data-start=\"908\" data-end=\"1020\">Pojemno\u015b\u0107 liquidu 25ml: Wystarczaj\u0105ca ilo\u015b\u0107 liquidu na d\u0142ugi czas u\u017cytkowania, bez konieczno\u015bci ci\u0105g\u0142ego uzupe\u0142niania.<\/p>\n<\/li>\n<li class=\"\" data-start=\"1021\" data-end=\"1151\">\n<p class=\"\" data-start=\"1023\" data-end=\"1151\">RGB LED pod\u015bwietlenie: Ka\u017cde vapowanie towarzysz\u0105 spektakularne efekty \u015bwietlne, kt\u00f3re jeszcze bardziej podnosz\u0105 emocje.<\/p>\n<\/li>\n<\/ul>\n<h4>St\u0119\u017cenie nikotyny dla ka\u017cdego potrzebuj\u0105cego<\/h4>\n<p class=\"\" data-start=\"1195\" data-end=\"1331\">Niezale\u017cnie od tego, czy jeste\u015b pocz\u0105tkuj\u0105cym, czy do\u015bwiadczonym vaporem, Bang King Digital 15000 Puffs oferuje odpowiednie st\u0119\u017cenie nikotyny dla Ciebie:<\/p>\n<ul data-start=\"1332\" data-end=\"1755\">\n<li class=\"\" data-start=\"1332\" data-end=\"1462\">\n<p class=\"\" data-start=\"1334\" data-end=\"1462\">0% nikotyna: Idealna dla tych, kt\u00f3rzy ciesz\u0105 si\u0119 vapowaniem, ale nie potrzebuj\u0105 nikotyny. (dost\u0119pne tylko przy du\u017cych zam\u00f3wieniach)<\/p>\n<\/li>\n<li class=\"\" data-start=\"1463\" data-end=\"1559\">\n<p class=\"\" data-start=\"1465\" data-end=\"1559\">2% nikotyna: Do codziennego u\u017cytku, z \u0142agodnym i zr\u00f3wnowa\u017conym st\u0119\u017ceniem nikotyny.<\/p>\n<\/li>\n<li class=\"\" data-start=\"1560\" data-end=\"1678\">\n<p class=\"\" data-start=\"1562\" data-end=\"1678\">3% nikotyna: Dla tych, kt\u00f3rzy wol\u0105 mocniejszy efekt gard\u0142a. (dost\u0119pne tylko przy du\u017cych zam\u00f3wieniach)<\/p>\n<\/li>\n<li class=\"\" data-start=\"1679\" data-end=\"1755\">\n<p class=\"\" data-start=\"1681\" data-end=\"1755\">5% nikotyna: Dla vapor\u00f3w szukaj\u0105cych intensywniejszego do\u015bwiadczenia nikotynowego.<\/p>\n<\/li>\n<\/ul>\n<h4>Sour Apple Raspberry \u2013 Orze\u017awiaj\u0105ca rozkosz<\/h4>\n<p class=\"\" data-start=\"1816\" data-end=\"2132\">Smak Sour Apple Raspberry \u0142\u0105czy kwa\u015bno-s\u0142odk\u0105 \u015bwie\u017co\u015b\u0107 zielonego jab\u0142ka z orze\u017awiaj\u0105cym akcentem malin, oferuj\u0105c unikalne i od\u015bwie\u017caj\u0105ce doznanie smakowe. Ka\u017cde zaci\u0105gni\u0119cie to eksplozja owocowych aromat\u00f3w, kt\u00f3re rozpieszczaj\u0105 podniebienie i sprawiaj\u0105, \u017ce vapowanie jest jeszcze przyjemniejsze.<\/p>\n<h3>Cechy produktu<\/h3>\n<ul data-start=\"2161\" data-end=\"2462\">\n<li class=\"\" data-start=\"2161\" data-end=\"2264\">\n<p class=\"\" data-start=\"2163\" data-end=\"2264\">15000 zaci\u0105gni\u0119\u0107 \u2013 superd\u0142uga wytrzyma\u0142o\u015b\u0107 \u2013 Ciesz si\u0119 vapowaniem przez d\u0142u\u017cszy czas bez przerwy.<\/p>\n<\/li>\n<li class=\"\" data-start=\"2265\" data-end=\"2362\">\n<p class=\"\" data-start=\"2267\" data-end=\"2362\">Brak op\u0142at celnych \u2013 Nie p\u0142acisz dodatkowych op\u0142at celnych, co u\u0142atwia proces zakupu.<\/p>\n<\/li>\n<li class=\"\" data-start=\"2363\" data-end=\"2462\">\n<p class=\"\" data-start=\"2365\" data-end=\"2462\">Jednorazowy design \u2013 \u0141atwy w u\u017cyciu, bez konieczno\u015bci konserwacji czy uzupe\u0142niania liquidu.<\/p>\n<\/li>\n<\/ul>\n<h4>Kup teraz i ciesz si\u0119 niezr\u00f3wnanym do\u015bwiadczeniem vapowania<\/h4>\n<p class=\"\" data-start=\"2537\" data-end=\"2803\">Chcesz do\u015bwiadczy\u0107 idealnego po\u0142\u0105czenia d\u0142ugiej \u017cywotno\u015bci i unikalnego smaku? Odwied\u017a vapingnet.de i zam\u00f3w ju\u017c dzi\u015b swojego Bang King Digital 15000 Puffs, aby podnie\u015b\u0107 swoje vapowanie na wy\u017cszy poziom!<\/p>","protected":false},"excerpt":{"rendered":"<p>Bang King Digital 15000 Puffs \u2013 Najwy\u017csze do\u015bwiadczenie, d\u0142ugotrwa\u0142a przyjemno\u015b\u0107. W \u015bwiecie e-papieros\u00f3w Bang King Digital 15000 Puffs to absolutny must-have....<\/p>","protected":false},"featured_media":5899,"template":"","meta":[],"etheme_brands":[],"product_brand":[101],"product_cat":[53,49,61],"product_tag":[],"class_list":{"0":"post-5889","1":"product","2":"type-product","3":"status-publish","4":"has-post-thumbnail","6":"product_brand-bang-king-vape","7":"product_cat-vape-15000-zuege","8":"product_cat-einweg-e-zigarette","9":"product_cat-f","11":"first","12":"instock","13":"shipping-taxable","14":"purchasable","15":"product-type-simple"},"yoast_head":"<!-- This site is optimized with the Yoast SEO plugin v26.5 - https:\/\/yoast.com\/wordpress\/plugins\/seo\/ -->\n<title>Jetzt im Angebot Sour Apple Raspberry Bang King Digital 15000 Puffs | Vapingnet.de<\/title>\n<meta name=\"description\" content=\"Entdecke Jetzt im Angebot Sour Apple Raspberry Bang King Digital 15000 Puffs bei vapingnet.de, \u25ba Gro\u00dfe Auswahl an Geschmacksrichtungen &amp; super g\u00fcnstig!\" \/>\n<meta name=\"robots\" content=\"index, follow, max-snippet:-1, max-image-preview:large, max-video-preview:-1\" \/>\n<link rel=\"canonical\" href=\"https:\/\/vapingnet.de\/pl\/vape\/jetzt-im-angebot-sour-apple-raspberry-bang-king-digital-15000-puffs\/\" \/>\n<meta property=\"og:locale\" content=\"pl_PL\" \/>\n<meta property=\"og:type\" content=\"article\" \/>\n<meta property=\"og:title\" content=\"Jetzt im Angebot Sour Apple Raspberry Bang King Digital 15000 Puffs | Vapingnet.de\" \/>\n<meta property=\"og:description\" content=\"Entdecke Jetzt im Angebot Sour Apple Raspberry Bang King Digital 15000 Puffs bei vapingnet.de, \u25ba Gro\u00dfe Auswahl an Geschmacksrichtungen &amp; super g\u00fcnstig!\" \/>\n<meta property=\"og:url\" content=\"https:\/\/vapingnet.de\/pl\/vape\/jetzt-im-angebot-sour-apple-raspberry-bang-king-digital-15000-puffs\/\" \/>\n<meta property=\"og:site_name\" content=\"Vapingnet.de\" \/>\n<meta property=\"article:publisher\" content=\"https:\/\/www.facebook.com\/vapingnetde\/\" \/>\n<meta property=\"article:modified_time\" content=\"2025-06-19T03:40:07+00:00\" \/>\n<meta property=\"og:image\" content=\"https:\/\/vapingnet.de\/wp-content\/uploads\/2025\/03\/Sour-APPLE-Raspberry.png\" \/>\n\t<meta property=\"og:image:width\" content=\"900\" \/>\n\t<meta property=\"og:image:height\" content=\"600\" \/>\n\t<meta property=\"og:image:type\" content=\"image\/png\" \/>\n<meta name=\"twitter:card\" content=\"summary_large_image\" \/>\n<meta name=\"twitter:label1\" content=\"Est. reading time\" \/>\n\t<meta name=\"twitter:data1\" content=\"3 minutes\" \/>\n<script type=\"application\/ld+json\" class=\"yoast-schema-graph\">{\"@context\":\"https:\/\/schema.org\",\"@graph\":[{\"@type\":\"WebPage\",\"@id\":\"https:\/\/vapingnet.de\/vape\/jetzt-im-angebot-sour-apple-raspberry-bang-king-digital-15000-puffs\/\",\"url\":\"https:\/\/vapingnet.de\/vape\/jetzt-im-angebot-sour-apple-raspberry-bang-king-digital-15000-puffs\/\",\"name\":\"Jetzt im Angebot Sour Apple Raspberry Bang King Digital 15000 Puffs | Vapingnet.de\",\"isPartOf\":{\"@id\":\"https:\/\/vapingnet.de\/#website\"},\"primaryImageOfPage\":{\"@id\":\"https:\/\/vapingnet.de\/vape\/jetzt-im-angebot-sour-apple-raspberry-bang-king-digital-15000-puffs\/#primaryimage\"},\"image\":{\"@id\":\"https:\/\/vapingnet.de\/vape\/jetzt-im-angebot-sour-apple-raspberry-bang-king-digital-15000-puffs\/#primaryimage\"},\"thumbnailUrl\":\"https:\/\/vapingnet.de\/wp-content\/uploads\/2025\/03\/Sour-APPLE-Raspberry.png\",\"datePublished\":\"2025-03-25T07:00:54+00:00\",\"dateModified\":\"2025-06-19T03:40:07+00:00\",\"description\":\"Entdecke Jetzt im Angebot Sour Apple Raspberry Bang King Digital 15000 Puffs bei vapingnet.de, \u25ba Gro\u00dfe Auswahl an Geschmacksrichtungen & super g\u00fcnstig!\",\"breadcrumb\":{\"@id\":\"https:\/\/vapingnet.de\/vape\/jetzt-im-angebot-sour-apple-raspberry-bang-king-digital-15000-puffs\/#breadcrumb\"},\"inLanguage\":\"pl-PL\",\"potentialAction\":[{\"@type\":\"ReadAction\",\"target\":[\"https:\/\/vapingnet.de\/vape\/jetzt-im-angebot-sour-apple-raspberry-bang-king-digital-15000-puffs\/\"]}]},{\"@type\":\"ImageObject\",\"inLanguage\":\"pl-PL\",\"@id\":\"https:\/\/vapingnet.de\/vape\/jetzt-im-angebot-sour-apple-raspberry-bang-king-digital-15000-puffs\/#primaryimage\",\"url\":\"https:\/\/vapingnet.de\/wp-content\/uploads\/2025\/03\/Sour-APPLE-Raspberry.png\",\"contentUrl\":\"https:\/\/vapingnet.de\/wp-content\/uploads\/2025\/03\/Sour-APPLE-Raspberry.png\",\"width\":900,\"height\":600,\"caption\":\"Sour Apple Raspberry\"},{\"@type\":\"BreadcrumbList\",\"@id\":\"https:\/\/vapingnet.de\/vape\/jetzt-im-angebot-sour-apple-raspberry-bang-king-digital-15000-puffs\/#breadcrumb\",\"itemListElement\":[{\"@type\":\"ListItem\",\"position\":1,\"name\":\"Home\",\"item\":\"https:\/\/vapingnet.de\/\"},{\"@type\":\"ListItem\",\"position\":2,\"name\":\"Shop\",\"item\":\"https:\/\/vapingnet.de\/vape\/\"},{\"@type\":\"ListItem\",\"position\":3,\"name\":\"Jetzt im Angebot Sour Apple Raspberry Bang King Digital 15000 Puffs\"}]},{\"@type\":\"WebSite\",\"@id\":\"https:\/\/vapingnet.de\/#website\",\"url\":\"https:\/\/vapingnet.de\/\",\"name\":\"Vapingnet.de\",\"description\":\"\",\"publisher\":{\"@id\":\"https:\/\/vapingnet.de\/#organization\"},\"potentialAction\":[{\"@type\":\"SearchAction\",\"target\":{\"@type\":\"EntryPoint\",\"urlTemplate\":\"https:\/\/vapingnet.de\/?s={search_term_string}\"},\"query-input\":{\"@type\":\"PropertyValueSpecification\",\"valueRequired\":true,\"valueName\":\"search_term_string\"}}],\"inLanguage\":\"pl-PL\"},{\"@type\":\"Organization\",\"@id\":\"https:\/\/vapingnet.de\/#organization\",\"name\":\"Vapingnet.de\",\"url\":\"https:\/\/vapingnet.de\/\",\"logo\":{\"@type\":\"ImageObject\",\"inLanguage\":\"pl-PL\",\"@id\":\"https:\/\/vapingnet.de\/#\/schema\/logo\/image\/\",\"url\":\"https:\/\/vapingnet.de\/wp-content\/uploads\/2025\/03\/cropped-vapingnet.de_.jpg\",\"contentUrl\":\"https:\/\/vapingnet.de\/wp-content\/uploads\/2025\/03\/cropped-vapingnet.de_.jpg\",\"width\":512,\"height\":512,\"caption\":\"Vapingnet.de\"},\"image\":{\"@id\":\"https:\/\/vapingnet.de\/#\/schema\/logo\/image\/\"},\"sameAs\":[\"https:\/\/www.facebook.com\/vapingnetde\/\"]}]}<\/script>\n<!-- \/ Yoast SEO plugin. -->","yoast_head_json":{"title":"Jetzt im Angebot Sour Apple Raspberry Bang King Digital 15000 Puffs | Vapingnet.de","description":"Entdecke Jetzt im Angebot Sour Apple Raspberry Bang King Digital 15000 Puffs bei vapingnet.de, \u25ba Gro\u00dfe Auswahl an Geschmacksrichtungen & super g\u00fcnstig!","robots":{"index":"index","follow":"follow","max-snippet":"max-snippet:-1","max-image-preview":"max-image-preview:large","max-video-preview":"max-video-preview:-1"},"canonical":"https:\/\/vapingnet.de\/pl\/vape\/jetzt-im-angebot-sour-apple-raspberry-bang-king-digital-15000-puffs\/","og_locale":"pl_PL","og_type":"article","og_title":"Jetzt im Angebot Sour Apple Raspberry Bang King Digital 15000 Puffs | Vapingnet.de","og_description":"Entdecke Jetzt im Angebot Sour Apple Raspberry Bang King Digital 15000 Puffs bei vapingnet.de, \u25ba Gro\u00dfe Auswahl an Geschmacksrichtungen & super g\u00fcnstig!","og_url":"https:\/\/vapingnet.de\/pl\/vape\/jetzt-im-angebot-sour-apple-raspberry-bang-king-digital-15000-puffs\/","og_site_name":"Vapingnet.de","article_publisher":"https:\/\/www.facebook.com\/vapingnetde\/","article_modified_time":"2025-06-19T03:40:07+00:00","og_image":[{"width":900,"height":600,"url":"https:\/\/vapingnet.de\/wp-content\/uploads\/2025\/03\/Sour-APPLE-Raspberry.png","type":"image\/png"}],"twitter_card":"summary_large_image","twitter_misc":{"Est. reading time":"3 minutes"},"schema":{"@context":"https:\/\/schema.org","@graph":[{"@type":"WebPage","@id":"https:\/\/vapingnet.de\/vape\/jetzt-im-angebot-sour-apple-raspberry-bang-king-digital-15000-puffs\/","url":"https:\/\/vapingnet.de\/vape\/jetzt-im-angebot-sour-apple-raspberry-bang-king-digital-15000-puffs\/","name":"Jetzt im Angebot Sour Apple Raspberry Bang King Digital 15000 Puffs | Vapingnet.de","isPartOf":{"@id":"https:\/\/vapingnet.de\/#website"},"primaryImageOfPage":{"@id":"https:\/\/vapingnet.de\/vape\/jetzt-im-angebot-sour-apple-raspberry-bang-king-digital-15000-puffs\/#primaryimage"},"image":{"@id":"https:\/\/vapingnet.de\/vape\/jetzt-im-angebot-sour-apple-raspberry-bang-king-digital-15000-puffs\/#primaryimage"},"thumbnailUrl":"https:\/\/vapingnet.de\/wp-content\/uploads\/2025\/03\/Sour-APPLE-Raspberry.png","datePublished":"2025-03-25T07:00:54+00:00","dateModified":"2025-06-19T03:40:07+00:00","description":"Entdecke Jetzt im Angebot Sour Apple Raspberry Bang King Digital 15000 Puffs bei vapingnet.de, \u25ba Gro\u00dfe Auswahl an Geschmacksrichtungen & super g\u00fcnstig!","breadcrumb":{"@id":"https:\/\/vapingnet.de\/vape\/jetzt-im-angebot-sour-apple-raspberry-bang-king-digital-15000-puffs\/#breadcrumb"},"inLanguage":"pl-PL","potentialAction":[{"@type":"ReadAction","target":["https:\/\/vapingnet.de\/vape\/jetzt-im-angebot-sour-apple-raspberry-bang-king-digital-15000-puffs\/"]}]},{"@type":"ImageObject","inLanguage":"pl-PL","@id":"https:\/\/vapingnet.de\/vape\/jetzt-im-angebot-sour-apple-raspberry-bang-king-digital-15000-puffs\/#primaryimage","url":"https:\/\/vapingnet.de\/wp-content\/uploads\/2025\/03\/Sour-APPLE-Raspberry.png","contentUrl":"https:\/\/vapingnet.de\/wp-content\/uploads\/2025\/03\/Sour-APPLE-Raspberry.png","width":900,"height":600,"caption":"Sour Apple Raspberry"},{"@type":"BreadcrumbList","@id":"https:\/\/vapingnet.de\/vape\/jetzt-im-angebot-sour-apple-raspberry-bang-king-digital-15000-puffs\/#breadcrumb","itemListElement":[{"@type":"ListItem","position":1,"name":"Home","item":"https:\/\/vapingnet.de\/"},{"@type":"ListItem","position":2,"name":"Shop","item":"https:\/\/vapingnet.de\/vape\/"},{"@type":"ListItem","position":3,"name":"Jetzt im Angebot Sour Apple Raspberry Bang King Digital 15000 Puffs"}]},{"@type":"WebSite","@id":"https:\/\/vapingnet.de\/#website","url":"https:\/\/vapingnet.de\/","name":"Vapingnet.de","description":"","publisher":{"@id":"https:\/\/vapingnet.de\/#organization"},"potentialAction":[{"@type":"SearchAction","target":{"@type":"EntryPoint","urlTemplate":"https:\/\/vapingnet.de\/?s={search_term_string}"},"query-input":{"@type":"PropertyValueSpecification","valueRequired":true,"valueName":"search_term_string"}}],"inLanguage":"pl-PL"},{"@type":"Organization","@id":"https:\/\/vapingnet.de\/#organization","name":"Vapingnet.de","url":"https:\/\/vapingnet.de\/","logo":{"@type":"ImageObject","inLanguage":"pl-PL","@id":"https:\/\/vapingnet.de\/#\/schema\/logo\/image\/","url":"https:\/\/vapingnet.de\/wp-content\/uploads\/2025\/03\/cropped-vapingnet.de_.jpg","contentUrl":"https:\/\/vapingnet.de\/wp-content\/uploads\/2025\/03\/cropped-vapingnet.de_.jpg","width":512,"height":512,"caption":"Vapingnet.de"},"image":{"@id":"https:\/\/vapingnet.de\/#\/schema\/logo\/image\/"},"sameAs":["https:\/\/www.facebook.com\/vapingnetde\/"]}]}},"tiered_pricing_type":"fixed","tiered_pricing_fixed_rules":{"10":"6.83","60":"6.15","110":"5.46","200":"4.78"},"tiered_pricing_product_settings":{"layout":"default","base_unit_name":{"singular":null,"plural":null},"default_variation":null},"tiered_pricing_minimum_quantity":null,"tiered_pricing_roles_data":[],"tiered_pricing_percentage_rules":[],"_links":{"self":[{"href":"https:\/\/vapingnet.de\/pl\/wp-json\/wp\/v2\/product\/5889","targetHints":{"allow":["GET"]}}],"collection":[{"href":"https:\/\/vapingnet.de\/pl\/wp-json\/wp\/v2\/product"}],"about":[{"href":"https:\/\/vapingnet.de\/pl\/wp-json\/wp\/v2\/types\/product"}],"version-history":[{"count":1,"href":"https:\/\/vapingnet.de\/pl\/wp-json\/wp\/v2\/product\/5889\/revisions"}],"predecessor-version":[{"id":5907,"href":"https:\/\/vapingnet.de\/pl\/wp-json\/wp\/v2\/product\/5889\/revisions\/5907"}],"wp:featuredmedia":[{"embeddable":true,"href":"https:\/\/vapingnet.de\/pl\/wp-json\/wp\/v2\/media\/5899"}],"wp:attachment":[{"href":"https:\/\/vapingnet.de\/pl\/wp-json\/wp\/v2\/media?parent=5889"}],"wp:term":[{"taxonomy":"brand","embeddable":true,"href":"https:\/\/vapingnet.de\/pl\/wp-json\/wp\/v2\/etheme_brands?post=5889"},{"taxonomy":"product_brand","embeddable":true,"href":"https:\/\/vapingnet.de\/pl\/wp-json\/wp\/v2\/product_brand?post=5889"},{"taxonomy":"product_cat","embeddable":true,"href":"https:\/\/vapingnet.de\/pl\/wp-json\/wp\/v2\/product_cat?post=5889"},{"taxonomy":"product_tag","embeddable":true,"href":"https:\/\/vapingnet.de\/pl\/wp-json\/wp\/v2\/product_tag?post=5889"}],"curies":[{"name":"wp","href":"https:\/\/api.w.org\/{rel}","templated":true}]}}