{"id":5890,"date":"2025-03-25T07:00:56","date_gmt":"2025-03-25T07:00:56","guid":{"rendered":"https:\/\/vapingnet.de\/?post_type=product&#038;p=5890"},"modified":"2025-06-19T03:40:07","modified_gmt":"2025-06-19T03:40:07","slug":"langanhaltender-genuss-mit-bang-king-digital-15000-puffs-watermelon-bubblegum","status":"publish","type":"product","link":"https:\/\/vapingnet.de\/pl\/vape\/langanhaltender-genuss-mit-bang-king-digital-15000-puffs-watermelon-bubblegum\/","title":{"rendered":"D\u0142ugotrwa\u0142a przyjemno\u015b\u0107 z Bang King Digital 15000 Puffs Watermelon Bubblegum"},"content":{"rendered":"<h2 data-start=\"0\" data-end=\"111\">Bang King Digital 15000 Puffs \u2013 Smak arbuzowego gumy balonowej dla s\u0142odkiego i intensywnego do\u015bwiadczenia vapowania<\/h2>\n<p class=\"\" data-start=\"113\" data-end=\"418\">Je\u015bli szukasz trwa\u0142ej, intensywnej w smaku i stylowej e-papierosa, to Bang King Digital 15000 Puffs jest w\u0142a\u015bnie dla Ciebie! Odkryjmy unikalne cechy tego e-papierosa, kt\u00f3re zapewni\u0105 Ci niezapomniane do\u015bwiadczenie vapowania.<\/p>\n<p>Niesko\u0144czone d\u0142ugie u\u017cytkowanie z 15000 zaci\u0105gni\u0119ciami<\/p>\n<p>Bang King Digital 15000 Puffs oferuje 15000 zaci\u0105gni\u0119\u0107, dzi\u0119ki czemu mo\u017cesz cieszy\u0107 si\u0119 nim przez d\u0142ugi czas, nie martwi\u0105c si\u0119 o cz\u0119ste \u0142adowanie lub zmian\u0119 urz\u0105dzenia. Ka\u017cde vapowanie to prze\u017cycie, kt\u00f3rego nie zapomnisz szybko!<\/p>\n<p>Szybkie \u0142adowanie z mocnym akumulatorem<\/p>\n<p>Wyposa\u017cony w akumulator 650mAh, kt\u00f3ry mo\u017cna szybko na\u0142adowa\u0107 przez port Typ-C, ten e-papieros zapewnia szybki czas \u0142adowania i d\u0142ugotrwa\u0142e u\u017cytkowanie. Niezale\u017cnie od tego, czy u\u017cywasz go na co dzie\u0144, czy podczas podr\u00f3\u017cy \u2013 szybkie \u0142adowanie sprawia, \u017ce jeste\u015b gotowy do vapowania w ka\u017cdej chwili.<\/p>\n<p>Smak arbuzowej gumy balonowej \u2013 s\u0142odki i orze\u017awiaj\u0105cy<\/p>\n<p>Smak arbuzowej gumy balonowej to idealne po\u0142\u0105czenie owocowego arbuza i s\u0142odkiego, nostalgicznemu smakowi gumy do \u017cucia. Ka\u017cde zaci\u0105gni\u0119cie przynosi s\u0142odki, orze\u017awiaj\u0105cy smak, kt\u00f3ry przypomni Ci dzieci\u0144stwo \u2013 po prostu pyszne!<\/p>\n<p>Efekty \u015bwietlne RGB dla stylowego designu<\/p>\n<p>Dzi\u0119ki efektom \u015bwietlnym RGB ka\u017cde vapowanie staje si\u0119 wizualnym prze\u017cyciem. E-papieros \u015bwieci r\u00f3\u017cnymi kolorami, czyni\u0105c vapowanie jeszcze bardziej ekscytuj\u0105cym. Jest nie tylko funkcjonalny, ale tak\u017ce przyci\u0105ga wzrok, gwarantuj\u0105c, \u017ce zwr\u00f3ci na siebie uwag\u0119.<\/p>\n<p>Du\u017ca pojemno\u015b\u0107 liquidu dla d\u0142ugotrwa\u0142ej przyjemno\u015bci<\/p>\n<p>Z pojemno\u015bci\u0105 25ml e-liquid, nie musisz si\u0119 martwi\u0107 o cz\u0119ste uzupe\u0142nianie. Mo\u017cesz cieszy\u0107 si\u0119 wieloma zaci\u0105gni\u0119ciami bez konieczno\u015bci ci\u0105g\u0142ego uzupe\u0142niania liquidu. Smak pozostaje zawsze intensywny i przyjemny.<\/p>\n<p>Lekki i przeno\u015bny \u2013 idealny na podr\u00f3\u017ce<\/p>\n<p>Z wag\u0105 zaledwie 90g Bang King Digital 15000 Puffs jest superlekki i kompaktowy. Bez problemu zmie\u015bci si\u0119 w Twojej torbie lub plecaku i jest idealny na wycieczki. Ciesz si\u0119 swoim do\u015bwiadczeniem vapowania wsz\u0119dzie i o ka\u017cdej porze.<\/p>\n<p>R\u00f3\u017cne poziomy nikotyny dla ka\u017cdego gustu<\/p>\n<p>Bang King Digital 15000 Puffs dost\u0119pny jest w poziomach nikotyny 0%, 2%, 3%, 5%. Mo\u017cesz wybra\u0107 ten, kt\u00f3ry jest dla Ciebie idealny. Je\u015bli preferujesz koncentracje 0% lub 3%, oferujemy mo\u017cliwo\u015b\u0107 zam\u00f3wienia ich w wi\u0119kszych ilo\u015bciach, aby\u015b m\u00f3g\u0142 je szybko i wygodnie otrzyma\u0107.<\/p>\n<p>Bez c\u0142a i wysy\u0142ka na ca\u0142y \u015bwiat za darmo<\/p>\n<p>Przy zakupie powy\u017cej vapingnet.de nie ponosisz op\u0142at celnych, a wysy\u0142ka jest szybka i niezawodna. Niezale\u017cnie od tego, gdzie si\u0119 znajdujesz, dostarczymy Ci e-papieros bez dodatkowych koszt\u00f3w prosto do domu.<\/p>\n<h3>Dlaczego warto wybra\u0107 Bang King Digital 15000 Puffs?<\/h3>\n<ul data-start=\"3053\" data-end=\"3606\">\n<li class=\"\" data-start=\"3053\" data-end=\"3126\">\n<p class=\"\" data-start=\"3055\" data-end=\"3126\">15000 zaci\u0105gni\u0119\u0107 \u2013 Brak konieczno\u015bci cz\u0119stego uzupe\u0142niania, po prostu d\u0142ugie korzystanie!<\/p>\n<\/li>\n<li class=\"\" data-start=\"3127\" data-end=\"3227\">\n<p class=\"\" data-start=\"3129\" data-end=\"3227\">Smak arbuzowej gumy balonowej \u2013 s\u0142odki i orze\u017awiaj\u0105cy, dla niezapomnianego do\u015bwiadczenia vapowania.<\/p>\n<\/li>\n<li class=\"\" data-start=\"3228\" data-end=\"3309\">\n<p class=\"\" data-start=\"3230\" data-end=\"3309\">Efekty \u015bwietlne RGB \u2013 Nadaj\u0105 Twojemu e-papierosowi nowoczesny, stylowy wygl\u0105d.<\/p>\n<\/li>\n<li class=\"\" data-start=\"3310\" data-end=\"3390\">\n<p class=\"\" data-start=\"3312\" data-end=\"3390\">25ml Liquidu \u2013 Du\u017ca pojemno\u015b\u0107 na d\u0142ugotrwa\u0142\u0105 przyjemno\u015b\u0107 bez konieczno\u015bci uzupe\u0142niania.<\/p>\n<\/li>\n<li class=\"\" data-start=\"3391\" data-end=\"3456\">\n<p class=\"\" data-start=\"3393\" data-end=\"3456\">Lekki i przeno\u015bny \u2013 Zaledwie 90g, idealny na podr\u00f3\u017c.<\/p>\n<\/li>\n<li class=\"\" data-start=\"3457\" data-end=\"3531\">\n<p class=\"\" data-start=\"3459\" data-end=\"3531\">R\u00f3\u017cne poziomy nikotyny \u2013 Dla ka\u017cdego odpowiednia moc.<\/p>\n<\/li>\n<li class=\"\" data-start=\"3532\" data-end=\"3606\">\n<p class=\"\" data-start=\"3534\" data-end=\"3606\">Bez c\u0142a \u2013 Brak problem\u00f3w z op\u0142atami celnymi, szybka dostawa na ca\u0142y \u015bwiat.<\/p>\n<\/li>\n<\/ul>\n<h4 data-start=\"3608\" data-end=\"3695\">Zam\u00f3w teraz na vapingnet.de i do\u015bwiadcz Bang King Digital 15000 Puffs!<\/h4>\n<p class=\"\" data-start=\"3697\" data-end=\"3991\">Na co czekasz? Odwied\u017a vapingnet.de i zdob\u0105d\u017a dzi\u015b Bang King Digital 15000 Puffs. Ciesz si\u0119 pysznym smakiem Watermelon Bubblegum, do\u015bwiadcz d\u0142ugich zaci\u0105gni\u0119\u0107 i efekt\u00f3w \u015bwietlnych RGB \u2013 Twoje idealne do\u015bwiadczenie vapingowe czeka na Ciebie!<\/p>","protected":false},"excerpt":{"rendered":"<p>Bang King Digital 15000 Puffs \u2013 Smak Watermelon Bubblegum dla s\u0142odkiego i intensywnego do\u015bwiadczenia wapowania. Je\u015bli szukasz trwa\u0142ego, intensywnego smakowo...<\/p>","protected":false},"featured_media":5900,"template":"","meta":[],"etheme_brands":[],"product_brand":[101],"product_cat":[53,49,61],"product_tag":[],"class_list":{"0":"post-5890","1":"product","2":"type-product","3":"status-publish","4":"has-post-thumbnail","6":"product_brand-bang-king-vape","7":"product_cat-vape-15000-zuege","8":"product_cat-einweg-e-zigarette","9":"product_cat-f","11":"first","12":"instock","13":"shipping-taxable","14":"purchasable","15":"product-type-simple"},"yoast_head":"<!-- This site is optimized with the Yoast SEO plugin v26.5 - https:\/\/yoast.com\/wordpress\/plugins\/seo\/ -->\n<title>Langanhaltender Genuss mit Bang King Digital 15000 Puffs Watermelon Bubblegum | Vapingnet.de<\/title>\n<meta name=\"description\" content=\"Entdecke Langanhaltender Genuss mit Bang King Digital 15000 Puffs Watermelon Bubblegum bei vapingnet.de, \u25ba Gro\u00dfe Auswahl an Geschmacksrichtungen &amp; super g\u00fcnstig!\" \/>\n<meta name=\"robots\" content=\"index, follow, max-snippet:-1, max-image-preview:large, max-video-preview:-1\" \/>\n<link rel=\"canonical\" href=\"https:\/\/vapingnet.de\/pl\/vape\/langanhaltender-genuss-mit-bang-king-digital-15000-puffs-watermelon-bubblegum\/\" \/>\n<meta property=\"og:locale\" content=\"pl_PL\" \/>\n<meta property=\"og:type\" content=\"article\" \/>\n<meta property=\"og:title\" content=\"Langanhaltender Genuss mit Bang King Digital 15000 Puffs Watermelon Bubblegum | Vapingnet.de\" \/>\n<meta property=\"og:description\" content=\"Entdecke Langanhaltender Genuss mit Bang King Digital 15000 Puffs Watermelon Bubblegum bei vapingnet.de, \u25ba Gro\u00dfe Auswahl an Geschmacksrichtungen &amp; super g\u00fcnstig!\" \/>\n<meta property=\"og:url\" content=\"https:\/\/vapingnet.de\/pl\/vape\/langanhaltender-genuss-mit-bang-king-digital-15000-puffs-watermelon-bubblegum\/\" \/>\n<meta property=\"og:site_name\" content=\"Vapingnet.de\" \/>\n<meta property=\"article:publisher\" content=\"https:\/\/www.facebook.com\/vapingnetde\/\" \/>\n<meta property=\"article:modified_time\" content=\"2025-06-19T03:40:07+00:00\" \/>\n<meta property=\"og:image\" content=\"https:\/\/vapingnet.de\/wp-content\/uploads\/2025\/03\/Watermelon-BubbleGum-2.png\" \/>\n\t<meta property=\"og:image:width\" content=\"900\" \/>\n\t<meta property=\"og:image:height\" content=\"600\" \/>\n\t<meta property=\"og:image:type\" content=\"image\/png\" \/>\n<meta name=\"twitter:card\" content=\"summary_large_image\" \/>\n<meta name=\"twitter:label1\" content=\"Est. reading time\" \/>\n\t<meta name=\"twitter:data1\" content=\"4 minutes\" \/>\n<script type=\"application\/ld+json\" class=\"yoast-schema-graph\">{\"@context\":\"https:\/\/schema.org\",\"@graph\":[{\"@type\":\"WebPage\",\"@id\":\"https:\/\/vapingnet.de\/vape\/langanhaltender-genuss-mit-bang-king-digital-15000-puffs-watermelon-bubblegum\/\",\"url\":\"https:\/\/vapingnet.de\/vape\/langanhaltender-genuss-mit-bang-king-digital-15000-puffs-watermelon-bubblegum\/\",\"name\":\"Langanhaltender Genuss mit Bang King Digital 15000 Puffs Watermelon Bubblegum | Vapingnet.de\",\"isPartOf\":{\"@id\":\"https:\/\/vapingnet.de\/#website\"},\"primaryImageOfPage\":{\"@id\":\"https:\/\/vapingnet.de\/vape\/langanhaltender-genuss-mit-bang-king-digital-15000-puffs-watermelon-bubblegum\/#primaryimage\"},\"image\":{\"@id\":\"https:\/\/vapingnet.de\/vape\/langanhaltender-genuss-mit-bang-king-digital-15000-puffs-watermelon-bubblegum\/#primaryimage\"},\"thumbnailUrl\":\"https:\/\/vapingnet.de\/wp-content\/uploads\/2025\/03\/Watermelon-BubbleGum-2.png\",\"datePublished\":\"2025-03-25T07:00:56+00:00\",\"dateModified\":\"2025-06-19T03:40:07+00:00\",\"description\":\"Entdecke Langanhaltender Genuss mit Bang King Digital 15000 Puffs Watermelon Bubblegum bei vapingnet.de, \u25ba Gro\u00dfe Auswahl an Geschmacksrichtungen & super g\u00fcnstig!\",\"breadcrumb\":{\"@id\":\"https:\/\/vapingnet.de\/vape\/langanhaltender-genuss-mit-bang-king-digital-15000-puffs-watermelon-bubblegum\/#breadcrumb\"},\"inLanguage\":\"pl-PL\",\"potentialAction\":[{\"@type\":\"ReadAction\",\"target\":[\"https:\/\/vapingnet.de\/vape\/langanhaltender-genuss-mit-bang-king-digital-15000-puffs-watermelon-bubblegum\/\"]}]},{\"@type\":\"ImageObject\",\"inLanguage\":\"pl-PL\",\"@id\":\"https:\/\/vapingnet.de\/vape\/langanhaltender-genuss-mit-bang-king-digital-15000-puffs-watermelon-bubblegum\/#primaryimage\",\"url\":\"https:\/\/vapingnet.de\/wp-content\/uploads\/2025\/03\/Watermelon-BubbleGum-2.png\",\"contentUrl\":\"https:\/\/vapingnet.de\/wp-content\/uploads\/2025\/03\/Watermelon-BubbleGum-2.png\",\"width\":900,\"height\":600,\"caption\":\"Watermelon Bubblegum\"},{\"@type\":\"BreadcrumbList\",\"@id\":\"https:\/\/vapingnet.de\/vape\/langanhaltender-genuss-mit-bang-king-digital-15000-puffs-watermelon-bubblegum\/#breadcrumb\",\"itemListElement\":[{\"@type\":\"ListItem\",\"position\":1,\"name\":\"Home\",\"item\":\"https:\/\/vapingnet.de\/\"},{\"@type\":\"ListItem\",\"position\":2,\"name\":\"Shop\",\"item\":\"https:\/\/vapingnet.de\/vape\/\"},{\"@type\":\"ListItem\",\"position\":3,\"name\":\"Langanhaltender Genuss mit Bang King Digital 15000 Puffs Watermelon Bubblegum\"}]},{\"@type\":\"WebSite\",\"@id\":\"https:\/\/vapingnet.de\/#website\",\"url\":\"https:\/\/vapingnet.de\/\",\"name\":\"Vapingnet.de\",\"description\":\"\",\"publisher\":{\"@id\":\"https:\/\/vapingnet.de\/#organization\"},\"potentialAction\":[{\"@type\":\"SearchAction\",\"target\":{\"@type\":\"EntryPoint\",\"urlTemplate\":\"https:\/\/vapingnet.de\/?s={search_term_string}\"},\"query-input\":{\"@type\":\"PropertyValueSpecification\",\"valueRequired\":true,\"valueName\":\"search_term_string\"}}],\"inLanguage\":\"pl-PL\"},{\"@type\":\"Organization\",\"@id\":\"https:\/\/vapingnet.de\/#organization\",\"name\":\"Vapingnet.de\",\"url\":\"https:\/\/vapingnet.de\/\",\"logo\":{\"@type\":\"ImageObject\",\"inLanguage\":\"pl-PL\",\"@id\":\"https:\/\/vapingnet.de\/#\/schema\/logo\/image\/\",\"url\":\"https:\/\/vapingnet.de\/wp-content\/uploads\/2025\/03\/cropped-vapingnet.de_.jpg\",\"contentUrl\":\"https:\/\/vapingnet.de\/wp-content\/uploads\/2025\/03\/cropped-vapingnet.de_.jpg\",\"width\":512,\"height\":512,\"caption\":\"Vapingnet.de\"},\"image\":{\"@id\":\"https:\/\/vapingnet.de\/#\/schema\/logo\/image\/\"},\"sameAs\":[\"https:\/\/www.facebook.com\/vapingnetde\/\"]}]}<\/script>\n<!-- \/ Yoast SEO plugin. -->","yoast_head_json":{"title":"Langanhaltender Genuss mit Bang King Digital 15000 Puffs Watermelon Bubblegum | Vapingnet.de","description":"Entdecke Langanhaltender Genuss mit Bang King Digital 15000 Puffs Watermelon Bubblegum bei vapingnet.de, \u25ba Gro\u00dfe Auswahl an Geschmacksrichtungen & super g\u00fcnstig!","robots":{"index":"index","follow":"follow","max-snippet":"max-snippet:-1","max-image-preview":"max-image-preview:large","max-video-preview":"max-video-preview:-1"},"canonical":"https:\/\/vapingnet.de\/pl\/vape\/langanhaltender-genuss-mit-bang-king-digital-15000-puffs-watermelon-bubblegum\/","og_locale":"pl_PL","og_type":"article","og_title":"Langanhaltender Genuss mit Bang King Digital 15000 Puffs Watermelon Bubblegum | Vapingnet.de","og_description":"Entdecke Langanhaltender Genuss mit Bang King Digital 15000 Puffs Watermelon Bubblegum bei vapingnet.de, \u25ba Gro\u00dfe Auswahl an Geschmacksrichtungen & super g\u00fcnstig!","og_url":"https:\/\/vapingnet.de\/pl\/vape\/langanhaltender-genuss-mit-bang-king-digital-15000-puffs-watermelon-bubblegum\/","og_site_name":"Vapingnet.de","article_publisher":"https:\/\/www.facebook.com\/vapingnetde\/","article_modified_time":"2025-06-19T03:40:07+00:00","og_image":[{"width":900,"height":600,"url":"https:\/\/vapingnet.de\/wp-content\/uploads\/2025\/03\/Watermelon-BubbleGum-2.png","type":"image\/png"}],"twitter_card":"summary_large_image","twitter_misc":{"Est. reading time":"4 minutes"},"schema":{"@context":"https:\/\/schema.org","@graph":[{"@type":"WebPage","@id":"https:\/\/vapingnet.de\/vape\/langanhaltender-genuss-mit-bang-king-digital-15000-puffs-watermelon-bubblegum\/","url":"https:\/\/vapingnet.de\/vape\/langanhaltender-genuss-mit-bang-king-digital-15000-puffs-watermelon-bubblegum\/","name":"Langanhaltender Genuss mit Bang King Digital 15000 Puffs Watermelon Bubblegum | Vapingnet.de","isPartOf":{"@id":"https:\/\/vapingnet.de\/#website"},"primaryImageOfPage":{"@id":"https:\/\/vapingnet.de\/vape\/langanhaltender-genuss-mit-bang-king-digital-15000-puffs-watermelon-bubblegum\/#primaryimage"},"image":{"@id":"https:\/\/vapingnet.de\/vape\/langanhaltender-genuss-mit-bang-king-digital-15000-puffs-watermelon-bubblegum\/#primaryimage"},"thumbnailUrl":"https:\/\/vapingnet.de\/wp-content\/uploads\/2025\/03\/Watermelon-BubbleGum-2.png","datePublished":"2025-03-25T07:00:56+00:00","dateModified":"2025-06-19T03:40:07+00:00","description":"Entdecke Langanhaltender Genuss mit Bang King Digital 15000 Puffs Watermelon Bubblegum bei vapingnet.de, \u25ba Gro\u00dfe Auswahl an Geschmacksrichtungen & super g\u00fcnstig!","breadcrumb":{"@id":"https:\/\/vapingnet.de\/vape\/langanhaltender-genuss-mit-bang-king-digital-15000-puffs-watermelon-bubblegum\/#breadcrumb"},"inLanguage":"pl-PL","potentialAction":[{"@type":"ReadAction","target":["https:\/\/vapingnet.de\/vape\/langanhaltender-genuss-mit-bang-king-digital-15000-puffs-watermelon-bubblegum\/"]}]},{"@type":"ImageObject","inLanguage":"pl-PL","@id":"https:\/\/vapingnet.de\/vape\/langanhaltender-genuss-mit-bang-king-digital-15000-puffs-watermelon-bubblegum\/#primaryimage","url":"https:\/\/vapingnet.de\/wp-content\/uploads\/2025\/03\/Watermelon-BubbleGum-2.png","contentUrl":"https:\/\/vapingnet.de\/wp-content\/uploads\/2025\/03\/Watermelon-BubbleGum-2.png","width":900,"height":600,"caption":"Watermelon Bubblegum"},{"@type":"BreadcrumbList","@id":"https:\/\/vapingnet.de\/vape\/langanhaltender-genuss-mit-bang-king-digital-15000-puffs-watermelon-bubblegum\/#breadcrumb","itemListElement":[{"@type":"ListItem","position":1,"name":"Home","item":"https:\/\/vapingnet.de\/"},{"@type":"ListItem","position":2,"name":"Shop","item":"https:\/\/vapingnet.de\/vape\/"},{"@type":"ListItem","position":3,"name":"Langanhaltender Genuss mit Bang King Digital 15000 Puffs Watermelon Bubblegum"}]},{"@type":"WebSite","@id":"https:\/\/vapingnet.de\/#website","url":"https:\/\/vapingnet.de\/","name":"Vapingnet.de","description":"","publisher":{"@id":"https:\/\/vapingnet.de\/#organization"},"potentialAction":[{"@type":"SearchAction","target":{"@type":"EntryPoint","urlTemplate":"https:\/\/vapingnet.de\/?s={search_term_string}"},"query-input":{"@type":"PropertyValueSpecification","valueRequired":true,"valueName":"search_term_string"}}],"inLanguage":"pl-PL"},{"@type":"Organization","@id":"https:\/\/vapingnet.de\/#organization","name":"Vapingnet.de","url":"https:\/\/vapingnet.de\/","logo":{"@type":"ImageObject","inLanguage":"pl-PL","@id":"https:\/\/vapingnet.de\/#\/schema\/logo\/image\/","url":"https:\/\/vapingnet.de\/wp-content\/uploads\/2025\/03\/cropped-vapingnet.de_.jpg","contentUrl":"https:\/\/vapingnet.de\/wp-content\/uploads\/2025\/03\/cropped-vapingnet.de_.jpg","width":512,"height":512,"caption":"Vapingnet.de"},"image":{"@id":"https:\/\/vapingnet.de\/#\/schema\/logo\/image\/"},"sameAs":["https:\/\/www.facebook.com\/vapingnetde\/"]}]}},"tiered_pricing_type":"fixed","tiered_pricing_fixed_rules":{"10":"6.83","60":"6.15","110":"5.46","200":"4.78"},"tiered_pricing_product_settings":{"layout":"default","base_unit_name":{"singular":null,"plural":null},"default_variation":null},"tiered_pricing_minimum_quantity":null,"tiered_pricing_roles_data":[],"tiered_pricing_percentage_rules":[],"_links":{"self":[{"href":"https:\/\/vapingnet.de\/pl\/wp-json\/wp\/v2\/product\/5890","targetHints":{"allow":["GET"]}}],"collection":[{"href":"https:\/\/vapingnet.de\/pl\/wp-json\/wp\/v2\/product"}],"about":[{"href":"https:\/\/vapingnet.de\/pl\/wp-json\/wp\/v2\/types\/product"}],"version-history":[{"count":1,"href":"https:\/\/vapingnet.de\/pl\/wp-json\/wp\/v2\/product\/5890\/revisions"}],"predecessor-version":[{"id":5908,"href":"https:\/\/vapingnet.de\/pl\/wp-json\/wp\/v2\/product\/5890\/revisions\/5908"}],"wp:featuredmedia":[{"embeddable":true,"href":"https:\/\/vapingnet.de\/pl\/wp-json\/wp\/v2\/media\/5900"}],"wp:attachment":[{"href":"https:\/\/vapingnet.de\/pl\/wp-json\/wp\/v2\/media?parent=5890"}],"wp:term":[{"taxonomy":"brand","embeddable":true,"href":"https:\/\/vapingnet.de\/pl\/wp-json\/wp\/v2\/etheme_brands?post=5890"},{"taxonomy":"product_brand","embeddable":true,"href":"https:\/\/vapingnet.de\/pl\/wp-json\/wp\/v2\/product_brand?post=5890"},{"taxonomy":"product_cat","embeddable":true,"href":"https:\/\/vapingnet.de\/pl\/wp-json\/wp\/v2\/product_cat?post=5890"},{"taxonomy":"product_tag","embeddable":true,"href":"https:\/\/vapingnet.de\/pl\/wp-json\/wp\/v2\/product_tag?post=5890"}],"curies":[{"name":"wp","href":"https:\/\/api.w.org\/{rel}","templated":true}]}}