{"id":5891,"date":"2025-03-25T07:00:57","date_gmt":"2025-03-25T07:00:57","guid":{"rendered":"https:\/\/vapingnet.de\/?post_type=product&#038;p=5891"},"modified":"2025-06-19T03:40:07","modified_gmt":"2025-06-19T03:40:07","slug":"top-qualitaet-geniessen-black-dragon-ice-bang-king-digital-15000-puffs","status":"publish","type":"product","link":"https:\/\/vapingnet.de\/pl\/vape\/top-qualitaet-geniessen-black-dragon-ice-bang-king-digital-15000-puffs\/","title":{"rendered":"Ciesz si\u0119 najwy\u017csz\u0105 jako\u015bci\u0105 Black Dragon Ice Bang King Digital 15000 Puffs"},"content":{"rendered":"<h2 data-start=\"0\" data-end=\"112\">Bang King Digital 15000 Puffs \u2013 Ostateczna wydajno\u015b\u0107 i stylowe wzory dla wyj\u0105tkowego do\u015bwiadczenia<\/h2>\n<p class=\"\" data-start=\"114\" data-end=\"485\">Je\u015bli szukasz e-papierosa, kt\u00f3ry oferuje ekstremaln\u0105 wytrzyma\u0142o\u015b\u0107, stylowe wzory i bogate smaki w jednym, Bang King Digital 15000 Puffs jest idealnym wyborem. Ten e-papieros nie tylko ma zasi\u0119g 15000 zaci\u0105gni\u0119\u0107, ale tak\u017ce efekty \u015bwietlne RGB LED, kt\u00f3re zamieniaj\u0105 ka\u017cde korzystanie w futurystyczne prze\u017cycie.<\/p>\n<h3 data-start=\"487\" data-end=\"538\">Superd\u0142uga wytrzyma\u0142o\u015b\u0107 \u2013 Ciesz si\u0119 bez obaw<\/h3>\n<ul data-start=\"539\" data-end=\"1116\">\n<li class=\"\" data-start=\"539\" data-end=\"708\">\n<p class=\"\" data-start=\"541\" data-end=\"708\">650mAh akumulator wielokrotnego \u0142adowania: Dzi\u0119ki mocnemu akumulatorowi mo\u017cesz cieszy\u0107 si\u0119 d\u0142ugimi sesjami wapowania bez konieczno\u015bci martwienia si\u0119 o \u0142adowanie.<\/p>\n<\/li>\n<li class=\"\" data-start=\"709\" data-end=\"832\">\n<p class=\"\" data-start=\"711\" data-end=\"832\">Szybkie \u0142adowanie Type-C: Dzi\u0119ki szybkiemu portowi \u0142adowania Twoje urz\u0105dzenie jest gotowe do u\u017cycia w kr\u00f3tkim czasie.<\/p>\n<\/li>\n<li class=\"\" data-start=\"833\" data-end=\"954\">\n<p class=\"\" data-start=\"835\" data-end=\"954\">Pojemno\u015b\u0107 liquidu 25ml: Du\u017ca obj\u0119to\u015b\u0107 liquidu, dzi\u0119ki czemu nie musisz ci\u0105gle uzupe\u0142nia\u0107 i mo\u017cesz d\u0142ugo cieszy\u0107 si\u0119 vapingiem.<\/p>\n<\/li>\n<li class=\"\" data-start=\"955\" data-end=\"1116\">\n<p class=\"\" data-start=\"957\" data-end=\"1116\">15000 zaci\u0105gni\u0119\u0107: Ka\u017cde korzystanie z wapowania dzi\u0119ki d\u0142ugiej \u017cywotno\u015bci staje si\u0119 nieprzerwanym prze\u017cyciem, bez konieczno\u015bci martwienia si\u0119 o ponowne \u0142adowanie.<\/p>\n<\/li>\n<\/ul>\n<h3 data-start=\"1118\" data-end=\"1173\">R\u00f3\u017cne poziomy nikotyny dla ka\u017cdego potrzebuj\u0105cego<\/h3>\n<p class=\"\" data-start=\"1174\" data-end=\"1306\">Bang King Digital 15000 Puffs oferuje wyb\u00f3r mi\u0119dzy 0%, 2%, 3%, 5% nikotyn\u0105, aby sprosta\u0107 oczekiwaniom wszystkich wapowicz\u00f3w.<\/p>\n<ul data-start=\"1307\" data-end=\"1728\">\n<li class=\"\" data-start=\"1307\" data-end=\"1443\">\n<p class=\"\" data-start=\"1309\" data-end=\"1443\">0% nikotyna: Idealna dla tych, kt\u00f3rzy ciesz\u0105 si\u0119 wapowaniem, ale nie potrzebuj\u0105 nikotyny. (dost\u0119pne tylko przy du\u017cych zam\u00f3wieniach)<\/p>\n<\/li>\n<li class=\"\" data-start=\"1444\" data-end=\"1533\">\n<p class=\"\" data-start=\"1446\" data-end=\"1533\">2% Nikotyna: Delikatny i zr\u00f3wnowa\u017cony poziom nikotyny na co dzie\u0144.<\/p>\n<\/li>\n<li class=\"\" data-start=\"1534\" data-end=\"1649\">\n<p class=\"\" data-start=\"1536\" data-end=\"1649\">3% nikotyna: Dla wapowicz\u00f3w preferuj\u0105cych mocniejszy efekt gard\u0142a. (dost\u0119pne tylko przy du\u017cych zam\u00f3wieniach)<\/p>\n<\/li>\n<li class=\"\" data-start=\"1650\" data-end=\"1728\">\n<p class=\"\" data-start=\"1652\" data-end=\"1728\">5% nikotyna: Dla tych, kt\u00f3rzy szukaj\u0105 intensywnego do\u015bwiadczenia nikotynowego.<\/p>\n<\/li>\n<\/ul>\n<h4>Polecany smak: Black Dragon Ice<\/h4>\n<p class=\"\" data-start=\"1781\" data-end=\"2091\">Smak Black Dragon Ice \u0142\u0105czy g\u0142\u0119bok\u0105 s\u0142odycz czarnych jag\u00f3d z orze\u017awiaj\u0105c\u0105 ch\u0142od\u0105 mi\u0119ty, co prowadzi do lodowatego do\u015bwiadczenia wapowania. Ka\u017cde zaci\u0105gni\u0119cie oferuje orze\u017awiaj\u0105c\u0105 i ekscytuj\u0105c\u0105 kombinacj\u0119 smak\u00f3w, idealn\u0105 na gor\u0105ce letnie miesi\u0105ce.<\/p>\n<h4>Zalety produktu<\/h4>\n<ul data-start=\"2120\" data-end=\"2581\">\n<li class=\"\" data-start=\"2120\" data-end=\"2322\">\n<p class=\"\" data-start=\"2122\" data-end=\"2322\">Brak op\u0142at celnych, szybka dostawa: Oferujemy zakupy bez c\u0142a, dzi\u0119ki czemu nie musisz si\u0119 martwi\u0107 o dodatkowe koszty i szybko cieszysz si\u0119 swoim zam\u00f3wieniem.<\/p>\n<\/li>\n<li class=\"\" data-start=\"2323\" data-end=\"2440\">\n<p class=\"\" data-start=\"2325\" data-end=\"2440\">Jednorazowy design: \u0141atwy w u\u017cyciu, bez konieczno\u015bci czyszczenia i konserwacji \u2013 po prostu korzystaj.<\/p>\n<\/li>\n<li class=\"\" data-start=\"2441\" data-end=\"2581\">\n<p class=\"\" data-start=\"2443\" data-end=\"2581\">Stylowe efekty RGB LED: Ka\u017cde zaci\u0105gni\u0119cie jest uzupe\u0142nione efektami \u015bwietlnymi, kt\u00f3re dodaj\u0105 Twojemu do\u015bwiadczeniu wyj\u0105tkowego charakteru.<\/p>\n<\/li>\n<\/ul>\n<h4>Kup teraz i ciesz si\u0119 niezr\u00f3wnanym do\u015bwiadczeniem vapowania<\/h4>\n<p class=\"\" data-start=\"2656\" data-end=\"2964\">Nie zwlekaj \u2013 odwied\u017a vapingnet.de i kup Bang King Digital 15000 Puffs ju\u017c dzi\u015b! Niezale\u017cnie od tego, czy chodzi o ekstremaln\u0105 wytrzyma\u0142o\u015b\u0107, r\u00f3\u017cnorodne smaki czy futurystyczny design \u2013 ten e-papieros podniesie Twoje do\u015bwiadczenie na nowy poziom.<\/p>","protected":false},"excerpt":{"rendered":"<p>Bang King Digital 15000 Puffs \u2013 Najwy\u017csza wydajno\u015b\u0107 i \u015bwietny design dla wyj\u0105tkowego do\u015bwiadczenia Je\u015bli szukasz e-papierosa, kt\u00f3ry zapewnia ekstremaln\u0105 wytrzyma\u0142o\u015b\u0107, \u015bwietny...<\/p>","protected":false},"featured_media":5901,"template":"","meta":[],"etheme_brands":[],"product_brand":[101],"product_cat":[53,49,61],"product_tag":[],"class_list":{"0":"post-5891","1":"product","2":"type-product","3":"status-publish","4":"has-post-thumbnail","6":"product_brand-bang-king-vape","7":"product_cat-vape-15000-zuege","8":"product_cat-einweg-e-zigarette","9":"product_cat-f","11":"first","12":"instock","13":"shipping-taxable","14":"purchasable","15":"product-type-simple"},"yoast_head":"<!-- This site is optimized with the Yoast SEO plugin v26.5 - https:\/\/yoast.com\/wordpress\/plugins\/seo\/ -->\n<title>Top-Qualit\u00e4t genie\u00dfen Black Dragon Ice Bang King Digital 15000 Puffs | Vapingnet.de<\/title>\n<meta name=\"description\" content=\"Entdecke Top-Qualit\u00e4t genie\u00dfen Black Dragon Ice Bang King Digital 15000 Puffs bei vapingnet.de, \u25ba Gro\u00dfe Auswahl an Geschmacksrichtungen &amp; super g\u00fcnstig!\" \/>\n<meta name=\"robots\" content=\"index, follow, max-snippet:-1, max-image-preview:large, max-video-preview:-1\" \/>\n<link rel=\"canonical\" href=\"https:\/\/vapingnet.de\/pl\/vape\/top-qualitaet-geniessen-black-dragon-ice-bang-king-digital-15000-puffs\/\" \/>\n<meta property=\"og:locale\" content=\"pl_PL\" \/>\n<meta property=\"og:type\" content=\"article\" \/>\n<meta property=\"og:title\" content=\"Top-Qualit\u00e4t genie\u00dfen Black Dragon Ice Bang King Digital 15000 Puffs | Vapingnet.de\" \/>\n<meta property=\"og:description\" content=\"Entdecke Top-Qualit\u00e4t genie\u00dfen Black Dragon Ice Bang King Digital 15000 Puffs bei vapingnet.de, \u25ba Gro\u00dfe Auswahl an Geschmacksrichtungen &amp; super g\u00fcnstig!\" \/>\n<meta property=\"og:url\" content=\"https:\/\/vapingnet.de\/pl\/vape\/top-qualitaet-geniessen-black-dragon-ice-bang-king-digital-15000-puffs\/\" \/>\n<meta property=\"og:site_name\" content=\"Vapingnet.de\" \/>\n<meta property=\"article:publisher\" content=\"https:\/\/www.facebook.com\/vapingnetde\/\" \/>\n<meta property=\"article:modified_time\" content=\"2025-06-19T03:40:07+00:00\" \/>\n<meta property=\"og:image\" content=\"https:\/\/vapingnet.de\/wp-content\/uploads\/2025\/03\/Black-Dragon-Ice.png\" \/>\n\t<meta property=\"og:image:width\" content=\"900\" \/>\n\t<meta property=\"og:image:height\" content=\"600\" \/>\n\t<meta property=\"og:image:type\" content=\"image\/png\" \/>\n<meta name=\"twitter:card\" content=\"summary_large_image\" \/>\n<meta name=\"twitter:label1\" content=\"Est. reading time\" \/>\n\t<meta name=\"twitter:data1\" content=\"3 minutes\" \/>\n<script type=\"application\/ld+json\" class=\"yoast-schema-graph\">{\"@context\":\"https:\/\/schema.org\",\"@graph\":[{\"@type\":\"WebPage\",\"@id\":\"https:\/\/vapingnet.de\/vape\/top-qualitaet-geniessen-black-dragon-ice-bang-king-digital-15000-puffs\/\",\"url\":\"https:\/\/vapingnet.de\/vape\/top-qualitaet-geniessen-black-dragon-ice-bang-king-digital-15000-puffs\/\",\"name\":\"Top-Qualit\u00e4t genie\u00dfen Black Dragon Ice Bang King Digital 15000 Puffs | Vapingnet.de\",\"isPartOf\":{\"@id\":\"https:\/\/vapingnet.de\/#website\"},\"primaryImageOfPage\":{\"@id\":\"https:\/\/vapingnet.de\/vape\/top-qualitaet-geniessen-black-dragon-ice-bang-king-digital-15000-puffs\/#primaryimage\"},\"image\":{\"@id\":\"https:\/\/vapingnet.de\/vape\/top-qualitaet-geniessen-black-dragon-ice-bang-king-digital-15000-puffs\/#primaryimage\"},\"thumbnailUrl\":\"https:\/\/vapingnet.de\/wp-content\/uploads\/2025\/03\/Black-Dragon-Ice.png\",\"datePublished\":\"2025-03-25T07:00:57+00:00\",\"dateModified\":\"2025-06-19T03:40:07+00:00\",\"description\":\"Entdecke Top-Qualit\u00e4t genie\u00dfen Black Dragon Ice Bang King Digital 15000 Puffs bei vapingnet.de, \u25ba Gro\u00dfe Auswahl an Geschmacksrichtungen & super g\u00fcnstig!\",\"breadcrumb\":{\"@id\":\"https:\/\/vapingnet.de\/vape\/top-qualitaet-geniessen-black-dragon-ice-bang-king-digital-15000-puffs\/#breadcrumb\"},\"inLanguage\":\"pl-PL\",\"potentialAction\":[{\"@type\":\"ReadAction\",\"target\":[\"https:\/\/vapingnet.de\/vape\/top-qualitaet-geniessen-black-dragon-ice-bang-king-digital-15000-puffs\/\"]}]},{\"@type\":\"ImageObject\",\"inLanguage\":\"pl-PL\",\"@id\":\"https:\/\/vapingnet.de\/vape\/top-qualitaet-geniessen-black-dragon-ice-bang-king-digital-15000-puffs\/#primaryimage\",\"url\":\"https:\/\/vapingnet.de\/wp-content\/uploads\/2025\/03\/Black-Dragon-Ice.png\",\"contentUrl\":\"https:\/\/vapingnet.de\/wp-content\/uploads\/2025\/03\/Black-Dragon-Ice.png\",\"width\":900,\"height\":600,\"caption\":\"Black Dragon Ice\"},{\"@type\":\"BreadcrumbList\",\"@id\":\"https:\/\/vapingnet.de\/vape\/top-qualitaet-geniessen-black-dragon-ice-bang-king-digital-15000-puffs\/#breadcrumb\",\"itemListElement\":[{\"@type\":\"ListItem\",\"position\":1,\"name\":\"Home\",\"item\":\"https:\/\/vapingnet.de\/\"},{\"@type\":\"ListItem\",\"position\":2,\"name\":\"Shop\",\"item\":\"https:\/\/vapingnet.de\/vape\/\"},{\"@type\":\"ListItem\",\"position\":3,\"name\":\"Top-Qualit\u00e4t genie\u00dfen Black Dragon Ice Bang King Digital 15000 Puffs\"}]},{\"@type\":\"WebSite\",\"@id\":\"https:\/\/vapingnet.de\/#website\",\"url\":\"https:\/\/vapingnet.de\/\",\"name\":\"Vapingnet.de\",\"description\":\"\",\"publisher\":{\"@id\":\"https:\/\/vapingnet.de\/#organization\"},\"potentialAction\":[{\"@type\":\"SearchAction\",\"target\":{\"@type\":\"EntryPoint\",\"urlTemplate\":\"https:\/\/vapingnet.de\/?s={search_term_string}\"},\"query-input\":{\"@type\":\"PropertyValueSpecification\",\"valueRequired\":true,\"valueName\":\"search_term_string\"}}],\"inLanguage\":\"pl-PL\"},{\"@type\":\"Organization\",\"@id\":\"https:\/\/vapingnet.de\/#organization\",\"name\":\"Vapingnet.de\",\"url\":\"https:\/\/vapingnet.de\/\",\"logo\":{\"@type\":\"ImageObject\",\"inLanguage\":\"pl-PL\",\"@id\":\"https:\/\/vapingnet.de\/#\/schema\/logo\/image\/\",\"url\":\"https:\/\/vapingnet.de\/wp-content\/uploads\/2025\/03\/cropped-vapingnet.de_.jpg\",\"contentUrl\":\"https:\/\/vapingnet.de\/wp-content\/uploads\/2025\/03\/cropped-vapingnet.de_.jpg\",\"width\":512,\"height\":512,\"caption\":\"Vapingnet.de\"},\"image\":{\"@id\":\"https:\/\/vapingnet.de\/#\/schema\/logo\/image\/\"},\"sameAs\":[\"https:\/\/www.facebook.com\/vapingnetde\/\"]}]}<\/script>\n<!-- \/ Yoast SEO plugin. -->","yoast_head_json":{"title":"Top-Qualit\u00e4t genie\u00dfen Black Dragon Ice Bang King Digital 15000 Puffs | Vapingnet.de","description":"Entdecke Top-Qualit\u00e4t genie\u00dfen Black Dragon Ice Bang King Digital 15000 Puffs bei vapingnet.de, \u25ba Gro\u00dfe Auswahl an Geschmacksrichtungen & super g\u00fcnstig!","robots":{"index":"index","follow":"follow","max-snippet":"max-snippet:-1","max-image-preview":"max-image-preview:large","max-video-preview":"max-video-preview:-1"},"canonical":"https:\/\/vapingnet.de\/pl\/vape\/top-qualitaet-geniessen-black-dragon-ice-bang-king-digital-15000-puffs\/","og_locale":"pl_PL","og_type":"article","og_title":"Top-Qualit\u00e4t genie\u00dfen Black Dragon Ice Bang King Digital 15000 Puffs | Vapingnet.de","og_description":"Entdecke Top-Qualit\u00e4t genie\u00dfen Black Dragon Ice Bang King Digital 15000 Puffs bei vapingnet.de, \u25ba Gro\u00dfe Auswahl an Geschmacksrichtungen & super g\u00fcnstig!","og_url":"https:\/\/vapingnet.de\/pl\/vape\/top-qualitaet-geniessen-black-dragon-ice-bang-king-digital-15000-puffs\/","og_site_name":"Vapingnet.de","article_publisher":"https:\/\/www.facebook.com\/vapingnetde\/","article_modified_time":"2025-06-19T03:40:07+00:00","og_image":[{"width":900,"height":600,"url":"https:\/\/vapingnet.de\/wp-content\/uploads\/2025\/03\/Black-Dragon-Ice.png","type":"image\/png"}],"twitter_card":"summary_large_image","twitter_misc":{"Est. reading time":"3 minutes"},"schema":{"@context":"https:\/\/schema.org","@graph":[{"@type":"WebPage","@id":"https:\/\/vapingnet.de\/vape\/top-qualitaet-geniessen-black-dragon-ice-bang-king-digital-15000-puffs\/","url":"https:\/\/vapingnet.de\/vape\/top-qualitaet-geniessen-black-dragon-ice-bang-king-digital-15000-puffs\/","name":"Top-Qualit\u00e4t genie\u00dfen Black Dragon Ice Bang King Digital 15000 Puffs | Vapingnet.de","isPartOf":{"@id":"https:\/\/vapingnet.de\/#website"},"primaryImageOfPage":{"@id":"https:\/\/vapingnet.de\/vape\/top-qualitaet-geniessen-black-dragon-ice-bang-king-digital-15000-puffs\/#primaryimage"},"image":{"@id":"https:\/\/vapingnet.de\/vape\/top-qualitaet-geniessen-black-dragon-ice-bang-king-digital-15000-puffs\/#primaryimage"},"thumbnailUrl":"https:\/\/vapingnet.de\/wp-content\/uploads\/2025\/03\/Black-Dragon-Ice.png","datePublished":"2025-03-25T07:00:57+00:00","dateModified":"2025-06-19T03:40:07+00:00","description":"Entdecke Top-Qualit\u00e4t genie\u00dfen Black Dragon Ice Bang King Digital 15000 Puffs bei vapingnet.de, \u25ba Gro\u00dfe Auswahl an Geschmacksrichtungen & super g\u00fcnstig!","breadcrumb":{"@id":"https:\/\/vapingnet.de\/vape\/top-qualitaet-geniessen-black-dragon-ice-bang-king-digital-15000-puffs\/#breadcrumb"},"inLanguage":"pl-PL","potentialAction":[{"@type":"ReadAction","target":["https:\/\/vapingnet.de\/vape\/top-qualitaet-geniessen-black-dragon-ice-bang-king-digital-15000-puffs\/"]}]},{"@type":"ImageObject","inLanguage":"pl-PL","@id":"https:\/\/vapingnet.de\/vape\/top-qualitaet-geniessen-black-dragon-ice-bang-king-digital-15000-puffs\/#primaryimage","url":"https:\/\/vapingnet.de\/wp-content\/uploads\/2025\/03\/Black-Dragon-Ice.png","contentUrl":"https:\/\/vapingnet.de\/wp-content\/uploads\/2025\/03\/Black-Dragon-Ice.png","width":900,"height":600,"caption":"Black Dragon Ice"},{"@type":"BreadcrumbList","@id":"https:\/\/vapingnet.de\/vape\/top-qualitaet-geniessen-black-dragon-ice-bang-king-digital-15000-puffs\/#breadcrumb","itemListElement":[{"@type":"ListItem","position":1,"name":"Home","item":"https:\/\/vapingnet.de\/"},{"@type":"ListItem","position":2,"name":"Shop","item":"https:\/\/vapingnet.de\/vape\/"},{"@type":"ListItem","position":3,"name":"Top-Qualit\u00e4t genie\u00dfen Black Dragon Ice Bang King Digital 15000 Puffs"}]},{"@type":"WebSite","@id":"https:\/\/vapingnet.de\/#website","url":"https:\/\/vapingnet.de\/","name":"Vapingnet.de","description":"","publisher":{"@id":"https:\/\/vapingnet.de\/#organization"},"potentialAction":[{"@type":"SearchAction","target":{"@type":"EntryPoint","urlTemplate":"https:\/\/vapingnet.de\/?s={search_term_string}"},"query-input":{"@type":"PropertyValueSpecification","valueRequired":true,"valueName":"search_term_string"}}],"inLanguage":"pl-PL"},{"@type":"Organization","@id":"https:\/\/vapingnet.de\/#organization","name":"Vapingnet.de","url":"https:\/\/vapingnet.de\/","logo":{"@type":"ImageObject","inLanguage":"pl-PL","@id":"https:\/\/vapingnet.de\/#\/schema\/logo\/image\/","url":"https:\/\/vapingnet.de\/wp-content\/uploads\/2025\/03\/cropped-vapingnet.de_.jpg","contentUrl":"https:\/\/vapingnet.de\/wp-content\/uploads\/2025\/03\/cropped-vapingnet.de_.jpg","width":512,"height":512,"caption":"Vapingnet.de"},"image":{"@id":"https:\/\/vapingnet.de\/#\/schema\/logo\/image\/"},"sameAs":["https:\/\/www.facebook.com\/vapingnetde\/"]}]}},"tiered_pricing_type":"fixed","tiered_pricing_fixed_rules":{"10":"6.83","60":"6.15","110":"5.46","200":"4.78"},"tiered_pricing_product_settings":{"layout":"default","base_unit_name":{"singular":null,"plural":null},"default_variation":null},"tiered_pricing_minimum_quantity":null,"tiered_pricing_roles_data":[],"tiered_pricing_percentage_rules":[],"_links":{"self":[{"href":"https:\/\/vapingnet.de\/pl\/wp-json\/wp\/v2\/product\/5891","targetHints":{"allow":["GET"]}}],"collection":[{"href":"https:\/\/vapingnet.de\/pl\/wp-json\/wp\/v2\/product"}],"about":[{"href":"https:\/\/vapingnet.de\/pl\/wp-json\/wp\/v2\/types\/product"}],"version-history":[{"count":1,"href":"https:\/\/vapingnet.de\/pl\/wp-json\/wp\/v2\/product\/5891\/revisions"}],"predecessor-version":[{"id":5909,"href":"https:\/\/vapingnet.de\/pl\/wp-json\/wp\/v2\/product\/5891\/revisions\/5909"}],"wp:featuredmedia":[{"embeddable":true,"href":"https:\/\/vapingnet.de\/pl\/wp-json\/wp\/v2\/media\/5901"}],"wp:attachment":[{"href":"https:\/\/vapingnet.de\/pl\/wp-json\/wp\/v2\/media?parent=5891"}],"wp:term":[{"taxonomy":"brand","embeddable":true,"href":"https:\/\/vapingnet.de\/pl\/wp-json\/wp\/v2\/etheme_brands?post=5891"},{"taxonomy":"product_brand","embeddable":true,"href":"https:\/\/vapingnet.de\/pl\/wp-json\/wp\/v2\/product_brand?post=5891"},{"taxonomy":"product_cat","embeddable":true,"href":"https:\/\/vapingnet.de\/pl\/wp-json\/wp\/v2\/product_cat?post=5891"},{"taxonomy":"product_tag","embeddable":true,"href":"https:\/\/vapingnet.de\/pl\/wp-json\/wp\/v2\/product_tag?post=5891"}],"curies":[{"name":"wp","href":"https:\/\/api.w.org\/{rel}","templated":true}]}}