{"id":5893,"date":"2025-03-25T07:01:01","date_gmt":"2025-03-25T07:01:01","guid":{"rendered":"https:\/\/vapingnet.de\/?post_type=product&#038;p=5893"},"modified":"2025-06-19T03:40:06","modified_gmt":"2025-06-19T03:40:06","slug":"limitierte-edition-bang-king-digital-15000-puffs-strawberry-yogurt","status":"publish","type":"product","link":"https:\/\/vapingnet.de\/pl\/vape\/limitierte-edition-bang-king-digital-15000-puffs-strawberry-yogurt\/","title":{"rendered":"Limitowana edycja Bang King Digital 15000 Puffs Strawberry Yogurt"},"content":{"rendered":"<h2 data-start=\"0\" data-end=\"94\">Bang King Digital 15000 Puffs \u2013 D\u0142ugotrwa\u0142a przyjemno\u015b\u0107 z parowania o delikatnym smaku<\/h2>\n<p class=\"\" data-start=\"96\" data-end=\"496\">Je\u015bli chodzi o wysokiej jako\u015bci jednorazowe e-papierosy, Bang King Digital 15000 Puffs wyznacza nowe standardy. Z imponuj\u0105c\u0105 \u017cywotno\u015bci\u0105 15000 zaci\u0105gni\u0119\u0107, od\u0142\u0105czanym akumulatorem 650mAh i portem \u0142adowania Type-C, gwarantuje intensywne i d\u0142ugotrwa\u0142e do\u015bwiadczenie parowania. Niezale\u017cnie od tego, czy chodzi o smak, wydajno\u015b\u0107 czy design \u2013 ten model spe\u0142nia wszystkie oczekiwania.<\/p>\n<h4>D\u0142ugotrwa\u0142a wydajno\u015b\u0107 dla bezstresowego parowania<\/h4>\n<p class=\"\" data-start=\"558\" data-end=\"1011\">\u2705 Od\u0142\u0105czany akumulator 650mAh do d\u0142ugiego parowania bez przerw.<br data-start=\"640\" data-end=\"643\" \/>\u2705 Szybkie \u0142adowanie Type-C, aby\u015b m\u00f3g\u0142 \u0142adowa\u0107 w ka\u017cdej chwili bez problemu.<br data-start=\"718\" data-end=\"721\" \/>\u2705 Pojemno\u015b\u0107 liquidu 25ml dla d\u0142ugotrwa\u0142ego do\u015bwiadczenia smakowego bez cz\u0119stego uzupe\u0142niania.<br data-start=\"817\" data-end=\"820\" \/>\u2705 Pod\u015bwietlenie RGB LED, kt\u00f3re przy ka\u017cdym zaci\u0105gni\u0119ciu zapewnia efektowny efekt \u015bwietlny.<br data-start=\"900\" data-end=\"903\" \/>\u2705 15000 zaci\u0105gni\u0119\u0107 \u2013 niezwykle d\u0142uga \u017cywotno\u015b\u0107, znacznie przewy\u017cszaj\u0105ca tradycyjne jednorazowe e-papierosy.<\/p>\n<h4>Cztery poziomy nikotyny dla indywidualnych potrzeb<\/h4>\n<p class=\"\" data-start=\"1073\" data-end=\"1208\">Bang King Digital 15000 Puffs dost\u0119pny jest w nikotynie 0%, 2%, 3% i 5% \u2013 dla ka\u017cdego stylu parowania odpowiednia opcja.<\/p>\n<ul data-start=\"1209\" data-end=\"1665\">\n<li class=\"\" data-start=\"1209\" data-end=\"1351\">\n<p class=\"\" data-start=\"1211\" data-end=\"1351\">0% Nikotyna: Idealna dla tych, kt\u00f3rzy chc\u0105 cieszy\u0107 si\u0119 parowaniem bez przyjmowania nikotyny. (Dost\u0119pne tylko przy du\u017cych zam\u00f3wieniach)<\/p>\n<\/li>\n<li class=\"\" data-start=\"1352\" data-end=\"1441\">\n<p class=\"\" data-start=\"1354\" data-end=\"1441\">2% Nikotyna: Delikatny i zr\u00f3wnowa\u017cony poziom nikotyny na co dzie\u0144.<\/p>\n<\/li>\n<li class=\"\" data-start=\"1442\" data-end=\"1571\">\n<p class=\"\" data-start=\"1444\" data-end=\"1571\">3% Nikotyna: \u015arednia intensywno\u015b\u0107 dla palaczy, kt\u00f3rzy preferuj\u0105 mocniejsze doznania. (Dost\u0119pne tylko przy du\u017cych zam\u00f3wieniach)<\/p>\n<\/li>\n<li class=\"\" data-start=\"1572\" data-end=\"1665\">\n<p class=\"\" data-start=\"1574\" data-end=\"1665\">5% Nikotyna: Maksymalna intensywno\u015b\u0107 dla mocnego i satysfakcjonuj\u0105cego do\u015bwiadczenia parowania.<\/p>\n<\/li>\n<\/ul>\n<h4>Unikalny smak: Truskawkowy Jogurt<\/h4>\n<p class=\"\" data-start=\"1721\" data-end=\"2045\">Kto kocha s\u0142odkie i kremowe aromaty, b\u0119dzie zachwycony Truskawkowym Jogurtem. Ta kombinacja soczystych, s\u0142odkich truskawek i kremowego jogurtu zapewnia jedwabiste i pe\u0142ne doznania parowania. Ka\u017cde zaci\u0105gni\u0119cie przypomina \u015bwie\u017co przygotowany truskawkowy jogurt \u2013 smak, kt\u00f3ry zach\u0119ca do kolejnych pr\u00f3b.<\/p>\n<h3>Dlaczego Bang King Digital 15000 Puffs?<\/h3>\n<p class=\"\" data-start=\"2095\" data-end=\"2374\">\u2714 Bez op\u0142at celnych, brak dodatkowych koszt\u00f3w \u2013 po prostu zam\u00f3w i ciesz si\u0119.<br data-start=\"2170\" data-end=\"2173\" \/>\u2714 Design jednorazowy \u2013 brak konieczno\u015bci czyszczenia czy konserwacji, dla maksymalnego komfortu.<br data-start=\"2260\" data-end=\"2263\" \/>\u2714 D\u0142ugotrwa\u0142a przyjemno\u015b\u0107 z stabiln\u0105 jako\u015bci\u0105 smaku, dla niezmiennie perfekcyjnego do\u015bwiadczenia parowania.<\/p>\n<h4 data-start=\"2376\" data-end=\"2444\">Zam\u00f3w ju\u017c teraz i do\u015bwiadcz niezr\u00f3wnanej przyjemno\u015bci z parowania!<\/h4>\n<p class=\"\" data-start=\"2445\" data-end=\"2666\">Do\u015bwiadcz z Bang King Digital 15000 Puffs vaping na najwy\u017cszym poziomie! Zam\u00f3w teraz na vapingnet.de i ciesz si\u0119 unikalnym po\u0142\u0105czeniem smaku, wydajno\u015bci i stylu.<\/p>","protected":false},"excerpt":{"rendered":"<p>Bang King Digital 15000 Puffs \u2013 D\u0142ugotrwa\u0142a przyjemno\u015b\u0107 z wapowania o \u0142agodnym smaku Je\u015bli chodzi o wysokiej jako\u015bci jednorazowe e-papierosy, Bang King Digital 15000 Puffs wyznacza nowe...<\/p>","protected":false},"featured_media":5903,"template":"","meta":[],"etheme_brands":[],"product_brand":[101],"product_cat":[53,49,61],"product_tag":[],"class_list":{"0":"post-5893","1":"product","2":"type-product","3":"status-publish","4":"has-post-thumbnail","6":"product_brand-bang-king-vape","7":"product_cat-vape-15000-zuege","8":"product_cat-einweg-e-zigarette","9":"product_cat-f","11":"first","12":"instock","13":"shipping-taxable","14":"purchasable","15":"product-type-simple"},"yoast_head":"<!-- This site is optimized with the Yoast SEO plugin v26.5 - https:\/\/yoast.com\/wordpress\/plugins\/seo\/ -->\n<title>Limitierte Edition Bang King Digital 15000 Puffs Strawberry Yogurt | Vapingnet.de<\/title>\n<meta name=\"description\" content=\"Entdecke Limitierte Edition Bang King Digital 15000 Puffs Strawberry Yogurt bei vapingnet.de, \u25ba Gro\u00dfe Auswahl an Geschmacksrichtungen &amp; super g\u00fcnstig!\" \/>\n<meta name=\"robots\" content=\"index, follow, max-snippet:-1, max-image-preview:large, max-video-preview:-1\" \/>\n<link rel=\"canonical\" href=\"https:\/\/vapingnet.de\/pl\/vape\/limitierte-edition-bang-king-digital-15000-puffs-strawberry-yogurt\/\" \/>\n<meta property=\"og:locale\" content=\"pl_PL\" \/>\n<meta property=\"og:type\" content=\"article\" \/>\n<meta property=\"og:title\" content=\"Limitierte Edition Bang King Digital 15000 Puffs Strawberry Yogurt | Vapingnet.de\" \/>\n<meta property=\"og:description\" content=\"Entdecke Limitierte Edition Bang King Digital 15000 Puffs Strawberry Yogurt bei vapingnet.de, \u25ba Gro\u00dfe Auswahl an Geschmacksrichtungen &amp; super g\u00fcnstig!\" \/>\n<meta property=\"og:url\" content=\"https:\/\/vapingnet.de\/pl\/vape\/limitierte-edition-bang-king-digital-15000-puffs-strawberry-yogurt\/\" \/>\n<meta property=\"og:site_name\" content=\"Vapingnet.de\" \/>\n<meta property=\"article:publisher\" content=\"https:\/\/www.facebook.com\/vapingnetde\/\" \/>\n<meta property=\"article:modified_time\" content=\"2025-06-19T03:40:06+00:00\" \/>\n<meta property=\"og:image\" content=\"https:\/\/vapingnet.de\/wp-content\/uploads\/2025\/03\/Strawberry-Yogurt.png\" \/>\n\t<meta property=\"og:image:width\" content=\"900\" \/>\n\t<meta property=\"og:image:height\" content=\"600\" \/>\n\t<meta property=\"og:image:type\" content=\"image\/png\" \/>\n<meta name=\"twitter:card\" content=\"summary_large_image\" \/>\n<meta name=\"twitter:label1\" content=\"Est. reading time\" \/>\n\t<meta name=\"twitter:data1\" content=\"2 minutes\" \/>\n<script type=\"application\/ld+json\" class=\"yoast-schema-graph\">{\"@context\":\"https:\/\/schema.org\",\"@graph\":[{\"@type\":\"WebPage\",\"@id\":\"https:\/\/vapingnet.de\/vape\/limitierte-edition-bang-king-digital-15000-puffs-strawberry-yogurt\/\",\"url\":\"https:\/\/vapingnet.de\/vape\/limitierte-edition-bang-king-digital-15000-puffs-strawberry-yogurt\/\",\"name\":\"Limitierte Edition Bang King Digital 15000 Puffs Strawberry Yogurt | Vapingnet.de\",\"isPartOf\":{\"@id\":\"https:\/\/vapingnet.de\/#website\"},\"primaryImageOfPage\":{\"@id\":\"https:\/\/vapingnet.de\/vape\/limitierte-edition-bang-king-digital-15000-puffs-strawberry-yogurt\/#primaryimage\"},\"image\":{\"@id\":\"https:\/\/vapingnet.de\/vape\/limitierte-edition-bang-king-digital-15000-puffs-strawberry-yogurt\/#primaryimage\"},\"thumbnailUrl\":\"https:\/\/vapingnet.de\/wp-content\/uploads\/2025\/03\/Strawberry-Yogurt.png\",\"datePublished\":\"2025-03-25T07:01:01+00:00\",\"dateModified\":\"2025-06-19T03:40:06+00:00\",\"description\":\"Entdecke Limitierte Edition Bang King Digital 15000 Puffs Strawberry Yogurt bei vapingnet.de, \u25ba Gro\u00dfe Auswahl an Geschmacksrichtungen & super g\u00fcnstig!\",\"breadcrumb\":{\"@id\":\"https:\/\/vapingnet.de\/vape\/limitierte-edition-bang-king-digital-15000-puffs-strawberry-yogurt\/#breadcrumb\"},\"inLanguage\":\"pl-PL\",\"potentialAction\":[{\"@type\":\"ReadAction\",\"target\":[\"https:\/\/vapingnet.de\/vape\/limitierte-edition-bang-king-digital-15000-puffs-strawberry-yogurt\/\"]}]},{\"@type\":\"ImageObject\",\"inLanguage\":\"pl-PL\",\"@id\":\"https:\/\/vapingnet.de\/vape\/limitierte-edition-bang-king-digital-15000-puffs-strawberry-yogurt\/#primaryimage\",\"url\":\"https:\/\/vapingnet.de\/wp-content\/uploads\/2025\/03\/Strawberry-Yogurt.png\",\"contentUrl\":\"https:\/\/vapingnet.de\/wp-content\/uploads\/2025\/03\/Strawberry-Yogurt.png\",\"width\":900,\"height\":600,\"caption\":\"Strawberry Yogurt\"},{\"@type\":\"BreadcrumbList\",\"@id\":\"https:\/\/vapingnet.de\/vape\/limitierte-edition-bang-king-digital-15000-puffs-strawberry-yogurt\/#breadcrumb\",\"itemListElement\":[{\"@type\":\"ListItem\",\"position\":1,\"name\":\"Home\",\"item\":\"https:\/\/vapingnet.de\/\"},{\"@type\":\"ListItem\",\"position\":2,\"name\":\"Shop\",\"item\":\"https:\/\/vapingnet.de\/vape\/\"},{\"@type\":\"ListItem\",\"position\":3,\"name\":\"Limitierte Edition Bang King Digital 15000 Puffs Strawberry Yogurt\"}]},{\"@type\":\"WebSite\",\"@id\":\"https:\/\/vapingnet.de\/#website\",\"url\":\"https:\/\/vapingnet.de\/\",\"name\":\"Vapingnet.de\",\"description\":\"\",\"publisher\":{\"@id\":\"https:\/\/vapingnet.de\/#organization\"},\"potentialAction\":[{\"@type\":\"SearchAction\",\"target\":{\"@type\":\"EntryPoint\",\"urlTemplate\":\"https:\/\/vapingnet.de\/?s={search_term_string}\"},\"query-input\":{\"@type\":\"PropertyValueSpecification\",\"valueRequired\":true,\"valueName\":\"search_term_string\"}}],\"inLanguage\":\"pl-PL\"},{\"@type\":\"Organization\",\"@id\":\"https:\/\/vapingnet.de\/#organization\",\"name\":\"Vapingnet.de\",\"url\":\"https:\/\/vapingnet.de\/\",\"logo\":{\"@type\":\"ImageObject\",\"inLanguage\":\"pl-PL\",\"@id\":\"https:\/\/vapingnet.de\/#\/schema\/logo\/image\/\",\"url\":\"https:\/\/vapingnet.de\/wp-content\/uploads\/2025\/03\/cropped-vapingnet.de_.jpg\",\"contentUrl\":\"https:\/\/vapingnet.de\/wp-content\/uploads\/2025\/03\/cropped-vapingnet.de_.jpg\",\"width\":512,\"height\":512,\"caption\":\"Vapingnet.de\"},\"image\":{\"@id\":\"https:\/\/vapingnet.de\/#\/schema\/logo\/image\/\"},\"sameAs\":[\"https:\/\/www.facebook.com\/vapingnetde\/\"]}]}<\/script>\n<!-- \/ Yoast SEO plugin. -->","yoast_head_json":{"title":"Limitierte Edition Bang King Digital 15000 Puffs Strawberry Yogurt | Vapingnet.de","description":"Entdecke Limitierte Edition Bang King Digital 15000 Puffs Strawberry Yogurt bei vapingnet.de, \u25ba Gro\u00dfe Auswahl an Geschmacksrichtungen & super g\u00fcnstig!","robots":{"index":"index","follow":"follow","max-snippet":"max-snippet:-1","max-image-preview":"max-image-preview:large","max-video-preview":"max-video-preview:-1"},"canonical":"https:\/\/vapingnet.de\/pl\/vape\/limitierte-edition-bang-king-digital-15000-puffs-strawberry-yogurt\/","og_locale":"pl_PL","og_type":"article","og_title":"Limitierte Edition Bang King Digital 15000 Puffs Strawberry Yogurt | Vapingnet.de","og_description":"Entdecke Limitierte Edition Bang King Digital 15000 Puffs Strawberry Yogurt bei vapingnet.de, \u25ba Gro\u00dfe Auswahl an Geschmacksrichtungen & super g\u00fcnstig!","og_url":"https:\/\/vapingnet.de\/pl\/vape\/limitierte-edition-bang-king-digital-15000-puffs-strawberry-yogurt\/","og_site_name":"Vapingnet.de","article_publisher":"https:\/\/www.facebook.com\/vapingnetde\/","article_modified_time":"2025-06-19T03:40:06+00:00","og_image":[{"width":900,"height":600,"url":"https:\/\/vapingnet.de\/wp-content\/uploads\/2025\/03\/Strawberry-Yogurt.png","type":"image\/png"}],"twitter_card":"summary_large_image","twitter_misc":{"Est. reading time":"2 minutes"},"schema":{"@context":"https:\/\/schema.org","@graph":[{"@type":"WebPage","@id":"https:\/\/vapingnet.de\/vape\/limitierte-edition-bang-king-digital-15000-puffs-strawberry-yogurt\/","url":"https:\/\/vapingnet.de\/vape\/limitierte-edition-bang-king-digital-15000-puffs-strawberry-yogurt\/","name":"Limitierte Edition Bang King Digital 15000 Puffs Strawberry Yogurt | Vapingnet.de","isPartOf":{"@id":"https:\/\/vapingnet.de\/#website"},"primaryImageOfPage":{"@id":"https:\/\/vapingnet.de\/vape\/limitierte-edition-bang-king-digital-15000-puffs-strawberry-yogurt\/#primaryimage"},"image":{"@id":"https:\/\/vapingnet.de\/vape\/limitierte-edition-bang-king-digital-15000-puffs-strawberry-yogurt\/#primaryimage"},"thumbnailUrl":"https:\/\/vapingnet.de\/wp-content\/uploads\/2025\/03\/Strawberry-Yogurt.png","datePublished":"2025-03-25T07:01:01+00:00","dateModified":"2025-06-19T03:40:06+00:00","description":"Entdecke Limitierte Edition Bang King Digital 15000 Puffs Strawberry Yogurt bei vapingnet.de, \u25ba Gro\u00dfe Auswahl an Geschmacksrichtungen & super g\u00fcnstig!","breadcrumb":{"@id":"https:\/\/vapingnet.de\/vape\/limitierte-edition-bang-king-digital-15000-puffs-strawberry-yogurt\/#breadcrumb"},"inLanguage":"pl-PL","potentialAction":[{"@type":"ReadAction","target":["https:\/\/vapingnet.de\/vape\/limitierte-edition-bang-king-digital-15000-puffs-strawberry-yogurt\/"]}]},{"@type":"ImageObject","inLanguage":"pl-PL","@id":"https:\/\/vapingnet.de\/vape\/limitierte-edition-bang-king-digital-15000-puffs-strawberry-yogurt\/#primaryimage","url":"https:\/\/vapingnet.de\/wp-content\/uploads\/2025\/03\/Strawberry-Yogurt.png","contentUrl":"https:\/\/vapingnet.de\/wp-content\/uploads\/2025\/03\/Strawberry-Yogurt.png","width":900,"height":600,"caption":"Strawberry Yogurt"},{"@type":"BreadcrumbList","@id":"https:\/\/vapingnet.de\/vape\/limitierte-edition-bang-king-digital-15000-puffs-strawberry-yogurt\/#breadcrumb","itemListElement":[{"@type":"ListItem","position":1,"name":"Home","item":"https:\/\/vapingnet.de\/"},{"@type":"ListItem","position":2,"name":"Shop","item":"https:\/\/vapingnet.de\/vape\/"},{"@type":"ListItem","position":3,"name":"Limitierte Edition Bang King Digital 15000 Puffs Strawberry Yogurt"}]},{"@type":"WebSite","@id":"https:\/\/vapingnet.de\/#website","url":"https:\/\/vapingnet.de\/","name":"Vapingnet.de","description":"","publisher":{"@id":"https:\/\/vapingnet.de\/#organization"},"potentialAction":[{"@type":"SearchAction","target":{"@type":"EntryPoint","urlTemplate":"https:\/\/vapingnet.de\/?s={search_term_string}"},"query-input":{"@type":"PropertyValueSpecification","valueRequired":true,"valueName":"search_term_string"}}],"inLanguage":"pl-PL"},{"@type":"Organization","@id":"https:\/\/vapingnet.de\/#organization","name":"Vapingnet.de","url":"https:\/\/vapingnet.de\/","logo":{"@type":"ImageObject","inLanguage":"pl-PL","@id":"https:\/\/vapingnet.de\/#\/schema\/logo\/image\/","url":"https:\/\/vapingnet.de\/wp-content\/uploads\/2025\/03\/cropped-vapingnet.de_.jpg","contentUrl":"https:\/\/vapingnet.de\/wp-content\/uploads\/2025\/03\/cropped-vapingnet.de_.jpg","width":512,"height":512,"caption":"Vapingnet.de"},"image":{"@id":"https:\/\/vapingnet.de\/#\/schema\/logo\/image\/"},"sameAs":["https:\/\/www.facebook.com\/vapingnetde\/"]}]}},"tiered_pricing_type":"fixed","tiered_pricing_fixed_rules":{"10":"6.83","60":"6.15","110":"5.46","200":"4.78"},"tiered_pricing_product_settings":{"layout":"default","base_unit_name":{"singular":null,"plural":null},"default_variation":null},"tiered_pricing_minimum_quantity":null,"tiered_pricing_roles_data":[],"tiered_pricing_percentage_rules":[],"_links":{"self":[{"href":"https:\/\/vapingnet.de\/pl\/wp-json\/wp\/v2\/product\/5893","targetHints":{"allow":["GET"]}}],"collection":[{"href":"https:\/\/vapingnet.de\/pl\/wp-json\/wp\/v2\/product"}],"about":[{"href":"https:\/\/vapingnet.de\/pl\/wp-json\/wp\/v2\/types\/product"}],"version-history":[{"count":1,"href":"https:\/\/vapingnet.de\/pl\/wp-json\/wp\/v2\/product\/5893\/revisions"}],"predecessor-version":[{"id":5910,"href":"https:\/\/vapingnet.de\/pl\/wp-json\/wp\/v2\/product\/5893\/revisions\/5910"}],"wp:featuredmedia":[{"embeddable":true,"href":"https:\/\/vapingnet.de\/pl\/wp-json\/wp\/v2\/media\/5903"}],"wp:attachment":[{"href":"https:\/\/vapingnet.de\/pl\/wp-json\/wp\/v2\/media?parent=5893"}],"wp:term":[{"taxonomy":"brand","embeddable":true,"href":"https:\/\/vapingnet.de\/pl\/wp-json\/wp\/v2\/etheme_brands?post=5893"},{"taxonomy":"product_brand","embeddable":true,"href":"https:\/\/vapingnet.de\/pl\/wp-json\/wp\/v2\/product_brand?post=5893"},{"taxonomy":"product_cat","embeddable":true,"href":"https:\/\/vapingnet.de\/pl\/wp-json\/wp\/v2\/product_cat?post=5893"},{"taxonomy":"product_tag","embeddable":true,"href":"https:\/\/vapingnet.de\/pl\/wp-json\/wp\/v2\/product_tag?post=5893"}],"curies":[{"name":"wp","href":"https:\/\/api.w.org\/{rel}","templated":true}]}}