{"id":5897,"date":"2025-03-25T07:03:23","date_gmt":"2025-03-25T07:03:23","guid":{"rendered":"https:\/\/vapingnet.de\/?post_type=product&#038;p=5897"},"modified":"2025-06-19T03:40:05","modified_gmt":"2025-06-19T03:40:05","slug":"kiwi-passion-fruit-guava-bang-king-digital-15000-puffs-riesige-dampfmenge","status":"publish","type":"product","link":"https:\/\/vapingnet.de\/pl\/vape\/kiwi-passion-fruit-guava-bang-king-digital-15000-puffs-riesige-dampfmenge\/","title":{"rendered":"Kiwi Passion Fruit Guava Bang King Digital 15000 Puffs ogromna ilo\u015b\u0107 pary"},"content":{"rendered":"<h2 data-start=\"0\" data-end=\"78\" data-immersive-translate-walked=\"76b2339e-1350-40d0-97f8-d216f0187d1a\">Bang King Digital 15000 Puffs \u2013 D\u0142ugi czas dzia\u0142ania, intensywny smak<\/h2>\n<p class=\"\" data-start=\"80\" data-end=\"445\" data-immersive-translate-paragraph=\"1\" data-immersive-translate-walked=\"76b2339e-1350-40d0-97f8-d216f0187d1a\">Szukasz e-papierosa o ekstremalnie d\u0142ugiej \u017cywotno\u015bci i najwy\u017cszej jako\u015bci dozna\u0144 smakowych? Bang King Digital 15000 Puffs spe\u0142nia te wymagania! Dzi\u0119ki mocnej baterii, stylowemu pod\u015bwietleniu RGB i imponuj\u0105cej pojemno\u015bci 15000 zaci\u0105gni\u0119\u0107 jest idealnym wyborem dla wymagaj\u0105cych vaper\u00f3w.<\/p>\n<h4>Mocny i niezawodny<\/h4>\n<ul data-start=\"489\" data-end=\"842\">\n<li class=\"\" data-start=\"489\" data-end=\"582\">\n<p class=\"\" data-start=\"491\" data-end=\"582\" data-immersive-translate-paragraph=\"1\" data-immersive-translate-walked=\"76b2339e-1350-40d0-97f8-d216f0187d1a\">650mAh bateria wielokrotnego \u0142adowania \u2013 D\u0142ugotrwa\u0142a moc dla bezproblemowego u\u017cytkowania.<\/p>\n<\/li>\n<li class=\"\" data-start=\"583\" data-end=\"666\">\n<p class=\"\" data-start=\"585\" data-end=\"666\" data-immersive-translate-paragraph=\"1\">Szybkie \u0142adowanie Type-C \u2013 Efektywne \u0142adowanie dla maksymalnej dost\u0119pno\u015bci.<\/p>\n<\/li>\n<li class=\"\" data-start=\"667\" data-end=\"751\">\n<p class=\"\" data-start=\"669\" data-end=\"751\" data-immersive-translate-walked=\"76b2339e-1350-40d0-97f8-d216f0187d1a\" data-immersive-translate-paragraph=\"1\">Efekty RGB-LED \u2013 Ka\u017cde zaci\u0105gni\u0119cie towarzyszy futurystycznym efektom \u015bwietlnym.<\/p>\n<\/li>\n<li class=\"\" data-start=\"752\" data-end=\"842\" data-immersive-translate-walked=\"76b2339e-1350-40d0-97f8-d216f0187d1a\">\n<p class=\"\" data-start=\"754\" data-end=\"842\" data-immersive-translate-walked=\"76b2339e-1350-40d0-97f8-d216f0187d1a\" data-immersive-translate-paragraph=\"1\">Pojemno\u015b\u0107 liquidu 25ml \u2013 Wi\u0119cej ni\u017c wystarczaj\u0105co na d\u0142ugie i intensywne do\u015bwiadczenie vapowania.<\/p>\n<\/li>\n<\/ul>\n<h4>Indywidualne poziomy nikotyny dla ka\u017cdego gustu<\/h4>\n<p class=\"\" data-start=\"903\" data-end=\"1004\" data-immersive-translate-walked=\"76b2339e-1350-40d0-97f8-d216f0187d1a\" data-immersive-translate-paragraph=\"1\">Bang King Digital 15000 Puffs dost\u0119pny jest w czterech poziomach nikotyny: 0%, 2%, 3% i 5%.<\/p>\n<ul data-start=\"1005\" data-end=\"1384\">\n<li class=\"\" data-start=\"1005\" data-end=\"1128\">\n<p class=\"\" data-start=\"1007\" data-end=\"1128\" data-immersive-translate-walked=\"76b2339e-1350-40d0-97f8-d216f0187d1a\">0% nikotyna \u2013 Idealna dla tych, kt\u00f3rzy chc\u0105 cieszy\u0107 si\u0119 vapowaniem bez nikotyny. (<em data-start=\"1088\" data-end=\"1125\">dost\u0119pne tylko przy du\u017cych zam\u00f3wieniach<\/em>)<\/p>\n<\/li>\n<li class=\"\" data-start=\"1129\" data-end=\"1200\">\n<p class=\"\" data-start=\"1131\" data-end=\"1200\" data-immersive-translate-walked=\"76b2339e-1350-40d0-97f8-d216f0187d1a\">2% nikotyna \u2013 Delikatna i zr\u00f3wnowa\u017cona opcja na co dzie\u0144.<\/p>\n<\/li>\n<li class=\"\" data-start=\"1201\" data-end=\"1318\">\n<p class=\"\" data-start=\"1203\" data-end=\"1318\" data-immersive-translate-walked=\"76b2339e-1350-40d0-97f8-d216f0187d1a\">3% nikotyna \u2013 Silniejszy efekt gard\u0142a dla bardziej intensywnego vapowania. (<em data-start=\"1278\" data-end=\"1315\">dost\u0119pne tylko przy du\u017cych zam\u00f3wieniach<\/em>)<\/p>\n<\/li>\n<li class=\"\" data-start=\"1319\" data-end=\"1384\">\n<p class=\"\" data-start=\"1321\" data-end=\"1384\">5% nikotyna \u2013 Maksymalna moc dla pot\u0119\u017cnego efektu.<\/p>\n<\/li>\n<\/ul>\n<h4>Popularny smak: Kiwi Passion Fruit Guava<\/h4>\n<p class=\"\" data-start=\"1451\" data-end=\"1702\">Ta egzotyczna mieszanka \u0142\u0105czy \u015bwie\u017c\u0105 kwasowo\u015b\u0107 kiwi, s\u0142odko-gorzkie nuty marakui i aromatyczn\u0105 guaw\u0119. Owocowe doznanie smakowe z perfekcyjnie dobranymi niuansami, kt\u00f3re zapewnia orze\u017awienie.<\/p>\n<h3 data-start=\"1704\" data-end=\"1751\">Dlaczego Bang King Digital 15000 Puffs?<\/h3>\n<p class=\"\" data-start=\"1752\" data-end=\"2043\">\u2705 Jednorazowy design \u2013 Gotowy do u\u017cycia od razu, brak konieczno\u015bci konserwacji lub nape\u0142niania.<br data-start=\"1937\" data-end=\"1940\" \/>\u2705 15000 zaci\u0105gni\u0119\u0107 \u2013 ekstremalna trwa\u0142o\u015b\u0107 \u2013 niezawodny towarzysz d\u0142ugich sesji vapowania.<\/p>\n<p>Zam\u00f3w ju\u017c teraz i ciesz si\u0119 najlepszym do\u015bwiadczeniem vapowania!<\/p>\n<p class=\"\" data-start=\"2115\" data-end=\"2296\">Bang King Digital 15000 Puffs jest dost\u0119pny od teraz! Odwied\u017a vapingnet.de i zdob\u0105d\u017a sw\u00f3j model na niezr\u00f3wnane do\u015bwiadczenie vapowania.<\/p>","protected":false},"excerpt":{"rendered":"<p>Bang King Digital 15000 Puffs \u2013 D\u0142uga wytrzyma\u0142o\u015b\u0107, intensywny smak. Szukasz e-papierosa o wyj\u0105tkowo d\u0142ugiej \u017cywotno\u015bci i doskona\u0142ym smaku? Bang King Digital 15000 Puffs to rozwi\u0105zanie...<\/p>","protected":false},"featured_media":5898,"template":"","meta":[],"etheme_brands":[],"product_brand":[101],"product_cat":[53,49,61],"product_tag":[],"class_list":{"0":"post-5897","1":"product","2":"type-product","3":"status-publish","4":"has-post-thumbnail","6":"product_brand-bang-king-vape","7":"product_cat-vape-15000-zuege","8":"product_cat-einweg-e-zigarette","9":"product_cat-f","11":"first","12":"instock","13":"shipping-taxable","14":"purchasable","15":"product-type-simple"},"yoast_head":"<!-- This site is optimized with the Yoast SEO plugin v26.5 - https:\/\/yoast.com\/wordpress\/plugins\/seo\/ -->\n<title>Kiwi Passion Fruit Guava Bang King Digital 15000 Puffs riesige Dampfmenge | Vapingnet.de<\/title>\n<meta name=\"description\" content=\"Entdecke Kiwi Passion Fruit Guava Bang King Digital 15000 Puffs riesige Dampfmenge bei vapingnet.de, \u25ba Gro\u00dfe Auswahl an Geschmacksrichtungen &amp; super g\u00fcnstig!\" \/>\n<meta name=\"robots\" content=\"index, follow, max-snippet:-1, max-image-preview:large, max-video-preview:-1\" \/>\n<link rel=\"canonical\" href=\"https:\/\/vapingnet.de\/pl\/vape\/kiwi-passion-fruit-guava-bang-king-digital-15000-puffs-riesige-dampfmenge\/\" \/>\n<meta property=\"og:locale\" content=\"pl_PL\" \/>\n<meta property=\"og:type\" content=\"article\" \/>\n<meta property=\"og:title\" content=\"Kiwi Passion Fruit Guava Bang King Digital 15000 Puffs riesige Dampfmenge | Vapingnet.de\" \/>\n<meta property=\"og:description\" content=\"Entdecke Kiwi Passion Fruit Guava Bang King Digital 15000 Puffs riesige Dampfmenge bei vapingnet.de, \u25ba Gro\u00dfe Auswahl an Geschmacksrichtungen &amp; super g\u00fcnstig!\" \/>\n<meta property=\"og:url\" content=\"https:\/\/vapingnet.de\/pl\/vape\/kiwi-passion-fruit-guava-bang-king-digital-15000-puffs-riesige-dampfmenge\/\" \/>\n<meta property=\"og:site_name\" content=\"Vapingnet.de\" \/>\n<meta property=\"article:publisher\" content=\"https:\/\/www.facebook.com\/vapingnetde\/\" \/>\n<meta property=\"article:modified_time\" content=\"2025-06-19T03:40:05+00:00\" \/>\n<meta property=\"og:image\" content=\"https:\/\/vapingnet.de\/wp-content\/uploads\/2025\/03\/KIWI-Passion-Fruit-Guava.png\" \/>\n\t<meta property=\"og:image:width\" content=\"900\" \/>\n\t<meta property=\"og:image:height\" content=\"600\" \/>\n\t<meta property=\"og:image:type\" content=\"image\/png\" \/>\n<meta name=\"twitter:card\" content=\"summary_large_image\" \/>\n<meta name=\"twitter:label1\" content=\"Est. reading time\" \/>\n\t<meta name=\"twitter:data1\" content=\"2 minutes\" \/>\n<script type=\"application\/ld+json\" class=\"yoast-schema-graph\">{\"@context\":\"https:\/\/schema.org\",\"@graph\":[{\"@type\":\"WebPage\",\"@id\":\"https:\/\/vapingnet.de\/vape\/kiwi-passion-fruit-guava-bang-king-digital-15000-puffs-riesige-dampfmenge\/\",\"url\":\"https:\/\/vapingnet.de\/vape\/kiwi-passion-fruit-guava-bang-king-digital-15000-puffs-riesige-dampfmenge\/\",\"name\":\"Kiwi Passion Fruit Guava Bang King Digital 15000 Puffs riesige Dampfmenge | Vapingnet.de\",\"isPartOf\":{\"@id\":\"https:\/\/vapingnet.de\/#website\"},\"primaryImageOfPage\":{\"@id\":\"https:\/\/vapingnet.de\/vape\/kiwi-passion-fruit-guava-bang-king-digital-15000-puffs-riesige-dampfmenge\/#primaryimage\"},\"image\":{\"@id\":\"https:\/\/vapingnet.de\/vape\/kiwi-passion-fruit-guava-bang-king-digital-15000-puffs-riesige-dampfmenge\/#primaryimage\"},\"thumbnailUrl\":\"https:\/\/vapingnet.de\/wp-content\/uploads\/2025\/03\/KIWI-Passion-Fruit-Guava.png\",\"datePublished\":\"2025-03-25T07:03:23+00:00\",\"dateModified\":\"2025-06-19T03:40:05+00:00\",\"description\":\"Entdecke Kiwi Passion Fruit Guava Bang King Digital 15000 Puffs riesige Dampfmenge bei vapingnet.de, \u25ba Gro\u00dfe Auswahl an Geschmacksrichtungen & super g\u00fcnstig!\",\"breadcrumb\":{\"@id\":\"https:\/\/vapingnet.de\/vape\/kiwi-passion-fruit-guava-bang-king-digital-15000-puffs-riesige-dampfmenge\/#breadcrumb\"},\"inLanguage\":\"pl-PL\",\"potentialAction\":[{\"@type\":\"ReadAction\",\"target\":[\"https:\/\/vapingnet.de\/vape\/kiwi-passion-fruit-guava-bang-king-digital-15000-puffs-riesige-dampfmenge\/\"]}]},{\"@type\":\"ImageObject\",\"inLanguage\":\"pl-PL\",\"@id\":\"https:\/\/vapingnet.de\/vape\/kiwi-passion-fruit-guava-bang-king-digital-15000-puffs-riesige-dampfmenge\/#primaryimage\",\"url\":\"https:\/\/vapingnet.de\/wp-content\/uploads\/2025\/03\/KIWI-Passion-Fruit-Guava.png\",\"contentUrl\":\"https:\/\/vapingnet.de\/wp-content\/uploads\/2025\/03\/KIWI-Passion-Fruit-Guava.png\",\"width\":900,\"height\":600,\"caption\":\"Kiwi Passion Fruit Guava\"},{\"@type\":\"BreadcrumbList\",\"@id\":\"https:\/\/vapingnet.de\/vape\/kiwi-passion-fruit-guava-bang-king-digital-15000-puffs-riesige-dampfmenge\/#breadcrumb\",\"itemListElement\":[{\"@type\":\"ListItem\",\"position\":1,\"name\":\"Home\",\"item\":\"https:\/\/vapingnet.de\/\"},{\"@type\":\"ListItem\",\"position\":2,\"name\":\"Shop\",\"item\":\"https:\/\/vapingnet.de\/vape\/\"},{\"@type\":\"ListItem\",\"position\":3,\"name\":\"Kiwi Passion Fruit Guava Bang King Digital 15000 Puffs riesige Dampfmenge\"}]},{\"@type\":\"WebSite\",\"@id\":\"https:\/\/vapingnet.de\/#website\",\"url\":\"https:\/\/vapingnet.de\/\",\"name\":\"Vapingnet.de\",\"description\":\"\",\"publisher\":{\"@id\":\"https:\/\/vapingnet.de\/#organization\"},\"potentialAction\":[{\"@type\":\"SearchAction\",\"target\":{\"@type\":\"EntryPoint\",\"urlTemplate\":\"https:\/\/vapingnet.de\/?s={search_term_string}\"},\"query-input\":{\"@type\":\"PropertyValueSpecification\",\"valueRequired\":true,\"valueName\":\"search_term_string\"}}],\"inLanguage\":\"pl-PL\"},{\"@type\":\"Organization\",\"@id\":\"https:\/\/vapingnet.de\/#organization\",\"name\":\"Vapingnet.de\",\"url\":\"https:\/\/vapingnet.de\/\",\"logo\":{\"@type\":\"ImageObject\",\"inLanguage\":\"pl-PL\",\"@id\":\"https:\/\/vapingnet.de\/#\/schema\/logo\/image\/\",\"url\":\"https:\/\/vapingnet.de\/wp-content\/uploads\/2025\/03\/cropped-vapingnet.de_.jpg\",\"contentUrl\":\"https:\/\/vapingnet.de\/wp-content\/uploads\/2025\/03\/cropped-vapingnet.de_.jpg\",\"width\":512,\"height\":512,\"caption\":\"Vapingnet.de\"},\"image\":{\"@id\":\"https:\/\/vapingnet.de\/#\/schema\/logo\/image\/\"},\"sameAs\":[\"https:\/\/www.facebook.com\/vapingnetde\/\"]}]}<\/script>\n<!-- \/ Yoast SEO plugin. -->","yoast_head_json":{"title":"Kiwi Passion Fruit Guava Bang King Digital 15000 Puffs riesige Dampfmenge | Vapingnet.de","description":"Entdecke Kiwi Passion Fruit Guava Bang King Digital 15000 Puffs riesige Dampfmenge bei vapingnet.de, \u25ba Gro\u00dfe Auswahl an Geschmacksrichtungen & super g\u00fcnstig!","robots":{"index":"index","follow":"follow","max-snippet":"max-snippet:-1","max-image-preview":"max-image-preview:large","max-video-preview":"max-video-preview:-1"},"canonical":"https:\/\/vapingnet.de\/pl\/vape\/kiwi-passion-fruit-guava-bang-king-digital-15000-puffs-riesige-dampfmenge\/","og_locale":"pl_PL","og_type":"article","og_title":"Kiwi Passion Fruit Guava Bang King Digital 15000 Puffs riesige Dampfmenge | Vapingnet.de","og_description":"Entdecke Kiwi Passion Fruit Guava Bang King Digital 15000 Puffs riesige Dampfmenge bei vapingnet.de, \u25ba Gro\u00dfe Auswahl an Geschmacksrichtungen & super g\u00fcnstig!","og_url":"https:\/\/vapingnet.de\/pl\/vape\/kiwi-passion-fruit-guava-bang-king-digital-15000-puffs-riesige-dampfmenge\/","og_site_name":"Vapingnet.de","article_publisher":"https:\/\/www.facebook.com\/vapingnetde\/","article_modified_time":"2025-06-19T03:40:05+00:00","og_image":[{"width":900,"height":600,"url":"https:\/\/vapingnet.de\/wp-content\/uploads\/2025\/03\/KIWI-Passion-Fruit-Guava.png","type":"image\/png"}],"twitter_card":"summary_large_image","twitter_misc":{"Est. reading time":"2 minutes"},"schema":{"@context":"https:\/\/schema.org","@graph":[{"@type":"WebPage","@id":"https:\/\/vapingnet.de\/vape\/kiwi-passion-fruit-guava-bang-king-digital-15000-puffs-riesige-dampfmenge\/","url":"https:\/\/vapingnet.de\/vape\/kiwi-passion-fruit-guava-bang-king-digital-15000-puffs-riesige-dampfmenge\/","name":"Kiwi Passion Fruit Guava Bang King Digital 15000 Puffs riesige Dampfmenge | Vapingnet.de","isPartOf":{"@id":"https:\/\/vapingnet.de\/#website"},"primaryImageOfPage":{"@id":"https:\/\/vapingnet.de\/vape\/kiwi-passion-fruit-guava-bang-king-digital-15000-puffs-riesige-dampfmenge\/#primaryimage"},"image":{"@id":"https:\/\/vapingnet.de\/vape\/kiwi-passion-fruit-guava-bang-king-digital-15000-puffs-riesige-dampfmenge\/#primaryimage"},"thumbnailUrl":"https:\/\/vapingnet.de\/wp-content\/uploads\/2025\/03\/KIWI-Passion-Fruit-Guava.png","datePublished":"2025-03-25T07:03:23+00:00","dateModified":"2025-06-19T03:40:05+00:00","description":"Entdecke Kiwi Passion Fruit Guava Bang King Digital 15000 Puffs riesige Dampfmenge bei vapingnet.de, \u25ba Gro\u00dfe Auswahl an Geschmacksrichtungen & super g\u00fcnstig!","breadcrumb":{"@id":"https:\/\/vapingnet.de\/vape\/kiwi-passion-fruit-guava-bang-king-digital-15000-puffs-riesige-dampfmenge\/#breadcrumb"},"inLanguage":"pl-PL","potentialAction":[{"@type":"ReadAction","target":["https:\/\/vapingnet.de\/vape\/kiwi-passion-fruit-guava-bang-king-digital-15000-puffs-riesige-dampfmenge\/"]}]},{"@type":"ImageObject","inLanguage":"pl-PL","@id":"https:\/\/vapingnet.de\/vape\/kiwi-passion-fruit-guava-bang-king-digital-15000-puffs-riesige-dampfmenge\/#primaryimage","url":"https:\/\/vapingnet.de\/wp-content\/uploads\/2025\/03\/KIWI-Passion-Fruit-Guava.png","contentUrl":"https:\/\/vapingnet.de\/wp-content\/uploads\/2025\/03\/KIWI-Passion-Fruit-Guava.png","width":900,"height":600,"caption":"Kiwi Passion Fruit Guava"},{"@type":"BreadcrumbList","@id":"https:\/\/vapingnet.de\/vape\/kiwi-passion-fruit-guava-bang-king-digital-15000-puffs-riesige-dampfmenge\/#breadcrumb","itemListElement":[{"@type":"ListItem","position":1,"name":"Home","item":"https:\/\/vapingnet.de\/"},{"@type":"ListItem","position":2,"name":"Shop","item":"https:\/\/vapingnet.de\/vape\/"},{"@type":"ListItem","position":3,"name":"Kiwi Passion Fruit Guava Bang King Digital 15000 Puffs riesige Dampfmenge"}]},{"@type":"WebSite","@id":"https:\/\/vapingnet.de\/#website","url":"https:\/\/vapingnet.de\/","name":"Vapingnet.de","description":"","publisher":{"@id":"https:\/\/vapingnet.de\/#organization"},"potentialAction":[{"@type":"SearchAction","target":{"@type":"EntryPoint","urlTemplate":"https:\/\/vapingnet.de\/?s={search_term_string}"},"query-input":{"@type":"PropertyValueSpecification","valueRequired":true,"valueName":"search_term_string"}}],"inLanguage":"pl-PL"},{"@type":"Organization","@id":"https:\/\/vapingnet.de\/#organization","name":"Vapingnet.de","url":"https:\/\/vapingnet.de\/","logo":{"@type":"ImageObject","inLanguage":"pl-PL","@id":"https:\/\/vapingnet.de\/#\/schema\/logo\/image\/","url":"https:\/\/vapingnet.de\/wp-content\/uploads\/2025\/03\/cropped-vapingnet.de_.jpg","contentUrl":"https:\/\/vapingnet.de\/wp-content\/uploads\/2025\/03\/cropped-vapingnet.de_.jpg","width":512,"height":512,"caption":"Vapingnet.de"},"image":{"@id":"https:\/\/vapingnet.de\/#\/schema\/logo\/image\/"},"sameAs":["https:\/\/www.facebook.com\/vapingnetde\/"]}]}},"tiered_pricing_type":"fixed","tiered_pricing_fixed_rules":{"10":"6.83","60":"6.15","110":"5.46","200":"4.78"},"tiered_pricing_product_settings":{"layout":"default","base_unit_name":{"singular":null,"plural":null},"default_variation":null},"tiered_pricing_minimum_quantity":null,"tiered_pricing_roles_data":[],"tiered_pricing_percentage_rules":[],"_links":{"self":[{"href":"https:\/\/vapingnet.de\/pl\/wp-json\/wp\/v2\/product\/5897","targetHints":{"allow":["GET"]}}],"collection":[{"href":"https:\/\/vapingnet.de\/pl\/wp-json\/wp\/v2\/product"}],"about":[{"href":"https:\/\/vapingnet.de\/pl\/wp-json\/wp\/v2\/types\/product"}],"version-history":[{"count":2,"href":"https:\/\/vapingnet.de\/pl\/wp-json\/wp\/v2\/product\/5897\/revisions"}],"predecessor-version":[{"id":5906,"href":"https:\/\/vapingnet.de\/pl\/wp-json\/wp\/v2\/product\/5897\/revisions\/5906"}],"wp:featuredmedia":[{"embeddable":true,"href":"https:\/\/vapingnet.de\/pl\/wp-json\/wp\/v2\/media\/5898"}],"wp:attachment":[{"href":"https:\/\/vapingnet.de\/pl\/wp-json\/wp\/v2\/media?parent=5897"}],"wp:term":[{"taxonomy":"brand","embeddable":true,"href":"https:\/\/vapingnet.de\/pl\/wp-json\/wp\/v2\/etheme_brands?post=5897"},{"taxonomy":"product_brand","embeddable":true,"href":"https:\/\/vapingnet.de\/pl\/wp-json\/wp\/v2\/product_brand?post=5897"},{"taxonomy":"product_cat","embeddable":true,"href":"https:\/\/vapingnet.de\/pl\/wp-json\/wp\/v2\/product_cat?post=5897"},{"taxonomy":"product_tag","embeddable":true,"href":"https:\/\/vapingnet.de\/pl\/wp-json\/wp\/v2\/product_tag?post=5897"}],"curies":[{"name":"wp","href":"https:\/\/api.w.org\/{rel}","templated":true}]}}