{"id":6125,"date":"2025-04-07T02:42:14","date_gmt":"2025-04-07T02:42:14","guid":{"rendered":"https:\/\/vapingnet.de\/?post_type=product&#038;p=6125"},"modified":"2025-06-19T03:40:04","modified_gmt":"2025-06-19T03:40:04","slug":"weltweit-beliebt-strawberry-banana-bang-king-25000-puffs-jetzt-da","status":"publish","type":"product","link":"https:\/\/vapingnet.de\/pl\/vape\/weltweit-beliebt-strawberry-banana-bang-king-25000-puffs-jetzt-da\/","title":{"rendered":"Na ca\u0142ym \u015bwiecie popularny Strawberry Banana Bang King 25000 Puffs Teraz dost\u0119pny"},"content":{"rendered":"<h2 class=\"\" data-start=\"36\" data-end=\"119\">Bang King 25000 Puffs Jednorazowa E-papieros \u2013 Ostateczne do\u015bwiadczenie 25K Puff\u00f3w!<\/h2>\n<p class=\"\" data-start=\"121\" data-end=\"486\">Bang King 25000 Puffs to wysokowydajny jednorazowy e-papieros, stworzony specjalnie dla vaper\u00f3w poszukuj\u0105cych doskona\u0142ego smaku i d\u0142ugiego czasu u\u017cytkowania. Dzi\u0119ki unikalnemu systemowi Dual-Pod, oferuj\u0105cemu \u0142\u0105cznie 25 000 zaci\u0105gni\u0119\u0107, jest idealnym wyborem dla tych, kt\u00f3rzy chc\u0105 cieszy\u0107 si\u0119 trwa\u0142ym i sp\u00f3jnym do\u015bwiadczeniem vapowania.<\/p>\n<h3 class=\"\" data-start=\"488\" data-end=\"527\">Cechy produktu w skr\u00f3cie<\/h3>\n<ul data-start=\"529\" data-end=\"1267\">\n<li class=\"\" data-start=\"529\" data-end=\"598\">\n<p class=\"\" data-start=\"531\" data-end=\"598\">St\u0119\u017cenie nikotyny: 0%, 2%, 3%, 5%, idealne dla wszystkich poziom\u00f3w u\u017cytkownik\u00f3w.<\/p>\n<\/li>\n<li class=\"\" data-start=\"599\" data-end=\"708\">\n<p class=\"\" data-start=\"601\" data-end=\"708\">Mesh-Coil: Mesh-Coil o oporno\u015bci 1.0\u03a9 zapewnia bardziej wyrafinowany smak i r\u00f3wnomiern\u0105 produkcj\u0119 pary.<\/p>\n<\/li>\n<li class=\"\" data-start=\"709\" data-end=\"845\">\n<p class=\"\" data-start=\"711\" data-end=\"845\">Dual-Pod-System: Ka\u017cdy pod mie\u015bci 23 ml, \u0142\u0105cznie 46 ml \u2013 wystarczaj\u0105co na d\u0142ugie sesje vapowania. Ka\u017cdy pod oferuje oko\u0142o 12 500 zaci\u0105gni\u0119\u0107.<\/p>\n<\/li>\n<li class=\"\" data-start=\"846\" data-end=\"963\">\n<p class=\"\" data-start=\"848\" data-end=\"963\">Bateria: Wydajna bateria o pojemno\u015bci 650mAh zapewnia d\u0142u\u017cszy czas u\u017cytkowania bez konieczno\u015bci cz\u0119stego \u0142adowania.<\/p>\n<\/li>\n<li class=\"\" data-start=\"964\" data-end=\"1033\">\n<p class=\"\" data-start=\"966\" data-end=\"1033\">Port \u0142adowania: Type-C dla szybkiego i prostego \u0142adowania.<\/p>\n<\/li>\n<li class=\"\" data-start=\"1034\" data-end=\"1164\">\n<p class=\"\" data-start=\"1036\" data-end=\"1164\">Smak: Strawberry Banana \u2013 orze\u017awiaj\u0105ca kombinacja s\u0142odkiej truskawki i intensywnej banany.<\/p>\n<\/li>\n<li class=\"\" data-start=\"1165\" data-end=\"1267\">\n<p class=\"\" data-start=\"1167\" data-end=\"1267\">Typ: <a href=\"https:\/\/vapingnet.de\/pl\/k\/einweg-e-zigarette\/\" target=\"_blank\" rel=\"noopener\"><strong>Jednorazowa e-papieros<\/strong><\/a>, kt\u00f3ry jest gotowy do u\u017cycia od razu, bez konieczno\u015bci nape\u0142niania lub wymiany coil\u00f3w.<\/p>\n<\/li>\n<\/ul>\n<h4 data-start=\"1269\" data-end=\"1307\">Informacje o wysy\u0142ce i zakupach<\/h4>\n<ul data-start=\"1309\" data-end=\"1635\">\n<li class=\"\" data-start=\"1309\" data-end=\"1412\">\n<p class=\"\" data-start=\"1311\" data-end=\"1412\">Czas wysy\u0142ki: Szacowany czas dostawy wynosi 7-15 dni roboczych \u2013 szybko i niezawodnie.<\/p>\n<\/li>\n<li class=\"\" data-start=\"1413\" data-end=\"1511\">\n<p class=\"\" data-start=\"1415\" data-end=\"1511\">Zaleta: Brak op\u0142at celnych, brak ukrytych koszt\u00f3w, zakupy proste i bezstresowe.<\/p>\n<\/li>\n<li class=\"\" data-start=\"1512\" data-end=\"1635\">\n<p class=\"\" data-start=\"1514\" data-end=\"1635\">Kupuj na: vapingnet.de \u2013 bezpieczna i przyjazna platforma do Twoich zakup\u00f3w.<\/p>\n<\/li>\n<\/ul>\n<h3>Dlaczego wybra\u0107 Bang King 25000 Puffs?<\/h3>\n<ul data-start=\"1682\" data-end=\"2302\">\n<li class=\"\" data-start=\"1682\" data-end=\"1847\">\n<p class=\"\" data-start=\"1684\" data-end=\"1847\">D\u0142uga \u017cywotno\u015b\u0107: Dzi\u0119ki systemowi Dual-Pod masz \u0142\u0105cznie 25 000 zaci\u0105gni\u0119\u0107, co znacznie przewy\u017csza \u017cywotno\u015b\u0107 tradycyjnych jednorazowych e-papieros\u00f3w.<\/p>\n<\/li>\n<li class=\"\" data-start=\"1848\" data-end=\"1975\">\n<p class=\"\" data-start=\"1850\" data-end=\"1975\">Doskona\u0142y smak: Mesh-Coil o oporno\u015bci 1.0\u03a9 zapewnia sta\u0142\u0105 par\u0119 i intensywny smak przy ka\u017cdym u\u017cyciu.<\/p>\n<\/li>\n<li class=\"\" data-start=\"1976\" data-end=\"2135\">\n<p class=\"\" data-start=\"1978\" data-end=\"2135\">Przyjazny dla u\u017cytkownika: Nie wymaga nape\u0142niania ani wymiany komponent\u00f3w \u2013 wystarczy wyj\u0105\u0107 z opakowania i vapowa\u0107. Idealny tak\u017ce dla pocz\u0105tkuj\u0105cych.<\/p>\n<\/li>\n<li class=\"\" data-start=\"2136\" data-end=\"2302\">\n<p class=\"\" data-start=\"2138\" data-end=\"2302\">Silna bateria i szybkie \u0142adowanie: Dzi\u0119ki baterii 650mAh i portowi Type-C zawsze masz wystarczaj\u0105co energii, aby cieszy\u0107 si\u0119 vapowaniem.<\/p>\n<\/li>\n<\/ul>\n<p class=\"\" data-start=\"2319\" data-end=\"2574\">Bang King 25000 Puffs to idealny wyb\u00f3r dla tych, kt\u00f3rzy ceni\u0105 d\u0142ug\u0105 trwa\u0142o\u015b\u0107, stabilny smak i najprostsze u\u017cytkowanie. Doskona\u0142y do codziennego u\u017cytku, oferuje wyj\u0105tkowe do\u015bwiadczenie vapowania, kt\u00f3re d\u0142ugo trwa.<\/p>\n<p class=\"\" data-start=\"2576\" data-end=\"2711\">Odwied\u017a teraz vapingnet.de i do\u015bwiadcz Bang King 25000 \u2013 Twojego nowego towarzysza dla najwy\u017cszej jako\u015bci vapowania!<\/p>","protected":false},"excerpt":{"rendered":"<p>Bang King 25000 Puffs Jednorazowy E-papieros \u2013 Najwy\u017csze do\u015bwiadczenie 25K Puff! Bang King 25000 Puffs to wysokowydajny jednorazowy e-papieros, zaprojektowany specjalnie dla vaper\u00f3w...<\/p>","protected":false},"featured_media":6135,"template":"","meta":[],"etheme_brands":[],"product_brand":[101],"product_cat":[55,49,61],"product_tag":[],"class_list":{"0":"post-6125","1":"product","2":"type-product","3":"status-publish","4":"has-post-thumbnail","6":"product_brand-bang-king-vape","7":"product_cat-vape-25000-zuege","8":"product_cat-einweg-e-zigarette","9":"product_cat-f","11":"first","12":"instock","13":"shipping-taxable","14":"purchasable","15":"product-type-simple"},"yoast_head":"<!-- This site is optimized with the Yoast SEO plugin v26.5 - https:\/\/yoast.com\/wordpress\/plugins\/seo\/ -->\n<title>Weltweit Beliebt Strawberry Banana Bang King 25000 Puffs Jetzt Da | Vapingnet.de<\/title>\n<meta name=\"description\" content=\"Entdecke Weltweit Beliebt Strawberry Banana Bang King 25000 Puffs Jetzt Da bei vapingnet.de, \u25ba Gro\u00dfe Auswahl an Geschmacksrichtungen &amp; super g\u00fcnstig!\" \/>\n<meta name=\"robots\" content=\"index, follow, max-snippet:-1, max-image-preview:large, max-video-preview:-1\" \/>\n<link rel=\"canonical\" href=\"https:\/\/vapingnet.de\/pl\/vape\/weltweit-beliebt-strawberry-banana-bang-king-25000-puffs-jetzt-da\/\" \/>\n<meta property=\"og:locale\" content=\"pl_PL\" \/>\n<meta property=\"og:type\" content=\"article\" \/>\n<meta property=\"og:title\" content=\"Weltweit Beliebt Strawberry Banana Bang King 25000 Puffs Jetzt Da | Vapingnet.de\" \/>\n<meta property=\"og:description\" content=\"Entdecke Weltweit Beliebt Strawberry Banana Bang King 25000 Puffs Jetzt Da bei vapingnet.de, \u25ba Gro\u00dfe Auswahl an Geschmacksrichtungen &amp; super g\u00fcnstig!\" \/>\n<meta property=\"og:url\" content=\"https:\/\/vapingnet.de\/pl\/vape\/weltweit-beliebt-strawberry-banana-bang-king-25000-puffs-jetzt-da\/\" \/>\n<meta property=\"og:site_name\" content=\"Vapingnet.de\" \/>\n<meta property=\"article:publisher\" content=\"https:\/\/www.facebook.com\/vapingnetde\/\" \/>\n<meta property=\"article:modified_time\" content=\"2025-06-19T03:40:04+00:00\" \/>\n<meta property=\"og:image\" content=\"https:\/\/vapingnet.de\/wp-content\/uploads\/2025\/04\/bang-25k-vape-Strawberry-Banana.png\" \/>\n\t<meta property=\"og:image:width\" content=\"1000\" \/>\n\t<meta property=\"og:image:height\" content=\"1000\" \/>\n\t<meta property=\"og:image:type\" content=\"image\/png\" \/>\n<meta name=\"twitter:card\" content=\"summary_large_image\" \/>\n<meta name=\"twitter:label1\" content=\"Est. reading time\" \/>\n\t<meta name=\"twitter:data1\" content=\"2 minutes\" \/>\n<script type=\"application\/ld+json\" class=\"yoast-schema-graph\">{\"@context\":\"https:\/\/schema.org\",\"@graph\":[{\"@type\":\"WebPage\",\"@id\":\"https:\/\/vapingnet.de\/vape\/weltweit-beliebt-strawberry-banana-bang-king-25000-puffs-jetzt-da\/\",\"url\":\"https:\/\/vapingnet.de\/vape\/weltweit-beliebt-strawberry-banana-bang-king-25000-puffs-jetzt-da\/\",\"name\":\"Weltweit Beliebt Strawberry Banana Bang King 25000 Puffs Jetzt Da | Vapingnet.de\",\"isPartOf\":{\"@id\":\"https:\/\/vapingnet.de\/#website\"},\"primaryImageOfPage\":{\"@id\":\"https:\/\/vapingnet.de\/vape\/weltweit-beliebt-strawberry-banana-bang-king-25000-puffs-jetzt-da\/#primaryimage\"},\"image\":{\"@id\":\"https:\/\/vapingnet.de\/vape\/weltweit-beliebt-strawberry-banana-bang-king-25000-puffs-jetzt-da\/#primaryimage\"},\"thumbnailUrl\":\"https:\/\/vapingnet.de\/wp-content\/uploads\/2025\/04\/bang-25k-vape-Strawberry-Banana.png\",\"datePublished\":\"2025-04-07T02:42:14+00:00\",\"dateModified\":\"2025-06-19T03:40:04+00:00\",\"description\":\"Entdecke Weltweit Beliebt Strawberry Banana Bang King 25000 Puffs Jetzt Da bei vapingnet.de, \u25ba Gro\u00dfe Auswahl an Geschmacksrichtungen & super g\u00fcnstig!\",\"breadcrumb\":{\"@id\":\"https:\/\/vapingnet.de\/vape\/weltweit-beliebt-strawberry-banana-bang-king-25000-puffs-jetzt-da\/#breadcrumb\"},\"inLanguage\":\"pl-PL\",\"potentialAction\":[{\"@type\":\"ReadAction\",\"target\":[\"https:\/\/vapingnet.de\/vape\/weltweit-beliebt-strawberry-banana-bang-king-25000-puffs-jetzt-da\/\"]}]},{\"@type\":\"ImageObject\",\"inLanguage\":\"pl-PL\",\"@id\":\"https:\/\/vapingnet.de\/vape\/weltweit-beliebt-strawberry-banana-bang-king-25000-puffs-jetzt-da\/#primaryimage\",\"url\":\"https:\/\/vapingnet.de\/wp-content\/uploads\/2025\/04\/bang-25k-vape-Strawberry-Banana.png\",\"contentUrl\":\"https:\/\/vapingnet.de\/wp-content\/uploads\/2025\/04\/bang-25k-vape-Strawberry-Banana.png\",\"width\":1000,\"height\":1000},{\"@type\":\"BreadcrumbList\",\"@id\":\"https:\/\/vapingnet.de\/vape\/weltweit-beliebt-strawberry-banana-bang-king-25000-puffs-jetzt-da\/#breadcrumb\",\"itemListElement\":[{\"@type\":\"ListItem\",\"position\":1,\"name\":\"Home\",\"item\":\"https:\/\/vapingnet.de\/\"},{\"@type\":\"ListItem\",\"position\":2,\"name\":\"Shop\",\"item\":\"https:\/\/vapingnet.de\/vape\/\"},{\"@type\":\"ListItem\",\"position\":3,\"name\":\"Weltweit Beliebt Strawberry Banana Bang King 25000 Puffs Jetzt Da\"}]},{\"@type\":\"WebSite\",\"@id\":\"https:\/\/vapingnet.de\/#website\",\"url\":\"https:\/\/vapingnet.de\/\",\"name\":\"Vapingnet.de\",\"description\":\"\",\"publisher\":{\"@id\":\"https:\/\/vapingnet.de\/#organization\"},\"potentialAction\":[{\"@type\":\"SearchAction\",\"target\":{\"@type\":\"EntryPoint\",\"urlTemplate\":\"https:\/\/vapingnet.de\/?s={search_term_string}\"},\"query-input\":{\"@type\":\"PropertyValueSpecification\",\"valueRequired\":true,\"valueName\":\"search_term_string\"}}],\"inLanguage\":\"pl-PL\"},{\"@type\":\"Organization\",\"@id\":\"https:\/\/vapingnet.de\/#organization\",\"name\":\"Vapingnet.de\",\"url\":\"https:\/\/vapingnet.de\/\",\"logo\":{\"@type\":\"ImageObject\",\"inLanguage\":\"pl-PL\",\"@id\":\"https:\/\/vapingnet.de\/#\/schema\/logo\/image\/\",\"url\":\"https:\/\/vapingnet.de\/wp-content\/uploads\/2025\/03\/cropped-vapingnet.de_.jpg\",\"contentUrl\":\"https:\/\/vapingnet.de\/wp-content\/uploads\/2025\/03\/cropped-vapingnet.de_.jpg\",\"width\":512,\"height\":512,\"caption\":\"Vapingnet.de\"},\"image\":{\"@id\":\"https:\/\/vapingnet.de\/#\/schema\/logo\/image\/\"},\"sameAs\":[\"https:\/\/www.facebook.com\/vapingnetde\/\"]}]}<\/script>\n<!-- \/ Yoast SEO plugin. -->","yoast_head_json":{"title":"Weltweit Beliebt Strawberry Banana Bang King 25000 Puffs Jetzt Da | Vapingnet.de","description":"Entdecke Weltweit Beliebt Strawberry Banana Bang King 25000 Puffs Jetzt Da bei vapingnet.de, \u25ba Gro\u00dfe Auswahl an Geschmacksrichtungen & super g\u00fcnstig!","robots":{"index":"index","follow":"follow","max-snippet":"max-snippet:-1","max-image-preview":"max-image-preview:large","max-video-preview":"max-video-preview:-1"},"canonical":"https:\/\/vapingnet.de\/pl\/vape\/weltweit-beliebt-strawberry-banana-bang-king-25000-puffs-jetzt-da\/","og_locale":"pl_PL","og_type":"article","og_title":"Weltweit Beliebt Strawberry Banana Bang King 25000 Puffs Jetzt Da | Vapingnet.de","og_description":"Entdecke Weltweit Beliebt Strawberry Banana Bang King 25000 Puffs Jetzt Da bei vapingnet.de, \u25ba Gro\u00dfe Auswahl an Geschmacksrichtungen & super g\u00fcnstig!","og_url":"https:\/\/vapingnet.de\/pl\/vape\/weltweit-beliebt-strawberry-banana-bang-king-25000-puffs-jetzt-da\/","og_site_name":"Vapingnet.de","article_publisher":"https:\/\/www.facebook.com\/vapingnetde\/","article_modified_time":"2025-06-19T03:40:04+00:00","og_image":[{"width":1000,"height":1000,"url":"https:\/\/vapingnet.de\/wp-content\/uploads\/2025\/04\/bang-25k-vape-Strawberry-Banana.png","type":"image\/png"}],"twitter_card":"summary_large_image","twitter_misc":{"Est. reading time":"2 minutes"},"schema":{"@context":"https:\/\/schema.org","@graph":[{"@type":"WebPage","@id":"https:\/\/vapingnet.de\/vape\/weltweit-beliebt-strawberry-banana-bang-king-25000-puffs-jetzt-da\/","url":"https:\/\/vapingnet.de\/vape\/weltweit-beliebt-strawberry-banana-bang-king-25000-puffs-jetzt-da\/","name":"Weltweit Beliebt Strawberry Banana Bang King 25000 Puffs Jetzt Da | Vapingnet.de","isPartOf":{"@id":"https:\/\/vapingnet.de\/#website"},"primaryImageOfPage":{"@id":"https:\/\/vapingnet.de\/vape\/weltweit-beliebt-strawberry-banana-bang-king-25000-puffs-jetzt-da\/#primaryimage"},"image":{"@id":"https:\/\/vapingnet.de\/vape\/weltweit-beliebt-strawberry-banana-bang-king-25000-puffs-jetzt-da\/#primaryimage"},"thumbnailUrl":"https:\/\/vapingnet.de\/wp-content\/uploads\/2025\/04\/bang-25k-vape-Strawberry-Banana.png","datePublished":"2025-04-07T02:42:14+00:00","dateModified":"2025-06-19T03:40:04+00:00","description":"Entdecke Weltweit Beliebt Strawberry Banana Bang King 25000 Puffs Jetzt Da bei vapingnet.de, \u25ba Gro\u00dfe Auswahl an Geschmacksrichtungen & super g\u00fcnstig!","breadcrumb":{"@id":"https:\/\/vapingnet.de\/vape\/weltweit-beliebt-strawberry-banana-bang-king-25000-puffs-jetzt-da\/#breadcrumb"},"inLanguage":"pl-PL","potentialAction":[{"@type":"ReadAction","target":["https:\/\/vapingnet.de\/vape\/weltweit-beliebt-strawberry-banana-bang-king-25000-puffs-jetzt-da\/"]}]},{"@type":"ImageObject","inLanguage":"pl-PL","@id":"https:\/\/vapingnet.de\/vape\/weltweit-beliebt-strawberry-banana-bang-king-25000-puffs-jetzt-da\/#primaryimage","url":"https:\/\/vapingnet.de\/wp-content\/uploads\/2025\/04\/bang-25k-vape-Strawberry-Banana.png","contentUrl":"https:\/\/vapingnet.de\/wp-content\/uploads\/2025\/04\/bang-25k-vape-Strawberry-Banana.png","width":1000,"height":1000},{"@type":"BreadcrumbList","@id":"https:\/\/vapingnet.de\/vape\/weltweit-beliebt-strawberry-banana-bang-king-25000-puffs-jetzt-da\/#breadcrumb","itemListElement":[{"@type":"ListItem","position":1,"name":"Home","item":"https:\/\/vapingnet.de\/"},{"@type":"ListItem","position":2,"name":"Shop","item":"https:\/\/vapingnet.de\/vape\/"},{"@type":"ListItem","position":3,"name":"Weltweit Beliebt Strawberry Banana Bang King 25000 Puffs Jetzt Da"}]},{"@type":"WebSite","@id":"https:\/\/vapingnet.de\/#website","url":"https:\/\/vapingnet.de\/","name":"Vapingnet.de","description":"","publisher":{"@id":"https:\/\/vapingnet.de\/#organization"},"potentialAction":[{"@type":"SearchAction","target":{"@type":"EntryPoint","urlTemplate":"https:\/\/vapingnet.de\/?s={search_term_string}"},"query-input":{"@type":"PropertyValueSpecification","valueRequired":true,"valueName":"search_term_string"}}],"inLanguage":"pl-PL"},{"@type":"Organization","@id":"https:\/\/vapingnet.de\/#organization","name":"Vapingnet.de","url":"https:\/\/vapingnet.de\/","logo":{"@type":"ImageObject","inLanguage":"pl-PL","@id":"https:\/\/vapingnet.de\/#\/schema\/logo\/image\/","url":"https:\/\/vapingnet.de\/wp-content\/uploads\/2025\/03\/cropped-vapingnet.de_.jpg","contentUrl":"https:\/\/vapingnet.de\/wp-content\/uploads\/2025\/03\/cropped-vapingnet.de_.jpg","width":512,"height":512,"caption":"Vapingnet.de"},"image":{"@id":"https:\/\/vapingnet.de\/#\/schema\/logo\/image\/"},"sameAs":["https:\/\/www.facebook.com\/vapingnetde\/"]}]}},"tiered_pricing_type":"fixed","tiered_pricing_fixed_rules":{"10":"8.07","60":"7.26","110":"6.46","200":"5.65"},"tiered_pricing_product_settings":{"layout":"default","base_unit_name":{"singular":null,"plural":null},"default_variation":null},"tiered_pricing_minimum_quantity":null,"tiered_pricing_roles_data":[],"tiered_pricing_percentage_rules":[],"_links":{"self":[{"href":"https:\/\/vapingnet.de\/pl\/wp-json\/wp\/v2\/product\/6125","targetHints":{"allow":["GET"]}}],"collection":[{"href":"https:\/\/vapingnet.de\/pl\/wp-json\/wp\/v2\/product"}],"about":[{"href":"https:\/\/vapingnet.de\/pl\/wp-json\/wp\/v2\/types\/product"}],"version-history":[{"count":1,"href":"https:\/\/vapingnet.de\/pl\/wp-json\/wp\/v2\/product\/6125\/revisions"}],"predecessor-version":[{"id":6143,"href":"https:\/\/vapingnet.de\/pl\/wp-json\/wp\/v2\/product\/6125\/revisions\/6143"}],"wp:featuredmedia":[{"embeddable":true,"href":"https:\/\/vapingnet.de\/pl\/wp-json\/wp\/v2\/media\/6135"}],"wp:attachment":[{"href":"https:\/\/vapingnet.de\/pl\/wp-json\/wp\/v2\/media?parent=6125"}],"wp:term":[{"taxonomy":"brand","embeddable":true,"href":"https:\/\/vapingnet.de\/pl\/wp-json\/wp\/v2\/etheme_brands?post=6125"},{"taxonomy":"product_brand","embeddable":true,"href":"https:\/\/vapingnet.de\/pl\/wp-json\/wp\/v2\/product_brand?post=6125"},{"taxonomy":"product_cat","embeddable":true,"href":"https:\/\/vapingnet.de\/pl\/wp-json\/wp\/v2\/product_cat?post=6125"},{"taxonomy":"product_tag","embeddable":true,"href":"https:\/\/vapingnet.de\/pl\/wp-json\/wp\/v2\/product_tag?post=6125"}],"curies":[{"name":"wp","href":"https:\/\/api.w.org\/{rel}","templated":true}]}}