{"id":6126,"date":"2025-04-07T02:42:16","date_gmt":"2025-04-07T02:42:16","guid":{"rendered":"https:\/\/vapingnet.de\/?post_type=product&#038;p=6126"},"modified":"2025-06-19T03:40:03","modified_gmt":"2025-06-19T03:40:03","slug":"juicy-peach-ice-jetzt-testen-bang-king-25000-puffs-zum-toppreis","status":"publish","type":"product","link":"https:\/\/vapingnet.de\/pl\/vape\/juicy-peach-ice-jetzt-testen-bang-king-25000-puffs-zum-toppreis\/","title":{"rendered":"Juicy Peach Ice Przetestuj Teraz Bang King 25000 Puffs W Najlepszej Cenie"},"content":{"rendered":"<h2 data-start=\"56\" data-end=\"166\">Bang King 25000 Puffs Jednorazowa E-papieros: Ultra-d\u0142uga \u017cywotno\u015b\u0107 i wyj\u0105tkowe doznania smakowe<\/h2>\n<p class=\"\" data-start=\"168\" data-end=\"497\">Spo\u015br\u00f3d wielu jednorazowych e-papieros\u00f3w dost\u0119pnych na rynku, Bang King 25000 Puffs wyr\u00f3\u017cnia si\u0119 jako mocny produkt. Oferuje nie tylko niezwykle d\u0142ug\u0105 \u017cywotno\u015b\u0107, ale tak\u017ce bogaty smak i niezapomniane do\u015bwiadczenie inhalacji, kt\u00f3re spe\u0142nia r\u00f3\u017cnorodne potrzeby u\u017cytkownik\u00f3w.<\/p>\n<h4 data-start=\"499\" data-end=\"526\">Ultra-d\u0142uga \u017cywotno\u015b\u0107<\/h4>\n<p class=\"\" data-start=\"528\" data-end=\"915\">Bang King 25000 Puffs wyposa\u017cony jest w podw\u00f3jny design pod\u00f3w, z ka\u017cdym podem o pojemno\u015bci 23 ml. Ka\u017cdy pod zapewnia oko\u0142o 12 500 zaci\u0105gni\u0119\u0107, wi\u0119c ca\u0142kowita \u017cywotno\u015b\u0107 produktu wynosi 25 000 zaci\u0105gni\u0119\u0107. Dla u\u017cytkownik\u00f3w cz\u0119sto korzystaj\u0105cych z e-papierosa, jest to bardzo praktyczny wyb\u00f3r, poniewa\u017c nie musz\u0105 si\u0119 martwi\u0107 o cz\u0119ste nape\u0142nianie lub wymian\u0119.<\/p>\n<h4 data-start=\"917\" data-end=\"960\">R\u00f3\u017cne poziomy nikotyny do wyboru<\/h4>\n<p class=\"\" data-start=\"962\" data-end=\"1357\">Ten jednorazowy e-papieros oferuje cztery poziomy nikotyny: 0%, 2%, 3% i 5%. Ta r\u00f3\u017cnorodno\u015b\u0107 pozwala u\u017cytkownikom wybra\u0107 preferowany poziom, w zale\u017cno\u015bci od tego, czy chc\u0105 stopniowo ogranicza\u0107 nikotyn\u0119, czy szukaj\u0105 mocniejszego efektu gard\u0142a. Opcja 0% jest idealna dla tych, kt\u00f3rzy chc\u0105 ca\u0142kowicie zredukowa\u0107 spo\u017cycie nikotyny, podczas gdy opcja 5% zapewnia intensywniejsze doznania.<\/p>\n<h4 data-start=\"1359\" data-end=\"1411\">Technologia Mesh-Coil dla lepszego smaku<\/h4>\n<p class=\"\" data-start=\"1413\" data-end=\"1726\">Bang King 25000 Puffs korzysta z technologii Mesh-Coil 1.0\u03a9, kt\u00f3ra zapewnia bardziej r\u00f3wnomierne i pe\u0142niejsze wytwarzanie pary. W por\u00f3wnaniu do tradycyjnych spiral drutowych, technologia Mesh-Coil umo\u017cliwia bogatszy smak i \u0142agodniejsze inhalacje, podnosz\u0105c do\u015bwiadczenie inhalacji na wy\u017cszy poziom.<\/p>\n<h4 data-start=\"1728\" data-end=\"1761\">Praktyczne \u0142adowanie i u\u017cytkowanie<\/h4>\n<p class=\"\" data-start=\"1763\" data-end=\"2028\">Urz\u0105dzenie wyposa\u017cone jest w akumulator 650mAh, a nowoczesne z\u0142\u0105cze \u0142adowania Type-C umo\u017cliwia szybkie i \u0142atwe \u0142adowanie. Niezale\u017cnie od tego, czy jeste\u015b w domu, czy w podr\u00f3\u017cy, mo\u017cesz szybko na\u0142adowa\u0107 e-papierosa i cieszy\u0107 si\u0119 d\u0142ugim czasem u\u017cytkowania.<\/p>\n<h4 data-start=\"2030\" data-end=\"2086\">\u015awie\u017cy smak \u2013 przyjemne doznanie owocowe<\/h4>\n<p class=\"\" data-start=\"2088\" data-end=\"2430\">Smak Juicy Peach Ice oferuje intensywny smak brzoskwini, po\u0142\u0105czony z orze\u017awiaj\u0105cym, ch\u0142odnym akcentem. Ka\u017cde zaci\u0105gni\u0119cie przypomina delektowanie si\u0119 \u015bwie\u017c\u0105 brzoskwini\u0105, a lodowaty ch\u0142\u00f3d zapewnia przyjemne od\u015bwie\u017cenie. Ta kombinacja jest idealna na gor\u0105ce dni letnie lub relaksuj\u0105ce popo\u0142udnia.<\/p>\n<h3>Zalety Bang King 25000 Puffs<\/h3>\n<ol data-start=\"2472\" data-end=\"2963\">\n<li class=\"\" data-start=\"2472\" data-end=\"2590\">\n<p class=\"\" data-start=\"2475\" data-end=\"2590\">Darmowa dostawa: Klienci w Polsce korzystaj\u0105 z bezp\u0142atnej dostawy, co eliminuje dodatkowe koszty.<\/p>\n<\/li>\n<li class=\"\" data-start=\"2591\" data-end=\"2753\">\n<p class=\"\" data-start=\"2594\" data-end=\"2753\">Szybka dostawa: Wszystkie zam\u00f3wienia wysy\u0142ane s\u0105 bezpo\u015brednio z naszego magazynu w Deutschland, z przeci\u0119tnym czasem dostawy od 7 do 15 dni roboczych.<\/p>\n<\/li>\n<li class=\"\" data-start=\"2754\" data-end=\"2963\">\n<p class=\"\" data-start=\"2757\" data-end=\"2963\">Doskona\u0142a relacja jako\u015bci do ceny: Bang King 25000 Puffs \u0142\u0105czy ekstremalnie d\u0142ug\u0105 \u017cywotno\u015b\u0107 z wysok\u0105 jako\u015bci\u0105 smaku, co czyni j\u0105 doskona\u0142ym wyborem dla vapor\u00f3w.<\/p>\n<\/li>\n<\/ol>\n<h4>Kup teraz<\/h4>\n<p class=\"\" data-start=\"2983\" data-end=\"3325\">Chcesz sam do\u015bwiadczy\u0107 mocy Bang King 25000 Puffs? Odwied\u017a nasz\u0105 stron\u0119 internetow\u0105 vapingnet.de, aby z\u0142o\u017cy\u0107 zam\u00f3wienie i skorzysta\u0107 z szybkiej, darmowej dostawy. Niezale\u017cnie od tego, czy do codziennego u\u017cytku, czy do dzielenia si\u0119 z przyjaci\u00f3\u0142mi \u2013 ten e-papieros to idealny wyb\u00f3r.<\/p>","protected":false},"excerpt":{"rendered":"<p>Bang King 25000 Puffs Einweg E-Zigarette: Ultra-lange Lebensdauer und au\u00dfergew\u00f6hnliches Geschmackserlebnis Unter den vielen Einweg E-Zigaretten auf dem Markt sticht die Bang King 25000 Puffs&#8230;<\/p>","protected":false},"featured_media":6133,"template":"","meta":[],"etheme_brands":[],"product_brand":[101],"product_cat":[55,49,61],"product_tag":[],"class_list":{"0":"post-6126","1":"product","2":"type-product","3":"status-publish","4":"has-post-thumbnail","6":"product_brand-bang-king-vape","7":"product_cat-vape-25000-zuege","8":"product_cat-einweg-e-zigarette","9":"product_cat-f","11":"first","12":"instock","13":"shipping-taxable","14":"purchasable","15":"product-type-simple"},"yoast_head":"<!-- This site is optimized with the Yoast SEO plugin v26.5 - https:\/\/yoast.com\/wordpress\/plugins\/seo\/ -->\n<title>Juicy Peach Ice Jetzt Testen Bang King 25000 Puffs Zum Toppreis | Vapingnet.de<\/title>\n<meta name=\"description\" content=\"Entdecke Juicy Peach Ice Jetzt Testen Bang King 25000 Puffs Zum Toppreis bei vapingnet.de, \u25ba Gro\u00dfe Auswahl an Geschmacksrichtungen &amp; super g\u00fcnstig!\" \/>\n<meta name=\"robots\" content=\"index, follow, max-snippet:-1, max-image-preview:large, max-video-preview:-1\" \/>\n<link rel=\"canonical\" href=\"https:\/\/vapingnet.de\/pl\/vape\/juicy-peach-ice-jetzt-testen-bang-king-25000-puffs-zum-toppreis\/\" \/>\n<meta property=\"og:locale\" content=\"pl_PL\" \/>\n<meta property=\"og:type\" content=\"article\" \/>\n<meta property=\"og:title\" content=\"Juicy Peach Ice Jetzt Testen Bang King 25000 Puffs Zum Toppreis | Vapingnet.de\" \/>\n<meta property=\"og:description\" content=\"Entdecke Juicy Peach Ice Jetzt Testen Bang King 25000 Puffs Zum Toppreis bei vapingnet.de, \u25ba Gro\u00dfe Auswahl an Geschmacksrichtungen &amp; super g\u00fcnstig!\" \/>\n<meta property=\"og:url\" content=\"https:\/\/vapingnet.de\/pl\/vape\/juicy-peach-ice-jetzt-testen-bang-king-25000-puffs-zum-toppreis\/\" \/>\n<meta property=\"og:site_name\" content=\"Vapingnet.de\" \/>\n<meta property=\"article:publisher\" content=\"https:\/\/www.facebook.com\/vapingnetde\/\" \/>\n<meta property=\"article:modified_time\" content=\"2025-06-19T03:40:03+00:00\" \/>\n<meta property=\"og:image\" content=\"https:\/\/vapingnet.de\/wp-content\/uploads\/2025\/04\/bang-25k-vape-Juicy-Peach-Ice.png\" \/>\n\t<meta property=\"og:image:width\" content=\"1000\" \/>\n\t<meta property=\"og:image:height\" content=\"1000\" \/>\n\t<meta property=\"og:image:type\" content=\"image\/png\" \/>\n<meta name=\"twitter:card\" content=\"summary_large_image\" \/>\n<meta name=\"twitter:label1\" content=\"Est. reading time\" \/>\n\t<meta name=\"twitter:data1\" content=\"3 minutes\" \/>\n<script type=\"application\/ld+json\" class=\"yoast-schema-graph\">{\"@context\":\"https:\/\/schema.org\",\"@graph\":[{\"@type\":\"WebPage\",\"@id\":\"https:\/\/vapingnet.de\/vape\/juicy-peach-ice-jetzt-testen-bang-king-25000-puffs-zum-toppreis\/\",\"url\":\"https:\/\/vapingnet.de\/vape\/juicy-peach-ice-jetzt-testen-bang-king-25000-puffs-zum-toppreis\/\",\"name\":\"Juicy Peach Ice Jetzt Testen Bang King 25000 Puffs Zum Toppreis | Vapingnet.de\",\"isPartOf\":{\"@id\":\"https:\/\/vapingnet.de\/#website\"},\"primaryImageOfPage\":{\"@id\":\"https:\/\/vapingnet.de\/vape\/juicy-peach-ice-jetzt-testen-bang-king-25000-puffs-zum-toppreis\/#primaryimage\"},\"image\":{\"@id\":\"https:\/\/vapingnet.de\/vape\/juicy-peach-ice-jetzt-testen-bang-king-25000-puffs-zum-toppreis\/#primaryimage\"},\"thumbnailUrl\":\"https:\/\/vapingnet.de\/wp-content\/uploads\/2025\/04\/bang-25k-vape-Juicy-Peach-Ice.png\",\"datePublished\":\"2025-04-07T02:42:16+00:00\",\"dateModified\":\"2025-06-19T03:40:03+00:00\",\"description\":\"Entdecke Juicy Peach Ice Jetzt Testen Bang King 25000 Puffs Zum Toppreis bei vapingnet.de, \u25ba Gro\u00dfe Auswahl an Geschmacksrichtungen & super g\u00fcnstig!\",\"breadcrumb\":{\"@id\":\"https:\/\/vapingnet.de\/vape\/juicy-peach-ice-jetzt-testen-bang-king-25000-puffs-zum-toppreis\/#breadcrumb\"},\"inLanguage\":\"pl-PL\",\"potentialAction\":[{\"@type\":\"ReadAction\",\"target\":[\"https:\/\/vapingnet.de\/vape\/juicy-peach-ice-jetzt-testen-bang-king-25000-puffs-zum-toppreis\/\"]}]},{\"@type\":\"ImageObject\",\"inLanguage\":\"pl-PL\",\"@id\":\"https:\/\/vapingnet.de\/vape\/juicy-peach-ice-jetzt-testen-bang-king-25000-puffs-zum-toppreis\/#primaryimage\",\"url\":\"https:\/\/vapingnet.de\/wp-content\/uploads\/2025\/04\/bang-25k-vape-Juicy-Peach-Ice.png\",\"contentUrl\":\"https:\/\/vapingnet.de\/wp-content\/uploads\/2025\/04\/bang-25k-vape-Juicy-Peach-Ice.png\",\"width\":1000,\"height\":1000},{\"@type\":\"BreadcrumbList\",\"@id\":\"https:\/\/vapingnet.de\/vape\/juicy-peach-ice-jetzt-testen-bang-king-25000-puffs-zum-toppreis\/#breadcrumb\",\"itemListElement\":[{\"@type\":\"ListItem\",\"position\":1,\"name\":\"Home\",\"item\":\"https:\/\/vapingnet.de\/\"},{\"@type\":\"ListItem\",\"position\":2,\"name\":\"Shop\",\"item\":\"https:\/\/vapingnet.de\/vape\/\"},{\"@type\":\"ListItem\",\"position\":3,\"name\":\"Juicy Peach Ice Jetzt Testen Bang King 25000 Puffs Zum Toppreis\"}]},{\"@type\":\"WebSite\",\"@id\":\"https:\/\/vapingnet.de\/#website\",\"url\":\"https:\/\/vapingnet.de\/\",\"name\":\"Vapingnet.de\",\"description\":\"\",\"publisher\":{\"@id\":\"https:\/\/vapingnet.de\/#organization\"},\"potentialAction\":[{\"@type\":\"SearchAction\",\"target\":{\"@type\":\"EntryPoint\",\"urlTemplate\":\"https:\/\/vapingnet.de\/?s={search_term_string}\"},\"query-input\":{\"@type\":\"PropertyValueSpecification\",\"valueRequired\":true,\"valueName\":\"search_term_string\"}}],\"inLanguage\":\"pl-PL\"},{\"@type\":\"Organization\",\"@id\":\"https:\/\/vapingnet.de\/#organization\",\"name\":\"Vapingnet.de\",\"url\":\"https:\/\/vapingnet.de\/\",\"logo\":{\"@type\":\"ImageObject\",\"inLanguage\":\"pl-PL\",\"@id\":\"https:\/\/vapingnet.de\/#\/schema\/logo\/image\/\",\"url\":\"https:\/\/vapingnet.de\/wp-content\/uploads\/2025\/03\/cropped-vapingnet.de_.jpg\",\"contentUrl\":\"https:\/\/vapingnet.de\/wp-content\/uploads\/2025\/03\/cropped-vapingnet.de_.jpg\",\"width\":512,\"height\":512,\"caption\":\"Vapingnet.de\"},\"image\":{\"@id\":\"https:\/\/vapingnet.de\/#\/schema\/logo\/image\/\"},\"sameAs\":[\"https:\/\/www.facebook.com\/vapingnetde\/\"]}]}<\/script>\n<!-- \/ Yoast SEO plugin. -->","yoast_head_json":{"title":"Juicy Peach Ice Jetzt Testen Bang King 25000 Puffs Zum Toppreis | Vapingnet.de","description":"Entdecke Juicy Peach Ice Jetzt Testen Bang King 25000 Puffs Zum Toppreis bei vapingnet.de, \u25ba Gro\u00dfe Auswahl an Geschmacksrichtungen & super g\u00fcnstig!","robots":{"index":"index","follow":"follow","max-snippet":"max-snippet:-1","max-image-preview":"max-image-preview:large","max-video-preview":"max-video-preview:-1"},"canonical":"https:\/\/vapingnet.de\/pl\/vape\/juicy-peach-ice-jetzt-testen-bang-king-25000-puffs-zum-toppreis\/","og_locale":"pl_PL","og_type":"article","og_title":"Juicy Peach Ice Jetzt Testen Bang King 25000 Puffs Zum Toppreis | Vapingnet.de","og_description":"Entdecke Juicy Peach Ice Jetzt Testen Bang King 25000 Puffs Zum Toppreis bei vapingnet.de, \u25ba Gro\u00dfe Auswahl an Geschmacksrichtungen & super g\u00fcnstig!","og_url":"https:\/\/vapingnet.de\/pl\/vape\/juicy-peach-ice-jetzt-testen-bang-king-25000-puffs-zum-toppreis\/","og_site_name":"Vapingnet.de","article_publisher":"https:\/\/www.facebook.com\/vapingnetde\/","article_modified_time":"2025-06-19T03:40:03+00:00","og_image":[{"width":1000,"height":1000,"url":"https:\/\/vapingnet.de\/wp-content\/uploads\/2025\/04\/bang-25k-vape-Juicy-Peach-Ice.png","type":"image\/png"}],"twitter_card":"summary_large_image","twitter_misc":{"Est. reading time":"3 minutes"},"schema":{"@context":"https:\/\/schema.org","@graph":[{"@type":"WebPage","@id":"https:\/\/vapingnet.de\/vape\/juicy-peach-ice-jetzt-testen-bang-king-25000-puffs-zum-toppreis\/","url":"https:\/\/vapingnet.de\/vape\/juicy-peach-ice-jetzt-testen-bang-king-25000-puffs-zum-toppreis\/","name":"Juicy Peach Ice Jetzt Testen Bang King 25000 Puffs Zum Toppreis | Vapingnet.de","isPartOf":{"@id":"https:\/\/vapingnet.de\/#website"},"primaryImageOfPage":{"@id":"https:\/\/vapingnet.de\/vape\/juicy-peach-ice-jetzt-testen-bang-king-25000-puffs-zum-toppreis\/#primaryimage"},"image":{"@id":"https:\/\/vapingnet.de\/vape\/juicy-peach-ice-jetzt-testen-bang-king-25000-puffs-zum-toppreis\/#primaryimage"},"thumbnailUrl":"https:\/\/vapingnet.de\/wp-content\/uploads\/2025\/04\/bang-25k-vape-Juicy-Peach-Ice.png","datePublished":"2025-04-07T02:42:16+00:00","dateModified":"2025-06-19T03:40:03+00:00","description":"Entdecke Juicy Peach Ice Jetzt Testen Bang King 25000 Puffs Zum Toppreis bei vapingnet.de, \u25ba Gro\u00dfe Auswahl an Geschmacksrichtungen & super g\u00fcnstig!","breadcrumb":{"@id":"https:\/\/vapingnet.de\/vape\/juicy-peach-ice-jetzt-testen-bang-king-25000-puffs-zum-toppreis\/#breadcrumb"},"inLanguage":"pl-PL","potentialAction":[{"@type":"ReadAction","target":["https:\/\/vapingnet.de\/vape\/juicy-peach-ice-jetzt-testen-bang-king-25000-puffs-zum-toppreis\/"]}]},{"@type":"ImageObject","inLanguage":"pl-PL","@id":"https:\/\/vapingnet.de\/vape\/juicy-peach-ice-jetzt-testen-bang-king-25000-puffs-zum-toppreis\/#primaryimage","url":"https:\/\/vapingnet.de\/wp-content\/uploads\/2025\/04\/bang-25k-vape-Juicy-Peach-Ice.png","contentUrl":"https:\/\/vapingnet.de\/wp-content\/uploads\/2025\/04\/bang-25k-vape-Juicy-Peach-Ice.png","width":1000,"height":1000},{"@type":"BreadcrumbList","@id":"https:\/\/vapingnet.de\/vape\/juicy-peach-ice-jetzt-testen-bang-king-25000-puffs-zum-toppreis\/#breadcrumb","itemListElement":[{"@type":"ListItem","position":1,"name":"Home","item":"https:\/\/vapingnet.de\/"},{"@type":"ListItem","position":2,"name":"Shop","item":"https:\/\/vapingnet.de\/vape\/"},{"@type":"ListItem","position":3,"name":"Juicy Peach Ice Jetzt Testen Bang King 25000 Puffs Zum Toppreis"}]},{"@type":"WebSite","@id":"https:\/\/vapingnet.de\/#website","url":"https:\/\/vapingnet.de\/","name":"Vapingnet.de","description":"","publisher":{"@id":"https:\/\/vapingnet.de\/#organization"},"potentialAction":[{"@type":"SearchAction","target":{"@type":"EntryPoint","urlTemplate":"https:\/\/vapingnet.de\/?s={search_term_string}"},"query-input":{"@type":"PropertyValueSpecification","valueRequired":true,"valueName":"search_term_string"}}],"inLanguage":"pl-PL"},{"@type":"Organization","@id":"https:\/\/vapingnet.de\/#organization","name":"Vapingnet.de","url":"https:\/\/vapingnet.de\/","logo":{"@type":"ImageObject","inLanguage":"pl-PL","@id":"https:\/\/vapingnet.de\/#\/schema\/logo\/image\/","url":"https:\/\/vapingnet.de\/wp-content\/uploads\/2025\/03\/cropped-vapingnet.de_.jpg","contentUrl":"https:\/\/vapingnet.de\/wp-content\/uploads\/2025\/03\/cropped-vapingnet.de_.jpg","width":512,"height":512,"caption":"Vapingnet.de"},"image":{"@id":"https:\/\/vapingnet.de\/#\/schema\/logo\/image\/"},"sameAs":["https:\/\/www.facebook.com\/vapingnetde\/"]}]}},"tiered_pricing_type":"fixed","tiered_pricing_fixed_rules":{"10":"8.07","60":"7.26","110":"6.46","200":"5.65"},"tiered_pricing_product_settings":{"layout":"default","base_unit_name":{"singular":null,"plural":null},"default_variation":null},"tiered_pricing_minimum_quantity":null,"tiered_pricing_roles_data":[],"tiered_pricing_percentage_rules":[],"_links":{"self":[{"href":"https:\/\/vapingnet.de\/pl\/wp-json\/wp\/v2\/product\/6126","targetHints":{"allow":["GET"]}}],"collection":[{"href":"https:\/\/vapingnet.de\/pl\/wp-json\/wp\/v2\/product"}],"about":[{"href":"https:\/\/vapingnet.de\/pl\/wp-json\/wp\/v2\/types\/product"}],"version-history":[{"count":1,"href":"https:\/\/vapingnet.de\/pl\/wp-json\/wp\/v2\/product\/6126\/revisions"}],"predecessor-version":[{"id":6142,"href":"https:\/\/vapingnet.de\/pl\/wp-json\/wp\/v2\/product\/6126\/revisions\/6142"}],"wp:featuredmedia":[{"embeddable":true,"href":"https:\/\/vapingnet.de\/pl\/wp-json\/wp\/v2\/media\/6133"}],"wp:attachment":[{"href":"https:\/\/vapingnet.de\/pl\/wp-json\/wp\/v2\/media?parent=6126"}],"wp:term":[{"taxonomy":"brand","embeddable":true,"href":"https:\/\/vapingnet.de\/pl\/wp-json\/wp\/v2\/etheme_brands?post=6126"},{"taxonomy":"product_brand","embeddable":true,"href":"https:\/\/vapingnet.de\/pl\/wp-json\/wp\/v2\/product_brand?post=6126"},{"taxonomy":"product_cat","embeddable":true,"href":"https:\/\/vapingnet.de\/pl\/wp-json\/wp\/v2\/product_cat?post=6126"},{"taxonomy":"product_tag","embeddable":true,"href":"https:\/\/vapingnet.de\/pl\/wp-json\/wp\/v2\/product_tag?post=6126"}],"curies":[{"name":"wp","href":"https:\/\/api.w.org\/{rel}","templated":true}]}}