{"id":6149,"date":"2025-04-07T03:45:04","date_gmt":"2025-04-07T03:45:04","guid":{"rendered":"https:\/\/vapingnet.de\/?post_type=product&#038;p=6149"},"modified":"2025-06-19T03:40:01","modified_gmt":"2025-06-19T03:40:01","slug":"bang-king-25000-puffs-cherry-bomb-beliebter-vape-zum-bestpreis","status":"publish","type":"product","link":"https:\/\/vapingnet.de\/pl\/vape\/bang-king-25000-puffs-cherry-bomb-beliebter-vape-zum-bestpreis\/","title":{"rendered":"Bang King 25000 Puffs Cherry Bomb Popularny Vape w Najlepszej Cenie"},"content":{"rendered":"<h2 data-start=\"0\" data-end=\"96\">Odkryj nowy smak: Bang King 25000 puffs jednorazowa e-papieros \u2013 Cherry Bomb w testach<\/h2>\n<p class=\"\" data-start=\"98\" data-end=\"485\">Je\u015bli szukasz jednorazowego e-papierosa o wyj\u0105tkowo d\u0142ugiej \u017cywotno\u015bci i intensywnym smaku owocowym, to Bang King 25000 puffs w wersji Cherry Bomb jest dok\u0142adnie dla Ciebie. Ten model zosta\u0142 zaprojektowany dla u\u017cytkownik\u00f3w ceni\u0105cych mocny smak i prostot\u0119 obs\u0142ugi \u2013 bez konieczno\u015bci wymiany pod\u00f3w i z mo\u017cliwo\u015bci\u0105 \u0142adowania akumulatora.<\/p>\n<h3 data-start=\"487\" data-end=\"508\">Dane techniczne:<\/h3>\n<ul data-start=\"510\" data-end=\"953\">\n<li class=\"\" data-start=\"510\" data-end=\"547\">\n<p class=\"\" data-start=\"512\" data-end=\"547\">Model: Bang King 25000 Puffs<\/p>\n<\/li>\n<li class=\"\" data-start=\"548\" data-end=\"578\">\n<p class=\"\" data-start=\"550\" data-end=\"578\">Smak: Cherry Bomb<\/p>\n<\/li>\n<li class=\"\" data-start=\"579\" data-end=\"635\">\n<p class=\"\" data-start=\"581\" data-end=\"635\">Nikotynowe s\u00f3l: do wyboru mi\u0119dzy 0 %, 2 %, 3 %, 5 %<\/p>\n<\/li>\n<li class=\"\" data-start=\"636\" data-end=\"673\">\n<p class=\"\" data-start=\"638\" data-end=\"673\">Grza\u0142ka: Mesh Coil 1,0 Ohm<\/p>\n<\/li>\n<li class=\"\" data-start=\"674\" data-end=\"750\">\n<p class=\"\" data-start=\"676\" data-end=\"750\">Obj\u0119to\u015b\u0107 liquidu: Dual Pod System, po 23 ml (\u0142\u0105cznie oko\u0142o 25 000 puffs)<\/p>\n<\/li>\n<li class=\"\" data-start=\"751\" data-end=\"789\">\n<p class=\"\" data-start=\"753\" data-end=\"789\">Akumulator: 650 mAh, wielokrotnego \u0142adowania<\/p>\n<\/li>\n<li class=\"\" data-start=\"790\" data-end=\"818\">\n<p class=\"\" data-start=\"792\" data-end=\"818\">Gniazdo \u0142adowania: Typ-C<\/p>\n<\/li>\n<li class=\"\" data-start=\"819\" data-end=\"857\">\n<p class=\"\" data-start=\"821\" data-end=\"857\">Typ produktu: Jednorazowy e-papieros<\/p>\n<\/li>\n<li class=\"\" data-start=\"858\" data-end=\"891\">\n<p class=\"\" data-start=\"860\" data-end=\"891\">Czas dostawy: 7\u201315 dni roboczych<\/p>\n<\/li>\n<li class=\"\" data-start=\"892\" data-end=\"928\">\n<p class=\"\" data-start=\"894\" data-end=\"928\">Zaleta: Dostawa bez op\u0142at celnych<\/p>\n<\/li>\n<li class=\"\" data-start=\"929\" data-end=\"953\">\n<p class=\"\" data-start=\"931\" data-end=\"953\">Sklep: vapingnet.de<\/p>\n<\/li>\n<\/ul>\n<h3 data-start=\"955\" data-end=\"978\">Najwa\u017cniejsze cechy produktu:<\/h3>\n<p class=\"\" data-start=\"980\" data-end=\"1307\">Intensywny smak owocowy z efektem uderzenia<br data-start=\"1026\" data-end=\"1029\" \/>Smak <em data-start=\"1043\" data-end=\"1056\">Cherry Bomb<\/em> przekonuje mocnymi aromatami wi\u015bni z s\u0142odk\u0105 nut\u0105. Ka\u017cdy zaci\u0105g jest intensywny i przypomina owocowe uderzenie w usta \u2013 idealny dla mi\u0142o\u015bnik\u00f3w wyrazistych smak\u00f3w. Doskona\u0142y na relaksuj\u0105cy odpoczynek po po\u0142udniu lub wieczorem.<\/p>\n<p class=\"\" data-start=\"1309\" data-end=\"1581\">Dwa du\u017ce pody do wyj\u0105tkowo d\u0142ugiego u\u017cytkowania<br data-start=\"1351\" data-end=\"1354\" \/>W przeciwie\u0144stwie do tradycyjnych jednorazowych urz\u0105dze\u0144, Bang King oferuje system Dual-Pod z pojemno\u015bci\u0105 23 ml liquidu ka\u017cdy. Ca\u0142kowicie urz\u0105dzenie umo\u017cliwia do 25 000 zaci\u0105gni\u0119\u0107 \u2013 wystarczy na kilka tygodni, bez konieczno\u015bci uzupe\u0142niania lub wymiany.<\/p>\n<p class=\"\" data-start=\"1583\" data-end=\"1809\">Technologia Mesh Coil dla mi\u0119kkiego dymu<br data-start=\"1626\" data-end=\"1629\" \/>Dzi\u0119ki grza\u0142ce Mesh o 1,0 Ohm liquid jest r\u00f3wnomiernie odparowywany. Zapewnia to delikatny, aromatyczny dym przy ka\u017cdym u\u017cyciu i podnosi doznania smakowe na nowy poziom.<\/p>\n<p class=\"\" data-start=\"1811\" data-end=\"2033\">Szybkie \u0142adowanie dla nieprzerwanego vapowania<br data-start=\"1866\" data-end=\"1869\" \/>Z wbudowanym akumulatorem 650 mAh i nowoczesnym portem Typ-C mo\u017cesz szybko na\u0142adowa\u0107 Bang King i kontynuowa\u0107 vapowanie bez przerw \u2013 prosto i efektywnie.<\/p>\n<p class=\"\" data-start=\"2035\" data-end=\"2246\">Bez c\u0142a i szybka dostawa<br data-start=\"2069\" data-end=\"2072\" \/>Wszystkie zam\u00f3wienia s\u0105 wysy\u0142ane bezpo\u015brednio z naszego magazynu w Polsce \u2013 bez op\u0142at celnych czy ukrytych koszt\u00f3w. Czas dostawy wynosi zazwyczaj od 7 do 15 dni roboczych.<\/p>\n<p class=\"\" data-start=\"2035\" data-end=\"2246\">Bang King 25000 Puffs Cherry Bomb \u0142\u0105czy du\u017c\u0105 pojemno\u015b\u0107, intensywny smak i elastyczny wyb\u00f3r nikotyny w jednym wydajnym urz\u0105dzeniu jednorazowym. Niezale\u017cnie od tego, czy jeste\u015b do\u015bwiadczonym vaporem, czy ciekawym nowicjuszem \u2013 ten model zapewnia najwy\u017csz\u0105 jako\u015b\u0107 dozna\u0144 vapowania.<\/p>\n<p class=\"\" data-start=\"2522\" data-end=\"2611\">Teraz dost\u0119pne na vapingnet.de \u2013 zdob\u0105d\u017a wybuchowy smak Cherry Bomb.<\/p>","protected":false},"excerpt":{"rendered":"<p>Odkryj nowy smak: Bang King 25000 Pali Jednorazowa e-papieros \u2013 Cherry Bomb w testach Je\u015bli szukasz jednorazowego e-papierosa z...<\/p>","protected":false},"featured_media":6131,"template":"","meta":[],"etheme_brands":[],"product_brand":[101],"product_cat":[55,49,61],"product_tag":[],"class_list":{"0":"post-6149","1":"product","2":"type-product","3":"status-publish","4":"has-post-thumbnail","6":"product_brand-bang-king-vape","7":"product_cat-vape-25000-zuege","8":"product_cat-einweg-e-zigarette","9":"product_cat-f","11":"first","12":"instock","13":"shipping-taxable","14":"purchasable","15":"product-type-simple"},"yoast_head":"<!-- This site is optimized with the Yoast SEO plugin v26.5 - https:\/\/yoast.com\/wordpress\/plugins\/seo\/ -->\n<title>Bang King 25000 Puffs Cherry Bomb Beliebter Vape Zum Bestpreis | Vapingnet.de<\/title>\n<meta name=\"description\" content=\"Entdecke Bang King 25000 Puffs Cherry Bomb Beliebter Vape Zum Bestpreis bei vapingnet.de, \u25ba Gro\u00dfe Auswahl an Geschmacksrichtungen &amp; super g\u00fcnstig!\" \/>\n<meta name=\"robots\" content=\"index, follow, max-snippet:-1, max-image-preview:large, max-video-preview:-1\" \/>\n<link rel=\"canonical\" href=\"https:\/\/vapingnet.de\/pl\/vape\/bang-king-25000-puffs-cherry-bomb-beliebter-vape-zum-bestpreis\/\" \/>\n<meta property=\"og:locale\" content=\"pl_PL\" \/>\n<meta property=\"og:type\" content=\"article\" \/>\n<meta property=\"og:title\" content=\"Bang King 25000 Puffs Cherry Bomb Beliebter Vape Zum Bestpreis | Vapingnet.de\" \/>\n<meta property=\"og:description\" content=\"Entdecke Bang King 25000 Puffs Cherry Bomb Beliebter Vape Zum Bestpreis bei vapingnet.de, \u25ba Gro\u00dfe Auswahl an Geschmacksrichtungen &amp; super g\u00fcnstig!\" \/>\n<meta property=\"og:url\" content=\"https:\/\/vapingnet.de\/pl\/vape\/bang-king-25000-puffs-cherry-bomb-beliebter-vape-zum-bestpreis\/\" \/>\n<meta property=\"og:site_name\" content=\"Vapingnet.de\" \/>\n<meta property=\"article:publisher\" content=\"https:\/\/www.facebook.com\/vapingnetde\/\" \/>\n<meta property=\"article:modified_time\" content=\"2025-06-19T03:40:01+00:00\" \/>\n<meta property=\"og:image\" content=\"https:\/\/vapingnet.de\/wp-content\/uploads\/2025\/04\/bang-25k-vape-Cherry-Bomb.png\" \/>\n\t<meta property=\"og:image:width\" content=\"1000\" \/>\n\t<meta property=\"og:image:height\" content=\"1000\" \/>\n\t<meta property=\"og:image:type\" content=\"image\/png\" \/>\n<meta name=\"twitter:card\" content=\"summary_large_image\" \/>\n<meta name=\"twitter:label1\" content=\"Est. reading time\" \/>\n\t<meta name=\"twitter:data1\" content=\"3 minutes\" \/>\n<script type=\"application\/ld+json\" class=\"yoast-schema-graph\">{\"@context\":\"https:\/\/schema.org\",\"@graph\":[{\"@type\":\"WebPage\",\"@id\":\"https:\/\/vapingnet.de\/vape\/bang-king-25000-puffs-cherry-bomb-beliebter-vape-zum-bestpreis\/\",\"url\":\"https:\/\/vapingnet.de\/vape\/bang-king-25000-puffs-cherry-bomb-beliebter-vape-zum-bestpreis\/\",\"name\":\"Bang King 25000 Puffs Cherry Bomb Beliebter Vape Zum Bestpreis | Vapingnet.de\",\"isPartOf\":{\"@id\":\"https:\/\/vapingnet.de\/#website\"},\"primaryImageOfPage\":{\"@id\":\"https:\/\/vapingnet.de\/vape\/bang-king-25000-puffs-cherry-bomb-beliebter-vape-zum-bestpreis\/#primaryimage\"},\"image\":{\"@id\":\"https:\/\/vapingnet.de\/vape\/bang-king-25000-puffs-cherry-bomb-beliebter-vape-zum-bestpreis\/#primaryimage\"},\"thumbnailUrl\":\"https:\/\/vapingnet.de\/wp-content\/uploads\/2025\/04\/bang-25k-vape-Cherry-Bomb.png\",\"datePublished\":\"2025-04-07T03:45:04+00:00\",\"dateModified\":\"2025-06-19T03:40:01+00:00\",\"description\":\"Entdecke Bang King 25000 Puffs Cherry Bomb Beliebter Vape Zum Bestpreis bei vapingnet.de, \u25ba Gro\u00dfe Auswahl an Geschmacksrichtungen & super g\u00fcnstig!\",\"breadcrumb\":{\"@id\":\"https:\/\/vapingnet.de\/vape\/bang-king-25000-puffs-cherry-bomb-beliebter-vape-zum-bestpreis\/#breadcrumb\"},\"inLanguage\":\"pl-PL\",\"potentialAction\":[{\"@type\":\"ReadAction\",\"target\":[\"https:\/\/vapingnet.de\/vape\/bang-king-25000-puffs-cherry-bomb-beliebter-vape-zum-bestpreis\/\"]}]},{\"@type\":\"ImageObject\",\"inLanguage\":\"pl-PL\",\"@id\":\"https:\/\/vapingnet.de\/vape\/bang-king-25000-puffs-cherry-bomb-beliebter-vape-zum-bestpreis\/#primaryimage\",\"url\":\"https:\/\/vapingnet.de\/wp-content\/uploads\/2025\/04\/bang-25k-vape-Cherry-Bomb.png\",\"contentUrl\":\"https:\/\/vapingnet.de\/wp-content\/uploads\/2025\/04\/bang-25k-vape-Cherry-Bomb.png\",\"width\":1000,\"height\":1000},{\"@type\":\"BreadcrumbList\",\"@id\":\"https:\/\/vapingnet.de\/vape\/bang-king-25000-puffs-cherry-bomb-beliebter-vape-zum-bestpreis\/#breadcrumb\",\"itemListElement\":[{\"@type\":\"ListItem\",\"position\":1,\"name\":\"Home\",\"item\":\"https:\/\/vapingnet.de\/\"},{\"@type\":\"ListItem\",\"position\":2,\"name\":\"Shop\",\"item\":\"https:\/\/vapingnet.de\/vape\/\"},{\"@type\":\"ListItem\",\"position\":3,\"name\":\"Bang King 25000 Puffs Cherry Bomb Beliebter Vape Zum Bestpreis\"}]},{\"@type\":\"WebSite\",\"@id\":\"https:\/\/vapingnet.de\/#website\",\"url\":\"https:\/\/vapingnet.de\/\",\"name\":\"Vapingnet.de\",\"description\":\"\",\"publisher\":{\"@id\":\"https:\/\/vapingnet.de\/#organization\"},\"potentialAction\":[{\"@type\":\"SearchAction\",\"target\":{\"@type\":\"EntryPoint\",\"urlTemplate\":\"https:\/\/vapingnet.de\/?s={search_term_string}\"},\"query-input\":{\"@type\":\"PropertyValueSpecification\",\"valueRequired\":true,\"valueName\":\"search_term_string\"}}],\"inLanguage\":\"pl-PL\"},{\"@type\":\"Organization\",\"@id\":\"https:\/\/vapingnet.de\/#organization\",\"name\":\"Vapingnet.de\",\"url\":\"https:\/\/vapingnet.de\/\",\"logo\":{\"@type\":\"ImageObject\",\"inLanguage\":\"pl-PL\",\"@id\":\"https:\/\/vapingnet.de\/#\/schema\/logo\/image\/\",\"url\":\"https:\/\/vapingnet.de\/wp-content\/uploads\/2025\/03\/cropped-vapingnet.de_.jpg\",\"contentUrl\":\"https:\/\/vapingnet.de\/wp-content\/uploads\/2025\/03\/cropped-vapingnet.de_.jpg\",\"width\":512,\"height\":512,\"caption\":\"Vapingnet.de\"},\"image\":{\"@id\":\"https:\/\/vapingnet.de\/#\/schema\/logo\/image\/\"},\"sameAs\":[\"https:\/\/www.facebook.com\/vapingnetde\/\"]}]}<\/script>\n<!-- \/ Yoast SEO plugin. -->","yoast_head_json":{"title":"Bang King 25000 Puffs Cherry Bomb Beliebter Vape Zum Bestpreis | Vapingnet.de","description":"Entdecke Bang King 25000 Puffs Cherry Bomb Beliebter Vape Zum Bestpreis bei vapingnet.de, \u25ba Gro\u00dfe Auswahl an Geschmacksrichtungen & super g\u00fcnstig!","robots":{"index":"index","follow":"follow","max-snippet":"max-snippet:-1","max-image-preview":"max-image-preview:large","max-video-preview":"max-video-preview:-1"},"canonical":"https:\/\/vapingnet.de\/pl\/vape\/bang-king-25000-puffs-cherry-bomb-beliebter-vape-zum-bestpreis\/","og_locale":"pl_PL","og_type":"article","og_title":"Bang King 25000 Puffs Cherry Bomb Beliebter Vape Zum Bestpreis | Vapingnet.de","og_description":"Entdecke Bang King 25000 Puffs Cherry Bomb Beliebter Vape Zum Bestpreis bei vapingnet.de, \u25ba Gro\u00dfe Auswahl an Geschmacksrichtungen & super g\u00fcnstig!","og_url":"https:\/\/vapingnet.de\/pl\/vape\/bang-king-25000-puffs-cherry-bomb-beliebter-vape-zum-bestpreis\/","og_site_name":"Vapingnet.de","article_publisher":"https:\/\/www.facebook.com\/vapingnetde\/","article_modified_time":"2025-06-19T03:40:01+00:00","og_image":[{"width":1000,"height":1000,"url":"https:\/\/vapingnet.de\/wp-content\/uploads\/2025\/04\/bang-25k-vape-Cherry-Bomb.png","type":"image\/png"}],"twitter_card":"summary_large_image","twitter_misc":{"Est. reading time":"3 minutes"},"schema":{"@context":"https:\/\/schema.org","@graph":[{"@type":"WebPage","@id":"https:\/\/vapingnet.de\/vape\/bang-king-25000-puffs-cherry-bomb-beliebter-vape-zum-bestpreis\/","url":"https:\/\/vapingnet.de\/vape\/bang-king-25000-puffs-cherry-bomb-beliebter-vape-zum-bestpreis\/","name":"Bang King 25000 Puffs Cherry Bomb Beliebter Vape Zum Bestpreis | Vapingnet.de","isPartOf":{"@id":"https:\/\/vapingnet.de\/#website"},"primaryImageOfPage":{"@id":"https:\/\/vapingnet.de\/vape\/bang-king-25000-puffs-cherry-bomb-beliebter-vape-zum-bestpreis\/#primaryimage"},"image":{"@id":"https:\/\/vapingnet.de\/vape\/bang-king-25000-puffs-cherry-bomb-beliebter-vape-zum-bestpreis\/#primaryimage"},"thumbnailUrl":"https:\/\/vapingnet.de\/wp-content\/uploads\/2025\/04\/bang-25k-vape-Cherry-Bomb.png","datePublished":"2025-04-07T03:45:04+00:00","dateModified":"2025-06-19T03:40:01+00:00","description":"Entdecke Bang King 25000 Puffs Cherry Bomb Beliebter Vape Zum Bestpreis bei vapingnet.de, \u25ba Gro\u00dfe Auswahl an Geschmacksrichtungen & super g\u00fcnstig!","breadcrumb":{"@id":"https:\/\/vapingnet.de\/vape\/bang-king-25000-puffs-cherry-bomb-beliebter-vape-zum-bestpreis\/#breadcrumb"},"inLanguage":"pl-PL","potentialAction":[{"@type":"ReadAction","target":["https:\/\/vapingnet.de\/vape\/bang-king-25000-puffs-cherry-bomb-beliebter-vape-zum-bestpreis\/"]}]},{"@type":"ImageObject","inLanguage":"pl-PL","@id":"https:\/\/vapingnet.de\/vape\/bang-king-25000-puffs-cherry-bomb-beliebter-vape-zum-bestpreis\/#primaryimage","url":"https:\/\/vapingnet.de\/wp-content\/uploads\/2025\/04\/bang-25k-vape-Cherry-Bomb.png","contentUrl":"https:\/\/vapingnet.de\/wp-content\/uploads\/2025\/04\/bang-25k-vape-Cherry-Bomb.png","width":1000,"height":1000},{"@type":"BreadcrumbList","@id":"https:\/\/vapingnet.de\/vape\/bang-king-25000-puffs-cherry-bomb-beliebter-vape-zum-bestpreis\/#breadcrumb","itemListElement":[{"@type":"ListItem","position":1,"name":"Home","item":"https:\/\/vapingnet.de\/"},{"@type":"ListItem","position":2,"name":"Shop","item":"https:\/\/vapingnet.de\/vape\/"},{"@type":"ListItem","position":3,"name":"Bang King 25000 Puffs Cherry Bomb Beliebter Vape Zum Bestpreis"}]},{"@type":"WebSite","@id":"https:\/\/vapingnet.de\/#website","url":"https:\/\/vapingnet.de\/","name":"Vapingnet.de","description":"","publisher":{"@id":"https:\/\/vapingnet.de\/#organization"},"potentialAction":[{"@type":"SearchAction","target":{"@type":"EntryPoint","urlTemplate":"https:\/\/vapingnet.de\/?s={search_term_string}"},"query-input":{"@type":"PropertyValueSpecification","valueRequired":true,"valueName":"search_term_string"}}],"inLanguage":"pl-PL"},{"@type":"Organization","@id":"https:\/\/vapingnet.de\/#organization","name":"Vapingnet.de","url":"https:\/\/vapingnet.de\/","logo":{"@type":"ImageObject","inLanguage":"pl-PL","@id":"https:\/\/vapingnet.de\/#\/schema\/logo\/image\/","url":"https:\/\/vapingnet.de\/wp-content\/uploads\/2025\/03\/cropped-vapingnet.de_.jpg","contentUrl":"https:\/\/vapingnet.de\/wp-content\/uploads\/2025\/03\/cropped-vapingnet.de_.jpg","width":512,"height":512,"caption":"Vapingnet.de"},"image":{"@id":"https:\/\/vapingnet.de\/#\/schema\/logo\/image\/"},"sameAs":["https:\/\/www.facebook.com\/vapingnetde\/"]}]}},"tiered_pricing_type":"fixed","tiered_pricing_fixed_rules":{"10":"8.07","60":"7.26","110":"6.46","200":"5.65"},"tiered_pricing_product_settings":{"layout":"default","base_unit_name":{"singular":null,"plural":null},"default_variation":null},"tiered_pricing_minimum_quantity":null,"tiered_pricing_roles_data":[],"tiered_pricing_percentage_rules":[],"_links":{"self":[{"href":"https:\/\/vapingnet.de\/pl\/wp-json\/wp\/v2\/product\/6149","targetHints":{"allow":["GET"]}}],"collection":[{"href":"https:\/\/vapingnet.de\/pl\/wp-json\/wp\/v2\/product"}],"about":[{"href":"https:\/\/vapingnet.de\/pl\/wp-json\/wp\/v2\/types\/product"}],"version-history":[{"count":3,"href":"https:\/\/vapingnet.de\/pl\/wp-json\/wp\/v2\/product\/6149\/revisions"}],"predecessor-version":[{"id":6163,"href":"https:\/\/vapingnet.de\/pl\/wp-json\/wp\/v2\/product\/6149\/revisions\/6163"}],"wp:featuredmedia":[{"embeddable":true,"href":"https:\/\/vapingnet.de\/pl\/wp-json\/wp\/v2\/media\/6131"}],"wp:attachment":[{"href":"https:\/\/vapingnet.de\/pl\/wp-json\/wp\/v2\/media?parent=6149"}],"wp:term":[{"taxonomy":"brand","embeddable":true,"href":"https:\/\/vapingnet.de\/pl\/wp-json\/wp\/v2\/etheme_brands?post=6149"},{"taxonomy":"product_brand","embeddable":true,"href":"https:\/\/vapingnet.de\/pl\/wp-json\/wp\/v2\/product_brand?post=6149"},{"taxonomy":"product_cat","embeddable":true,"href":"https:\/\/vapingnet.de\/pl\/wp-json\/wp\/v2\/product_cat?post=6149"},{"taxonomy":"product_tag","embeddable":true,"href":"https:\/\/vapingnet.de\/pl\/wp-json\/wp\/v2\/product_tag?post=6149"}],"curies":[{"name":"wp","href":"https:\/\/api.w.org\/{rel}","templated":true}]}}