{"id":6150,"date":"2025-04-07T03:45:05","date_gmt":"2025-04-07T03:45:05","guid":{"rendered":"https:\/\/vapingnet.de\/?post_type=product&#038;p=6150"},"modified":"2025-06-19T03:40:01","modified_gmt":"2025-06-19T03:40:01","slug":"bang-king-25000-puffs-triple-berry-ice-top-geschmack-keine-zollgebuehren","status":"publish","type":"product","link":"https:\/\/vapingnet.de\/pl\/vape\/bang-king-25000-puffs-triple-berry-ice-top-geschmack-keine-zollgebuehren\/","title":{"rendered":"Bang King 25000 Puffs Triple Berry Ice Najlepszy smak Brak op\u0142at celnych"},"content":{"rendered":"<h2 data-start=\"0\" data-end=\"73\">Bang King 25000 Puffs Jednorazowa E-papieros \u2013 Smak Triple Berry Ice<\/h2>\n<p class=\"\" data-start=\"75\" data-end=\"428\">Dla mi\u0142o\u015bnik\u00f3w e-papieros\u00f3w to marzenie, znale\u017a\u0107 wysokiej jako\u015bci, d\u0142ugotrwa\u0142e i bogate w smak urz\u0105dzenie. Nowy Bang King 25000 Puffs, z smakiem Triple Berry Ice (Potr\u00f3jne Jagody z Lodem), oferuje unikalne do\u015bwiadczenie vapowania, kt\u00f3re spe\u0142ni wszystkie Twoje wymagania dotycz\u0105ce smaku, wygody i wydajno\u015bci.<\/p>\n<h4 data-start=\"430\" data-end=\"451\">Przegl\u0105d produktu:<\/h4>\n<ul data-start=\"453\" data-end=\"931\">\n<li class=\"\" data-start=\"453\" data-end=\"490\">\n<p class=\"\" data-start=\"455\" data-end=\"490\">Model: Bang King 25000 Puffs<\/p>\n<\/li>\n<li class=\"\" data-start=\"491\" data-end=\"549\">\n<p class=\"\" data-start=\"493\" data-end=\"549\">Smak: Triple Berry Ice (Potr\u00f3jne Jagody z Lodem)<\/p>\n<\/li>\n<li class=\"\" data-start=\"550\" data-end=\"600\">\n<p class=\"\" data-start=\"552\" data-end=\"600\">St\u0119\u017cenie soli nikotynowej: 0%, 2%, 3%, 5%<\/p>\n<\/li>\n<li class=\"\" data-start=\"601\" data-end=\"635\">\n<p class=\"\" data-start=\"603\" data-end=\"635\">Podgrzewacz: Mesh Coil 1,0\u03a9<\/p>\n<\/li>\n<li class=\"\" data-start=\"636\" data-end=\"715\">\n<p class=\"\" data-start=\"638\" data-end=\"715\">Pojemno\u015b\u0107 liquidu: 23ml + 23ml (dwa wk\u0142ady, ka\u017cdy zapewnia 12 500 zaci\u0105gni\u0119\u0107)<\/p>\n<\/li>\n<li class=\"\" data-start=\"716\" data-end=\"740\">\n<p class=\"\" data-start=\"718\" data-end=\"740\">Bateria: 650mAh<\/p>\n<\/li>\n<li class=\"\" data-start=\"741\" data-end=\"770\">\n<p class=\"\" data-start=\"743\" data-end=\"770\">Port \u0142adowania: Type-C<\/p>\n<\/li>\n<li class=\"\" data-start=\"771\" data-end=\"809\">\n<p class=\"\" data-start=\"773\" data-end=\"809\">Typ produktu: Jednorazowy e-papieros<\/p>\n<\/li>\n<li class=\"\" data-start=\"810\" data-end=\"843\">\n<p class=\"\" data-start=\"812\" data-end=\"843\">Czas dostawy: 7-15 dni roboczych<\/p>\n<\/li>\n<li class=\"\" data-start=\"844\" data-end=\"880\">\n<p class=\"\" data-start=\"846\" data-end=\"880\">Zaleta: Dostawa bez op\u0142at celnych<\/p>\n<\/li>\n<li class=\"\" data-start=\"881\" data-end=\"931\">\n<p class=\"\" data-start=\"883\" data-end=\"931\">Kup: vapingnet.de<\/p>\n<\/li>\n<\/ul>\n<h4 data-start=\"933\" data-end=\"956\">Najwa\u017cniejsze cechy produktu:<\/h4>\n<p class=\"\" data-start=\"958\" data-end=\"1398\">1. Smak Triple Berry Ice \u2013 \u015bwie\u017cy i orze\u017awiaj\u0105cy<br data-start=\"1016\" data-end=\"1019\" \/>Smak Triple Berry Ice \u0142\u0105czy s\u0142odycz kilku jag\u00f3d z orze\u017awiaj\u0105cym, lodowym ch\u0142odem. Ka\u017cde zaci\u0105gni\u0119cie zapewnia intensywne doznania owocowe z przyjemn\u0105 \u015bwie\u017co\u015bci\u0105 \u2013 idealne na ciep\u0142e dni letnie lub relaksuj\u0105ce chwile. Ta mieszanka owocowego smaku i ch\u0142odnej \u015bwie\u017co\u015bci jest obowi\u0105zkowa dla wszystkich poszukuj\u0105cych intensywnych dozna\u0144 smakowych.<\/p>\n<p class=\"\" data-start=\"1400\" data-end=\"1744\">2. D\u0142ugi czas u\u017cytkowania na ca\u0142y dzie\u0144<br data-start=\"1445\" data-end=\"1448\" \/>Bang King 25000 Puffs posiada podw\u00f3jny design wk\u0142ad\u00f3w, gdzie ka\u017cdy wk\u0142ad mie\u015bci 23 ml liquidu, co daje \u0142\u0105cznie 46 ml liquidu do u\u017cycia. Oznacza to, \u017ce mo\u017cesz cieszy\u0107 si\u0119 do 25 000 zaci\u0105gni\u0119\u0107 \u2013 idealne dla u\u017cytkownik\u00f3w, kt\u00f3rzy nie chc\u0105 cz\u0119sto uzupe\u0142nia\u0107 lub wymienia\u0107 wk\u0142ad\u00f3w.<\/p>\n<p class=\"\" data-start=\"1746\" data-end=\"2086\">3. Technologia Mesh Coil dla delikatnego do\u015bwiadczenia vapowania<br data-start=\"1804\" data-end=\"1807\" \/>Dzi\u0119ki technologii Mesh Coil 1,0\u03a9 liquid jest r\u00f3wnomiernie podgrzewany, co zapewnia delikatny, jednolity dym. Oznacza to dla Ciebie lepsze doznania smakowe i przyjemn\u0105 produkcj\u0119 pary \u2013 idealne dla vapowicz\u00f3w ceni\u0105cych wysokiej jako\u015bci technologi\u0119.<\/p>\n<p class=\"\" data-start=\"2088\" data-end=\"2340\">Szybkie \u0142adowanie Type-C do ci\u0105g\u0142ego parowania<br data-start=\"2144\" data-end=\"2147\" \/>Akumulator 650mAh jest \u0142adowany przez port Type-C, co zapewnia szybki czas \u0142adowania. Dzi\u0119ki temu mo\u017cesz szybko ponownie uruchomi\u0107 e-papierosa i korzysta\u0107 z niego bez problemu w podr\u00f3\u017cy.<\/p>\n<h3>Dlaczego warto wybra\u0107 Bang King 25000 Puffs?<\/h3>\n<p class=\"\" data-start=\"2676\" data-end=\"3040\">Je\u015bli szukasz trwa\u0142ego, wydajnego e-papierosa, kt\u00f3re zapewni intensywne doznania smakowe, to Bang King 25000 Puffs z Triple Berry Ice jest idealnym wyborem dla Ciebie. \u0141\u0105czy d\u0142ug\u0105 \u017cywotno\u015b\u0107, r\u00f3\u017cne opcje nikotyny i doskona\u0142\u0105 technologi\u0119, co czyni go doskona\u0142ym wyborem dla ka\u017cdego vapera.<\/p>\n<h4 data-start=\"3042\" data-end=\"3095\">Kup teraz i ciesz si\u0119 najlepszym do\u015bwiadczeniem<\/h4>\n<p class=\"\" data-start=\"3097\" data-end=\"3323\">Odwied\u017a teraz vapingnet.de, aby zabezpieczy\u0107 Bang King 25000 Puffs i do\u015bwiadczy\u0107 unikalnego smaku Triple Berry Ice \u2013 orze\u017awiaj\u0105cego i owocowego do\u015bwiadczenia vapowania, kt\u00f3rego nie mo\u017cesz przegapi\u0107!<\/p>","protected":false},"excerpt":{"rendered":"<p>Bang King 25000 Pali Jednorazowy e-papieros \u2013 Smak Triple Berry Ice Dla mi\u0142o\u015bnik\u00f3w e-papieros\u00f3w to marzenie, wysokiej jako\u015bci, trwa\u0142e i bogate w smak urz\u0105dzenie...<\/p>","protected":false},"featured_media":6137,"template":"","meta":[],"etheme_brands":[],"product_brand":[101],"product_cat":[55,49,61],"product_tag":[],"class_list":{"0":"post-6150","1":"product","2":"type-product","3":"status-publish","4":"has-post-thumbnail","6":"product_brand-bang-king-vape","7":"product_cat-vape-25000-zuege","8":"product_cat-einweg-e-zigarette","9":"product_cat-f","11":"first","12":"instock","13":"shipping-taxable","14":"purchasable","15":"product-type-simple"},"yoast_head":"<!-- This site is optimized with the Yoast SEO plugin v26.5 - https:\/\/yoast.com\/wordpress\/plugins\/seo\/ -->\n<title>Bang King 25000 Puffs Triple Berry Ice Top Geschmack Keine Zollgeb\u00fchren | Vapingnet.de<\/title>\n<meta name=\"description\" content=\"Entdecke Bang King 25000 Puffs Triple Berry Ice Top Geschmack Keine Zollgeb\u00fchren bei vapingnet.de, \u25ba Gro\u00dfe Auswahl an Geschmacksrichtungen &amp; super g\u00fcnstig!\" \/>\n<meta name=\"robots\" content=\"index, follow, max-snippet:-1, max-image-preview:large, max-video-preview:-1\" \/>\n<link rel=\"canonical\" href=\"https:\/\/vapingnet.de\/pl\/vape\/bang-king-25000-puffs-triple-berry-ice-top-geschmack-keine-zollgebuehren\/\" \/>\n<meta property=\"og:locale\" content=\"pl_PL\" \/>\n<meta property=\"og:type\" content=\"article\" \/>\n<meta property=\"og:title\" content=\"Bang King 25000 Puffs Triple Berry Ice Top Geschmack Keine Zollgeb\u00fchren | Vapingnet.de\" \/>\n<meta property=\"og:description\" content=\"Entdecke Bang King 25000 Puffs Triple Berry Ice Top Geschmack Keine Zollgeb\u00fchren bei vapingnet.de, \u25ba Gro\u00dfe Auswahl an Geschmacksrichtungen &amp; super g\u00fcnstig!\" \/>\n<meta property=\"og:url\" content=\"https:\/\/vapingnet.de\/pl\/vape\/bang-king-25000-puffs-triple-berry-ice-top-geschmack-keine-zollgebuehren\/\" \/>\n<meta property=\"og:site_name\" content=\"Vapingnet.de\" \/>\n<meta property=\"article:publisher\" content=\"https:\/\/www.facebook.com\/vapingnetde\/\" \/>\n<meta property=\"article:modified_time\" content=\"2025-06-19T03:40:01+00:00\" \/>\n<meta property=\"og:image\" content=\"https:\/\/vapingnet.de\/wp-content\/uploads\/2025\/04\/bang-25k-vape-Triple-Berry-Ice.png\" \/>\n\t<meta property=\"og:image:width\" content=\"1000\" \/>\n\t<meta property=\"og:image:height\" content=\"1000\" \/>\n\t<meta property=\"og:image:type\" content=\"image\/png\" \/>\n<meta name=\"twitter:card\" content=\"summary_large_image\" \/>\n<meta name=\"twitter:label1\" content=\"Est. reading time\" \/>\n\t<meta name=\"twitter:data1\" content=\"3 minutes\" \/>\n<script type=\"application\/ld+json\" class=\"yoast-schema-graph\">{\"@context\":\"https:\/\/schema.org\",\"@graph\":[{\"@type\":\"WebPage\",\"@id\":\"https:\/\/vapingnet.de\/vape\/bang-king-25000-puffs-triple-berry-ice-top-geschmack-keine-zollgebuehren\/\",\"url\":\"https:\/\/vapingnet.de\/vape\/bang-king-25000-puffs-triple-berry-ice-top-geschmack-keine-zollgebuehren\/\",\"name\":\"Bang King 25000 Puffs Triple Berry Ice Top Geschmack Keine Zollgeb\u00fchren | Vapingnet.de\",\"isPartOf\":{\"@id\":\"https:\/\/vapingnet.de\/#website\"},\"primaryImageOfPage\":{\"@id\":\"https:\/\/vapingnet.de\/vape\/bang-king-25000-puffs-triple-berry-ice-top-geschmack-keine-zollgebuehren\/#primaryimage\"},\"image\":{\"@id\":\"https:\/\/vapingnet.de\/vape\/bang-king-25000-puffs-triple-berry-ice-top-geschmack-keine-zollgebuehren\/#primaryimage\"},\"thumbnailUrl\":\"https:\/\/vapingnet.de\/wp-content\/uploads\/2025\/04\/bang-25k-vape-Triple-Berry-Ice.png\",\"datePublished\":\"2025-04-07T03:45:05+00:00\",\"dateModified\":\"2025-06-19T03:40:01+00:00\",\"description\":\"Entdecke Bang King 25000 Puffs Triple Berry Ice Top Geschmack Keine Zollgeb\u00fchren bei vapingnet.de, \u25ba Gro\u00dfe Auswahl an Geschmacksrichtungen & super g\u00fcnstig!\",\"breadcrumb\":{\"@id\":\"https:\/\/vapingnet.de\/vape\/bang-king-25000-puffs-triple-berry-ice-top-geschmack-keine-zollgebuehren\/#breadcrumb\"},\"inLanguage\":\"pl-PL\",\"potentialAction\":[{\"@type\":\"ReadAction\",\"target\":[\"https:\/\/vapingnet.de\/vape\/bang-king-25000-puffs-triple-berry-ice-top-geschmack-keine-zollgebuehren\/\"]}]},{\"@type\":\"ImageObject\",\"inLanguage\":\"pl-PL\",\"@id\":\"https:\/\/vapingnet.de\/vape\/bang-king-25000-puffs-triple-berry-ice-top-geschmack-keine-zollgebuehren\/#primaryimage\",\"url\":\"https:\/\/vapingnet.de\/wp-content\/uploads\/2025\/04\/bang-25k-vape-Triple-Berry-Ice.png\",\"contentUrl\":\"https:\/\/vapingnet.de\/wp-content\/uploads\/2025\/04\/bang-25k-vape-Triple-Berry-Ice.png\",\"width\":1000,\"height\":1000},{\"@type\":\"BreadcrumbList\",\"@id\":\"https:\/\/vapingnet.de\/vape\/bang-king-25000-puffs-triple-berry-ice-top-geschmack-keine-zollgebuehren\/#breadcrumb\",\"itemListElement\":[{\"@type\":\"ListItem\",\"position\":1,\"name\":\"Home\",\"item\":\"https:\/\/vapingnet.de\/\"},{\"@type\":\"ListItem\",\"position\":2,\"name\":\"Shop\",\"item\":\"https:\/\/vapingnet.de\/vape\/\"},{\"@type\":\"ListItem\",\"position\":3,\"name\":\"Bang King 25000 Puffs Triple Berry Ice Top Geschmack Keine Zollgeb\u00fchren\"}]},{\"@type\":\"WebSite\",\"@id\":\"https:\/\/vapingnet.de\/#website\",\"url\":\"https:\/\/vapingnet.de\/\",\"name\":\"Vapingnet.de\",\"description\":\"\",\"publisher\":{\"@id\":\"https:\/\/vapingnet.de\/#organization\"},\"potentialAction\":[{\"@type\":\"SearchAction\",\"target\":{\"@type\":\"EntryPoint\",\"urlTemplate\":\"https:\/\/vapingnet.de\/?s={search_term_string}\"},\"query-input\":{\"@type\":\"PropertyValueSpecification\",\"valueRequired\":true,\"valueName\":\"search_term_string\"}}],\"inLanguage\":\"pl-PL\"},{\"@type\":\"Organization\",\"@id\":\"https:\/\/vapingnet.de\/#organization\",\"name\":\"Vapingnet.de\",\"url\":\"https:\/\/vapingnet.de\/\",\"logo\":{\"@type\":\"ImageObject\",\"inLanguage\":\"pl-PL\",\"@id\":\"https:\/\/vapingnet.de\/#\/schema\/logo\/image\/\",\"url\":\"https:\/\/vapingnet.de\/wp-content\/uploads\/2025\/03\/cropped-vapingnet.de_.jpg\",\"contentUrl\":\"https:\/\/vapingnet.de\/wp-content\/uploads\/2025\/03\/cropped-vapingnet.de_.jpg\",\"width\":512,\"height\":512,\"caption\":\"Vapingnet.de\"},\"image\":{\"@id\":\"https:\/\/vapingnet.de\/#\/schema\/logo\/image\/\"},\"sameAs\":[\"https:\/\/www.facebook.com\/vapingnetde\/\"]}]}<\/script>\n<!-- \/ Yoast SEO plugin. -->","yoast_head_json":{"title":"Bang King 25000 Puffs Triple Berry Ice Top Geschmack Keine Zollgeb\u00fchren | Vapingnet.de","description":"Entdecke Bang King 25000 Puffs Triple Berry Ice Top Geschmack Keine Zollgeb\u00fchren bei vapingnet.de, \u25ba Gro\u00dfe Auswahl an Geschmacksrichtungen & super g\u00fcnstig!","robots":{"index":"index","follow":"follow","max-snippet":"max-snippet:-1","max-image-preview":"max-image-preview:large","max-video-preview":"max-video-preview:-1"},"canonical":"https:\/\/vapingnet.de\/pl\/vape\/bang-king-25000-puffs-triple-berry-ice-top-geschmack-keine-zollgebuehren\/","og_locale":"pl_PL","og_type":"article","og_title":"Bang King 25000 Puffs Triple Berry Ice Top Geschmack Keine Zollgeb\u00fchren | Vapingnet.de","og_description":"Entdecke Bang King 25000 Puffs Triple Berry Ice Top Geschmack Keine Zollgeb\u00fchren bei vapingnet.de, \u25ba Gro\u00dfe Auswahl an Geschmacksrichtungen & super g\u00fcnstig!","og_url":"https:\/\/vapingnet.de\/pl\/vape\/bang-king-25000-puffs-triple-berry-ice-top-geschmack-keine-zollgebuehren\/","og_site_name":"Vapingnet.de","article_publisher":"https:\/\/www.facebook.com\/vapingnetde\/","article_modified_time":"2025-06-19T03:40:01+00:00","og_image":[{"width":1000,"height":1000,"url":"https:\/\/vapingnet.de\/wp-content\/uploads\/2025\/04\/bang-25k-vape-Triple-Berry-Ice.png","type":"image\/png"}],"twitter_card":"summary_large_image","twitter_misc":{"Est. reading time":"3 minutes"},"schema":{"@context":"https:\/\/schema.org","@graph":[{"@type":"WebPage","@id":"https:\/\/vapingnet.de\/vape\/bang-king-25000-puffs-triple-berry-ice-top-geschmack-keine-zollgebuehren\/","url":"https:\/\/vapingnet.de\/vape\/bang-king-25000-puffs-triple-berry-ice-top-geschmack-keine-zollgebuehren\/","name":"Bang King 25000 Puffs Triple Berry Ice Top Geschmack Keine Zollgeb\u00fchren | Vapingnet.de","isPartOf":{"@id":"https:\/\/vapingnet.de\/#website"},"primaryImageOfPage":{"@id":"https:\/\/vapingnet.de\/vape\/bang-king-25000-puffs-triple-berry-ice-top-geschmack-keine-zollgebuehren\/#primaryimage"},"image":{"@id":"https:\/\/vapingnet.de\/vape\/bang-king-25000-puffs-triple-berry-ice-top-geschmack-keine-zollgebuehren\/#primaryimage"},"thumbnailUrl":"https:\/\/vapingnet.de\/wp-content\/uploads\/2025\/04\/bang-25k-vape-Triple-Berry-Ice.png","datePublished":"2025-04-07T03:45:05+00:00","dateModified":"2025-06-19T03:40:01+00:00","description":"Entdecke Bang King 25000 Puffs Triple Berry Ice Top Geschmack Keine Zollgeb\u00fchren bei vapingnet.de, \u25ba Gro\u00dfe Auswahl an Geschmacksrichtungen & super g\u00fcnstig!","breadcrumb":{"@id":"https:\/\/vapingnet.de\/vape\/bang-king-25000-puffs-triple-berry-ice-top-geschmack-keine-zollgebuehren\/#breadcrumb"},"inLanguage":"pl-PL","potentialAction":[{"@type":"ReadAction","target":["https:\/\/vapingnet.de\/vape\/bang-king-25000-puffs-triple-berry-ice-top-geschmack-keine-zollgebuehren\/"]}]},{"@type":"ImageObject","inLanguage":"pl-PL","@id":"https:\/\/vapingnet.de\/vape\/bang-king-25000-puffs-triple-berry-ice-top-geschmack-keine-zollgebuehren\/#primaryimage","url":"https:\/\/vapingnet.de\/wp-content\/uploads\/2025\/04\/bang-25k-vape-Triple-Berry-Ice.png","contentUrl":"https:\/\/vapingnet.de\/wp-content\/uploads\/2025\/04\/bang-25k-vape-Triple-Berry-Ice.png","width":1000,"height":1000},{"@type":"BreadcrumbList","@id":"https:\/\/vapingnet.de\/vape\/bang-king-25000-puffs-triple-berry-ice-top-geschmack-keine-zollgebuehren\/#breadcrumb","itemListElement":[{"@type":"ListItem","position":1,"name":"Home","item":"https:\/\/vapingnet.de\/"},{"@type":"ListItem","position":2,"name":"Shop","item":"https:\/\/vapingnet.de\/vape\/"},{"@type":"ListItem","position":3,"name":"Bang King 25000 Puffs Triple Berry Ice Top Geschmack Keine Zollgeb\u00fchren"}]},{"@type":"WebSite","@id":"https:\/\/vapingnet.de\/#website","url":"https:\/\/vapingnet.de\/","name":"Vapingnet.de","description":"","publisher":{"@id":"https:\/\/vapingnet.de\/#organization"},"potentialAction":[{"@type":"SearchAction","target":{"@type":"EntryPoint","urlTemplate":"https:\/\/vapingnet.de\/?s={search_term_string}"},"query-input":{"@type":"PropertyValueSpecification","valueRequired":true,"valueName":"search_term_string"}}],"inLanguage":"pl-PL"},{"@type":"Organization","@id":"https:\/\/vapingnet.de\/#organization","name":"Vapingnet.de","url":"https:\/\/vapingnet.de\/","logo":{"@type":"ImageObject","inLanguage":"pl-PL","@id":"https:\/\/vapingnet.de\/#\/schema\/logo\/image\/","url":"https:\/\/vapingnet.de\/wp-content\/uploads\/2025\/03\/cropped-vapingnet.de_.jpg","contentUrl":"https:\/\/vapingnet.de\/wp-content\/uploads\/2025\/03\/cropped-vapingnet.de_.jpg","width":512,"height":512,"caption":"Vapingnet.de"},"image":{"@id":"https:\/\/vapingnet.de\/#\/schema\/logo\/image\/"},"sameAs":["https:\/\/www.facebook.com\/vapingnetde\/"]}]}},"tiered_pricing_type":"fixed","tiered_pricing_fixed_rules":{"10":"8.07","60":"7.26","110":"6.46","200":"5.65"},"tiered_pricing_product_settings":{"layout":"default","base_unit_name":{"singular":null,"plural":null},"default_variation":null},"tiered_pricing_minimum_quantity":null,"tiered_pricing_roles_data":[],"tiered_pricing_percentage_rules":[],"_links":{"self":[{"href":"https:\/\/vapingnet.de\/pl\/wp-json\/wp\/v2\/product\/6150","targetHints":{"allow":["GET"]}}],"collection":[{"href":"https:\/\/vapingnet.de\/pl\/wp-json\/wp\/v2\/product"}],"about":[{"href":"https:\/\/vapingnet.de\/pl\/wp-json\/wp\/v2\/types\/product"}],"version-history":[{"count":4,"href":"https:\/\/vapingnet.de\/pl\/wp-json\/wp\/v2\/product\/6150\/revisions"}],"predecessor-version":[{"id":6166,"href":"https:\/\/vapingnet.de\/pl\/wp-json\/wp\/v2\/product\/6150\/revisions\/6166"}],"wp:featuredmedia":[{"embeddable":true,"href":"https:\/\/vapingnet.de\/pl\/wp-json\/wp\/v2\/media\/6137"}],"wp:attachment":[{"href":"https:\/\/vapingnet.de\/pl\/wp-json\/wp\/v2\/media?parent=6150"}],"wp:term":[{"taxonomy":"brand","embeddable":true,"href":"https:\/\/vapingnet.de\/pl\/wp-json\/wp\/v2\/etheme_brands?post=6150"},{"taxonomy":"product_brand","embeddable":true,"href":"https:\/\/vapingnet.de\/pl\/wp-json\/wp\/v2\/product_brand?post=6150"},{"taxonomy":"product_cat","embeddable":true,"href":"https:\/\/vapingnet.de\/pl\/wp-json\/wp\/v2\/product_cat?post=6150"},{"taxonomy":"product_tag","embeddable":true,"href":"https:\/\/vapingnet.de\/pl\/wp-json\/wp\/v2\/product_tag?post=6150"}],"curies":[{"name":"wp","href":"https:\/\/api.w.org\/{rel}","templated":true}]}}