{"id":6224,"date":"2025-04-11T02:32:53","date_gmt":"2025-04-11T02:32:53","guid":{"rendered":"https:\/\/vapingnet.de\/?post_type=product&#038;p=6224"},"modified":"2025-12-30T08:41:52","modified_gmt":"2025-12-30T08:41:52","slug":"bang-tn-12000-puffs-in-der-koestlichen-sorte-strawberry-mango-top-qualitaet","status":"publish","type":"product","link":"https:\/\/vapingnet.de\/pl\/vape\/bang-tn-12000-puffs-in-der-koestlichen-sorte-strawberry-mango-top-qualitaet\/","title":{"rendered":"Bang Tn 12000 Puffs w pysznej odmianie Strawberry Mango Najwy\u017csza jako\u015b\u0107"},"content":{"rendered":"<h2 data-start=\"0\" data-end=\"84\" data-immersive-translate-walked=\"74d8ec64-4577-4774-9884-c22d87bece56\">Bang TN 12000 Puffs \u2013 Ostateczny jednorazowy vape dla d\u0142ugotrwa\u0142ej przyjemno\u015bci z chmurami<\/h2>\n<p class=\"\" data-start=\"86\" data-end=\"547\" data-immersive-translate-paragraph=\"1\" data-immersive-translate-walked=\"74d8ec64-4577-4774-9884-c22d87bece56\">Bang TN 12000 Puffs to doskona\u0142y wyb\u00f3r dla wszystkich palaczy, kt\u00f3rzy szukaj\u0105 mocnego i trwa\u0142ego jednorazowego vapa. Z pojemno\u015bci\u0105 do 12 000 zaci\u0105gni\u0119\u0107 oferuje niezr\u00f3wnane do\u015bwiadczenie w chmurzeniu, kt\u00f3re jest nie tylko d\u0142ugotrwa\u0142e, ale tak\u017ce bardzo intensywne. W tym artykule przyjrzymy si\u0119 szczeg\u00f3\u0142owo wyr\u00f3\u017cniaj\u0105cym cechom tego produktu i dlaczego sta\u0142 si\u0119 ulubie\u0144cem w\u015br\u00f3d palaczy.<\/p>\n<ul>\n<li data-start=\"549\" data-end=\"589\" data-immersive-translate-walked=\"74d8ec64-4577-4774-9884-c22d87bece56\">Trwa\u0142o\u015b\u0107 i du\u017ca pojemno\u015b\u0107<br \/>\nBang TN 12000 Puffs wyr\u00f3\u017cnia si\u0119 dzi\u0119ki swojej du\u017cej pojemno\u015bci w por\u00f3wnaniu do innych jednorazowych vape\u2019\u00f3w. Z 20 ml p\u0142ynu mo\u017cesz cieszy\u0107 si\u0119 do 12 000 zaci\u0105gni\u0119\u0107, co czyni go jednym z najbardziej wytrzyma\u0142ych na rynku. Oznacza to, \u017ce nie musisz si\u0119 martwi\u0107 o ci\u0105g\u0142e uzupe\u0142nianie lub szukanie nowego urz\u0105dzenia \u2013 mo\u017cesz po prostu korzysta\u0107, a\u017c urz\u0105dzenie si\u0119 wyczerpie.<\/li>\n<li data-start=\"1017\" data-end=\"1071\" data-immersive-translate-walked=\"74d8ec64-4577-4774-9884-c22d87bece56\">Wszechstronne poziomy nikotyny dla ka\u017cdego potrzebuj\u0105cego<br \/>\nKolejn\u0105 zalet\u0105 Bang TN 12000 Puffs jest wyb\u00f3r poziom\u00f3w nikotyny. Mo\u017cesz wybra\u0107 spo\u015br\u00f3d 0%, 2%, 3% i 5% nikotyny. Czyni to ten vape idealnym dla r\u00f3\u017cnych potrzeb palaczy \u2013 czy to rezygnujesz z nikotyny, czy preferujesz mocniejsz\u0105 dawk\u0119. Ta elastyczno\u015b\u0107 zapewnia, \u017ce znajdziesz odpowiedni dla siebie poziom nikotyny.<\/li>\n<li data-start=\"1470\" data-end=\"1518\" data-immersive-translate-walked=\"74d8ec64-4577-4774-9884-c22d87bece56\">Kompaktowy design i \u0142atwa obs\u0142uga<br \/>\nPomimo du\u017cej pojemno\u015bci i mocnej wydajno\u015bci, Bang TN 12000 Puffs pozostaje przyjemnie kompaktowy i lekki. Urz\u0105dzenie zosta\u0142o zaprojektowane tak, aby by\u0142o \u0142atwe w transporcie i idealne do codziennego u\u017cytku. Wytrzyma\u0142e materia\u0142y PC zapewniaj\u0105, \u017ce urz\u0105dzenie jest odporne i d\u0142ugo b\u0119dzie s\u0142u\u017cy\u0107. Kolejnym atutem jest port Type-C, kt\u00f3ry umo\u017cliwia szybkie i skuteczne \u0142adowanie. Dzi\u0119ki temu mo\u017cesz mie\u0107 pewno\u015b\u0107, \u017ce Tw\u00f3j vape zawsze b\u0119dzie gotowy do u\u017cycia.<\/li>\n<li data-start=\"2048\" data-end=\"2095\" data-immersive-translate-walked=\"74d8ec64-4577-4774-9884-c22d87bece56\">Intensywny smak \u2013 Strawberry Mango<br \/>\nBang TN 12000 Puffs oferuje owocowe doznania smakowe z aromatem Strawberry Mango. Ta kombinacja s\u0142odkich truskawek i tropikalnej mango jest idealna dla tych, kt\u00f3rzy preferuj\u0105 owocowe i egzotyczne smaki. Smak pozostaje intensywny i przyjemny a\u017c do ostatniego zaci\u0105gni\u0119cia, co czyni ten vape prawdziw\u0105 przyjemno\u015bci\u0105.<\/li>\n<li data-start=\"2439\" data-end=\"2493\" data-immersive-translate-walked=\"74d8ec64-4577-4774-9884-c22d87bece56\">Bezpodatkowa dostawa i szybka wysy\u0142ka<br \/>\nDu\u017c\u0105 zalet\u0105 zakupu Bang TN 12000 Puffs na vapingnet.de jest bezpodatkowa dostawa. Dzi\u0119ki temu oszcz\u0119dzasz nie tylko pieni\u0105dze, ale tak\u017ce otrzymujesz wysokiej jako\u015bci produkt w uczciwej cenie. Dodatkowo wysy\u0142ka jest szybka \u2013 w ci\u0105gu 7-15 dni roboczych mo\u017cesz cieszy\u0107 si\u0119 swoim vape\u2019em.<\/li>\n<\/ul>\n<h3>Dlaczego Bang TN 12000 Puffs jest idealnym jednorazowym vape\u2019em dla Ciebie<\/h3>\n<p class=\"\" data-start=\"2829\" data-end=\"3271\" data-immersive-translate-walked=\"74d8ec64-4577-4774-9884-c22d87bece56\">Bang TN 12000 Puffs to idealny jednorazowy vape dla wszystkich, kt\u00f3rzy szukaj\u0105 mocnego, trwa\u0142ego i \u0142atwego w obs\u0142udze urz\u0105dzenia. Z du\u017c\u0105 pojemno\u015bci\u0105, wyborem poziom\u00f3w nikotyny i intensywnym smakiem Strawberry Mango, ten vape zapewnia kompleksowe i satysfakcjonuj\u0105ce do\u015bwiadczenie w chmurzeniu. Zam\u00f3w ju\u017c dzi\u015b na vapingnet.de i skorzystaj z szybkiej i bezpodatkowej dostawy.<\/p>","protected":false},"excerpt":{"rendered":"<p>Bang TN 12000 Puffs \u2013 Der ultimative Einweg-Vape f\u00fcr langanhaltenden Dampfgenuss Der Bang TN 12000 Puffs ist eine hervorragende Wahl f\u00fcr alle Dampfer, die nach&#8230;<\/p>","protected":false},"featured_media":6229,"template":"","meta":[],"etheme_brands":[],"product_brand":[101],"product_cat":[88,49,61],"product_tag":[],"class_list":{"0":"post-6224","1":"product","2":"type-product","3":"status-publish","4":"has-post-thumbnail","6":"product_brand-bang-king-vape","7":"product_cat-12k-vape","8":"product_cat-einweg-e-zigarette","9":"product_cat-f","11":"first","12":"instock","13":"shipping-taxable","14":"purchasable","15":"product-type-simple"},"yoast_head":"<!-- This site is optimized with the Yoast SEO plugin v26.5 - https:\/\/yoast.com\/wordpress\/plugins\/seo\/ -->\n<title>Bang Tn 12000 Puffs in der k\u00f6stlichen Sorte Strawberry Mango Top Qualit\u00e4t | Vapingnet.de<\/title>\n<meta name=\"description\" content=\"Entdecke Bang Tn 12000 Puffs in der k\u00f6stlichen Sorte Strawberry Mango Top Qualit\u00e4t bei vapingnet.de, \u25ba Gro\u00dfe Auswahl an Geschmacksrichtungen &amp; super g\u00fcnstig!\" \/>\n<meta name=\"robots\" content=\"index, follow, max-snippet:-1, max-image-preview:large, max-video-preview:-1\" \/>\n<link rel=\"canonical\" href=\"https:\/\/vapingnet.de\/pl\/vape\/bang-tn-12000-puffs-in-der-koestlichen-sorte-strawberry-mango-top-qualitaet\/\" \/>\n<meta property=\"og:locale\" content=\"pl_PL\" \/>\n<meta property=\"og:type\" content=\"article\" \/>\n<meta property=\"og:title\" content=\"Bang Tn 12000 Puffs in der k\u00f6stlichen Sorte Strawberry Mango Top Qualit\u00e4t | Vapingnet.de\" \/>\n<meta property=\"og:description\" content=\"Entdecke Bang Tn 12000 Puffs in der k\u00f6stlichen Sorte Strawberry Mango Top Qualit\u00e4t bei vapingnet.de, \u25ba Gro\u00dfe Auswahl an Geschmacksrichtungen &amp; super g\u00fcnstig!\" \/>\n<meta property=\"og:url\" content=\"https:\/\/vapingnet.de\/pl\/vape\/bang-tn-12000-puffs-in-der-koestlichen-sorte-strawberry-mango-top-qualitaet\/\" \/>\n<meta property=\"og:site_name\" content=\"Vapingnet.de\" \/>\n<meta property=\"article:publisher\" content=\"https:\/\/www.facebook.com\/vapingnetde\/\" \/>\n<meta property=\"article:modified_time\" content=\"2025-12-30T08:41:52+00:00\" \/>\n<meta property=\"og:image\" content=\"https:\/\/vapingnet.de\/wp-content\/uploads\/2025\/04\/Strawberry-Mango.png\" \/>\n\t<meta property=\"og:image:width\" content=\"1000\" \/>\n\t<meta property=\"og:image:height\" content=\"1000\" \/>\n\t<meta property=\"og:image:type\" content=\"image\/png\" \/>\n<meta name=\"twitter:card\" content=\"summary_large_image\" \/>\n<meta name=\"twitter:label1\" content=\"Est. reading time\" \/>\n\t<meta name=\"twitter:data1\" content=\"3 minutes\" \/>\n<script type=\"application\/ld+json\" class=\"yoast-schema-graph\">{\"@context\":\"https:\/\/schema.org\",\"@graph\":[{\"@type\":\"WebPage\",\"@id\":\"https:\/\/vapingnet.de\/vape\/bang-tn-12000-puffs-in-der-koestlichen-sorte-strawberry-mango-top-qualitaet\/\",\"url\":\"https:\/\/vapingnet.de\/vape\/bang-tn-12000-puffs-in-der-koestlichen-sorte-strawberry-mango-top-qualitaet\/\",\"name\":\"Bang Tn 12000 Puffs in der k\u00f6stlichen Sorte Strawberry Mango Top Qualit\u00e4t | Vapingnet.de\",\"isPartOf\":{\"@id\":\"https:\/\/vapingnet.de\/#website\"},\"primaryImageOfPage\":{\"@id\":\"https:\/\/vapingnet.de\/vape\/bang-tn-12000-puffs-in-der-koestlichen-sorte-strawberry-mango-top-qualitaet\/#primaryimage\"},\"image\":{\"@id\":\"https:\/\/vapingnet.de\/vape\/bang-tn-12000-puffs-in-der-koestlichen-sorte-strawberry-mango-top-qualitaet\/#primaryimage\"},\"thumbnailUrl\":\"https:\/\/vapingnet.de\/wp-content\/uploads\/2025\/04\/Strawberry-Mango.png\",\"datePublished\":\"2025-04-11T02:32:53+00:00\",\"dateModified\":\"2025-12-30T08:41:52+00:00\",\"description\":\"Entdecke Bang Tn 12000 Puffs in der k\u00f6stlichen Sorte Strawberry Mango Top Qualit\u00e4t bei vapingnet.de, \u25ba Gro\u00dfe Auswahl an Geschmacksrichtungen & super g\u00fcnstig!\",\"breadcrumb\":{\"@id\":\"https:\/\/vapingnet.de\/vape\/bang-tn-12000-puffs-in-der-koestlichen-sorte-strawberry-mango-top-qualitaet\/#breadcrumb\"},\"inLanguage\":\"pl-PL\",\"potentialAction\":[{\"@type\":\"ReadAction\",\"target\":[\"https:\/\/vapingnet.de\/vape\/bang-tn-12000-puffs-in-der-koestlichen-sorte-strawberry-mango-top-qualitaet\/\"]}]},{\"@type\":\"ImageObject\",\"inLanguage\":\"pl-PL\",\"@id\":\"https:\/\/vapingnet.de\/vape\/bang-tn-12000-puffs-in-der-koestlichen-sorte-strawberry-mango-top-qualitaet\/#primaryimage\",\"url\":\"https:\/\/vapingnet.de\/wp-content\/uploads\/2025\/04\/Strawberry-Mango.png\",\"contentUrl\":\"https:\/\/vapingnet.de\/wp-content\/uploads\/2025\/04\/Strawberry-Mango.png\",\"width\":1000,\"height\":1000},{\"@type\":\"BreadcrumbList\",\"@id\":\"https:\/\/vapingnet.de\/vape\/bang-tn-12000-puffs-in-der-koestlichen-sorte-strawberry-mango-top-qualitaet\/#breadcrumb\",\"itemListElement\":[{\"@type\":\"ListItem\",\"position\":1,\"name\":\"Home\",\"item\":\"https:\/\/vapingnet.de\/\"},{\"@type\":\"ListItem\",\"position\":2,\"name\":\"Shop\",\"item\":\"https:\/\/vapingnet.de\/vape\/\"},{\"@type\":\"ListItem\",\"position\":3,\"name\":\"Bang Tn 12000 Puffs in der k\u00f6stlichen Sorte Strawberry Mango Top Qualit\u00e4t\"}]},{\"@type\":\"WebSite\",\"@id\":\"https:\/\/vapingnet.de\/#website\",\"url\":\"https:\/\/vapingnet.de\/\",\"name\":\"Vapingnet.de\",\"description\":\"\",\"publisher\":{\"@id\":\"https:\/\/vapingnet.de\/#organization\"},\"potentialAction\":[{\"@type\":\"SearchAction\",\"target\":{\"@type\":\"EntryPoint\",\"urlTemplate\":\"https:\/\/vapingnet.de\/?s={search_term_string}\"},\"query-input\":{\"@type\":\"PropertyValueSpecification\",\"valueRequired\":true,\"valueName\":\"search_term_string\"}}],\"inLanguage\":\"pl-PL\"},{\"@type\":\"Organization\",\"@id\":\"https:\/\/vapingnet.de\/#organization\",\"name\":\"Vapingnet.de\",\"url\":\"https:\/\/vapingnet.de\/\",\"logo\":{\"@type\":\"ImageObject\",\"inLanguage\":\"pl-PL\",\"@id\":\"https:\/\/vapingnet.de\/#\/schema\/logo\/image\/\",\"url\":\"https:\/\/vapingnet.de\/wp-content\/uploads\/2025\/03\/cropped-vapingnet.de_.jpg\",\"contentUrl\":\"https:\/\/vapingnet.de\/wp-content\/uploads\/2025\/03\/cropped-vapingnet.de_.jpg\",\"width\":512,\"height\":512,\"caption\":\"Vapingnet.de\"},\"image\":{\"@id\":\"https:\/\/vapingnet.de\/#\/schema\/logo\/image\/\"},\"sameAs\":[\"https:\/\/www.facebook.com\/vapingnetde\/\"]}]}<\/script>\n<!-- \/ Yoast SEO plugin. -->","yoast_head_json":{"title":"Bang Tn 12000 Puffs in der k\u00f6stlichen Sorte Strawberry Mango Top Qualit\u00e4t | Vapingnet.de","description":"Entdecke Bang Tn 12000 Puffs in der k\u00f6stlichen Sorte Strawberry Mango Top Qualit\u00e4t bei vapingnet.de, \u25ba Gro\u00dfe Auswahl an Geschmacksrichtungen & super g\u00fcnstig!","robots":{"index":"index","follow":"follow","max-snippet":"max-snippet:-1","max-image-preview":"max-image-preview:large","max-video-preview":"max-video-preview:-1"},"canonical":"https:\/\/vapingnet.de\/pl\/vape\/bang-tn-12000-puffs-in-der-koestlichen-sorte-strawberry-mango-top-qualitaet\/","og_locale":"pl_PL","og_type":"article","og_title":"Bang Tn 12000 Puffs in der k\u00f6stlichen Sorte Strawberry Mango Top Qualit\u00e4t | Vapingnet.de","og_description":"Entdecke Bang Tn 12000 Puffs in der k\u00f6stlichen Sorte Strawberry Mango Top Qualit\u00e4t bei vapingnet.de, \u25ba Gro\u00dfe Auswahl an Geschmacksrichtungen & super g\u00fcnstig!","og_url":"https:\/\/vapingnet.de\/pl\/vape\/bang-tn-12000-puffs-in-der-koestlichen-sorte-strawberry-mango-top-qualitaet\/","og_site_name":"Vapingnet.de","article_publisher":"https:\/\/www.facebook.com\/vapingnetde\/","article_modified_time":"2025-12-30T08:41:52+00:00","og_image":[{"width":1000,"height":1000,"url":"https:\/\/vapingnet.de\/wp-content\/uploads\/2025\/04\/Strawberry-Mango.png","type":"image\/png"}],"twitter_card":"summary_large_image","twitter_misc":{"Est. reading time":"3 minutes"},"schema":{"@context":"https:\/\/schema.org","@graph":[{"@type":"WebPage","@id":"https:\/\/vapingnet.de\/vape\/bang-tn-12000-puffs-in-der-koestlichen-sorte-strawberry-mango-top-qualitaet\/","url":"https:\/\/vapingnet.de\/vape\/bang-tn-12000-puffs-in-der-koestlichen-sorte-strawberry-mango-top-qualitaet\/","name":"Bang Tn 12000 Puffs in der k\u00f6stlichen Sorte Strawberry Mango Top Qualit\u00e4t | Vapingnet.de","isPartOf":{"@id":"https:\/\/vapingnet.de\/#website"},"primaryImageOfPage":{"@id":"https:\/\/vapingnet.de\/vape\/bang-tn-12000-puffs-in-der-koestlichen-sorte-strawberry-mango-top-qualitaet\/#primaryimage"},"image":{"@id":"https:\/\/vapingnet.de\/vape\/bang-tn-12000-puffs-in-der-koestlichen-sorte-strawberry-mango-top-qualitaet\/#primaryimage"},"thumbnailUrl":"https:\/\/vapingnet.de\/wp-content\/uploads\/2025\/04\/Strawberry-Mango.png","datePublished":"2025-04-11T02:32:53+00:00","dateModified":"2025-12-30T08:41:52+00:00","description":"Entdecke Bang Tn 12000 Puffs in der k\u00f6stlichen Sorte Strawberry Mango Top Qualit\u00e4t bei vapingnet.de, \u25ba Gro\u00dfe Auswahl an Geschmacksrichtungen & super g\u00fcnstig!","breadcrumb":{"@id":"https:\/\/vapingnet.de\/vape\/bang-tn-12000-puffs-in-der-koestlichen-sorte-strawberry-mango-top-qualitaet\/#breadcrumb"},"inLanguage":"pl-PL","potentialAction":[{"@type":"ReadAction","target":["https:\/\/vapingnet.de\/vape\/bang-tn-12000-puffs-in-der-koestlichen-sorte-strawberry-mango-top-qualitaet\/"]}]},{"@type":"ImageObject","inLanguage":"pl-PL","@id":"https:\/\/vapingnet.de\/vape\/bang-tn-12000-puffs-in-der-koestlichen-sorte-strawberry-mango-top-qualitaet\/#primaryimage","url":"https:\/\/vapingnet.de\/wp-content\/uploads\/2025\/04\/Strawberry-Mango.png","contentUrl":"https:\/\/vapingnet.de\/wp-content\/uploads\/2025\/04\/Strawberry-Mango.png","width":1000,"height":1000},{"@type":"BreadcrumbList","@id":"https:\/\/vapingnet.de\/vape\/bang-tn-12000-puffs-in-der-koestlichen-sorte-strawberry-mango-top-qualitaet\/#breadcrumb","itemListElement":[{"@type":"ListItem","position":1,"name":"Home","item":"https:\/\/vapingnet.de\/"},{"@type":"ListItem","position":2,"name":"Shop","item":"https:\/\/vapingnet.de\/vape\/"},{"@type":"ListItem","position":3,"name":"Bang Tn 12000 Puffs in der k\u00f6stlichen Sorte Strawberry Mango Top Qualit\u00e4t"}]},{"@type":"WebSite","@id":"https:\/\/vapingnet.de\/#website","url":"https:\/\/vapingnet.de\/","name":"Vapingnet.de","description":"","publisher":{"@id":"https:\/\/vapingnet.de\/#organization"},"potentialAction":[{"@type":"SearchAction","target":{"@type":"EntryPoint","urlTemplate":"https:\/\/vapingnet.de\/?s={search_term_string}"},"query-input":{"@type":"PropertyValueSpecification","valueRequired":true,"valueName":"search_term_string"}}],"inLanguage":"pl-PL"},{"@type":"Organization","@id":"https:\/\/vapingnet.de\/#organization","name":"Vapingnet.de","url":"https:\/\/vapingnet.de\/","logo":{"@type":"ImageObject","inLanguage":"pl-PL","@id":"https:\/\/vapingnet.de\/#\/schema\/logo\/image\/","url":"https:\/\/vapingnet.de\/wp-content\/uploads\/2025\/03\/cropped-vapingnet.de_.jpg","contentUrl":"https:\/\/vapingnet.de\/wp-content\/uploads\/2025\/03\/cropped-vapingnet.de_.jpg","width":512,"height":512,"caption":"Vapingnet.de"},"image":{"@id":"https:\/\/vapingnet.de\/#\/schema\/logo\/image\/"},"sameAs":["https:\/\/www.facebook.com\/vapingnetde\/"]}]}},"tiered_pricing_type":"fixed","tiered_pricing_fixed_rules":{"10":"7.31","60":"6.58","110":"5.85","200":"5.12"},"tiered_pricing_product_settings":{"layout":"default","base_unit_name":{"singular":null,"plural":null},"default_variation":null},"tiered_pricing_minimum_quantity":null,"tiered_pricing_roles_data":[],"tiered_pricing_percentage_rules":[],"_links":{"self":[{"href":"https:\/\/vapingnet.de\/pl\/wp-json\/wp\/v2\/product\/6224","targetHints":{"allow":["GET"]}}],"collection":[{"href":"https:\/\/vapingnet.de\/pl\/wp-json\/wp\/v2\/product"}],"about":[{"href":"https:\/\/vapingnet.de\/pl\/wp-json\/wp\/v2\/types\/product"}],"version-history":[{"count":2,"href":"https:\/\/vapingnet.de\/pl\/wp-json\/wp\/v2\/product\/6224\/revisions"}],"predecessor-version":[{"id":7424,"href":"https:\/\/vapingnet.de\/pl\/wp-json\/wp\/v2\/product\/6224\/revisions\/7424"}],"wp:featuredmedia":[{"embeddable":true,"href":"https:\/\/vapingnet.de\/pl\/wp-json\/wp\/v2\/media\/6229"}],"wp:attachment":[{"href":"https:\/\/vapingnet.de\/pl\/wp-json\/wp\/v2\/media?parent=6224"}],"wp:term":[{"taxonomy":"brand","embeddable":true,"href":"https:\/\/vapingnet.de\/pl\/wp-json\/wp\/v2\/etheme_brands?post=6224"},{"taxonomy":"product_brand","embeddable":true,"href":"https:\/\/vapingnet.de\/pl\/wp-json\/wp\/v2\/product_brand?post=6224"},{"taxonomy":"product_cat","embeddable":true,"href":"https:\/\/vapingnet.de\/pl\/wp-json\/wp\/v2\/product_cat?post=6224"},{"taxonomy":"product_tag","embeddable":true,"href":"https:\/\/vapingnet.de\/pl\/wp-json\/wp\/v2\/product_tag?post=6224"}],"curies":[{"name":"wp","href":"https:\/\/api.w.org\/{rel}","templated":true}]}}